{"id":9232,"date":"2020-01-23T09:57:38","date_gmt":"2020-01-23T08:57:38","guid":{"rendered":"https:\/\/nature-et-developpement.com\/logisain78\/produit\/filtre-hydropure-cidt-sous-evier-eco-cartouche-am-6000-l\/"},"modified":"2026-04-13T20:00:08","modified_gmt":"2026-04-13T18:00:08","slug":"filtre-sous-evier-eco-hydropure","status":"publish","type":"product","link":"https:\/\/nature-et-developpement.com\/logisain-78\/produit\/filtre-sous-evier-eco-hydropure\/","title":{"rendered":"Filtre sous-\u00e9vier ECO HYDROPURE"},"content":{"rendered":"<h2><strong>Syst\u00e8me de Filtration sous \u00c9vier HYDROPURE ECO<\/strong><\/h2>\n<p>Ce dispositif de <strong>filtration<\/strong> sous-\u00e9vier HYDROPURE ECO offre des performances de filtration rarement atteinte, certifi\u00e9es par T\u00dcV.<\/p>\n<p>De l&rsquo;<strong>eau du robinet pure<\/strong> au quotidien, filtr\u00e9e des polluants, des organismes ind\u00e9sirables et autres s\u00e9diments.<\/p>\n<p>Et tout cela cach\u00e9 sous l&rsquo;\u00e9vier, l&rsquo;installation du <strong>filtre sous-\u00e9vier<\/strong> est simple, avec une robinetterie ind\u00e9pendante.<\/p>\n<p>Gr\u00e2ce \u00e0 ce syst\u00e8me, b\u00e9n\u00e9ficiez d&rsquo;une <strong>qualit\u00e9 de filtration<\/strong> exceptionnelle \u00e0 un co\u00fbt minime par litre ! L&rsquo;eau, contrainte de traverser une microstructure dense, ne peut plus contourner le <strong>charbon actif<\/strong>. Cela conf\u00e8re \u00e0 ce filtre une efficacit\u00e9 4 \u00e0 5 fois sup\u00e9rieure \u00e0 celle du charbon actif granul\u00e9.<\/p>\n<h4>Ce syst\u00e8me \u00e9limine :<\/h4>\n<ul>\n<li>M\u00e9taux lourds (plomb, cuivre&#8230;)<\/li>\n<li>Pesticides<\/li>\n<li>R\u00e9sidus de m\u00e9dicaments<\/li>\n<li>Bact\u00e9ries<\/li>\n<\/ul>\n<h3>Consommables :<\/h3>\n<p><img loading=\"lazy\" decoding=\"async\" class=\"alignnone wp-image-174641 size-full\" src=\"https:\/\/nature-et-developpement.com\/wp-content\/uploads\/consommables-RTECA-768x376-1.png\" alt=\"\" width=\"768\" height=\"376\" \/><\/p>\n<p>Les cartouches HYDROPURE\u00ae XM se d\u00e9marquent par leur qualit\u00e9 exceptionnelle de <strong>filtration<\/strong>, couvrant le <strong>plomb<\/strong>, le <strong>cuivre<\/strong>, d&rsquo;autres m\u00e9taux lourds, les <strong>pesticides<\/strong>, les <strong>insecticides<\/strong>, les <strong>herbicides<\/strong>, les <strong>substances organo-chlor\u00e9es<\/strong>, les <strong>r\u00e9sidus de m\u00e9dicaments<\/strong> et les <strong>bact\u00e9ries<\/strong>.<\/p>\n<p>Hydropure propose \u00e9galement la cartouche HYDROPURE\u00ae XM +5% EMX (<strong>C\u00e9ramique Active<\/strong>). Elle offre le m\u00eame pouvoir de filtration, avec en plus de la c\u00e9ramique EM qui am\u00e9liore divers aspects, rendant l&rsquo;eau plus l\u00e9g\u00e8re et agr\u00e9able en bouche.<\/p>\n<h4>Remarque importante :<\/h4>\n<p>La cartouche doit \u00eatre <strong>remplac\u00e9e tous les 6 mois<\/strong> (conform\u00e9ment aux normes DIN 1988). En principe, une filtration de 10 000 litres est possible pendant cette p\u00e9riode. Cependant, un remplacement anticip\u00e9 peut \u00eatre n\u00e9cessaire si le d\u00e9bit d&rsquo;eau diminue sensiblement, non pas en raison d&rsquo;un d\u00e9faut de fabrication, mais en raison de la pr\u00e9sence de fines particules en suspension dans l&rsquo;eau \u00e0 filtrer. Ce filtre n&rsquo;est pas con\u00e7u pour l&rsquo;eau chaude. Utilisez uniquement de l&rsquo;eau froide.<\/p>\n<h4>Proc\u00e9dure de remplacement de la cartouche :<\/h4>\n<p>Nettoyez soigneusement l&rsquo;int\u00e9rieur du r\u00e9cipient de la cartouche avec un produit non chlor\u00e9. \u00c9vitez de toucher la nouvelle cartouche avec les doigts. Lors de la premi\u00e8re utilisation, laissez couler 5 \u00e0 10 litres d&rsquo;eau \u00e0 travers le filtre jusqu&rsquo;\u00e0 ce qu&rsquo;elle soit claire. Cela permet d&rsquo;\u00e9liminer les traces de poussi\u00e8re de charbon actif de noix de coco.<\/p>\n<h3>Filtration.<\/h3>\n<p><img loading=\"lazy\" decoding=\"async\" class=\"alignnone wp-image-174642 size-full\" src=\"https:\/\/nature-et-developpement.com\/wp-content\/uploads\/Tableau-Filtration-GrandeCartouche-738x800-1.jpg\" alt=\"\" width=\"738\" height=\"800\" \/><\/p>\n<h3>Pourquoi choisir Hydropure ?<\/h3>\n<p>Fond\u00e9e il y a plus de 20 ans et dirig\u00e9e par un ing\u00e9nieur en G\u00e9nie Chimique, la soci\u00e9t\u00e9 CIDT s&rsquo;est engag\u00e9e dans la recherche et le d\u00e9veloppement de solutions efficaces et \u00e9conomiques pour la filtration de l&rsquo;eau.<\/p>\n<p>Les premi\u00e8res activit\u00e9s de l&rsquo;entreprise \u00e9taient ax\u00e9es sur la conception de syst\u00e8mes de traitement de l&rsquo;eau par osmose inverse pour les particuliers et diverses industries.<\/p>\n<p>En 1994, pour r\u00e9pondre \u00e0 une demande croissante de filtration plus \u00e9conomique, la Cartouche Universelle rechargeable a \u00e9t\u00e9 lanc\u00e9e, adaptable \u00e0 tous les types de filtre-pichets, ainsi que les Recharges Universelles.<\/p>\n<p>Depuis lors, les recherches ont port\u00e9 sur les techniques les plus efficaces pour r\u00e9soudre les probl\u00e8mes li\u00e9s au plomb, aux r\u00e9sidus de m\u00e9dicaments, aux organo-chlor\u00e9s, aux pesticides et aux bact\u00e9ries dans l&rsquo;eau potable. La gamme des filtres \u00e0 eau HYDROPURE\u00ae Microfiltration en est le r\u00e9sultat final.<\/p>\n","protected":false},"excerpt":{"rendered":"<p>Ce dispositif de filtration sous-\u00e9vier HYDROPURE ECO offre des performances de filtration rarement atteinte, vous b\u00e9n\u00e9ficiez d&rsquo;une qualit\u00e9 de filtration exceptionnelle \u00e0 un co\u00fbt minime par litre.<\/p>\n","protected":false},"featured_media":1000000156059,"template":"","meta":[],"product_brand":[2829],"product_cat":[1771],"product_tag":[4306],"class_list":{"0":"post-9232","1":"product","2":"type-product","3":"status-publish","4":"has-post-thumbnail","6":"product_brand-cidt","7":"product_cat-eau","8":"product_tag-cidt","9":"product_shipping_class-petit-equipement-outil-eclairage","11":"first","12":"instock","13":"taxable","14":"shipping-taxable","15":"purchasable","16":"product-type-variable"},"yoast_head":"<!-- This site is optimized with the Yoast SEO plugin v27.5 - https:\/\/yoast.com\/product\/yoast-seo-wordpress\/ -->\n<title>Filtre sous-\u00e9vier ECO HYDROPURE<\/title>\n<meta name=\"description\" content=\"Ce dispositif de filtration sous-\u00e9vier HYDROPURE ECO offre des performances de filtration rarement atteinte, vous b\u00e9n\u00e9ficiez d&#039;une qualit\u00e9 de filtration exceptionnelle \u00e0 un co\u00fbt minime par litre.\" \/>\n<meta name=\"robots\" content=\"noindex, nofollow\" \/>\n<meta property=\"og:locale\" content=\"fr_FR\" \/>\n<meta property=\"og:type\" content=\"article\" \/>\n<meta property=\"og:title\" content=\"Filtre sous-\u00e9vier ECO HYDROPURE\" \/>\n<meta property=\"og:description\" content=\"Ce dispositif de filtration sous-\u00e9vier HYDROPURE ECO offre des performances de filtration rarement atteinte, vous b\u00e9n\u00e9ficiez d&#039;une qualit\u00e9 de filtration exceptionnelle \u00e0 un co\u00fbt minime par litre.\" \/>\n<meta property=\"og:url\" content=\"https:\/\/nature-et-developpement.com\/logisain-78\/produit\/filtre-sous-evier-eco-hydropure\/\" \/>\n<meta property=\"og:site_name\" content=\"LOGISAIN 78 \u2013 Magasin de mat\u00e9riaux biosourc\u00e9s\" \/>\n<meta property=\"article:modified_time\" content=\"2026-04-13T18:00:08+00:00\" \/>\n<meta name=\"twitter:card\" content=\"summary_large_image\" \/>\n<meta name=\"twitter:label1\" content=\"Dur\u00e9e de lecture estim\u00e9e\" \/>\n\t<meta name=\"twitter:data1\" content=\"1 minute\" \/>\n<script type=\"application\/ld+json\" class=\"yoast-schema-graph\">{\"@context\":\"https:\\\/\\\/schema.org\",\"@graph\":[{\"@type\":\"WebPage\",\"@id\":\"https:\\\/\\\/nature-et-developpement.com\\\/logisain-78\\\/produit\\\/filtre-sous-evier-eco-hydropure\\\/\",\"url\":\"https:\\\/\\\/nature-et-developpement.com\\\/logisain-78\\\/produit\\\/filtre-sous-evier-eco-hydropure\\\/\",\"name\":\"Filtre sous-\u00e9vier ECO HYDROPURE\",\"isPartOf\":{\"@id\":\"https:\\\/\\\/nature-et-developpement.com\\\/logisain-78\\\/#website\"},\"primaryImageOfPage\":{\"@id\":\"https:\\\/\\\/nature-et-developpement.com\\\/logisain-78\\\/produit\\\/filtre-sous-evier-eco-hydropure\\\/#primaryimage\"},\"image\":{\"@id\":\"https:\\\/\\\/nature-et-developpement.com\\\/logisain-78\\\/produit\\\/filtre-sous-evier-eco-hydropure\\\/#primaryimage\"},\"thumbnailUrl\":\"https:\\\/\\\/nature-et-developpement.com\\\/logisain-78\\\/wp-content\\\/uploads\\\/Filtre-sous-evier-HYDROPUR-ECO.jpg\",\"datePublished\":\"2020-01-23T08:57:38+00:00\",\"dateModified\":\"2026-04-13T18:00:08+00:00\",\"description\":\"Ce dispositif de filtration sous-\u00e9vier HYDROPURE ECO offre des performances de filtration rarement atteinte, vous b\u00e9n\u00e9ficiez d'une qualit\u00e9 de filtration exceptionnelle \u00e0 un co\u00fbt minime par litre.\",\"breadcrumb\":{\"@id\":\"https:\\\/\\\/nature-et-developpement.com\\\/logisain-78\\\/produit\\\/filtre-sous-evier-eco-hydropure\\\/#breadcrumb\"},\"inLanguage\":\"fr-FR\",\"potentialAction\":[{\"@type\":\"ReadAction\",\"target\":[\"https:\\\/\\\/nature-et-developpement.com\\\/logisain-78\\\/produit\\\/filtre-sous-evier-eco-hydropure\\\/\"]}]},{\"@type\":\"ImageObject\",\"inLanguage\":\"fr-FR\",\"@id\":\"https:\\\/\\\/nature-et-developpement.com\\\/logisain-78\\\/produit\\\/filtre-sous-evier-eco-hydropure\\\/#primaryimage\",\"url\":\"https:\\\/\\\/nature-et-developpement.com\\\/logisain-78\\\/wp-content\\\/uploads\\\/Filtre-sous-evier-HYDROPUR-ECO.jpg\",\"contentUrl\":\"https:\\\/\\\/nature-et-developpement.com\\\/logisain-78\\\/wp-content\\\/uploads\\\/Filtre-sous-evier-HYDROPUR-ECO.jpg\"},{\"@type\":\"BreadcrumbList\",\"@id\":\"https:\\\/\\\/nature-et-developpement.com\\\/logisain-78\\\/produit\\\/filtre-sous-evier-eco-hydropure\\\/#breadcrumb\",\"itemListElement\":[{\"@type\":\"ListItem\",\"position\":1,\"name\":\"Accueil\",\"item\":\"https:\\\/\\\/nature-et-developpement.com\\\/logisain-78\\\/\"},{\"@type\":\"ListItem\",\"position\":2,\"name\":\"Produits\",\"item\":\"https:\\\/\\\/nature-et-developpement.com\\\/logisain-78\\\/shop\\\/\"},{\"@type\":\"ListItem\",\"position\":3,\"name\":\"Chauffage, eau et \u00e9nergie\",\"item\":\"https:\\\/\\\/nature-et-developpement.com\\\/logisain-78\\\/produits\\\/energie-et-ventilation\\\/\"},{\"@type\":\"ListItem\",\"position\":4,\"name\":\"Eau, filtre \u00e0 eau, r\u00e9cup\u00e9rateur d'eau de pluie\",\"item\":\"https:\\\/\\\/nature-et-developpement.com\\\/logisain-78\\\/produits\\\/energie-et-ventilation\\\/eau\\\/\"},{\"@type\":\"ListItem\",\"position\":5,\"name\":\"Filtre sous-\u00e9vier ECO HYDROPURE\"}]},{\"@type\":\"WebSite\",\"@id\":\"https:\\\/\\\/nature-et-developpement.com\\\/logisain-78\\\/#website\",\"url\":\"https:\\\/\\\/nature-et-developpement.com\\\/logisain-78\\\/\",\"name\":\"LOGISAIN 78 \u2013 Magasin de mat\u00e9riaux biosourc\u00e9s\",\"description\":\"Logisain 78 est membre du groupement Nature &amp; D\u00e9veloppement\",\"publisher\":{\"@id\":\"https:\\\/\\\/nature-et-developpement.com\\\/logisain-78\\\/#organization\"},\"potentialAction\":[{\"@type\":\"SearchAction\",\"target\":{\"@type\":\"EntryPoint\",\"urlTemplate\":\"https:\\\/\\\/nature-et-developpement.com\\\/logisain-78\\\/?s={search_term_string}\"},\"query-input\":{\"@type\":\"PropertyValueSpecification\",\"valueRequired\":true,\"valueName\":\"search_term_string\"}}],\"inLanguage\":\"fr-FR\"},{\"@type\":\"Organization\",\"@id\":\"https:\\\/\\\/nature-et-developpement.com\\\/logisain-78\\\/#organization\",\"name\":\"Logisain 78\",\"url\":\"https:\\\/\\\/nature-et-developpement.com\\\/logisain-78\\\/\",\"logo\":{\"@type\":\"ImageObject\",\"inLanguage\":\"fr-FR\",\"@id\":\"https:\\\/\\\/nature-et-developpement.com\\\/logisain-78\\\/#\\\/schema\\\/logo\\\/image\\\/\",\"url\":\"https:\\\/\\\/nature-et-developpement.com\\\/logisain-78\\\/wp-content\\\/uploads\\\/sites\\\/5\\\/2021\\\/08\\\/logo-logisain.jpg\",\"contentUrl\":\"https:\\\/\\\/nature-et-developpement.com\\\/logisain-78\\\/wp-content\\\/uploads\\\/sites\\\/5\\\/2021\\\/08\\\/logo-logisain.jpg\",\"width\":672,\"height\":455,\"caption\":\"Logisain 78\"},\"image\":{\"@id\":\"https:\\\/\\\/nature-et-developpement.com\\\/logisain-78\\\/#\\\/schema\\\/logo\\\/image\\\/\"}}]}<\/script>\n<!-- \/ Yoast SEO plugin. -->","yoast_head_json":{"title":"Filtre sous-\u00e9vier ECO HYDROPURE","description":"Ce dispositif de filtration sous-\u00e9vier HYDROPURE ECO offre des performances de filtration rarement atteinte, vous b\u00e9n\u00e9ficiez d'une qualit\u00e9 de filtration exceptionnelle \u00e0 un co\u00fbt minime par litre.","robots":{"index":"noindex","follow":"nofollow"},"og_locale":"fr_FR","og_type":"article","og_title":"Filtre sous-\u00e9vier ECO HYDROPURE","og_description":"Ce dispositif de filtration sous-\u00e9vier HYDROPURE ECO offre des performances de filtration rarement atteinte, vous b\u00e9n\u00e9ficiez d'une qualit\u00e9 de filtration exceptionnelle \u00e0 un co\u00fbt minime par litre.","og_url":"https:\/\/nature-et-developpement.com\/logisain-78\/produit\/filtre-sous-evier-eco-hydropure\/","og_site_name":"LOGISAIN 78 \u2013 Magasin de mat\u00e9riaux biosourc\u00e9s","article_modified_time":"2026-04-13T18:00:08+00:00","twitter_card":"summary_large_image","twitter_misc":{"Dur\u00e9e de lecture estim\u00e9e":"1 minute"},"schema":{"@context":"https:\/\/schema.org","@graph":[{"@type":"WebPage","@id":"https:\/\/nature-et-developpement.com\/logisain-78\/produit\/filtre-sous-evier-eco-hydropure\/","url":"https:\/\/nature-et-developpement.com\/logisain-78\/produit\/filtre-sous-evier-eco-hydropure\/","name":"Filtre sous-\u00e9vier ECO HYDROPURE","isPartOf":{"@id":"https:\/\/nature-et-developpement.com\/logisain-78\/#website"},"primaryImageOfPage":{"@id":"https:\/\/nature-et-developpement.com\/logisain-78\/produit\/filtre-sous-evier-eco-hydropure\/#primaryimage"},"image":{"@id":"https:\/\/nature-et-developpement.com\/logisain-78\/produit\/filtre-sous-evier-eco-hydropure\/#primaryimage"},"thumbnailUrl":"https:\/\/nature-et-developpement.com\/logisain-78\/wp-content\/uploads\/Filtre-sous-evier-HYDROPUR-ECO.jpg","datePublished":"2020-01-23T08:57:38+00:00","dateModified":"2026-04-13T18:00:08+00:00","description":"Ce dispositif de filtration sous-\u00e9vier HYDROPURE ECO offre des performances de filtration rarement atteinte, vous b\u00e9n\u00e9ficiez d'une qualit\u00e9 de filtration exceptionnelle \u00e0 un co\u00fbt minime par litre.","breadcrumb":{"@id":"https:\/\/nature-et-developpement.com\/logisain-78\/produit\/filtre-sous-evier-eco-hydropure\/#breadcrumb"},"inLanguage":"fr-FR","potentialAction":[{"@type":"ReadAction","target":["https:\/\/nature-et-developpement.com\/logisain-78\/produit\/filtre-sous-evier-eco-hydropure\/"]}]},{"@type":"ImageObject","inLanguage":"fr-FR","@id":"https:\/\/nature-et-developpement.com\/logisain-78\/produit\/filtre-sous-evier-eco-hydropure\/#primaryimage","url":"https:\/\/nature-et-developpement.com\/logisain-78\/wp-content\/uploads\/Filtre-sous-evier-HYDROPUR-ECO.jpg","contentUrl":"https:\/\/nature-et-developpement.com\/logisain-78\/wp-content\/uploads\/Filtre-sous-evier-HYDROPUR-ECO.jpg"},{"@type":"BreadcrumbList","@id":"https:\/\/nature-et-developpement.com\/logisain-78\/produit\/filtre-sous-evier-eco-hydropure\/#breadcrumb","itemListElement":[{"@type":"ListItem","position":1,"name":"Accueil","item":"https:\/\/nature-et-developpement.com\/logisain-78\/"},{"@type":"ListItem","position":2,"name":"Produits","item":"https:\/\/nature-et-developpement.com\/logisain-78\/shop\/"},{"@type":"ListItem","position":3,"name":"Chauffage, eau et \u00e9nergie","item":"https:\/\/nature-et-developpement.com\/logisain-78\/produits\/energie-et-ventilation\/"},{"@type":"ListItem","position":4,"name":"Eau, filtre \u00e0 eau, r\u00e9cup\u00e9rateur d'eau de pluie","item":"https:\/\/nature-et-developpement.com\/logisain-78\/produits\/energie-et-ventilation\/eau\/"},{"@type":"ListItem","position":5,"name":"Filtre sous-\u00e9vier ECO HYDROPURE"}]},{"@type":"WebSite","@id":"https:\/\/nature-et-developpement.com\/logisain-78\/#website","url":"https:\/\/nature-et-developpement.com\/logisain-78\/","name":"LOGISAIN 78 \u2013 Magasin de mat\u00e9riaux biosourc\u00e9s","description":"Logisain 78 est membre du groupement Nature &amp; D\u00e9veloppement","publisher":{"@id":"https:\/\/nature-et-developpement.com\/logisain-78\/#organization"},"potentialAction":[{"@type":"SearchAction","target":{"@type":"EntryPoint","urlTemplate":"https:\/\/nature-et-developpement.com\/logisain-78\/?s={search_term_string}"},"query-input":{"@type":"PropertyValueSpecification","valueRequired":true,"valueName":"search_term_string"}}],"inLanguage":"fr-FR"},{"@type":"Organization","@id":"https:\/\/nature-et-developpement.com\/logisain-78\/#organization","name":"Logisain 78","url":"https:\/\/nature-et-developpement.com\/logisain-78\/","logo":{"@type":"ImageObject","inLanguage":"fr-FR","@id":"https:\/\/nature-et-developpement.com\/logisain-78\/#\/schema\/logo\/image\/","url":"https:\/\/nature-et-developpement.com\/logisain-78\/wp-content\/uploads\/sites\/5\/2021\/08\/logo-logisain.jpg","contentUrl":"https:\/\/nature-et-developpement.com\/logisain-78\/wp-content\/uploads\/sites\/5\/2021\/08\/logo-logisain.jpg","width":672,"height":455,"caption":"Logisain 78"},"image":{"@id":"https:\/\/nature-et-developpement.com\/logisain-78\/#\/schema\/logo\/image\/"}}]}},"distributor_meta":false,"distributor_terms":false,"distributor_media":false,"distributor_original_site_name":"LOGISAIN 78 \u2013 Magasin de mat\u00e9riaux biosourc\u00e9s","distributor_original_site_url":"https:\/\/nature-et-developpement.com\/logisain-78","push-errors":false,"_links":{"self":[{"href":"https:\/\/nature-et-developpement.com\/logisain-78\/wp-json\/wp\/v2\/product\/9232","targetHints":{"allow":["GET"]}}],"collection":[{"href":"https:\/\/nature-et-developpement.com\/logisain-78\/wp-json\/wp\/v2\/product"}],"about":[{"href":"https:\/\/nature-et-developpement.com\/logisain-78\/wp-json\/wp\/v2\/types\/product"}],"wp:featuredmedia":[{"embeddable":true,"href":"https:\/\/nature-et-developpement.com\/logisain-78\/wp-json\/"}],"wp:attachment":[{"href":"https:\/\/nature-et-developpement.com\/logisain-78\/wp-json\/wp\/v2\/media?parent=9232"}],"wp:term":[{"taxonomy":"product_brand","embeddable":true,"href":"https:\/\/nature-et-developpement.com\/logisain-78\/wp-json\/wp\/v2\/product_brand?post=9232"},{"taxonomy":"product_cat","embeddable":true,"href":"https:\/\/nature-et-developpement.com\/logisain-78\/wp-json\/wp\/v2\/product_cat?post=9232"},{"taxonomy":"product_tag","embeddable":true,"href":"https:\/\/nature-et-developpement.com\/logisain-78\/wp-json\/wp\/v2\/product_tag?post=9232"}],"curies":[{"name":"wp","href":"https:\/\/api.w.org\/{rel}","templated":true}]}}