{"id":9437,"date":"2019-08-07T16:51:59","date_gmt":"2019-08-07T14:51:59","guid":{"rendered":"https:\/\/nature-et-developpement.com\/logisain78\/produit\/cable-blinde-multibrin-rigide-gris\/"},"modified":"2025-02-26T15:30:25","modified_gmt":"2025-02-26T14:30:25","slug":"cable-blinde-multibrin-rigide-gris","status":"publish","type":"product","link":"https:\/\/nature-et-developpement.com\/logisain-78\/produit\/cable-blinde-multibrin-rigide-gris\/","title":{"rendered":"C\u00e2ble blind\u00e9 multibrin rigide gris"},"content":{"rendered":"<p>Enrob\u00e9s d\u2019un tressage d\u2019aluminium \u00e0 brancher sur la terre, ils r\u00e9duisent la pollution \u00e9lectrique. Haute qualit\u00e9 sans PVC, avec halog\u00e8nes retardateurs de propagation du feu.<br \/>\nFabriqu\u00e9s en France.<\/p>\n","protected":false},"excerpt":{"rendered":"<p>Enrob\u00e9s d\u2019un tressage d\u2019aluminium \u00e0 brancher sur la terre, ils r\u00e9duisent la pollution \u00e9lectrique. Haute qualit\u00e9 sans PVC, avec halog\u00e8nes retardateurs de propagation du feu.<br \/>\nFabriqu\u00e9s en France.<\/p>\n","protected":false},"featured_media":9435,"template":"","meta":[],"product_brand":[2913],"product_cat":[1852],"product_tag":[],"class_list":{"0":"post-9437","1":"product","2":"type-product","3":"status-publish","4":"has-post-thumbnail","6":"product_brand-produit-logisain","7":"product_cat-bio-electricite","8":"product_shipping_class-petit-equipement-outil-eclairage","10":"first","11":"instock","12":"taxable","13":"shipping-taxable","14":"purchasable","15":"product-type-variable"},"yoast_head":"<!-- This site is optimized with the Yoast SEO plugin v27.5 - https:\/\/yoast.com\/product\/yoast-seo-wordpress\/ -->\n<title>C\u00e2ble blind\u00e9 multibrin rigide gris<\/title>\n<meta name=\"description\" content=\"Enrob\u00e9s d\u2019un tressage d\u2019aluminium \u00e0 brancher sur la terre, ils r\u00e9duisent la pollution \u00e9lectrique. Haute qualit\u00e9 sans PVC, avec halog\u00e8nes retardateurs de propagation du feu. Fabriqu\u00e9s en France.\" \/>\n<meta name=\"robots\" content=\"noindex, follow\" \/>\n<meta property=\"og:locale\" content=\"fr_FR\" \/>\n<meta property=\"og:type\" content=\"article\" \/>\n<meta property=\"og:title\" content=\"C\u00e2ble blind\u00e9 multibrin rigide gris\" \/>\n<meta property=\"og:description\" content=\"Enrob\u00e9s d\u2019un tressage d\u2019aluminium \u00e0 brancher sur la terre, ils r\u00e9duisent la pollution \u00e9lectrique. Haute qualit\u00e9 sans PVC, avec halog\u00e8nes retardateurs de propagation du feu. Fabriqu\u00e9s en France.\" \/>\n<meta property=\"og:url\" content=\"https:\/\/nature-et-developpement.com\/logisain-78\/produit\/cable-blinde-multibrin-rigide-gris\/\" \/>\n<meta property=\"og:site_name\" content=\"LOGISAIN 78 \u2013 Magasin de mat\u00e9riaux biosourc\u00e9s\" \/>\n<meta property=\"article:modified_time\" content=\"2025-02-26T14:30:25+00:00\" \/>\n<meta property=\"og:image\" content=\"https:\/\/nature-et-developpement.com\/logisain-78\/wp-content\/uploads\/sites\/5\/2021\/06\/25729-Cable-blinde-multibrin-rigide-gris.jpg\" \/>\n\t<meta property=\"og:image:width\" content=\"800\" \/>\n\t<meta property=\"og:image:height\" content=\"800\" \/>\n\t<meta property=\"og:image:type\" content=\"image\/jpeg\" \/>\n<meta name=\"twitter:card\" content=\"summary_large_image\" \/>\n<script type=\"application\/ld+json\" class=\"yoast-schema-graph\">{\"@context\":\"https:\\\/\\\/schema.org\",\"@graph\":[{\"@type\":\"WebPage\",\"@id\":\"https:\\\/\\\/nature-et-developpement.com\\\/logisain-78\\\/produit\\\/cable-blinde-multibrin-rigide-gris\\\/\",\"url\":\"https:\\\/\\\/nature-et-developpement.com\\\/logisain-78\\\/produit\\\/cable-blinde-multibrin-rigide-gris\\\/\",\"name\":\"C\u00e2ble blind\u00e9 multibrin rigide gris\",\"isPartOf\":{\"@id\":\"https:\\\/\\\/nature-et-developpement.com\\\/logisain-78\\\/#website\"},\"primaryImageOfPage\":{\"@id\":\"https:\\\/\\\/nature-et-developpement.com\\\/logisain-78\\\/produit\\\/cable-blinde-multibrin-rigide-gris\\\/#primaryimage\"},\"image\":{\"@id\":\"https:\\\/\\\/nature-et-developpement.com\\\/logisain-78\\\/produit\\\/cable-blinde-multibrin-rigide-gris\\\/#primaryimage\"},\"thumbnailUrl\":\"https:\\\/\\\/nature-et-developpement.com\\\/logisain-78\\\/wp-content\\\/uploads\\\/sites\\\/5\\\/2021\\\/06\\\/25729-Cable-blinde-multibrin-rigide-gris.jpg\",\"datePublished\":\"2019-08-07T14:51:59+00:00\",\"dateModified\":\"2025-02-26T14:30:25+00:00\",\"description\":\"Enrob\u00e9s d\u2019un tressage d\u2019aluminium \u00e0 brancher sur la terre, ils r\u00e9duisent la pollution \u00e9lectrique. Haute qualit\u00e9 sans PVC, avec halog\u00e8nes retardateurs de propagation du feu. Fabriqu\u00e9s en France.\",\"breadcrumb\":{\"@id\":\"https:\\\/\\\/nature-et-developpement.com\\\/logisain-78\\\/produit\\\/cable-blinde-multibrin-rigide-gris\\\/#breadcrumb\"},\"inLanguage\":\"fr-FR\",\"potentialAction\":[{\"@type\":\"ReadAction\",\"target\":[\"https:\\\/\\\/nature-et-developpement.com\\\/logisain-78\\\/produit\\\/cable-blinde-multibrin-rigide-gris\\\/\"]}]},{\"@type\":\"ImageObject\",\"inLanguage\":\"fr-FR\",\"@id\":\"https:\\\/\\\/nature-et-developpement.com\\\/logisain-78\\\/produit\\\/cable-blinde-multibrin-rigide-gris\\\/#primaryimage\",\"url\":\"https:\\\/\\\/nature-et-developpement.com\\\/logisain-78\\\/wp-content\\\/uploads\\\/sites\\\/5\\\/2021\\\/06\\\/25729-Cable-blinde-multibrin-rigide-gris.jpg\",\"contentUrl\":\"https:\\\/\\\/nature-et-developpement.com\\\/logisain-78\\\/wp-content\\\/uploads\\\/sites\\\/5\\\/2021\\\/06\\\/25729-Cable-blinde-multibrin-rigide-gris.jpg\",\"width\":800,\"height\":800,\"caption\":\"C\u00e2ble blind\u00e9 multibrin rigide gris\"},{\"@type\":\"BreadcrumbList\",\"@id\":\"https:\\\/\\\/nature-et-developpement.com\\\/logisain-78\\\/produit\\\/cable-blinde-multibrin-rigide-gris\\\/#breadcrumb\",\"itemListElement\":[{\"@type\":\"ListItem\",\"position\":1,\"name\":\"Accueil\",\"item\":\"https:\\\/\\\/nature-et-developpement.com\\\/logisain-78\\\/\"},{\"@type\":\"ListItem\",\"position\":2,\"name\":\"Produits\",\"item\":\"https:\\\/\\\/nature-et-developpement.com\\\/logisain-78\\\/shop\\\/\"},{\"@type\":\"ListItem\",\"position\":3,\"name\":\"Chauffage, eau et \u00e9nergie\",\"item\":\"https:\\\/\\\/nature-et-developpement.com\\\/logisain-78\\\/produits\\\/energie-et-ventilation\\\/\"},{\"@type\":\"ListItem\",\"position\":4,\"name\":\"Bio \u00e9lectricit\u00e9\",\"item\":\"https:\\\/\\\/nature-et-developpement.com\\\/logisain-78\\\/produits\\\/energie-et-ventilation\\\/bio-electricite\\\/\"},{\"@type\":\"ListItem\",\"position\":5,\"name\":\"C\u00e2ble blind\u00e9 multibrin rigide gris\"}]},{\"@type\":\"WebSite\",\"@id\":\"https:\\\/\\\/nature-et-developpement.com\\\/logisain-78\\\/#website\",\"url\":\"https:\\\/\\\/nature-et-developpement.com\\\/logisain-78\\\/\",\"name\":\"LOGISAIN 78 \u2013 Magasin de mat\u00e9riaux biosourc\u00e9s\",\"description\":\"Logisain 78 est membre du groupement Nature &amp; D\u00e9veloppement\",\"publisher\":{\"@id\":\"https:\\\/\\\/nature-et-developpement.com\\\/logisain-78\\\/#organization\"},\"potentialAction\":[{\"@type\":\"SearchAction\",\"target\":{\"@type\":\"EntryPoint\",\"urlTemplate\":\"https:\\\/\\\/nature-et-developpement.com\\\/logisain-78\\\/?s={search_term_string}\"},\"query-input\":{\"@type\":\"PropertyValueSpecification\",\"valueRequired\":true,\"valueName\":\"search_term_string\"}}],\"inLanguage\":\"fr-FR\"},{\"@type\":\"Organization\",\"@id\":\"https:\\\/\\\/nature-et-developpement.com\\\/logisain-78\\\/#organization\",\"name\":\"Logisain 78\",\"url\":\"https:\\\/\\\/nature-et-developpement.com\\\/logisain-78\\\/\",\"logo\":{\"@type\":\"ImageObject\",\"inLanguage\":\"fr-FR\",\"@id\":\"https:\\\/\\\/nature-et-developpement.com\\\/logisain-78\\\/#\\\/schema\\\/logo\\\/image\\\/\",\"url\":\"https:\\\/\\\/nature-et-developpement.com\\\/logisain-78\\\/wp-content\\\/uploads\\\/sites\\\/5\\\/2021\\\/08\\\/logo-logisain.jpg\",\"contentUrl\":\"https:\\\/\\\/nature-et-developpement.com\\\/logisain-78\\\/wp-content\\\/uploads\\\/sites\\\/5\\\/2021\\\/08\\\/logo-logisain.jpg\",\"width\":672,\"height\":455,\"caption\":\"Logisain 78\"},\"image\":{\"@id\":\"https:\\\/\\\/nature-et-developpement.com\\\/logisain-78\\\/#\\\/schema\\\/logo\\\/image\\\/\"}}]}<\/script>\n<!-- \/ Yoast SEO plugin. -->","yoast_head_json":{"title":"C\u00e2ble blind\u00e9 multibrin rigide gris","description":"Enrob\u00e9s d\u2019un tressage d\u2019aluminium \u00e0 brancher sur la terre, ils r\u00e9duisent la pollution \u00e9lectrique. Haute qualit\u00e9 sans PVC, avec halog\u00e8nes retardateurs de propagation du feu. Fabriqu\u00e9s en France.","robots":{"index":"noindex","follow":"follow"},"og_locale":"fr_FR","og_type":"article","og_title":"C\u00e2ble blind\u00e9 multibrin rigide gris","og_description":"Enrob\u00e9s d\u2019un tressage d\u2019aluminium \u00e0 brancher sur la terre, ils r\u00e9duisent la pollution \u00e9lectrique. Haute qualit\u00e9 sans PVC, avec halog\u00e8nes retardateurs de propagation du feu. Fabriqu\u00e9s en France.","og_url":"https:\/\/nature-et-developpement.com\/logisain-78\/produit\/cable-blinde-multibrin-rigide-gris\/","og_site_name":"LOGISAIN 78 \u2013 Magasin de mat\u00e9riaux biosourc\u00e9s","article_modified_time":"2025-02-26T14:30:25+00:00","og_image":[{"width":800,"height":800,"url":"https:\/\/nature-et-developpement.com\/logisain-78\/wp-content\/uploads\/sites\/5\/2021\/06\/25729-Cable-blinde-multibrin-rigide-gris.jpg","type":"image\/jpeg"}],"twitter_card":"summary_large_image","schema":{"@context":"https:\/\/schema.org","@graph":[{"@type":"WebPage","@id":"https:\/\/nature-et-developpement.com\/logisain-78\/produit\/cable-blinde-multibrin-rigide-gris\/","url":"https:\/\/nature-et-developpement.com\/logisain-78\/produit\/cable-blinde-multibrin-rigide-gris\/","name":"C\u00e2ble blind\u00e9 multibrin rigide gris","isPartOf":{"@id":"https:\/\/nature-et-developpement.com\/logisain-78\/#website"},"primaryImageOfPage":{"@id":"https:\/\/nature-et-developpement.com\/logisain-78\/produit\/cable-blinde-multibrin-rigide-gris\/#primaryimage"},"image":{"@id":"https:\/\/nature-et-developpement.com\/logisain-78\/produit\/cable-blinde-multibrin-rigide-gris\/#primaryimage"},"thumbnailUrl":"https:\/\/nature-et-developpement.com\/logisain-78\/wp-content\/uploads\/sites\/5\/2021\/06\/25729-Cable-blinde-multibrin-rigide-gris.jpg","datePublished":"2019-08-07T14:51:59+00:00","dateModified":"2025-02-26T14:30:25+00:00","description":"Enrob\u00e9s d\u2019un tressage d\u2019aluminium \u00e0 brancher sur la terre, ils r\u00e9duisent la pollution \u00e9lectrique. Haute qualit\u00e9 sans PVC, avec halog\u00e8nes retardateurs de propagation du feu. Fabriqu\u00e9s en France.","breadcrumb":{"@id":"https:\/\/nature-et-developpement.com\/logisain-78\/produit\/cable-blinde-multibrin-rigide-gris\/#breadcrumb"},"inLanguage":"fr-FR","potentialAction":[{"@type":"ReadAction","target":["https:\/\/nature-et-developpement.com\/logisain-78\/produit\/cable-blinde-multibrin-rigide-gris\/"]}]},{"@type":"ImageObject","inLanguage":"fr-FR","@id":"https:\/\/nature-et-developpement.com\/logisain-78\/produit\/cable-blinde-multibrin-rigide-gris\/#primaryimage","url":"https:\/\/nature-et-developpement.com\/logisain-78\/wp-content\/uploads\/sites\/5\/2021\/06\/25729-Cable-blinde-multibrin-rigide-gris.jpg","contentUrl":"https:\/\/nature-et-developpement.com\/logisain-78\/wp-content\/uploads\/sites\/5\/2021\/06\/25729-Cable-blinde-multibrin-rigide-gris.jpg","width":800,"height":800,"caption":"C\u00e2ble blind\u00e9 multibrin rigide gris"},{"@type":"BreadcrumbList","@id":"https:\/\/nature-et-developpement.com\/logisain-78\/produit\/cable-blinde-multibrin-rigide-gris\/#breadcrumb","itemListElement":[{"@type":"ListItem","position":1,"name":"Accueil","item":"https:\/\/nature-et-developpement.com\/logisain-78\/"},{"@type":"ListItem","position":2,"name":"Produits","item":"https:\/\/nature-et-developpement.com\/logisain-78\/shop\/"},{"@type":"ListItem","position":3,"name":"Chauffage, eau et \u00e9nergie","item":"https:\/\/nature-et-developpement.com\/logisain-78\/produits\/energie-et-ventilation\/"},{"@type":"ListItem","position":4,"name":"Bio \u00e9lectricit\u00e9","item":"https:\/\/nature-et-developpement.com\/logisain-78\/produits\/energie-et-ventilation\/bio-electricite\/"},{"@type":"ListItem","position":5,"name":"C\u00e2ble blind\u00e9 multibrin rigide gris"}]},{"@type":"WebSite","@id":"https:\/\/nature-et-developpement.com\/logisain-78\/#website","url":"https:\/\/nature-et-developpement.com\/logisain-78\/","name":"LOGISAIN 78 \u2013 Magasin de mat\u00e9riaux biosourc\u00e9s","description":"Logisain 78 est membre du groupement Nature &amp; D\u00e9veloppement","publisher":{"@id":"https:\/\/nature-et-developpement.com\/logisain-78\/#organization"},"potentialAction":[{"@type":"SearchAction","target":{"@type":"EntryPoint","urlTemplate":"https:\/\/nature-et-developpement.com\/logisain-78\/?s={search_term_string}"},"query-input":{"@type":"PropertyValueSpecification","valueRequired":true,"valueName":"search_term_string"}}],"inLanguage":"fr-FR"},{"@type":"Organization","@id":"https:\/\/nature-et-developpement.com\/logisain-78\/#organization","name":"Logisain 78","url":"https:\/\/nature-et-developpement.com\/logisain-78\/","logo":{"@type":"ImageObject","inLanguage":"fr-FR","@id":"https:\/\/nature-et-developpement.com\/logisain-78\/#\/schema\/logo\/image\/","url":"https:\/\/nature-et-developpement.com\/logisain-78\/wp-content\/uploads\/sites\/5\/2021\/08\/logo-logisain.jpg","contentUrl":"https:\/\/nature-et-developpement.com\/logisain-78\/wp-content\/uploads\/sites\/5\/2021\/08\/logo-logisain.jpg","width":672,"height":455,"caption":"Logisain 78"},"image":{"@id":"https:\/\/nature-et-developpement.com\/logisain-78\/#\/schema\/logo\/image\/"}}]}},"distributor_meta":false,"distributor_terms":false,"distributor_media":false,"distributor_original_site_name":"LOGISAIN 78 \u2013 Magasin de mat\u00e9riaux biosourc\u00e9s","distributor_original_site_url":"https:\/\/nature-et-developpement.com\/logisain-78","push-errors":false,"_links":{"self":[{"href":"https:\/\/nature-et-developpement.com\/logisain-78\/wp-json\/wp\/v2\/product\/9437","targetHints":{"allow":["GET"]}}],"collection":[{"href":"https:\/\/nature-et-developpement.com\/logisain-78\/wp-json\/wp\/v2\/product"}],"about":[{"href":"https:\/\/nature-et-developpement.com\/logisain-78\/wp-json\/wp\/v2\/types\/product"}],"wp:featuredmedia":[{"embeddable":true,"href":"https:\/\/nature-et-developpement.com\/logisain-78\/wp-json\/wp\/v2\/media\/9435"}],"wp:attachment":[{"href":"https:\/\/nature-et-developpement.com\/logisain-78\/wp-json\/wp\/v2\/media?parent=9437"}],"wp:term":[{"taxonomy":"product_brand","embeddable":true,"href":"https:\/\/nature-et-developpement.com\/logisain-78\/wp-json\/wp\/v2\/product_brand?post=9437"},{"taxonomy":"product_cat","embeddable":true,"href":"https:\/\/nature-et-developpement.com\/logisain-78\/wp-json\/wp\/v2\/product_cat?post=9437"},{"taxonomy":"product_tag","embeddable":true,"href":"https:\/\/nature-et-developpement.com\/logisain-78\/wp-json\/wp\/v2\/product_tag?post=9437"}],"curies":[{"name":"wp","href":"https:\/\/api.w.org\/{rel}","templated":true}]}}