{"id":9452,"date":"2019-08-07T16:51:51","date_gmt":"2019-08-07T14:51:51","guid":{"rendered":"https:\/\/nature-et-developpement.com\/logisain78\/produit\/clavettes-longues-300mm-pour-ossature-bois-inno-wood\/"},"modified":"2025-06-12T16:57:47","modified_gmt":"2025-06-12T14:57:47","slug":"clavettes-longues-300mm-pour-ossature-bois-inno-wood","status":"publish","type":"product","link":"https:\/\/nature-et-developpement.com\/logisain-78\/produit\/clavettes-longues-300mm-pour-ossature-bois-inno-wood\/","title":{"rendered":"Clavettes longues 300mm pour ossature bois INNO-WOOD"},"content":{"rendered":"<p>Pour prolongation horizontal des profil\u00e9s Inno-Wood<\/p>\n<p><span style=\"color:#d4d4d4\">Clavettes longues<\/span> : 300 mm<br \/><span><span class=\"corps2\"><\/span><\/span><\/p>\n<p><span><span class=\"corps2\">S&rsquo;utilise avec vis <\/span><\/span>sp\u00e9ciales Inno-Wood<\/p><\/p>\n","protected":false},"excerpt":{"rendered":"<p><span>Les clavettes longues permettent la jonction de profil\u00e9s Inno-wood entre eux, dans le prolongement l&rsquo;un de l&rsquo;autre.<\/span><\/p>\n<p><span>Ce produit brevet\u00e9 est r\u00e9alis\u00e9 en France avec du ch\u00e2taignier local r\u00e9cup\u00e9r\u00e9 dans les parqueteries. Le ch\u00e2taignier est r\u00e9put\u00e9 pour sa forte stabilit\u00e9 dimensionnelle, et son excellente r\u00e9sistance naturelle aux insectes et champignons.<\/span><\/p>\n","protected":false},"featured_media":9451,"template":"","meta":[],"product_brand":[2844],"product_cat":[134,132,131,91,2904],"product_tag":[],"class_list":{"0":"post-9452","1":"product","2":"type-product","3":"status-publish","4":"has-post-thumbnail","6":"product_brand-inno-wood","7":"product_cat-accessoires-isolation-et-etancheite","8":"product_cat-cloisons-et-doublage","9":"product_cat-construction-maison-bois","10":"product_cat-construction","11":"product_cat-demande-de-devis-uniquement-avec-prix","12":"product_shipping_class-petit-equipement-outil-eclairage","14":"first","15":"instock","16":"taxable","17":"shipping-taxable","18":"purchasable","19":"product-type-variable"},"yoast_head":"<!-- This site is optimized with the Yoast SEO plugin v27.5 - https:\/\/yoast.com\/product\/yoast-seo-wordpress\/ -->\n<title>Clavettes longues 300mm pour ossature bois INNO-WOOD<\/title>\n<meta name=\"description\" content=\"Les clavettes longues permettent la jonction de profil\u00e9s Inno-wood entre eux, dans le prolongement l&#039;un de l&#039;autre. Ce produit brevet\u00e9 est r\u00e9alis\u00e9 en France avec du ch\u00e2taignier local r\u00e9cup\u00e9r\u00e9 dans les parqueteries. Le ch\u00e2taignier est r\u00e9put\u00e9 pour sa forte stabilit\u00e9 dimensionnelle, et son excellente r\u00e9sistance naturelle aux insectes et champignons.\" \/>\n<meta name=\"robots\" content=\"noindex, follow\" \/>\n<meta property=\"og:locale\" content=\"fr_FR\" \/>\n<meta property=\"og:type\" content=\"article\" \/>\n<meta property=\"og:title\" content=\"Clavettes longues 300mm pour ossature bois INNO-WOOD\" \/>\n<meta property=\"og:description\" content=\"Les clavettes longues permettent la jonction de profil\u00e9s Inno-wood entre eux, dans le prolongement l&#039;un de l&#039;autre. Ce produit brevet\u00e9 est r\u00e9alis\u00e9 en France avec du ch\u00e2taignier local r\u00e9cup\u00e9r\u00e9 dans les parqueteries. Le ch\u00e2taignier est r\u00e9put\u00e9 pour sa forte stabilit\u00e9 dimensionnelle, et son excellente r\u00e9sistance naturelle aux insectes et champignons.\" \/>\n<meta property=\"og:url\" content=\"https:\/\/nature-et-developpement.com\/logisain-78\/produit\/clavettes-longues-300mm-pour-ossature-bois-inno-wood\/\" \/>\n<meta property=\"og:site_name\" content=\"LOGISAIN 78 \u2013 Magasin de mat\u00e9riaux biosourc\u00e9s\" \/>\n<meta property=\"article:modified_time\" content=\"2025-06-12T14:57:47+00:00\" \/>\n<meta property=\"og:image\" content=\"https:\/\/nature-et-developpement.com\/logisain-78\/wp-content\/uploads\/sites\/5\/2021\/06\/25611-Clavettes-longues-pour-ossature-bois-Inno-wood.jpg\" \/>\n\t<meta property=\"og:image:width\" content=\"800\" \/>\n\t<meta property=\"og:image:height\" content=\"800\" \/>\n\t<meta property=\"og:image:type\" content=\"image\/jpeg\" \/>\n<meta name=\"twitter:card\" content=\"summary_large_image\" \/>\n<script type=\"application\/ld+json\" class=\"yoast-schema-graph\">{\"@context\":\"https:\\\/\\\/schema.org\",\"@graph\":[{\"@type\":\"WebPage\",\"@id\":\"https:\\\/\\\/nature-et-developpement.com\\\/logisain-78\\\/produit\\\/clavettes-longues-300mm-pour-ossature-bois-inno-wood\\\/\",\"url\":\"https:\\\/\\\/nature-et-developpement.com\\\/logisain-78\\\/produit\\\/clavettes-longues-300mm-pour-ossature-bois-inno-wood\\\/\",\"name\":\"Clavettes longues 300mm pour ossature bois INNO-WOOD\",\"isPartOf\":{\"@id\":\"https:\\\/\\\/nature-et-developpement.com\\\/logisain-78\\\/#website\"},\"primaryImageOfPage\":{\"@id\":\"https:\\\/\\\/nature-et-developpement.com\\\/logisain-78\\\/produit\\\/clavettes-longues-300mm-pour-ossature-bois-inno-wood\\\/#primaryimage\"},\"image\":{\"@id\":\"https:\\\/\\\/nature-et-developpement.com\\\/logisain-78\\\/produit\\\/clavettes-longues-300mm-pour-ossature-bois-inno-wood\\\/#primaryimage\"},\"thumbnailUrl\":\"https:\\\/\\\/nature-et-developpement.com\\\/logisain-78\\\/wp-content\\\/uploads\\\/sites\\\/5\\\/2021\\\/06\\\/25611-Clavettes-longues-pour-ossature-bois-Inno-wood.jpg\",\"datePublished\":\"2019-08-07T14:51:51+00:00\",\"dateModified\":\"2025-06-12T14:57:47+00:00\",\"description\":\"Les clavettes longues permettent la jonction de profil\u00e9s Inno-wood entre eux, dans le prolongement l'un de l'autre. Ce produit brevet\u00e9 est r\u00e9alis\u00e9 en France avec du ch\u00e2taignier local r\u00e9cup\u00e9r\u00e9 dans les parqueteries. Le ch\u00e2taignier est r\u00e9put\u00e9 pour sa forte stabilit\u00e9 dimensionnelle, et son excellente r\u00e9sistance naturelle aux insectes et champignons.\",\"breadcrumb\":{\"@id\":\"https:\\\/\\\/nature-et-developpement.com\\\/logisain-78\\\/produit\\\/clavettes-longues-300mm-pour-ossature-bois-inno-wood\\\/#breadcrumb\"},\"inLanguage\":\"fr-FR\",\"potentialAction\":[{\"@type\":\"ReadAction\",\"target\":[\"https:\\\/\\\/nature-et-developpement.com\\\/logisain-78\\\/produit\\\/clavettes-longues-300mm-pour-ossature-bois-inno-wood\\\/\"]}]},{\"@type\":\"ImageObject\",\"inLanguage\":\"fr-FR\",\"@id\":\"https:\\\/\\\/nature-et-developpement.com\\\/logisain-78\\\/produit\\\/clavettes-longues-300mm-pour-ossature-bois-inno-wood\\\/#primaryimage\",\"url\":\"https:\\\/\\\/nature-et-developpement.com\\\/logisain-78\\\/wp-content\\\/uploads\\\/sites\\\/5\\\/2021\\\/06\\\/25611-Clavettes-longues-pour-ossature-bois-Inno-wood.jpg\",\"contentUrl\":\"https:\\\/\\\/nature-et-developpement.com\\\/logisain-78\\\/wp-content\\\/uploads\\\/sites\\\/5\\\/2021\\\/06\\\/25611-Clavettes-longues-pour-ossature-bois-Inno-wood.jpg\",\"width\":800,\"height\":800,\"caption\":\"Clavettes longues pour ossature bois Inno-wood\"},{\"@type\":\"BreadcrumbList\",\"@id\":\"https:\\\/\\\/nature-et-developpement.com\\\/logisain-78\\\/produit\\\/clavettes-longues-300mm-pour-ossature-bois-inno-wood\\\/#breadcrumb\",\"itemListElement\":[{\"@type\":\"ListItem\",\"position\":1,\"name\":\"Accueil\",\"item\":\"https:\\\/\\\/nature-et-developpement.com\\\/logisain-78\\\/\"},{\"@type\":\"ListItem\",\"position\":2,\"name\":\"Produits\",\"item\":\"https:\\\/\\\/nature-et-developpement.com\\\/logisain-78\\\/shop\\\/\"},{\"@type\":\"ListItem\",\"position\":3,\"name\":\"Construction, cloison et fen\u00eatres\",\"item\":\"https:\\\/\\\/nature-et-developpement.com\\\/logisain-78\\\/produits\\\/construction\\\/\"},{\"@type\":\"ListItem\",\"position\":4,\"name\":\"Construction bois\",\"item\":\"https:\\\/\\\/nature-et-developpement.com\\\/logisain-78\\\/produits\\\/construction\\\/construction-maison-bois\\\/\"},{\"@type\":\"ListItem\",\"position\":5,\"name\":\"Clavettes longues 300mm pour ossature bois INNO-WOOD\"}]},{\"@type\":\"WebSite\",\"@id\":\"https:\\\/\\\/nature-et-developpement.com\\\/logisain-78\\\/#website\",\"url\":\"https:\\\/\\\/nature-et-developpement.com\\\/logisain-78\\\/\",\"name\":\"LOGISAIN 78 \u2013 Magasin de mat\u00e9riaux biosourc\u00e9s\",\"description\":\"Logisain 78 est membre du groupement Nature &amp; D\u00e9veloppement\",\"publisher\":{\"@id\":\"https:\\\/\\\/nature-et-developpement.com\\\/logisain-78\\\/#organization\"},\"potentialAction\":[{\"@type\":\"SearchAction\",\"target\":{\"@type\":\"EntryPoint\",\"urlTemplate\":\"https:\\\/\\\/nature-et-developpement.com\\\/logisain-78\\\/?s={search_term_string}\"},\"query-input\":{\"@type\":\"PropertyValueSpecification\",\"valueRequired\":true,\"valueName\":\"search_term_string\"}}],\"inLanguage\":\"fr-FR\"},{\"@type\":\"Organization\",\"@id\":\"https:\\\/\\\/nature-et-developpement.com\\\/logisain-78\\\/#organization\",\"name\":\"Logisain 78\",\"url\":\"https:\\\/\\\/nature-et-developpement.com\\\/logisain-78\\\/\",\"logo\":{\"@type\":\"ImageObject\",\"inLanguage\":\"fr-FR\",\"@id\":\"https:\\\/\\\/nature-et-developpement.com\\\/logisain-78\\\/#\\\/schema\\\/logo\\\/image\\\/\",\"url\":\"https:\\\/\\\/nature-et-developpement.com\\\/logisain-78\\\/wp-content\\\/uploads\\\/sites\\\/5\\\/2021\\\/08\\\/logo-logisain.jpg\",\"contentUrl\":\"https:\\\/\\\/nature-et-developpement.com\\\/logisain-78\\\/wp-content\\\/uploads\\\/sites\\\/5\\\/2021\\\/08\\\/logo-logisain.jpg\",\"width\":672,\"height\":455,\"caption\":\"Logisain 78\"},\"image\":{\"@id\":\"https:\\\/\\\/nature-et-developpement.com\\\/logisain-78\\\/#\\\/schema\\\/logo\\\/image\\\/\"}}]}<\/script>\n<!-- \/ Yoast SEO plugin. -->","yoast_head_json":{"title":"Clavettes longues 300mm pour ossature bois INNO-WOOD","description":"Les clavettes longues permettent la jonction de profil\u00e9s Inno-wood entre eux, dans le prolongement l'un de l'autre. Ce produit brevet\u00e9 est r\u00e9alis\u00e9 en France avec du ch\u00e2taignier local r\u00e9cup\u00e9r\u00e9 dans les parqueteries. Le ch\u00e2taignier est r\u00e9put\u00e9 pour sa forte stabilit\u00e9 dimensionnelle, et son excellente r\u00e9sistance naturelle aux insectes et champignons.","robots":{"index":"noindex","follow":"follow"},"og_locale":"fr_FR","og_type":"article","og_title":"Clavettes longues 300mm pour ossature bois INNO-WOOD","og_description":"Les clavettes longues permettent la jonction de profil\u00e9s Inno-wood entre eux, dans le prolongement l'un de l'autre. Ce produit brevet\u00e9 est r\u00e9alis\u00e9 en France avec du ch\u00e2taignier local r\u00e9cup\u00e9r\u00e9 dans les parqueteries. Le ch\u00e2taignier est r\u00e9put\u00e9 pour sa forte stabilit\u00e9 dimensionnelle, et son excellente r\u00e9sistance naturelle aux insectes et champignons.","og_url":"https:\/\/nature-et-developpement.com\/logisain-78\/produit\/clavettes-longues-300mm-pour-ossature-bois-inno-wood\/","og_site_name":"LOGISAIN 78 \u2013 Magasin de mat\u00e9riaux biosourc\u00e9s","article_modified_time":"2025-06-12T14:57:47+00:00","og_image":[{"width":800,"height":800,"url":"https:\/\/nature-et-developpement.com\/logisain-78\/wp-content\/uploads\/sites\/5\/2021\/06\/25611-Clavettes-longues-pour-ossature-bois-Inno-wood.jpg","type":"image\/jpeg"}],"twitter_card":"summary_large_image","schema":{"@context":"https:\/\/schema.org","@graph":[{"@type":"WebPage","@id":"https:\/\/nature-et-developpement.com\/logisain-78\/produit\/clavettes-longues-300mm-pour-ossature-bois-inno-wood\/","url":"https:\/\/nature-et-developpement.com\/logisain-78\/produit\/clavettes-longues-300mm-pour-ossature-bois-inno-wood\/","name":"Clavettes longues 300mm pour ossature bois INNO-WOOD","isPartOf":{"@id":"https:\/\/nature-et-developpement.com\/logisain-78\/#website"},"primaryImageOfPage":{"@id":"https:\/\/nature-et-developpement.com\/logisain-78\/produit\/clavettes-longues-300mm-pour-ossature-bois-inno-wood\/#primaryimage"},"image":{"@id":"https:\/\/nature-et-developpement.com\/logisain-78\/produit\/clavettes-longues-300mm-pour-ossature-bois-inno-wood\/#primaryimage"},"thumbnailUrl":"https:\/\/nature-et-developpement.com\/logisain-78\/wp-content\/uploads\/sites\/5\/2021\/06\/25611-Clavettes-longues-pour-ossature-bois-Inno-wood.jpg","datePublished":"2019-08-07T14:51:51+00:00","dateModified":"2025-06-12T14:57:47+00:00","description":"Les clavettes longues permettent la jonction de profil\u00e9s Inno-wood entre eux, dans le prolongement l'un de l'autre. Ce produit brevet\u00e9 est r\u00e9alis\u00e9 en France avec du ch\u00e2taignier local r\u00e9cup\u00e9r\u00e9 dans les parqueteries. Le ch\u00e2taignier est r\u00e9put\u00e9 pour sa forte stabilit\u00e9 dimensionnelle, et son excellente r\u00e9sistance naturelle aux insectes et champignons.","breadcrumb":{"@id":"https:\/\/nature-et-developpement.com\/logisain-78\/produit\/clavettes-longues-300mm-pour-ossature-bois-inno-wood\/#breadcrumb"},"inLanguage":"fr-FR","potentialAction":[{"@type":"ReadAction","target":["https:\/\/nature-et-developpement.com\/logisain-78\/produit\/clavettes-longues-300mm-pour-ossature-bois-inno-wood\/"]}]},{"@type":"ImageObject","inLanguage":"fr-FR","@id":"https:\/\/nature-et-developpement.com\/logisain-78\/produit\/clavettes-longues-300mm-pour-ossature-bois-inno-wood\/#primaryimage","url":"https:\/\/nature-et-developpement.com\/logisain-78\/wp-content\/uploads\/sites\/5\/2021\/06\/25611-Clavettes-longues-pour-ossature-bois-Inno-wood.jpg","contentUrl":"https:\/\/nature-et-developpement.com\/logisain-78\/wp-content\/uploads\/sites\/5\/2021\/06\/25611-Clavettes-longues-pour-ossature-bois-Inno-wood.jpg","width":800,"height":800,"caption":"Clavettes longues pour ossature bois Inno-wood"},{"@type":"BreadcrumbList","@id":"https:\/\/nature-et-developpement.com\/logisain-78\/produit\/clavettes-longues-300mm-pour-ossature-bois-inno-wood\/#breadcrumb","itemListElement":[{"@type":"ListItem","position":1,"name":"Accueil","item":"https:\/\/nature-et-developpement.com\/logisain-78\/"},{"@type":"ListItem","position":2,"name":"Produits","item":"https:\/\/nature-et-developpement.com\/logisain-78\/shop\/"},{"@type":"ListItem","position":3,"name":"Construction, cloison et fen\u00eatres","item":"https:\/\/nature-et-developpement.com\/logisain-78\/produits\/construction\/"},{"@type":"ListItem","position":4,"name":"Construction bois","item":"https:\/\/nature-et-developpement.com\/logisain-78\/produits\/construction\/construction-maison-bois\/"},{"@type":"ListItem","position":5,"name":"Clavettes longues 300mm pour ossature bois INNO-WOOD"}]},{"@type":"WebSite","@id":"https:\/\/nature-et-developpement.com\/logisain-78\/#website","url":"https:\/\/nature-et-developpement.com\/logisain-78\/","name":"LOGISAIN 78 \u2013 Magasin de mat\u00e9riaux biosourc\u00e9s","description":"Logisain 78 est membre du groupement Nature &amp; D\u00e9veloppement","publisher":{"@id":"https:\/\/nature-et-developpement.com\/logisain-78\/#organization"},"potentialAction":[{"@type":"SearchAction","target":{"@type":"EntryPoint","urlTemplate":"https:\/\/nature-et-developpement.com\/logisain-78\/?s={search_term_string}"},"query-input":{"@type":"PropertyValueSpecification","valueRequired":true,"valueName":"search_term_string"}}],"inLanguage":"fr-FR"},{"@type":"Organization","@id":"https:\/\/nature-et-developpement.com\/logisain-78\/#organization","name":"Logisain 78","url":"https:\/\/nature-et-developpement.com\/logisain-78\/","logo":{"@type":"ImageObject","inLanguage":"fr-FR","@id":"https:\/\/nature-et-developpement.com\/logisain-78\/#\/schema\/logo\/image\/","url":"https:\/\/nature-et-developpement.com\/logisain-78\/wp-content\/uploads\/sites\/5\/2021\/08\/logo-logisain.jpg","contentUrl":"https:\/\/nature-et-developpement.com\/logisain-78\/wp-content\/uploads\/sites\/5\/2021\/08\/logo-logisain.jpg","width":672,"height":455,"caption":"Logisain 78"},"image":{"@id":"https:\/\/nature-et-developpement.com\/logisain-78\/#\/schema\/logo\/image\/"}}]}},"distributor_meta":false,"distributor_terms":false,"distributor_media":false,"distributor_original_site_name":"LOGISAIN 78 \u2013 Magasin de mat\u00e9riaux biosourc\u00e9s","distributor_original_site_url":"https:\/\/nature-et-developpement.com\/logisain-78","push-errors":false,"_links":{"self":[{"href":"https:\/\/nature-et-developpement.com\/logisain-78\/wp-json\/wp\/v2\/product\/9452","targetHints":{"allow":["GET"]}}],"collection":[{"href":"https:\/\/nature-et-developpement.com\/logisain-78\/wp-json\/wp\/v2\/product"}],"about":[{"href":"https:\/\/nature-et-developpement.com\/logisain-78\/wp-json\/wp\/v2\/types\/product"}],"wp:featuredmedia":[{"embeddable":true,"href":"https:\/\/nature-et-developpement.com\/logisain-78\/wp-json\/wp\/v2\/media\/9451"}],"wp:attachment":[{"href":"https:\/\/nature-et-developpement.com\/logisain-78\/wp-json\/wp\/v2\/media?parent=9452"}],"wp:term":[{"taxonomy":"product_brand","embeddable":true,"href":"https:\/\/nature-et-developpement.com\/logisain-78\/wp-json\/wp\/v2\/product_brand?post=9452"},{"taxonomy":"product_cat","embeddable":true,"href":"https:\/\/nature-et-developpement.com\/logisain-78\/wp-json\/wp\/v2\/product_cat?post=9452"},{"taxonomy":"product_tag","embeddable":true,"href":"https:\/\/nature-et-developpement.com\/logisain-78\/wp-json\/wp\/v2\/product_tag?post=9452"}],"curies":[{"name":"wp","href":"https:\/\/api.w.org\/{rel}","templated":true}]}}