{"id":9460,"date":"2019-08-07T16:51:46","date_gmt":"2019-08-07T14:51:46","guid":{"rendered":"https:\/\/nature-et-developpement.com\/logisain78\/produit\/interrupteur-automatique-de-champ-iac-gigahertz-comfort-7\/"},"modified":"2025-06-12T16:54:06","modified_gmt":"2025-06-12T14:54:06","slug":"interrupteur-automatique-de-champ-iac-gigahertz-comfort-7","status":"publish","type":"product","link":"https:\/\/nature-et-developpement.com\/logisain-78\/produit\/interrupteur-automatique-de-champ-iac-gigahertz-comfort-7\/","title":{"rendered":"Interrupteur automatique de champ (IAC) GIGAHERTZ NA 7 CONFORT"},"content":{"rendered":"<h2>Interrupteur automatique de champ (IAC) GIGAHERTZ COMFORT 7<\/h2>\n<p>Boitier \u00e0 installer sur le tableau \u00e9lectrique, en aval du disjoncteur concernant la zone \u00e0 prot\u00e9ger. Les IAC\u00a0<i>Gigahertz<\/i>\u00a0reconnaissent aussi les ampoules \u00e0 \u00e9conomie d\u2019\u00e9nergie, les tubes et les variateurs.<\/p>\n<p>Comprend une diode de contr\u00f4le indiquant si le courant est coup\u00e9 ou pas.<\/p>\n<p>Pr\u00e9conis\u00e9 principalement pour les chambres, lieu o\u00f9 l&rsquo;on reste longtemps et immobile.<\/p>\n","protected":false},"excerpt":{"rendered":"<p>Quand la consommation de courant cesse dans une pi\u00e8ce, cet appareil le d\u00e9tecte et coupe le courant \u00e0 sa source. Il supprime ainsi toute pollution \u00e9lectrique sur le r\u00e9seau de vos chambres \u00e0 coucher pendant que vous dormez. La qualit\u00e9 du sommeil en est tr\u00e8s nettement am\u00e9lior\u00e9e.<\/p>\n","protected":false},"featured_media":1000000201851,"template":"","meta":[],"product_brand":[4674],"product_cat":[1852,383,2909],"product_tag":[4344],"class_list":{"0":"post-9460","1":"product","2":"type-product","3":"status-publish","4":"has-post-thumbnail","6":"product_brand-gigahertz-solutions","7":"product_cat-bio-electricite","8":"product_cat-energie-et-ventilation","9":"product_cat-demande-de-devis-uniquement-sans-prix","10":"product_tag-bioelectricite","11":"product_shipping_class-petit-equipement-outil-eclairage","13":"first","14":"instock","15":"taxable","16":"shipping-taxable","17":"purchasable","18":"product-type-simple"},"yoast_head":"<!-- This site is optimized with the Yoast SEO plugin v27.5 - https:\/\/yoast.com\/product\/yoast-seo-wordpress\/ -->\n<title>Interrupteur automatique de champ GIGAHERTZ COMFORT 7<\/title>\n<meta name=\"description\" content=\"Interrupteur automatique qui l d\u00e9tecte et coupe le courant inutile. Il supprime toute pollution \u00e9lectrique sur le r\u00e9seau pendant que vous dormez.\" \/>\n<meta name=\"robots\" content=\"noindex, follow\" \/>\n<meta property=\"og:locale\" content=\"fr_FR\" \/>\n<meta property=\"og:type\" content=\"article\" \/>\n<meta property=\"og:title\" content=\"Interrupteur automatique de champ GIGAHERTZ COMFORT 7\" \/>\n<meta property=\"og:description\" content=\"Interrupteur automatique qui l d\u00e9tecte et coupe le courant inutile. Il supprime toute pollution \u00e9lectrique sur le r\u00e9seau pendant que vous dormez.\" \/>\n<meta property=\"og:url\" content=\"https:\/\/nature-et-developpement.com\/logisain-78\/produit\/interrupteur-automatique-de-champ-iac-gigahertz-comfort-7\/\" \/>\n<meta property=\"og:site_name\" content=\"LOGISAIN 78 \u2013 Magasin de mat\u00e9riaux biosourc\u00e9s\" \/>\n<meta property=\"article:modified_time\" content=\"2025-06-12T14:54:06+00:00\" \/>\n<meta name=\"twitter:card\" content=\"summary_large_image\" \/>\n<script type=\"application\/ld+json\" class=\"yoast-schema-graph\">{\"@context\":\"https:\\\/\\\/schema.org\",\"@graph\":[{\"@type\":\"WebPage\",\"@id\":\"https:\\\/\\\/nature-et-developpement.com\\\/logisain-78\\\/produit\\\/interrupteur-automatique-de-champ-iac-gigahertz-comfort-7\\\/\",\"url\":\"https:\\\/\\\/nature-et-developpement.com\\\/logisain-78\\\/produit\\\/interrupteur-automatique-de-champ-iac-gigahertz-comfort-7\\\/\",\"name\":\"Interrupteur automatique de champ GIGAHERTZ COMFORT 7\",\"isPartOf\":{\"@id\":\"https:\\\/\\\/nature-et-developpement.com\\\/logisain-78\\\/#website\"},\"primaryImageOfPage\":{\"@id\":\"https:\\\/\\\/nature-et-developpement.com\\\/logisain-78\\\/produit\\\/interrupteur-automatique-de-champ-iac-gigahertz-comfort-7\\\/#primaryimage\"},\"image\":{\"@id\":\"https:\\\/\\\/nature-et-developpement.com\\\/logisain-78\\\/produit\\\/interrupteur-automatique-de-champ-iac-gigahertz-comfort-7\\\/#primaryimage\"},\"thumbnailUrl\":\"https:\\\/\\\/nature-et-developpement.com\\\/logisain-78\\\/wp-content\\\/uploads\\\/Interrupteur-automatique-de-champ-IAC-GIGAHERTZ-COMFORT-7.jpg\",\"datePublished\":\"2019-08-07T14:51:46+00:00\",\"dateModified\":\"2025-06-12T14:54:06+00:00\",\"description\":\"Interrupteur automatique qui l d\u00e9tecte et coupe le courant inutile. Il supprime toute pollution \u00e9lectrique sur le r\u00e9seau pendant que vous dormez.\",\"breadcrumb\":{\"@id\":\"https:\\\/\\\/nature-et-developpement.com\\\/logisain-78\\\/produit\\\/interrupteur-automatique-de-champ-iac-gigahertz-comfort-7\\\/#breadcrumb\"},\"inLanguage\":\"fr-FR\",\"potentialAction\":[{\"@type\":\"ReadAction\",\"target\":[\"https:\\\/\\\/nature-et-developpement.com\\\/logisain-78\\\/produit\\\/interrupteur-automatique-de-champ-iac-gigahertz-comfort-7\\\/\"]}]},{\"@type\":\"ImageObject\",\"inLanguage\":\"fr-FR\",\"@id\":\"https:\\\/\\\/nature-et-developpement.com\\\/logisain-78\\\/produit\\\/interrupteur-automatique-de-champ-iac-gigahertz-comfort-7\\\/#primaryimage\",\"url\":\"https:\\\/\\\/nature-et-developpement.com\\\/logisain-78\\\/wp-content\\\/uploads\\\/Interrupteur-automatique-de-champ-IAC-GIGAHERTZ-COMFORT-7.jpg\",\"contentUrl\":\"https:\\\/\\\/nature-et-developpement.com\\\/logisain-78\\\/wp-content\\\/uploads\\\/Interrupteur-automatique-de-champ-IAC-GIGAHERTZ-COMFORT-7.jpg\"},{\"@type\":\"BreadcrumbList\",\"@id\":\"https:\\\/\\\/nature-et-developpement.com\\\/logisain-78\\\/produit\\\/interrupteur-automatique-de-champ-iac-gigahertz-comfort-7\\\/#breadcrumb\",\"itemListElement\":[{\"@type\":\"ListItem\",\"position\":1,\"name\":\"Accueil\",\"item\":\"https:\\\/\\\/nature-et-developpement.com\\\/logisain-78\\\/\"},{\"@type\":\"ListItem\",\"position\":2,\"name\":\"Produits\",\"item\":\"https:\\\/\\\/nature-et-developpement.com\\\/logisain-78\\\/shop\\\/\"},{\"@type\":\"ListItem\",\"position\":3,\"name\":\"Chauffage, eau et \u00e9nergie\",\"item\":\"https:\\\/\\\/nature-et-developpement.com\\\/logisain-78\\\/produits\\\/energie-et-ventilation\\\/\"},{\"@type\":\"ListItem\",\"position\":4,\"name\":\"Bio \u00e9lectricit\u00e9\",\"item\":\"https:\\\/\\\/nature-et-developpement.com\\\/logisain-78\\\/produits\\\/energie-et-ventilation\\\/bio-electricite\\\/\"},{\"@type\":\"ListItem\",\"position\":5,\"name\":\"Interrupteur automatique de champ (IAC) GIGAHERTZ NA 7 CONFORT\"}]},{\"@type\":\"WebSite\",\"@id\":\"https:\\\/\\\/nature-et-developpement.com\\\/logisain-78\\\/#website\",\"url\":\"https:\\\/\\\/nature-et-developpement.com\\\/logisain-78\\\/\",\"name\":\"LOGISAIN 78 \u2013 Magasin de mat\u00e9riaux biosourc\u00e9s\",\"description\":\"Logisain 78 est membre du groupement Nature &amp; D\u00e9veloppement\",\"publisher\":{\"@id\":\"https:\\\/\\\/nature-et-developpement.com\\\/logisain-78\\\/#organization\"},\"potentialAction\":[{\"@type\":\"SearchAction\",\"target\":{\"@type\":\"EntryPoint\",\"urlTemplate\":\"https:\\\/\\\/nature-et-developpement.com\\\/logisain-78\\\/?s={search_term_string}\"},\"query-input\":{\"@type\":\"PropertyValueSpecification\",\"valueRequired\":true,\"valueName\":\"search_term_string\"}}],\"inLanguage\":\"fr-FR\"},{\"@type\":\"Organization\",\"@id\":\"https:\\\/\\\/nature-et-developpement.com\\\/logisain-78\\\/#organization\",\"name\":\"Logisain 78\",\"url\":\"https:\\\/\\\/nature-et-developpement.com\\\/logisain-78\\\/\",\"logo\":{\"@type\":\"ImageObject\",\"inLanguage\":\"fr-FR\",\"@id\":\"https:\\\/\\\/nature-et-developpement.com\\\/logisain-78\\\/#\\\/schema\\\/logo\\\/image\\\/\",\"url\":\"https:\\\/\\\/nature-et-developpement.com\\\/logisain-78\\\/wp-content\\\/uploads\\\/sites\\\/5\\\/2021\\\/08\\\/logo-logisain.jpg\",\"contentUrl\":\"https:\\\/\\\/nature-et-developpement.com\\\/logisain-78\\\/wp-content\\\/uploads\\\/sites\\\/5\\\/2021\\\/08\\\/logo-logisain.jpg\",\"width\":672,\"height\":455,\"caption\":\"Logisain 78\"},\"image\":{\"@id\":\"https:\\\/\\\/nature-et-developpement.com\\\/logisain-78\\\/#\\\/schema\\\/logo\\\/image\\\/\"}}]}<\/script>\n<!-- \/ Yoast SEO plugin. -->","yoast_head_json":{"title":"Interrupteur automatique de champ GIGAHERTZ COMFORT 7","description":"Interrupteur automatique qui l d\u00e9tecte et coupe le courant inutile. Il supprime toute pollution \u00e9lectrique sur le r\u00e9seau pendant que vous dormez.","robots":{"index":"noindex","follow":"follow"},"og_locale":"fr_FR","og_type":"article","og_title":"Interrupteur automatique de champ GIGAHERTZ COMFORT 7","og_description":"Interrupteur automatique qui l d\u00e9tecte et coupe le courant inutile. Il supprime toute pollution \u00e9lectrique sur le r\u00e9seau pendant que vous dormez.","og_url":"https:\/\/nature-et-developpement.com\/logisain-78\/produit\/interrupteur-automatique-de-champ-iac-gigahertz-comfort-7\/","og_site_name":"LOGISAIN 78 \u2013 Magasin de mat\u00e9riaux biosourc\u00e9s","article_modified_time":"2025-06-12T14:54:06+00:00","twitter_card":"summary_large_image","schema":{"@context":"https:\/\/schema.org","@graph":[{"@type":"WebPage","@id":"https:\/\/nature-et-developpement.com\/logisain-78\/produit\/interrupteur-automatique-de-champ-iac-gigahertz-comfort-7\/","url":"https:\/\/nature-et-developpement.com\/logisain-78\/produit\/interrupteur-automatique-de-champ-iac-gigahertz-comfort-7\/","name":"Interrupteur automatique de champ GIGAHERTZ COMFORT 7","isPartOf":{"@id":"https:\/\/nature-et-developpement.com\/logisain-78\/#website"},"primaryImageOfPage":{"@id":"https:\/\/nature-et-developpement.com\/logisain-78\/produit\/interrupteur-automatique-de-champ-iac-gigahertz-comfort-7\/#primaryimage"},"image":{"@id":"https:\/\/nature-et-developpement.com\/logisain-78\/produit\/interrupteur-automatique-de-champ-iac-gigahertz-comfort-7\/#primaryimage"},"thumbnailUrl":"https:\/\/nature-et-developpement.com\/logisain-78\/wp-content\/uploads\/Interrupteur-automatique-de-champ-IAC-GIGAHERTZ-COMFORT-7.jpg","datePublished":"2019-08-07T14:51:46+00:00","dateModified":"2025-06-12T14:54:06+00:00","description":"Interrupteur automatique qui l d\u00e9tecte et coupe le courant inutile. Il supprime toute pollution \u00e9lectrique sur le r\u00e9seau pendant que vous dormez.","breadcrumb":{"@id":"https:\/\/nature-et-developpement.com\/logisain-78\/produit\/interrupteur-automatique-de-champ-iac-gigahertz-comfort-7\/#breadcrumb"},"inLanguage":"fr-FR","potentialAction":[{"@type":"ReadAction","target":["https:\/\/nature-et-developpement.com\/logisain-78\/produit\/interrupteur-automatique-de-champ-iac-gigahertz-comfort-7\/"]}]},{"@type":"ImageObject","inLanguage":"fr-FR","@id":"https:\/\/nature-et-developpement.com\/logisain-78\/produit\/interrupteur-automatique-de-champ-iac-gigahertz-comfort-7\/#primaryimage","url":"https:\/\/nature-et-developpement.com\/logisain-78\/wp-content\/uploads\/Interrupteur-automatique-de-champ-IAC-GIGAHERTZ-COMFORT-7.jpg","contentUrl":"https:\/\/nature-et-developpement.com\/logisain-78\/wp-content\/uploads\/Interrupteur-automatique-de-champ-IAC-GIGAHERTZ-COMFORT-7.jpg"},{"@type":"BreadcrumbList","@id":"https:\/\/nature-et-developpement.com\/logisain-78\/produit\/interrupteur-automatique-de-champ-iac-gigahertz-comfort-7\/#breadcrumb","itemListElement":[{"@type":"ListItem","position":1,"name":"Accueil","item":"https:\/\/nature-et-developpement.com\/logisain-78\/"},{"@type":"ListItem","position":2,"name":"Produits","item":"https:\/\/nature-et-developpement.com\/logisain-78\/shop\/"},{"@type":"ListItem","position":3,"name":"Chauffage, eau et \u00e9nergie","item":"https:\/\/nature-et-developpement.com\/logisain-78\/produits\/energie-et-ventilation\/"},{"@type":"ListItem","position":4,"name":"Bio \u00e9lectricit\u00e9","item":"https:\/\/nature-et-developpement.com\/logisain-78\/produits\/energie-et-ventilation\/bio-electricite\/"},{"@type":"ListItem","position":5,"name":"Interrupteur automatique de champ (IAC) GIGAHERTZ NA 7 CONFORT"}]},{"@type":"WebSite","@id":"https:\/\/nature-et-developpement.com\/logisain-78\/#website","url":"https:\/\/nature-et-developpement.com\/logisain-78\/","name":"LOGISAIN 78 \u2013 Magasin de mat\u00e9riaux biosourc\u00e9s","description":"Logisain 78 est membre du groupement Nature &amp; D\u00e9veloppement","publisher":{"@id":"https:\/\/nature-et-developpement.com\/logisain-78\/#organization"},"potentialAction":[{"@type":"SearchAction","target":{"@type":"EntryPoint","urlTemplate":"https:\/\/nature-et-developpement.com\/logisain-78\/?s={search_term_string}"},"query-input":{"@type":"PropertyValueSpecification","valueRequired":true,"valueName":"search_term_string"}}],"inLanguage":"fr-FR"},{"@type":"Organization","@id":"https:\/\/nature-et-developpement.com\/logisain-78\/#organization","name":"Logisain 78","url":"https:\/\/nature-et-developpement.com\/logisain-78\/","logo":{"@type":"ImageObject","inLanguage":"fr-FR","@id":"https:\/\/nature-et-developpement.com\/logisain-78\/#\/schema\/logo\/image\/","url":"https:\/\/nature-et-developpement.com\/logisain-78\/wp-content\/uploads\/sites\/5\/2021\/08\/logo-logisain.jpg","contentUrl":"https:\/\/nature-et-developpement.com\/logisain-78\/wp-content\/uploads\/sites\/5\/2021\/08\/logo-logisain.jpg","width":672,"height":455,"caption":"Logisain 78"},"image":{"@id":"https:\/\/nature-et-developpement.com\/logisain-78\/#\/schema\/logo\/image\/"}}]}},"distributor_meta":false,"distributor_terms":false,"distributor_media":false,"distributor_original_site_name":"LOGISAIN 78 \u2013 Magasin de mat\u00e9riaux biosourc\u00e9s","distributor_original_site_url":"https:\/\/nature-et-developpement.com\/logisain-78","push-errors":false,"_links":{"self":[{"href":"https:\/\/nature-et-developpement.com\/logisain-78\/wp-json\/wp\/v2\/product\/9460","targetHints":{"allow":["GET"]}}],"collection":[{"href":"https:\/\/nature-et-developpement.com\/logisain-78\/wp-json\/wp\/v2\/product"}],"about":[{"href":"https:\/\/nature-et-developpement.com\/logisain-78\/wp-json\/wp\/v2\/types\/product"}],"wp:featuredmedia":[{"embeddable":true,"href":"https:\/\/nature-et-developpement.com\/logisain-78\/wp-json\/"}],"wp:attachment":[{"href":"https:\/\/nature-et-developpement.com\/logisain-78\/wp-json\/wp\/v2\/media?parent=9460"}],"wp:term":[{"taxonomy":"product_brand","embeddable":true,"href":"https:\/\/nature-et-developpement.com\/logisain-78\/wp-json\/wp\/v2\/product_brand?post=9460"},{"taxonomy":"product_cat","embeddable":true,"href":"https:\/\/nature-et-developpement.com\/logisain-78\/wp-json\/wp\/v2\/product_cat?post=9460"},{"taxonomy":"product_tag","embeddable":true,"href":"https:\/\/nature-et-developpement.com\/logisain-78\/wp-json\/wp\/v2\/product_tag?post=9460"}],"curies":[{"name":"wp","href":"https:\/\/api.w.org\/{rel}","templated":true}]}}