{"id":9471,"date":"2019-08-07T16:51:37","date_gmt":"2019-08-07T14:51:37","guid":{"rendered":"https:\/\/nature-et-developpement.com\/logisain78\/produit\/profile-chataignier-inno-wood-pour-ossature-bois\/"},"modified":"2025-06-12T16:54:11","modified_gmt":"2025-06-12T14:54:11","slug":"profile-chataignier-inno-wood-pour-ossature-bois","status":"publish","type":"product","link":"https:\/\/nature-et-developpement.com\/logisain-78\/produit\/profile-chataignier-inno-wood-pour-ossature-bois\/","title":{"rendered":"Profil\u00e9 Ch\u00e2taignier INNO-WOOD pour ossature bois"},"content":{"rendered":"<p><span>Pour cloisons et doublages int\u00e9rieurs. En doublage de plafond : nous consulter pour sp\u00e9cificit\u00e9s.<\/span><\/p>\n<p><span>Id\u00e9al pour construire cloisons et doublages, ce concept bois a de nombreux avantages par rapport aux structures m\u00e9talliques :<\/span><\/p>\n<ul>\n<li><span>Suppression des ponts thermiques et meilleure isolation phonique<\/span><\/li>\n<\/ul>\n<ul>\n<li><span>Facilit\u00e9 de pose puisqu\u2019un seul type de profil\u00e9 r\u00e9pond aux besoins cumul\u00e9s de rails et montants<\/span><\/li>\n<\/ul>\n<ul>\n<li><span>Facilit\u00e9 de coupe (scie \u00e9go\u00efne)<\/span><\/li>\n<\/ul>\n<ul>\n<li><span>S\u00e9curit\u00e9 (absence de pointes et faces tranchants)<\/span><\/li>\n<\/ul>\n<ul>\n<li><span>Empreinte carbone optimale : outre que la croissance du bois absorbe du gaz carbonique, les bois utilis\u00e9s sont travaill\u00e9s sur place, et peuvent \u00eatre compost\u00e9s en fin de cha\u00eene<\/span><\/li>\n<\/ul>\n<ul>\n<li><span>Facilit\u00e9 technique : les pr\u00e9-per\u00e7ages lisses permettent le passage de gaines, et facilitent la pose au sol et au plafond ; il est possible d\u2019agrafer l\u2019isolant dans le bois et d\u2019\u00e9viter des tassements<\/span><\/li>\n<\/ul>\n<p><span>Vid\u00e9o de pr\u00e9sentation Inno-wood<\/span><\/p>\n<p><span style=\"text-decoration:underline\"><strong><span class=\"corps2\">Dimensions<\/span><\/strong><\/span><strong><span class=\"corps2\"> :<\/span><\/strong><\/p>\n<p>Profil\u00e9s : 48 x 45 x 2600 mm<br \/>Clavettes courtes\u00a0pour assemblages perpendiculaires : 150 mm<br \/>Clavettes longues\u00a0pour prolongation montants : 300 mm<\/p>\n<\/p>\n<p><span style=\"text-decoration:underline\"><strong>Consommations<\/strong><\/span><strong> :<\/strong><\/p>\n<p><span class=\"corps2\">Consommation moyenne profil\u00e9s<\/span>\u00a0: 3ml (soit 1,15 unit\u00e9s) \/ m2 de cloison<br \/><span class=\"corps2\">Consommation moyenne clavettes courtes<\/span>\u00a0: 1,3 unit\u00e9s\/m2 de cloison (soit 1,1 unit\u00e9s \/ profil\u00e9)<br \/><span class=\"corps2\">Consommation moyenne\u00a0vis<\/span> : 3 \u00e0 5 \/ profil\u00e9<\/p>\n<p><span><span class=\"corps2\">Mise en oeuvre<\/span>\u00a0(embout Posidriv n\u00b01)<\/span>\u00a0:<br \/>Pour assemblage Inno-wood, et pour Placopl\u00e2tre : utiliser les vis sp\u00e9ciales Inno-wood.<br \/>Pour\u00a0Fermacell: utiliser les vis Fermacell.<br \/>Les barres support doivent \u00eatre viss\u00e9s au sol.<\/p><\/p>\n","protected":false},"excerpt":{"rendered":"<p><span>Ce produit brevet\u00e9 est r\u00e9alis\u00e9 en France avec du ch\u00e2taignier local r\u00e9cup\u00e9r\u00e9 dans les parqueteries. Le ch\u00e2taignier est r\u00e9put\u00e9 pour sa forte stabilit\u00e9 dimensionnelle, et son excellente r\u00e9sistance naturelle aux insectes et champignons.<\/span><\/p>\n","protected":false},"featured_media":9468,"template":"","meta":[],"product_brand":[2844],"product_cat":[134,132,131,91,2904,2909],"product_tag":[],"class_list":{"0":"post-9471","1":"product","2":"type-product","3":"status-publish","4":"has-post-thumbnail","6":"product_brand-inno-wood","7":"product_cat-accessoires-isolation-et-etancheite","8":"product_cat-cloisons-et-doublage","9":"product_cat-construction-maison-bois","10":"product_cat-construction","11":"product_cat-demande-de-devis-uniquement-avec-prix","12":"product_cat-demande-de-devis-uniquement-sans-prix","14":"first","15":"instock","16":"taxable","17":"shipping-taxable","18":"purchasable","19":"product-type-simple"},"yoast_head":"<!-- This site is optimized with the Yoast SEO plugin v27.5 - https:\/\/yoast.com\/product\/yoast-seo-wordpress\/ -->\n<title>Profil\u00e9 Ch\u00e2taignier INNO-WOOD pour ossature bois<\/title>\n<meta name=\"description\" content=\"Ce produit brevet\u00e9 est r\u00e9alis\u00e9 en France avec du ch\u00e2taignier local r\u00e9cup\u00e9r\u00e9 dans les parqueteries. Le ch\u00e2taignier est r\u00e9put\u00e9 pour sa forte stabilit\u00e9 dimensionnelle, et son excellente r\u00e9sistance naturelle aux insectes et champignons.\" \/>\n<meta name=\"robots\" content=\"noindex, follow\" \/>\n<meta property=\"og:locale\" content=\"fr_FR\" \/>\n<meta property=\"og:type\" content=\"article\" \/>\n<meta property=\"og:title\" content=\"Profil\u00e9 Ch\u00e2taignier INNO-WOOD pour ossature bois\" \/>\n<meta property=\"og:description\" content=\"Ce produit brevet\u00e9 est r\u00e9alis\u00e9 en France avec du ch\u00e2taignier local r\u00e9cup\u00e9r\u00e9 dans les parqueteries. Le ch\u00e2taignier est r\u00e9put\u00e9 pour sa forte stabilit\u00e9 dimensionnelle, et son excellente r\u00e9sistance naturelle aux insectes et champignons.\" \/>\n<meta property=\"og:url\" content=\"https:\/\/nature-et-developpement.com\/logisain-78\/produit\/profile-chataignier-inno-wood-pour-ossature-bois\/\" \/>\n<meta property=\"og:site_name\" content=\"LOGISAIN 78 \u2013 Magasin de mat\u00e9riaux biosourc\u00e9s\" \/>\n<meta property=\"article:modified_time\" content=\"2025-06-12T14:54:11+00:00\" \/>\n<meta property=\"og:image\" content=\"https:\/\/nature-et-developpement.com\/logisain-78\/wp-content\/uploads\/sites\/5\/2021\/06\/25569-Ossature-bois-Inno-wood.jpg\" \/>\n\t<meta property=\"og:image:width\" content=\"800\" \/>\n\t<meta property=\"og:image:height\" content=\"800\" \/>\n\t<meta property=\"og:image:type\" content=\"image\/jpeg\" \/>\n<meta name=\"twitter:card\" content=\"summary_large_image\" \/>\n<meta name=\"twitter:label1\" content=\"Dur\u00e9e de lecture estim\u00e9e\" \/>\n\t<meta name=\"twitter:data1\" content=\"1 minute\" \/>\n<script type=\"application\/ld+json\" class=\"yoast-schema-graph\">{\"@context\":\"https:\\\/\\\/schema.org\",\"@graph\":[{\"@type\":\"WebPage\",\"@id\":\"https:\\\/\\\/nature-et-developpement.com\\\/logisain-78\\\/produit\\\/profile-chataignier-inno-wood-pour-ossature-bois\\\/\",\"url\":\"https:\\\/\\\/nature-et-developpement.com\\\/logisain-78\\\/produit\\\/profile-chataignier-inno-wood-pour-ossature-bois\\\/\",\"name\":\"Profil\u00e9 Ch\u00e2taignier INNO-WOOD pour ossature bois\",\"isPartOf\":{\"@id\":\"https:\\\/\\\/nature-et-developpement.com\\\/logisain-78\\\/#website\"},\"primaryImageOfPage\":{\"@id\":\"https:\\\/\\\/nature-et-developpement.com\\\/logisain-78\\\/produit\\\/profile-chataignier-inno-wood-pour-ossature-bois\\\/#primaryimage\"},\"image\":{\"@id\":\"https:\\\/\\\/nature-et-developpement.com\\\/logisain-78\\\/produit\\\/profile-chataignier-inno-wood-pour-ossature-bois\\\/#primaryimage\"},\"thumbnailUrl\":\"https:\\\/\\\/nature-et-developpement.com\\\/logisain-78\\\/wp-content\\\/uploads\\\/sites\\\/5\\\/2021\\\/06\\\/25569-Ossature-bois-Inno-wood.jpg\",\"datePublished\":\"2019-08-07T14:51:37+00:00\",\"dateModified\":\"2025-06-12T14:54:11+00:00\",\"description\":\"Ce produit brevet\u00e9 est r\u00e9alis\u00e9 en France avec du ch\u00e2taignier local r\u00e9cup\u00e9r\u00e9 dans les parqueteries. Le ch\u00e2taignier est r\u00e9put\u00e9 pour sa forte stabilit\u00e9 dimensionnelle, et son excellente r\u00e9sistance naturelle aux insectes et champignons.\",\"breadcrumb\":{\"@id\":\"https:\\\/\\\/nature-et-developpement.com\\\/logisain-78\\\/produit\\\/profile-chataignier-inno-wood-pour-ossature-bois\\\/#breadcrumb\"},\"inLanguage\":\"fr-FR\",\"potentialAction\":[{\"@type\":\"ReadAction\",\"target\":[\"https:\\\/\\\/nature-et-developpement.com\\\/logisain-78\\\/produit\\\/profile-chataignier-inno-wood-pour-ossature-bois\\\/\"]}]},{\"@type\":\"ImageObject\",\"inLanguage\":\"fr-FR\",\"@id\":\"https:\\\/\\\/nature-et-developpement.com\\\/logisain-78\\\/produit\\\/profile-chataignier-inno-wood-pour-ossature-bois\\\/#primaryimage\",\"url\":\"https:\\\/\\\/nature-et-developpement.com\\\/logisain-78\\\/wp-content\\\/uploads\\\/sites\\\/5\\\/2021\\\/06\\\/25569-Ossature-bois-Inno-wood.jpg\",\"contentUrl\":\"https:\\\/\\\/nature-et-developpement.com\\\/logisain-78\\\/wp-content\\\/uploads\\\/sites\\\/5\\\/2021\\\/06\\\/25569-Ossature-bois-Inno-wood.jpg\",\"width\":800,\"height\":800,\"caption\":\"Ossature bois Inno-wood\"},{\"@type\":\"BreadcrumbList\",\"@id\":\"https:\\\/\\\/nature-et-developpement.com\\\/logisain-78\\\/produit\\\/profile-chataignier-inno-wood-pour-ossature-bois\\\/#breadcrumb\",\"itemListElement\":[{\"@type\":\"ListItem\",\"position\":1,\"name\":\"Accueil\",\"item\":\"https:\\\/\\\/nature-et-developpement.com\\\/logisain-78\\\/\"},{\"@type\":\"ListItem\",\"position\":2,\"name\":\"Produits\",\"item\":\"https:\\\/\\\/nature-et-developpement.com\\\/logisain-78\\\/shop\\\/\"},{\"@type\":\"ListItem\",\"position\":3,\"name\":\"Construction, cloison et fen\u00eatres\",\"item\":\"https:\\\/\\\/nature-et-developpement.com\\\/logisain-78\\\/produits\\\/construction\\\/\"},{\"@type\":\"ListItem\",\"position\":4,\"name\":\"Construction bois\",\"item\":\"https:\\\/\\\/nature-et-developpement.com\\\/logisain-78\\\/produits\\\/construction\\\/construction-maison-bois\\\/\"},{\"@type\":\"ListItem\",\"position\":5,\"name\":\"Profil\u00e9 Ch\u00e2taignier INNO-WOOD pour ossature bois\"}]},{\"@type\":\"WebSite\",\"@id\":\"https:\\\/\\\/nature-et-developpement.com\\\/logisain-78\\\/#website\",\"url\":\"https:\\\/\\\/nature-et-developpement.com\\\/logisain-78\\\/\",\"name\":\"LOGISAIN 78 \u2013 Magasin de mat\u00e9riaux biosourc\u00e9s\",\"description\":\"Logisain 78 est membre du groupement Nature &amp; D\u00e9veloppement\",\"publisher\":{\"@id\":\"https:\\\/\\\/nature-et-developpement.com\\\/logisain-78\\\/#organization\"},\"potentialAction\":[{\"@type\":\"SearchAction\",\"target\":{\"@type\":\"EntryPoint\",\"urlTemplate\":\"https:\\\/\\\/nature-et-developpement.com\\\/logisain-78\\\/?s={search_term_string}\"},\"query-input\":{\"@type\":\"PropertyValueSpecification\",\"valueRequired\":true,\"valueName\":\"search_term_string\"}}],\"inLanguage\":\"fr-FR\"},{\"@type\":\"Organization\",\"@id\":\"https:\\\/\\\/nature-et-developpement.com\\\/logisain-78\\\/#organization\",\"name\":\"Logisain 78\",\"url\":\"https:\\\/\\\/nature-et-developpement.com\\\/logisain-78\\\/\",\"logo\":{\"@type\":\"ImageObject\",\"inLanguage\":\"fr-FR\",\"@id\":\"https:\\\/\\\/nature-et-developpement.com\\\/logisain-78\\\/#\\\/schema\\\/logo\\\/image\\\/\",\"url\":\"https:\\\/\\\/nature-et-developpement.com\\\/logisain-78\\\/wp-content\\\/uploads\\\/sites\\\/5\\\/2021\\\/08\\\/logo-logisain.jpg\",\"contentUrl\":\"https:\\\/\\\/nature-et-developpement.com\\\/logisain-78\\\/wp-content\\\/uploads\\\/sites\\\/5\\\/2021\\\/08\\\/logo-logisain.jpg\",\"width\":672,\"height\":455,\"caption\":\"Logisain 78\"},\"image\":{\"@id\":\"https:\\\/\\\/nature-et-developpement.com\\\/logisain-78\\\/#\\\/schema\\\/logo\\\/image\\\/\"}}]}<\/script>\n<!-- \/ Yoast SEO plugin. -->","yoast_head_json":{"title":"Profil\u00e9 Ch\u00e2taignier INNO-WOOD pour ossature bois","description":"Ce produit brevet\u00e9 est r\u00e9alis\u00e9 en France avec du ch\u00e2taignier local r\u00e9cup\u00e9r\u00e9 dans les parqueteries. Le ch\u00e2taignier est r\u00e9put\u00e9 pour sa forte stabilit\u00e9 dimensionnelle, et son excellente r\u00e9sistance naturelle aux insectes et champignons.","robots":{"index":"noindex","follow":"follow"},"og_locale":"fr_FR","og_type":"article","og_title":"Profil\u00e9 Ch\u00e2taignier INNO-WOOD pour ossature bois","og_description":"Ce produit brevet\u00e9 est r\u00e9alis\u00e9 en France avec du ch\u00e2taignier local r\u00e9cup\u00e9r\u00e9 dans les parqueteries. Le ch\u00e2taignier est r\u00e9put\u00e9 pour sa forte stabilit\u00e9 dimensionnelle, et son excellente r\u00e9sistance naturelle aux insectes et champignons.","og_url":"https:\/\/nature-et-developpement.com\/logisain-78\/produit\/profile-chataignier-inno-wood-pour-ossature-bois\/","og_site_name":"LOGISAIN 78 \u2013 Magasin de mat\u00e9riaux biosourc\u00e9s","article_modified_time":"2025-06-12T14:54:11+00:00","og_image":[{"width":800,"height":800,"url":"https:\/\/nature-et-developpement.com\/logisain-78\/wp-content\/uploads\/sites\/5\/2021\/06\/25569-Ossature-bois-Inno-wood.jpg","type":"image\/jpeg"}],"twitter_card":"summary_large_image","twitter_misc":{"Dur\u00e9e de lecture estim\u00e9e":"1 minute"},"schema":{"@context":"https:\/\/schema.org","@graph":[{"@type":"WebPage","@id":"https:\/\/nature-et-developpement.com\/logisain-78\/produit\/profile-chataignier-inno-wood-pour-ossature-bois\/","url":"https:\/\/nature-et-developpement.com\/logisain-78\/produit\/profile-chataignier-inno-wood-pour-ossature-bois\/","name":"Profil\u00e9 Ch\u00e2taignier INNO-WOOD pour ossature bois","isPartOf":{"@id":"https:\/\/nature-et-developpement.com\/logisain-78\/#website"},"primaryImageOfPage":{"@id":"https:\/\/nature-et-developpement.com\/logisain-78\/produit\/profile-chataignier-inno-wood-pour-ossature-bois\/#primaryimage"},"image":{"@id":"https:\/\/nature-et-developpement.com\/logisain-78\/produit\/profile-chataignier-inno-wood-pour-ossature-bois\/#primaryimage"},"thumbnailUrl":"https:\/\/nature-et-developpement.com\/logisain-78\/wp-content\/uploads\/sites\/5\/2021\/06\/25569-Ossature-bois-Inno-wood.jpg","datePublished":"2019-08-07T14:51:37+00:00","dateModified":"2025-06-12T14:54:11+00:00","description":"Ce produit brevet\u00e9 est r\u00e9alis\u00e9 en France avec du ch\u00e2taignier local r\u00e9cup\u00e9r\u00e9 dans les parqueteries. Le ch\u00e2taignier est r\u00e9put\u00e9 pour sa forte stabilit\u00e9 dimensionnelle, et son excellente r\u00e9sistance naturelle aux insectes et champignons.","breadcrumb":{"@id":"https:\/\/nature-et-developpement.com\/logisain-78\/produit\/profile-chataignier-inno-wood-pour-ossature-bois\/#breadcrumb"},"inLanguage":"fr-FR","potentialAction":[{"@type":"ReadAction","target":["https:\/\/nature-et-developpement.com\/logisain-78\/produit\/profile-chataignier-inno-wood-pour-ossature-bois\/"]}]},{"@type":"ImageObject","inLanguage":"fr-FR","@id":"https:\/\/nature-et-developpement.com\/logisain-78\/produit\/profile-chataignier-inno-wood-pour-ossature-bois\/#primaryimage","url":"https:\/\/nature-et-developpement.com\/logisain-78\/wp-content\/uploads\/sites\/5\/2021\/06\/25569-Ossature-bois-Inno-wood.jpg","contentUrl":"https:\/\/nature-et-developpement.com\/logisain-78\/wp-content\/uploads\/sites\/5\/2021\/06\/25569-Ossature-bois-Inno-wood.jpg","width":800,"height":800,"caption":"Ossature bois Inno-wood"},{"@type":"BreadcrumbList","@id":"https:\/\/nature-et-developpement.com\/logisain-78\/produit\/profile-chataignier-inno-wood-pour-ossature-bois\/#breadcrumb","itemListElement":[{"@type":"ListItem","position":1,"name":"Accueil","item":"https:\/\/nature-et-developpement.com\/logisain-78\/"},{"@type":"ListItem","position":2,"name":"Produits","item":"https:\/\/nature-et-developpement.com\/logisain-78\/shop\/"},{"@type":"ListItem","position":3,"name":"Construction, cloison et fen\u00eatres","item":"https:\/\/nature-et-developpement.com\/logisain-78\/produits\/construction\/"},{"@type":"ListItem","position":4,"name":"Construction bois","item":"https:\/\/nature-et-developpement.com\/logisain-78\/produits\/construction\/construction-maison-bois\/"},{"@type":"ListItem","position":5,"name":"Profil\u00e9 Ch\u00e2taignier INNO-WOOD pour ossature bois"}]},{"@type":"WebSite","@id":"https:\/\/nature-et-developpement.com\/logisain-78\/#website","url":"https:\/\/nature-et-developpement.com\/logisain-78\/","name":"LOGISAIN 78 \u2013 Magasin de mat\u00e9riaux biosourc\u00e9s","description":"Logisain 78 est membre du groupement Nature &amp; D\u00e9veloppement","publisher":{"@id":"https:\/\/nature-et-developpement.com\/logisain-78\/#organization"},"potentialAction":[{"@type":"SearchAction","target":{"@type":"EntryPoint","urlTemplate":"https:\/\/nature-et-developpement.com\/logisain-78\/?s={search_term_string}"},"query-input":{"@type":"PropertyValueSpecification","valueRequired":true,"valueName":"search_term_string"}}],"inLanguage":"fr-FR"},{"@type":"Organization","@id":"https:\/\/nature-et-developpement.com\/logisain-78\/#organization","name":"Logisain 78","url":"https:\/\/nature-et-developpement.com\/logisain-78\/","logo":{"@type":"ImageObject","inLanguage":"fr-FR","@id":"https:\/\/nature-et-developpement.com\/logisain-78\/#\/schema\/logo\/image\/","url":"https:\/\/nature-et-developpement.com\/logisain-78\/wp-content\/uploads\/sites\/5\/2021\/08\/logo-logisain.jpg","contentUrl":"https:\/\/nature-et-developpement.com\/logisain-78\/wp-content\/uploads\/sites\/5\/2021\/08\/logo-logisain.jpg","width":672,"height":455,"caption":"Logisain 78"},"image":{"@id":"https:\/\/nature-et-developpement.com\/logisain-78\/#\/schema\/logo\/image\/"}}]}},"distributor_meta":false,"distributor_terms":false,"distributor_media":false,"distributor_original_site_name":"LOGISAIN 78 \u2013 Magasin de mat\u00e9riaux biosourc\u00e9s","distributor_original_site_url":"https:\/\/nature-et-developpement.com\/logisain-78","push-errors":false,"_links":{"self":[{"href":"https:\/\/nature-et-developpement.com\/logisain-78\/wp-json\/wp\/v2\/product\/9471","targetHints":{"allow":["GET"]}}],"collection":[{"href":"https:\/\/nature-et-developpement.com\/logisain-78\/wp-json\/wp\/v2\/product"}],"about":[{"href":"https:\/\/nature-et-developpement.com\/logisain-78\/wp-json\/wp\/v2\/types\/product"}],"wp:featuredmedia":[{"embeddable":true,"href":"https:\/\/nature-et-developpement.com\/logisain-78\/wp-json\/wp\/v2\/media\/9468"}],"wp:attachment":[{"href":"https:\/\/nature-et-developpement.com\/logisain-78\/wp-json\/wp\/v2\/media?parent=9471"}],"wp:term":[{"taxonomy":"product_brand","embeddable":true,"href":"https:\/\/nature-et-developpement.com\/logisain-78\/wp-json\/wp\/v2\/product_brand?post=9471"},{"taxonomy":"product_cat","embeddable":true,"href":"https:\/\/nature-et-developpement.com\/logisain-78\/wp-json\/wp\/v2\/product_cat?post=9471"},{"taxonomy":"product_tag","embeddable":true,"href":"https:\/\/nature-et-developpement.com\/logisain-78\/wp-json\/wp\/v2\/product_tag?post=9471"}],"curies":[{"name":"wp","href":"https:\/\/api.w.org\/{rel}","templated":true}]}}