{"id":9518,"date":"2019-01-01T00:00:00","date_gmt":"2018-12-31T23:00:00","guid":{"rendered":"https:\/\/nature-et-developpement.com\/logisain78\/produit\/peinture-blanche-mat-grands-travaux-10l-natura\/"},"modified":"2025-06-12T16:57:48","modified_gmt":"2025-06-12T14:57:48","slug":"peinture-ecologique-blanche-mat-grands-travaux-10l","status":"publish","type":"product","link":"https:\/\/nature-et-developpement.com\/logisain-78\/produit\/peinture-ecologique-blanche-mat-grands-travaux-10l\/","title":{"rendered":"Peinture \u00e9cologique blanche Mat Grands Travaux 10L de Natura"},"content":{"rendered":"<p>Peinture blanche NATURA mat profond pour les grands travaux apporte\u00a0clart\u00e9\u00a0et naturel, en att\u00e9nuant les d\u00e9fauts de surface.<\/p>\n<p>Tr\u00e8s facile \u00e0 mettre en \u0153uvre, tr\u00e8s couvrante et un excellent rendement sur tous les supports classiques imprim\u00e9s: pl\u00e2tre, placo, fermacell, papier \u00e0 peindre, toile de verre, etc&#8230;. Monocouche en r\u00e9habilitation<\/p>\n<p>Peinture sans nocivit\u00e9 ce qui\u00a0est la garantie d&rsquo;un produit respectueux de l&rsquo;environnement et de\u00a0votre sant\u00e9.<\/p>\n<p><b>Qualit\u00e9s environnementales <\/b>:<br \/>\nSubstance naturelle :80%<br \/>\nSubstance d\u2019origine naturelle transform\u00e9e :7%<br \/>\nSubstance p\u00e9trochimique :1%<br \/>\nDioxyde de titane (minerai transform\u00e9 chimiquement) : 12%<br \/>\nTr\u00e8s faible taux de C.O.V. (&lt;0,2g\/L en mat)<br \/>\nPas de solvant, pas de co-solvant<br \/>\nM\u00eames performances techniques que celles exig\u00e9es par l&rsquo;Ecolabel, attest\u00e9es par laboratoire tierce partie<\/p>\n<p><b>Supports : <\/b>Tous les supports classiques du b\u00e2timent d\u00fbment imprim\u00e9s avec TASSILI PRIMAIRE. Sur pl\u00e2tre, placopl\u00e2tre, Fermacell ou \u00e9quivalent, papier \u00e0 peindre, toile de verre, etc&#8230;<\/p>\n<p><strong>Consommation :<\/strong> 13m\u00b2\/L par couche sur support imprim\u00e9<\/p>\n<p><b>Pr\u00e9paration<\/b> :<br \/>\n&#8211; Les surfaces \u00e0 peindre doivent \u00eatre propres, saines et s\u00e8ches.<br \/>\n&#8211; Les anciennes peintures non adh\u00e9rentes doivent \u00eatre \u00e9limin\u00e9es<br \/>\n&#8211; Supports non peints: d\u00e9poussi\u00e9rer \u00e0 l&rsquo;\u00e9ponge humide, laisser s\u00e9cher et appliquer imp\u00e9rativement une couche de TASSILI PRIMAIRE<br \/>\n&#8211; Anciennes peintures: lessiver et rincer le support, laisser s\u00e9cher, \u00e9ventuellement poncer l\u00e9g\u00e8rement de celles qui sont brillantes ou satin\u00e9es puis deux couche de peinture<\/p>\n<p><b>Application <\/b>:<br \/>\n&#8211; Brosse<br \/>\n&#8211; Rouleau microfibre<br \/>\n&#8211; Airless, station de peinture<\/p>\n<p><b>Mise en oeuvre<\/b> :<br \/>\n&#8211; M\u00e9langer le produit avec soin. Pensez \u00e0 prot\u00e9ger ce qui ne doit \u00eatre peint.<br \/>\n&#8211; Appliquer \u00e0 temp\u00e9rature ambiante de 15 \u00e0 25\u00b0C apr\u00e8s homog\u00e9n\u00e9isation du produit.<br \/>\n&#8211; Commencer par un angle sup\u00e9rieur au rouleau laqueur 4mm ou microfibre 6mm.<br \/>\n&#8211; Appliquer verticalement par bande de 50 \u00e0 60 cm\u00a0<b>sans croiser<\/b><br \/>\n&#8211; Rechampir au pinceau au fur et \u00e0 mesure du travail<br \/>\n&#8211; Unir au rouleau rechampis et zones peintes en s&rsquo;accrochant au plus pr\u00e8s des angles<br \/>\n&#8211; Une fois en bas de mur, terminer en lissant de bas en haut, sans pression et d&rsquo;un seul geste, sans recharger le rouleau<br \/>\n&#8211; Progresser ainsi jusqu&rsquo;au bout du pan de mur qu&rsquo;il faut toujours terminer quand on l&rsquo;a commenc\u00e9 (risque de trace de reprise)conditions.<\/p>\n<p><strong>Dilution :<\/strong> 5%<\/p>\n<p><strong>S\u00e9chage :<\/strong><br \/>\n&#8211; Sec au toucher : 30mn<br \/>\n&#8211; Recouvrable : 6h \u00e0 8h<\/p>\n<p><strong>Composition :<\/strong><br \/>\nComposition*: eau (1), carbonate de calcium (1), dioxyde de titane (4), kaolin (1), carbonate de calcium pr\u00e9cipit\u00e9 (2), silicates d&rsquo;aluminium magn\u00e9sium (type de kaolin)(1), damar (1), standolie d&rsquo;huile de lin (1), cas\u00e9ine (2), hexam\u00e9taphosphate de sodium (2), huile de chanvre (1), r\u00e9sinate de zinc (2), antimousse \u00e0 base d&rsquo;huile v\u00e9g\u00e9tale (3), conservateurs \u00e0 base de m\u00e9thyl- et benzoisothiazolinones (3), \u00e9paississant \u00e0 base d&rsquo;\u00e9ther de cellulose (2)(3), hydroxyde de sodium (2), conservateurs \u00e0 base de m\u00e9thyl- et chloroisothiazolinones (3), aluminosilicate de sodium polysulfur\u00e9 (2).<br \/>\n(1) Substance naturelle :80% &#8211; (2) Substance d\u2019origine naturelle transform\u00e9e :7% &#8211; (3) Substance p\u00e9trochimique :1% &#8211; (4) Dioxyde de titane (minerai transform\u00e9 chimiquement) : 12%<\/p>\n","protected":false},"excerpt":{"rendered":"<p>Technicit\u00e9 et facilit\u00e9 d&#8217;emploi associ\u00e9es au prix le plus juste.<br \/>\nPeinture \u00e9cologique de finition blanche, d&rsquo;origine v\u00e9g\u00e9tale et min\u00e9rale, int\u00e9rieur, mat. Adapt\u00e9e aux pi\u00e8ces s\u00e8ches, et compatible avec tous les supports classiques du b\u00e2timent (murs et plafonds).<br \/>\nBeau mat profond, couvrant et garnissant &#8211; Monocouche en r\u00e9habilitation.<\/p>\n","protected":false},"featured_media":26968,"template":"","meta":[],"product_brand":[2855],"product_cat":[47,108],"product_tag":[],"class_list":{"0":"post-9518","1":"product","2":"type-product","3":"status-publish","4":"has-post-thumbnail","6":"product_brand-natura","7":"product_cat-peinture-et-enduit","8":"product_cat-peinture-ecologique","9":"product_shipping_class-peintures-accessoires-peintures","11":"first","12":"instock","13":"taxable","14":"shipping-taxable","15":"purchasable","16":"product-type-variable"},"yoast_head":"<!-- This site is optimized with the Yoast SEO plugin v27.5 - https:\/\/yoast.com\/product\/yoast-seo-wordpress\/ -->\n<title>Peinture \u00e9cologique blanche Mat Grands Travaux 10L de Natura<\/title>\n<meta name=\"description\" content=\"Technicit\u00e9 et facilit\u00e9 d&#039;emploi associ\u00e9es au prix le plus juste. Peinture \u00e9cologique de finition blanche, d&#039;origine v\u00e9g\u00e9tale et min\u00e9rale, int\u00e9rieur, mat. Adapt\u00e9e aux pi\u00e8ces s\u00e8ches, et compatible avec tous les supports classiques du b\u00e2timent (murs et plafonds). Beau mat profond, couvrant et garnissant - Monocouche en r\u00e9habilitation.\" \/>\n<meta name=\"robots\" content=\"noindex, follow\" \/>\n<meta property=\"og:locale\" content=\"fr_FR\" \/>\n<meta property=\"og:type\" content=\"article\" \/>\n<meta property=\"og:title\" content=\"Peinture \u00e9cologique blanche Mat Grands Travaux 10L de Natura\" \/>\n<meta property=\"og:description\" content=\"Technicit\u00e9 et facilit\u00e9 d&#039;emploi associ\u00e9es au prix le plus juste. Peinture \u00e9cologique de finition blanche, d&#039;origine v\u00e9g\u00e9tale et min\u00e9rale, int\u00e9rieur, mat. Adapt\u00e9e aux pi\u00e8ces s\u00e8ches, et compatible avec tous les supports classiques du b\u00e2timent (murs et plafonds). Beau mat profond, couvrant et garnissant - Monocouche en r\u00e9habilitation.\" \/>\n<meta property=\"og:url\" content=\"https:\/\/nature-et-developpement.com\/logisain-78\/produit\/peinture-ecologique-blanche-mat-grands-travaux-10l\/\" \/>\n<meta property=\"og:site_name\" content=\"LOGISAIN 78 \u2013 Magasin de mat\u00e9riaux biosourc\u00e9s\" \/>\n<meta property=\"article:modified_time\" content=\"2025-06-12T14:57:48+00:00\" \/>\n<meta property=\"og:image\" content=\"https:\/\/nature-et-developpement.com\/logisain-78\/wp-content\/uploads\/sites\/5\/2022\/03\/Peinture-blanche-Mat-Grands-Travaux-10L-NATURA.jpg\" \/>\n\t<meta property=\"og:image:width\" content=\"800\" \/>\n\t<meta property=\"og:image:height\" content=\"800\" \/>\n\t<meta property=\"og:image:type\" content=\"image\/jpeg\" \/>\n<meta name=\"twitter:card\" content=\"summary_large_image\" \/>\n<meta name=\"twitter:label1\" content=\"Dur\u00e9e de lecture estim\u00e9e\" \/>\n\t<meta name=\"twitter:data1\" content=\"2 minutes\" \/>\n<script type=\"application\/ld+json\" class=\"yoast-schema-graph\">{\"@context\":\"https:\\\/\\\/schema.org\",\"@graph\":[{\"@type\":\"WebPage\",\"@id\":\"https:\\\/\\\/nature-et-developpement.com\\\/logisain-78\\\/produit\\\/peinture-ecologique-blanche-mat-grands-travaux-10l\\\/\",\"url\":\"https:\\\/\\\/nature-et-developpement.com\\\/logisain-78\\\/produit\\\/peinture-ecologique-blanche-mat-grands-travaux-10l\\\/\",\"name\":\"Peinture \u00e9cologique blanche Mat Grands Travaux 10L de Natura\",\"isPartOf\":{\"@id\":\"https:\\\/\\\/nature-et-developpement.com\\\/logisain-78\\\/#website\"},\"primaryImageOfPage\":{\"@id\":\"https:\\\/\\\/nature-et-developpement.com\\\/logisain-78\\\/produit\\\/peinture-ecologique-blanche-mat-grands-travaux-10l\\\/#primaryimage\"},\"image\":{\"@id\":\"https:\\\/\\\/nature-et-developpement.com\\\/logisain-78\\\/produit\\\/peinture-ecologique-blanche-mat-grands-travaux-10l\\\/#primaryimage\"},\"thumbnailUrl\":\"https:\\\/\\\/nature-et-developpement.com\\\/logisain-78\\\/wp-content\\\/uploads\\\/sites\\\/5\\\/2022\\\/03\\\/Peinture-blanche-Mat-Grands-Travaux-10L-NATURA.jpg\",\"datePublished\":\"2018-12-31T23:00:00+00:00\",\"dateModified\":\"2025-06-12T14:57:48+00:00\",\"description\":\"Technicit\u00e9 et facilit\u00e9 d'emploi associ\u00e9es au prix le plus juste. Peinture \u00e9cologique de finition blanche, d'origine v\u00e9g\u00e9tale et min\u00e9rale, int\u00e9rieur, mat. Adapt\u00e9e aux pi\u00e8ces s\u00e8ches, et compatible avec tous les supports classiques du b\u00e2timent (murs et plafonds). Beau mat profond, couvrant et garnissant - Monocouche en r\u00e9habilitation.\",\"breadcrumb\":{\"@id\":\"https:\\\/\\\/nature-et-developpement.com\\\/logisain-78\\\/produit\\\/peinture-ecologique-blanche-mat-grands-travaux-10l\\\/#breadcrumb\"},\"inLanguage\":\"fr-FR\",\"potentialAction\":[{\"@type\":\"ReadAction\",\"target\":[\"https:\\\/\\\/nature-et-developpement.com\\\/logisain-78\\\/produit\\\/peinture-ecologique-blanche-mat-grands-travaux-10l\\\/\"]}]},{\"@type\":\"ImageObject\",\"inLanguage\":\"fr-FR\",\"@id\":\"https:\\\/\\\/nature-et-developpement.com\\\/logisain-78\\\/produit\\\/peinture-ecologique-blanche-mat-grands-travaux-10l\\\/#primaryimage\",\"url\":\"https:\\\/\\\/nature-et-developpement.com\\\/logisain-78\\\/wp-content\\\/uploads\\\/sites\\\/5\\\/2022\\\/03\\\/Peinture-blanche-Mat-Grands-Travaux-10L-NATURA.jpg\",\"contentUrl\":\"https:\\\/\\\/nature-et-developpement.com\\\/logisain-78\\\/wp-content\\\/uploads\\\/sites\\\/5\\\/2022\\\/03\\\/Peinture-blanche-Mat-Grands-Travaux-10L-NATURA.jpg\",\"width\":800,\"height\":800},{\"@type\":\"BreadcrumbList\",\"@id\":\"https:\\\/\\\/nature-et-developpement.com\\\/logisain-78\\\/produit\\\/peinture-ecologique-blanche-mat-grands-travaux-10l\\\/#breadcrumb\",\"itemListElement\":[{\"@type\":\"ListItem\",\"position\":1,\"name\":\"Accueil\",\"item\":\"https:\\\/\\\/nature-et-developpement.com\\\/logisain-78\\\/\"},{\"@type\":\"ListItem\",\"position\":2,\"name\":\"Produits\",\"item\":\"https:\\\/\\\/nature-et-developpement.com\\\/logisain-78\\\/shop\\\/\"},{\"@type\":\"ListItem\",\"position\":3,\"name\":\"Peinture, pigment et enduit\",\"item\":\"https:\\\/\\\/nature-et-developpement.com\\\/logisain-78\\\/produits\\\/peinture-et-enduit\\\/\"},{\"@type\":\"ListItem\",\"position\":4,\"name\":\"Peintures\",\"item\":\"https:\\\/\\\/nature-et-developpement.com\\\/logisain-78\\\/produits\\\/peinture-et-enduit\\\/peinture-ecologique\\\/\"},{\"@type\":\"ListItem\",\"position\":5,\"name\":\"Peinture \u00e9cologique blanche Mat Grands Travaux 10L de Natura\"}]},{\"@type\":\"WebSite\",\"@id\":\"https:\\\/\\\/nature-et-developpement.com\\\/logisain-78\\\/#website\",\"url\":\"https:\\\/\\\/nature-et-developpement.com\\\/logisain-78\\\/\",\"name\":\"LOGISAIN 78 \u2013 Magasin de mat\u00e9riaux biosourc\u00e9s\",\"description\":\"Logisain 78 est membre du groupement Nature &amp; D\u00e9veloppement\",\"publisher\":{\"@id\":\"https:\\\/\\\/nature-et-developpement.com\\\/logisain-78\\\/#organization\"},\"potentialAction\":[{\"@type\":\"SearchAction\",\"target\":{\"@type\":\"EntryPoint\",\"urlTemplate\":\"https:\\\/\\\/nature-et-developpement.com\\\/logisain-78\\\/?s={search_term_string}\"},\"query-input\":{\"@type\":\"PropertyValueSpecification\",\"valueRequired\":true,\"valueName\":\"search_term_string\"}}],\"inLanguage\":\"fr-FR\"},{\"@type\":\"Organization\",\"@id\":\"https:\\\/\\\/nature-et-developpement.com\\\/logisain-78\\\/#organization\",\"name\":\"Logisain 78\",\"url\":\"https:\\\/\\\/nature-et-developpement.com\\\/logisain-78\\\/\",\"logo\":{\"@type\":\"ImageObject\",\"inLanguage\":\"fr-FR\",\"@id\":\"https:\\\/\\\/nature-et-developpement.com\\\/logisain-78\\\/#\\\/schema\\\/logo\\\/image\\\/\",\"url\":\"https:\\\/\\\/nature-et-developpement.com\\\/logisain-78\\\/wp-content\\\/uploads\\\/sites\\\/5\\\/2021\\\/08\\\/logo-logisain.jpg\",\"contentUrl\":\"https:\\\/\\\/nature-et-developpement.com\\\/logisain-78\\\/wp-content\\\/uploads\\\/sites\\\/5\\\/2021\\\/08\\\/logo-logisain.jpg\",\"width\":672,\"height\":455,\"caption\":\"Logisain 78\"},\"image\":{\"@id\":\"https:\\\/\\\/nature-et-developpement.com\\\/logisain-78\\\/#\\\/schema\\\/logo\\\/image\\\/\"}}]}<\/script>\n<!-- \/ Yoast SEO plugin. -->","yoast_head_json":{"title":"Peinture \u00e9cologique blanche Mat Grands Travaux 10L de Natura","description":"Technicit\u00e9 et facilit\u00e9 d'emploi associ\u00e9es au prix le plus juste. Peinture \u00e9cologique de finition blanche, d'origine v\u00e9g\u00e9tale et min\u00e9rale, int\u00e9rieur, mat. Adapt\u00e9e aux pi\u00e8ces s\u00e8ches, et compatible avec tous les supports classiques du b\u00e2timent (murs et plafonds). Beau mat profond, couvrant et garnissant - Monocouche en r\u00e9habilitation.","robots":{"index":"noindex","follow":"follow"},"og_locale":"fr_FR","og_type":"article","og_title":"Peinture \u00e9cologique blanche Mat Grands Travaux 10L de Natura","og_description":"Technicit\u00e9 et facilit\u00e9 d'emploi associ\u00e9es au prix le plus juste. Peinture \u00e9cologique de finition blanche, d'origine v\u00e9g\u00e9tale et min\u00e9rale, int\u00e9rieur, mat. Adapt\u00e9e aux pi\u00e8ces s\u00e8ches, et compatible avec tous les supports classiques du b\u00e2timent (murs et plafonds). Beau mat profond, couvrant et garnissant - Monocouche en r\u00e9habilitation.","og_url":"https:\/\/nature-et-developpement.com\/logisain-78\/produit\/peinture-ecologique-blanche-mat-grands-travaux-10l\/","og_site_name":"LOGISAIN 78 \u2013 Magasin de mat\u00e9riaux biosourc\u00e9s","article_modified_time":"2025-06-12T14:57:48+00:00","og_image":[{"width":800,"height":800,"url":"https:\/\/nature-et-developpement.com\/logisain-78\/wp-content\/uploads\/sites\/5\/2022\/03\/Peinture-blanche-Mat-Grands-Travaux-10L-NATURA.jpg","type":"image\/jpeg"}],"twitter_card":"summary_large_image","twitter_misc":{"Dur\u00e9e de lecture estim\u00e9e":"2 minutes"},"schema":{"@context":"https:\/\/schema.org","@graph":[{"@type":"WebPage","@id":"https:\/\/nature-et-developpement.com\/logisain-78\/produit\/peinture-ecologique-blanche-mat-grands-travaux-10l\/","url":"https:\/\/nature-et-developpement.com\/logisain-78\/produit\/peinture-ecologique-blanche-mat-grands-travaux-10l\/","name":"Peinture \u00e9cologique blanche Mat Grands Travaux 10L de Natura","isPartOf":{"@id":"https:\/\/nature-et-developpement.com\/logisain-78\/#website"},"primaryImageOfPage":{"@id":"https:\/\/nature-et-developpement.com\/logisain-78\/produit\/peinture-ecologique-blanche-mat-grands-travaux-10l\/#primaryimage"},"image":{"@id":"https:\/\/nature-et-developpement.com\/logisain-78\/produit\/peinture-ecologique-blanche-mat-grands-travaux-10l\/#primaryimage"},"thumbnailUrl":"https:\/\/nature-et-developpement.com\/logisain-78\/wp-content\/uploads\/sites\/5\/2022\/03\/Peinture-blanche-Mat-Grands-Travaux-10L-NATURA.jpg","datePublished":"2018-12-31T23:00:00+00:00","dateModified":"2025-06-12T14:57:48+00:00","description":"Technicit\u00e9 et facilit\u00e9 d'emploi associ\u00e9es au prix le plus juste. Peinture \u00e9cologique de finition blanche, d'origine v\u00e9g\u00e9tale et min\u00e9rale, int\u00e9rieur, mat. Adapt\u00e9e aux pi\u00e8ces s\u00e8ches, et compatible avec tous les supports classiques du b\u00e2timent (murs et plafonds). Beau mat profond, couvrant et garnissant - Monocouche en r\u00e9habilitation.","breadcrumb":{"@id":"https:\/\/nature-et-developpement.com\/logisain-78\/produit\/peinture-ecologique-blanche-mat-grands-travaux-10l\/#breadcrumb"},"inLanguage":"fr-FR","potentialAction":[{"@type":"ReadAction","target":["https:\/\/nature-et-developpement.com\/logisain-78\/produit\/peinture-ecologique-blanche-mat-grands-travaux-10l\/"]}]},{"@type":"ImageObject","inLanguage":"fr-FR","@id":"https:\/\/nature-et-developpement.com\/logisain-78\/produit\/peinture-ecologique-blanche-mat-grands-travaux-10l\/#primaryimage","url":"https:\/\/nature-et-developpement.com\/logisain-78\/wp-content\/uploads\/sites\/5\/2022\/03\/Peinture-blanche-Mat-Grands-Travaux-10L-NATURA.jpg","contentUrl":"https:\/\/nature-et-developpement.com\/logisain-78\/wp-content\/uploads\/sites\/5\/2022\/03\/Peinture-blanche-Mat-Grands-Travaux-10L-NATURA.jpg","width":800,"height":800},{"@type":"BreadcrumbList","@id":"https:\/\/nature-et-developpement.com\/logisain-78\/produit\/peinture-ecologique-blanche-mat-grands-travaux-10l\/#breadcrumb","itemListElement":[{"@type":"ListItem","position":1,"name":"Accueil","item":"https:\/\/nature-et-developpement.com\/logisain-78\/"},{"@type":"ListItem","position":2,"name":"Produits","item":"https:\/\/nature-et-developpement.com\/logisain-78\/shop\/"},{"@type":"ListItem","position":3,"name":"Peinture, pigment et enduit","item":"https:\/\/nature-et-developpement.com\/logisain-78\/produits\/peinture-et-enduit\/"},{"@type":"ListItem","position":4,"name":"Peintures","item":"https:\/\/nature-et-developpement.com\/logisain-78\/produits\/peinture-et-enduit\/peinture-ecologique\/"},{"@type":"ListItem","position":5,"name":"Peinture \u00e9cologique blanche Mat Grands Travaux 10L de Natura"}]},{"@type":"WebSite","@id":"https:\/\/nature-et-developpement.com\/logisain-78\/#website","url":"https:\/\/nature-et-developpement.com\/logisain-78\/","name":"LOGISAIN 78 \u2013 Magasin de mat\u00e9riaux biosourc\u00e9s","description":"Logisain 78 est membre du groupement Nature &amp; D\u00e9veloppement","publisher":{"@id":"https:\/\/nature-et-developpement.com\/logisain-78\/#organization"},"potentialAction":[{"@type":"SearchAction","target":{"@type":"EntryPoint","urlTemplate":"https:\/\/nature-et-developpement.com\/logisain-78\/?s={search_term_string}"},"query-input":{"@type":"PropertyValueSpecification","valueRequired":true,"valueName":"search_term_string"}}],"inLanguage":"fr-FR"},{"@type":"Organization","@id":"https:\/\/nature-et-developpement.com\/logisain-78\/#organization","name":"Logisain 78","url":"https:\/\/nature-et-developpement.com\/logisain-78\/","logo":{"@type":"ImageObject","inLanguage":"fr-FR","@id":"https:\/\/nature-et-developpement.com\/logisain-78\/#\/schema\/logo\/image\/","url":"https:\/\/nature-et-developpement.com\/logisain-78\/wp-content\/uploads\/sites\/5\/2021\/08\/logo-logisain.jpg","contentUrl":"https:\/\/nature-et-developpement.com\/logisain-78\/wp-content\/uploads\/sites\/5\/2021\/08\/logo-logisain.jpg","width":672,"height":455,"caption":"Logisain 78"},"image":{"@id":"https:\/\/nature-et-developpement.com\/logisain-78\/#\/schema\/logo\/image\/"}}]}},"distributor_meta":false,"distributor_terms":false,"distributor_media":false,"distributor_original_site_name":"LOGISAIN 78 \u2013 Magasin de mat\u00e9riaux biosourc\u00e9s","distributor_original_site_url":"https:\/\/nature-et-developpement.com\/logisain-78","push-errors":false,"_links":{"self":[{"href":"https:\/\/nature-et-developpement.com\/logisain-78\/wp-json\/wp\/v2\/product\/9518","targetHints":{"allow":["GET"]}}],"collection":[{"href":"https:\/\/nature-et-developpement.com\/logisain-78\/wp-json\/wp\/v2\/product"}],"about":[{"href":"https:\/\/nature-et-developpement.com\/logisain-78\/wp-json\/wp\/v2\/types\/product"}],"wp:featuredmedia":[{"embeddable":true,"href":"https:\/\/nature-et-developpement.com\/logisain-78\/wp-json\/wp\/v2\/media\/26968"}],"wp:attachment":[{"href":"https:\/\/nature-et-developpement.com\/logisain-78\/wp-json\/wp\/v2\/media?parent=9518"}],"wp:term":[{"taxonomy":"product_brand","embeddable":true,"href":"https:\/\/nature-et-developpement.com\/logisain-78\/wp-json\/wp\/v2\/product_brand?post=9518"},{"taxonomy":"product_cat","embeddable":true,"href":"https:\/\/nature-et-developpement.com\/logisain-78\/wp-json\/wp\/v2\/product_cat?post=9518"},{"taxonomy":"product_tag","embeddable":true,"href":"https:\/\/nature-et-developpement.com\/logisain-78\/wp-json\/wp\/v2\/product_tag?post=9518"}],"curies":[{"name":"wp","href":"https:\/\/api.w.org\/{rel}","templated":true}]}}