{"id":9534,"date":"2019-01-01T00:00:00","date_gmt":"2018-12-31T23:00:00","guid":{"rendered":"https:\/\/nature-et-developpement.com\/logisain78\/produit\/peinture-blanche-mat-label-pure-tassili\/"},"modified":"2025-06-12T16:57:48","modified_gmt":"2025-06-12T14:57:48","slug":"tassili-peinture-label-pure-mat","status":"publish","type":"product","link":"https:\/\/nature-et-developpement.com\/logisain-78\/produit\/tassili-peinture-label-pure-mat\/","title":{"rendered":"Peinture v\u00e9g\u00e9tale lavable Blanche Mat Label PURE TASSILI de Natura"},"content":{"rendered":"<p>La peinture \u00e9cologique NATURA mat int\u00e9rieur\u00a0est \u00e0 plus de 99% issue de mati\u00e8res premi\u00e8res naturelles.<\/p>\n<p>Beau mat profond &#8211; Excellent couvrant et garnissant &#8211; Lavable<br \/>\nMonocouche sur support homog\u00e8ne imprim\u00e9 \u00e0 70\u03bcm sec .<\/p>\n<p>Recommand\u00e9e pour collectivit\u00e9s, immeubles, appartements, h\u00f4pitaux, \u00e9coles et plus g\u00e9n\u00e9ralement tous lieux o\u00f9 l&rsquo;absence totale de nocivit\u00e9 et d&rsquo;odeur, pendant et apr\u00e8s l&rsquo;application, est recherch\u00e9e.<br \/>\nPas de jaunissement dans les pi\u00e8ces sombres.<\/p>\n<p><b>Qualit\u00e9s environnementales <\/b>:<br \/>\nIngr\u00e9dients naturels ou d&rsquo;origine naturelle : 99,2%<br \/>\nTr\u00e8s faible taux de C.O.V. (0,1g\/L en mat)<br \/>\nM\u00eames performances techniques que celles exig\u00e9es par l&rsquo;Ecolabel, attest\u00e9es par laboratoire tierce partie<\/p>\n<p><b>Supports : <\/b>Tous les supports classiques du b\u00e2timent d\u00fbment imprim\u00e9s avec TASSILI PRIMAIRE. Sur pl\u00e2tre, placopl\u00e2tre, Fermacell ou \u00e9quivalent, papier \u00e0 peindre, toile de verre, enduits min\u00e9raux, anciennes peintures adh\u00e9rentes<\/p>\n<p><strong>Consommation :<\/strong> 13,5 \u00e0 16m\u00b2\/L par couche<\/p>\n<p><b>Pr\u00e9paration<\/b> :<br \/>\n&#8211; Les surfaces \u00e0 peindre doivent \u00eatre propres, saines et s\u00e8ches.<br \/>\n&#8211; Les anciennes peintures non adh\u00e9rentes doivent \u00eatre \u00e9limin\u00e9es<br \/>\n&#8211; Supports non peints: d\u00e9poussi\u00e9rer \u00e0 l&rsquo;\u00e9ponge humide, laisser s\u00e9cher et appliquer imp\u00e9rativement une couche de TASSILI PRIMAIRE<br \/>\n&#8211; Anciennes peintures: lessiver et rincer le support, laisser s\u00e9cher, \u00e9ventuellement poncer l\u00e9g\u00e8rement de celles qui sont brillantes ou satin\u00e9es puis une couche de TASSILI PRIMAIRE (conseill\u00e9)<\/p>\n<p><b>Application <\/b>:<br \/>\n&#8211; Brosse<br \/>\n&#8211; Rouleau microfibre<br \/>\n&#8211; Airless, station de peinture<\/p>\n<p><b>Mise en oeuvre<\/b> :<br \/>\n&#8211; M\u00e9langer le produit avec soin. Pensez \u00e0 prot\u00e9ger ce qui ne doit \u00eatre peint.<br \/>\n&#8211; Appliquer \u00e0 temp\u00e9rature ambiante de 15 \u00e0 25\u00b0C apr\u00e8s homog\u00e9n\u00e9isation du produit.<br \/>\n&#8211; Commencer par un angle sup\u00e9rieur au rouleau laqueur 4mm ou microfibre 6mm.<br \/>\n&#8211; Appliquer verticalement par bande de 50 \u00e0 60 cm\u00a0<b>sans croiser<\/b><br \/>\n&#8211; Rechampir au pinceau au fur et \u00e0 mesure du travail<br \/>\n&#8211; Unir au rouleau rechampis et zones peintes en s&rsquo;accrochant au plus pr\u00e8s des angles<br \/>\n&#8211; Une fois en bas de mur, terminer en lissant de bas en haut, sans pression et d&rsquo;un seul geste, sans recharger le rouleau<br \/>\n&#8211; Progresser ainsi jusqu&rsquo;au bout du pan de mur qu&rsquo;il faut toujours terminer quand on l&rsquo;a commenc\u00e9 (risque de trace de reprise)conditions.<\/p>\n<p><strong>Dilution :<\/strong> 5%<\/p>\n<p><strong>S\u00e9chage :<\/strong><br \/>\n&#8211; Sec au toucher : 30mn<br \/>\n&#8211; Recouvrable : 6h \u00e0 8h<\/p>\n<p><strong>Composition :<\/strong><br \/>\nEau,\u00a0huiles v\u00e9g\u00e9tales produites localement en\u00a0 Normandie, cas\u00e9ine, charges min\u00e9rales, adjuvants et additifs issus de produits naturels tels que huiles v\u00e9g\u00e9tales modifi\u00e9es (agent anti-bulle), agent naturel \u00e0 base de sodium (bact\u00e9ricide), agent naturel \u00e0 base d\u2019acide ac\u00e9tique (anti-oxydant). La sp\u00e9cificit\u00e9 des\u00a0peintures bio NATURA\u00a0est qu\u2019elles\u00a0ne contiennent aucun d\u00e9riv\u00e9 de produit p\u00e9trolier, aucun solvant ou co-solvant (donc pas de C.O.V.), aucun siccatif nocif issu de m\u00e9taux lourds.<\/p>\n","protected":false},"excerpt":{"rendered":"<p>Peinture \u00e9cologique de finition blanche, d&rsquo;origine v\u00e9g\u00e9tale et min\u00e9rale, int\u00e9rieur, mat.<\/p>\n<p>Naturelle \u00e0 plus de 99%. LABEL PURE.<br \/>\nLavable, adapt\u00e9e aux pi\u00e8ces s\u00e8ches, et compatible avec tous les supports classiques du b\u00e2timent d\u00fbment imprim\u00e9s (murs et plafonds)<\/p>\n","protected":false},"featured_media":1000000108309,"template":"","meta":[],"product_brand":[2855],"product_cat":[47,108],"product_tag":[4164],"class_list":{"0":"post-9534","1":"product","2":"type-product","3":"status-publish","4":"has-post-thumbnail","6":"product_brand-natura","7":"product_cat-peinture-et-enduit","8":"product_cat-peinture-ecologique","9":"product_tag-peinture-ecologique","10":"product_shipping_class-peintures-accessoires-peintures","12":"first","13":"instock","14":"taxable","15":"shipping-taxable","16":"purchasable","17":"product-type-variable"},"yoast_head":"<!-- This site is optimized with the Yoast SEO plugin v27.5 - https:\/\/yoast.com\/product\/yoast-seo-wordpress\/ -->\n<title>Peinture v\u00e9g\u00e9tale lavable Blanche Mat Label PURE TASSILI de Natura<\/title>\n<meta name=\"description\" content=\"Peinture \u00e9cologique de finition blanche, d&#039;origine v\u00e9g\u00e9tale et min\u00e9rale, int\u00e9rieur, mat.  Naturelle \u00e0 plus de 99%. LABEL PURE. Lavable, adapt\u00e9e aux pi\u00e8ces s\u00e8ches, et compatible avec tous les supports classiques du b\u00e2timent d\u00fbment imprim\u00e9s (murs et plafonds)\" \/>\n<meta name=\"robots\" content=\"noindex, follow\" \/>\n<meta property=\"og:locale\" content=\"fr_FR\" \/>\n<meta property=\"og:type\" content=\"article\" \/>\n<meta property=\"og:title\" content=\"Peinture v\u00e9g\u00e9tale lavable Blanche Mat Label PURE TASSILI de Natura\" \/>\n<meta property=\"og:description\" content=\"Peinture \u00e9cologique de finition blanche, d&#039;origine v\u00e9g\u00e9tale et min\u00e9rale, int\u00e9rieur, mat.  Naturelle \u00e0 plus de 99%. LABEL PURE. Lavable, adapt\u00e9e aux pi\u00e8ces s\u00e8ches, et compatible avec tous les supports classiques du b\u00e2timent d\u00fbment imprim\u00e9s (murs et plafonds)\" \/>\n<meta property=\"og:url\" content=\"https:\/\/nature-et-developpement.com\/logisain-78\/produit\/tassili-peinture-label-pure-mat\/\" \/>\n<meta property=\"og:site_name\" content=\"LOGISAIN 78 \u2013 Magasin de mat\u00e9riaux biosourc\u00e9s\" \/>\n<meta property=\"article:modified_time\" content=\"2025-06-12T14:57:48+00:00\" \/>\n<meta name=\"twitter:card\" content=\"summary_large_image\" \/>\n<meta name=\"twitter:label1\" content=\"Dur\u00e9e de lecture estim\u00e9e\" \/>\n\t<meta name=\"twitter:data1\" content=\"2 minutes\" \/>\n<script type=\"application\/ld+json\" class=\"yoast-schema-graph\">{\"@context\":\"https:\\\/\\\/schema.org\",\"@graph\":[{\"@type\":\"WebPage\",\"@id\":\"https:\\\/\\\/nature-et-developpement.com\\\/logisain-78\\\/produit\\\/tassili-peinture-label-pure-mat\\\/\",\"url\":\"https:\\\/\\\/nature-et-developpement.com\\\/logisain-78\\\/produit\\\/tassili-peinture-label-pure-mat\\\/\",\"name\":\"Peinture v\u00e9g\u00e9tale lavable Blanche Mat Label PURE TASSILI de Natura\",\"isPartOf\":{\"@id\":\"https:\\\/\\\/nature-et-developpement.com\\\/logisain-78\\\/#website\"},\"primaryImageOfPage\":{\"@id\":\"https:\\\/\\\/nature-et-developpement.com\\\/logisain-78\\\/produit\\\/tassili-peinture-label-pure-mat\\\/#primaryimage\"},\"image\":{\"@id\":\"https:\\\/\\\/nature-et-developpement.com\\\/logisain-78\\\/produit\\\/tassili-peinture-label-pure-mat\\\/#primaryimage\"},\"thumbnailUrl\":\"https:\\\/\\\/nature-et-developpement.com\\\/logisain-78\\\/wp-content\\\/uploads\\\/25414-TASSILI-Peinture-label-PURE-MAT-Interieur-09L.jpg\",\"datePublished\":\"2018-12-31T23:00:00+00:00\",\"dateModified\":\"2025-06-12T14:57:48+00:00\",\"description\":\"Peinture \u00e9cologique de finition blanche, d'origine v\u00e9g\u00e9tale et min\u00e9rale, int\u00e9rieur, mat. Naturelle \u00e0 plus de 99%. LABEL PURE. Lavable, adapt\u00e9e aux pi\u00e8ces s\u00e8ches, et compatible avec tous les supports classiques du b\u00e2timent d\u00fbment imprim\u00e9s (murs et plafonds)\",\"breadcrumb\":{\"@id\":\"https:\\\/\\\/nature-et-developpement.com\\\/logisain-78\\\/produit\\\/tassili-peinture-label-pure-mat\\\/#breadcrumb\"},\"inLanguage\":\"fr-FR\",\"potentialAction\":[{\"@type\":\"ReadAction\",\"target\":[\"https:\\\/\\\/nature-et-developpement.com\\\/logisain-78\\\/produit\\\/tassili-peinture-label-pure-mat\\\/\"]}]},{\"@type\":\"ImageObject\",\"inLanguage\":\"fr-FR\",\"@id\":\"https:\\\/\\\/nature-et-developpement.com\\\/logisain-78\\\/produit\\\/tassili-peinture-label-pure-mat\\\/#primaryimage\",\"url\":\"https:\\\/\\\/nature-et-developpement.com\\\/logisain-78\\\/wp-content\\\/uploads\\\/25414-TASSILI-Peinture-label-PURE-MAT-Interieur-09L.jpg\",\"contentUrl\":\"https:\\\/\\\/nature-et-developpement.com\\\/logisain-78\\\/wp-content\\\/uploads\\\/25414-TASSILI-Peinture-label-PURE-MAT-Interieur-09L.jpg\"},{\"@type\":\"BreadcrumbList\",\"@id\":\"https:\\\/\\\/nature-et-developpement.com\\\/logisain-78\\\/produit\\\/tassili-peinture-label-pure-mat\\\/#breadcrumb\",\"itemListElement\":[{\"@type\":\"ListItem\",\"position\":1,\"name\":\"Accueil\",\"item\":\"https:\\\/\\\/nature-et-developpement.com\\\/logisain-78\\\/\"},{\"@type\":\"ListItem\",\"position\":2,\"name\":\"Produits\",\"item\":\"https:\\\/\\\/nature-et-developpement.com\\\/logisain-78\\\/shop\\\/\"},{\"@type\":\"ListItem\",\"position\":3,\"name\":\"Peinture, pigment et enduit\",\"item\":\"https:\\\/\\\/nature-et-developpement.com\\\/logisain-78\\\/produits\\\/peinture-et-enduit\\\/\"},{\"@type\":\"ListItem\",\"position\":4,\"name\":\"Peintures\",\"item\":\"https:\\\/\\\/nature-et-developpement.com\\\/logisain-78\\\/produits\\\/peinture-et-enduit\\\/peinture-ecologique\\\/\"},{\"@type\":\"ListItem\",\"position\":5,\"name\":\"Peinture v\u00e9g\u00e9tale lavable Blanche Mat Label PURE TASSILI de Natura\"}]},{\"@type\":\"WebSite\",\"@id\":\"https:\\\/\\\/nature-et-developpement.com\\\/logisain-78\\\/#website\",\"url\":\"https:\\\/\\\/nature-et-developpement.com\\\/logisain-78\\\/\",\"name\":\"LOGISAIN 78 \u2013 Magasin de mat\u00e9riaux biosourc\u00e9s\",\"description\":\"Logisain 78 est membre du groupement Nature &amp; D\u00e9veloppement\",\"publisher\":{\"@id\":\"https:\\\/\\\/nature-et-developpement.com\\\/logisain-78\\\/#organization\"},\"potentialAction\":[{\"@type\":\"SearchAction\",\"target\":{\"@type\":\"EntryPoint\",\"urlTemplate\":\"https:\\\/\\\/nature-et-developpement.com\\\/logisain-78\\\/?s={search_term_string}\"},\"query-input\":{\"@type\":\"PropertyValueSpecification\",\"valueRequired\":true,\"valueName\":\"search_term_string\"}}],\"inLanguage\":\"fr-FR\"},{\"@type\":\"Organization\",\"@id\":\"https:\\\/\\\/nature-et-developpement.com\\\/logisain-78\\\/#organization\",\"name\":\"Logisain 78\",\"url\":\"https:\\\/\\\/nature-et-developpement.com\\\/logisain-78\\\/\",\"logo\":{\"@type\":\"ImageObject\",\"inLanguage\":\"fr-FR\",\"@id\":\"https:\\\/\\\/nature-et-developpement.com\\\/logisain-78\\\/#\\\/schema\\\/logo\\\/image\\\/\",\"url\":\"https:\\\/\\\/nature-et-developpement.com\\\/logisain-78\\\/wp-content\\\/uploads\\\/sites\\\/5\\\/2021\\\/08\\\/logo-logisain.jpg\",\"contentUrl\":\"https:\\\/\\\/nature-et-developpement.com\\\/logisain-78\\\/wp-content\\\/uploads\\\/sites\\\/5\\\/2021\\\/08\\\/logo-logisain.jpg\",\"width\":672,\"height\":455,\"caption\":\"Logisain 78\"},\"image\":{\"@id\":\"https:\\\/\\\/nature-et-developpement.com\\\/logisain-78\\\/#\\\/schema\\\/logo\\\/image\\\/\"}}]}<\/script>\n<!-- \/ Yoast SEO plugin. -->","yoast_head_json":{"title":"Peinture v\u00e9g\u00e9tale lavable Blanche Mat Label PURE TASSILI de Natura","description":"Peinture \u00e9cologique de finition blanche, d'origine v\u00e9g\u00e9tale et min\u00e9rale, int\u00e9rieur, mat.  Naturelle \u00e0 plus de 99%. LABEL PURE. Lavable, adapt\u00e9e aux pi\u00e8ces s\u00e8ches, et compatible avec tous les supports classiques du b\u00e2timent d\u00fbment imprim\u00e9s (murs et plafonds)","robots":{"index":"noindex","follow":"follow"},"og_locale":"fr_FR","og_type":"article","og_title":"Peinture v\u00e9g\u00e9tale lavable Blanche Mat Label PURE TASSILI de Natura","og_description":"Peinture \u00e9cologique de finition blanche, d'origine v\u00e9g\u00e9tale et min\u00e9rale, int\u00e9rieur, mat.  Naturelle \u00e0 plus de 99%. LABEL PURE. Lavable, adapt\u00e9e aux pi\u00e8ces s\u00e8ches, et compatible avec tous les supports classiques du b\u00e2timent d\u00fbment imprim\u00e9s (murs et plafonds)","og_url":"https:\/\/nature-et-developpement.com\/logisain-78\/produit\/tassili-peinture-label-pure-mat\/","og_site_name":"LOGISAIN 78 \u2013 Magasin de mat\u00e9riaux biosourc\u00e9s","article_modified_time":"2025-06-12T14:57:48+00:00","twitter_card":"summary_large_image","twitter_misc":{"Dur\u00e9e de lecture estim\u00e9e":"2 minutes"},"schema":{"@context":"https:\/\/schema.org","@graph":[{"@type":"WebPage","@id":"https:\/\/nature-et-developpement.com\/logisain-78\/produit\/tassili-peinture-label-pure-mat\/","url":"https:\/\/nature-et-developpement.com\/logisain-78\/produit\/tassili-peinture-label-pure-mat\/","name":"Peinture v\u00e9g\u00e9tale lavable Blanche Mat Label PURE TASSILI de Natura","isPartOf":{"@id":"https:\/\/nature-et-developpement.com\/logisain-78\/#website"},"primaryImageOfPage":{"@id":"https:\/\/nature-et-developpement.com\/logisain-78\/produit\/tassili-peinture-label-pure-mat\/#primaryimage"},"image":{"@id":"https:\/\/nature-et-developpement.com\/logisain-78\/produit\/tassili-peinture-label-pure-mat\/#primaryimage"},"thumbnailUrl":"https:\/\/nature-et-developpement.com\/logisain-78\/wp-content\/uploads\/25414-TASSILI-Peinture-label-PURE-MAT-Interieur-09L.jpg","datePublished":"2018-12-31T23:00:00+00:00","dateModified":"2025-06-12T14:57:48+00:00","description":"Peinture \u00e9cologique de finition blanche, d'origine v\u00e9g\u00e9tale et min\u00e9rale, int\u00e9rieur, mat. Naturelle \u00e0 plus de 99%. LABEL PURE. Lavable, adapt\u00e9e aux pi\u00e8ces s\u00e8ches, et compatible avec tous les supports classiques du b\u00e2timent d\u00fbment imprim\u00e9s (murs et plafonds)","breadcrumb":{"@id":"https:\/\/nature-et-developpement.com\/logisain-78\/produit\/tassili-peinture-label-pure-mat\/#breadcrumb"},"inLanguage":"fr-FR","potentialAction":[{"@type":"ReadAction","target":["https:\/\/nature-et-developpement.com\/logisain-78\/produit\/tassili-peinture-label-pure-mat\/"]}]},{"@type":"ImageObject","inLanguage":"fr-FR","@id":"https:\/\/nature-et-developpement.com\/logisain-78\/produit\/tassili-peinture-label-pure-mat\/#primaryimage","url":"https:\/\/nature-et-developpement.com\/logisain-78\/wp-content\/uploads\/25414-TASSILI-Peinture-label-PURE-MAT-Interieur-09L.jpg","contentUrl":"https:\/\/nature-et-developpement.com\/logisain-78\/wp-content\/uploads\/25414-TASSILI-Peinture-label-PURE-MAT-Interieur-09L.jpg"},{"@type":"BreadcrumbList","@id":"https:\/\/nature-et-developpement.com\/logisain-78\/produit\/tassili-peinture-label-pure-mat\/#breadcrumb","itemListElement":[{"@type":"ListItem","position":1,"name":"Accueil","item":"https:\/\/nature-et-developpement.com\/logisain-78\/"},{"@type":"ListItem","position":2,"name":"Produits","item":"https:\/\/nature-et-developpement.com\/logisain-78\/shop\/"},{"@type":"ListItem","position":3,"name":"Peinture, pigment et enduit","item":"https:\/\/nature-et-developpement.com\/logisain-78\/produits\/peinture-et-enduit\/"},{"@type":"ListItem","position":4,"name":"Peintures","item":"https:\/\/nature-et-developpement.com\/logisain-78\/produits\/peinture-et-enduit\/peinture-ecologique\/"},{"@type":"ListItem","position":5,"name":"Peinture v\u00e9g\u00e9tale lavable Blanche Mat Label PURE TASSILI de Natura"}]},{"@type":"WebSite","@id":"https:\/\/nature-et-developpement.com\/logisain-78\/#website","url":"https:\/\/nature-et-developpement.com\/logisain-78\/","name":"LOGISAIN 78 \u2013 Magasin de mat\u00e9riaux biosourc\u00e9s","description":"Logisain 78 est membre du groupement Nature &amp; D\u00e9veloppement","publisher":{"@id":"https:\/\/nature-et-developpement.com\/logisain-78\/#organization"},"potentialAction":[{"@type":"SearchAction","target":{"@type":"EntryPoint","urlTemplate":"https:\/\/nature-et-developpement.com\/logisain-78\/?s={search_term_string}"},"query-input":{"@type":"PropertyValueSpecification","valueRequired":true,"valueName":"search_term_string"}}],"inLanguage":"fr-FR"},{"@type":"Organization","@id":"https:\/\/nature-et-developpement.com\/logisain-78\/#organization","name":"Logisain 78","url":"https:\/\/nature-et-developpement.com\/logisain-78\/","logo":{"@type":"ImageObject","inLanguage":"fr-FR","@id":"https:\/\/nature-et-developpement.com\/logisain-78\/#\/schema\/logo\/image\/","url":"https:\/\/nature-et-developpement.com\/logisain-78\/wp-content\/uploads\/sites\/5\/2021\/08\/logo-logisain.jpg","contentUrl":"https:\/\/nature-et-developpement.com\/logisain-78\/wp-content\/uploads\/sites\/5\/2021\/08\/logo-logisain.jpg","width":672,"height":455,"caption":"Logisain 78"},"image":{"@id":"https:\/\/nature-et-developpement.com\/logisain-78\/#\/schema\/logo\/image\/"}}]}},"distributor_meta":false,"distributor_terms":false,"distributor_media":false,"distributor_original_site_name":"LOGISAIN 78 \u2013 Magasin de mat\u00e9riaux biosourc\u00e9s","distributor_original_site_url":"https:\/\/nature-et-developpement.com\/logisain-78","push-errors":false,"_links":{"self":[{"href":"https:\/\/nature-et-developpement.com\/logisain-78\/wp-json\/wp\/v2\/product\/9534","targetHints":{"allow":["GET"]}}],"collection":[{"href":"https:\/\/nature-et-developpement.com\/logisain-78\/wp-json\/wp\/v2\/product"}],"about":[{"href":"https:\/\/nature-et-developpement.com\/logisain-78\/wp-json\/wp\/v2\/types\/product"}],"wp:featuredmedia":[{"embeddable":true,"href":"https:\/\/nature-et-developpement.com\/logisain-78\/wp-json\/"}],"wp:attachment":[{"href":"https:\/\/nature-et-developpement.com\/logisain-78\/wp-json\/wp\/v2\/media?parent=9534"}],"wp:term":[{"taxonomy":"product_brand","embeddable":true,"href":"https:\/\/nature-et-developpement.com\/logisain-78\/wp-json\/wp\/v2\/product_brand?post=9534"},{"taxonomy":"product_cat","embeddable":true,"href":"https:\/\/nature-et-developpement.com\/logisain-78\/wp-json\/wp\/v2\/product_cat?post=9534"},{"taxonomy":"product_tag","embeddable":true,"href":"https:\/\/nature-et-developpement.com\/logisain-78\/wp-json\/wp\/v2\/product_tag?post=9534"}],"curies":[{"name":"wp","href":"https:\/\/api.w.org\/{rel}","templated":true}]}}