{"id":9546,"date":"2025-01-01T00:00:00","date_gmt":"2024-12-31T23:00:00","guid":{"rendered":"https:\/\/nature-et-developpement.com\/logisain78\/produit\/huile-teck-lasural\/"},"modified":"2025-06-12T16:55:22","modified_gmt":"2025-06-12T14:55:22","slug":"lasural-huile-teck","status":"publish","type":"product","link":"https:\/\/nature-et-developpement.com\/logisain-78\/produit\/lasural-huile-teck\/","title":{"rendered":"Huile teck LASURAL de Natura"},"content":{"rendered":"<h2>Prot\u00e9ger et embellir le bois<\/h2>\n<p>Huile Teck Int\u00e9rieur et Ext\u00e9rieur, impr\u00e9gnante pour la protection et l&rsquo;entretien du bois.<\/p>\n<p><strong>Produit compos\u00e9 \u00e0 plus de 95% d&rsquo;ingr\u00e9dients naturels ou d&rsquo;origine naturelle. <\/strong><\/p>\n<p>Pas de solvant issu de la p\u00e9trochimie, pas de co-solvant<\/p>\n<p>Protection et r\u00e9novation des caillebotis, claustras, mobilier de jardin, terrasse, etc&#8230;<\/p>\n<p>Produit d&rsquo;impr\u00e9gnation non filmog\u00e8ne \u00e0 fort pouvoir de p\u00e9n\u00e9tration.<br \/>\nHydrofuge, microporeux, fongicide.<\/p>\n<p>Ne p\u00e8le pas, ne s&rsquo;\u00e9caille pas donc entretien sans pon\u00e7age ni d\u00e9capage.<\/p>\n<p>Applicable en deux couches dans la journ\u00e9e.<\/p>\n<p>Effet perlant hydrofuge assurant une bonne protection contre l&rsquo;humidit\u00e9.<\/p>\n","protected":false},"excerpt":{"rendered":"<p>Huile Teck naturelle pour int\u00e9rieur et ext\u00e9rieur. nourrit,\u00a0ravive et prot\u00e8ge vos bois en profondeur.<\/p>\n<p>Elle prot\u00e8ge vos caillebotis, claustras, mobilier de jardin.<\/p>\n<p>\u00c0 base de liant v\u00e9g\u00e9tal naturel, finition hydrofuge, ne s&rsquo;\u00e9caille pas.<\/p>\n","protected":false},"featured_media":1000000167168,"template":"","meta":[],"product_brand":[2855],"product_cat":[48,47,49,50],"product_tag":[4163],"class_list":{"0":"post-9546","1":"product","2":"type-product","3":"status-publish","4":"has-post-thumbnail","6":"product_brand-natura","7":"product_cat-agencement-exterieur","8":"product_cat-peinture-et-enduit","9":"product_cat-protection-du-bois","10":"product_cat-protection-et-entretien","11":"product_tag-traitement-du-bois","12":"product_shipping_class-peintures-accessoires-peintures","14":"first","15":"instock","16":"taxable","17":"shipping-taxable","18":"purchasable","19":"product-type-simple"},"yoast_head":"<!-- This site is optimized with the Yoast SEO plugin v27.5 - https:\/\/yoast.com\/product\/yoast-seo-wordpress\/ -->\n<title>Huile teck LASURAL de Natura<\/title>\n<meta name=\"description\" content=\"Huile Teck naturelle pour int\u00e9rieur et ext\u00e9rieur. nourrit,\u00a0ravive et prot\u00e8ge vos bois en profondeur.  Elle prot\u00e8ge vos caillebotis, claustras, mobilier de jardin.  \u00c0 base de liant v\u00e9g\u00e9tal naturel, finition hydrofuge, ne s&#039;\u00e9caille pas.\" \/>\n<meta name=\"robots\" content=\"noindex, follow\" \/>\n<meta property=\"og:locale\" content=\"fr_FR\" \/>\n<meta property=\"og:type\" content=\"article\" \/>\n<meta property=\"og:title\" content=\"Huile teck LASURAL de Natura\" \/>\n<meta property=\"og:description\" content=\"Huile Teck naturelle pour int\u00e9rieur et ext\u00e9rieur. nourrit,\u00a0ravive et prot\u00e8ge vos bois en profondeur.  Elle prot\u00e8ge vos caillebotis, claustras, mobilier de jardin.  \u00c0 base de liant v\u00e9g\u00e9tal naturel, finition hydrofuge, ne s&#039;\u00e9caille pas.\" \/>\n<meta property=\"og:url\" content=\"https:\/\/nature-et-developpement.com\/logisain-78\/produit\/lasural-huile-teck\/\" \/>\n<meta property=\"og:site_name\" content=\"LOGISAIN 78 \u2013 Magasin de mat\u00e9riaux biosourc\u00e9s\" \/>\n<meta property=\"article:modified_time\" content=\"2025-06-12T14:55:22+00:00\" \/>\n<meta name=\"twitter:card\" content=\"summary_large_image\" \/>\n<meta name=\"twitter:label1\" content=\"Dur\u00e9e de lecture estim\u00e9e\" \/>\n\t<meta name=\"twitter:data1\" content=\"1 minute\" \/>\n<script type=\"application\/ld+json\" class=\"yoast-schema-graph\">{\"@context\":\"https:\\\/\\\/schema.org\",\"@graph\":[{\"@type\":\"WebPage\",\"@id\":\"https:\\\/\\\/nature-et-developpement.com\\\/logisain-78\\\/produit\\\/lasural-huile-teck\\\/\",\"url\":\"https:\\\/\\\/nature-et-developpement.com\\\/logisain-78\\\/produit\\\/lasural-huile-teck\\\/\",\"name\":\"Huile teck LASURAL de Natura\",\"isPartOf\":{\"@id\":\"https:\\\/\\\/nature-et-developpement.com\\\/logisain-78\\\/#website\"},\"primaryImageOfPage\":{\"@id\":\"https:\\\/\\\/nature-et-developpement.com\\\/logisain-78\\\/produit\\\/lasural-huile-teck\\\/#primaryimage\"},\"image\":{\"@id\":\"https:\\\/\\\/nature-et-developpement.com\\\/logisain-78\\\/produit\\\/lasural-huile-teck\\\/#primaryimage\"},\"thumbnailUrl\":\"https:\\\/\\\/nature-et-developpement.com\\\/logisain-78\\\/wp-content\\\/uploads\\\/Lasure-Satinee-Incolore-interieur-et-exterieur-LASURAL-1.jpg\",\"datePublished\":\"2024-12-31T23:00:00+00:00\",\"dateModified\":\"2025-06-12T14:55:22+00:00\",\"description\":\"Huile Teck naturelle pour int\u00e9rieur et ext\u00e9rieur. nourrit,\u00a0ravive et prot\u00e8ge vos bois en profondeur. Elle prot\u00e8ge vos caillebotis, claustras, mobilier de jardin. \u00c0 base de liant v\u00e9g\u00e9tal naturel, finition hydrofuge, ne s'\u00e9caille pas.\",\"breadcrumb\":{\"@id\":\"https:\\\/\\\/nature-et-developpement.com\\\/logisain-78\\\/produit\\\/lasural-huile-teck\\\/#breadcrumb\"},\"inLanguage\":\"fr-FR\",\"potentialAction\":[{\"@type\":\"ReadAction\",\"target\":[\"https:\\\/\\\/nature-et-developpement.com\\\/logisain-78\\\/produit\\\/lasural-huile-teck\\\/\"]}]},{\"@type\":\"ImageObject\",\"inLanguage\":\"fr-FR\",\"@id\":\"https:\\\/\\\/nature-et-developpement.com\\\/logisain-78\\\/produit\\\/lasural-huile-teck\\\/#primaryimage\",\"url\":\"https:\\\/\\\/nature-et-developpement.com\\\/logisain-78\\\/wp-content\\\/uploads\\\/Lasure-Satinee-Incolore-interieur-et-exterieur-LASURAL-1.jpg\",\"contentUrl\":\"https:\\\/\\\/nature-et-developpement.com\\\/logisain-78\\\/wp-content\\\/uploads\\\/Lasure-Satinee-Incolore-interieur-et-exterieur-LASURAL-1.jpg\"},{\"@type\":\"BreadcrumbList\",\"@id\":\"https:\\\/\\\/nature-et-developpement.com\\\/logisain-78\\\/produit\\\/lasural-huile-teck\\\/#breadcrumb\",\"itemListElement\":[{\"@type\":\"ListItem\",\"position\":1,\"name\":\"Accueil\",\"item\":\"https:\\\/\\\/nature-et-developpement.com\\\/logisain-78\\\/\"},{\"@type\":\"ListItem\",\"position\":2,\"name\":\"Produits\",\"item\":\"https:\\\/\\\/nature-et-developpement.com\\\/logisain-78\\\/shop\\\/\"},{\"@type\":\"ListItem\",\"position\":3,\"name\":\"Peinture, pigment et enduit\",\"item\":\"https:\\\/\\\/nature-et-developpement.com\\\/logisain-78\\\/produits\\\/peinture-et-enduit\\\/\"},{\"@type\":\"ListItem\",\"position\":4,\"name\":\"Protection du bois\",\"item\":\"https:\\\/\\\/nature-et-developpement.com\\\/logisain-78\\\/produits\\\/peinture-et-enduit\\\/protection-du-bois\\\/\"},{\"@type\":\"ListItem\",\"position\":5,\"name\":\"Huile teck LASURAL de Natura\"}]},{\"@type\":\"WebSite\",\"@id\":\"https:\\\/\\\/nature-et-developpement.com\\\/logisain-78\\\/#website\",\"url\":\"https:\\\/\\\/nature-et-developpement.com\\\/logisain-78\\\/\",\"name\":\"LOGISAIN 78 \u2013 Magasin de mat\u00e9riaux biosourc\u00e9s\",\"description\":\"Logisain 78 est membre du groupement Nature &amp; D\u00e9veloppement\",\"publisher\":{\"@id\":\"https:\\\/\\\/nature-et-developpement.com\\\/logisain-78\\\/#organization\"},\"potentialAction\":[{\"@type\":\"SearchAction\",\"target\":{\"@type\":\"EntryPoint\",\"urlTemplate\":\"https:\\\/\\\/nature-et-developpement.com\\\/logisain-78\\\/?s={search_term_string}\"},\"query-input\":{\"@type\":\"PropertyValueSpecification\",\"valueRequired\":true,\"valueName\":\"search_term_string\"}}],\"inLanguage\":\"fr-FR\"},{\"@type\":\"Organization\",\"@id\":\"https:\\\/\\\/nature-et-developpement.com\\\/logisain-78\\\/#organization\",\"name\":\"Logisain 78\",\"url\":\"https:\\\/\\\/nature-et-developpement.com\\\/logisain-78\\\/\",\"logo\":{\"@type\":\"ImageObject\",\"inLanguage\":\"fr-FR\",\"@id\":\"https:\\\/\\\/nature-et-developpement.com\\\/logisain-78\\\/#\\\/schema\\\/logo\\\/image\\\/\",\"url\":\"https:\\\/\\\/nature-et-developpement.com\\\/logisain-78\\\/wp-content\\\/uploads\\\/sites\\\/5\\\/2021\\\/08\\\/logo-logisain.jpg\",\"contentUrl\":\"https:\\\/\\\/nature-et-developpement.com\\\/logisain-78\\\/wp-content\\\/uploads\\\/sites\\\/5\\\/2021\\\/08\\\/logo-logisain.jpg\",\"width\":672,\"height\":455,\"caption\":\"Logisain 78\"},\"image\":{\"@id\":\"https:\\\/\\\/nature-et-developpement.com\\\/logisain-78\\\/#\\\/schema\\\/logo\\\/image\\\/\"}}]}<\/script>\n<!-- \/ Yoast SEO plugin. -->","yoast_head_json":{"title":"Huile teck LASURAL de Natura","description":"Huile Teck naturelle pour int\u00e9rieur et ext\u00e9rieur. nourrit,\u00a0ravive et prot\u00e8ge vos bois en profondeur.  Elle prot\u00e8ge vos caillebotis, claustras, mobilier de jardin.  \u00c0 base de liant v\u00e9g\u00e9tal naturel, finition hydrofuge, ne s'\u00e9caille pas.","robots":{"index":"noindex","follow":"follow"},"og_locale":"fr_FR","og_type":"article","og_title":"Huile teck LASURAL de Natura","og_description":"Huile Teck naturelle pour int\u00e9rieur et ext\u00e9rieur. nourrit,\u00a0ravive et prot\u00e8ge vos bois en profondeur.  Elle prot\u00e8ge vos caillebotis, claustras, mobilier de jardin.  \u00c0 base de liant v\u00e9g\u00e9tal naturel, finition hydrofuge, ne s'\u00e9caille pas.","og_url":"https:\/\/nature-et-developpement.com\/logisain-78\/produit\/lasural-huile-teck\/","og_site_name":"LOGISAIN 78 \u2013 Magasin de mat\u00e9riaux biosourc\u00e9s","article_modified_time":"2025-06-12T14:55:22+00:00","twitter_card":"summary_large_image","twitter_misc":{"Dur\u00e9e de lecture estim\u00e9e":"1 minute"},"schema":{"@context":"https:\/\/schema.org","@graph":[{"@type":"WebPage","@id":"https:\/\/nature-et-developpement.com\/logisain-78\/produit\/lasural-huile-teck\/","url":"https:\/\/nature-et-developpement.com\/logisain-78\/produit\/lasural-huile-teck\/","name":"Huile teck LASURAL de Natura","isPartOf":{"@id":"https:\/\/nature-et-developpement.com\/logisain-78\/#website"},"primaryImageOfPage":{"@id":"https:\/\/nature-et-developpement.com\/logisain-78\/produit\/lasural-huile-teck\/#primaryimage"},"image":{"@id":"https:\/\/nature-et-developpement.com\/logisain-78\/produit\/lasural-huile-teck\/#primaryimage"},"thumbnailUrl":"https:\/\/nature-et-developpement.com\/logisain-78\/wp-content\/uploads\/Lasure-Satinee-Incolore-interieur-et-exterieur-LASURAL-1.jpg","datePublished":"2024-12-31T23:00:00+00:00","dateModified":"2025-06-12T14:55:22+00:00","description":"Huile Teck naturelle pour int\u00e9rieur et ext\u00e9rieur. nourrit,\u00a0ravive et prot\u00e8ge vos bois en profondeur. Elle prot\u00e8ge vos caillebotis, claustras, mobilier de jardin. \u00c0 base de liant v\u00e9g\u00e9tal naturel, finition hydrofuge, ne s'\u00e9caille pas.","breadcrumb":{"@id":"https:\/\/nature-et-developpement.com\/logisain-78\/produit\/lasural-huile-teck\/#breadcrumb"},"inLanguage":"fr-FR","potentialAction":[{"@type":"ReadAction","target":["https:\/\/nature-et-developpement.com\/logisain-78\/produit\/lasural-huile-teck\/"]}]},{"@type":"ImageObject","inLanguage":"fr-FR","@id":"https:\/\/nature-et-developpement.com\/logisain-78\/produit\/lasural-huile-teck\/#primaryimage","url":"https:\/\/nature-et-developpement.com\/logisain-78\/wp-content\/uploads\/Lasure-Satinee-Incolore-interieur-et-exterieur-LASURAL-1.jpg","contentUrl":"https:\/\/nature-et-developpement.com\/logisain-78\/wp-content\/uploads\/Lasure-Satinee-Incolore-interieur-et-exterieur-LASURAL-1.jpg"},{"@type":"BreadcrumbList","@id":"https:\/\/nature-et-developpement.com\/logisain-78\/produit\/lasural-huile-teck\/#breadcrumb","itemListElement":[{"@type":"ListItem","position":1,"name":"Accueil","item":"https:\/\/nature-et-developpement.com\/logisain-78\/"},{"@type":"ListItem","position":2,"name":"Produits","item":"https:\/\/nature-et-developpement.com\/logisain-78\/shop\/"},{"@type":"ListItem","position":3,"name":"Peinture, pigment et enduit","item":"https:\/\/nature-et-developpement.com\/logisain-78\/produits\/peinture-et-enduit\/"},{"@type":"ListItem","position":4,"name":"Protection du bois","item":"https:\/\/nature-et-developpement.com\/logisain-78\/produits\/peinture-et-enduit\/protection-du-bois\/"},{"@type":"ListItem","position":5,"name":"Huile teck LASURAL de Natura"}]},{"@type":"WebSite","@id":"https:\/\/nature-et-developpement.com\/logisain-78\/#website","url":"https:\/\/nature-et-developpement.com\/logisain-78\/","name":"LOGISAIN 78 \u2013 Magasin de mat\u00e9riaux biosourc\u00e9s","description":"Logisain 78 est membre du groupement Nature &amp; D\u00e9veloppement","publisher":{"@id":"https:\/\/nature-et-developpement.com\/logisain-78\/#organization"},"potentialAction":[{"@type":"SearchAction","target":{"@type":"EntryPoint","urlTemplate":"https:\/\/nature-et-developpement.com\/logisain-78\/?s={search_term_string}"},"query-input":{"@type":"PropertyValueSpecification","valueRequired":true,"valueName":"search_term_string"}}],"inLanguage":"fr-FR"},{"@type":"Organization","@id":"https:\/\/nature-et-developpement.com\/logisain-78\/#organization","name":"Logisain 78","url":"https:\/\/nature-et-developpement.com\/logisain-78\/","logo":{"@type":"ImageObject","inLanguage":"fr-FR","@id":"https:\/\/nature-et-developpement.com\/logisain-78\/#\/schema\/logo\/image\/","url":"https:\/\/nature-et-developpement.com\/logisain-78\/wp-content\/uploads\/sites\/5\/2021\/08\/logo-logisain.jpg","contentUrl":"https:\/\/nature-et-developpement.com\/logisain-78\/wp-content\/uploads\/sites\/5\/2021\/08\/logo-logisain.jpg","width":672,"height":455,"caption":"Logisain 78"},"image":{"@id":"https:\/\/nature-et-developpement.com\/logisain-78\/#\/schema\/logo\/image\/"}}]}},"distributor_meta":false,"distributor_terms":false,"distributor_media":false,"distributor_original_site_name":"LOGISAIN 78 \u2013 Magasin de mat\u00e9riaux biosourc\u00e9s","distributor_original_site_url":"https:\/\/nature-et-developpement.com\/logisain-78","push-errors":false,"_links":{"self":[{"href":"https:\/\/nature-et-developpement.com\/logisain-78\/wp-json\/wp\/v2\/product\/9546","targetHints":{"allow":["GET"]}}],"collection":[{"href":"https:\/\/nature-et-developpement.com\/logisain-78\/wp-json\/wp\/v2\/product"}],"about":[{"href":"https:\/\/nature-et-developpement.com\/logisain-78\/wp-json\/wp\/v2\/types\/product"}],"wp:featuredmedia":[{"embeddable":true,"href":"https:\/\/nature-et-developpement.com\/logisain-78\/wp-json\/"}],"wp:attachment":[{"href":"https:\/\/nature-et-developpement.com\/logisain-78\/wp-json\/wp\/v2\/media?parent=9546"}],"wp:term":[{"taxonomy":"product_brand","embeddable":true,"href":"https:\/\/nature-et-developpement.com\/logisain-78\/wp-json\/wp\/v2\/product_brand?post=9546"},{"taxonomy":"product_cat","embeddable":true,"href":"https:\/\/nature-et-developpement.com\/logisain-78\/wp-json\/wp\/v2\/product_cat?post=9546"},{"taxonomy":"product_tag","embeddable":true,"href":"https:\/\/nature-et-developpement.com\/logisain-78\/wp-json\/wp\/v2\/product_tag?post=9546"}],"curies":[{"name":"wp","href":"https:\/\/api.w.org\/{rel}","templated":true}]}}