{"id":9559,"date":"2019-01-01T00:00:00","date_gmt":"2018-12-31T23:00:00","guid":{"rendered":"https:\/\/nature-et-developpement.com\/logisain78\/produit\/peinture-a-tableau-mat-linea-art-work\/"},"modified":"2025-06-12T16:57:48","modified_gmt":"2025-06-12T14:57:48","slug":"peinture-tableau-craie-mat-en-couleur-linea-art-work-de-natura","status":"publish","type":"product","link":"https:\/\/nature-et-developpement.com\/logisain-78\/produit\/peinture-tableau-craie-mat-en-couleur-linea-art-work-de-natura\/","title":{"rendered":"Peinture tableau craie mat en couleur LINEA ART WORK de Natura"},"content":{"rendered":"<h2>Peinture pour tableau pour une \u00e9criture \u00e0 la craie mat et en couleur<\/h2>\n<p>Peinture de finition mate \u00e0 base d&rsquo;\u00e9mulsion de mati\u00e8res premi\u00e8res naturelles et renouvelables, ardoisine et d&rsquo;huile de lin..<\/p>\n<p>Matit\u00e9 absolue optimisant l&rsquo;\u00e9criture \u00e0 la craie (apr\u00e8s 4 jours).<\/p>\n<p>Peut \u00eatre pr\u00e9c\u00e9d\u00e9 de la base Linea Magnet&rsquo;s et remplit dans ce cas une double fonction: tableau traditionnel et tableau magn\u00e9tique.<\/p>\n<h3>APPLICATION :<\/h3>\n<p>Brosse, \u00ab\u00a0patte de lapin\u00a0\u00bb(rouleau e 110mm), rouleau poils moyens, pistolet airless.<\/p>\n<h3>S\u00c9CHAGE :<\/h3>\n<p>Sec : 2h &#8211; Recouvrable : 12h.<\/p>\n","protected":false},"excerpt":{"rendered":"<p>Peinture naturelle \u00e0 la poudre d&rsquo;ardoise pour cr\u00e9er des tableaux ou un d\u00e9cor 100% \u00e9cologique\u00a0sur les quels vous pourrez \u00e9crire \u00e0 la craie, finition mate.<br \/>\nElle\u00a0peut s\u2019utiliser tel quel ou bien \u00eatre\u00a0pr\u00e9c\u00e9d\u00e9 par la base \u00ab\u00a0LINEA ART WORK Peinture MAGNET\u00a0\u00bb pour une\u00a0double fonction: tableau traditionnel + tableau magn\u00e9tique.<\/p>\n","protected":false},"featured_media":1000000167176,"template":"","meta":[],"product_brand":[2855],"product_cat":[47,108],"product_tag":[4164],"class_list":{"0":"post-9559","1":"product","2":"type-product","3":"status-publish","4":"has-post-thumbnail","6":"product_brand-natura","7":"product_cat-peinture-et-enduit","8":"product_cat-peinture-ecologique","9":"product_tag-peinture-ecologique","10":"product_shipping_class-peintures-accessoires-peintures","12":"first","13":"instock","14":"taxable","15":"shipping-taxable","16":"purchasable","17":"product-type-variable"},"yoast_head":"<!-- This site is optimized with the Yoast SEO plugin v27.5 - https:\/\/yoast.com\/product\/yoast-seo-wordpress\/ -->\n<title>Peinture tableau craie mat en couleur LINEA ART WORK de Natura<\/title>\n<meta name=\"description\" content=\"Peinture naturelle \u00e0 la poudre d&#039;ardoise pour cr\u00e9er des tableaux ou un d\u00e9cor 100% \u00e9cologique\u00a0sur les quels vous pourrez \u00e9crire \u00e0 la craie, finition mate. Elle\u00a0peut s\u2019utiliser tel quel ou bien \u00eatre\u00a0pr\u00e9c\u00e9d\u00e9 par la base &quot;LINEA ART WORK Peinture MAGNET&quot; pour une\u00a0double fonction: tableau traditionnel + tableau magn\u00e9tique.\" \/>\n<meta name=\"robots\" content=\"noindex, follow\" \/>\n<meta property=\"og:locale\" content=\"fr_FR\" \/>\n<meta property=\"og:type\" content=\"article\" \/>\n<meta property=\"og:title\" content=\"Peinture tableau craie mat en couleur LINEA ART WORK de Natura\" \/>\n<meta property=\"og:description\" content=\"Peinture naturelle \u00e0 la poudre d&#039;ardoise pour cr\u00e9er des tableaux ou un d\u00e9cor 100% \u00e9cologique\u00a0sur les quels vous pourrez \u00e9crire \u00e0 la craie, finition mate. Elle\u00a0peut s\u2019utiliser tel quel ou bien \u00eatre\u00a0pr\u00e9c\u00e9d\u00e9 par la base &quot;LINEA ART WORK Peinture MAGNET&quot; pour une\u00a0double fonction: tableau traditionnel + tableau magn\u00e9tique.\" \/>\n<meta property=\"og:url\" content=\"https:\/\/nature-et-developpement.com\/logisain-78\/produit\/peinture-tableau-craie-mat-en-couleur-linea-art-work-de-natura\/\" \/>\n<meta property=\"og:site_name\" content=\"LOGISAIN 78 \u2013 Magasin de mat\u00e9riaux biosourc\u00e9s\" \/>\n<meta property=\"article:modified_time\" content=\"2025-06-12T14:57:48+00:00\" \/>\n<meta name=\"twitter:card\" content=\"summary_large_image\" \/>\n<meta name=\"twitter:label1\" content=\"Dur\u00e9e de lecture estim\u00e9e\" \/>\n\t<meta name=\"twitter:data1\" content=\"1 minute\" \/>\n<script type=\"application\/ld+json\" class=\"yoast-schema-graph\">{\"@context\":\"https:\\\/\\\/schema.org\",\"@graph\":[{\"@type\":\"WebPage\",\"@id\":\"https:\\\/\\\/nature-et-developpement.com\\\/logisain-78\\\/produit\\\/peinture-tableau-craie-mat-en-couleur-linea-art-work-de-natura\\\/\",\"url\":\"https:\\\/\\\/nature-et-developpement.com\\\/logisain-78\\\/produit\\\/peinture-tableau-craie-mat-en-couleur-linea-art-work-de-natura\\\/\",\"name\":\"Peinture tableau craie mat en couleur LINEA ART WORK de Natura\",\"isPartOf\":{\"@id\":\"https:\\\/\\\/nature-et-developpement.com\\\/logisain-78\\\/#website\"},\"primaryImageOfPage\":{\"@id\":\"https:\\\/\\\/nature-et-developpement.com\\\/logisain-78\\\/produit\\\/peinture-tableau-craie-mat-en-couleur-linea-art-work-de-natura\\\/#primaryimage\"},\"image\":{\"@id\":\"https:\\\/\\\/nature-et-developpement.com\\\/logisain-78\\\/produit\\\/peinture-tableau-craie-mat-en-couleur-linea-art-work-de-natura\\\/#primaryimage\"},\"thumbnailUrl\":\"https:\\\/\\\/nature-et-developpement.com\\\/logisain-78\\\/wp-content\\\/uploads\\\/Peinture-tableau-craie-mat-en-couleur-LINEA-ART-WORK-de-Natura.jpg\",\"datePublished\":\"2018-12-31T23:00:00+00:00\",\"dateModified\":\"2025-06-12T14:57:48+00:00\",\"description\":\"Peinture naturelle \u00e0 la poudre d'ardoise pour cr\u00e9er des tableaux ou un d\u00e9cor 100% \u00e9cologique\u00a0sur les quels vous pourrez \u00e9crire \u00e0 la craie, finition mate. Elle\u00a0peut s\u2019utiliser tel quel ou bien \u00eatre\u00a0pr\u00e9c\u00e9d\u00e9 par la base \\\"LINEA ART WORK Peinture MAGNET\\\" pour une\u00a0double fonction: tableau traditionnel + tableau magn\u00e9tique.\",\"breadcrumb\":{\"@id\":\"https:\\\/\\\/nature-et-developpement.com\\\/logisain-78\\\/produit\\\/peinture-tableau-craie-mat-en-couleur-linea-art-work-de-natura\\\/#breadcrumb\"},\"inLanguage\":\"fr-FR\",\"potentialAction\":[{\"@type\":\"ReadAction\",\"target\":[\"https:\\\/\\\/nature-et-developpement.com\\\/logisain-78\\\/produit\\\/peinture-tableau-craie-mat-en-couleur-linea-art-work-de-natura\\\/\"]}]},{\"@type\":\"ImageObject\",\"inLanguage\":\"fr-FR\",\"@id\":\"https:\\\/\\\/nature-et-developpement.com\\\/logisain-78\\\/produit\\\/peinture-tableau-craie-mat-en-couleur-linea-art-work-de-natura\\\/#primaryimage\",\"url\":\"https:\\\/\\\/nature-et-developpement.com\\\/logisain-78\\\/wp-content\\\/uploads\\\/Peinture-tableau-craie-mat-en-couleur-LINEA-ART-WORK-de-Natura.jpg\",\"contentUrl\":\"https:\\\/\\\/nature-et-developpement.com\\\/logisain-78\\\/wp-content\\\/uploads\\\/Peinture-tableau-craie-mat-en-couleur-LINEA-ART-WORK-de-Natura.jpg\"},{\"@type\":\"BreadcrumbList\",\"@id\":\"https:\\\/\\\/nature-et-developpement.com\\\/logisain-78\\\/produit\\\/peinture-tableau-craie-mat-en-couleur-linea-art-work-de-natura\\\/#breadcrumb\",\"itemListElement\":[{\"@type\":\"ListItem\",\"position\":1,\"name\":\"Accueil\",\"item\":\"https:\\\/\\\/nature-et-developpement.com\\\/logisain-78\\\/\"},{\"@type\":\"ListItem\",\"position\":2,\"name\":\"Produits\",\"item\":\"https:\\\/\\\/nature-et-developpement.com\\\/logisain-78\\\/shop\\\/\"},{\"@type\":\"ListItem\",\"position\":3,\"name\":\"Peinture, pigment et enduit\",\"item\":\"https:\\\/\\\/nature-et-developpement.com\\\/logisain-78\\\/produits\\\/peinture-et-enduit\\\/\"},{\"@type\":\"ListItem\",\"position\":4,\"name\":\"Peintures\",\"item\":\"https:\\\/\\\/nature-et-developpement.com\\\/logisain-78\\\/produits\\\/peinture-et-enduit\\\/peinture-ecologique\\\/\"},{\"@type\":\"ListItem\",\"position\":5,\"name\":\"Peinture tableau craie mat en couleur LINEA ART WORK de Natura\"}]},{\"@type\":\"WebSite\",\"@id\":\"https:\\\/\\\/nature-et-developpement.com\\\/logisain-78\\\/#website\",\"url\":\"https:\\\/\\\/nature-et-developpement.com\\\/logisain-78\\\/\",\"name\":\"LOGISAIN 78 \u2013 Magasin de mat\u00e9riaux biosourc\u00e9s\",\"description\":\"Logisain 78 est membre du groupement Nature &amp; D\u00e9veloppement\",\"publisher\":{\"@id\":\"https:\\\/\\\/nature-et-developpement.com\\\/logisain-78\\\/#organization\"},\"potentialAction\":[{\"@type\":\"SearchAction\",\"target\":{\"@type\":\"EntryPoint\",\"urlTemplate\":\"https:\\\/\\\/nature-et-developpement.com\\\/logisain-78\\\/?s={search_term_string}\"},\"query-input\":{\"@type\":\"PropertyValueSpecification\",\"valueRequired\":true,\"valueName\":\"search_term_string\"}}],\"inLanguage\":\"fr-FR\"},{\"@type\":\"Organization\",\"@id\":\"https:\\\/\\\/nature-et-developpement.com\\\/logisain-78\\\/#organization\",\"name\":\"Logisain 78\",\"url\":\"https:\\\/\\\/nature-et-developpement.com\\\/logisain-78\\\/\",\"logo\":{\"@type\":\"ImageObject\",\"inLanguage\":\"fr-FR\",\"@id\":\"https:\\\/\\\/nature-et-developpement.com\\\/logisain-78\\\/#\\\/schema\\\/logo\\\/image\\\/\",\"url\":\"https:\\\/\\\/nature-et-developpement.com\\\/logisain-78\\\/wp-content\\\/uploads\\\/sites\\\/5\\\/2021\\\/08\\\/logo-logisain.jpg\",\"contentUrl\":\"https:\\\/\\\/nature-et-developpement.com\\\/logisain-78\\\/wp-content\\\/uploads\\\/sites\\\/5\\\/2021\\\/08\\\/logo-logisain.jpg\",\"width\":672,\"height\":455,\"caption\":\"Logisain 78\"},\"image\":{\"@id\":\"https:\\\/\\\/nature-et-developpement.com\\\/logisain-78\\\/#\\\/schema\\\/logo\\\/image\\\/\"}}]}<\/script>\n<!-- \/ Yoast SEO plugin. -->","yoast_head_json":{"title":"Peinture tableau craie mat en couleur LINEA ART WORK de Natura","description":"Peinture naturelle \u00e0 la poudre d'ardoise pour cr\u00e9er des tableaux ou un d\u00e9cor 100% \u00e9cologique\u00a0sur les quels vous pourrez \u00e9crire \u00e0 la craie, finition mate. Elle\u00a0peut s\u2019utiliser tel quel ou bien \u00eatre\u00a0pr\u00e9c\u00e9d\u00e9 par la base \"LINEA ART WORK Peinture MAGNET\" pour une\u00a0double fonction: tableau traditionnel + tableau magn\u00e9tique.","robots":{"index":"noindex","follow":"follow"},"og_locale":"fr_FR","og_type":"article","og_title":"Peinture tableau craie mat en couleur LINEA ART WORK de Natura","og_description":"Peinture naturelle \u00e0 la poudre d'ardoise pour cr\u00e9er des tableaux ou un d\u00e9cor 100% \u00e9cologique\u00a0sur les quels vous pourrez \u00e9crire \u00e0 la craie, finition mate. Elle\u00a0peut s\u2019utiliser tel quel ou bien \u00eatre\u00a0pr\u00e9c\u00e9d\u00e9 par la base \"LINEA ART WORK Peinture MAGNET\" pour une\u00a0double fonction: tableau traditionnel + tableau magn\u00e9tique.","og_url":"https:\/\/nature-et-developpement.com\/logisain-78\/produit\/peinture-tableau-craie-mat-en-couleur-linea-art-work-de-natura\/","og_site_name":"LOGISAIN 78 \u2013 Magasin de mat\u00e9riaux biosourc\u00e9s","article_modified_time":"2025-06-12T14:57:48+00:00","twitter_card":"summary_large_image","twitter_misc":{"Dur\u00e9e de lecture estim\u00e9e":"1 minute"},"schema":{"@context":"https:\/\/schema.org","@graph":[{"@type":"WebPage","@id":"https:\/\/nature-et-developpement.com\/logisain-78\/produit\/peinture-tableau-craie-mat-en-couleur-linea-art-work-de-natura\/","url":"https:\/\/nature-et-developpement.com\/logisain-78\/produit\/peinture-tableau-craie-mat-en-couleur-linea-art-work-de-natura\/","name":"Peinture tableau craie mat en couleur LINEA ART WORK de Natura","isPartOf":{"@id":"https:\/\/nature-et-developpement.com\/logisain-78\/#website"},"primaryImageOfPage":{"@id":"https:\/\/nature-et-developpement.com\/logisain-78\/produit\/peinture-tableau-craie-mat-en-couleur-linea-art-work-de-natura\/#primaryimage"},"image":{"@id":"https:\/\/nature-et-developpement.com\/logisain-78\/produit\/peinture-tableau-craie-mat-en-couleur-linea-art-work-de-natura\/#primaryimage"},"thumbnailUrl":"https:\/\/nature-et-developpement.com\/logisain-78\/wp-content\/uploads\/Peinture-tableau-craie-mat-en-couleur-LINEA-ART-WORK-de-Natura.jpg","datePublished":"2018-12-31T23:00:00+00:00","dateModified":"2025-06-12T14:57:48+00:00","description":"Peinture naturelle \u00e0 la poudre d'ardoise pour cr\u00e9er des tableaux ou un d\u00e9cor 100% \u00e9cologique\u00a0sur les quels vous pourrez \u00e9crire \u00e0 la craie, finition mate. Elle\u00a0peut s\u2019utiliser tel quel ou bien \u00eatre\u00a0pr\u00e9c\u00e9d\u00e9 par la base \"LINEA ART WORK Peinture MAGNET\" pour une\u00a0double fonction: tableau traditionnel + tableau magn\u00e9tique.","breadcrumb":{"@id":"https:\/\/nature-et-developpement.com\/logisain-78\/produit\/peinture-tableau-craie-mat-en-couleur-linea-art-work-de-natura\/#breadcrumb"},"inLanguage":"fr-FR","potentialAction":[{"@type":"ReadAction","target":["https:\/\/nature-et-developpement.com\/logisain-78\/produit\/peinture-tableau-craie-mat-en-couleur-linea-art-work-de-natura\/"]}]},{"@type":"ImageObject","inLanguage":"fr-FR","@id":"https:\/\/nature-et-developpement.com\/logisain-78\/produit\/peinture-tableau-craie-mat-en-couleur-linea-art-work-de-natura\/#primaryimage","url":"https:\/\/nature-et-developpement.com\/logisain-78\/wp-content\/uploads\/Peinture-tableau-craie-mat-en-couleur-LINEA-ART-WORK-de-Natura.jpg","contentUrl":"https:\/\/nature-et-developpement.com\/logisain-78\/wp-content\/uploads\/Peinture-tableau-craie-mat-en-couleur-LINEA-ART-WORK-de-Natura.jpg"},{"@type":"BreadcrumbList","@id":"https:\/\/nature-et-developpement.com\/logisain-78\/produit\/peinture-tableau-craie-mat-en-couleur-linea-art-work-de-natura\/#breadcrumb","itemListElement":[{"@type":"ListItem","position":1,"name":"Accueil","item":"https:\/\/nature-et-developpement.com\/logisain-78\/"},{"@type":"ListItem","position":2,"name":"Produits","item":"https:\/\/nature-et-developpement.com\/logisain-78\/shop\/"},{"@type":"ListItem","position":3,"name":"Peinture, pigment et enduit","item":"https:\/\/nature-et-developpement.com\/logisain-78\/produits\/peinture-et-enduit\/"},{"@type":"ListItem","position":4,"name":"Peintures","item":"https:\/\/nature-et-developpement.com\/logisain-78\/produits\/peinture-et-enduit\/peinture-ecologique\/"},{"@type":"ListItem","position":5,"name":"Peinture tableau craie mat en couleur LINEA ART WORK de Natura"}]},{"@type":"WebSite","@id":"https:\/\/nature-et-developpement.com\/logisain-78\/#website","url":"https:\/\/nature-et-developpement.com\/logisain-78\/","name":"LOGISAIN 78 \u2013 Magasin de mat\u00e9riaux biosourc\u00e9s","description":"Logisain 78 est membre du groupement Nature &amp; D\u00e9veloppement","publisher":{"@id":"https:\/\/nature-et-developpement.com\/logisain-78\/#organization"},"potentialAction":[{"@type":"SearchAction","target":{"@type":"EntryPoint","urlTemplate":"https:\/\/nature-et-developpement.com\/logisain-78\/?s={search_term_string}"},"query-input":{"@type":"PropertyValueSpecification","valueRequired":true,"valueName":"search_term_string"}}],"inLanguage":"fr-FR"},{"@type":"Organization","@id":"https:\/\/nature-et-developpement.com\/logisain-78\/#organization","name":"Logisain 78","url":"https:\/\/nature-et-developpement.com\/logisain-78\/","logo":{"@type":"ImageObject","inLanguage":"fr-FR","@id":"https:\/\/nature-et-developpement.com\/logisain-78\/#\/schema\/logo\/image\/","url":"https:\/\/nature-et-developpement.com\/logisain-78\/wp-content\/uploads\/sites\/5\/2021\/08\/logo-logisain.jpg","contentUrl":"https:\/\/nature-et-developpement.com\/logisain-78\/wp-content\/uploads\/sites\/5\/2021\/08\/logo-logisain.jpg","width":672,"height":455,"caption":"Logisain 78"},"image":{"@id":"https:\/\/nature-et-developpement.com\/logisain-78\/#\/schema\/logo\/image\/"}}]}},"distributor_meta":false,"distributor_terms":false,"distributor_media":false,"distributor_original_site_name":"LOGISAIN 78 \u2013 Magasin de mat\u00e9riaux biosourc\u00e9s","distributor_original_site_url":"https:\/\/nature-et-developpement.com\/logisain-78","push-errors":false,"_links":{"self":[{"href":"https:\/\/nature-et-developpement.com\/logisain-78\/wp-json\/wp\/v2\/product\/9559","targetHints":{"allow":["GET"]}}],"collection":[{"href":"https:\/\/nature-et-developpement.com\/logisain-78\/wp-json\/wp\/v2\/product"}],"about":[{"href":"https:\/\/nature-et-developpement.com\/logisain-78\/wp-json\/wp\/v2\/types\/product"}],"wp:featuredmedia":[{"embeddable":true,"href":"https:\/\/nature-et-developpement.com\/logisain-78\/wp-json\/"}],"wp:attachment":[{"href":"https:\/\/nature-et-developpement.com\/logisain-78\/wp-json\/wp\/v2\/media?parent=9559"}],"wp:term":[{"taxonomy":"product_brand","embeddable":true,"href":"https:\/\/nature-et-developpement.com\/logisain-78\/wp-json\/wp\/v2\/product_brand?post=9559"},{"taxonomy":"product_cat","embeddable":true,"href":"https:\/\/nature-et-developpement.com\/logisain-78\/wp-json\/wp\/v2\/product_cat?post=9559"},{"taxonomy":"product_tag","embeddable":true,"href":"https:\/\/nature-et-developpement.com\/logisain-78\/wp-json\/wp\/v2\/product_tag?post=9559"}],"curies":[{"name":"wp","href":"https:\/\/api.w.org\/{rel}","templated":true}]}}