{"id":9595,"date":"2019-01-01T00:00:00","date_gmt":"2018-12-31T23:00:00","guid":{"rendered":"https:\/\/nature-et-developpement.com\/logisain78\/produit\/degriseur-pour-bois-lasural\/"},"modified":"2025-06-12T16:57:48","modified_gmt":"2025-06-12T14:57:48","slug":"degriseur-bois-lasural-de-natura","status":"publish","type":"product","link":"https:\/\/nature-et-developpement.com\/logisain-78\/produit\/degriseur-bois-lasural-de-natura\/","title":{"rendered":"D\u00e9griseur bois LASURAL de Natura"},"content":{"rendered":"<p>TEINTES ET CONDITIONNEMENTS :<\/p>\n<p>Incolore &#8211; 1 litre, 5 litres et 20 litres.<\/p>\n<p>CRITERES ENVIRONNEMENTAUX :<\/p>\n<p>Produit en phase aqueuse. Ne contient aucun d\u00e9riv\u00e9 de produit p\u00e9trolier &#8211; Taux de C.O.V.: 0g\/litre<\/p>\n<p>Excellent compromis entre performances et qualit\u00e9s environnementales.<\/p>\n<p>PR\u00c9CAUTIONS D&rsquo;EMPLOI &#8211; HYGI\u00c8NE ET S\u00c9CURIT\u00c9 :<\/p>\n<p>Eviter le contact avec la peau et les yeux &#8211; Porter des v\u00eatements de protection et lunettes appropri\u00e9s.<\/p>\n<p>Conserver hors de port\u00e9e des enfants &#8211; Prot\u00e9ger \u00e9ventuellement les v\u00e9g\u00e9taux \u00e0 proximit\u00e9 imm\u00e9diate.<\/p>\n","protected":false},"excerpt":{"rendered":"<p>Redonne leur couleur originelle aux bois gris\u00e9s ou blanchis par les intemp\u00e9ries<\/p>\n<p>Id\u00e9al pour les constructions et terrasses en bois, clins, volets, mobilier de jardin, claustras, claies, et\u00a0tous vos bois.<\/p>\n<p>Produit pr\u00eat \u00e0 l&#8217;emploi et d&rsquo;utilisation simple avec un temps d&rsquo;action rapide sur tous les types de bois.<\/p>\n","protected":false},"featured_media":1000000167146,"template":"","meta":[],"product_brand":[2855],"product_cat":[48,47,49,50,1417],"product_tag":[4163],"class_list":{"0":"post-9595","1":"product","2":"type-product","3":"status-publish","4":"has-post-thumbnail","6":"product_brand-natura","7":"product_cat-agencement-exterieur","8":"product_cat-peinture-et-enduit","9":"product_cat-protection-du-bois","10":"product_cat-protection-et-entretien","11":"product_cat-traitement-bois-et-pierre-ecologique","12":"product_tag-traitement-du-bois","13":"product_shipping_class-peintures-accessoires-peintures","15":"first","16":"instock","17":"taxable","18":"shipping-taxable","19":"purchasable","20":"product-type-variable"},"yoast_head":"<!-- This site is optimized with the Yoast SEO plugin v27.5 - https:\/\/yoast.com\/product\/yoast-seo-wordpress\/ -->\n<title>D\u00e9griseur bois LASURAL de Natura<\/title>\n<meta name=\"description\" content=\"Redonne leur couleur originelle aux bois gris\u00e9s ou blanchis par les intemp\u00e9ries  Id\u00e9al pour les constructions et terrasses en bois, clins, volets, mobilier de jardin, claustras, claies, et\u00a0tous vos bois.  Produit pr\u00eat \u00e0 l&#039;emploi et d&#039;utilisation simple avec un temps d&#039;action rapide sur tous les types de bois.\" \/>\n<meta name=\"robots\" content=\"noindex, follow\" \/>\n<meta property=\"og:locale\" content=\"fr_FR\" \/>\n<meta property=\"og:type\" content=\"article\" \/>\n<meta property=\"og:title\" content=\"D\u00e9griseur bois LASURAL de Natura\" \/>\n<meta property=\"og:description\" content=\"Redonne leur couleur originelle aux bois gris\u00e9s ou blanchis par les intemp\u00e9ries  Id\u00e9al pour les constructions et terrasses en bois, clins, volets, mobilier de jardin, claustras, claies, et\u00a0tous vos bois.  Produit pr\u00eat \u00e0 l&#039;emploi et d&#039;utilisation simple avec un temps d&#039;action rapide sur tous les types de bois.\" \/>\n<meta property=\"og:url\" content=\"https:\/\/nature-et-developpement.com\/logisain-78\/produit\/degriseur-bois-lasural-de-natura\/\" \/>\n<meta property=\"og:site_name\" content=\"LOGISAIN 78 \u2013 Magasin de mat\u00e9riaux biosourc\u00e9s\" \/>\n<meta property=\"article:modified_time\" content=\"2025-06-12T14:57:48+00:00\" \/>\n<meta name=\"twitter:card\" content=\"summary_large_image\" \/>\n<script type=\"application\/ld+json\" class=\"yoast-schema-graph\">{\"@context\":\"https:\\\/\\\/schema.org\",\"@graph\":[{\"@type\":\"WebPage\",\"@id\":\"https:\\\/\\\/nature-et-developpement.com\\\/logisain-78\\\/produit\\\/degriseur-bois-lasural-de-natura\\\/\",\"url\":\"https:\\\/\\\/nature-et-developpement.com\\\/logisain-78\\\/produit\\\/degriseur-bois-lasural-de-natura\\\/\",\"name\":\"D\u00e9griseur bois LASURAL de Natura\",\"isPartOf\":{\"@id\":\"https:\\\/\\\/nature-et-developpement.com\\\/logisain-78\\\/#website\"},\"primaryImageOfPage\":{\"@id\":\"https:\\\/\\\/nature-et-developpement.com\\\/logisain-78\\\/produit\\\/degriseur-bois-lasural-de-natura\\\/#primaryimage\"},\"image\":{\"@id\":\"https:\\\/\\\/nature-et-developpement.com\\\/logisain-78\\\/produit\\\/degriseur-bois-lasural-de-natura\\\/#primaryimage\"},\"thumbnailUrl\":\"https:\\\/\\\/nature-et-developpement.com\\\/logisain-78\\\/wp-content\\\/uploads\\\/Degriseur-pour-bois-LASURAL-1L.jpg\",\"datePublished\":\"2018-12-31T23:00:00+00:00\",\"dateModified\":\"2025-06-12T14:57:48+00:00\",\"description\":\"Redonne leur couleur originelle aux bois gris\u00e9s ou blanchis par les intemp\u00e9ries Id\u00e9al pour les constructions et terrasses en bois, clins, volets, mobilier de jardin, claustras, claies, et\u00a0tous vos bois. Produit pr\u00eat \u00e0 l'emploi et d'utilisation simple avec un temps d'action rapide sur tous les types de bois.\",\"breadcrumb\":{\"@id\":\"https:\\\/\\\/nature-et-developpement.com\\\/logisain-78\\\/produit\\\/degriseur-bois-lasural-de-natura\\\/#breadcrumb\"},\"inLanguage\":\"fr-FR\",\"potentialAction\":[{\"@type\":\"ReadAction\",\"target\":[\"https:\\\/\\\/nature-et-developpement.com\\\/logisain-78\\\/produit\\\/degriseur-bois-lasural-de-natura\\\/\"]}]},{\"@type\":\"ImageObject\",\"inLanguage\":\"fr-FR\",\"@id\":\"https:\\\/\\\/nature-et-developpement.com\\\/logisain-78\\\/produit\\\/degriseur-bois-lasural-de-natura\\\/#primaryimage\",\"url\":\"https:\\\/\\\/nature-et-developpement.com\\\/logisain-78\\\/wp-content\\\/uploads\\\/Degriseur-pour-bois-LASURAL-1L.jpg\",\"contentUrl\":\"https:\\\/\\\/nature-et-developpement.com\\\/logisain-78\\\/wp-content\\\/uploads\\\/Degriseur-pour-bois-LASURAL-1L.jpg\"},{\"@type\":\"BreadcrumbList\",\"@id\":\"https:\\\/\\\/nature-et-developpement.com\\\/logisain-78\\\/produit\\\/degriseur-bois-lasural-de-natura\\\/#breadcrumb\",\"itemListElement\":[{\"@type\":\"ListItem\",\"position\":1,\"name\":\"Accueil\",\"item\":\"https:\\\/\\\/nature-et-developpement.com\\\/logisain-78\\\/\"},{\"@type\":\"ListItem\",\"position\":2,\"name\":\"Produits\",\"item\":\"https:\\\/\\\/nature-et-developpement.com\\\/logisain-78\\\/shop\\\/\"},{\"@type\":\"ListItem\",\"position\":3,\"name\":\"Peinture, pigment et enduit\",\"item\":\"https:\\\/\\\/nature-et-developpement.com\\\/logisain-78\\\/produits\\\/peinture-et-enduit\\\/\"},{\"@type\":\"ListItem\",\"position\":4,\"name\":\"Protection du bois\",\"item\":\"https:\\\/\\\/nature-et-developpement.com\\\/logisain-78\\\/produits\\\/peinture-et-enduit\\\/protection-du-bois\\\/\"},{\"@type\":\"ListItem\",\"position\":5,\"name\":\"D\u00e9griseur bois LASURAL de Natura\"}]},{\"@type\":\"WebSite\",\"@id\":\"https:\\\/\\\/nature-et-developpement.com\\\/logisain-78\\\/#website\",\"url\":\"https:\\\/\\\/nature-et-developpement.com\\\/logisain-78\\\/\",\"name\":\"LOGISAIN 78 \u2013 Magasin de mat\u00e9riaux biosourc\u00e9s\",\"description\":\"Logisain 78 est membre du groupement Nature &amp; D\u00e9veloppement\",\"publisher\":{\"@id\":\"https:\\\/\\\/nature-et-developpement.com\\\/logisain-78\\\/#organization\"},\"potentialAction\":[{\"@type\":\"SearchAction\",\"target\":{\"@type\":\"EntryPoint\",\"urlTemplate\":\"https:\\\/\\\/nature-et-developpement.com\\\/logisain-78\\\/?s={search_term_string}\"},\"query-input\":{\"@type\":\"PropertyValueSpecification\",\"valueRequired\":true,\"valueName\":\"search_term_string\"}}],\"inLanguage\":\"fr-FR\"},{\"@type\":\"Organization\",\"@id\":\"https:\\\/\\\/nature-et-developpement.com\\\/logisain-78\\\/#organization\",\"name\":\"Logisain 78\",\"url\":\"https:\\\/\\\/nature-et-developpement.com\\\/logisain-78\\\/\",\"logo\":{\"@type\":\"ImageObject\",\"inLanguage\":\"fr-FR\",\"@id\":\"https:\\\/\\\/nature-et-developpement.com\\\/logisain-78\\\/#\\\/schema\\\/logo\\\/image\\\/\",\"url\":\"https:\\\/\\\/nature-et-developpement.com\\\/logisain-78\\\/wp-content\\\/uploads\\\/sites\\\/5\\\/2021\\\/08\\\/logo-logisain.jpg\",\"contentUrl\":\"https:\\\/\\\/nature-et-developpement.com\\\/logisain-78\\\/wp-content\\\/uploads\\\/sites\\\/5\\\/2021\\\/08\\\/logo-logisain.jpg\",\"width\":672,\"height\":455,\"caption\":\"Logisain 78\"},\"image\":{\"@id\":\"https:\\\/\\\/nature-et-developpement.com\\\/logisain-78\\\/#\\\/schema\\\/logo\\\/image\\\/\"}}]}<\/script>\n<!-- \/ Yoast SEO plugin. -->","yoast_head_json":{"title":"D\u00e9griseur bois LASURAL de Natura","description":"Redonne leur couleur originelle aux bois gris\u00e9s ou blanchis par les intemp\u00e9ries  Id\u00e9al pour les constructions et terrasses en bois, clins, volets, mobilier de jardin, claustras, claies, et\u00a0tous vos bois.  Produit pr\u00eat \u00e0 l'emploi et d'utilisation simple avec un temps d'action rapide sur tous les types de bois.","robots":{"index":"noindex","follow":"follow"},"og_locale":"fr_FR","og_type":"article","og_title":"D\u00e9griseur bois LASURAL de Natura","og_description":"Redonne leur couleur originelle aux bois gris\u00e9s ou blanchis par les intemp\u00e9ries  Id\u00e9al pour les constructions et terrasses en bois, clins, volets, mobilier de jardin, claustras, claies, et\u00a0tous vos bois.  Produit pr\u00eat \u00e0 l'emploi et d'utilisation simple avec un temps d'action rapide sur tous les types de bois.","og_url":"https:\/\/nature-et-developpement.com\/logisain-78\/produit\/degriseur-bois-lasural-de-natura\/","og_site_name":"LOGISAIN 78 \u2013 Magasin de mat\u00e9riaux biosourc\u00e9s","article_modified_time":"2025-06-12T14:57:48+00:00","twitter_card":"summary_large_image","schema":{"@context":"https:\/\/schema.org","@graph":[{"@type":"WebPage","@id":"https:\/\/nature-et-developpement.com\/logisain-78\/produit\/degriseur-bois-lasural-de-natura\/","url":"https:\/\/nature-et-developpement.com\/logisain-78\/produit\/degriseur-bois-lasural-de-natura\/","name":"D\u00e9griseur bois LASURAL de Natura","isPartOf":{"@id":"https:\/\/nature-et-developpement.com\/logisain-78\/#website"},"primaryImageOfPage":{"@id":"https:\/\/nature-et-developpement.com\/logisain-78\/produit\/degriseur-bois-lasural-de-natura\/#primaryimage"},"image":{"@id":"https:\/\/nature-et-developpement.com\/logisain-78\/produit\/degriseur-bois-lasural-de-natura\/#primaryimage"},"thumbnailUrl":"https:\/\/nature-et-developpement.com\/logisain-78\/wp-content\/uploads\/Degriseur-pour-bois-LASURAL-1L.jpg","datePublished":"2018-12-31T23:00:00+00:00","dateModified":"2025-06-12T14:57:48+00:00","description":"Redonne leur couleur originelle aux bois gris\u00e9s ou blanchis par les intemp\u00e9ries Id\u00e9al pour les constructions et terrasses en bois, clins, volets, mobilier de jardin, claustras, claies, et\u00a0tous vos bois. Produit pr\u00eat \u00e0 l'emploi et d'utilisation simple avec un temps d'action rapide sur tous les types de bois.","breadcrumb":{"@id":"https:\/\/nature-et-developpement.com\/logisain-78\/produit\/degriseur-bois-lasural-de-natura\/#breadcrumb"},"inLanguage":"fr-FR","potentialAction":[{"@type":"ReadAction","target":["https:\/\/nature-et-developpement.com\/logisain-78\/produit\/degriseur-bois-lasural-de-natura\/"]}]},{"@type":"ImageObject","inLanguage":"fr-FR","@id":"https:\/\/nature-et-developpement.com\/logisain-78\/produit\/degriseur-bois-lasural-de-natura\/#primaryimage","url":"https:\/\/nature-et-developpement.com\/logisain-78\/wp-content\/uploads\/Degriseur-pour-bois-LASURAL-1L.jpg","contentUrl":"https:\/\/nature-et-developpement.com\/logisain-78\/wp-content\/uploads\/Degriseur-pour-bois-LASURAL-1L.jpg"},{"@type":"BreadcrumbList","@id":"https:\/\/nature-et-developpement.com\/logisain-78\/produit\/degriseur-bois-lasural-de-natura\/#breadcrumb","itemListElement":[{"@type":"ListItem","position":1,"name":"Accueil","item":"https:\/\/nature-et-developpement.com\/logisain-78\/"},{"@type":"ListItem","position":2,"name":"Produits","item":"https:\/\/nature-et-developpement.com\/logisain-78\/shop\/"},{"@type":"ListItem","position":3,"name":"Peinture, pigment et enduit","item":"https:\/\/nature-et-developpement.com\/logisain-78\/produits\/peinture-et-enduit\/"},{"@type":"ListItem","position":4,"name":"Protection du bois","item":"https:\/\/nature-et-developpement.com\/logisain-78\/produits\/peinture-et-enduit\/protection-du-bois\/"},{"@type":"ListItem","position":5,"name":"D\u00e9griseur bois LASURAL de Natura"}]},{"@type":"WebSite","@id":"https:\/\/nature-et-developpement.com\/logisain-78\/#website","url":"https:\/\/nature-et-developpement.com\/logisain-78\/","name":"LOGISAIN 78 \u2013 Magasin de mat\u00e9riaux biosourc\u00e9s","description":"Logisain 78 est membre du groupement Nature &amp; D\u00e9veloppement","publisher":{"@id":"https:\/\/nature-et-developpement.com\/logisain-78\/#organization"},"potentialAction":[{"@type":"SearchAction","target":{"@type":"EntryPoint","urlTemplate":"https:\/\/nature-et-developpement.com\/logisain-78\/?s={search_term_string}"},"query-input":{"@type":"PropertyValueSpecification","valueRequired":true,"valueName":"search_term_string"}}],"inLanguage":"fr-FR"},{"@type":"Organization","@id":"https:\/\/nature-et-developpement.com\/logisain-78\/#organization","name":"Logisain 78","url":"https:\/\/nature-et-developpement.com\/logisain-78\/","logo":{"@type":"ImageObject","inLanguage":"fr-FR","@id":"https:\/\/nature-et-developpement.com\/logisain-78\/#\/schema\/logo\/image\/","url":"https:\/\/nature-et-developpement.com\/logisain-78\/wp-content\/uploads\/sites\/5\/2021\/08\/logo-logisain.jpg","contentUrl":"https:\/\/nature-et-developpement.com\/logisain-78\/wp-content\/uploads\/sites\/5\/2021\/08\/logo-logisain.jpg","width":672,"height":455,"caption":"Logisain 78"},"image":{"@id":"https:\/\/nature-et-developpement.com\/logisain-78\/#\/schema\/logo\/image\/"}}]}},"distributor_meta":false,"distributor_terms":false,"distributor_media":false,"distributor_original_site_name":"LOGISAIN 78 \u2013 Magasin de mat\u00e9riaux biosourc\u00e9s","distributor_original_site_url":"https:\/\/nature-et-developpement.com\/logisain-78","push-errors":false,"_links":{"self":[{"href":"https:\/\/nature-et-developpement.com\/logisain-78\/wp-json\/wp\/v2\/product\/9595","targetHints":{"allow":["GET"]}}],"collection":[{"href":"https:\/\/nature-et-developpement.com\/logisain-78\/wp-json\/wp\/v2\/product"}],"about":[{"href":"https:\/\/nature-et-developpement.com\/logisain-78\/wp-json\/wp\/v2\/types\/product"}],"wp:featuredmedia":[{"embeddable":true,"href":"https:\/\/nature-et-developpement.com\/logisain-78\/wp-json\/"}],"wp:attachment":[{"href":"https:\/\/nature-et-developpement.com\/logisain-78\/wp-json\/wp\/v2\/media?parent=9595"}],"wp:term":[{"taxonomy":"product_brand","embeddable":true,"href":"https:\/\/nature-et-developpement.com\/logisain-78\/wp-json\/wp\/v2\/product_brand?post=9595"},{"taxonomy":"product_cat","embeddable":true,"href":"https:\/\/nature-et-developpement.com\/logisain-78\/wp-json\/wp\/v2\/product_cat?post=9595"},{"taxonomy":"product_tag","embeddable":true,"href":"https:\/\/nature-et-developpement.com\/logisain-78\/wp-json\/wp\/v2\/product_tag?post=9595"}],"curies":[{"name":"wp","href":"https:\/\/api.w.org\/{rel}","templated":true}]}}