{"id":9660,"date":"2018-10-01T00:00:00","date_gmt":"2018-09-30T22:00:00","guid":{"rendered":"https:\/\/nature-et-developpement.com\/logisain78\/produit\/peinture-facade-keim-granital\/"},"modified":"2026-01-30T17:49:14","modified_gmt":"2026-01-30T16:49:14","slug":"peinture-facade-keim-granital","status":"publish","type":"product","link":"https:\/\/nature-et-developpement.com\/logisain-78\/produit\/peinture-facade-keim-granital\/","title":{"rendered":"Peinture fa\u00e7ade KEIM Granital"},"content":{"rendered":"<h2 class=\"product-title inverse\">Peinture fa\u00e7ade KEIM Granital<\/h2>\n<div class=\"col-lg-12 inverse\">\n<p>Destin\u00e9e au ravalement de supports min\u00e9raux \u00e0 base de ciment, chaux, chaux-ciment, pl\u00e2tre chaux, sable, brique, pierre naturelle.<\/p>\n<p>Mise en \u0153uvre \u00e9conomique et durable.<\/p>\n<p>Prot\u00e8ge les supports min\u00e9raux contre les intemp\u00e9ries.<\/p>\n<p>Peinture min\u00e9rale au silicate de potassium pr\u00eate \u00e0 l\u2019emploi, \u00e0 base de pigments et de charges inorganiques.<\/p>\n<p>KEIM Granital est enti\u00e8rement r\u00e9sistante aux UV, hydrofuge, tr\u00e8s perm\u00e9able \u00e0 la diffusion de la vapeur d\u2019eau et \u00e9cologique.<\/p>\n<p>Doit \u00eatre appliqu\u00e9e en finition sur elle-m\u00eame ou sur une autre couche de fond du syst\u00e8me KEIM Granital.<\/p>\n<p>KEIM Granital est destin\u00e9e \u00e0 la protection et la d\u00e9coration de supports min\u00e9raux \u00e0 base de ciment, chaux a\u00e9rienne et chaux hydraulique, m\u00e9lange chaux-ciment, mortier pl\u00e2tre-chaux a\u00e9rienne-sable (MPC), brique et pierre naturelle, qu&rsquo;ils soit neufs ou \u00e0 r\u00e9nover.<\/p>\n<p>Elle peut \u00eatre appliqu\u00e9e en finition sur elle-m\u00eame ou sur une autre couche de fond structurante du syst\u00e8me KEIM Granital, ce qui lui permet d&rsquo;\u00eatre performante dans toutes les situations.<\/p>\n<p>KEIM Granital n&rsquo;est pas adapt\u00e9e aux surfaces horizontales, inclin\u00e9es et tr\u00e8s expos\u00e9es aux intemp\u00e9ries.<\/p>\n<p>Conforme \u00e0 la norme NFT 36-005 Famille I, Cat\u00e9gorie 1b1 (produits contenant au plus 5% de compos\u00e9s organiques selon le fascicule de documentation FD T 30-808.)<\/p>\n<\/div>\n<p><strong>Teintes<\/strong><br \/>\nDisponible en blanc et dans toutes les teintes du nuancier KEIM Exclusiv ainsi que dans les coloris 9001 \u00e0 9010.<br \/>\nTeintes hors nuancier sur demande.<\/p>\n<p><strong>Application<\/strong><\/p>\n<p>Brosse, rouleau ou projection Airless (buse 0,79 mm).<\/p>\n<p>La peinture KEIM Granital s\u2019applique en 2 couches \u00e0 la brosse, au rouleau de fa\u00e7ade ou par projection Airless (buse 435, pression de travail \u2265 70 bar ; se r\u00e9f\u00e9rer \u00e0 la fiche technique \u00ab Technique de projection m\u00e9canis\u00e9e Airless \u00bb).<\/p>\n<p>La couche de fond sera appliqu\u00e9e de pr\u00e9f\u00e9rence \u00e0 la brosse ou au rouleau.<\/p>\n<p><strong>Consommation<\/strong><br \/>\nEnv. 350 g\/m\u00b2 (hors dilution) pour 2 couches\u00a0et 200 g\/m\u00b2 pour 1 couche en finition sur KEIM Granital-Grob.<\/p>\n<p><strong>Conditionnement<\/strong><br \/>\nSeau plastique de 5 kg et 25 kg.<\/p>\n<p><strong>Commande<\/strong><br \/>\nAjoutez le chiffre de la couleur choisie dans la case \u00ab\u00a0Compl\u00e9ments\u00a0\u00bb.<\/p>\n<p><img loading=\"lazy\" decoding=\"async\" class=\" size-full wp-image-107941\" src=\"https:\/\/nature-et-developpement.com\/wp-content\/uploads\/cms\/KEIM\/KEIM-NUANCIER-GRANITAL-KEIM-NUANCIER-GRANITAL.jpg.jpg\" alt=\"KEIM-NUANCIER GRANITAL.jpg\" width=\"558\" height=\"668\" \/><\/p>\n","protected":false},"excerpt":{"rendered":"<p><strong><a class=\"btn btn-default\" href=\"https:\/\/nature-et-developpement.com\/wp-content\/uploads\/cms\/KEIM\/Spektrum_KEIM.pdf\" target=\"_blank\" rel=\"noopener\"><img loading=\"lazy\" decoding=\"async\" class=\"alignleft wp-image-108482\" src=\"https:\/\/nature-et-developpement.com\/wp-content\/uploads\/cms\/NATURA\/COULEURS_2020-450x450.jpg\" alt=\"\" width=\"30\" height=\"30\" \/><\/a><a href=\"https:\/\/nature-et-developpement.com\/wp-content\/uploads\/Spektrum_KEIM-ND.pdf\" target=\"_blank\" rel=\"noopener\">Choisissez votre couleur<\/a><\/strong><br \/>\n<a href=\"https:\/\/nature-et-developpement.com\/wp-content\/uploads\/Tableau-reference-des-teintes-et-classes-de-prix-Granital_Ganital-grob.pdf\" target=\"_blank\" rel=\"noopener\"><strong>Retrouvez votre classe de prix<\/strong><\/a><\/p>\n<p>Rev\u00eatement min\u00e9ral \u00e0 base d\u2019un simple liant : silicate de potassium.<br \/>\nPr\u00eat \u00e0 l\u2019emploi. Applicable sur tous types d\u2019enduits \u00e0 base de chaux, ciment, pl\u00e2tre\/chaux\/sable.<br \/>\nAspect mat.<\/p>\n","protected":false},"featured_media":1000000201205,"template":"","meta":[],"product_brand":[2849],"product_cat":[108,50],"product_tag":[4058],"class_list":{"0":"post-9660","1":"product","2":"type-product","3":"status-publish","4":"has-post-thumbnail","6":"product_brand-keim","7":"product_cat-peinture-ecologique","8":"product_cat-protection-et-entretien","9":"product_tag-peinture","10":"product_shipping_class-peintures-accessoires-peintures","12":"first","13":"instock","14":"taxable","15":"shipping-taxable","16":"purchasable","17":"product-type-variable"},"yoast_head":"<!-- This site is optimized with the Yoast SEO plugin v27.5 - https:\/\/yoast.com\/product\/yoast-seo-wordpress\/ -->\n<title>Peinture fa\u00e7ade KEIM Granital<\/title>\n<meta name=\"description\" content=\"Choisissez votre couleur Retrouvez votre classe de prix  Rev\u00eatement min\u00e9ral \u00e0 base d\u2019un simple liant : silicate de potassium. Pr\u00eat \u00e0 l\u2019emploi. Applicable sur tous types d\u2019enduits \u00e0 base de chaux, ciment, pl\u00e2tre\/chaux\/sable. Aspect mat.\" \/>\n<meta name=\"robots\" content=\"noindex, nofollow\" \/>\n<meta property=\"og:locale\" content=\"fr_FR\" \/>\n<meta property=\"og:type\" content=\"article\" \/>\n<meta property=\"og:title\" content=\"Peinture fa\u00e7ade KEIM Granital\" \/>\n<meta property=\"og:description\" content=\"Choisissez votre couleur Retrouvez votre classe de prix  Rev\u00eatement min\u00e9ral \u00e0 base d\u2019un simple liant : silicate de potassium. Pr\u00eat \u00e0 l\u2019emploi. Applicable sur tous types d\u2019enduits \u00e0 base de chaux, ciment, pl\u00e2tre\/chaux\/sable. Aspect mat.\" \/>\n<meta property=\"og:url\" content=\"https:\/\/nature-et-developpement.com\/logisain-78\/produit\/peinture-facade-keim-granital\/\" \/>\n<meta property=\"og:site_name\" content=\"LOGISAIN 78 \u2013 Magasin de mat\u00e9riaux biosourc\u00e9s\" \/>\n<meta property=\"article:modified_time\" content=\"2026-01-30T16:49:14+00:00\" \/>\n<meta name=\"twitter:card\" content=\"summary_large_image\" \/>\n<meta name=\"twitter:label1\" content=\"Dur\u00e9e de lecture estim\u00e9e\" \/>\n\t<meta name=\"twitter:data1\" content=\"2 minutes\" \/>\n<script type=\"application\/ld+json\" class=\"yoast-schema-graph\">{\"@context\":\"https:\\\/\\\/schema.org\",\"@graph\":[{\"@type\":\"WebPage\",\"@id\":\"https:\\\/\\\/nature-et-developpement.com\\\/logisain-78\\\/produit\\\/peinture-facade-keim-granital\\\/\",\"url\":\"https:\\\/\\\/nature-et-developpement.com\\\/logisain-78\\\/produit\\\/peinture-facade-keim-granital\\\/\",\"name\":\"Peinture fa\u00e7ade KEIM Granital\",\"isPartOf\":{\"@id\":\"https:\\\/\\\/nature-et-developpement.com\\\/logisain-78\\\/#website\"},\"primaryImageOfPage\":{\"@id\":\"https:\\\/\\\/nature-et-developpement.com\\\/logisain-78\\\/produit\\\/peinture-facade-keim-granital\\\/#primaryimage\"},\"image\":{\"@id\":\"https:\\\/\\\/nature-et-developpement.com\\\/logisain-78\\\/produit\\\/peinture-facade-keim-granital\\\/#primaryimage\"},\"thumbnailUrl\":\"https:\\\/\\\/nature-et-developpement.com\\\/logisain-78\\\/wp-content\\\/uploads\\\/Peinture-facade-KEIM-Granital-25Kg.jpg\",\"datePublished\":\"2018-09-30T22:00:00+00:00\",\"dateModified\":\"2026-01-30T16:49:14+00:00\",\"description\":\"Choisissez votre couleur Retrouvez votre classe de prix Rev\u00eatement min\u00e9ral \u00e0 base d\u2019un simple liant : silicate de potassium. Pr\u00eat \u00e0 l\u2019emploi. Applicable sur tous types d\u2019enduits \u00e0 base de chaux, ciment, pl\u00e2tre\\\/chaux\\\/sable. Aspect mat.\",\"breadcrumb\":{\"@id\":\"https:\\\/\\\/nature-et-developpement.com\\\/logisain-78\\\/produit\\\/peinture-facade-keim-granital\\\/#breadcrumb\"},\"inLanguage\":\"fr-FR\",\"potentialAction\":[{\"@type\":\"ReadAction\",\"target\":[\"https:\\\/\\\/nature-et-developpement.com\\\/logisain-78\\\/produit\\\/peinture-facade-keim-granital\\\/\"]}]},{\"@type\":\"ImageObject\",\"inLanguage\":\"fr-FR\",\"@id\":\"https:\\\/\\\/nature-et-developpement.com\\\/logisain-78\\\/produit\\\/peinture-facade-keim-granital\\\/#primaryimage\",\"url\":\"https:\\\/\\\/nature-et-developpement.com\\\/logisain-78\\\/wp-content\\\/uploads\\\/Peinture-facade-KEIM-Granital-25Kg.jpg\",\"contentUrl\":\"https:\\\/\\\/nature-et-developpement.com\\\/logisain-78\\\/wp-content\\\/uploads\\\/Peinture-facade-KEIM-Granital-25Kg.jpg\"},{\"@type\":\"BreadcrumbList\",\"@id\":\"https:\\\/\\\/nature-et-developpement.com\\\/logisain-78\\\/produit\\\/peinture-facade-keim-granital\\\/#breadcrumb\",\"itemListElement\":[{\"@type\":\"ListItem\",\"position\":1,\"name\":\"Accueil\",\"item\":\"https:\\\/\\\/nature-et-developpement.com\\\/logisain-78\\\/\"},{\"@type\":\"ListItem\",\"position\":2,\"name\":\"Produits\",\"item\":\"https:\\\/\\\/nature-et-developpement.com\\\/logisain-78\\\/shop\\\/\"},{\"@type\":\"ListItem\",\"position\":3,\"name\":\"Peinture, pigment et enduit\",\"item\":\"https:\\\/\\\/nature-et-developpement.com\\\/logisain-78\\\/produits\\\/peinture-et-enduit\\\/\"},{\"@type\":\"ListItem\",\"position\":4,\"name\":\"Peintures\",\"item\":\"https:\\\/\\\/nature-et-developpement.com\\\/logisain-78\\\/produits\\\/peinture-et-enduit\\\/peinture-ecologique\\\/\"},{\"@type\":\"ListItem\",\"position\":5,\"name\":\"Peinture fa\u00e7ade KEIM Granital\"}]},{\"@type\":\"WebSite\",\"@id\":\"https:\\\/\\\/nature-et-developpement.com\\\/logisain-78\\\/#website\",\"url\":\"https:\\\/\\\/nature-et-developpement.com\\\/logisain-78\\\/\",\"name\":\"LOGISAIN 78 \u2013 Magasin de mat\u00e9riaux biosourc\u00e9s\",\"description\":\"Logisain 78 est membre du groupement Nature &amp; D\u00e9veloppement\",\"publisher\":{\"@id\":\"https:\\\/\\\/nature-et-developpement.com\\\/logisain-78\\\/#organization\"},\"potentialAction\":[{\"@type\":\"SearchAction\",\"target\":{\"@type\":\"EntryPoint\",\"urlTemplate\":\"https:\\\/\\\/nature-et-developpement.com\\\/logisain-78\\\/?s={search_term_string}\"},\"query-input\":{\"@type\":\"PropertyValueSpecification\",\"valueRequired\":true,\"valueName\":\"search_term_string\"}}],\"inLanguage\":\"fr-FR\"},{\"@type\":\"Organization\",\"@id\":\"https:\\\/\\\/nature-et-developpement.com\\\/logisain-78\\\/#organization\",\"name\":\"Logisain 78\",\"url\":\"https:\\\/\\\/nature-et-developpement.com\\\/logisain-78\\\/\",\"logo\":{\"@type\":\"ImageObject\",\"inLanguage\":\"fr-FR\",\"@id\":\"https:\\\/\\\/nature-et-developpement.com\\\/logisain-78\\\/#\\\/schema\\\/logo\\\/image\\\/\",\"url\":\"https:\\\/\\\/nature-et-developpement.com\\\/logisain-78\\\/wp-content\\\/uploads\\\/sites\\\/5\\\/2021\\\/08\\\/logo-logisain.jpg\",\"contentUrl\":\"https:\\\/\\\/nature-et-developpement.com\\\/logisain-78\\\/wp-content\\\/uploads\\\/sites\\\/5\\\/2021\\\/08\\\/logo-logisain.jpg\",\"width\":672,\"height\":455,\"caption\":\"Logisain 78\"},\"image\":{\"@id\":\"https:\\\/\\\/nature-et-developpement.com\\\/logisain-78\\\/#\\\/schema\\\/logo\\\/image\\\/\"}}]}<\/script>\n<!-- \/ Yoast SEO plugin. -->","yoast_head_json":{"title":"Peinture fa\u00e7ade KEIM Granital","description":"Choisissez votre couleur Retrouvez votre classe de prix  Rev\u00eatement min\u00e9ral \u00e0 base d\u2019un simple liant : silicate de potassium. Pr\u00eat \u00e0 l\u2019emploi. Applicable sur tous types d\u2019enduits \u00e0 base de chaux, ciment, pl\u00e2tre\/chaux\/sable. Aspect mat.","robots":{"index":"noindex","follow":"nofollow"},"og_locale":"fr_FR","og_type":"article","og_title":"Peinture fa\u00e7ade KEIM Granital","og_description":"Choisissez votre couleur Retrouvez votre classe de prix  Rev\u00eatement min\u00e9ral \u00e0 base d\u2019un simple liant : silicate de potassium. Pr\u00eat \u00e0 l\u2019emploi. Applicable sur tous types d\u2019enduits \u00e0 base de chaux, ciment, pl\u00e2tre\/chaux\/sable. Aspect mat.","og_url":"https:\/\/nature-et-developpement.com\/logisain-78\/produit\/peinture-facade-keim-granital\/","og_site_name":"LOGISAIN 78 \u2013 Magasin de mat\u00e9riaux biosourc\u00e9s","article_modified_time":"2026-01-30T16:49:14+00:00","twitter_card":"summary_large_image","twitter_misc":{"Dur\u00e9e de lecture estim\u00e9e":"2 minutes"},"schema":{"@context":"https:\/\/schema.org","@graph":[{"@type":"WebPage","@id":"https:\/\/nature-et-developpement.com\/logisain-78\/produit\/peinture-facade-keim-granital\/","url":"https:\/\/nature-et-developpement.com\/logisain-78\/produit\/peinture-facade-keim-granital\/","name":"Peinture fa\u00e7ade KEIM Granital","isPartOf":{"@id":"https:\/\/nature-et-developpement.com\/logisain-78\/#website"},"primaryImageOfPage":{"@id":"https:\/\/nature-et-developpement.com\/logisain-78\/produit\/peinture-facade-keim-granital\/#primaryimage"},"image":{"@id":"https:\/\/nature-et-developpement.com\/logisain-78\/produit\/peinture-facade-keim-granital\/#primaryimage"},"thumbnailUrl":"https:\/\/nature-et-developpement.com\/logisain-78\/wp-content\/uploads\/Peinture-facade-KEIM-Granital-25Kg.jpg","datePublished":"2018-09-30T22:00:00+00:00","dateModified":"2026-01-30T16:49:14+00:00","description":"Choisissez votre couleur Retrouvez votre classe de prix Rev\u00eatement min\u00e9ral \u00e0 base d\u2019un simple liant : silicate de potassium. Pr\u00eat \u00e0 l\u2019emploi. Applicable sur tous types d\u2019enduits \u00e0 base de chaux, ciment, pl\u00e2tre\/chaux\/sable. Aspect mat.","breadcrumb":{"@id":"https:\/\/nature-et-developpement.com\/logisain-78\/produit\/peinture-facade-keim-granital\/#breadcrumb"},"inLanguage":"fr-FR","potentialAction":[{"@type":"ReadAction","target":["https:\/\/nature-et-developpement.com\/logisain-78\/produit\/peinture-facade-keim-granital\/"]}]},{"@type":"ImageObject","inLanguage":"fr-FR","@id":"https:\/\/nature-et-developpement.com\/logisain-78\/produit\/peinture-facade-keim-granital\/#primaryimage","url":"https:\/\/nature-et-developpement.com\/logisain-78\/wp-content\/uploads\/Peinture-facade-KEIM-Granital-25Kg.jpg","contentUrl":"https:\/\/nature-et-developpement.com\/logisain-78\/wp-content\/uploads\/Peinture-facade-KEIM-Granital-25Kg.jpg"},{"@type":"BreadcrumbList","@id":"https:\/\/nature-et-developpement.com\/logisain-78\/produit\/peinture-facade-keim-granital\/#breadcrumb","itemListElement":[{"@type":"ListItem","position":1,"name":"Accueil","item":"https:\/\/nature-et-developpement.com\/logisain-78\/"},{"@type":"ListItem","position":2,"name":"Produits","item":"https:\/\/nature-et-developpement.com\/logisain-78\/shop\/"},{"@type":"ListItem","position":3,"name":"Peinture, pigment et enduit","item":"https:\/\/nature-et-developpement.com\/logisain-78\/produits\/peinture-et-enduit\/"},{"@type":"ListItem","position":4,"name":"Peintures","item":"https:\/\/nature-et-developpement.com\/logisain-78\/produits\/peinture-et-enduit\/peinture-ecologique\/"},{"@type":"ListItem","position":5,"name":"Peinture fa\u00e7ade KEIM Granital"}]},{"@type":"WebSite","@id":"https:\/\/nature-et-developpement.com\/logisain-78\/#website","url":"https:\/\/nature-et-developpement.com\/logisain-78\/","name":"LOGISAIN 78 \u2013 Magasin de mat\u00e9riaux biosourc\u00e9s","description":"Logisain 78 est membre du groupement Nature &amp; D\u00e9veloppement","publisher":{"@id":"https:\/\/nature-et-developpement.com\/logisain-78\/#organization"},"potentialAction":[{"@type":"SearchAction","target":{"@type":"EntryPoint","urlTemplate":"https:\/\/nature-et-developpement.com\/logisain-78\/?s={search_term_string}"},"query-input":{"@type":"PropertyValueSpecification","valueRequired":true,"valueName":"search_term_string"}}],"inLanguage":"fr-FR"},{"@type":"Organization","@id":"https:\/\/nature-et-developpement.com\/logisain-78\/#organization","name":"Logisain 78","url":"https:\/\/nature-et-developpement.com\/logisain-78\/","logo":{"@type":"ImageObject","inLanguage":"fr-FR","@id":"https:\/\/nature-et-developpement.com\/logisain-78\/#\/schema\/logo\/image\/","url":"https:\/\/nature-et-developpement.com\/logisain-78\/wp-content\/uploads\/sites\/5\/2021\/08\/logo-logisain.jpg","contentUrl":"https:\/\/nature-et-developpement.com\/logisain-78\/wp-content\/uploads\/sites\/5\/2021\/08\/logo-logisain.jpg","width":672,"height":455,"caption":"Logisain 78"},"image":{"@id":"https:\/\/nature-et-developpement.com\/logisain-78\/#\/schema\/logo\/image\/"}}]}},"distributor_meta":false,"distributor_terms":false,"distributor_media":false,"distributor_original_site_name":"LOGISAIN 78 \u2013 Magasin de mat\u00e9riaux biosourc\u00e9s","distributor_original_site_url":"https:\/\/nature-et-developpement.com\/logisain-78","push-errors":false,"_links":{"self":[{"href":"https:\/\/nature-et-developpement.com\/logisain-78\/wp-json\/wp\/v2\/product\/9660","targetHints":{"allow":["GET"]}}],"collection":[{"href":"https:\/\/nature-et-developpement.com\/logisain-78\/wp-json\/wp\/v2\/product"}],"about":[{"href":"https:\/\/nature-et-developpement.com\/logisain-78\/wp-json\/wp\/v2\/types\/product"}],"wp:featuredmedia":[{"embeddable":true,"href":"https:\/\/nature-et-developpement.com\/logisain-78\/wp-json\/"}],"wp:attachment":[{"href":"https:\/\/nature-et-developpement.com\/logisain-78\/wp-json\/wp\/v2\/media?parent=9660"}],"wp:term":[{"taxonomy":"product_brand","embeddable":true,"href":"https:\/\/nature-et-developpement.com\/logisain-78\/wp-json\/wp\/v2\/product_brand?post=9660"},{"taxonomy":"product_cat","embeddable":true,"href":"https:\/\/nature-et-developpement.com\/logisain-78\/wp-json\/wp\/v2\/product_cat?post=9660"},{"taxonomy":"product_tag","embeddable":true,"href":"https:\/\/nature-et-developpement.com\/logisain-78\/wp-json\/wp\/v2\/product_tag?post=9660"}],"curies":[{"name":"wp","href":"https:\/\/api.w.org\/{rel}","templated":true}]}}