{"id":9707,"date":"2018-10-01T00:00:00","date_gmt":"2018-09-30T22:00:00","guid":{"rendered":"https:\/\/nature-et-developpement.com\/logisain78\/produit\/lasure-mineris-pour-renovation-denduits-et-facade-keim\/"},"modified":"2026-04-30T14:10:08","modified_gmt":"2026-04-30T12:10:08","slug":"lasure-mineris-pour-renovation-denduits-et-facade-keim","status":"publish","type":"product","link":"https:\/\/nature-et-developpement.com\/logisain-78\/produit\/lasure-mineris-pour-renovation-denduits-et-facade-keim\/","title":{"rendered":"Lasure Mineris pour r\u00e9novation d\u2019enduits et fa\u00e7ade KEIM"},"content":{"rendered":"<div class=\"col-lg-12\">\n<h2 class=\"product-title inverse\">KEIM Mineris<\/h2>\n<\/div>\n<div class=\"col-lg-12 inverse\">\n<p>Finition non couvrante pour la r\u00e9novation d&rsquo;enduits.<\/p>\n<p>Conforme \u00e0 la norme NFT 36-005 Famille I, Cat\u00e9gorie 1b1 (produits contenant au plus 5% de compos\u00e9s organiques selon le fascicule de documentation FD T 30-808.).<\/p>\n<p>Destin\u00e9 \u00e0 la r\u00e9novation d\u2019enduits monocouches et d\u2019enduits traditionnels \u00e0 base de liants hydrauliques et d\u2018enduits pl\u00e2tre-chaux.<\/p>\n<p>Finition incolore pour une simple remin\u00e9ralisation de l\u2019enduit.<\/p>\n<\/div>\n<div class=\"col-lg-6 inverse\">\n<p><strong>Teintes<\/strong><br \/>\nDisponible dans toutes les teintes du nuancier KEIM Exclusiv, hors concentr\u00e9s de teintes 9001 S \u00e0 9012 S.<\/p>\n<p><strong>Application<\/strong><br \/>\nBrosse, rouleau.<\/p>\n<\/div>\n<div class=\"col-lg-6 inverse\">\n<p><strong>Consommation<\/strong><br \/>\nMoyenne indicative sur enduit taloch\u00e9 : 0,025 L\/m\u00b2.<\/p>\n<p><strong>Conditionnement<\/strong><br \/>\nBidon plastique de 1 L.<br \/>\nSeau plastique de 5 L et 15 L.<\/p>\n<\/div>\n","protected":false},"excerpt":{"rendered":"<p><strong><a class=\"btn btn-default\" href=\"https:\/\/nature-et-developpement.com\/wp-content\/uploads\/cms\/KEIM\/Spektrum_KEIM.pdf\" target=\"_blank\" rel=\"noopener\"><img loading=\"lazy\" decoding=\"async\" class=\"alignleft wp-image-108482\" src=\"https:\/\/nature-et-developpement.com\/wp-content\/uploads\/cms\/NATURA\/COULEURS_2020-450x450.jpg\" alt=\"\" width=\"30\" height=\"30\" \/><\/a><a href=\"https:\/\/nature-et-developpement.com\/wp-content\/uploads\/Spektrum_KEIM-ND.pdf\" target=\"_blank\" rel=\"noopener\">Choisissez votre couleur<\/a><\/strong><br \/>\n<a href=\"https:\/\/nature-et-developpement.com\/wp-content\/uploads\/cms\/KEIM\/KEIM-NUANCIER-SOLDALIT-CONCRETAL-MINERIS.jpg\" target=\"_blank\" rel=\"noopener\"><strong>Retrouvez votre classe de prix<\/strong><\/a><\/p>\n<p>Destin\u00e9 \u00e0 la r\u00e9novation d\u2019enduits monocouche\u00a0et d\u2019enduits traditionnels \u00e0 base de liants hydrauliques et d&rsquo;enduits pl\u00e2tre-chaux.<br \/>\nFinition teint\u00e9e non couvrante ou finition incolore pour une simple remin\u00e9ralisation de l\u2019enduit.<\/p>\n","protected":false},"featured_media":1000000156266,"template":"","meta":[],"product_brand":[2849],"product_cat":[108],"product_tag":[4343],"class_list":{"0":"post-9707","1":"product","2":"type-product","3":"status-publish","4":"has-post-thumbnail","6":"product_brand-keim","7":"product_cat-peinture-ecologique","8":"product_tag-keim","9":"product_shipping_class-peintures-accessoires-peintures","11":"first","12":"instock","13":"taxable","14":"shipping-taxable","15":"purchasable","16":"product-type-variable"},"yoast_head":"<!-- This site is optimized with the Yoast SEO plugin v27.5 - https:\/\/yoast.com\/product\/yoast-seo-wordpress\/ -->\n<title>Lasure Mineris pour r\u00e9novation d\u2019enduits et fa\u00e7ade KEIM<\/title>\n<meta name=\"description\" content=\"Destin\u00e9 \u00e0 la r\u00e9novation d\u2019enduits monocouche\u00a0et d\u2019enduits traditionnels \u00e0 base de liants hydrauliques et d&#039;enduits pl\u00e2tre-chaux.\" \/>\n<meta name=\"robots\" content=\"noindex, nofollow\" \/>\n<meta property=\"og:locale\" content=\"fr_FR\" \/>\n<meta property=\"og:type\" content=\"article\" \/>\n<meta property=\"og:title\" content=\"Lasure Mineris pour r\u00e9novation d\u2019enduits et fa\u00e7ade KEIM\" \/>\n<meta property=\"og:description\" content=\"Destin\u00e9 \u00e0 la r\u00e9novation d\u2019enduits monocouche\u00a0et d\u2019enduits traditionnels \u00e0 base de liants hydrauliques et d&#039;enduits pl\u00e2tre-chaux.\" \/>\n<meta property=\"og:url\" content=\"https:\/\/nature-et-developpement.com\/logisain-78\/produit\/lasure-mineris-pour-renovation-denduits-et-facade-keim\/\" \/>\n<meta property=\"og:site_name\" content=\"LOGISAIN 78 \u2013 Magasin de mat\u00e9riaux biosourc\u00e9s\" \/>\n<meta property=\"article:modified_time\" content=\"2026-04-30T12:10:08+00:00\" \/>\n<meta name=\"twitter:card\" content=\"summary_large_image\" \/>\n<meta name=\"twitter:label1\" content=\"Dur\u00e9e de lecture estim\u00e9e\" \/>\n\t<meta name=\"twitter:data1\" content=\"1 minute\" \/>\n<script type=\"application\/ld+json\" class=\"yoast-schema-graph\">{\"@context\":\"https:\\\/\\\/schema.org\",\"@graph\":[{\"@type\":\"WebPage\",\"@id\":\"https:\\\/\\\/nature-et-developpement.com\\\/logisain-78\\\/produit\\\/lasure-mineris-pour-renovation-denduits-et-facade-keim\\\/\",\"url\":\"https:\\\/\\\/nature-et-developpement.com\\\/logisain-78\\\/produit\\\/lasure-mineris-pour-renovation-denduits-et-facade-keim\\\/\",\"name\":\"Lasure Mineris pour r\u00e9novation d\u2019enduits et fa\u00e7ade KEIM\",\"isPartOf\":{\"@id\":\"https:\\\/\\\/nature-et-developpement.com\\\/logisain-78\\\/#website\"},\"primaryImageOfPage\":{\"@id\":\"https:\\\/\\\/nature-et-developpement.com\\\/logisain-78\\\/produit\\\/lasure-mineris-pour-renovation-denduits-et-facade-keim\\\/#primaryimage\"},\"image\":{\"@id\":\"https:\\\/\\\/nature-et-developpement.com\\\/logisain-78\\\/produit\\\/lasure-mineris-pour-renovation-denduits-et-facade-keim\\\/#primaryimage\"},\"thumbnailUrl\":\"https:\\\/\\\/nature-et-developpement.com\\\/logisain-78\\\/wp-content\\\/uploads\\\/Lasure-Mineris-pour-renovation-denduits-et-facade-KEIM-5L-ou-15L.jpg\",\"datePublished\":\"2018-09-30T22:00:00+00:00\",\"dateModified\":\"2026-04-30T12:10:08+00:00\",\"description\":\"Destin\u00e9 \u00e0 la r\u00e9novation d\u2019enduits monocouche\u00a0et d\u2019enduits traditionnels \u00e0 base de liants hydrauliques et d'enduits pl\u00e2tre-chaux.\",\"breadcrumb\":{\"@id\":\"https:\\\/\\\/nature-et-developpement.com\\\/logisain-78\\\/produit\\\/lasure-mineris-pour-renovation-denduits-et-facade-keim\\\/#breadcrumb\"},\"inLanguage\":\"fr-FR\",\"potentialAction\":[{\"@type\":\"ReadAction\",\"target\":[\"https:\\\/\\\/nature-et-developpement.com\\\/logisain-78\\\/produit\\\/lasure-mineris-pour-renovation-denduits-et-facade-keim\\\/\"]}]},{\"@type\":\"ImageObject\",\"inLanguage\":\"fr-FR\",\"@id\":\"https:\\\/\\\/nature-et-developpement.com\\\/logisain-78\\\/produit\\\/lasure-mineris-pour-renovation-denduits-et-facade-keim\\\/#primaryimage\",\"url\":\"https:\\\/\\\/nature-et-developpement.com\\\/logisain-78\\\/wp-content\\\/uploads\\\/Lasure-Mineris-pour-renovation-denduits-et-facade-KEIM-5L-ou-15L.jpg\",\"contentUrl\":\"https:\\\/\\\/nature-et-developpement.com\\\/logisain-78\\\/wp-content\\\/uploads\\\/Lasure-Mineris-pour-renovation-denduits-et-facade-KEIM-5L-ou-15L.jpg\"},{\"@type\":\"BreadcrumbList\",\"@id\":\"https:\\\/\\\/nature-et-developpement.com\\\/logisain-78\\\/produit\\\/lasure-mineris-pour-renovation-denduits-et-facade-keim\\\/#breadcrumb\",\"itemListElement\":[{\"@type\":\"ListItem\",\"position\":1,\"name\":\"Accueil\",\"item\":\"https:\\\/\\\/nature-et-developpement.com\\\/logisain-78\\\/\"},{\"@type\":\"ListItem\",\"position\":2,\"name\":\"Produits\",\"item\":\"https:\\\/\\\/nature-et-developpement.com\\\/logisain-78\\\/shop\\\/\"},{\"@type\":\"ListItem\",\"position\":3,\"name\":\"Peinture, pigment et enduit\",\"item\":\"https:\\\/\\\/nature-et-developpement.com\\\/logisain-78\\\/produits\\\/peinture-et-enduit\\\/\"},{\"@type\":\"ListItem\",\"position\":4,\"name\":\"Peintures\",\"item\":\"https:\\\/\\\/nature-et-developpement.com\\\/logisain-78\\\/produits\\\/peinture-et-enduit\\\/peinture-ecologique\\\/\"},{\"@type\":\"ListItem\",\"position\":5,\"name\":\"Lasure Mineris pour r\u00e9novation d\u2019enduits et fa\u00e7ade KEIM\"}]},{\"@type\":\"WebSite\",\"@id\":\"https:\\\/\\\/nature-et-developpement.com\\\/logisain-78\\\/#website\",\"url\":\"https:\\\/\\\/nature-et-developpement.com\\\/logisain-78\\\/\",\"name\":\"LOGISAIN 78 \u2013 Magasin de mat\u00e9riaux biosourc\u00e9s\",\"description\":\"Logisain 78 est membre du groupement Nature &amp; D\u00e9veloppement\",\"publisher\":{\"@id\":\"https:\\\/\\\/nature-et-developpement.com\\\/logisain-78\\\/#organization\"},\"potentialAction\":[{\"@type\":\"SearchAction\",\"target\":{\"@type\":\"EntryPoint\",\"urlTemplate\":\"https:\\\/\\\/nature-et-developpement.com\\\/logisain-78\\\/?s={search_term_string}\"},\"query-input\":{\"@type\":\"PropertyValueSpecification\",\"valueRequired\":true,\"valueName\":\"search_term_string\"}}],\"inLanguage\":\"fr-FR\"},{\"@type\":\"Organization\",\"@id\":\"https:\\\/\\\/nature-et-developpement.com\\\/logisain-78\\\/#organization\",\"name\":\"Logisain 78\",\"url\":\"https:\\\/\\\/nature-et-developpement.com\\\/logisain-78\\\/\",\"logo\":{\"@type\":\"ImageObject\",\"inLanguage\":\"fr-FR\",\"@id\":\"https:\\\/\\\/nature-et-developpement.com\\\/logisain-78\\\/#\\\/schema\\\/logo\\\/image\\\/\",\"url\":\"https:\\\/\\\/nature-et-developpement.com\\\/logisain-78\\\/wp-content\\\/uploads\\\/sites\\\/5\\\/2021\\\/08\\\/logo-logisain.jpg\",\"contentUrl\":\"https:\\\/\\\/nature-et-developpement.com\\\/logisain-78\\\/wp-content\\\/uploads\\\/sites\\\/5\\\/2021\\\/08\\\/logo-logisain.jpg\",\"width\":672,\"height\":455,\"caption\":\"Logisain 78\"},\"image\":{\"@id\":\"https:\\\/\\\/nature-et-developpement.com\\\/logisain-78\\\/#\\\/schema\\\/logo\\\/image\\\/\"}}]}<\/script>\n<!-- \/ Yoast SEO plugin. -->","yoast_head_json":{"title":"Lasure Mineris pour r\u00e9novation d\u2019enduits et fa\u00e7ade KEIM","description":"Destin\u00e9 \u00e0 la r\u00e9novation d\u2019enduits monocouche\u00a0et d\u2019enduits traditionnels \u00e0 base de liants hydrauliques et d'enduits pl\u00e2tre-chaux.","robots":{"index":"noindex","follow":"nofollow"},"og_locale":"fr_FR","og_type":"article","og_title":"Lasure Mineris pour r\u00e9novation d\u2019enduits et fa\u00e7ade KEIM","og_description":"Destin\u00e9 \u00e0 la r\u00e9novation d\u2019enduits monocouche\u00a0et d\u2019enduits traditionnels \u00e0 base de liants hydrauliques et d'enduits pl\u00e2tre-chaux.","og_url":"https:\/\/nature-et-developpement.com\/logisain-78\/produit\/lasure-mineris-pour-renovation-denduits-et-facade-keim\/","og_site_name":"LOGISAIN 78 \u2013 Magasin de mat\u00e9riaux biosourc\u00e9s","article_modified_time":"2026-04-30T12:10:08+00:00","twitter_card":"summary_large_image","twitter_misc":{"Dur\u00e9e de lecture estim\u00e9e":"1 minute"},"schema":{"@context":"https:\/\/schema.org","@graph":[{"@type":"WebPage","@id":"https:\/\/nature-et-developpement.com\/logisain-78\/produit\/lasure-mineris-pour-renovation-denduits-et-facade-keim\/","url":"https:\/\/nature-et-developpement.com\/logisain-78\/produit\/lasure-mineris-pour-renovation-denduits-et-facade-keim\/","name":"Lasure Mineris pour r\u00e9novation d\u2019enduits et fa\u00e7ade KEIM","isPartOf":{"@id":"https:\/\/nature-et-developpement.com\/logisain-78\/#website"},"primaryImageOfPage":{"@id":"https:\/\/nature-et-developpement.com\/logisain-78\/produit\/lasure-mineris-pour-renovation-denduits-et-facade-keim\/#primaryimage"},"image":{"@id":"https:\/\/nature-et-developpement.com\/logisain-78\/produit\/lasure-mineris-pour-renovation-denduits-et-facade-keim\/#primaryimage"},"thumbnailUrl":"https:\/\/nature-et-developpement.com\/logisain-78\/wp-content\/uploads\/Lasure-Mineris-pour-renovation-denduits-et-facade-KEIM-5L-ou-15L.jpg","datePublished":"2018-09-30T22:00:00+00:00","dateModified":"2026-04-30T12:10:08+00:00","description":"Destin\u00e9 \u00e0 la r\u00e9novation d\u2019enduits monocouche\u00a0et d\u2019enduits traditionnels \u00e0 base de liants hydrauliques et d'enduits pl\u00e2tre-chaux.","breadcrumb":{"@id":"https:\/\/nature-et-developpement.com\/logisain-78\/produit\/lasure-mineris-pour-renovation-denduits-et-facade-keim\/#breadcrumb"},"inLanguage":"fr-FR","potentialAction":[{"@type":"ReadAction","target":["https:\/\/nature-et-developpement.com\/logisain-78\/produit\/lasure-mineris-pour-renovation-denduits-et-facade-keim\/"]}]},{"@type":"ImageObject","inLanguage":"fr-FR","@id":"https:\/\/nature-et-developpement.com\/logisain-78\/produit\/lasure-mineris-pour-renovation-denduits-et-facade-keim\/#primaryimage","url":"https:\/\/nature-et-developpement.com\/logisain-78\/wp-content\/uploads\/Lasure-Mineris-pour-renovation-denduits-et-facade-KEIM-5L-ou-15L.jpg","contentUrl":"https:\/\/nature-et-developpement.com\/logisain-78\/wp-content\/uploads\/Lasure-Mineris-pour-renovation-denduits-et-facade-KEIM-5L-ou-15L.jpg"},{"@type":"BreadcrumbList","@id":"https:\/\/nature-et-developpement.com\/logisain-78\/produit\/lasure-mineris-pour-renovation-denduits-et-facade-keim\/#breadcrumb","itemListElement":[{"@type":"ListItem","position":1,"name":"Accueil","item":"https:\/\/nature-et-developpement.com\/logisain-78\/"},{"@type":"ListItem","position":2,"name":"Produits","item":"https:\/\/nature-et-developpement.com\/logisain-78\/shop\/"},{"@type":"ListItem","position":3,"name":"Peinture, pigment et enduit","item":"https:\/\/nature-et-developpement.com\/logisain-78\/produits\/peinture-et-enduit\/"},{"@type":"ListItem","position":4,"name":"Peintures","item":"https:\/\/nature-et-developpement.com\/logisain-78\/produits\/peinture-et-enduit\/peinture-ecologique\/"},{"@type":"ListItem","position":5,"name":"Lasure Mineris pour r\u00e9novation d\u2019enduits et fa\u00e7ade KEIM"}]},{"@type":"WebSite","@id":"https:\/\/nature-et-developpement.com\/logisain-78\/#website","url":"https:\/\/nature-et-developpement.com\/logisain-78\/","name":"LOGISAIN 78 \u2013 Magasin de mat\u00e9riaux biosourc\u00e9s","description":"Logisain 78 est membre du groupement Nature &amp; D\u00e9veloppement","publisher":{"@id":"https:\/\/nature-et-developpement.com\/logisain-78\/#organization"},"potentialAction":[{"@type":"SearchAction","target":{"@type":"EntryPoint","urlTemplate":"https:\/\/nature-et-developpement.com\/logisain-78\/?s={search_term_string}"},"query-input":{"@type":"PropertyValueSpecification","valueRequired":true,"valueName":"search_term_string"}}],"inLanguage":"fr-FR"},{"@type":"Organization","@id":"https:\/\/nature-et-developpement.com\/logisain-78\/#organization","name":"Logisain 78","url":"https:\/\/nature-et-developpement.com\/logisain-78\/","logo":{"@type":"ImageObject","inLanguage":"fr-FR","@id":"https:\/\/nature-et-developpement.com\/logisain-78\/#\/schema\/logo\/image\/","url":"https:\/\/nature-et-developpement.com\/logisain-78\/wp-content\/uploads\/sites\/5\/2021\/08\/logo-logisain.jpg","contentUrl":"https:\/\/nature-et-developpement.com\/logisain-78\/wp-content\/uploads\/sites\/5\/2021\/08\/logo-logisain.jpg","width":672,"height":455,"caption":"Logisain 78"},"image":{"@id":"https:\/\/nature-et-developpement.com\/logisain-78\/#\/schema\/logo\/image\/"}}]}},"distributor_meta":false,"distributor_terms":false,"distributor_media":false,"distributor_original_site_name":"LOGISAIN 78 \u2013 Magasin de mat\u00e9riaux biosourc\u00e9s","distributor_original_site_url":"https:\/\/nature-et-developpement.com\/logisain-78","push-errors":false,"_links":{"self":[{"href":"https:\/\/nature-et-developpement.com\/logisain-78\/wp-json\/wp\/v2\/product\/9707","targetHints":{"allow":["GET"]}}],"collection":[{"href":"https:\/\/nature-et-developpement.com\/logisain-78\/wp-json\/wp\/v2\/product"}],"about":[{"href":"https:\/\/nature-et-developpement.com\/logisain-78\/wp-json\/wp\/v2\/types\/product"}],"wp:featuredmedia":[{"embeddable":true,"href":"https:\/\/nature-et-developpement.com\/logisain-78\/wp-json\/"}],"wp:attachment":[{"href":"https:\/\/nature-et-developpement.com\/logisain-78\/wp-json\/wp\/v2\/media?parent=9707"}],"wp:term":[{"taxonomy":"product_brand","embeddable":true,"href":"https:\/\/nature-et-developpement.com\/logisain-78\/wp-json\/wp\/v2\/product_brand?post=9707"},{"taxonomy":"product_cat","embeddable":true,"href":"https:\/\/nature-et-developpement.com\/logisain-78\/wp-json\/wp\/v2\/product_cat?post=9707"},{"taxonomy":"product_tag","embeddable":true,"href":"https:\/\/nature-et-developpement.com\/logisain-78\/wp-json\/wp\/v2\/product_tag?post=9707"}],"curies":[{"name":"wp","href":"https:\/\/api.w.org\/{rel}","templated":true}]}}