{"id":9715,"date":"2018-10-01T00:00:00","date_gmt":"2018-09-30T22:00:00","guid":{"rendered":"https:\/\/nature-et-developpement.com\/logisain78\/produit\/peinture-qui-reduit-lechauffement-des-facades-keim-soldalit-coolit\/"},"modified":"2026-04-30T13:40:09","modified_gmt":"2026-04-30T11:40:09","slug":"keim-soldalit-coolit","status":"publish","type":"product","link":"https:\/\/nature-et-developpement.com\/logisain-78\/produit\/keim-soldalit-coolit\/","title":{"rendered":"Peinture qui r\u00e9duit l\u2019\u00e9chauffement des fa\u00e7ades KEIM Soldalit-Coolit"},"content":{"rendered":"<h2>R\u00e9duction de l\u2019\u00e9chauffement des fa\u00e7ades r\u00e9solu<\/h2>\n<p>KEIM Soldalit-Coolit est une peinture de fa\u00e7ade innovante permettant la r\u00e9duction de l\u2019\u00e9chauffement des fa\u00e7ades fonc\u00e9es, li\u00e9 aux rayonnements solaires.<\/p>\n<p>KEIM Soldalit-Coolit est une peinture de nouvelle g\u00e9n\u00e9ration \u00e9labor\u00e9e \u00e0 base d\u2019un double liant solsilicate (silicate de potassium \/ sol de silice).<\/p>\n<p>Elle peut \u00eatre appliqu\u00e9e directement sur des supports organiques ainsi que sur tous fonds min\u00e9raux, ce qui lui permet d&rsquo;\u00eatre polyvalente avec un large champ d&rsquo;application.<\/p>\n<p><strong>Teintes\u00a0<\/strong><br \/>\nDisponible dans les teintes du nuancier KEIM Exclusiv hors 9009 S et 9012 S.<\/p>\n<p>Indice de r\u00e9flectivit\u00e9 de toutes les teintes : TSR&gt;30%<\/p>\n<p><strong>Application<\/strong><br \/>\nBrosse, rouleau, projection Airless.<\/p>\n<p><strong>Consommation<\/strong><br \/>\nEnv. 450 g\/m\u00b2 pour 2 couches sur support lisse.<\/p>\n<p><strong>Conditionnement<\/strong><br \/>\nSeau plastique de 18 kg et 5 kg.<\/p>\n<p><strong>Commande<\/strong><br \/>\nAjoutez le chiffre de la couleur choisie dans la case \u00ab\u00a0Compl\u00e9ments\u00a0\u00bb.<\/p>\n","protected":false},"excerpt":{"rendered":"<p><strong><a class=\"btn btn-default\" href=\"https:\/\/nature-et-developpement.com\/wp-content\/uploads\/cms\/KEIM\/Spektrum_KEIM.pdf\" target=\"_blank\" rel=\"noopener\"><img loading=\"lazy\" decoding=\"async\" class=\"alignleft wp-image-108482\" src=\"https:\/\/nature-et-developpement.com\/wp-content\/uploads\/cms\/NATURA\/COULEURS_2020-450x450.jpg\" alt=\"\" width=\"30\" height=\"30\" \/><\/a><a href=\"https:\/\/nature-et-developpement.com\/wp-content\/uploads\/Spektrum_KEIM-ND.pdf\" target=\"_blank\" rel=\"noopener\">Choisissez votre couleur<\/a><\/strong><br \/>\n<a href=\"https:\/\/nature-et-developpement.com\/wp-content\/uploads\/Tableau-reference-des-teintes-et-classes-de-prix-Sodalit-Coolit.pdf\" target=\"_blank\" rel=\"noopener\"><strong>Retrouvez votre classe de prix<\/strong><\/a><\/p>\n<p>*Teintes non disponibles : 9009 S et 9012 S<\/p>\n<p>Finition sol-silicate innovante permettant la r\u00e9duction de l&rsquo;\u00e9chauffement\u00a0des fa\u00e7ades d\u00fb au rayonnement solaire.<br \/>\nPeut \u00eatre appliqu\u00e9e directement sur des supports organiques ainsi que sur tous fonds min\u00e9raux.<\/p>\n","protected":false},"featured_media":1000000201210,"template":"","meta":[],"product_brand":[2849],"product_cat":[108],"product_tag":[4058],"class_list":{"0":"post-9715","1":"product","2":"type-product","3":"status-publish","4":"has-post-thumbnail","6":"product_brand-keim","7":"product_cat-peinture-ecologique","8":"product_tag-peinture","9":"product_shipping_class-peintures-accessoires-peintures","11":"first","12":"instock","13":"taxable","14":"shipping-taxable","15":"purchasable","16":"product-type-variable"},"yoast_head":"<!-- This site is optimized with the Yoast SEO plugin v27.5 - https:\/\/yoast.com\/product\/yoast-seo-wordpress\/ -->\n<title>Peinture qui r\u00e9duit l\u2019\u00e9chauffement des fa\u00e7ades KEIM Soldalit-Coolit<\/title>\n<meta name=\"description\" content=\"Finition innovante permettant la r\u00e9duction de l&#039;\u00e9chauffement\u00a0des fa\u00e7ades d\u00fb au rayonnement solaire. Applicable sur supports organiques et min\u00e9raux.\" \/>\n<meta name=\"robots\" content=\"noindex, nofollow\" \/>\n<meta property=\"og:locale\" content=\"fr_FR\" \/>\n<meta property=\"og:type\" content=\"article\" \/>\n<meta property=\"og:title\" content=\"Peinture qui r\u00e9duit l\u2019\u00e9chauffement des fa\u00e7ades KEIM Soldalit-Coolit\" \/>\n<meta property=\"og:description\" content=\"Finition innovante permettant la r\u00e9duction de l&#039;\u00e9chauffement\u00a0des fa\u00e7ades d\u00fb au rayonnement solaire. Applicable sur supports organiques et min\u00e9raux.\" \/>\n<meta property=\"og:url\" content=\"https:\/\/nature-et-developpement.com\/logisain-78\/produit\/keim-soldalit-coolit\/\" \/>\n<meta property=\"og:site_name\" content=\"LOGISAIN 78 \u2013 Magasin de mat\u00e9riaux biosourc\u00e9s\" \/>\n<meta property=\"article:modified_time\" content=\"2026-04-30T11:40:09+00:00\" \/>\n<meta name=\"twitter:card\" content=\"summary_large_image\" \/>\n<meta name=\"twitter:label1\" content=\"Dur\u00e9e de lecture estim\u00e9e\" \/>\n\t<meta name=\"twitter:data1\" content=\"1 minute\" \/>\n<script type=\"application\/ld+json\" class=\"yoast-schema-graph\">{\"@context\":\"https:\\\/\\\/schema.org\",\"@graph\":[{\"@type\":\"WebPage\",\"@id\":\"https:\\\/\\\/nature-et-developpement.com\\\/logisain-78\\\/produit\\\/keim-soldalit-coolit\\\/\",\"url\":\"https:\\\/\\\/nature-et-developpement.com\\\/logisain-78\\\/produit\\\/keim-soldalit-coolit\\\/\",\"name\":\"Peinture qui r\u00e9duit l\u2019\u00e9chauffement des fa\u00e7ades KEIM Soldalit-Coolit\",\"isPartOf\":{\"@id\":\"https:\\\/\\\/nature-et-developpement.com\\\/logisain-78\\\/#website\"},\"primaryImageOfPage\":{\"@id\":\"https:\\\/\\\/nature-et-developpement.com\\\/logisain-78\\\/produit\\\/keim-soldalit-coolit\\\/#primaryimage\"},\"image\":{\"@id\":\"https:\\\/\\\/nature-et-developpement.com\\\/logisain-78\\\/produit\\\/keim-soldalit-coolit\\\/#primaryimage\"},\"thumbnailUrl\":\"https:\\\/\\\/nature-et-developpement.com\\\/logisain-78\\\/wp-content\\\/uploads\\\/Peinture-qui-reduit-lechauffement-des-facades-KEIM-Soldalit-Coolit-18Kg.jpg\",\"datePublished\":\"2018-09-30T22:00:00+00:00\",\"dateModified\":\"2026-04-30T11:40:09+00:00\",\"description\":\"Finition innovante permettant la r\u00e9duction de l'\u00e9chauffement\u00a0des fa\u00e7ades d\u00fb au rayonnement solaire. Applicable sur supports organiques et min\u00e9raux.\",\"breadcrumb\":{\"@id\":\"https:\\\/\\\/nature-et-developpement.com\\\/logisain-78\\\/produit\\\/keim-soldalit-coolit\\\/#breadcrumb\"},\"inLanguage\":\"fr-FR\",\"potentialAction\":[{\"@type\":\"ReadAction\",\"target\":[\"https:\\\/\\\/nature-et-developpement.com\\\/logisain-78\\\/produit\\\/keim-soldalit-coolit\\\/\"]}]},{\"@type\":\"ImageObject\",\"inLanguage\":\"fr-FR\",\"@id\":\"https:\\\/\\\/nature-et-developpement.com\\\/logisain-78\\\/produit\\\/keim-soldalit-coolit\\\/#primaryimage\",\"url\":\"https:\\\/\\\/nature-et-developpement.com\\\/logisain-78\\\/wp-content\\\/uploads\\\/Peinture-qui-reduit-lechauffement-des-facades-KEIM-Soldalit-Coolit-18Kg.jpg\",\"contentUrl\":\"https:\\\/\\\/nature-et-developpement.com\\\/logisain-78\\\/wp-content\\\/uploads\\\/Peinture-qui-reduit-lechauffement-des-facades-KEIM-Soldalit-Coolit-18Kg.jpg\"},{\"@type\":\"BreadcrumbList\",\"@id\":\"https:\\\/\\\/nature-et-developpement.com\\\/logisain-78\\\/produit\\\/keim-soldalit-coolit\\\/#breadcrumb\",\"itemListElement\":[{\"@type\":\"ListItem\",\"position\":1,\"name\":\"Accueil\",\"item\":\"https:\\\/\\\/nature-et-developpement.com\\\/logisain-78\\\/\"},{\"@type\":\"ListItem\",\"position\":2,\"name\":\"Produits\",\"item\":\"https:\\\/\\\/nature-et-developpement.com\\\/logisain-78\\\/shop\\\/\"},{\"@type\":\"ListItem\",\"position\":3,\"name\":\"Peinture, pigment et enduit\",\"item\":\"https:\\\/\\\/nature-et-developpement.com\\\/logisain-78\\\/produits\\\/peinture-et-enduit\\\/\"},{\"@type\":\"ListItem\",\"position\":4,\"name\":\"Peintures\",\"item\":\"https:\\\/\\\/nature-et-developpement.com\\\/logisain-78\\\/produits\\\/peinture-et-enduit\\\/peinture-ecologique\\\/\"},{\"@type\":\"ListItem\",\"position\":5,\"name\":\"Peinture qui r\u00e9duit l\u2019\u00e9chauffement des fa\u00e7ades KEIM Soldalit-Coolit\"}]},{\"@type\":\"WebSite\",\"@id\":\"https:\\\/\\\/nature-et-developpement.com\\\/logisain-78\\\/#website\",\"url\":\"https:\\\/\\\/nature-et-developpement.com\\\/logisain-78\\\/\",\"name\":\"LOGISAIN 78 \u2013 Magasin de mat\u00e9riaux biosourc\u00e9s\",\"description\":\"Logisain 78 est membre du groupement Nature &amp; D\u00e9veloppement\",\"publisher\":{\"@id\":\"https:\\\/\\\/nature-et-developpement.com\\\/logisain-78\\\/#organization\"},\"potentialAction\":[{\"@type\":\"SearchAction\",\"target\":{\"@type\":\"EntryPoint\",\"urlTemplate\":\"https:\\\/\\\/nature-et-developpement.com\\\/logisain-78\\\/?s={search_term_string}\"},\"query-input\":{\"@type\":\"PropertyValueSpecification\",\"valueRequired\":true,\"valueName\":\"search_term_string\"}}],\"inLanguage\":\"fr-FR\"},{\"@type\":\"Organization\",\"@id\":\"https:\\\/\\\/nature-et-developpement.com\\\/logisain-78\\\/#organization\",\"name\":\"Logisain 78\",\"url\":\"https:\\\/\\\/nature-et-developpement.com\\\/logisain-78\\\/\",\"logo\":{\"@type\":\"ImageObject\",\"inLanguage\":\"fr-FR\",\"@id\":\"https:\\\/\\\/nature-et-developpement.com\\\/logisain-78\\\/#\\\/schema\\\/logo\\\/image\\\/\",\"url\":\"https:\\\/\\\/nature-et-developpement.com\\\/logisain-78\\\/wp-content\\\/uploads\\\/sites\\\/5\\\/2021\\\/08\\\/logo-logisain.jpg\",\"contentUrl\":\"https:\\\/\\\/nature-et-developpement.com\\\/logisain-78\\\/wp-content\\\/uploads\\\/sites\\\/5\\\/2021\\\/08\\\/logo-logisain.jpg\",\"width\":672,\"height\":455,\"caption\":\"Logisain 78\"},\"image\":{\"@id\":\"https:\\\/\\\/nature-et-developpement.com\\\/logisain-78\\\/#\\\/schema\\\/logo\\\/image\\\/\"}}]}<\/script>\n<!-- \/ Yoast SEO plugin. -->","yoast_head_json":{"title":"Peinture qui r\u00e9duit l\u2019\u00e9chauffement des fa\u00e7ades KEIM Soldalit-Coolit","description":"Finition innovante permettant la r\u00e9duction de l'\u00e9chauffement\u00a0des fa\u00e7ades d\u00fb au rayonnement solaire. Applicable sur supports organiques et min\u00e9raux.","robots":{"index":"noindex","follow":"nofollow"},"og_locale":"fr_FR","og_type":"article","og_title":"Peinture qui r\u00e9duit l\u2019\u00e9chauffement des fa\u00e7ades KEIM Soldalit-Coolit","og_description":"Finition innovante permettant la r\u00e9duction de l'\u00e9chauffement\u00a0des fa\u00e7ades d\u00fb au rayonnement solaire. Applicable sur supports organiques et min\u00e9raux.","og_url":"https:\/\/nature-et-developpement.com\/logisain-78\/produit\/keim-soldalit-coolit\/","og_site_name":"LOGISAIN 78 \u2013 Magasin de mat\u00e9riaux biosourc\u00e9s","article_modified_time":"2026-04-30T11:40:09+00:00","twitter_card":"summary_large_image","twitter_misc":{"Dur\u00e9e de lecture estim\u00e9e":"1 minute"},"schema":{"@context":"https:\/\/schema.org","@graph":[{"@type":"WebPage","@id":"https:\/\/nature-et-developpement.com\/logisain-78\/produit\/keim-soldalit-coolit\/","url":"https:\/\/nature-et-developpement.com\/logisain-78\/produit\/keim-soldalit-coolit\/","name":"Peinture qui r\u00e9duit l\u2019\u00e9chauffement des fa\u00e7ades KEIM Soldalit-Coolit","isPartOf":{"@id":"https:\/\/nature-et-developpement.com\/logisain-78\/#website"},"primaryImageOfPage":{"@id":"https:\/\/nature-et-developpement.com\/logisain-78\/produit\/keim-soldalit-coolit\/#primaryimage"},"image":{"@id":"https:\/\/nature-et-developpement.com\/logisain-78\/produit\/keim-soldalit-coolit\/#primaryimage"},"thumbnailUrl":"https:\/\/nature-et-developpement.com\/logisain-78\/wp-content\/uploads\/Peinture-qui-reduit-lechauffement-des-facades-KEIM-Soldalit-Coolit-18Kg.jpg","datePublished":"2018-09-30T22:00:00+00:00","dateModified":"2026-04-30T11:40:09+00:00","description":"Finition innovante permettant la r\u00e9duction de l'\u00e9chauffement\u00a0des fa\u00e7ades d\u00fb au rayonnement solaire. Applicable sur supports organiques et min\u00e9raux.","breadcrumb":{"@id":"https:\/\/nature-et-developpement.com\/logisain-78\/produit\/keim-soldalit-coolit\/#breadcrumb"},"inLanguage":"fr-FR","potentialAction":[{"@type":"ReadAction","target":["https:\/\/nature-et-developpement.com\/logisain-78\/produit\/keim-soldalit-coolit\/"]}]},{"@type":"ImageObject","inLanguage":"fr-FR","@id":"https:\/\/nature-et-developpement.com\/logisain-78\/produit\/keim-soldalit-coolit\/#primaryimage","url":"https:\/\/nature-et-developpement.com\/logisain-78\/wp-content\/uploads\/Peinture-qui-reduit-lechauffement-des-facades-KEIM-Soldalit-Coolit-18Kg.jpg","contentUrl":"https:\/\/nature-et-developpement.com\/logisain-78\/wp-content\/uploads\/Peinture-qui-reduit-lechauffement-des-facades-KEIM-Soldalit-Coolit-18Kg.jpg"},{"@type":"BreadcrumbList","@id":"https:\/\/nature-et-developpement.com\/logisain-78\/produit\/keim-soldalit-coolit\/#breadcrumb","itemListElement":[{"@type":"ListItem","position":1,"name":"Accueil","item":"https:\/\/nature-et-developpement.com\/logisain-78\/"},{"@type":"ListItem","position":2,"name":"Produits","item":"https:\/\/nature-et-developpement.com\/logisain-78\/shop\/"},{"@type":"ListItem","position":3,"name":"Peinture, pigment et enduit","item":"https:\/\/nature-et-developpement.com\/logisain-78\/produits\/peinture-et-enduit\/"},{"@type":"ListItem","position":4,"name":"Peintures","item":"https:\/\/nature-et-developpement.com\/logisain-78\/produits\/peinture-et-enduit\/peinture-ecologique\/"},{"@type":"ListItem","position":5,"name":"Peinture qui r\u00e9duit l\u2019\u00e9chauffement des fa\u00e7ades KEIM Soldalit-Coolit"}]},{"@type":"WebSite","@id":"https:\/\/nature-et-developpement.com\/logisain-78\/#website","url":"https:\/\/nature-et-developpement.com\/logisain-78\/","name":"LOGISAIN 78 \u2013 Magasin de mat\u00e9riaux biosourc\u00e9s","description":"Logisain 78 est membre du groupement Nature &amp; D\u00e9veloppement","publisher":{"@id":"https:\/\/nature-et-developpement.com\/logisain-78\/#organization"},"potentialAction":[{"@type":"SearchAction","target":{"@type":"EntryPoint","urlTemplate":"https:\/\/nature-et-developpement.com\/logisain-78\/?s={search_term_string}"},"query-input":{"@type":"PropertyValueSpecification","valueRequired":true,"valueName":"search_term_string"}}],"inLanguage":"fr-FR"},{"@type":"Organization","@id":"https:\/\/nature-et-developpement.com\/logisain-78\/#organization","name":"Logisain 78","url":"https:\/\/nature-et-developpement.com\/logisain-78\/","logo":{"@type":"ImageObject","inLanguage":"fr-FR","@id":"https:\/\/nature-et-developpement.com\/logisain-78\/#\/schema\/logo\/image\/","url":"https:\/\/nature-et-developpement.com\/logisain-78\/wp-content\/uploads\/sites\/5\/2021\/08\/logo-logisain.jpg","contentUrl":"https:\/\/nature-et-developpement.com\/logisain-78\/wp-content\/uploads\/sites\/5\/2021\/08\/logo-logisain.jpg","width":672,"height":455,"caption":"Logisain 78"},"image":{"@id":"https:\/\/nature-et-developpement.com\/logisain-78\/#\/schema\/logo\/image\/"}}]}},"distributor_meta":false,"distributor_terms":false,"distributor_media":false,"distributor_original_site_name":"LOGISAIN 78 \u2013 Magasin de mat\u00e9riaux biosourc\u00e9s","distributor_original_site_url":"https:\/\/nature-et-developpement.com\/logisain-78","push-errors":false,"_links":{"self":[{"href":"https:\/\/nature-et-developpement.com\/logisain-78\/wp-json\/wp\/v2\/product\/9715","targetHints":{"allow":["GET"]}}],"collection":[{"href":"https:\/\/nature-et-developpement.com\/logisain-78\/wp-json\/wp\/v2\/product"}],"about":[{"href":"https:\/\/nature-et-developpement.com\/logisain-78\/wp-json\/wp\/v2\/types\/product"}],"wp:featuredmedia":[{"embeddable":true,"href":"https:\/\/nature-et-developpement.com\/logisain-78\/wp-json\/"}],"wp:attachment":[{"href":"https:\/\/nature-et-developpement.com\/logisain-78\/wp-json\/wp\/v2\/media?parent=9715"}],"wp:term":[{"taxonomy":"product_brand","embeddable":true,"href":"https:\/\/nature-et-developpement.com\/logisain-78\/wp-json\/wp\/v2\/product_brand?post=9715"},{"taxonomy":"product_cat","embeddable":true,"href":"https:\/\/nature-et-developpement.com\/logisain-78\/wp-json\/wp\/v2\/product_cat?post=9715"},{"taxonomy":"product_tag","embeddable":true,"href":"https:\/\/nature-et-developpement.com\/logisain-78\/wp-json\/wp\/v2\/product_tag?post=9715"}],"curies":[{"name":"wp","href":"https:\/\/api.w.org\/{rel}","templated":true}]}}