{"id":9741,"date":"2018-10-01T00:00:00","date_gmt":"2018-09-30T22:00:00","guid":{"rendered":"https:\/\/nature-et-developpement.com\/logisain78\/produit\/diluant-et-impression-keim-fixatif-soldalit\/"},"modified":"2026-04-30T12:15:07","modified_gmt":"2026-04-30T10:15:07","slug":"keim-soldalit-fixativ","status":"publish","type":"product","link":"https:\/\/nature-et-developpement.com\/logisain-78\/produit\/keim-soldalit-fixativ\/","title":{"rendered":"Diluant et impression KEIM Soldalit-fixativ"},"content":{"rendered":"<div class=\"col-lg-12\">\n<h3 class=\"product-title inverse\">KEIM Fixatif Soldalit\u00ae<\/h3>\n<\/div>\n<div class=\"col-lg-12 inverse\">\n<p>Impression min\u00e9rale et diluant \u00e0 base d\u2019un double liant sol-silicate (silicate de potassium \/ sol de silice).<\/p>\n<p>Utilis\u00e9 pour diluer la finition KEIM Soldalit ainsi que les couches de fond KEIM Soldalit-Grob et KEIM Contact-Plus si n\u00e9cessaire.<\/p>\n<p>Utilis\u00e9 pur en couche d\u2019impression, KEIM Fixatif Soldalit permet \u00e9galement d\u2019homog\u00e9n\u00e9iser et de r\u00e9duire l\u2019absorption de supports tr\u00e8s poreux.<\/p>\n<p>Conforme \u00e0 la norme NFT 36-005 Famille I, Cat\u00e9gorie 1b1 (produits contenant au plus 5% de compos\u00e9s organiques selon le fascicule de documentation FD T 30-808).<\/p>\n<\/div>\n","protected":false},"excerpt":{"rendered":"<p>Utilis\u00e9 pour diluer les peintures garnissantes KEIM Soldalit-Grob, KEIM Soldalit&#8211;MEGrob, les peintures de finition KEIM Soldalit, KEIM Soldalit-ME et KEIM Soldalit-Coolit, ainsi que les couches garnissantes KEIM Contact-Plus et KEIM ContactPlus-Grob.<\/p>\n<p>Utilis\u00e9 pur en couche d\u2019impression, KEIM Fixatif Soldalit permet \u00e9galement de r\u00e9duire et d\u2019homog\u00e9n\u00e9iser l\u2019absorption des subjectiles \u00e0 rev\u00eatir.<\/p>\n","protected":false},"featured_media":1000000201192,"template":"","meta":[],"product_brand":[2849],"product_cat":[472,206],"product_tag":[4343],"class_list":{"0":"post-9741","1":"product","2":"type-product","3":"status-publish","4":"has-post-thumbnail","6":"product_brand-keim","7":"product_cat-adjuvants","8":"product_cat-preparation-du-support","9":"product_tag-keim","10":"product_shipping_class-peintures-accessoires-peintures","12":"first","13":"instock","14":"taxable","15":"shipping-taxable","16":"purchasable","17":"product-type-variable"},"yoast_head":"<!-- This site is optimized with the Yoast SEO plugin v27.5 - https:\/\/yoast.com\/product\/yoast-seo-wordpress\/ -->\n<title>Diluant et impression KEIM Soldalit-fixativ<\/title>\n<meta name=\"description\" content=\"Pour diluer les peintures de la gamme KEIM Soldalit. Utilis\u00e9 pur en couche d\u2019impression, il permet de r\u00e9duire et d\u2019homog\u00e9n\u00e9iser l\u2019absorption des supports.\" \/>\n<meta name=\"robots\" content=\"noindex, nofollow\" \/>\n<meta property=\"og:locale\" content=\"fr_FR\" \/>\n<meta property=\"og:type\" content=\"article\" \/>\n<meta property=\"og:title\" content=\"Diluant et impression KEIM Soldalit-fixativ\" \/>\n<meta property=\"og:description\" content=\"Pour diluer les peintures de la gamme KEIM Soldalit. Utilis\u00e9 pur en couche d\u2019impression, il permet de r\u00e9duire et d\u2019homog\u00e9n\u00e9iser l\u2019absorption des supports.\" \/>\n<meta property=\"og:url\" content=\"https:\/\/nature-et-developpement.com\/logisain-78\/produit\/keim-soldalit-fixativ\/\" \/>\n<meta property=\"og:site_name\" content=\"LOGISAIN 78 \u2013 Magasin de mat\u00e9riaux biosourc\u00e9s\" \/>\n<meta property=\"article:modified_time\" content=\"2026-04-30T10:15:07+00:00\" \/>\n<meta name=\"twitter:card\" content=\"summary_large_image\" \/>\n<script type=\"application\/ld+json\" class=\"yoast-schema-graph\">{\"@context\":\"https:\\\/\\\/schema.org\",\"@graph\":[{\"@type\":\"WebPage\",\"@id\":\"https:\\\/\\\/nature-et-developpement.com\\\/logisain-78\\\/produit\\\/keim-soldalit-fixativ\\\/\",\"url\":\"https:\\\/\\\/nature-et-developpement.com\\\/logisain-78\\\/produit\\\/keim-soldalit-fixativ\\\/\",\"name\":\"Diluant et impression KEIM Soldalit-fixativ\",\"isPartOf\":{\"@id\":\"https:\\\/\\\/nature-et-developpement.com\\\/logisain-78\\\/#website\"},\"primaryImageOfPage\":{\"@id\":\"https:\\\/\\\/nature-et-developpement.com\\\/logisain-78\\\/produit\\\/keim-soldalit-fixativ\\\/#primaryimage\"},\"image\":{\"@id\":\"https:\\\/\\\/nature-et-developpement.com\\\/logisain-78\\\/produit\\\/keim-soldalit-fixativ\\\/#primaryimage\"},\"thumbnailUrl\":\"https:\\\/\\\/nature-et-developpement.com\\\/logisain-78\\\/wp-content\\\/uploads\\\/Diluant-et-impression-KEIM-Soldalit-fixativ-20L.jpg\",\"datePublished\":\"2018-09-30T22:00:00+00:00\",\"dateModified\":\"2026-04-30T10:15:07+00:00\",\"description\":\"Pour diluer les peintures de la gamme KEIM Soldalit. Utilis\u00e9 pur en couche d\u2019impression, il permet de r\u00e9duire et d\u2019homog\u00e9n\u00e9iser l\u2019absorption des supports.\",\"breadcrumb\":{\"@id\":\"https:\\\/\\\/nature-et-developpement.com\\\/logisain-78\\\/produit\\\/keim-soldalit-fixativ\\\/#breadcrumb\"},\"inLanguage\":\"fr-FR\",\"potentialAction\":[{\"@type\":\"ReadAction\",\"target\":[\"https:\\\/\\\/nature-et-developpement.com\\\/logisain-78\\\/produit\\\/keim-soldalit-fixativ\\\/\"]}]},{\"@type\":\"ImageObject\",\"inLanguage\":\"fr-FR\",\"@id\":\"https:\\\/\\\/nature-et-developpement.com\\\/logisain-78\\\/produit\\\/keim-soldalit-fixativ\\\/#primaryimage\",\"url\":\"https:\\\/\\\/nature-et-developpement.com\\\/logisain-78\\\/wp-content\\\/uploads\\\/Diluant-et-impression-KEIM-Soldalit-fixativ-20L.jpg\",\"contentUrl\":\"https:\\\/\\\/nature-et-developpement.com\\\/logisain-78\\\/wp-content\\\/uploads\\\/Diluant-et-impression-KEIM-Soldalit-fixativ-20L.jpg\"},{\"@type\":\"BreadcrumbList\",\"@id\":\"https:\\\/\\\/nature-et-developpement.com\\\/logisain-78\\\/produit\\\/keim-soldalit-fixativ\\\/#breadcrumb\",\"itemListElement\":[{\"@type\":\"ListItem\",\"position\":1,\"name\":\"Accueil\",\"item\":\"https:\\\/\\\/nature-et-developpement.com\\\/logisain-78\\\/\"},{\"@type\":\"ListItem\",\"position\":2,\"name\":\"Produits\",\"item\":\"https:\\\/\\\/nature-et-developpement.com\\\/logisain-78\\\/shop\\\/\"},{\"@type\":\"ListItem\",\"position\":3,\"name\":\"Peinture, pigment et enduit\",\"item\":\"https:\\\/\\\/nature-et-developpement.com\\\/logisain-78\\\/produits\\\/peinture-et-enduit\\\/\"},{\"@type\":\"ListItem\",\"position\":4,\"name\":\"Pr\u00e9paration du support\",\"item\":\"https:\\\/\\\/nature-et-developpement.com\\\/logisain-78\\\/produits\\\/peinture-et-enduit\\\/preparation-du-support\\\/\"},{\"@type\":\"ListItem\",\"position\":5,\"name\":\"Diluant et impression KEIM Soldalit-fixativ\"}]},{\"@type\":\"WebSite\",\"@id\":\"https:\\\/\\\/nature-et-developpement.com\\\/logisain-78\\\/#website\",\"url\":\"https:\\\/\\\/nature-et-developpement.com\\\/logisain-78\\\/\",\"name\":\"LOGISAIN 78 \u2013 Magasin de mat\u00e9riaux biosourc\u00e9s\",\"description\":\"Logisain 78 est membre du groupement Nature &amp; D\u00e9veloppement\",\"publisher\":{\"@id\":\"https:\\\/\\\/nature-et-developpement.com\\\/logisain-78\\\/#organization\"},\"potentialAction\":[{\"@type\":\"SearchAction\",\"target\":{\"@type\":\"EntryPoint\",\"urlTemplate\":\"https:\\\/\\\/nature-et-developpement.com\\\/logisain-78\\\/?s={search_term_string}\"},\"query-input\":{\"@type\":\"PropertyValueSpecification\",\"valueRequired\":true,\"valueName\":\"search_term_string\"}}],\"inLanguage\":\"fr-FR\"},{\"@type\":\"Organization\",\"@id\":\"https:\\\/\\\/nature-et-developpement.com\\\/logisain-78\\\/#organization\",\"name\":\"Logisain 78\",\"url\":\"https:\\\/\\\/nature-et-developpement.com\\\/logisain-78\\\/\",\"logo\":{\"@type\":\"ImageObject\",\"inLanguage\":\"fr-FR\",\"@id\":\"https:\\\/\\\/nature-et-developpement.com\\\/logisain-78\\\/#\\\/schema\\\/logo\\\/image\\\/\",\"url\":\"https:\\\/\\\/nature-et-developpement.com\\\/logisain-78\\\/wp-content\\\/uploads\\\/sites\\\/5\\\/2021\\\/08\\\/logo-logisain.jpg\",\"contentUrl\":\"https:\\\/\\\/nature-et-developpement.com\\\/logisain-78\\\/wp-content\\\/uploads\\\/sites\\\/5\\\/2021\\\/08\\\/logo-logisain.jpg\",\"width\":672,\"height\":455,\"caption\":\"Logisain 78\"},\"image\":{\"@id\":\"https:\\\/\\\/nature-et-developpement.com\\\/logisain-78\\\/#\\\/schema\\\/logo\\\/image\\\/\"}}]}<\/script>\n<!-- \/ Yoast SEO plugin. -->","yoast_head_json":{"title":"Diluant et impression KEIM Soldalit-fixativ","description":"Pour diluer les peintures de la gamme KEIM Soldalit. Utilis\u00e9 pur en couche d\u2019impression, il permet de r\u00e9duire et d\u2019homog\u00e9n\u00e9iser l\u2019absorption des supports.","robots":{"index":"noindex","follow":"nofollow"},"og_locale":"fr_FR","og_type":"article","og_title":"Diluant et impression KEIM Soldalit-fixativ","og_description":"Pour diluer les peintures de la gamme KEIM Soldalit. Utilis\u00e9 pur en couche d\u2019impression, il permet de r\u00e9duire et d\u2019homog\u00e9n\u00e9iser l\u2019absorption des supports.","og_url":"https:\/\/nature-et-developpement.com\/logisain-78\/produit\/keim-soldalit-fixativ\/","og_site_name":"LOGISAIN 78 \u2013 Magasin de mat\u00e9riaux biosourc\u00e9s","article_modified_time":"2026-04-30T10:15:07+00:00","twitter_card":"summary_large_image","schema":{"@context":"https:\/\/schema.org","@graph":[{"@type":"WebPage","@id":"https:\/\/nature-et-developpement.com\/logisain-78\/produit\/keim-soldalit-fixativ\/","url":"https:\/\/nature-et-developpement.com\/logisain-78\/produit\/keim-soldalit-fixativ\/","name":"Diluant et impression KEIM Soldalit-fixativ","isPartOf":{"@id":"https:\/\/nature-et-developpement.com\/logisain-78\/#website"},"primaryImageOfPage":{"@id":"https:\/\/nature-et-developpement.com\/logisain-78\/produit\/keim-soldalit-fixativ\/#primaryimage"},"image":{"@id":"https:\/\/nature-et-developpement.com\/logisain-78\/produit\/keim-soldalit-fixativ\/#primaryimage"},"thumbnailUrl":"https:\/\/nature-et-developpement.com\/logisain-78\/wp-content\/uploads\/Diluant-et-impression-KEIM-Soldalit-fixativ-20L.jpg","datePublished":"2018-09-30T22:00:00+00:00","dateModified":"2026-04-30T10:15:07+00:00","description":"Pour diluer les peintures de la gamme KEIM Soldalit. Utilis\u00e9 pur en couche d\u2019impression, il permet de r\u00e9duire et d\u2019homog\u00e9n\u00e9iser l\u2019absorption des supports.","breadcrumb":{"@id":"https:\/\/nature-et-developpement.com\/logisain-78\/produit\/keim-soldalit-fixativ\/#breadcrumb"},"inLanguage":"fr-FR","potentialAction":[{"@type":"ReadAction","target":["https:\/\/nature-et-developpement.com\/logisain-78\/produit\/keim-soldalit-fixativ\/"]}]},{"@type":"ImageObject","inLanguage":"fr-FR","@id":"https:\/\/nature-et-developpement.com\/logisain-78\/produit\/keim-soldalit-fixativ\/#primaryimage","url":"https:\/\/nature-et-developpement.com\/logisain-78\/wp-content\/uploads\/Diluant-et-impression-KEIM-Soldalit-fixativ-20L.jpg","contentUrl":"https:\/\/nature-et-developpement.com\/logisain-78\/wp-content\/uploads\/Diluant-et-impression-KEIM-Soldalit-fixativ-20L.jpg"},{"@type":"BreadcrumbList","@id":"https:\/\/nature-et-developpement.com\/logisain-78\/produit\/keim-soldalit-fixativ\/#breadcrumb","itemListElement":[{"@type":"ListItem","position":1,"name":"Accueil","item":"https:\/\/nature-et-developpement.com\/logisain-78\/"},{"@type":"ListItem","position":2,"name":"Produits","item":"https:\/\/nature-et-developpement.com\/logisain-78\/shop\/"},{"@type":"ListItem","position":3,"name":"Peinture, pigment et enduit","item":"https:\/\/nature-et-developpement.com\/logisain-78\/produits\/peinture-et-enduit\/"},{"@type":"ListItem","position":4,"name":"Pr\u00e9paration du support","item":"https:\/\/nature-et-developpement.com\/logisain-78\/produits\/peinture-et-enduit\/preparation-du-support\/"},{"@type":"ListItem","position":5,"name":"Diluant et impression KEIM Soldalit-fixativ"}]},{"@type":"WebSite","@id":"https:\/\/nature-et-developpement.com\/logisain-78\/#website","url":"https:\/\/nature-et-developpement.com\/logisain-78\/","name":"LOGISAIN 78 \u2013 Magasin de mat\u00e9riaux biosourc\u00e9s","description":"Logisain 78 est membre du groupement Nature &amp; D\u00e9veloppement","publisher":{"@id":"https:\/\/nature-et-developpement.com\/logisain-78\/#organization"},"potentialAction":[{"@type":"SearchAction","target":{"@type":"EntryPoint","urlTemplate":"https:\/\/nature-et-developpement.com\/logisain-78\/?s={search_term_string}"},"query-input":{"@type":"PropertyValueSpecification","valueRequired":true,"valueName":"search_term_string"}}],"inLanguage":"fr-FR"},{"@type":"Organization","@id":"https:\/\/nature-et-developpement.com\/logisain-78\/#organization","name":"Logisain 78","url":"https:\/\/nature-et-developpement.com\/logisain-78\/","logo":{"@type":"ImageObject","inLanguage":"fr-FR","@id":"https:\/\/nature-et-developpement.com\/logisain-78\/#\/schema\/logo\/image\/","url":"https:\/\/nature-et-developpement.com\/logisain-78\/wp-content\/uploads\/sites\/5\/2021\/08\/logo-logisain.jpg","contentUrl":"https:\/\/nature-et-developpement.com\/logisain-78\/wp-content\/uploads\/sites\/5\/2021\/08\/logo-logisain.jpg","width":672,"height":455,"caption":"Logisain 78"},"image":{"@id":"https:\/\/nature-et-developpement.com\/logisain-78\/#\/schema\/logo\/image\/"}}]}},"distributor_meta":false,"distributor_terms":false,"distributor_media":false,"distributor_original_site_name":"LOGISAIN 78 \u2013 Magasin de mat\u00e9riaux biosourc\u00e9s","distributor_original_site_url":"https:\/\/nature-et-developpement.com\/logisain-78","push-errors":false,"_links":{"self":[{"href":"https:\/\/nature-et-developpement.com\/logisain-78\/wp-json\/wp\/v2\/product\/9741","targetHints":{"allow":["GET"]}}],"collection":[{"href":"https:\/\/nature-et-developpement.com\/logisain-78\/wp-json\/wp\/v2\/product"}],"about":[{"href":"https:\/\/nature-et-developpement.com\/logisain-78\/wp-json\/wp\/v2\/types\/product"}],"wp:featuredmedia":[{"embeddable":true,"href":"https:\/\/nature-et-developpement.com\/logisain-78\/wp-json\/"}],"wp:attachment":[{"href":"https:\/\/nature-et-developpement.com\/logisain-78\/wp-json\/wp\/v2\/media?parent=9741"}],"wp:term":[{"taxonomy":"product_brand","embeddable":true,"href":"https:\/\/nature-et-developpement.com\/logisain-78\/wp-json\/wp\/v2\/product_brand?post=9741"},{"taxonomy":"product_cat","embeddable":true,"href":"https:\/\/nature-et-developpement.com\/logisain-78\/wp-json\/wp\/v2\/product_cat?post=9741"},{"taxonomy":"product_tag","embeddable":true,"href":"https:\/\/nature-et-developpement.com\/logisain-78\/wp-json\/wp\/v2\/product_tag?post=9741"}],"curies":[{"name":"wp","href":"https:\/\/api.w.org\/{rel}","templated":true}]}}