{"id":9784,"date":"2018-10-01T00:00:00","date_gmt":"2018-09-30T22:00:00","guid":{"rendered":"https:\/\/nature-et-developpement.com\/logisain78\/produit\/protection-de-supports-en-beton-keim-peinture-concretal-w\/"},"modified":"2026-01-08T23:50:20","modified_gmt":"2026-01-08T22:50:20","slug":"protection-de-supports-en-beton-keim-peinture-concretal-w","status":"publish","type":"product","link":"https:\/\/nature-et-developpement.com\/logisain-78\/produit\/protection-de-supports-en-beton-keim-peinture-concretal-w\/","title":{"rendered":"Peinture protection pour b\u00e9ton KEIM Concretal-W"},"content":{"rendered":"<h3 class=\"product-title inverse\">Peinture KEIM Concretal-W<\/h3>\n<p>Finition min\u00e9rale sol-silicate destin\u00e9e au ravalement et \u00e0 la protection de supports en b\u00e9ton banch\u00e9, \u00e9l\u00e9ments de b\u00e9ton pr\u00e9fabriqu\u00e9, b\u00e9ton ragr\u00e9\u00e9 et b\u00e9ton peint.<\/p>\n<p>Appliqu\u00e9e en finition sur elle-m\u00eame ou sur une couche de fond du syst\u00e8me KEIM Concretal.<\/p>\n<p>Conforme \u00e0 la norme NFT 36-005 Famille I, Cat\u00e9gorie 1b1 (produits contenant au plus 5% de compos\u00e9s organiques selon le fascicule de documentation FD T 30-808).<\/p>\n<p><strong>Teinte<\/strong><br \/>\nDisponible en blanc et\u00a0dans toutes les teintes du nuancier KEIM Exclusiv.<\/p>\n<p>Teintes hors nuancier sur demande.<\/p>\n<p><strong>Application<\/strong><br \/>\nBrosse, rouleau,\u00a0projection Airless.<\/p>\n<p><strong>Consommation<\/strong><br \/>\nEnv. 175g\/m\u00b2 par couche pour un syst\u00e8me en 2 couches<\/p>\n<p><strong>Conditionnement<\/strong><br \/>\nSeau plastique de 5 kg et 18 kg<\/p>\n<p><strong>Commande<\/strong><\/p>\n<p>Ajoutez le chiffre de la couleur choisie dans la case \u00ab\u00a0Compl\u00e9ments\u00a0\u00bb.<\/p>\n","protected":false},"excerpt":{"rendered":"<p><strong><a class=\"btn btn-default\" href=\"https:\/\/nature-et-developpement.com\/wp-content\/uploads\/cms\/KEIM\/Spektrum_KEIM.pdf\" target=\"_blank\" rel=\"noopener\"><img loading=\"lazy\" decoding=\"async\" class=\"alignleft wp-image-108482\" src=\"https:\/\/nature-et-developpement.com\/wp-content\/uploads\/cms\/NATURA\/COULEURS_2020-450x450.jpg\" alt=\"\" width=\"30\" height=\"30\" \/><\/a><a href=\"https:\/\/nature-et-developpement.com\/wp-content\/uploads\/Spektrum_KEIM-ND.pdf\" target=\"_blank\" rel=\"noopener\">Choisissez votre couleur<\/a><\/strong><br \/>\n<a href=\"https:\/\/nature-et-developpement.com\/wp-content\/uploads\/Tableau-reference-des-teintes-et-classes-de-prix-Concretal-W_Concretal-W-grob.pdf\" target=\"_blank\" rel=\"noopener\"><strong>Retrouvez votre classe de prix<\/strong><\/a><\/p>\n<p>Destin\u00e9e \u00e0 la protection de supports en b\u00e9ton banch\u00e9, \u00e9l\u00e9ments de b\u00e9ton pr\u00e9fabriqu\u00e9, b\u00e9ton ragr\u00e9\u00e9 et b\u00e9ton peint en ext\u00e9rieur ou en int\u00e9rieur.<\/p>\n","protected":false},"featured_media":1000000201209,"template":"","meta":[],"product_brand":[2849],"product_cat":[108,206],"product_tag":[4058],"class_list":{"0":"post-9784","1":"product","2":"type-product","3":"status-publish","4":"has-post-thumbnail","6":"product_brand-keim","7":"product_cat-peinture-ecologique","8":"product_cat-preparation-du-support","9":"product_tag-peinture","10":"product_shipping_class-peintures-accessoires-peintures","12":"first","13":"instock","14":"taxable","15":"shipping-taxable","16":"purchasable","17":"product-type-variable"},"yoast_head":"<!-- This site is optimized with the Yoast SEO plugin v27.5 - https:\/\/yoast.com\/product\/yoast-seo-wordpress\/ -->\n<title>Peinture protection pour b\u00e9ton KEIM Concretal-W<\/title>\n<meta name=\"description\" content=\"Choisissez votre couleur Retrouvez votre classe de prix  Destin\u00e9e \u00e0 la protection de supports en b\u00e9ton banch\u00e9, \u00e9l\u00e9ments de b\u00e9ton pr\u00e9fabriqu\u00e9, b\u00e9ton ragr\u00e9\u00e9 et b\u00e9ton peint en ext\u00e9rieur ou en int\u00e9rieur.\" \/>\n<meta name=\"robots\" content=\"noindex, nofollow\" \/>\n<meta property=\"og:locale\" content=\"fr_FR\" \/>\n<meta property=\"og:type\" content=\"article\" \/>\n<meta property=\"og:title\" content=\"Peinture protection pour b\u00e9ton KEIM Concretal-W\" \/>\n<meta property=\"og:description\" content=\"Choisissez votre couleur Retrouvez votre classe de prix  Destin\u00e9e \u00e0 la protection de supports en b\u00e9ton banch\u00e9, \u00e9l\u00e9ments de b\u00e9ton pr\u00e9fabriqu\u00e9, b\u00e9ton ragr\u00e9\u00e9 et b\u00e9ton peint en ext\u00e9rieur ou en int\u00e9rieur.\" \/>\n<meta property=\"og:url\" content=\"https:\/\/nature-et-developpement.com\/logisain-78\/produit\/protection-de-supports-en-beton-keim-peinture-concretal-w\/\" \/>\n<meta property=\"og:site_name\" content=\"LOGISAIN 78 \u2013 Magasin de mat\u00e9riaux biosourc\u00e9s\" \/>\n<meta property=\"article:modified_time\" content=\"2026-01-08T22:50:20+00:00\" \/>\n<meta name=\"twitter:card\" content=\"summary_large_image\" \/>\n<meta name=\"twitter:label1\" content=\"Dur\u00e9e de lecture estim\u00e9e\" \/>\n\t<meta name=\"twitter:data1\" content=\"1 minute\" \/>\n<script type=\"application\/ld+json\" class=\"yoast-schema-graph\">{\"@context\":\"https:\\\/\\\/schema.org\",\"@graph\":[{\"@type\":\"WebPage\",\"@id\":\"https:\\\/\\\/nature-et-developpement.com\\\/logisain-78\\\/produit\\\/protection-de-supports-en-beton-keim-peinture-concretal-w\\\/\",\"url\":\"https:\\\/\\\/nature-et-developpement.com\\\/logisain-78\\\/produit\\\/protection-de-supports-en-beton-keim-peinture-concretal-w\\\/\",\"name\":\"Peinture protection pour b\u00e9ton KEIM Concretal-W\",\"isPartOf\":{\"@id\":\"https:\\\/\\\/nature-et-developpement.com\\\/logisain-78\\\/#website\"},\"primaryImageOfPage\":{\"@id\":\"https:\\\/\\\/nature-et-developpement.com\\\/logisain-78\\\/produit\\\/protection-de-supports-en-beton-keim-peinture-concretal-w\\\/#primaryimage\"},\"image\":{\"@id\":\"https:\\\/\\\/nature-et-developpement.com\\\/logisain-78\\\/produit\\\/protection-de-supports-en-beton-keim-peinture-concretal-w\\\/#primaryimage\"},\"thumbnailUrl\":\"https:\\\/\\\/nature-et-developpement.com\\\/logisain-78\\\/wp-content\\\/uploads\\\/Peinture-protection-pour-beton-KEIM-Concretal-W-18Kg.jpg\",\"datePublished\":\"2018-09-30T22:00:00+00:00\",\"dateModified\":\"2026-01-08T22:50:20+00:00\",\"description\":\"Choisissez votre couleur Retrouvez votre classe de prix Destin\u00e9e \u00e0 la protection de supports en b\u00e9ton banch\u00e9, \u00e9l\u00e9ments de b\u00e9ton pr\u00e9fabriqu\u00e9, b\u00e9ton ragr\u00e9\u00e9 et b\u00e9ton peint en ext\u00e9rieur ou en int\u00e9rieur.\",\"breadcrumb\":{\"@id\":\"https:\\\/\\\/nature-et-developpement.com\\\/logisain-78\\\/produit\\\/protection-de-supports-en-beton-keim-peinture-concretal-w\\\/#breadcrumb\"},\"inLanguage\":\"fr-FR\",\"potentialAction\":[{\"@type\":\"ReadAction\",\"target\":[\"https:\\\/\\\/nature-et-developpement.com\\\/logisain-78\\\/produit\\\/protection-de-supports-en-beton-keim-peinture-concretal-w\\\/\"]}]},{\"@type\":\"ImageObject\",\"inLanguage\":\"fr-FR\",\"@id\":\"https:\\\/\\\/nature-et-developpement.com\\\/logisain-78\\\/produit\\\/protection-de-supports-en-beton-keim-peinture-concretal-w\\\/#primaryimage\",\"url\":\"https:\\\/\\\/nature-et-developpement.com\\\/logisain-78\\\/wp-content\\\/uploads\\\/Peinture-protection-pour-beton-KEIM-Concretal-W-18Kg.jpg\",\"contentUrl\":\"https:\\\/\\\/nature-et-developpement.com\\\/logisain-78\\\/wp-content\\\/uploads\\\/Peinture-protection-pour-beton-KEIM-Concretal-W-18Kg.jpg\"},{\"@type\":\"BreadcrumbList\",\"@id\":\"https:\\\/\\\/nature-et-developpement.com\\\/logisain-78\\\/produit\\\/protection-de-supports-en-beton-keim-peinture-concretal-w\\\/#breadcrumb\",\"itemListElement\":[{\"@type\":\"ListItem\",\"position\":1,\"name\":\"Accueil\",\"item\":\"https:\\\/\\\/nature-et-developpement.com\\\/logisain-78\\\/\"},{\"@type\":\"ListItem\",\"position\":2,\"name\":\"Produits\",\"item\":\"https:\\\/\\\/nature-et-developpement.com\\\/logisain-78\\\/shop\\\/\"},{\"@type\":\"ListItem\",\"position\":3,\"name\":\"Peinture, pigment et enduit\",\"item\":\"https:\\\/\\\/nature-et-developpement.com\\\/logisain-78\\\/produits\\\/peinture-et-enduit\\\/\"},{\"@type\":\"ListItem\",\"position\":4,\"name\":\"Peintures\",\"item\":\"https:\\\/\\\/nature-et-developpement.com\\\/logisain-78\\\/produits\\\/peinture-et-enduit\\\/peinture-ecologique\\\/\"},{\"@type\":\"ListItem\",\"position\":5,\"name\":\"Peinture protection pour b\u00e9ton KEIM Concretal-W\"}]},{\"@type\":\"WebSite\",\"@id\":\"https:\\\/\\\/nature-et-developpement.com\\\/logisain-78\\\/#website\",\"url\":\"https:\\\/\\\/nature-et-developpement.com\\\/logisain-78\\\/\",\"name\":\"LOGISAIN 78 \u2013 Magasin de mat\u00e9riaux biosourc\u00e9s\",\"description\":\"Logisain 78 est membre du groupement Nature &amp; D\u00e9veloppement\",\"publisher\":{\"@id\":\"https:\\\/\\\/nature-et-developpement.com\\\/logisain-78\\\/#organization\"},\"potentialAction\":[{\"@type\":\"SearchAction\",\"target\":{\"@type\":\"EntryPoint\",\"urlTemplate\":\"https:\\\/\\\/nature-et-developpement.com\\\/logisain-78\\\/?s={search_term_string}\"},\"query-input\":{\"@type\":\"PropertyValueSpecification\",\"valueRequired\":true,\"valueName\":\"search_term_string\"}}],\"inLanguage\":\"fr-FR\"},{\"@type\":\"Organization\",\"@id\":\"https:\\\/\\\/nature-et-developpement.com\\\/logisain-78\\\/#organization\",\"name\":\"Logisain 78\",\"url\":\"https:\\\/\\\/nature-et-developpement.com\\\/logisain-78\\\/\",\"logo\":{\"@type\":\"ImageObject\",\"inLanguage\":\"fr-FR\",\"@id\":\"https:\\\/\\\/nature-et-developpement.com\\\/logisain-78\\\/#\\\/schema\\\/logo\\\/image\\\/\",\"url\":\"https:\\\/\\\/nature-et-developpement.com\\\/logisain-78\\\/wp-content\\\/uploads\\\/sites\\\/5\\\/2021\\\/08\\\/logo-logisain.jpg\",\"contentUrl\":\"https:\\\/\\\/nature-et-developpement.com\\\/logisain-78\\\/wp-content\\\/uploads\\\/sites\\\/5\\\/2021\\\/08\\\/logo-logisain.jpg\",\"width\":672,\"height\":455,\"caption\":\"Logisain 78\"},\"image\":{\"@id\":\"https:\\\/\\\/nature-et-developpement.com\\\/logisain-78\\\/#\\\/schema\\\/logo\\\/image\\\/\"}}]}<\/script>\n<!-- \/ Yoast SEO plugin. -->","yoast_head_json":{"title":"Peinture protection pour b\u00e9ton KEIM Concretal-W","description":"Choisissez votre couleur Retrouvez votre classe de prix  Destin\u00e9e \u00e0 la protection de supports en b\u00e9ton banch\u00e9, \u00e9l\u00e9ments de b\u00e9ton pr\u00e9fabriqu\u00e9, b\u00e9ton ragr\u00e9\u00e9 et b\u00e9ton peint en ext\u00e9rieur ou en int\u00e9rieur.","robots":{"index":"noindex","follow":"nofollow"},"og_locale":"fr_FR","og_type":"article","og_title":"Peinture protection pour b\u00e9ton KEIM Concretal-W","og_description":"Choisissez votre couleur Retrouvez votre classe de prix  Destin\u00e9e \u00e0 la protection de supports en b\u00e9ton banch\u00e9, \u00e9l\u00e9ments de b\u00e9ton pr\u00e9fabriqu\u00e9, b\u00e9ton ragr\u00e9\u00e9 et b\u00e9ton peint en ext\u00e9rieur ou en int\u00e9rieur.","og_url":"https:\/\/nature-et-developpement.com\/logisain-78\/produit\/protection-de-supports-en-beton-keim-peinture-concretal-w\/","og_site_name":"LOGISAIN 78 \u2013 Magasin de mat\u00e9riaux biosourc\u00e9s","article_modified_time":"2026-01-08T22:50:20+00:00","twitter_card":"summary_large_image","twitter_misc":{"Dur\u00e9e de lecture estim\u00e9e":"1 minute"},"schema":{"@context":"https:\/\/schema.org","@graph":[{"@type":"WebPage","@id":"https:\/\/nature-et-developpement.com\/logisain-78\/produit\/protection-de-supports-en-beton-keim-peinture-concretal-w\/","url":"https:\/\/nature-et-developpement.com\/logisain-78\/produit\/protection-de-supports-en-beton-keim-peinture-concretal-w\/","name":"Peinture protection pour b\u00e9ton KEIM Concretal-W","isPartOf":{"@id":"https:\/\/nature-et-developpement.com\/logisain-78\/#website"},"primaryImageOfPage":{"@id":"https:\/\/nature-et-developpement.com\/logisain-78\/produit\/protection-de-supports-en-beton-keim-peinture-concretal-w\/#primaryimage"},"image":{"@id":"https:\/\/nature-et-developpement.com\/logisain-78\/produit\/protection-de-supports-en-beton-keim-peinture-concretal-w\/#primaryimage"},"thumbnailUrl":"https:\/\/nature-et-developpement.com\/logisain-78\/wp-content\/uploads\/Peinture-protection-pour-beton-KEIM-Concretal-W-18Kg.jpg","datePublished":"2018-09-30T22:00:00+00:00","dateModified":"2026-01-08T22:50:20+00:00","description":"Choisissez votre couleur Retrouvez votre classe de prix Destin\u00e9e \u00e0 la protection de supports en b\u00e9ton banch\u00e9, \u00e9l\u00e9ments de b\u00e9ton pr\u00e9fabriqu\u00e9, b\u00e9ton ragr\u00e9\u00e9 et b\u00e9ton peint en ext\u00e9rieur ou en int\u00e9rieur.","breadcrumb":{"@id":"https:\/\/nature-et-developpement.com\/logisain-78\/produit\/protection-de-supports-en-beton-keim-peinture-concretal-w\/#breadcrumb"},"inLanguage":"fr-FR","potentialAction":[{"@type":"ReadAction","target":["https:\/\/nature-et-developpement.com\/logisain-78\/produit\/protection-de-supports-en-beton-keim-peinture-concretal-w\/"]}]},{"@type":"ImageObject","inLanguage":"fr-FR","@id":"https:\/\/nature-et-developpement.com\/logisain-78\/produit\/protection-de-supports-en-beton-keim-peinture-concretal-w\/#primaryimage","url":"https:\/\/nature-et-developpement.com\/logisain-78\/wp-content\/uploads\/Peinture-protection-pour-beton-KEIM-Concretal-W-18Kg.jpg","contentUrl":"https:\/\/nature-et-developpement.com\/logisain-78\/wp-content\/uploads\/Peinture-protection-pour-beton-KEIM-Concretal-W-18Kg.jpg"},{"@type":"BreadcrumbList","@id":"https:\/\/nature-et-developpement.com\/logisain-78\/produit\/protection-de-supports-en-beton-keim-peinture-concretal-w\/#breadcrumb","itemListElement":[{"@type":"ListItem","position":1,"name":"Accueil","item":"https:\/\/nature-et-developpement.com\/logisain-78\/"},{"@type":"ListItem","position":2,"name":"Produits","item":"https:\/\/nature-et-developpement.com\/logisain-78\/shop\/"},{"@type":"ListItem","position":3,"name":"Peinture, pigment et enduit","item":"https:\/\/nature-et-developpement.com\/logisain-78\/produits\/peinture-et-enduit\/"},{"@type":"ListItem","position":4,"name":"Peintures","item":"https:\/\/nature-et-developpement.com\/logisain-78\/produits\/peinture-et-enduit\/peinture-ecologique\/"},{"@type":"ListItem","position":5,"name":"Peinture protection pour b\u00e9ton KEIM Concretal-W"}]},{"@type":"WebSite","@id":"https:\/\/nature-et-developpement.com\/logisain-78\/#website","url":"https:\/\/nature-et-developpement.com\/logisain-78\/","name":"LOGISAIN 78 \u2013 Magasin de mat\u00e9riaux biosourc\u00e9s","description":"Logisain 78 est membre du groupement Nature &amp; D\u00e9veloppement","publisher":{"@id":"https:\/\/nature-et-developpement.com\/logisain-78\/#organization"},"potentialAction":[{"@type":"SearchAction","target":{"@type":"EntryPoint","urlTemplate":"https:\/\/nature-et-developpement.com\/logisain-78\/?s={search_term_string}"},"query-input":{"@type":"PropertyValueSpecification","valueRequired":true,"valueName":"search_term_string"}}],"inLanguage":"fr-FR"},{"@type":"Organization","@id":"https:\/\/nature-et-developpement.com\/logisain-78\/#organization","name":"Logisain 78","url":"https:\/\/nature-et-developpement.com\/logisain-78\/","logo":{"@type":"ImageObject","inLanguage":"fr-FR","@id":"https:\/\/nature-et-developpement.com\/logisain-78\/#\/schema\/logo\/image\/","url":"https:\/\/nature-et-developpement.com\/logisain-78\/wp-content\/uploads\/sites\/5\/2021\/08\/logo-logisain.jpg","contentUrl":"https:\/\/nature-et-developpement.com\/logisain-78\/wp-content\/uploads\/sites\/5\/2021\/08\/logo-logisain.jpg","width":672,"height":455,"caption":"Logisain 78"},"image":{"@id":"https:\/\/nature-et-developpement.com\/logisain-78\/#\/schema\/logo\/image\/"}}]}},"distributor_meta":false,"distributor_terms":false,"distributor_media":false,"distributor_original_site_name":"LOGISAIN 78 \u2013 Magasin de mat\u00e9riaux biosourc\u00e9s","distributor_original_site_url":"https:\/\/nature-et-developpement.com\/logisain-78","push-errors":false,"_links":{"self":[{"href":"https:\/\/nature-et-developpement.com\/logisain-78\/wp-json\/wp\/v2\/product\/9784","targetHints":{"allow":["GET"]}}],"collection":[{"href":"https:\/\/nature-et-developpement.com\/logisain-78\/wp-json\/wp\/v2\/product"}],"about":[{"href":"https:\/\/nature-et-developpement.com\/logisain-78\/wp-json\/wp\/v2\/types\/product"}],"wp:featuredmedia":[{"embeddable":true,"href":"https:\/\/nature-et-developpement.com\/logisain-78\/wp-json\/"}],"wp:attachment":[{"href":"https:\/\/nature-et-developpement.com\/logisain-78\/wp-json\/wp\/v2\/media?parent=9784"}],"wp:term":[{"taxonomy":"product_brand","embeddable":true,"href":"https:\/\/nature-et-developpement.com\/logisain-78\/wp-json\/wp\/v2\/product_brand?post=9784"},{"taxonomy":"product_cat","embeddable":true,"href":"https:\/\/nature-et-developpement.com\/logisain-78\/wp-json\/wp\/v2\/product_cat?post=9784"},{"taxonomy":"product_tag","embeddable":true,"href":"https:\/\/nature-et-developpement.com\/logisain-78\/wp-json\/wp\/v2\/product_tag?post=9784"}],"curies":[{"name":"wp","href":"https:\/\/api.w.org\/{rel}","templated":true}]}}