{"id":9806,"date":"2018-10-01T00:00:00","date_gmt":"2018-09-30T22:00:00","guid":{"rendered":"https:\/\/nature-et-developpement.com\/logisain78\/produit\/fixateur-des-spores-des-moisissures-keim-mycal-fix\/"},"modified":"2026-01-09T01:15:12","modified_gmt":"2026-01-09T00:15:12","slug":"keim-mycal-fix","status":"publish","type":"product","link":"https:\/\/nature-et-developpement.com\/logisain-78\/produit\/keim-mycal-fix\/","title":{"rendered":"Fixateur des moisissures et des spores KEIM Mycal-Fix"},"content":{"rendered":"<h3 class=\"product-title inverse\">KEIM Mycal\u00ae-Fix<\/h3>\n<p>MYCAL-FIX est utilis\u00e9 pour fixer les spores des moisissures.<\/p>\n<p>MYCAL-FIX poss\u00e8de un pouvoir consolidant qui permet de fixer les spores et les moisissures \u00e0 la surface des mat\u00e9riaux contamin\u00e9s.<\/p>\n<p>Les supports fortement poreux ou friables peuvent \u00eatre consolid\u00e9s en utilisant MYCAL-FIX avant d\u2019appliquer la peinture KEIM MYCAL-TOP.<\/p>\n<p>Le pH \u00e9lev\u00e9 de MYCAL-FIX apporte une protection suppl\u00e9mentaire contre les moisissures et r\u00e9duit le risque d\u2019une nouvelle contamination.<\/p>\n<p>MYCAL-FIX peut aussi \u00eatre appliqu\u00e9 en couche d\u2019impression sur les plaques KEIM MYCAL-CS (\u00e0 la brosse ou par projection, par exemple avec le pulv\u00e9risateur KEIM).<\/p>\n<p><strong>Conditionnement<\/strong><br \/>\nBidon plastique de 5 L<\/p>\n","protected":false},"excerpt":{"rendered":"<p>Produit \u00e0 base de silicate destin\u00e9 \u00e0 fixer les spores des moisissures.<br \/>\nLa diss\u00e9mination des spores est le principal facteur de risque li\u00e9 au traitement d&rsquo;assainissement.<br \/>\nElle met en danger les personnels d\u2019intervention comme les usagers des locaux et elle est souvent \u00e0 l&rsquo;origine de contaminations secondaires.<\/p>\n","protected":false},"featured_media":1000000156225,"template":"","meta":[],"product_brand":[2849],"product_cat":[472,206],"product_tag":[4343],"class_list":{"0":"post-9806","1":"product","2":"type-product","3":"status-publish","4":"has-post-thumbnail","6":"product_brand-keim","7":"product_cat-adjuvants","8":"product_cat-preparation-du-support","9":"product_tag-keim","10":"product_shipping_class-peintures-accessoires-peintures","12":"first","13":"instock","14":"taxable","15":"shipping-taxable","16":"purchasable","17":"product-type-variable"},"yoast_head":"<!-- This site is optimized with the Yoast SEO plugin v27.5 - https:\/\/yoast.com\/product\/yoast-seo-wordpress\/ -->\n<title>Fixateur des moisissures et des spores KEIM Mycal-Fix<\/title>\n<meta name=\"description\" content=\"Produit \u00e0 base de silicate destin\u00e9 \u00e0 fixer les spores des moisissures. La diss\u00e9mination des spores est le principal facteur de risque li\u00e9 au traitement d&#039;assainissement. Elle met en danger les personnels d\u2019intervention comme les usagers des locaux et elle est souvent \u00e0 l&#039;origine de contaminations secondaires.\" \/>\n<meta name=\"robots\" content=\"noindex, nofollow\" \/>\n<meta property=\"og:locale\" content=\"fr_FR\" \/>\n<meta property=\"og:type\" content=\"article\" \/>\n<meta property=\"og:title\" content=\"Fixateur des moisissures et des spores KEIM Mycal-Fix\" \/>\n<meta property=\"og:description\" content=\"Produit \u00e0 base de silicate destin\u00e9 \u00e0 fixer les spores des moisissures. La diss\u00e9mination des spores est le principal facteur de risque li\u00e9 au traitement d&#039;assainissement. Elle met en danger les personnels d\u2019intervention comme les usagers des locaux et elle est souvent \u00e0 l&#039;origine de contaminations secondaires.\" \/>\n<meta property=\"og:url\" content=\"https:\/\/nature-et-developpement.com\/logisain-78\/produit\/keim-mycal-fix\/\" \/>\n<meta property=\"og:site_name\" content=\"LOGISAIN 78 \u2013 Magasin de mat\u00e9riaux biosourc\u00e9s\" \/>\n<meta property=\"article:modified_time\" content=\"2026-01-09T00:15:12+00:00\" \/>\n<meta name=\"twitter:card\" content=\"summary_large_image\" \/>\n<meta name=\"twitter:label1\" content=\"Dur\u00e9e de lecture estim\u00e9e\" \/>\n\t<meta name=\"twitter:data1\" content=\"1 minute\" \/>\n<script type=\"application\/ld+json\" class=\"yoast-schema-graph\">{\"@context\":\"https:\\\/\\\/schema.org\",\"@graph\":[{\"@type\":\"WebPage\",\"@id\":\"https:\\\/\\\/nature-et-developpement.com\\\/logisain-78\\\/produit\\\/keim-mycal-fix\\\/\",\"url\":\"https:\\\/\\\/nature-et-developpement.com\\\/logisain-78\\\/produit\\\/keim-mycal-fix\\\/\",\"name\":\"Fixateur des moisissures et des spores KEIM Mycal-Fix\",\"isPartOf\":{\"@id\":\"https:\\\/\\\/nature-et-developpement.com\\\/logisain-78\\\/#website\"},\"primaryImageOfPage\":{\"@id\":\"https:\\\/\\\/nature-et-developpement.com\\\/logisain-78\\\/produit\\\/keim-mycal-fix\\\/#primaryimage\"},\"image\":{\"@id\":\"https:\\\/\\\/nature-et-developpement.com\\\/logisain-78\\\/produit\\\/keim-mycal-fix\\\/#primaryimage\"},\"thumbnailUrl\":\"https:\\\/\\\/nature-et-developpement.com\\\/logisain-78\\\/wp-content\\\/uploads\\\/Fixateur-des-spores-des-moisissures-KEIM-Mycal-Fix-5L.jpg\",\"datePublished\":\"2018-09-30T22:00:00+00:00\",\"dateModified\":\"2026-01-09T00:15:12+00:00\",\"description\":\"Produit \u00e0 base de silicate destin\u00e9 \u00e0 fixer les spores des moisissures. La diss\u00e9mination des spores est le principal facteur de risque li\u00e9 au traitement d'assainissement. Elle met en danger les personnels d\u2019intervention comme les usagers des locaux et elle est souvent \u00e0 l'origine de contaminations secondaires.\",\"breadcrumb\":{\"@id\":\"https:\\\/\\\/nature-et-developpement.com\\\/logisain-78\\\/produit\\\/keim-mycal-fix\\\/#breadcrumb\"},\"inLanguage\":\"fr-FR\",\"potentialAction\":[{\"@type\":\"ReadAction\",\"target\":[\"https:\\\/\\\/nature-et-developpement.com\\\/logisain-78\\\/produit\\\/keim-mycal-fix\\\/\"]}]},{\"@type\":\"ImageObject\",\"inLanguage\":\"fr-FR\",\"@id\":\"https:\\\/\\\/nature-et-developpement.com\\\/logisain-78\\\/produit\\\/keim-mycal-fix\\\/#primaryimage\",\"url\":\"https:\\\/\\\/nature-et-developpement.com\\\/logisain-78\\\/wp-content\\\/uploads\\\/Fixateur-des-spores-des-moisissures-KEIM-Mycal-Fix-5L.jpg\",\"contentUrl\":\"https:\\\/\\\/nature-et-developpement.com\\\/logisain-78\\\/wp-content\\\/uploads\\\/Fixateur-des-spores-des-moisissures-KEIM-Mycal-Fix-5L.jpg\"},{\"@type\":\"BreadcrumbList\",\"@id\":\"https:\\\/\\\/nature-et-developpement.com\\\/logisain-78\\\/produit\\\/keim-mycal-fix\\\/#breadcrumb\",\"itemListElement\":[{\"@type\":\"ListItem\",\"position\":1,\"name\":\"Accueil\",\"item\":\"https:\\\/\\\/nature-et-developpement.com\\\/logisain-78\\\/\"},{\"@type\":\"ListItem\",\"position\":2,\"name\":\"Produits\",\"item\":\"https:\\\/\\\/nature-et-developpement.com\\\/logisain-78\\\/shop\\\/\"},{\"@type\":\"ListItem\",\"position\":3,\"name\":\"Peinture, pigment et enduit\",\"item\":\"https:\\\/\\\/nature-et-developpement.com\\\/logisain-78\\\/produits\\\/peinture-et-enduit\\\/\"},{\"@type\":\"ListItem\",\"position\":4,\"name\":\"Pr\u00e9paration du support\",\"item\":\"https:\\\/\\\/nature-et-developpement.com\\\/logisain-78\\\/produits\\\/peinture-et-enduit\\\/preparation-du-support\\\/\"},{\"@type\":\"ListItem\",\"position\":5,\"name\":\"Fixateur des moisissures et des spores KEIM Mycal-Fix\"}]},{\"@type\":\"WebSite\",\"@id\":\"https:\\\/\\\/nature-et-developpement.com\\\/logisain-78\\\/#website\",\"url\":\"https:\\\/\\\/nature-et-developpement.com\\\/logisain-78\\\/\",\"name\":\"LOGISAIN 78 \u2013 Magasin de mat\u00e9riaux biosourc\u00e9s\",\"description\":\"Logisain 78 est membre du groupement Nature &amp; D\u00e9veloppement\",\"publisher\":{\"@id\":\"https:\\\/\\\/nature-et-developpement.com\\\/logisain-78\\\/#organization\"},\"potentialAction\":[{\"@type\":\"SearchAction\",\"target\":{\"@type\":\"EntryPoint\",\"urlTemplate\":\"https:\\\/\\\/nature-et-developpement.com\\\/logisain-78\\\/?s={search_term_string}\"},\"query-input\":{\"@type\":\"PropertyValueSpecification\",\"valueRequired\":true,\"valueName\":\"search_term_string\"}}],\"inLanguage\":\"fr-FR\"},{\"@type\":\"Organization\",\"@id\":\"https:\\\/\\\/nature-et-developpement.com\\\/logisain-78\\\/#organization\",\"name\":\"Logisain 78\",\"url\":\"https:\\\/\\\/nature-et-developpement.com\\\/logisain-78\\\/\",\"logo\":{\"@type\":\"ImageObject\",\"inLanguage\":\"fr-FR\",\"@id\":\"https:\\\/\\\/nature-et-developpement.com\\\/logisain-78\\\/#\\\/schema\\\/logo\\\/image\\\/\",\"url\":\"https:\\\/\\\/nature-et-developpement.com\\\/logisain-78\\\/wp-content\\\/uploads\\\/sites\\\/5\\\/2021\\\/08\\\/logo-logisain.jpg\",\"contentUrl\":\"https:\\\/\\\/nature-et-developpement.com\\\/logisain-78\\\/wp-content\\\/uploads\\\/sites\\\/5\\\/2021\\\/08\\\/logo-logisain.jpg\",\"width\":672,\"height\":455,\"caption\":\"Logisain 78\"},\"image\":{\"@id\":\"https:\\\/\\\/nature-et-developpement.com\\\/logisain-78\\\/#\\\/schema\\\/logo\\\/image\\\/\"}}]}<\/script>\n<!-- \/ Yoast SEO plugin. -->","yoast_head_json":{"title":"Fixateur des moisissures et des spores KEIM Mycal-Fix","description":"Produit \u00e0 base de silicate destin\u00e9 \u00e0 fixer les spores des moisissures. La diss\u00e9mination des spores est le principal facteur de risque li\u00e9 au traitement d'assainissement. Elle met en danger les personnels d\u2019intervention comme les usagers des locaux et elle est souvent \u00e0 l'origine de contaminations secondaires.","robots":{"index":"noindex","follow":"nofollow"},"og_locale":"fr_FR","og_type":"article","og_title":"Fixateur des moisissures et des spores KEIM Mycal-Fix","og_description":"Produit \u00e0 base de silicate destin\u00e9 \u00e0 fixer les spores des moisissures. La diss\u00e9mination des spores est le principal facteur de risque li\u00e9 au traitement d'assainissement. Elle met en danger les personnels d\u2019intervention comme les usagers des locaux et elle est souvent \u00e0 l'origine de contaminations secondaires.","og_url":"https:\/\/nature-et-developpement.com\/logisain-78\/produit\/keim-mycal-fix\/","og_site_name":"LOGISAIN 78 \u2013 Magasin de mat\u00e9riaux biosourc\u00e9s","article_modified_time":"2026-01-09T00:15:12+00:00","twitter_card":"summary_large_image","twitter_misc":{"Dur\u00e9e de lecture estim\u00e9e":"1 minute"},"schema":{"@context":"https:\/\/schema.org","@graph":[{"@type":"WebPage","@id":"https:\/\/nature-et-developpement.com\/logisain-78\/produit\/keim-mycal-fix\/","url":"https:\/\/nature-et-developpement.com\/logisain-78\/produit\/keim-mycal-fix\/","name":"Fixateur des moisissures et des spores KEIM Mycal-Fix","isPartOf":{"@id":"https:\/\/nature-et-developpement.com\/logisain-78\/#website"},"primaryImageOfPage":{"@id":"https:\/\/nature-et-developpement.com\/logisain-78\/produit\/keim-mycal-fix\/#primaryimage"},"image":{"@id":"https:\/\/nature-et-developpement.com\/logisain-78\/produit\/keim-mycal-fix\/#primaryimage"},"thumbnailUrl":"https:\/\/nature-et-developpement.com\/logisain-78\/wp-content\/uploads\/Fixateur-des-spores-des-moisissures-KEIM-Mycal-Fix-5L.jpg","datePublished":"2018-09-30T22:00:00+00:00","dateModified":"2026-01-09T00:15:12+00:00","description":"Produit \u00e0 base de silicate destin\u00e9 \u00e0 fixer les spores des moisissures. La diss\u00e9mination des spores est le principal facteur de risque li\u00e9 au traitement d'assainissement. Elle met en danger les personnels d\u2019intervention comme les usagers des locaux et elle est souvent \u00e0 l'origine de contaminations secondaires.","breadcrumb":{"@id":"https:\/\/nature-et-developpement.com\/logisain-78\/produit\/keim-mycal-fix\/#breadcrumb"},"inLanguage":"fr-FR","potentialAction":[{"@type":"ReadAction","target":["https:\/\/nature-et-developpement.com\/logisain-78\/produit\/keim-mycal-fix\/"]}]},{"@type":"ImageObject","inLanguage":"fr-FR","@id":"https:\/\/nature-et-developpement.com\/logisain-78\/produit\/keim-mycal-fix\/#primaryimage","url":"https:\/\/nature-et-developpement.com\/logisain-78\/wp-content\/uploads\/Fixateur-des-spores-des-moisissures-KEIM-Mycal-Fix-5L.jpg","contentUrl":"https:\/\/nature-et-developpement.com\/logisain-78\/wp-content\/uploads\/Fixateur-des-spores-des-moisissures-KEIM-Mycal-Fix-5L.jpg"},{"@type":"BreadcrumbList","@id":"https:\/\/nature-et-developpement.com\/logisain-78\/produit\/keim-mycal-fix\/#breadcrumb","itemListElement":[{"@type":"ListItem","position":1,"name":"Accueil","item":"https:\/\/nature-et-developpement.com\/logisain-78\/"},{"@type":"ListItem","position":2,"name":"Produits","item":"https:\/\/nature-et-developpement.com\/logisain-78\/shop\/"},{"@type":"ListItem","position":3,"name":"Peinture, pigment et enduit","item":"https:\/\/nature-et-developpement.com\/logisain-78\/produits\/peinture-et-enduit\/"},{"@type":"ListItem","position":4,"name":"Pr\u00e9paration du support","item":"https:\/\/nature-et-developpement.com\/logisain-78\/produits\/peinture-et-enduit\/preparation-du-support\/"},{"@type":"ListItem","position":5,"name":"Fixateur des moisissures et des spores KEIM Mycal-Fix"}]},{"@type":"WebSite","@id":"https:\/\/nature-et-developpement.com\/logisain-78\/#website","url":"https:\/\/nature-et-developpement.com\/logisain-78\/","name":"LOGISAIN 78 \u2013 Magasin de mat\u00e9riaux biosourc\u00e9s","description":"Logisain 78 est membre du groupement Nature &amp; D\u00e9veloppement","publisher":{"@id":"https:\/\/nature-et-developpement.com\/logisain-78\/#organization"},"potentialAction":[{"@type":"SearchAction","target":{"@type":"EntryPoint","urlTemplate":"https:\/\/nature-et-developpement.com\/logisain-78\/?s={search_term_string}"},"query-input":{"@type":"PropertyValueSpecification","valueRequired":true,"valueName":"search_term_string"}}],"inLanguage":"fr-FR"},{"@type":"Organization","@id":"https:\/\/nature-et-developpement.com\/logisain-78\/#organization","name":"Logisain 78","url":"https:\/\/nature-et-developpement.com\/logisain-78\/","logo":{"@type":"ImageObject","inLanguage":"fr-FR","@id":"https:\/\/nature-et-developpement.com\/logisain-78\/#\/schema\/logo\/image\/","url":"https:\/\/nature-et-developpement.com\/logisain-78\/wp-content\/uploads\/sites\/5\/2021\/08\/logo-logisain.jpg","contentUrl":"https:\/\/nature-et-developpement.com\/logisain-78\/wp-content\/uploads\/sites\/5\/2021\/08\/logo-logisain.jpg","width":672,"height":455,"caption":"Logisain 78"},"image":{"@id":"https:\/\/nature-et-developpement.com\/logisain-78\/#\/schema\/logo\/image\/"}}]}},"distributor_meta":false,"distributor_terms":false,"distributor_media":false,"distributor_original_site_name":"LOGISAIN 78 \u2013 Magasin de mat\u00e9riaux biosourc\u00e9s","distributor_original_site_url":"https:\/\/nature-et-developpement.com\/logisain-78","push-errors":false,"_links":{"self":[{"href":"https:\/\/nature-et-developpement.com\/logisain-78\/wp-json\/wp\/v2\/product\/9806","targetHints":{"allow":["GET"]}}],"collection":[{"href":"https:\/\/nature-et-developpement.com\/logisain-78\/wp-json\/wp\/v2\/product"}],"about":[{"href":"https:\/\/nature-et-developpement.com\/logisain-78\/wp-json\/wp\/v2\/types\/product"}],"wp:featuredmedia":[{"embeddable":true,"href":"https:\/\/nature-et-developpement.com\/logisain-78\/wp-json\/"}],"wp:attachment":[{"href":"https:\/\/nature-et-developpement.com\/logisain-78\/wp-json\/wp\/v2\/media?parent=9806"}],"wp:term":[{"taxonomy":"product_brand","embeddable":true,"href":"https:\/\/nature-et-developpement.com\/logisain-78\/wp-json\/wp\/v2\/product_brand?post=9806"},{"taxonomy":"product_cat","embeddable":true,"href":"https:\/\/nature-et-developpement.com\/logisain-78\/wp-json\/wp\/v2\/product_cat?post=9806"},{"taxonomy":"product_tag","embeddable":true,"href":"https:\/\/nature-et-developpement.com\/logisain-78\/wp-json\/wp\/v2\/product_tag?post=9806"}],"curies":[{"name":"wp","href":"https:\/\/api.w.org\/{rel}","templated":true}]}}