{"id":9823,"date":"2018-10-01T00:00:00","date_gmt":"2018-09-30T22:00:00","guid":{"rendered":"https:\/\/nature-et-developpement.com\/logisain78\/produit\/sous-couche-minerale-dinterieur-keim-ecobase\/"},"modified":"2026-04-30T16:45:06","modified_gmt":"2026-04-30T14:45:06","slug":"keim-ecobase","status":"publish","type":"product","link":"https:\/\/nature-et-developpement.com\/logisain-78\/produit\/keim-ecobase\/","title":{"rendered":"Sous couche min\u00e9rale d&rsquo;int\u00e9rieur KEIM Ecobase"},"content":{"rendered":"<h3 class=\"product-title inverse\">Sous couche min\u00e9rale KEIM Ecobase<\/h3>\n<p>Destin\u00e9e \u00e0 \u00e9galiser les structures et les absorptions de fonds h\u00e9t\u00e9rog\u00e8nes.<\/p>\n<p>KEIM Ecobase permet \u00e9galement une meilleure adh\u00e9rence de la finition KEIM Ecosil-ME sur anciens fonds peints, sur pl\u00e2tre neuf et plaques de pl\u00e2tre.<\/p>\n<p>Recouvrement par une couche de finition KEIM Ecosil-ME.<\/p>\n<p>Sous-couche min\u00e9rale d&rsquo;int\u00e9rieur au silicate de potassium pr\u00eate \u00e0 l&#8217;emploi.<\/p>\n<p>Rel\u00e8ve de la norme NF EN 1300.<\/p>\n<p><strong>Teinte<\/strong><br \/>\nDisponible en blanc<\/p>\n<p><strong>Application<\/strong><br \/>\nPinceau, rouleau, projection Airless<\/p>\n<p><strong>Consommation<\/strong><br \/>\nSur une surface lisse : env. 0,2 L\/m\u00b2 pour 1 couche<\/p>\n<p><strong>Conditionnement<\/strong><br \/>\nSeau plastique de 5 L et 15 L<\/p>\n","protected":false},"excerpt":{"rendered":"<p>Destin\u00e9e \u00e0 \u00e9galiser les structures et les absorptions de fonds h\u00e9t\u00e9rog\u00e8nes, ECOBASE permet \u00e9galement une meilleure adh\u00e9rence de la finition ECOSIL-ME sur anciens fonds peints, sur pl\u00e2tre neuf et plaques de pl\u00e2tre.<\/p>\n<p>Disponible en blanc uniquement.<\/p>\n","protected":false},"featured_media":1000000156291,"template":"","meta":[],"product_brand":[2849],"product_cat":[47,206],"product_tag":[4343],"class_list":{"0":"post-9823","1":"product","2":"type-product","3":"status-publish","4":"has-post-thumbnail","6":"product_brand-keim","7":"product_cat-peinture-et-enduit","8":"product_cat-preparation-du-support","9":"product_tag-keim","10":"product_shipping_class-peintures-accessoires-peintures","12":"first","13":"instock","14":"taxable","15":"shipping-taxable","16":"purchasable","17":"product-type-variable"},"yoast_head":"<!-- This site is optimized with the Yoast SEO plugin v27.5 - https:\/\/yoast.com\/product\/yoast-seo-wordpress\/ -->\n<title>Sous couche min\u00e9rale d&#039;int\u00e9rieur KEIM Ecobase<\/title>\n<meta name=\"description\" content=\"Destin\u00e9e \u00e0 \u00e9galiser les structures et les absorptions de fonds h\u00e9t\u00e9rog\u00e8nes, ECOBASE permet \u00e9galement une meilleure adh\u00e9rence de la finition ECOSIL-ME sur anciens fonds peints, sur pl\u00e2tre neuf et plaques de pl\u00e2tre.  Disponible en blanc uniquement.\" \/>\n<meta name=\"robots\" content=\"noindex, nofollow\" \/>\n<meta property=\"og:locale\" content=\"fr_FR\" \/>\n<meta property=\"og:type\" content=\"article\" \/>\n<meta property=\"og:title\" content=\"Sous couche min\u00e9rale d&#039;int\u00e9rieur KEIM Ecobase\" \/>\n<meta property=\"og:description\" content=\"Destin\u00e9e \u00e0 \u00e9galiser les structures et les absorptions de fonds h\u00e9t\u00e9rog\u00e8nes, ECOBASE permet \u00e9galement une meilleure adh\u00e9rence de la finition ECOSIL-ME sur anciens fonds peints, sur pl\u00e2tre neuf et plaques de pl\u00e2tre.  Disponible en blanc uniquement.\" \/>\n<meta property=\"og:url\" content=\"https:\/\/nature-et-developpement.com\/logisain-78\/produit\/keim-ecobase\/\" \/>\n<meta property=\"og:site_name\" content=\"LOGISAIN 78 \u2013 Magasin de mat\u00e9riaux biosourc\u00e9s\" \/>\n<meta property=\"article:modified_time\" content=\"2026-04-30T14:45:06+00:00\" \/>\n<meta name=\"twitter:card\" content=\"summary_large_image\" \/>\n<script type=\"application\/ld+json\" class=\"yoast-schema-graph\">{\"@context\":\"https:\\\/\\\/schema.org\",\"@graph\":[{\"@type\":\"WebPage\",\"@id\":\"https:\\\/\\\/nature-et-developpement.com\\\/logisain-78\\\/produit\\\/keim-ecobase\\\/\",\"url\":\"https:\\\/\\\/nature-et-developpement.com\\\/logisain-78\\\/produit\\\/keim-ecobase\\\/\",\"name\":\"Sous couche min\u00e9rale d'int\u00e9rieur KEIM Ecobase\",\"isPartOf\":{\"@id\":\"https:\\\/\\\/nature-et-developpement.com\\\/logisain-78\\\/#website\"},\"primaryImageOfPage\":{\"@id\":\"https:\\\/\\\/nature-et-developpement.com\\\/logisain-78\\\/produit\\\/keim-ecobase\\\/#primaryimage\"},\"image\":{\"@id\":\"https:\\\/\\\/nature-et-developpement.com\\\/logisain-78\\\/produit\\\/keim-ecobase\\\/#primaryimage\"},\"thumbnailUrl\":\"https:\\\/\\\/nature-et-developpement.com\\\/logisain-78\\\/wp-content\\\/uploads\\\/Sous-couche-minerale-dinterieur-KEIM-Ecobase-5L-ou-15L.jpg\",\"datePublished\":\"2018-09-30T22:00:00+00:00\",\"dateModified\":\"2026-04-30T14:45:06+00:00\",\"description\":\"Destin\u00e9e \u00e0 \u00e9galiser les structures et les absorptions de fonds h\u00e9t\u00e9rog\u00e8nes, ECOBASE permet \u00e9galement une meilleure adh\u00e9rence de la finition ECOSIL-ME sur anciens fonds peints, sur pl\u00e2tre neuf et plaques de pl\u00e2tre. Disponible en blanc uniquement.\",\"breadcrumb\":{\"@id\":\"https:\\\/\\\/nature-et-developpement.com\\\/logisain-78\\\/produit\\\/keim-ecobase\\\/#breadcrumb\"},\"inLanguage\":\"fr-FR\",\"potentialAction\":[{\"@type\":\"ReadAction\",\"target\":[\"https:\\\/\\\/nature-et-developpement.com\\\/logisain-78\\\/produit\\\/keim-ecobase\\\/\"]}]},{\"@type\":\"ImageObject\",\"inLanguage\":\"fr-FR\",\"@id\":\"https:\\\/\\\/nature-et-developpement.com\\\/logisain-78\\\/produit\\\/keim-ecobase\\\/#primaryimage\",\"url\":\"https:\\\/\\\/nature-et-developpement.com\\\/logisain-78\\\/wp-content\\\/uploads\\\/Sous-couche-minerale-dinterieur-KEIM-Ecobase-5L-ou-15L.jpg\",\"contentUrl\":\"https:\\\/\\\/nature-et-developpement.com\\\/logisain-78\\\/wp-content\\\/uploads\\\/Sous-couche-minerale-dinterieur-KEIM-Ecobase-5L-ou-15L.jpg\"},{\"@type\":\"BreadcrumbList\",\"@id\":\"https:\\\/\\\/nature-et-developpement.com\\\/logisain-78\\\/produit\\\/keim-ecobase\\\/#breadcrumb\",\"itemListElement\":[{\"@type\":\"ListItem\",\"position\":1,\"name\":\"Accueil\",\"item\":\"https:\\\/\\\/nature-et-developpement.com\\\/logisain-78\\\/\"},{\"@type\":\"ListItem\",\"position\":2,\"name\":\"Produits\",\"item\":\"https:\\\/\\\/nature-et-developpement.com\\\/logisain-78\\\/shop\\\/\"},{\"@type\":\"ListItem\",\"position\":3,\"name\":\"Peinture, pigment et enduit\",\"item\":\"https:\\\/\\\/nature-et-developpement.com\\\/logisain-78\\\/produits\\\/peinture-et-enduit\\\/\"},{\"@type\":\"ListItem\",\"position\":4,\"name\":\"Pr\u00e9paration du support\",\"item\":\"https:\\\/\\\/nature-et-developpement.com\\\/logisain-78\\\/produits\\\/peinture-et-enduit\\\/preparation-du-support\\\/\"},{\"@type\":\"ListItem\",\"position\":5,\"name\":\"Sous couche min\u00e9rale d&rsquo;int\u00e9rieur KEIM Ecobase\"}]},{\"@type\":\"WebSite\",\"@id\":\"https:\\\/\\\/nature-et-developpement.com\\\/logisain-78\\\/#website\",\"url\":\"https:\\\/\\\/nature-et-developpement.com\\\/logisain-78\\\/\",\"name\":\"LOGISAIN 78 \u2013 Magasin de mat\u00e9riaux biosourc\u00e9s\",\"description\":\"Logisain 78 est membre du groupement Nature &amp; D\u00e9veloppement\",\"publisher\":{\"@id\":\"https:\\\/\\\/nature-et-developpement.com\\\/logisain-78\\\/#organization\"},\"potentialAction\":[{\"@type\":\"SearchAction\",\"target\":{\"@type\":\"EntryPoint\",\"urlTemplate\":\"https:\\\/\\\/nature-et-developpement.com\\\/logisain-78\\\/?s={search_term_string}\"},\"query-input\":{\"@type\":\"PropertyValueSpecification\",\"valueRequired\":true,\"valueName\":\"search_term_string\"}}],\"inLanguage\":\"fr-FR\"},{\"@type\":\"Organization\",\"@id\":\"https:\\\/\\\/nature-et-developpement.com\\\/logisain-78\\\/#organization\",\"name\":\"Logisain 78\",\"url\":\"https:\\\/\\\/nature-et-developpement.com\\\/logisain-78\\\/\",\"logo\":{\"@type\":\"ImageObject\",\"inLanguage\":\"fr-FR\",\"@id\":\"https:\\\/\\\/nature-et-developpement.com\\\/logisain-78\\\/#\\\/schema\\\/logo\\\/image\\\/\",\"url\":\"https:\\\/\\\/nature-et-developpement.com\\\/logisain-78\\\/wp-content\\\/uploads\\\/sites\\\/5\\\/2021\\\/08\\\/logo-logisain.jpg\",\"contentUrl\":\"https:\\\/\\\/nature-et-developpement.com\\\/logisain-78\\\/wp-content\\\/uploads\\\/sites\\\/5\\\/2021\\\/08\\\/logo-logisain.jpg\",\"width\":672,\"height\":455,\"caption\":\"Logisain 78\"},\"image\":{\"@id\":\"https:\\\/\\\/nature-et-developpement.com\\\/logisain-78\\\/#\\\/schema\\\/logo\\\/image\\\/\"}}]}<\/script>\n<!-- \/ Yoast SEO plugin. -->","yoast_head_json":{"title":"Sous couche min\u00e9rale d'int\u00e9rieur KEIM Ecobase","description":"Destin\u00e9e \u00e0 \u00e9galiser les structures et les absorptions de fonds h\u00e9t\u00e9rog\u00e8nes, ECOBASE permet \u00e9galement une meilleure adh\u00e9rence de la finition ECOSIL-ME sur anciens fonds peints, sur pl\u00e2tre neuf et plaques de pl\u00e2tre.  Disponible en blanc uniquement.","robots":{"index":"noindex","follow":"nofollow"},"og_locale":"fr_FR","og_type":"article","og_title":"Sous couche min\u00e9rale d'int\u00e9rieur KEIM Ecobase","og_description":"Destin\u00e9e \u00e0 \u00e9galiser les structures et les absorptions de fonds h\u00e9t\u00e9rog\u00e8nes, ECOBASE permet \u00e9galement une meilleure adh\u00e9rence de la finition ECOSIL-ME sur anciens fonds peints, sur pl\u00e2tre neuf et plaques de pl\u00e2tre.  Disponible en blanc uniquement.","og_url":"https:\/\/nature-et-developpement.com\/logisain-78\/produit\/keim-ecobase\/","og_site_name":"LOGISAIN 78 \u2013 Magasin de mat\u00e9riaux biosourc\u00e9s","article_modified_time":"2026-04-30T14:45:06+00:00","twitter_card":"summary_large_image","schema":{"@context":"https:\/\/schema.org","@graph":[{"@type":"WebPage","@id":"https:\/\/nature-et-developpement.com\/logisain-78\/produit\/keim-ecobase\/","url":"https:\/\/nature-et-developpement.com\/logisain-78\/produit\/keim-ecobase\/","name":"Sous couche min\u00e9rale d'int\u00e9rieur KEIM Ecobase","isPartOf":{"@id":"https:\/\/nature-et-developpement.com\/logisain-78\/#website"},"primaryImageOfPage":{"@id":"https:\/\/nature-et-developpement.com\/logisain-78\/produit\/keim-ecobase\/#primaryimage"},"image":{"@id":"https:\/\/nature-et-developpement.com\/logisain-78\/produit\/keim-ecobase\/#primaryimage"},"thumbnailUrl":"https:\/\/nature-et-developpement.com\/logisain-78\/wp-content\/uploads\/Sous-couche-minerale-dinterieur-KEIM-Ecobase-5L-ou-15L.jpg","datePublished":"2018-09-30T22:00:00+00:00","dateModified":"2026-04-30T14:45:06+00:00","description":"Destin\u00e9e \u00e0 \u00e9galiser les structures et les absorptions de fonds h\u00e9t\u00e9rog\u00e8nes, ECOBASE permet \u00e9galement une meilleure adh\u00e9rence de la finition ECOSIL-ME sur anciens fonds peints, sur pl\u00e2tre neuf et plaques de pl\u00e2tre. Disponible en blanc uniquement.","breadcrumb":{"@id":"https:\/\/nature-et-developpement.com\/logisain-78\/produit\/keim-ecobase\/#breadcrumb"},"inLanguage":"fr-FR","potentialAction":[{"@type":"ReadAction","target":["https:\/\/nature-et-developpement.com\/logisain-78\/produit\/keim-ecobase\/"]}]},{"@type":"ImageObject","inLanguage":"fr-FR","@id":"https:\/\/nature-et-developpement.com\/logisain-78\/produit\/keim-ecobase\/#primaryimage","url":"https:\/\/nature-et-developpement.com\/logisain-78\/wp-content\/uploads\/Sous-couche-minerale-dinterieur-KEIM-Ecobase-5L-ou-15L.jpg","contentUrl":"https:\/\/nature-et-developpement.com\/logisain-78\/wp-content\/uploads\/Sous-couche-minerale-dinterieur-KEIM-Ecobase-5L-ou-15L.jpg"},{"@type":"BreadcrumbList","@id":"https:\/\/nature-et-developpement.com\/logisain-78\/produit\/keim-ecobase\/#breadcrumb","itemListElement":[{"@type":"ListItem","position":1,"name":"Accueil","item":"https:\/\/nature-et-developpement.com\/logisain-78\/"},{"@type":"ListItem","position":2,"name":"Produits","item":"https:\/\/nature-et-developpement.com\/logisain-78\/shop\/"},{"@type":"ListItem","position":3,"name":"Peinture, pigment et enduit","item":"https:\/\/nature-et-developpement.com\/logisain-78\/produits\/peinture-et-enduit\/"},{"@type":"ListItem","position":4,"name":"Pr\u00e9paration du support","item":"https:\/\/nature-et-developpement.com\/logisain-78\/produits\/peinture-et-enduit\/preparation-du-support\/"},{"@type":"ListItem","position":5,"name":"Sous couche min\u00e9rale d&rsquo;int\u00e9rieur KEIM Ecobase"}]},{"@type":"WebSite","@id":"https:\/\/nature-et-developpement.com\/logisain-78\/#website","url":"https:\/\/nature-et-developpement.com\/logisain-78\/","name":"LOGISAIN 78 \u2013 Magasin de mat\u00e9riaux biosourc\u00e9s","description":"Logisain 78 est membre du groupement Nature &amp; D\u00e9veloppement","publisher":{"@id":"https:\/\/nature-et-developpement.com\/logisain-78\/#organization"},"potentialAction":[{"@type":"SearchAction","target":{"@type":"EntryPoint","urlTemplate":"https:\/\/nature-et-developpement.com\/logisain-78\/?s={search_term_string}"},"query-input":{"@type":"PropertyValueSpecification","valueRequired":true,"valueName":"search_term_string"}}],"inLanguage":"fr-FR"},{"@type":"Organization","@id":"https:\/\/nature-et-developpement.com\/logisain-78\/#organization","name":"Logisain 78","url":"https:\/\/nature-et-developpement.com\/logisain-78\/","logo":{"@type":"ImageObject","inLanguage":"fr-FR","@id":"https:\/\/nature-et-developpement.com\/logisain-78\/#\/schema\/logo\/image\/","url":"https:\/\/nature-et-developpement.com\/logisain-78\/wp-content\/uploads\/sites\/5\/2021\/08\/logo-logisain.jpg","contentUrl":"https:\/\/nature-et-developpement.com\/logisain-78\/wp-content\/uploads\/sites\/5\/2021\/08\/logo-logisain.jpg","width":672,"height":455,"caption":"Logisain 78"},"image":{"@id":"https:\/\/nature-et-developpement.com\/logisain-78\/#\/schema\/logo\/image\/"}}]}},"distributor_meta":false,"distributor_terms":false,"distributor_media":false,"distributor_original_site_name":"LOGISAIN 78 \u2013 Magasin de mat\u00e9riaux biosourc\u00e9s","distributor_original_site_url":"https:\/\/nature-et-developpement.com\/logisain-78","push-errors":false,"_links":{"self":[{"href":"https:\/\/nature-et-developpement.com\/logisain-78\/wp-json\/wp\/v2\/product\/9823","targetHints":{"allow":["GET"]}}],"collection":[{"href":"https:\/\/nature-et-developpement.com\/logisain-78\/wp-json\/wp\/v2\/product"}],"about":[{"href":"https:\/\/nature-et-developpement.com\/logisain-78\/wp-json\/wp\/v2\/types\/product"}],"wp:featuredmedia":[{"embeddable":true,"href":"https:\/\/nature-et-developpement.com\/logisain-78\/wp-json\/"}],"wp:attachment":[{"href":"https:\/\/nature-et-developpement.com\/logisain-78\/wp-json\/wp\/v2\/media?parent=9823"}],"wp:term":[{"taxonomy":"product_brand","embeddable":true,"href":"https:\/\/nature-et-developpement.com\/logisain-78\/wp-json\/wp\/v2\/product_brand?post=9823"},{"taxonomy":"product_cat","embeddable":true,"href":"https:\/\/nature-et-developpement.com\/logisain-78\/wp-json\/wp\/v2\/product_cat?post=9823"},{"taxonomy":"product_tag","embeddable":true,"href":"https:\/\/nature-et-developpement.com\/logisain-78\/wp-json\/wp\/v2\/product_tag?post=9823"}],"curies":[{"name":"wp","href":"https:\/\/api.w.org\/{rel}","templated":true}]}}