{"id":9827,"date":"2018-10-01T00:00:00","date_gmt":"2018-09-30T22:00:00","guid":{"rendered":"https:\/\/nature-et-developpement.com\/logisain78\/produit\/peinture-minerale-dinterieur-depolluante-keim-ecosil-me\/"},"modified":"2026-04-30T16:15:09","modified_gmt":"2026-04-30T14:15:09","slug":"keim-ecosil-me","status":"publish","type":"product","link":"https:\/\/nature-et-developpement.com\/logisain-78\/produit\/keim-ecosil-me\/","title":{"rendered":"Peinture d\u00e9polluante min\u00e9rale d&rsquo;int\u00e9rieur KEIM Ecosil-ME"},"content":{"rendered":"<div class=\"col-lg-12\">\n<h2 class=\"product-title inverse\">Peinture d\u00e9polluante min\u00e9rale KEIM Ecosil-ME<\/h2>\n<\/div>\n<div class=\"col-lg-12 inverse\">\n<p>Gr\u00e2ce \u00e0 ses propri\u00e9t\u00e9s photocatalytiques, KEIM Ecosil-ME contribue \u00e0 l&rsquo;assainissement de l&rsquo;air int\u00e9rieur en d\u00e9truisant polluants et mauvaises odeurs.<\/p>\n<p>Peinture min\u00e9rale d&rsquo;int\u00e9rieur d\u00e9polluante, au silicate de potassium.<\/p>\n<p>Destin\u00e9e aux travaux de d\u00e9coration int\u00e9rieure des locaux sensibles : ERP, \u00e9tablissements scolaires, hospitaliers, bureaux, h\u00f4tels, restaurants, laboratoires, etc.<\/p>\n<p>\u00c0 appliquer en finition sur une couche de fond KEIM Ecobase ou KEIM Intact. \u00c0 diluer avec KEIM Fixatif Sp\u00e9cial.<\/p>\n<p><strong>Adapt\u00e9e\u00a0aux personnes allergiques.<\/strong><\/p>\n<p>Rel\u00e8ve de la norme NF EN 13300.<\/p>\n<\/div>\n<div class=\"col-lg-6 inverse\">\n<p><strong>Teinte<\/strong><br \/>\nDisponible en blanc et dans les teintes du nuancier KEIM Exclusiv.<\/p>\n<p>Les r\u00e9f\u00e9rences de teintes Ecosil-ME ne sont pas disponibles dans les r\u00e9f\u00e9rences des concentr\u00e9s de teintes 9001 \u00e0 9010.<\/p>\n<p>Teintes hors nuancier sur demande.<\/p>\n<p><strong>Application<\/strong><br \/>\nBrosse, rouleau, projection Airless<\/p>\n<\/div>\n<div class=\"col-lg-6 inverse\">\n<p><strong>Consommation<\/strong><br \/>\nEnv. 0,125\u00a0L\/m\u00b2 (hors dilution) pour 1 couche<\/p>\n<p><strong>Conditionnement<\/strong><br \/>\nSeau plastique de 5 L et 12,5 L<\/p>\n<\/div>\n<p><strong>Commande<\/strong><br \/>\nAjoutez le chiffre de la couleur choisie dans la case \u00ab\u00a0Compl\u00e9ments\u00a0\u00bb.<\/p>\n<p><img loading=\"lazy\" decoding=\"async\" class=\" size-full wp-image-108245\" src=\"https:\/\/nature-et-developpement.com\/wp-content\/uploads\/cms\/KEIM\/KEIM-NUANCIER-OPTIL-ECOSIL-ME-MYCAL-TOP-KEIM-NUANCIER-OPTIL-ECOSIL-ME-MYCAL.jpg\" alt=\"KEIM-NUANCIER OPTIL - ECOSIL-ME - MYCAL-\" width=\"558\" height=\"716\" \/><\/p>\n<p>&nbsp;<\/p>\n","protected":false},"excerpt":{"rendered":"<p><strong><a class=\"btn btn-default\" href=\"https:\/\/nature-et-developpement.com\/wp-content\/uploads\/cms\/KEIM\/Spektrum_KEIM.pdf\" target=\"_blank\" rel=\"noopener\"><img loading=\"lazy\" decoding=\"async\" class=\"alignleft wp-image-108482\" src=\"https:\/\/nature-et-developpement.com\/wp-content\/uploads\/cms\/NATURA\/COULEURS_2020-450x450.jpg\" alt=\"\" width=\"30\" height=\"30\" \/><\/a><a href=\"https:\/\/nature-et-developpement.com\/wp-content\/uploads\/Spektrum_KEIM-ND.pdf\" target=\"_blank\" rel=\"noopener\">Choisissez votre couleur<\/a><\/strong><br \/>\n<a href=\"https:\/\/nature-et-developpement.com\/wp-content\/uploads\/Tableau-reference-des-teintes-et-classes-de-prix-Ecosil-ME.pdf\" target=\"_blank\" rel=\"noopener\"><strong>Retrouvez votre classe de prix<\/strong><\/a><\/p>\n<p>*Teintes non disponibles :\u00a0 9001 \u00e0 9010<\/p>\n<p>Peinture min\u00e9rale d&rsquo;int\u00e9rieur d\u00e9polluante, au silicate de potassium.<br \/>\nGr\u00e2ce \u00e0 ses propri\u00e9t\u00e9s photocatalytiques, elle\u00a0contribue \u00e0 l&rsquo;assainissement de l&rsquo;air int\u00e9rieur en d\u00e9truisant polluants et mauvaises odeurs.<br \/>\nDestin\u00e9e aux travaux de d\u00e9coration int\u00e9rieure des locaux sensibles : ERP, \u00e9tablissements scolaires, bureaux, restaurants\u2026<\/p>\n<p><span style=\"color: #0098a1\"><strong>Adapt\u00e9s aux personnes allergiques.<\/strong><\/span><\/p>\n","protected":false},"featured_media":1000000201207,"template":"","meta":[],"product_brand":[2849],"product_cat":[108],"product_tag":[4058],"class_list":{"0":"post-9827","1":"product","2":"type-product","3":"status-publish","4":"has-post-thumbnail","6":"product_brand-keim","7":"product_cat-peinture-ecologique","8":"product_tag-peinture","9":"product_shipping_class-peintures-accessoires-peintures","11":"first","12":"instock","13":"taxable","14":"shipping-taxable","15":"purchasable","16":"product-type-variable"},"yoast_head":"<!-- This site is optimized with the Yoast SEO plugin v27.5 - https:\/\/yoast.com\/product\/yoast-seo-wordpress\/ -->\n<title>Peinture d\u00e9polluante min\u00e9rale d&#039;int\u00e9rieur KEIM Ecosil-ME<\/title>\n<meta name=\"description\" content=\"Choisissez votre couleur Retrouvez votre classe de prix  *Teintes non disponibles :\u00a0 9001 \u00e0 9010  Peinture min\u00e9rale d&#039;int\u00e9rieur d\u00e9polluante, au silicate de potassium. Gr\u00e2ce \u00e0 ses propri\u00e9t\u00e9s photocatalytiques, elle\u00a0contribue \u00e0 l&#039;assainissement de l&#039;air int\u00e9rieur en d\u00e9truisant polluants et mauvaises odeurs. Destin\u00e9e aux travaux de d\u00e9coration int\u00e9rieure des locaux sensibles : ERP, \u00e9tablissements scolaires, bureaux, restaurants\u2026  Adapt\u00e9s aux personnes allergiques.\" \/>\n<meta name=\"robots\" content=\"noindex, nofollow\" \/>\n<meta property=\"og:locale\" content=\"fr_FR\" \/>\n<meta property=\"og:type\" content=\"article\" \/>\n<meta property=\"og:title\" content=\"Peinture d\u00e9polluante min\u00e9rale d&#039;int\u00e9rieur KEIM Ecosil-ME\" \/>\n<meta property=\"og:description\" content=\"Choisissez votre couleur Retrouvez votre classe de prix  *Teintes non disponibles :\u00a0 9001 \u00e0 9010  Peinture min\u00e9rale d&#039;int\u00e9rieur d\u00e9polluante, au silicate de potassium. Gr\u00e2ce \u00e0 ses propri\u00e9t\u00e9s photocatalytiques, elle\u00a0contribue \u00e0 l&#039;assainissement de l&#039;air int\u00e9rieur en d\u00e9truisant polluants et mauvaises odeurs. Destin\u00e9e aux travaux de d\u00e9coration int\u00e9rieure des locaux sensibles : ERP, \u00e9tablissements scolaires, bureaux, restaurants\u2026  Adapt\u00e9s aux personnes allergiques.\" \/>\n<meta property=\"og:url\" content=\"https:\/\/nature-et-developpement.com\/logisain-78\/produit\/keim-ecosil-me\/\" \/>\n<meta property=\"og:site_name\" content=\"LOGISAIN 78 \u2013 Magasin de mat\u00e9riaux biosourc\u00e9s\" \/>\n<meta property=\"article:modified_time\" content=\"2026-04-30T14:15:09+00:00\" \/>\n<meta name=\"twitter:card\" content=\"summary_large_image\" \/>\n<meta name=\"twitter:label1\" content=\"Dur\u00e9e de lecture estim\u00e9e\" \/>\n\t<meta name=\"twitter:data1\" content=\"1 minute\" \/>\n<script type=\"application\/ld+json\" class=\"yoast-schema-graph\">{\"@context\":\"https:\\\/\\\/schema.org\",\"@graph\":[{\"@type\":\"WebPage\",\"@id\":\"https:\\\/\\\/nature-et-developpement.com\\\/logisain-78\\\/produit\\\/keim-ecosil-me\\\/\",\"url\":\"https:\\\/\\\/nature-et-developpement.com\\\/logisain-78\\\/produit\\\/keim-ecosil-me\\\/\",\"name\":\"Peinture d\u00e9polluante min\u00e9rale d'int\u00e9rieur KEIM Ecosil-ME\",\"isPartOf\":{\"@id\":\"https:\\\/\\\/nature-et-developpement.com\\\/logisain-78\\\/#website\"},\"primaryImageOfPage\":{\"@id\":\"https:\\\/\\\/nature-et-developpement.com\\\/logisain-78\\\/produit\\\/keim-ecosil-me\\\/#primaryimage\"},\"image\":{\"@id\":\"https:\\\/\\\/nature-et-developpement.com\\\/logisain-78\\\/produit\\\/keim-ecosil-me\\\/#primaryimage\"},\"thumbnailUrl\":\"https:\\\/\\\/nature-et-developpement.com\\\/logisain-78\\\/wp-content\\\/uploads\\\/Peinture-depolluante-minerale-dinterieur-KEIM-Ecosil-ME-12-5L.jpg\",\"datePublished\":\"2018-09-30T22:00:00+00:00\",\"dateModified\":\"2026-04-30T14:15:09+00:00\",\"description\":\"Choisissez votre couleur Retrouvez votre classe de prix *Teintes non disponibles :\u00a0 9001 \u00e0 9010 Peinture min\u00e9rale d'int\u00e9rieur d\u00e9polluante, au silicate de potassium. Gr\u00e2ce \u00e0 ses propri\u00e9t\u00e9s photocatalytiques, elle\u00a0contribue \u00e0 l'assainissement de l'air int\u00e9rieur en d\u00e9truisant polluants et mauvaises odeurs. Destin\u00e9e aux travaux de d\u00e9coration int\u00e9rieure des locaux sensibles : ERP, \u00e9tablissements scolaires, bureaux, restaurants\u2026 Adapt\u00e9s aux personnes allergiques.\",\"breadcrumb\":{\"@id\":\"https:\\\/\\\/nature-et-developpement.com\\\/logisain-78\\\/produit\\\/keim-ecosil-me\\\/#breadcrumb\"},\"inLanguage\":\"fr-FR\",\"potentialAction\":[{\"@type\":\"ReadAction\",\"target\":[\"https:\\\/\\\/nature-et-developpement.com\\\/logisain-78\\\/produit\\\/keim-ecosil-me\\\/\"]}]},{\"@type\":\"ImageObject\",\"inLanguage\":\"fr-FR\",\"@id\":\"https:\\\/\\\/nature-et-developpement.com\\\/logisain-78\\\/produit\\\/keim-ecosil-me\\\/#primaryimage\",\"url\":\"https:\\\/\\\/nature-et-developpement.com\\\/logisain-78\\\/wp-content\\\/uploads\\\/Peinture-depolluante-minerale-dinterieur-KEIM-Ecosil-ME-12-5L.jpg\",\"contentUrl\":\"https:\\\/\\\/nature-et-developpement.com\\\/logisain-78\\\/wp-content\\\/uploads\\\/Peinture-depolluante-minerale-dinterieur-KEIM-Ecosil-ME-12-5L.jpg\"},{\"@type\":\"BreadcrumbList\",\"@id\":\"https:\\\/\\\/nature-et-developpement.com\\\/logisain-78\\\/produit\\\/keim-ecosil-me\\\/#breadcrumb\",\"itemListElement\":[{\"@type\":\"ListItem\",\"position\":1,\"name\":\"Accueil\",\"item\":\"https:\\\/\\\/nature-et-developpement.com\\\/logisain-78\\\/\"},{\"@type\":\"ListItem\",\"position\":2,\"name\":\"Produits\",\"item\":\"https:\\\/\\\/nature-et-developpement.com\\\/logisain-78\\\/shop\\\/\"},{\"@type\":\"ListItem\",\"position\":3,\"name\":\"Peinture, pigment et enduit\",\"item\":\"https:\\\/\\\/nature-et-developpement.com\\\/logisain-78\\\/produits\\\/peinture-et-enduit\\\/\"},{\"@type\":\"ListItem\",\"position\":4,\"name\":\"Peintures\",\"item\":\"https:\\\/\\\/nature-et-developpement.com\\\/logisain-78\\\/produits\\\/peinture-et-enduit\\\/peinture-ecologique\\\/\"},{\"@type\":\"ListItem\",\"position\":5,\"name\":\"Peinture d\u00e9polluante min\u00e9rale d&rsquo;int\u00e9rieur KEIM Ecosil-ME\"}]},{\"@type\":\"WebSite\",\"@id\":\"https:\\\/\\\/nature-et-developpement.com\\\/logisain-78\\\/#website\",\"url\":\"https:\\\/\\\/nature-et-developpement.com\\\/logisain-78\\\/\",\"name\":\"LOGISAIN 78 \u2013 Magasin de mat\u00e9riaux biosourc\u00e9s\",\"description\":\"Logisain 78 est membre du groupement Nature &amp; D\u00e9veloppement\",\"publisher\":{\"@id\":\"https:\\\/\\\/nature-et-developpement.com\\\/logisain-78\\\/#organization\"},\"potentialAction\":[{\"@type\":\"SearchAction\",\"target\":{\"@type\":\"EntryPoint\",\"urlTemplate\":\"https:\\\/\\\/nature-et-developpement.com\\\/logisain-78\\\/?s={search_term_string}\"},\"query-input\":{\"@type\":\"PropertyValueSpecification\",\"valueRequired\":true,\"valueName\":\"search_term_string\"}}],\"inLanguage\":\"fr-FR\"},{\"@type\":\"Organization\",\"@id\":\"https:\\\/\\\/nature-et-developpement.com\\\/logisain-78\\\/#organization\",\"name\":\"Logisain 78\",\"url\":\"https:\\\/\\\/nature-et-developpement.com\\\/logisain-78\\\/\",\"logo\":{\"@type\":\"ImageObject\",\"inLanguage\":\"fr-FR\",\"@id\":\"https:\\\/\\\/nature-et-developpement.com\\\/logisain-78\\\/#\\\/schema\\\/logo\\\/image\\\/\",\"url\":\"https:\\\/\\\/nature-et-developpement.com\\\/logisain-78\\\/wp-content\\\/uploads\\\/sites\\\/5\\\/2021\\\/08\\\/logo-logisain.jpg\",\"contentUrl\":\"https:\\\/\\\/nature-et-developpement.com\\\/logisain-78\\\/wp-content\\\/uploads\\\/sites\\\/5\\\/2021\\\/08\\\/logo-logisain.jpg\",\"width\":672,\"height\":455,\"caption\":\"Logisain 78\"},\"image\":{\"@id\":\"https:\\\/\\\/nature-et-developpement.com\\\/logisain-78\\\/#\\\/schema\\\/logo\\\/image\\\/\"}}]}<\/script>\n<!-- \/ Yoast SEO plugin. -->","yoast_head_json":{"title":"Peinture d\u00e9polluante min\u00e9rale d'int\u00e9rieur KEIM Ecosil-ME","description":"Choisissez votre couleur Retrouvez votre classe de prix  *Teintes non disponibles :\u00a0 9001 \u00e0 9010  Peinture min\u00e9rale d'int\u00e9rieur d\u00e9polluante, au silicate de potassium. Gr\u00e2ce \u00e0 ses propri\u00e9t\u00e9s photocatalytiques, elle\u00a0contribue \u00e0 l'assainissement de l'air int\u00e9rieur en d\u00e9truisant polluants et mauvaises odeurs. Destin\u00e9e aux travaux de d\u00e9coration int\u00e9rieure des locaux sensibles : ERP, \u00e9tablissements scolaires, bureaux, restaurants\u2026  Adapt\u00e9s aux personnes allergiques.","robots":{"index":"noindex","follow":"nofollow"},"og_locale":"fr_FR","og_type":"article","og_title":"Peinture d\u00e9polluante min\u00e9rale d'int\u00e9rieur KEIM Ecosil-ME","og_description":"Choisissez votre couleur Retrouvez votre classe de prix  *Teintes non disponibles :\u00a0 9001 \u00e0 9010  Peinture min\u00e9rale d'int\u00e9rieur d\u00e9polluante, au silicate de potassium. Gr\u00e2ce \u00e0 ses propri\u00e9t\u00e9s photocatalytiques, elle\u00a0contribue \u00e0 l'assainissement de l'air int\u00e9rieur en d\u00e9truisant polluants et mauvaises odeurs. Destin\u00e9e aux travaux de d\u00e9coration int\u00e9rieure des locaux sensibles : ERP, \u00e9tablissements scolaires, bureaux, restaurants\u2026  Adapt\u00e9s aux personnes allergiques.","og_url":"https:\/\/nature-et-developpement.com\/logisain-78\/produit\/keim-ecosil-me\/","og_site_name":"LOGISAIN 78 \u2013 Magasin de mat\u00e9riaux biosourc\u00e9s","article_modified_time":"2026-04-30T14:15:09+00:00","twitter_card":"summary_large_image","twitter_misc":{"Dur\u00e9e de lecture estim\u00e9e":"1 minute"},"schema":{"@context":"https:\/\/schema.org","@graph":[{"@type":"WebPage","@id":"https:\/\/nature-et-developpement.com\/logisain-78\/produit\/keim-ecosil-me\/","url":"https:\/\/nature-et-developpement.com\/logisain-78\/produit\/keim-ecosil-me\/","name":"Peinture d\u00e9polluante min\u00e9rale d'int\u00e9rieur KEIM Ecosil-ME","isPartOf":{"@id":"https:\/\/nature-et-developpement.com\/logisain-78\/#website"},"primaryImageOfPage":{"@id":"https:\/\/nature-et-developpement.com\/logisain-78\/produit\/keim-ecosil-me\/#primaryimage"},"image":{"@id":"https:\/\/nature-et-developpement.com\/logisain-78\/produit\/keim-ecosil-me\/#primaryimage"},"thumbnailUrl":"https:\/\/nature-et-developpement.com\/logisain-78\/wp-content\/uploads\/Peinture-depolluante-minerale-dinterieur-KEIM-Ecosil-ME-12-5L.jpg","datePublished":"2018-09-30T22:00:00+00:00","dateModified":"2026-04-30T14:15:09+00:00","description":"Choisissez votre couleur Retrouvez votre classe de prix *Teintes non disponibles :\u00a0 9001 \u00e0 9010 Peinture min\u00e9rale d'int\u00e9rieur d\u00e9polluante, au silicate de potassium. Gr\u00e2ce \u00e0 ses propri\u00e9t\u00e9s photocatalytiques, elle\u00a0contribue \u00e0 l'assainissement de l'air int\u00e9rieur en d\u00e9truisant polluants et mauvaises odeurs. Destin\u00e9e aux travaux de d\u00e9coration int\u00e9rieure des locaux sensibles : ERP, \u00e9tablissements scolaires, bureaux, restaurants\u2026 Adapt\u00e9s aux personnes allergiques.","breadcrumb":{"@id":"https:\/\/nature-et-developpement.com\/logisain-78\/produit\/keim-ecosil-me\/#breadcrumb"},"inLanguage":"fr-FR","potentialAction":[{"@type":"ReadAction","target":["https:\/\/nature-et-developpement.com\/logisain-78\/produit\/keim-ecosil-me\/"]}]},{"@type":"ImageObject","inLanguage":"fr-FR","@id":"https:\/\/nature-et-developpement.com\/logisain-78\/produit\/keim-ecosil-me\/#primaryimage","url":"https:\/\/nature-et-developpement.com\/logisain-78\/wp-content\/uploads\/Peinture-depolluante-minerale-dinterieur-KEIM-Ecosil-ME-12-5L.jpg","contentUrl":"https:\/\/nature-et-developpement.com\/logisain-78\/wp-content\/uploads\/Peinture-depolluante-minerale-dinterieur-KEIM-Ecosil-ME-12-5L.jpg"},{"@type":"BreadcrumbList","@id":"https:\/\/nature-et-developpement.com\/logisain-78\/produit\/keim-ecosil-me\/#breadcrumb","itemListElement":[{"@type":"ListItem","position":1,"name":"Accueil","item":"https:\/\/nature-et-developpement.com\/logisain-78\/"},{"@type":"ListItem","position":2,"name":"Produits","item":"https:\/\/nature-et-developpement.com\/logisain-78\/shop\/"},{"@type":"ListItem","position":3,"name":"Peinture, pigment et enduit","item":"https:\/\/nature-et-developpement.com\/logisain-78\/produits\/peinture-et-enduit\/"},{"@type":"ListItem","position":4,"name":"Peintures","item":"https:\/\/nature-et-developpement.com\/logisain-78\/produits\/peinture-et-enduit\/peinture-ecologique\/"},{"@type":"ListItem","position":5,"name":"Peinture d\u00e9polluante min\u00e9rale d&rsquo;int\u00e9rieur KEIM Ecosil-ME"}]},{"@type":"WebSite","@id":"https:\/\/nature-et-developpement.com\/logisain-78\/#website","url":"https:\/\/nature-et-developpement.com\/logisain-78\/","name":"LOGISAIN 78 \u2013 Magasin de mat\u00e9riaux biosourc\u00e9s","description":"Logisain 78 est membre du groupement Nature &amp; D\u00e9veloppement","publisher":{"@id":"https:\/\/nature-et-developpement.com\/logisain-78\/#organization"},"potentialAction":[{"@type":"SearchAction","target":{"@type":"EntryPoint","urlTemplate":"https:\/\/nature-et-developpement.com\/logisain-78\/?s={search_term_string}"},"query-input":{"@type":"PropertyValueSpecification","valueRequired":true,"valueName":"search_term_string"}}],"inLanguage":"fr-FR"},{"@type":"Organization","@id":"https:\/\/nature-et-developpement.com\/logisain-78\/#organization","name":"Logisain 78","url":"https:\/\/nature-et-developpement.com\/logisain-78\/","logo":{"@type":"ImageObject","inLanguage":"fr-FR","@id":"https:\/\/nature-et-developpement.com\/logisain-78\/#\/schema\/logo\/image\/","url":"https:\/\/nature-et-developpement.com\/logisain-78\/wp-content\/uploads\/sites\/5\/2021\/08\/logo-logisain.jpg","contentUrl":"https:\/\/nature-et-developpement.com\/logisain-78\/wp-content\/uploads\/sites\/5\/2021\/08\/logo-logisain.jpg","width":672,"height":455,"caption":"Logisain 78"},"image":{"@id":"https:\/\/nature-et-developpement.com\/logisain-78\/#\/schema\/logo\/image\/"}}]}},"distributor_meta":false,"distributor_terms":false,"distributor_media":false,"distributor_original_site_name":"LOGISAIN 78 \u2013 Magasin de mat\u00e9riaux biosourc\u00e9s","distributor_original_site_url":"https:\/\/nature-et-developpement.com\/logisain-78","push-errors":false,"_links":{"self":[{"href":"https:\/\/nature-et-developpement.com\/logisain-78\/wp-json\/wp\/v2\/product\/9827","targetHints":{"allow":["GET"]}}],"collection":[{"href":"https:\/\/nature-et-developpement.com\/logisain-78\/wp-json\/wp\/v2\/product"}],"about":[{"href":"https:\/\/nature-et-developpement.com\/logisain-78\/wp-json\/wp\/v2\/types\/product"}],"wp:featuredmedia":[{"embeddable":true,"href":"https:\/\/nature-et-developpement.com\/logisain-78\/wp-json\/"}],"wp:attachment":[{"href":"https:\/\/nature-et-developpement.com\/logisain-78\/wp-json\/wp\/v2\/media?parent=9827"}],"wp:term":[{"taxonomy":"product_brand","embeddable":true,"href":"https:\/\/nature-et-developpement.com\/logisain-78\/wp-json\/wp\/v2\/product_brand?post=9827"},{"taxonomy":"product_cat","embeddable":true,"href":"https:\/\/nature-et-developpement.com\/logisain-78\/wp-json\/wp\/v2\/product_cat?post=9827"},{"taxonomy":"product_tag","embeddable":true,"href":"https:\/\/nature-et-developpement.com\/logisain-78\/wp-json\/wp\/v2\/product_tag?post=9827"}],"curies":[{"name":"wp","href":"https:\/\/api.w.org\/{rel}","templated":true}]}}