{"id":10901,"date":"2023-06-22T09:57:09","date_gmt":"2023-06-22T07:57:09","guid":{"rendered":"https:\/\/nature-et-developpement.com\/macabane-materiaux\/produit\/manchon-anti-goutte-180mm-extra-long-meche-24mm\/"},"modified":"2026-01-06T12:26:18","modified_gmt":"2026-01-06T11:26:18","slug":"manchon-anti-goutte-180mm-extra-long-meche-24mm","status":"publish","type":"product","link":"https:\/\/nature-et-developpement.com\/macabane-materiaux\/produit\/manchon-anti-goutte-180mm-extra-long-meche-24mm\/","title":{"rendered":"Manchon anti-goutte 180mm extra long m\u00e9ch\u00e9 24mm OCAI sp\u00e9cial peinture fa\u00e7ade"},"content":{"rendered":"","protected":false},"excerpt":{"rendered":"<p>Manchon en polyamide tiss\u00e9 soud\u00e9 m\u00e9ch\u00e9 card\u00e9 24 mm, montage par thermofusion et bords biseaut\u00e9s.<\/p>\n<p>Pour surfaces tr\u00e8s irr\u00e9guli\u00e8res, il \u00e9pouse parfaitement les formes du support et p\u00e9n\u00e8tre tr\u00e8s efficacement au fond des reliefs.<\/p>\n<p>OCAI 251318<\/p>\n","protected":false},"featured_media":1000000169490,"template":"","meta":[],"product_brand":[171],"product_cat":[95,2495],"product_tag":[1843],"class_list":{"0":"post-10901","1":"product","2":"type-product","3":"status-publish","4":"has-post-thumbnail","6":"product_brand-ocai","7":"product_cat-outillage","8":"product_cat-outillage-peinture-et-enduit","9":"product_tag-peinture","10":"product_shipping_class-petit-equipement-outil-eclairage","12":"first","13":"instock","14":"taxable","15":"shipping-taxable","16":"purchasable","17":"product-type-simple"},"yoast_head":"<!-- This site is optimized with the Yoast SEO plugin v27.5 - https:\/\/yoast.com\/product\/yoast-seo-wordpress\/ -->\n<title>Manchon anti-goutte extra long m\u00e9ch\u00e9 24mm sp\u00e9cial peinture fa\u00e7ade<\/title>\n<meta name=\"description\" content=\"Manchon en polyamide tiss\u00e9 soud\u00e9 m\u00e9ch\u00e9 card\u00e9 24 mm, montage par thermofusion et bords biseaut\u00e9s.  Pour surfaces tr\u00e8s irr\u00e9guli\u00e8res, il \u00e9pouse parfaitement les formes du support et p\u00e9n\u00e8tre tr\u00e8s efficacement au fond des reliefs.  OCAI 251318\" \/>\n<meta name=\"robots\" content=\"noindex, nofollow\" \/>\n<meta property=\"og:locale\" content=\"fr_FR\" \/>\n<meta property=\"og:type\" content=\"article\" \/>\n<meta property=\"og:title\" content=\"Manchon anti-goutte extra long m\u00e9ch\u00e9 24mm sp\u00e9cial peinture fa\u00e7ade\" \/>\n<meta property=\"og:description\" content=\"Manchon en polyamide tiss\u00e9 soud\u00e9 m\u00e9ch\u00e9 card\u00e9 24 mm, montage par thermofusion et bords biseaut\u00e9s.  Pour surfaces tr\u00e8s irr\u00e9guli\u00e8res, il \u00e9pouse parfaitement les formes du support et p\u00e9n\u00e8tre tr\u00e8s efficacement au fond des reliefs.  OCAI 251318\" \/>\n<meta property=\"og:url\" content=\"https:\/\/nature-et-developpement.com\/macabane-materiaux\/produit\/manchon-anti-goutte-180mm-extra-long-meche-24mm\/\" \/>\n<meta property=\"og:site_name\" content=\"Ma Cabane mat\u00e9riaux naturels\" \/>\n<meta property=\"article:modified_time\" content=\"2026-01-06T11:26:18+00:00\" \/>\n<meta name=\"twitter:card\" content=\"summary_large_image\" \/>\n<script type=\"application\/ld+json\" class=\"yoast-schema-graph\">{\"@context\":\"https:\\\/\\\/schema.org\",\"@graph\":[{\"@type\":\"WebPage\",\"@id\":\"https:\\\/\\\/nature-et-developpement.com\\\/macabane-materiaux\\\/produit\\\/manchon-anti-goutte-180mm-extra-long-meche-24mm\\\/\",\"url\":\"https:\\\/\\\/nature-et-developpement.com\\\/macabane-materiaux\\\/produit\\\/manchon-anti-goutte-180mm-extra-long-meche-24mm\\\/\",\"name\":\"Manchon anti-goutte extra long m\u00e9ch\u00e9 24mm sp\u00e9cial peinture fa\u00e7ade\",\"isPartOf\":{\"@id\":\"https:\\\/\\\/nature-et-developpement.com\\\/macabane-materiaux\\\/#website\"},\"primaryImageOfPage\":{\"@id\":\"https:\\\/\\\/nature-et-developpement.com\\\/macabane-materiaux\\\/produit\\\/manchon-anti-goutte-180mm-extra-long-meche-24mm\\\/#primaryimage\"},\"image\":{\"@id\":\"https:\\\/\\\/nature-et-developpement.com\\\/macabane-materiaux\\\/produit\\\/manchon-anti-goutte-180mm-extra-long-meche-24mm\\\/#primaryimage\"},\"thumbnailUrl\":\"https:\\\/\\\/nature-et-developpement.com\\\/macabane-materiaux\\\/wp-content\\\/uploads\\\/Manchon-anti-goutte-180mm-extra-long-meche-24mm-251318-OCAI.jpg\",\"datePublished\":\"2023-06-22T07:57:09+00:00\",\"dateModified\":\"2026-01-06T11:26:18+00:00\",\"description\":\"Manchon en polyamide tiss\u00e9 soud\u00e9 m\u00e9ch\u00e9 card\u00e9 24 mm, montage par thermofusion et bords biseaut\u00e9s. Pour surfaces tr\u00e8s irr\u00e9guli\u00e8res, il \u00e9pouse parfaitement les formes du support et p\u00e9n\u00e8tre tr\u00e8s efficacement au fond des reliefs. OCAI 251318\",\"breadcrumb\":{\"@id\":\"https:\\\/\\\/nature-et-developpement.com\\\/macabane-materiaux\\\/produit\\\/manchon-anti-goutte-180mm-extra-long-meche-24mm\\\/#breadcrumb\"},\"inLanguage\":\"fr-FR\",\"potentialAction\":[{\"@type\":\"ReadAction\",\"target\":[\"https:\\\/\\\/nature-et-developpement.com\\\/macabane-materiaux\\\/produit\\\/manchon-anti-goutte-180mm-extra-long-meche-24mm\\\/\"]}]},{\"@type\":\"ImageObject\",\"inLanguage\":\"fr-FR\",\"@id\":\"https:\\\/\\\/nature-et-developpement.com\\\/macabane-materiaux\\\/produit\\\/manchon-anti-goutte-180mm-extra-long-meche-24mm\\\/#primaryimage\",\"url\":\"https:\\\/\\\/nature-et-developpement.com\\\/macabane-materiaux\\\/wp-content\\\/uploads\\\/Manchon-anti-goutte-180mm-extra-long-meche-24mm-251318-OCAI.jpg\",\"contentUrl\":\"https:\\\/\\\/nature-et-developpement.com\\\/macabane-materiaux\\\/wp-content\\\/uploads\\\/Manchon-anti-goutte-180mm-extra-long-meche-24mm-251318-OCAI.jpg\"},{\"@type\":\"BreadcrumbList\",\"@id\":\"https:\\\/\\\/nature-et-developpement.com\\\/macabane-materiaux\\\/produit\\\/manchon-anti-goutte-180mm-extra-long-meche-24mm\\\/#breadcrumb\",\"itemListElement\":[{\"@type\":\"ListItem\",\"position\":1,\"name\":\"Accueil\",\"item\":\"https:\\\/\\\/nature-et-developpement.com\\\/macabane-materiaux\\\/\"},{\"@type\":\"ListItem\",\"position\":2,\"name\":\"Boutique\",\"item\":\"https:\\\/\\\/nature-et-developpement.com\\\/macabane-materiaux\\\/boutique\\\/\"},{\"@type\":\"ListItem\",\"position\":3,\"name\":\"Peinture, pigment et enduit\",\"item\":\"https:\\\/\\\/nature-et-developpement.com\\\/macabane-materiaux\\\/produits\\\/peinture-et-enduit\\\/\"},{\"@type\":\"ListItem\",\"position\":4,\"name\":\"Outillage peinture et enduit\",\"item\":\"https:\\\/\\\/nature-et-developpement.com\\\/macabane-materiaux\\\/produits\\\/peinture-et-enduit\\\/outillage-peinture-et-enduit\\\/\"},{\"@type\":\"ListItem\",\"position\":5,\"name\":\"Manchon anti-goutte 180mm extra long m\u00e9ch\u00e9 24mm OCAI sp\u00e9cial peinture fa\u00e7ade\"}]},{\"@type\":\"WebSite\",\"@id\":\"https:\\\/\\\/nature-et-developpement.com\\\/macabane-materiaux\\\/#website\",\"url\":\"https:\\\/\\\/nature-et-developpement.com\\\/macabane-materiaux\\\/\",\"name\":\"Ma Cabane mat\u00e9riaux naturels\",\"description\":\"Ma Cabane est membre du groupement Nature &amp; D\u00e9veloppement\",\"potentialAction\":[{\"@type\":\"SearchAction\",\"target\":{\"@type\":\"EntryPoint\",\"urlTemplate\":\"https:\\\/\\\/nature-et-developpement.com\\\/macabane-materiaux\\\/?s={search_term_string}\"},\"query-input\":{\"@type\":\"PropertyValueSpecification\",\"valueRequired\":true,\"valueName\":\"search_term_string\"}}],\"inLanguage\":\"fr-FR\"}]}<\/script>\n<!-- \/ Yoast SEO plugin. -->","yoast_head_json":{"title":"Manchon anti-goutte extra long m\u00e9ch\u00e9 24mm sp\u00e9cial peinture fa\u00e7ade","description":"Manchon en polyamide tiss\u00e9 soud\u00e9 m\u00e9ch\u00e9 card\u00e9 24 mm, montage par thermofusion et bords biseaut\u00e9s.  Pour surfaces tr\u00e8s irr\u00e9guli\u00e8res, il \u00e9pouse parfaitement les formes du support et p\u00e9n\u00e8tre tr\u00e8s efficacement au fond des reliefs.  OCAI 251318","robots":{"index":"noindex","follow":"nofollow"},"og_locale":"fr_FR","og_type":"article","og_title":"Manchon anti-goutte extra long m\u00e9ch\u00e9 24mm sp\u00e9cial peinture fa\u00e7ade","og_description":"Manchon en polyamide tiss\u00e9 soud\u00e9 m\u00e9ch\u00e9 card\u00e9 24 mm, montage par thermofusion et bords biseaut\u00e9s.  Pour surfaces tr\u00e8s irr\u00e9guli\u00e8res, il \u00e9pouse parfaitement les formes du support et p\u00e9n\u00e8tre tr\u00e8s efficacement au fond des reliefs.  OCAI 251318","og_url":"https:\/\/nature-et-developpement.com\/macabane-materiaux\/produit\/manchon-anti-goutte-180mm-extra-long-meche-24mm\/","og_site_name":"Ma Cabane mat\u00e9riaux naturels","article_modified_time":"2026-01-06T11:26:18+00:00","twitter_card":"summary_large_image","schema":{"@context":"https:\/\/schema.org","@graph":[{"@type":"WebPage","@id":"https:\/\/nature-et-developpement.com\/macabane-materiaux\/produit\/manchon-anti-goutte-180mm-extra-long-meche-24mm\/","url":"https:\/\/nature-et-developpement.com\/macabane-materiaux\/produit\/manchon-anti-goutte-180mm-extra-long-meche-24mm\/","name":"Manchon anti-goutte extra long m\u00e9ch\u00e9 24mm sp\u00e9cial peinture fa\u00e7ade","isPartOf":{"@id":"https:\/\/nature-et-developpement.com\/macabane-materiaux\/#website"},"primaryImageOfPage":{"@id":"https:\/\/nature-et-developpement.com\/macabane-materiaux\/produit\/manchon-anti-goutte-180mm-extra-long-meche-24mm\/#primaryimage"},"image":{"@id":"https:\/\/nature-et-developpement.com\/macabane-materiaux\/produit\/manchon-anti-goutte-180mm-extra-long-meche-24mm\/#primaryimage"},"thumbnailUrl":"https:\/\/nature-et-developpement.com\/macabane-materiaux\/wp-content\/uploads\/Manchon-anti-goutte-180mm-extra-long-meche-24mm-251318-OCAI.jpg","datePublished":"2023-06-22T07:57:09+00:00","dateModified":"2026-01-06T11:26:18+00:00","description":"Manchon en polyamide tiss\u00e9 soud\u00e9 m\u00e9ch\u00e9 card\u00e9 24 mm, montage par thermofusion et bords biseaut\u00e9s. Pour surfaces tr\u00e8s irr\u00e9guli\u00e8res, il \u00e9pouse parfaitement les formes du support et p\u00e9n\u00e8tre tr\u00e8s efficacement au fond des reliefs. OCAI 251318","breadcrumb":{"@id":"https:\/\/nature-et-developpement.com\/macabane-materiaux\/produit\/manchon-anti-goutte-180mm-extra-long-meche-24mm\/#breadcrumb"},"inLanguage":"fr-FR","potentialAction":[{"@type":"ReadAction","target":["https:\/\/nature-et-developpement.com\/macabane-materiaux\/produit\/manchon-anti-goutte-180mm-extra-long-meche-24mm\/"]}]},{"@type":"ImageObject","inLanguage":"fr-FR","@id":"https:\/\/nature-et-developpement.com\/macabane-materiaux\/produit\/manchon-anti-goutte-180mm-extra-long-meche-24mm\/#primaryimage","url":"https:\/\/nature-et-developpement.com\/macabane-materiaux\/wp-content\/uploads\/Manchon-anti-goutte-180mm-extra-long-meche-24mm-251318-OCAI.jpg","contentUrl":"https:\/\/nature-et-developpement.com\/macabane-materiaux\/wp-content\/uploads\/Manchon-anti-goutte-180mm-extra-long-meche-24mm-251318-OCAI.jpg"},{"@type":"BreadcrumbList","@id":"https:\/\/nature-et-developpement.com\/macabane-materiaux\/produit\/manchon-anti-goutte-180mm-extra-long-meche-24mm\/#breadcrumb","itemListElement":[{"@type":"ListItem","position":1,"name":"Accueil","item":"https:\/\/nature-et-developpement.com\/macabane-materiaux\/"},{"@type":"ListItem","position":2,"name":"Boutique","item":"https:\/\/nature-et-developpement.com\/macabane-materiaux\/boutique\/"},{"@type":"ListItem","position":3,"name":"Peinture, pigment et enduit","item":"https:\/\/nature-et-developpement.com\/macabane-materiaux\/produits\/peinture-et-enduit\/"},{"@type":"ListItem","position":4,"name":"Outillage peinture et enduit","item":"https:\/\/nature-et-developpement.com\/macabane-materiaux\/produits\/peinture-et-enduit\/outillage-peinture-et-enduit\/"},{"@type":"ListItem","position":5,"name":"Manchon anti-goutte 180mm extra long m\u00e9ch\u00e9 24mm OCAI sp\u00e9cial peinture fa\u00e7ade"}]},{"@type":"WebSite","@id":"https:\/\/nature-et-developpement.com\/macabane-materiaux\/#website","url":"https:\/\/nature-et-developpement.com\/macabane-materiaux\/","name":"Ma Cabane mat\u00e9riaux naturels","description":"Ma Cabane est membre du groupement Nature &amp; D\u00e9veloppement","potentialAction":[{"@type":"SearchAction","target":{"@type":"EntryPoint","urlTemplate":"https:\/\/nature-et-developpement.com\/macabane-materiaux\/?s={search_term_string}"},"query-input":{"@type":"PropertyValueSpecification","valueRequired":true,"valueName":"search_term_string"}}],"inLanguage":"fr-FR"}]}},"distributor_meta":false,"distributor_terms":false,"distributor_media":false,"distributor_original_site_name":"Ma Cabane mat\u00e9riaux naturels","distributor_original_site_url":"https:\/\/nature-et-developpement.com\/macabane-materiaux","push-errors":false,"_links":{"self":[{"href":"https:\/\/nature-et-developpement.com\/macabane-materiaux\/wp-json\/wp\/v2\/product\/10901","targetHints":{"allow":["GET"]}}],"collection":[{"href":"https:\/\/nature-et-developpement.com\/macabane-materiaux\/wp-json\/wp\/v2\/product"}],"about":[{"href":"https:\/\/nature-et-developpement.com\/macabane-materiaux\/wp-json\/wp\/v2\/types\/product"}],"wp:featuredmedia":[{"embeddable":true,"href":"https:\/\/nature-et-developpement.com\/macabane-materiaux\/wp-json\/"}],"wp:attachment":[{"href":"https:\/\/nature-et-developpement.com\/macabane-materiaux\/wp-json\/wp\/v2\/media?parent=10901"}],"wp:term":[{"taxonomy":"product_brand","embeddable":true,"href":"https:\/\/nature-et-developpement.com\/macabane-materiaux\/wp-json\/wp\/v2\/product_brand?post=10901"},{"taxonomy":"product_cat","embeddable":true,"href":"https:\/\/nature-et-developpement.com\/macabane-materiaux\/wp-json\/wp\/v2\/product_cat?post=10901"},{"taxonomy":"product_tag","embeddable":true,"href":"https:\/\/nature-et-developpement.com\/macabane-materiaux\/wp-json\/wp\/v2\/product_tag?post=10901"}],"curies":[{"name":"wp","href":"https:\/\/api.w.org\/{rel}","templated":true}]}}