{"id":10905,"date":"2023-06-22T09:57:09","date_gmt":"2023-06-22T07:57:09","guid":{"rendered":"https:\/\/nature-et-developpement.com\/macabane-materiaux\/produit\/gants-de-manutention-tous-travaux-en-nitrile-ocai\/"},"modified":"2026-01-06T14:46:03","modified_gmt":"2026-01-06T13:46:03","slug":"gants-de-manutention-tous-travaux-en-nitrile-ocai","status":"publish","type":"product","link":"https:\/\/nature-et-developpement.com\/macabane-materiaux\/produit\/gants-de-manutention-tous-travaux-en-nitrile-ocai\/","title":{"rendered":"Gants de manutention tous travaux en nitrile OCAI"},"content":{"rendered":"<h2>Gants de manutention tous travaux<\/h2>\n<p>Gant tricot\u00e9 sans couture en nylon et caoutchouc sur la paume et les doigts.<\/p>\n<p>Manchette en tricot \u00e9lastique. Surface rugueuse sur doigts et paume<\/p>\n<p>Tr\u00e8s bonne r\u00e9sistance \u00e0 l\u2019abrasion<\/p>\n<p>Gant de pr\u00e9cision, l\u00e9ger et confortable<\/p>\n","protected":false},"excerpt":{"rendered":"<p>Gant de pr\u00e9cision, l\u00e9ger et confortable avec une tr\u00e8s bonne r\u00e9sistance \u00e0 l\u2019abrasion.<\/p>\n","protected":false},"featured_media":1000000167124,"template":"","meta":[],"product_brand":[171],"product_cat":[2344,2342,2341,85,95,2495,93],"product_tag":[1843],"class_list":{"0":"post-10905","1":"product","2":"type-product","3":"status-publish","4":"has-post-thumbnail","6":"product_brand-ocai","7":"product_cat-accessoires-agencement-interieur","8":"product_cat-accessoires-construction","9":"product_cat-accessoires-isolation-et-etancheite","10":"product_cat-accessoires-peinture-et-enduit","11":"product_cat-outillage","12":"product_cat-outillage-peinture-et-enduit","13":"product_cat-preparation-du-support","14":"product_tag-peinture","15":"product_shipping_class-petit-equipement-outil-eclairage","17":"first","18":"instock","19":"taxable","20":"shipping-taxable","21":"purchasable","22":"product-type-variable"},"yoast_head":"<!-- This site is optimized with the Yoast SEO plugin v27.5 - https:\/\/yoast.com\/product\/yoast-seo-wordpress\/ -->\n<title>Gants de manutention tous travaux en nitrile OCAI - Ma Cabane mat\u00e9riaux naturels<\/title>\n<meta name=\"description\" content=\"Gant de pr\u00e9cision, l\u00e9ger et confortable avec une tr\u00e8s bonne r\u00e9sistance \u00e0 l\u2019abrasion.\" \/>\n<meta name=\"robots\" content=\"noindex, nofollow\" \/>\n<meta property=\"og:locale\" content=\"fr_FR\" \/>\n<meta property=\"og:type\" content=\"article\" \/>\n<meta property=\"og:title\" content=\"Gants de manutention tous travaux en nitrile OCAI - Ma Cabane mat\u00e9riaux naturels\" \/>\n<meta property=\"og:description\" content=\"Gant de pr\u00e9cision, l\u00e9ger et confortable avec une tr\u00e8s bonne r\u00e9sistance \u00e0 l\u2019abrasion.\" \/>\n<meta property=\"og:url\" content=\"https:\/\/nature-et-developpement.com\/macabane-materiaux\/produit\/gants-de-manutention-tous-travaux-en-nitrile-ocai\/\" \/>\n<meta property=\"og:site_name\" content=\"Ma Cabane mat\u00e9riaux naturels\" \/>\n<meta property=\"article:modified_time\" content=\"2026-01-06T13:46:03+00:00\" \/>\n<meta name=\"twitter:card\" content=\"summary_large_image\" \/>\n<meta name=\"twitter:label1\" content=\"Dur\u00e9e de lecture estim\u00e9e\" \/>\n\t<meta name=\"twitter:data1\" content=\"1 minute\" \/>\n<script type=\"application\/ld+json\" class=\"yoast-schema-graph\">{\"@context\":\"https:\\\/\\\/schema.org\",\"@graph\":[{\"@type\":\"WebPage\",\"@id\":\"https:\\\/\\\/nature-et-developpement.com\\\/macabane-materiaux\\\/produit\\\/gants-de-manutention-tous-travaux-en-nitrile-ocai\\\/\",\"url\":\"https:\\\/\\\/nature-et-developpement.com\\\/macabane-materiaux\\\/produit\\\/gants-de-manutention-tous-travaux-en-nitrile-ocai\\\/\",\"name\":\"Gants de manutention tous travaux en nitrile OCAI - Ma Cabane mat\u00e9riaux naturels\",\"isPartOf\":{\"@id\":\"https:\\\/\\\/nature-et-developpement.com\\\/macabane-materiaux\\\/#website\"},\"primaryImageOfPage\":{\"@id\":\"https:\\\/\\\/nature-et-developpement.com\\\/macabane-materiaux\\\/produit\\\/gants-de-manutention-tous-travaux-en-nitrile-ocai\\\/#primaryimage\"},\"image\":{\"@id\":\"https:\\\/\\\/nature-et-developpement.com\\\/macabane-materiaux\\\/produit\\\/gants-de-manutention-tous-travaux-en-nitrile-ocai\\\/#primaryimage\"},\"thumbnailUrl\":\"https:\\\/\\\/nature-et-developpement.com\\\/macabane-materiaux\\\/wp-content\\\/uploads\\\/Gants-de-manutention-tous-travaux-en-nitrile-OCAI.jpg\",\"datePublished\":\"2023-06-22T07:57:09+00:00\",\"dateModified\":\"2026-01-06T13:46:03+00:00\",\"description\":\"Gant de pr\u00e9cision, l\u00e9ger et confortable avec une tr\u00e8s bonne r\u00e9sistance \u00e0 l\u2019abrasion.\",\"breadcrumb\":{\"@id\":\"https:\\\/\\\/nature-et-developpement.com\\\/macabane-materiaux\\\/produit\\\/gants-de-manutention-tous-travaux-en-nitrile-ocai\\\/#breadcrumb\"},\"inLanguage\":\"fr-FR\",\"potentialAction\":[{\"@type\":\"ReadAction\",\"target\":[\"https:\\\/\\\/nature-et-developpement.com\\\/macabane-materiaux\\\/produit\\\/gants-de-manutention-tous-travaux-en-nitrile-ocai\\\/\"]}]},{\"@type\":\"ImageObject\",\"inLanguage\":\"fr-FR\",\"@id\":\"https:\\\/\\\/nature-et-developpement.com\\\/macabane-materiaux\\\/produit\\\/gants-de-manutention-tous-travaux-en-nitrile-ocai\\\/#primaryimage\",\"url\":\"https:\\\/\\\/nature-et-developpement.com\\\/macabane-materiaux\\\/wp-content\\\/uploads\\\/Gants-de-manutention-tous-travaux-en-nitrile-OCAI.jpg\",\"contentUrl\":\"https:\\\/\\\/nature-et-developpement.com\\\/macabane-materiaux\\\/wp-content\\\/uploads\\\/Gants-de-manutention-tous-travaux-en-nitrile-OCAI.jpg\"},{\"@type\":\"BreadcrumbList\",\"@id\":\"https:\\\/\\\/nature-et-developpement.com\\\/macabane-materiaux\\\/produit\\\/gants-de-manutention-tous-travaux-en-nitrile-ocai\\\/#breadcrumb\",\"itemListElement\":[{\"@type\":\"ListItem\",\"position\":1,\"name\":\"Accueil\",\"item\":\"https:\\\/\\\/nature-et-developpement.com\\\/macabane-materiaux\\\/\"},{\"@type\":\"ListItem\",\"position\":2,\"name\":\"Boutique\",\"item\":\"https:\\\/\\\/nature-et-developpement.com\\\/macabane-materiaux\\\/boutique\\\/\"},{\"@type\":\"ListItem\",\"position\":3,\"name\":\"Construction, cloison et fen\u00eatres\",\"item\":\"https:\\\/\\\/nature-et-developpement.com\\\/macabane-materiaux\\\/produits\\\/construction\\\/\"},{\"@type\":\"ListItem\",\"position\":4,\"name\":\"Accessoires construction\",\"item\":\"https:\\\/\\\/nature-et-developpement.com\\\/macabane-materiaux\\\/produits\\\/construction\\\/accessoires-construction\\\/\"},{\"@type\":\"ListItem\",\"position\":5,\"name\":\"Gants de manutention tous travaux en nitrile OCAI\"}]},{\"@type\":\"WebSite\",\"@id\":\"https:\\\/\\\/nature-et-developpement.com\\\/macabane-materiaux\\\/#website\",\"url\":\"https:\\\/\\\/nature-et-developpement.com\\\/macabane-materiaux\\\/\",\"name\":\"Ma Cabane mat\u00e9riaux naturels\",\"description\":\"Ma Cabane est membre du groupement Nature &amp; D\u00e9veloppement\",\"potentialAction\":[{\"@type\":\"SearchAction\",\"target\":{\"@type\":\"EntryPoint\",\"urlTemplate\":\"https:\\\/\\\/nature-et-developpement.com\\\/macabane-materiaux\\\/?s={search_term_string}\"},\"query-input\":{\"@type\":\"PropertyValueSpecification\",\"valueRequired\":true,\"valueName\":\"search_term_string\"}}],\"inLanguage\":\"fr-FR\"}]}<\/script>\n<!-- \/ Yoast SEO plugin. -->","yoast_head_json":{"title":"Gants de manutention tous travaux en nitrile OCAI - Ma Cabane mat\u00e9riaux naturels","description":"Gant de pr\u00e9cision, l\u00e9ger et confortable avec une tr\u00e8s bonne r\u00e9sistance \u00e0 l\u2019abrasion.","robots":{"index":"noindex","follow":"nofollow"},"og_locale":"fr_FR","og_type":"article","og_title":"Gants de manutention tous travaux en nitrile OCAI - Ma Cabane mat\u00e9riaux naturels","og_description":"Gant de pr\u00e9cision, l\u00e9ger et confortable avec une tr\u00e8s bonne r\u00e9sistance \u00e0 l\u2019abrasion.","og_url":"https:\/\/nature-et-developpement.com\/macabane-materiaux\/produit\/gants-de-manutention-tous-travaux-en-nitrile-ocai\/","og_site_name":"Ma Cabane mat\u00e9riaux naturels","article_modified_time":"2026-01-06T13:46:03+00:00","twitter_card":"summary_large_image","twitter_misc":{"Dur\u00e9e de lecture estim\u00e9e":"1 minute"},"schema":{"@context":"https:\/\/schema.org","@graph":[{"@type":"WebPage","@id":"https:\/\/nature-et-developpement.com\/macabane-materiaux\/produit\/gants-de-manutention-tous-travaux-en-nitrile-ocai\/","url":"https:\/\/nature-et-developpement.com\/macabane-materiaux\/produit\/gants-de-manutention-tous-travaux-en-nitrile-ocai\/","name":"Gants de manutention tous travaux en nitrile OCAI - Ma Cabane mat\u00e9riaux naturels","isPartOf":{"@id":"https:\/\/nature-et-developpement.com\/macabane-materiaux\/#website"},"primaryImageOfPage":{"@id":"https:\/\/nature-et-developpement.com\/macabane-materiaux\/produit\/gants-de-manutention-tous-travaux-en-nitrile-ocai\/#primaryimage"},"image":{"@id":"https:\/\/nature-et-developpement.com\/macabane-materiaux\/produit\/gants-de-manutention-tous-travaux-en-nitrile-ocai\/#primaryimage"},"thumbnailUrl":"https:\/\/nature-et-developpement.com\/macabane-materiaux\/wp-content\/uploads\/Gants-de-manutention-tous-travaux-en-nitrile-OCAI.jpg","datePublished":"2023-06-22T07:57:09+00:00","dateModified":"2026-01-06T13:46:03+00:00","description":"Gant de pr\u00e9cision, l\u00e9ger et confortable avec une tr\u00e8s bonne r\u00e9sistance \u00e0 l\u2019abrasion.","breadcrumb":{"@id":"https:\/\/nature-et-developpement.com\/macabane-materiaux\/produit\/gants-de-manutention-tous-travaux-en-nitrile-ocai\/#breadcrumb"},"inLanguage":"fr-FR","potentialAction":[{"@type":"ReadAction","target":["https:\/\/nature-et-developpement.com\/macabane-materiaux\/produit\/gants-de-manutention-tous-travaux-en-nitrile-ocai\/"]}]},{"@type":"ImageObject","inLanguage":"fr-FR","@id":"https:\/\/nature-et-developpement.com\/macabane-materiaux\/produit\/gants-de-manutention-tous-travaux-en-nitrile-ocai\/#primaryimage","url":"https:\/\/nature-et-developpement.com\/macabane-materiaux\/wp-content\/uploads\/Gants-de-manutention-tous-travaux-en-nitrile-OCAI.jpg","contentUrl":"https:\/\/nature-et-developpement.com\/macabane-materiaux\/wp-content\/uploads\/Gants-de-manutention-tous-travaux-en-nitrile-OCAI.jpg"},{"@type":"BreadcrumbList","@id":"https:\/\/nature-et-developpement.com\/macabane-materiaux\/produit\/gants-de-manutention-tous-travaux-en-nitrile-ocai\/#breadcrumb","itemListElement":[{"@type":"ListItem","position":1,"name":"Accueil","item":"https:\/\/nature-et-developpement.com\/macabane-materiaux\/"},{"@type":"ListItem","position":2,"name":"Boutique","item":"https:\/\/nature-et-developpement.com\/macabane-materiaux\/boutique\/"},{"@type":"ListItem","position":3,"name":"Construction, cloison et fen\u00eatres","item":"https:\/\/nature-et-developpement.com\/macabane-materiaux\/produits\/construction\/"},{"@type":"ListItem","position":4,"name":"Accessoires construction","item":"https:\/\/nature-et-developpement.com\/macabane-materiaux\/produits\/construction\/accessoires-construction\/"},{"@type":"ListItem","position":5,"name":"Gants de manutention tous travaux en nitrile OCAI"}]},{"@type":"WebSite","@id":"https:\/\/nature-et-developpement.com\/macabane-materiaux\/#website","url":"https:\/\/nature-et-developpement.com\/macabane-materiaux\/","name":"Ma Cabane mat\u00e9riaux naturels","description":"Ma Cabane est membre du groupement Nature &amp; D\u00e9veloppement","potentialAction":[{"@type":"SearchAction","target":{"@type":"EntryPoint","urlTemplate":"https:\/\/nature-et-developpement.com\/macabane-materiaux\/?s={search_term_string}"},"query-input":{"@type":"PropertyValueSpecification","valueRequired":true,"valueName":"search_term_string"}}],"inLanguage":"fr-FR"}]}},"distributor_meta":false,"distributor_terms":false,"distributor_media":false,"distributor_original_site_name":"Ma Cabane mat\u00e9riaux naturels","distributor_original_site_url":"https:\/\/nature-et-developpement.com\/macabane-materiaux","push-errors":false,"_links":{"self":[{"href":"https:\/\/nature-et-developpement.com\/macabane-materiaux\/wp-json\/wp\/v2\/product\/10905","targetHints":{"allow":["GET"]}}],"collection":[{"href":"https:\/\/nature-et-developpement.com\/macabane-materiaux\/wp-json\/wp\/v2\/product"}],"about":[{"href":"https:\/\/nature-et-developpement.com\/macabane-materiaux\/wp-json\/wp\/v2\/types\/product"}],"wp:featuredmedia":[{"embeddable":true,"href":"https:\/\/nature-et-developpement.com\/macabane-materiaux\/wp-json\/"}],"wp:attachment":[{"href":"https:\/\/nature-et-developpement.com\/macabane-materiaux\/wp-json\/wp\/v2\/media?parent=10905"}],"wp:term":[{"taxonomy":"product_brand","embeddable":true,"href":"https:\/\/nature-et-developpement.com\/macabane-materiaux\/wp-json\/wp\/v2\/product_brand?post=10905"},{"taxonomy":"product_cat","embeddable":true,"href":"https:\/\/nature-et-developpement.com\/macabane-materiaux\/wp-json\/wp\/v2\/product_cat?post=10905"},{"taxonomy":"product_tag","embeddable":true,"href":"https:\/\/nature-et-developpement.com\/macabane-materiaux\/wp-json\/wp\/v2\/product_tag?post=10905"}],"curies":[{"name":"wp","href":"https:\/\/api.w.org\/{rel}","templated":true}]}}