{"id":10964,"date":"2017-07-05T22:21:58","date_gmt":"2017-07-05T20:21:58","guid":{"rendered":"https:\/\/nature-et-developpement.com\/macabane-materiaux\/produit\/manchon-110-mm-ocryl-13-microfibre-special-peinture-chaux-ocai\/"},"modified":"2026-01-06T13:05:45","modified_gmt":"2026-01-06T12:05:45","slug":"manchon-110-mm-ocryl-13-microfibre-special-peinture-chaux-ocai","status":"publish","type":"product","link":"https:\/\/nature-et-developpement.com\/macabane-materiaux\/produit\/manchon-110-mm-ocryl-13-microfibre-special-peinture-chaux-ocai\/","title":{"rendered":"Manchon 110 mm Ocryl 13 microfibre special peinture chaux OCAI"},"content":{"rendered":"","protected":false},"excerpt":{"rendered":"<p>Polyester soud\u00e9 13mm<br \/>\nD\u00e9pose r\u00e9guli\u00e8re et uniforme de la peinture<br \/>\nPas de perte de fibres, bon pouvoir couvrant<\/p>\n","protected":false},"featured_media":1000000167077,"template":"","meta":[],"product_brand":[171],"product_cat":[116,95,2495,87],"product_tag":[1843],"class_list":{"0":"post-10964","1":"product","2":"type-product","3":"status-publish","4":"has-post-thumbnail","6":"product_brand-ocai","7":"product_cat-droguerie-et-outils","8":"product_cat-outillage","9":"product_cat-outillage-peinture-et-enduit","10":"product_cat-peinture-et-enduit","11":"product_tag-peinture","12":"product_shipping_class-petit-equipement-outil-eclairage","14":"first","15":"instock","16":"taxable","17":"shipping-taxable","18":"purchasable","19":"product-type-simple"},"yoast_head":"<!-- This site is optimized with the Yoast SEO plugin v27.5 - https:\/\/yoast.com\/product\/yoast-seo-wordpress\/ -->\n<title>Manchon 110 mm Ocryl 13 microfibre special peinture chaux OCAI - Ma Cabane mat\u00e9riaux naturels<\/title>\n<meta name=\"description\" content=\"Polyester soud\u00e9 13mm D\u00e9pose r\u00e9guli\u00e8re et uniforme de la peinture Pas de perte de fibres, bon pouvoir couvrant\" \/>\n<meta name=\"robots\" content=\"noindex, nofollow\" \/>\n<meta property=\"og:locale\" content=\"fr_FR\" \/>\n<meta property=\"og:type\" content=\"article\" \/>\n<meta property=\"og:title\" content=\"Manchon 110 mm Ocryl 13 microfibre special peinture chaux OCAI - Ma Cabane mat\u00e9riaux naturels\" \/>\n<meta property=\"og:description\" content=\"Polyester soud\u00e9 13mm D\u00e9pose r\u00e9guli\u00e8re et uniforme de la peinture Pas de perte de fibres, bon pouvoir couvrant\" \/>\n<meta property=\"og:url\" content=\"https:\/\/nature-et-developpement.com\/macabane-materiaux\/produit\/manchon-110-mm-ocryl-13-microfibre-special-peinture-chaux-ocai\/\" \/>\n<meta property=\"og:site_name\" content=\"Ma Cabane mat\u00e9riaux naturels\" \/>\n<meta property=\"article:modified_time\" content=\"2026-01-06T12:05:45+00:00\" \/>\n<meta name=\"twitter:card\" content=\"summary_large_image\" \/>\n<script type=\"application\/ld+json\" class=\"yoast-schema-graph\">{\"@context\":\"https:\\\/\\\/schema.org\",\"@graph\":[{\"@type\":\"WebPage\",\"@id\":\"https:\\\/\\\/nature-et-developpement.com\\\/macabane-materiaux\\\/produit\\\/manchon-110-mm-ocryl-13-microfibre-special-peinture-chaux-ocai\\\/\",\"url\":\"https:\\\/\\\/nature-et-developpement.com\\\/macabane-materiaux\\\/produit\\\/manchon-110-mm-ocryl-13-microfibre-special-peinture-chaux-ocai\\\/\",\"name\":\"Manchon 110 mm Ocryl 13 microfibre special peinture chaux OCAI - Ma Cabane mat\u00e9riaux naturels\",\"isPartOf\":{\"@id\":\"https:\\\/\\\/nature-et-developpement.com\\\/macabane-materiaux\\\/#website\"},\"primaryImageOfPage\":{\"@id\":\"https:\\\/\\\/nature-et-developpement.com\\\/macabane-materiaux\\\/produit\\\/manchon-110-mm-ocryl-13-microfibre-special-peinture-chaux-ocai\\\/#primaryimage\"},\"image\":{\"@id\":\"https:\\\/\\\/nature-et-developpement.com\\\/macabane-materiaux\\\/produit\\\/manchon-110-mm-ocryl-13-microfibre-special-peinture-chaux-ocai\\\/#primaryimage\"},\"thumbnailUrl\":\"https:\\\/\\\/nature-et-developpement.com\\\/macabane-materiaux\\\/wp-content\\\/uploads\\\/Manchon-110-mm-Ocryl-13-microfibre-special-peinture-chaux-OCAI.jpg\",\"datePublished\":\"2017-07-05T20:21:58+00:00\",\"dateModified\":\"2026-01-06T12:05:45+00:00\",\"description\":\"Polyester soud\u00e9 13mm D\u00e9pose r\u00e9guli\u00e8re et uniforme de la peinture Pas de perte de fibres, bon pouvoir couvrant\",\"breadcrumb\":{\"@id\":\"https:\\\/\\\/nature-et-developpement.com\\\/macabane-materiaux\\\/produit\\\/manchon-110-mm-ocryl-13-microfibre-special-peinture-chaux-ocai\\\/#breadcrumb\"},\"inLanguage\":\"fr-FR\",\"potentialAction\":[{\"@type\":\"ReadAction\",\"target\":[\"https:\\\/\\\/nature-et-developpement.com\\\/macabane-materiaux\\\/produit\\\/manchon-110-mm-ocryl-13-microfibre-special-peinture-chaux-ocai\\\/\"]}]},{\"@type\":\"ImageObject\",\"inLanguage\":\"fr-FR\",\"@id\":\"https:\\\/\\\/nature-et-developpement.com\\\/macabane-materiaux\\\/produit\\\/manchon-110-mm-ocryl-13-microfibre-special-peinture-chaux-ocai\\\/#primaryimage\",\"url\":\"https:\\\/\\\/nature-et-developpement.com\\\/macabane-materiaux\\\/wp-content\\\/uploads\\\/Manchon-110-mm-Ocryl-13-microfibre-special-peinture-chaux-OCAI.jpg\",\"contentUrl\":\"https:\\\/\\\/nature-et-developpement.com\\\/macabane-materiaux\\\/wp-content\\\/uploads\\\/Manchon-110-mm-Ocryl-13-microfibre-special-peinture-chaux-OCAI.jpg\"},{\"@type\":\"BreadcrumbList\",\"@id\":\"https:\\\/\\\/nature-et-developpement.com\\\/macabane-materiaux\\\/produit\\\/manchon-110-mm-ocryl-13-microfibre-special-peinture-chaux-ocai\\\/#breadcrumb\",\"itemListElement\":[{\"@type\":\"ListItem\",\"position\":1,\"name\":\"Accueil\",\"item\":\"https:\\\/\\\/nature-et-developpement.com\\\/macabane-materiaux\\\/\"},{\"@type\":\"ListItem\",\"position\":2,\"name\":\"Boutique\",\"item\":\"https:\\\/\\\/nature-et-developpement.com\\\/macabane-materiaux\\\/boutique\\\/\"},{\"@type\":\"ListItem\",\"position\":3,\"name\":\"Peinture, pigment et enduit\",\"item\":\"https:\\\/\\\/nature-et-developpement.com\\\/macabane-materiaux\\\/produits\\\/peinture-et-enduit\\\/\"},{\"@type\":\"ListItem\",\"position\":4,\"name\":\"Outillage peinture et enduit\",\"item\":\"https:\\\/\\\/nature-et-developpement.com\\\/macabane-materiaux\\\/produits\\\/peinture-et-enduit\\\/outillage-peinture-et-enduit\\\/\"},{\"@type\":\"ListItem\",\"position\":5,\"name\":\"Manchon 110 mm Ocryl 13 microfibre special peinture chaux OCAI\"}]},{\"@type\":\"WebSite\",\"@id\":\"https:\\\/\\\/nature-et-developpement.com\\\/macabane-materiaux\\\/#website\",\"url\":\"https:\\\/\\\/nature-et-developpement.com\\\/macabane-materiaux\\\/\",\"name\":\"Ma Cabane mat\u00e9riaux naturels\",\"description\":\"Ma Cabane est membre du groupement Nature &amp; D\u00e9veloppement\",\"potentialAction\":[{\"@type\":\"SearchAction\",\"target\":{\"@type\":\"EntryPoint\",\"urlTemplate\":\"https:\\\/\\\/nature-et-developpement.com\\\/macabane-materiaux\\\/?s={search_term_string}\"},\"query-input\":{\"@type\":\"PropertyValueSpecification\",\"valueRequired\":true,\"valueName\":\"search_term_string\"}}],\"inLanguage\":\"fr-FR\"}]}<\/script>\n<!-- \/ Yoast SEO plugin. -->","yoast_head_json":{"title":"Manchon 110 mm Ocryl 13 microfibre special peinture chaux OCAI - Ma Cabane mat\u00e9riaux naturels","description":"Polyester soud\u00e9 13mm D\u00e9pose r\u00e9guli\u00e8re et uniforme de la peinture Pas de perte de fibres, bon pouvoir couvrant","robots":{"index":"noindex","follow":"nofollow"},"og_locale":"fr_FR","og_type":"article","og_title":"Manchon 110 mm Ocryl 13 microfibre special peinture chaux OCAI - Ma Cabane mat\u00e9riaux naturels","og_description":"Polyester soud\u00e9 13mm D\u00e9pose r\u00e9guli\u00e8re et uniforme de la peinture Pas de perte de fibres, bon pouvoir couvrant","og_url":"https:\/\/nature-et-developpement.com\/macabane-materiaux\/produit\/manchon-110-mm-ocryl-13-microfibre-special-peinture-chaux-ocai\/","og_site_name":"Ma Cabane mat\u00e9riaux naturels","article_modified_time":"2026-01-06T12:05:45+00:00","twitter_card":"summary_large_image","schema":{"@context":"https:\/\/schema.org","@graph":[{"@type":"WebPage","@id":"https:\/\/nature-et-developpement.com\/macabane-materiaux\/produit\/manchon-110-mm-ocryl-13-microfibre-special-peinture-chaux-ocai\/","url":"https:\/\/nature-et-developpement.com\/macabane-materiaux\/produit\/manchon-110-mm-ocryl-13-microfibre-special-peinture-chaux-ocai\/","name":"Manchon 110 mm Ocryl 13 microfibre special peinture chaux OCAI - Ma Cabane mat\u00e9riaux naturels","isPartOf":{"@id":"https:\/\/nature-et-developpement.com\/macabane-materiaux\/#website"},"primaryImageOfPage":{"@id":"https:\/\/nature-et-developpement.com\/macabane-materiaux\/produit\/manchon-110-mm-ocryl-13-microfibre-special-peinture-chaux-ocai\/#primaryimage"},"image":{"@id":"https:\/\/nature-et-developpement.com\/macabane-materiaux\/produit\/manchon-110-mm-ocryl-13-microfibre-special-peinture-chaux-ocai\/#primaryimage"},"thumbnailUrl":"https:\/\/nature-et-developpement.com\/macabane-materiaux\/wp-content\/uploads\/Manchon-110-mm-Ocryl-13-microfibre-special-peinture-chaux-OCAI.jpg","datePublished":"2017-07-05T20:21:58+00:00","dateModified":"2026-01-06T12:05:45+00:00","description":"Polyester soud\u00e9 13mm D\u00e9pose r\u00e9guli\u00e8re et uniforme de la peinture Pas de perte de fibres, bon pouvoir couvrant","breadcrumb":{"@id":"https:\/\/nature-et-developpement.com\/macabane-materiaux\/produit\/manchon-110-mm-ocryl-13-microfibre-special-peinture-chaux-ocai\/#breadcrumb"},"inLanguage":"fr-FR","potentialAction":[{"@type":"ReadAction","target":["https:\/\/nature-et-developpement.com\/macabane-materiaux\/produit\/manchon-110-mm-ocryl-13-microfibre-special-peinture-chaux-ocai\/"]}]},{"@type":"ImageObject","inLanguage":"fr-FR","@id":"https:\/\/nature-et-developpement.com\/macabane-materiaux\/produit\/manchon-110-mm-ocryl-13-microfibre-special-peinture-chaux-ocai\/#primaryimage","url":"https:\/\/nature-et-developpement.com\/macabane-materiaux\/wp-content\/uploads\/Manchon-110-mm-Ocryl-13-microfibre-special-peinture-chaux-OCAI.jpg","contentUrl":"https:\/\/nature-et-developpement.com\/macabane-materiaux\/wp-content\/uploads\/Manchon-110-mm-Ocryl-13-microfibre-special-peinture-chaux-OCAI.jpg"},{"@type":"BreadcrumbList","@id":"https:\/\/nature-et-developpement.com\/macabane-materiaux\/produit\/manchon-110-mm-ocryl-13-microfibre-special-peinture-chaux-ocai\/#breadcrumb","itemListElement":[{"@type":"ListItem","position":1,"name":"Accueil","item":"https:\/\/nature-et-developpement.com\/macabane-materiaux\/"},{"@type":"ListItem","position":2,"name":"Boutique","item":"https:\/\/nature-et-developpement.com\/macabane-materiaux\/boutique\/"},{"@type":"ListItem","position":3,"name":"Peinture, pigment et enduit","item":"https:\/\/nature-et-developpement.com\/macabane-materiaux\/produits\/peinture-et-enduit\/"},{"@type":"ListItem","position":4,"name":"Outillage peinture et enduit","item":"https:\/\/nature-et-developpement.com\/macabane-materiaux\/produits\/peinture-et-enduit\/outillage-peinture-et-enduit\/"},{"@type":"ListItem","position":5,"name":"Manchon 110 mm Ocryl 13 microfibre special peinture chaux OCAI"}]},{"@type":"WebSite","@id":"https:\/\/nature-et-developpement.com\/macabane-materiaux\/#website","url":"https:\/\/nature-et-developpement.com\/macabane-materiaux\/","name":"Ma Cabane mat\u00e9riaux naturels","description":"Ma Cabane est membre du groupement Nature &amp; D\u00e9veloppement","potentialAction":[{"@type":"SearchAction","target":{"@type":"EntryPoint","urlTemplate":"https:\/\/nature-et-developpement.com\/macabane-materiaux\/?s={search_term_string}"},"query-input":{"@type":"PropertyValueSpecification","valueRequired":true,"valueName":"search_term_string"}}],"inLanguage":"fr-FR"}]}},"distributor_meta":false,"distributor_terms":false,"distributor_media":false,"distributor_original_site_name":"Ma Cabane mat\u00e9riaux naturels","distributor_original_site_url":"https:\/\/nature-et-developpement.com\/macabane-materiaux","push-errors":false,"_links":{"self":[{"href":"https:\/\/nature-et-developpement.com\/macabane-materiaux\/wp-json\/wp\/v2\/product\/10964","targetHints":{"allow":["GET"]}}],"collection":[{"href":"https:\/\/nature-et-developpement.com\/macabane-materiaux\/wp-json\/wp\/v2\/product"}],"about":[{"href":"https:\/\/nature-et-developpement.com\/macabane-materiaux\/wp-json\/wp\/v2\/types\/product"}],"wp:featuredmedia":[{"embeddable":true,"href":"https:\/\/nature-et-developpement.com\/macabane-materiaux\/wp-json\/"}],"wp:attachment":[{"href":"https:\/\/nature-et-developpement.com\/macabane-materiaux\/wp-json\/wp\/v2\/media?parent=10964"}],"wp:term":[{"taxonomy":"product_brand","embeddable":true,"href":"https:\/\/nature-et-developpement.com\/macabane-materiaux\/wp-json\/wp\/v2\/product_brand?post=10964"},{"taxonomy":"product_cat","embeddable":true,"href":"https:\/\/nature-et-developpement.com\/macabane-materiaux\/wp-json\/wp\/v2\/product_cat?post=10964"},{"taxonomy":"product_tag","embeddable":true,"href":"https:\/\/nature-et-developpement.com\/macabane-materiaux\/wp-json\/wp\/v2\/product_tag?post=10964"}],"curies":[{"name":"wp","href":"https:\/\/api.w.org\/{rel}","templated":true}]}}