{"id":10968,"date":"2023-03-02T17:45:48","date_gmt":"2023-03-02T16:45:48","guid":{"rendered":"https:\/\/nature-et-developpement.com\/macabane-materiaux\/produit\/vis-a-bois-tete-fraisee-filet-partiel-heco-topix-plus-heco\/"},"modified":"2025-06-17T15:25:09","modified_gmt":"2025-06-17T13:25:09","slug":"vis-a-bois-tete-fraisee-filet-partiel-heco-topix-plus-heco","status":"publish","type":"product","link":"https:\/\/nature-et-developpement.com\/macabane-materiaux\/produit\/vis-a-bois-tete-fraisee-filet-partiel-heco-topix-plus-heco\/","title":{"rendered":"Vis \u00e0 bois t\u00eate frais\u00e9e filet partiel HECO-TOPIX-plus HECO"},"content":{"rendered":"<h2>Vis \u00e0 t\u00eate frais\u00e9e et filet partiel HECO<\/h2>\n<p>HECO-TOPIX\u00ae-plus est un v\u00e9ritable point culminant de la vis, combinant une expertise technologique concentr\u00e9e et un large \u00e9ventail d&rsquo;avantages tangibles pour l&rsquo;utilisateur dans une seule vis \u00e0 bois.<\/p>\n<p>Le secret : Notre HECO-TOPIX\u00ae-plus combine les meilleures propri\u00e9t\u00e9s de quatre gammes HECO !<\/p>\n<p>Avec les propri\u00e9t\u00e9s innovantes de HECO-Drive, GripFit, MagicClose et PerfectPitch, un nouveau concept de taille d&rsquo;entra\u00eenement int\u00e9gr\u00e9 et un accessoire syst\u00e8me de haute qualit\u00e9.<\/p>\n<p>HECO-TOPIX\u00ae-plus est la vis \u00e0 bois parfaite pour pratiquement toutes les applications.<\/p>\n<p>Vous b\u00e9n\u00e9ficiez non seulement d&rsquo;un avantage technologique impressionnant, mais aussi et surtout d&rsquo;une manipulation simple et de performances optimales.<\/p>\n<header class=\"section-header\">\n<h3 id=\"nm-product-benefits-heading\" class=\"heading\">POINTS FORTS DU PRODUIT<\/h3>\n<\/header>\n<div class=\"section-content cf\">\n<ul id=\"nm-product-benefits-content\" class=\"bullets\">\n<li>GripFit : Travail d&rsquo;une seule main possible gr\u00e2ce au HECO-Drive.\u00a0Maintient solidement les vis en acier inoxydable sur le foret.\u00a0(\u00e0 partir d&rsquo;un diam\u00e8tre de vis de 3,5 mm)<\/li>\n<li>PerfectPitch : Pas de filetage optimal pour chaque longueur de vis.\u00a0Des performances parfaites pour toute application de bois.<\/li>\n<li>La pointe HECO-TOPIX supprime le besoin de pr\u00e9-per\u00e7age, r\u00e9duit le risque d&rsquo;\u00e9clatement du bois et permet des entraxes et des bords \u00e9troits.<\/li>\n<li>T\u00eate frais\u00e9e avec rainures de fraisage : Excellentes propri\u00e9t\u00e9s de fraisage dans le bois.\u00a0Aucun dommage de surface avec des raccords m\u00e9talliques.<\/li>\n<li>Les nervures de la tige r\u00e9duisent le couple de vissage<\/li>\n<li>Rev\u00eatement sans chrome (VI)<\/li>\n<li>Produit homologu\u00e9 et contr\u00f4l\u00e9<\/li>\n<\/ul>\n<\/div>\n","protected":false},"excerpt":{"rendered":"<p>La pointe HECO-TOPIX supprime le besoin de pr\u00e9-per\u00e7age, r\u00e9duit le risque d&rsquo;\u00e9clatement du bois<br \/>\nT\u00eate frais\u00e9e, travail d&rsquo;une seule main gr\u00e2ce au HECO-Drive<\/p>\n","protected":false},"featured_media":1000000170900,"template":"","meta":[],"product_brand":[153],"product_cat":[2343,2342,118],"product_tag":[2768],"class_list":{"0":"post-10968","1":"product","2":"type-product","3":"status-publish","4":"has-post-thumbnail","6":"product_brand-heco","7":"product_cat-accessoires-agencement-exterieur","8":"product_cat-accessoires-construction","9":"product_cat-visserie","10":"product_tag-heco","12":"first","13":"instock","14":"taxable","15":"shipping-taxable","16":"purchasable","17":"product-type-variable"},"yoast_head":"<!-- This site is optimized with the Yoast SEO plugin v27.5 - https:\/\/yoast.com\/product\/yoast-seo-wordpress\/ -->\n<title>Vis \u00e0 bois t\u00eate frais\u00e9e filet partiel HECO-TOPIX-plus HECO - Ma Cabane mat\u00e9riaux naturels<\/title>\n<meta name=\"description\" content=\"La pointe HECO-TOPIX supprime le besoin de pr\u00e9-per\u00e7age, r\u00e9duit le risque d&#039;\u00e9clatement du bois T\u00eate frais\u00e9e, travail d&#039;une seule main gr\u00e2ce au HECO-Drive\" \/>\n<meta name=\"robots\" content=\"noindex, follow\" \/>\n<meta property=\"og:locale\" content=\"fr_FR\" \/>\n<meta property=\"og:type\" content=\"article\" \/>\n<meta property=\"og:title\" content=\"Vis \u00e0 bois t\u00eate frais\u00e9e filet partiel HECO-TOPIX-plus HECO - Ma Cabane mat\u00e9riaux naturels\" \/>\n<meta property=\"og:description\" content=\"La pointe HECO-TOPIX supprime le besoin de pr\u00e9-per\u00e7age, r\u00e9duit le risque d&#039;\u00e9clatement du bois T\u00eate frais\u00e9e, travail d&#039;une seule main gr\u00e2ce au HECO-Drive\" \/>\n<meta property=\"og:url\" content=\"https:\/\/nature-et-developpement.com\/macabane-materiaux\/produit\/vis-a-bois-tete-fraisee-filet-partiel-heco-topix-plus-heco\/\" \/>\n<meta property=\"og:site_name\" content=\"Ma Cabane mat\u00e9riaux naturels\" \/>\n<meta property=\"article:modified_time\" content=\"2025-06-17T13:25:09+00:00\" \/>\n<meta name=\"twitter:card\" content=\"summary_large_image\" \/>\n<meta name=\"twitter:label1\" content=\"Dur\u00e9e de lecture estim\u00e9e\" \/>\n\t<meta name=\"twitter:data1\" content=\"1 minute\" \/>\n<script type=\"application\/ld+json\" class=\"yoast-schema-graph\">{\"@context\":\"https:\\\/\\\/schema.org\",\"@graph\":[{\"@type\":\"WebPage\",\"@id\":\"https:\\\/\\\/nature-et-developpement.com\\\/macabane-materiaux\\\/produit\\\/vis-a-bois-tete-fraisee-filet-partiel-heco-topix-plus-heco\\\/\",\"url\":\"https:\\\/\\\/nature-et-developpement.com\\\/macabane-materiaux\\\/produit\\\/vis-a-bois-tete-fraisee-filet-partiel-heco-topix-plus-heco\\\/\",\"name\":\"Vis \u00e0 bois t\u00eate frais\u00e9e filet partiel HECO-TOPIX-plus HECO - Ma Cabane mat\u00e9riaux naturels\",\"isPartOf\":{\"@id\":\"https:\\\/\\\/nature-et-developpement.com\\\/macabane-materiaux\\\/#website\"},\"primaryImageOfPage\":{\"@id\":\"https:\\\/\\\/nature-et-developpement.com\\\/macabane-materiaux\\\/produit\\\/vis-a-bois-tete-fraisee-filet-partiel-heco-topix-plus-heco\\\/#primaryimage\"},\"image\":{\"@id\":\"https:\\\/\\\/nature-et-developpement.com\\\/macabane-materiaux\\\/produit\\\/vis-a-bois-tete-fraisee-filet-partiel-heco-topix-plus-heco\\\/#primaryimage\"},\"thumbnailUrl\":\"https:\\\/\\\/nature-et-developpement.com\\\/macabane-materiaux\\\/wp-content\\\/uploads\\\/Vis-tete-fraisee-filet-partiel-HECO-TOPIX-plus-HECO.jpg\",\"datePublished\":\"2023-03-02T16:45:48+00:00\",\"dateModified\":\"2025-06-17T13:25:09+00:00\",\"description\":\"La pointe HECO-TOPIX supprime le besoin de pr\u00e9-per\u00e7age, r\u00e9duit le risque d'\u00e9clatement du bois T\u00eate frais\u00e9e, travail d'une seule main gr\u00e2ce au HECO-Drive\",\"breadcrumb\":{\"@id\":\"https:\\\/\\\/nature-et-developpement.com\\\/macabane-materiaux\\\/produit\\\/vis-a-bois-tete-fraisee-filet-partiel-heco-topix-plus-heco\\\/#breadcrumb\"},\"inLanguage\":\"fr-FR\",\"potentialAction\":[{\"@type\":\"ReadAction\",\"target\":[\"https:\\\/\\\/nature-et-developpement.com\\\/macabane-materiaux\\\/produit\\\/vis-a-bois-tete-fraisee-filet-partiel-heco-topix-plus-heco\\\/\"]}]},{\"@type\":\"ImageObject\",\"inLanguage\":\"fr-FR\",\"@id\":\"https:\\\/\\\/nature-et-developpement.com\\\/macabane-materiaux\\\/produit\\\/vis-a-bois-tete-fraisee-filet-partiel-heco-topix-plus-heco\\\/#primaryimage\",\"url\":\"https:\\\/\\\/nature-et-developpement.com\\\/macabane-materiaux\\\/wp-content\\\/uploads\\\/Vis-tete-fraisee-filet-partiel-HECO-TOPIX-plus-HECO.jpg\",\"contentUrl\":\"https:\\\/\\\/nature-et-developpement.com\\\/macabane-materiaux\\\/wp-content\\\/uploads\\\/Vis-tete-fraisee-filet-partiel-HECO-TOPIX-plus-HECO.jpg\"},{\"@type\":\"BreadcrumbList\",\"@id\":\"https:\\\/\\\/nature-et-developpement.com\\\/macabane-materiaux\\\/produit\\\/vis-a-bois-tete-fraisee-filet-partiel-heco-topix-plus-heco\\\/#breadcrumb\",\"itemListElement\":[{\"@type\":\"ListItem\",\"position\":1,\"name\":\"Accueil\",\"item\":\"https:\\\/\\\/nature-et-developpement.com\\\/macabane-materiaux\\\/\"},{\"@type\":\"ListItem\",\"position\":2,\"name\":\"Boutique\",\"item\":\"https:\\\/\\\/nature-et-developpement.com\\\/macabane-materiaux\\\/boutique\\\/\"},{\"@type\":\"ListItem\",\"position\":3,\"name\":\"Agencement ext\u00e9rieur\",\"item\":\"https:\\\/\\\/nature-et-developpement.com\\\/macabane-materiaux\\\/produits\\\/agencement-exterieur\\\/\"},{\"@type\":\"ListItem\",\"position\":4,\"name\":\"Accessoires agencement ext\u00e9rieur\",\"item\":\"https:\\\/\\\/nature-et-developpement.com\\\/macabane-materiaux\\\/produits\\\/agencement-exterieur\\\/accessoires-agencement-exterieur\\\/\"},{\"@type\":\"ListItem\",\"position\":5,\"name\":\"Vis \u00e0 bois t\u00eate frais\u00e9e filet partiel HECO-TOPIX-plus HECO\"}]},{\"@type\":\"WebSite\",\"@id\":\"https:\\\/\\\/nature-et-developpement.com\\\/macabane-materiaux\\\/#website\",\"url\":\"https:\\\/\\\/nature-et-developpement.com\\\/macabane-materiaux\\\/\",\"name\":\"Ma Cabane mat\u00e9riaux naturels\",\"description\":\"Ma Cabane est membre du groupement Nature &amp; D\u00e9veloppement\",\"potentialAction\":[{\"@type\":\"SearchAction\",\"target\":{\"@type\":\"EntryPoint\",\"urlTemplate\":\"https:\\\/\\\/nature-et-developpement.com\\\/macabane-materiaux\\\/?s={search_term_string}\"},\"query-input\":{\"@type\":\"PropertyValueSpecification\",\"valueRequired\":true,\"valueName\":\"search_term_string\"}}],\"inLanguage\":\"fr-FR\"}]}<\/script>\n<!-- \/ Yoast SEO plugin. -->","yoast_head_json":{"title":"Vis \u00e0 bois t\u00eate frais\u00e9e filet partiel HECO-TOPIX-plus HECO - Ma Cabane mat\u00e9riaux naturels","description":"La pointe HECO-TOPIX supprime le besoin de pr\u00e9-per\u00e7age, r\u00e9duit le risque d'\u00e9clatement du bois T\u00eate frais\u00e9e, travail d'une seule main gr\u00e2ce au HECO-Drive","robots":{"index":"noindex","follow":"follow"},"og_locale":"fr_FR","og_type":"article","og_title":"Vis \u00e0 bois t\u00eate frais\u00e9e filet partiel HECO-TOPIX-plus HECO - Ma Cabane mat\u00e9riaux naturels","og_description":"La pointe HECO-TOPIX supprime le besoin de pr\u00e9-per\u00e7age, r\u00e9duit le risque d'\u00e9clatement du bois T\u00eate frais\u00e9e, travail d'une seule main gr\u00e2ce au HECO-Drive","og_url":"https:\/\/nature-et-developpement.com\/macabane-materiaux\/produit\/vis-a-bois-tete-fraisee-filet-partiel-heco-topix-plus-heco\/","og_site_name":"Ma Cabane mat\u00e9riaux naturels","article_modified_time":"2025-06-17T13:25:09+00:00","twitter_card":"summary_large_image","twitter_misc":{"Dur\u00e9e de lecture estim\u00e9e":"1 minute"},"schema":{"@context":"https:\/\/schema.org","@graph":[{"@type":"WebPage","@id":"https:\/\/nature-et-developpement.com\/macabane-materiaux\/produit\/vis-a-bois-tete-fraisee-filet-partiel-heco-topix-plus-heco\/","url":"https:\/\/nature-et-developpement.com\/macabane-materiaux\/produit\/vis-a-bois-tete-fraisee-filet-partiel-heco-topix-plus-heco\/","name":"Vis \u00e0 bois t\u00eate frais\u00e9e filet partiel HECO-TOPIX-plus HECO - Ma Cabane mat\u00e9riaux naturels","isPartOf":{"@id":"https:\/\/nature-et-developpement.com\/macabane-materiaux\/#website"},"primaryImageOfPage":{"@id":"https:\/\/nature-et-developpement.com\/macabane-materiaux\/produit\/vis-a-bois-tete-fraisee-filet-partiel-heco-topix-plus-heco\/#primaryimage"},"image":{"@id":"https:\/\/nature-et-developpement.com\/macabane-materiaux\/produit\/vis-a-bois-tete-fraisee-filet-partiel-heco-topix-plus-heco\/#primaryimage"},"thumbnailUrl":"https:\/\/nature-et-developpement.com\/macabane-materiaux\/wp-content\/uploads\/Vis-tete-fraisee-filet-partiel-HECO-TOPIX-plus-HECO.jpg","datePublished":"2023-03-02T16:45:48+00:00","dateModified":"2025-06-17T13:25:09+00:00","description":"La pointe HECO-TOPIX supprime le besoin de pr\u00e9-per\u00e7age, r\u00e9duit le risque d'\u00e9clatement du bois T\u00eate frais\u00e9e, travail d'une seule main gr\u00e2ce au HECO-Drive","breadcrumb":{"@id":"https:\/\/nature-et-developpement.com\/macabane-materiaux\/produit\/vis-a-bois-tete-fraisee-filet-partiel-heco-topix-plus-heco\/#breadcrumb"},"inLanguage":"fr-FR","potentialAction":[{"@type":"ReadAction","target":["https:\/\/nature-et-developpement.com\/macabane-materiaux\/produit\/vis-a-bois-tete-fraisee-filet-partiel-heco-topix-plus-heco\/"]}]},{"@type":"ImageObject","inLanguage":"fr-FR","@id":"https:\/\/nature-et-developpement.com\/macabane-materiaux\/produit\/vis-a-bois-tete-fraisee-filet-partiel-heco-topix-plus-heco\/#primaryimage","url":"https:\/\/nature-et-developpement.com\/macabane-materiaux\/wp-content\/uploads\/Vis-tete-fraisee-filet-partiel-HECO-TOPIX-plus-HECO.jpg","contentUrl":"https:\/\/nature-et-developpement.com\/macabane-materiaux\/wp-content\/uploads\/Vis-tete-fraisee-filet-partiel-HECO-TOPIX-plus-HECO.jpg"},{"@type":"BreadcrumbList","@id":"https:\/\/nature-et-developpement.com\/macabane-materiaux\/produit\/vis-a-bois-tete-fraisee-filet-partiel-heco-topix-plus-heco\/#breadcrumb","itemListElement":[{"@type":"ListItem","position":1,"name":"Accueil","item":"https:\/\/nature-et-developpement.com\/macabane-materiaux\/"},{"@type":"ListItem","position":2,"name":"Boutique","item":"https:\/\/nature-et-developpement.com\/macabane-materiaux\/boutique\/"},{"@type":"ListItem","position":3,"name":"Agencement ext\u00e9rieur","item":"https:\/\/nature-et-developpement.com\/macabane-materiaux\/produits\/agencement-exterieur\/"},{"@type":"ListItem","position":4,"name":"Accessoires agencement ext\u00e9rieur","item":"https:\/\/nature-et-developpement.com\/macabane-materiaux\/produits\/agencement-exterieur\/accessoires-agencement-exterieur\/"},{"@type":"ListItem","position":5,"name":"Vis \u00e0 bois t\u00eate frais\u00e9e filet partiel HECO-TOPIX-plus HECO"}]},{"@type":"WebSite","@id":"https:\/\/nature-et-developpement.com\/macabane-materiaux\/#website","url":"https:\/\/nature-et-developpement.com\/macabane-materiaux\/","name":"Ma Cabane mat\u00e9riaux naturels","description":"Ma Cabane est membre du groupement Nature &amp; D\u00e9veloppement","potentialAction":[{"@type":"SearchAction","target":{"@type":"EntryPoint","urlTemplate":"https:\/\/nature-et-developpement.com\/macabane-materiaux\/?s={search_term_string}"},"query-input":{"@type":"PropertyValueSpecification","valueRequired":true,"valueName":"search_term_string"}}],"inLanguage":"fr-FR"}]}},"distributor_meta":false,"distributor_terms":false,"distributor_media":false,"distributor_original_site_name":"Ma Cabane mat\u00e9riaux naturels","distributor_original_site_url":"https:\/\/nature-et-developpement.com\/macabane-materiaux","push-errors":false,"_links":{"self":[{"href":"https:\/\/nature-et-developpement.com\/macabane-materiaux\/wp-json\/wp\/v2\/product\/10968","targetHints":{"allow":["GET"]}}],"collection":[{"href":"https:\/\/nature-et-developpement.com\/macabane-materiaux\/wp-json\/wp\/v2\/product"}],"about":[{"href":"https:\/\/nature-et-developpement.com\/macabane-materiaux\/wp-json\/wp\/v2\/types\/product"}],"wp:featuredmedia":[{"embeddable":true,"href":"https:\/\/nature-et-developpement.com\/macabane-materiaux\/wp-json\/"}],"wp:attachment":[{"href":"https:\/\/nature-et-developpement.com\/macabane-materiaux\/wp-json\/wp\/v2\/media?parent=10968"}],"wp:term":[{"taxonomy":"product_brand","embeddable":true,"href":"https:\/\/nature-et-developpement.com\/macabane-materiaux\/wp-json\/wp\/v2\/product_brand?post=10968"},{"taxonomy":"product_cat","embeddable":true,"href":"https:\/\/nature-et-developpement.com\/macabane-materiaux\/wp-json\/wp\/v2\/product_cat?post=10968"},{"taxonomy":"product_tag","embeddable":true,"href":"https:\/\/nature-et-developpement.com\/macabane-materiaux\/wp-json\/wp\/v2\/product_tag?post=10968"}],"curies":[{"name":"wp","href":"https:\/\/api.w.org\/{rel}","templated":true}]}}