{"id":11037,"date":"2020-11-24T12:26:49","date_gmt":"2020-11-24T11:26:49","guid":{"rendered":"https:\/\/nature-et-developpement.com\/macabane-materiaux\/produit\/pads-pour-terrasse-heco\/"},"modified":"2025-06-17T15:25:10","modified_gmt":"2025-06-17T13:25:10","slug":"pads-pour-terrasse-heco","status":"publish","type":"product","link":"https:\/\/nature-et-developpement.com\/macabane-materiaux\/produit\/pads-pour-terrasse-heco\/","title":{"rendered":"Pads acoustique et imputrescible pour terrasse HECO"},"content":{"rendered":"","protected":false},"excerpt":{"rendered":"<div>Pads en granul\u00e9s de caoutchouc, pour un soubassement parfait des terrasse<\/div>\n<div>&#8211; Permet l&rsquo;\u00e9vacuation de l&rsquo;humidit\u00e9<\/div>\n<div>&#8211; Isolation acoustique<\/div>\n<div>&#8211; Imputrescible<\/div>\n<p>Format 60x90mm, existe en trois \u00e9paisseurs<\/p>\n","protected":false},"featured_media":1000000168944,"template":"","meta":[],"product_brand":[153],"product_cat":[2343,112,95],"product_tag":[1856],"class_list":{"0":"post-11037","1":"product","2":"type-product","3":"status-publish","4":"has-post-thumbnail","6":"product_brand-heco","7":"product_cat-accessoires-agencement-exterieur","8":"product_cat-agencement-exterieur","9":"product_cat-outillage","10":"product_tag-terrasse","11":"product_shipping_class-petit-equipement-outil-eclairage","13":"first","14":"instock","15":"taxable","16":"shipping-taxable","17":"purchasable","18":"product-type-variable"},"yoast_head":"<!-- This site is optimized with the Yoast SEO plugin v27.5 - https:\/\/yoast.com\/product\/yoast-seo-wordpress\/ -->\n<title>Pads acoustique et imputrescible pour terrasse HECO - Ma Cabane mat\u00e9riaux naturels<\/title>\n<meta name=\"description\" content=\"Pads en granul\u00e9s de caoutchouc, pour un soubassement parfait des terrasse - Permet l&#039;\u00e9vacuation de l&#039;humidit\u00e9 - Isolation acoustique - Imputrescible Format 60x90mm, existe en trois \u00e9paisseurs\" \/>\n<meta name=\"robots\" content=\"noindex, follow\" \/>\n<meta property=\"og:locale\" content=\"fr_FR\" \/>\n<meta property=\"og:type\" content=\"article\" \/>\n<meta property=\"og:title\" content=\"Pads acoustique et imputrescible pour terrasse HECO - Ma Cabane mat\u00e9riaux naturels\" \/>\n<meta property=\"og:description\" content=\"Pads en granul\u00e9s de caoutchouc, pour un soubassement parfait des terrasse - Permet l&#039;\u00e9vacuation de l&#039;humidit\u00e9 - Isolation acoustique - Imputrescible Format 60x90mm, existe en trois \u00e9paisseurs\" \/>\n<meta property=\"og:url\" content=\"https:\/\/nature-et-developpement.com\/macabane-materiaux\/produit\/pads-pour-terrasse-heco\/\" \/>\n<meta property=\"og:site_name\" content=\"Ma Cabane mat\u00e9riaux naturels\" \/>\n<meta property=\"article:modified_time\" content=\"2025-06-17T13:25:10+00:00\" \/>\n<meta name=\"twitter:card\" content=\"summary_large_image\" \/>\n<script type=\"application\/ld+json\" class=\"yoast-schema-graph\">{\"@context\":\"https:\\\/\\\/schema.org\",\"@graph\":[{\"@type\":\"WebPage\",\"@id\":\"https:\\\/\\\/nature-et-developpement.com\\\/macabane-materiaux\\\/produit\\\/pads-pour-terrasse-heco\\\/\",\"url\":\"https:\\\/\\\/nature-et-developpement.com\\\/macabane-materiaux\\\/produit\\\/pads-pour-terrasse-heco\\\/\",\"name\":\"Pads acoustique et imputrescible pour terrasse HECO - Ma Cabane mat\u00e9riaux naturels\",\"isPartOf\":{\"@id\":\"https:\\\/\\\/nature-et-developpement.com\\\/macabane-materiaux\\\/#website\"},\"primaryImageOfPage\":{\"@id\":\"https:\\\/\\\/nature-et-developpement.com\\\/macabane-materiaux\\\/produit\\\/pads-pour-terrasse-heco\\\/#primaryimage\"},\"image\":{\"@id\":\"https:\\\/\\\/nature-et-developpement.com\\\/macabane-materiaux\\\/produit\\\/pads-pour-terrasse-heco\\\/#primaryimage\"},\"thumbnailUrl\":\"https:\\\/\\\/nature-et-developpement.com\\\/macabane-materiaux\\\/wp-content\\\/uploads\\\/Pads-pour-terrasse-HECO.jpg\",\"datePublished\":\"2020-11-24T11:26:49+00:00\",\"dateModified\":\"2025-06-17T13:25:10+00:00\",\"description\":\"Pads en granul\u00e9s de caoutchouc, pour un soubassement parfait des terrasse - Permet l'\u00e9vacuation de l'humidit\u00e9 - Isolation acoustique - Imputrescible Format 60x90mm, existe en trois \u00e9paisseurs\",\"breadcrumb\":{\"@id\":\"https:\\\/\\\/nature-et-developpement.com\\\/macabane-materiaux\\\/produit\\\/pads-pour-terrasse-heco\\\/#breadcrumb\"},\"inLanguage\":\"fr-FR\",\"potentialAction\":[{\"@type\":\"ReadAction\",\"target\":[\"https:\\\/\\\/nature-et-developpement.com\\\/macabane-materiaux\\\/produit\\\/pads-pour-terrasse-heco\\\/\"]}]},{\"@type\":\"ImageObject\",\"inLanguage\":\"fr-FR\",\"@id\":\"https:\\\/\\\/nature-et-developpement.com\\\/macabane-materiaux\\\/produit\\\/pads-pour-terrasse-heco\\\/#primaryimage\",\"url\":\"https:\\\/\\\/nature-et-developpement.com\\\/macabane-materiaux\\\/wp-content\\\/uploads\\\/Pads-pour-terrasse-HECO.jpg\",\"contentUrl\":\"https:\\\/\\\/nature-et-developpement.com\\\/macabane-materiaux\\\/wp-content\\\/uploads\\\/Pads-pour-terrasse-HECO.jpg\"},{\"@type\":\"BreadcrumbList\",\"@id\":\"https:\\\/\\\/nature-et-developpement.com\\\/macabane-materiaux\\\/produit\\\/pads-pour-terrasse-heco\\\/#breadcrumb\",\"itemListElement\":[{\"@type\":\"ListItem\",\"position\":1,\"name\":\"Accueil\",\"item\":\"https:\\\/\\\/nature-et-developpement.com\\\/macabane-materiaux\\\/\"},{\"@type\":\"ListItem\",\"position\":2,\"name\":\"Boutique\",\"item\":\"https:\\\/\\\/nature-et-developpement.com\\\/macabane-materiaux\\\/boutique\\\/\"},{\"@type\":\"ListItem\",\"position\":3,\"name\":\"Agencement ext\u00e9rieur\",\"item\":\"https:\\\/\\\/nature-et-developpement.com\\\/macabane-materiaux\\\/produits\\\/agencement-exterieur\\\/\"},{\"@type\":\"ListItem\",\"position\":4,\"name\":\"Accessoires agencement ext\u00e9rieur\",\"item\":\"https:\\\/\\\/nature-et-developpement.com\\\/macabane-materiaux\\\/produits\\\/agencement-exterieur\\\/accessoires-agencement-exterieur\\\/\"},{\"@type\":\"ListItem\",\"position\":5,\"name\":\"Pads acoustique et imputrescible pour terrasse HECO\"}]},{\"@type\":\"WebSite\",\"@id\":\"https:\\\/\\\/nature-et-developpement.com\\\/macabane-materiaux\\\/#website\",\"url\":\"https:\\\/\\\/nature-et-developpement.com\\\/macabane-materiaux\\\/\",\"name\":\"Ma Cabane mat\u00e9riaux naturels\",\"description\":\"Ma Cabane est membre du groupement Nature &amp; D\u00e9veloppement\",\"potentialAction\":[{\"@type\":\"SearchAction\",\"target\":{\"@type\":\"EntryPoint\",\"urlTemplate\":\"https:\\\/\\\/nature-et-developpement.com\\\/macabane-materiaux\\\/?s={search_term_string}\"},\"query-input\":{\"@type\":\"PropertyValueSpecification\",\"valueRequired\":true,\"valueName\":\"search_term_string\"}}],\"inLanguage\":\"fr-FR\"}]}<\/script>\n<!-- \/ Yoast SEO plugin. -->","yoast_head_json":{"title":"Pads acoustique et imputrescible pour terrasse HECO - Ma Cabane mat\u00e9riaux naturels","description":"Pads en granul\u00e9s de caoutchouc, pour un soubassement parfait des terrasse - Permet l'\u00e9vacuation de l'humidit\u00e9 - Isolation acoustique - Imputrescible Format 60x90mm, existe en trois \u00e9paisseurs","robots":{"index":"noindex","follow":"follow"},"og_locale":"fr_FR","og_type":"article","og_title":"Pads acoustique et imputrescible pour terrasse HECO - Ma Cabane mat\u00e9riaux naturels","og_description":"Pads en granul\u00e9s de caoutchouc, pour un soubassement parfait des terrasse - Permet l'\u00e9vacuation de l'humidit\u00e9 - Isolation acoustique - Imputrescible Format 60x90mm, existe en trois \u00e9paisseurs","og_url":"https:\/\/nature-et-developpement.com\/macabane-materiaux\/produit\/pads-pour-terrasse-heco\/","og_site_name":"Ma Cabane mat\u00e9riaux naturels","article_modified_time":"2025-06-17T13:25:10+00:00","twitter_card":"summary_large_image","schema":{"@context":"https:\/\/schema.org","@graph":[{"@type":"WebPage","@id":"https:\/\/nature-et-developpement.com\/macabane-materiaux\/produit\/pads-pour-terrasse-heco\/","url":"https:\/\/nature-et-developpement.com\/macabane-materiaux\/produit\/pads-pour-terrasse-heco\/","name":"Pads acoustique et imputrescible pour terrasse HECO - Ma Cabane mat\u00e9riaux naturels","isPartOf":{"@id":"https:\/\/nature-et-developpement.com\/macabane-materiaux\/#website"},"primaryImageOfPage":{"@id":"https:\/\/nature-et-developpement.com\/macabane-materiaux\/produit\/pads-pour-terrasse-heco\/#primaryimage"},"image":{"@id":"https:\/\/nature-et-developpement.com\/macabane-materiaux\/produit\/pads-pour-terrasse-heco\/#primaryimage"},"thumbnailUrl":"https:\/\/nature-et-developpement.com\/macabane-materiaux\/wp-content\/uploads\/Pads-pour-terrasse-HECO.jpg","datePublished":"2020-11-24T11:26:49+00:00","dateModified":"2025-06-17T13:25:10+00:00","description":"Pads en granul\u00e9s de caoutchouc, pour un soubassement parfait des terrasse - Permet l'\u00e9vacuation de l'humidit\u00e9 - Isolation acoustique - Imputrescible Format 60x90mm, existe en trois \u00e9paisseurs","breadcrumb":{"@id":"https:\/\/nature-et-developpement.com\/macabane-materiaux\/produit\/pads-pour-terrasse-heco\/#breadcrumb"},"inLanguage":"fr-FR","potentialAction":[{"@type":"ReadAction","target":["https:\/\/nature-et-developpement.com\/macabane-materiaux\/produit\/pads-pour-terrasse-heco\/"]}]},{"@type":"ImageObject","inLanguage":"fr-FR","@id":"https:\/\/nature-et-developpement.com\/macabane-materiaux\/produit\/pads-pour-terrasse-heco\/#primaryimage","url":"https:\/\/nature-et-developpement.com\/macabane-materiaux\/wp-content\/uploads\/Pads-pour-terrasse-HECO.jpg","contentUrl":"https:\/\/nature-et-developpement.com\/macabane-materiaux\/wp-content\/uploads\/Pads-pour-terrasse-HECO.jpg"},{"@type":"BreadcrumbList","@id":"https:\/\/nature-et-developpement.com\/macabane-materiaux\/produit\/pads-pour-terrasse-heco\/#breadcrumb","itemListElement":[{"@type":"ListItem","position":1,"name":"Accueil","item":"https:\/\/nature-et-developpement.com\/macabane-materiaux\/"},{"@type":"ListItem","position":2,"name":"Boutique","item":"https:\/\/nature-et-developpement.com\/macabane-materiaux\/boutique\/"},{"@type":"ListItem","position":3,"name":"Agencement ext\u00e9rieur","item":"https:\/\/nature-et-developpement.com\/macabane-materiaux\/produits\/agencement-exterieur\/"},{"@type":"ListItem","position":4,"name":"Accessoires agencement ext\u00e9rieur","item":"https:\/\/nature-et-developpement.com\/macabane-materiaux\/produits\/agencement-exterieur\/accessoires-agencement-exterieur\/"},{"@type":"ListItem","position":5,"name":"Pads acoustique et imputrescible pour terrasse HECO"}]},{"@type":"WebSite","@id":"https:\/\/nature-et-developpement.com\/macabane-materiaux\/#website","url":"https:\/\/nature-et-developpement.com\/macabane-materiaux\/","name":"Ma Cabane mat\u00e9riaux naturels","description":"Ma Cabane est membre du groupement Nature &amp; D\u00e9veloppement","potentialAction":[{"@type":"SearchAction","target":{"@type":"EntryPoint","urlTemplate":"https:\/\/nature-et-developpement.com\/macabane-materiaux\/?s={search_term_string}"},"query-input":{"@type":"PropertyValueSpecification","valueRequired":true,"valueName":"search_term_string"}}],"inLanguage":"fr-FR"}]}},"distributor_meta":false,"distributor_terms":false,"distributor_media":false,"distributor_original_site_name":"Ma Cabane mat\u00e9riaux naturels","distributor_original_site_url":"https:\/\/nature-et-developpement.com\/macabane-materiaux","push-errors":false,"_links":{"self":[{"href":"https:\/\/nature-et-developpement.com\/macabane-materiaux\/wp-json\/wp\/v2\/product\/11037","targetHints":{"allow":["GET"]}}],"collection":[{"href":"https:\/\/nature-et-developpement.com\/macabane-materiaux\/wp-json\/wp\/v2\/product"}],"about":[{"href":"https:\/\/nature-et-developpement.com\/macabane-materiaux\/wp-json\/wp\/v2\/types\/product"}],"wp:featuredmedia":[{"embeddable":true,"href":"https:\/\/nature-et-developpement.com\/macabane-materiaux\/wp-json\/"}],"wp:attachment":[{"href":"https:\/\/nature-et-developpement.com\/macabane-materiaux\/wp-json\/wp\/v2\/media?parent=11037"}],"wp:term":[{"taxonomy":"product_brand","embeddable":true,"href":"https:\/\/nature-et-developpement.com\/macabane-materiaux\/wp-json\/wp\/v2\/product_brand?post=11037"},{"taxonomy":"product_cat","embeddable":true,"href":"https:\/\/nature-et-developpement.com\/macabane-materiaux\/wp-json\/wp\/v2\/product_cat?post=11037"},{"taxonomy":"product_tag","embeddable":true,"href":"https:\/\/nature-et-developpement.com\/macabane-materiaux\/wp-json\/wp\/v2\/product_tag?post=11037"}],"curies":[{"name":"wp","href":"https:\/\/api.w.org\/{rel}","templated":true}]}}