{"id":11056,"date":"2020-11-24T12:26:31","date_gmt":"2020-11-24T11:26:31","guid":{"rendered":"https:\/\/nature-et-developpement.com\/macabane-materiaux\/produit\/vis-a-bois-heco-topix-plus\/"},"modified":"2025-06-17T15:25:10","modified_gmt":"2025-06-17T13:25:10","slug":"vis-a-bois-heco-topix-plus","status":"publish","type":"product","link":"https:\/\/nature-et-developpement.com\/macabane-materiaux\/produit\/vis-a-bois-heco-topix-plus\/","title":{"rendered":"Vis \u00e0 bois professionnelle HECO-TOPIX-plus pour OSB, Ag\u00e9pan, bardages, meubles&#8230;"},"content":{"rendered":"<h2>Une vis \u00e0 bois pro fait toute la diff\u00e9rence<\/h2>\n<p>HECO-TOPIX\u00ae-plus allie un concentr\u00e9 de savoir-faire technologique \u00e0 de nombreux avantages pratiques dans un m\u00eame type de vis \u00e0 bois.<\/p>\n<p>Son secret : les vis HECO-TOPIX\u00ae-plus combinent les points forts de quatre gammes HECO.<\/p>\n<p>Gr\u00e2ce aux caract\u00e9ristiques innovantes HECO-Drive, GripFit, MagicClose et PerfectPitch, associ\u00e9es \u00e0 un nouveau concept uniformis\u00e9 de taille d\u2019empreinte et \u00e0 des accessoires syst\u00e8me de grande qualit\u00e9, HECO-TOPIX\u00ae-plus est la vis \u00e0 bois parfaite pour pratiquement toutes les applications.<\/p>\n<p>Avec l&#8217;empreinte HECO-Drive pour le travail d\u2019une seule main. Maintient \u00e9galement des vis en acier inoxydable solidement fix\u00e9es sur l\u2019embout.<\/p>\n<p>Vous profiterez ainsi d\u2019une grande avance technologique mais aussi et surtout d\u2019une manipulation simple et de performances optimales.<\/p>\n<h3>Les avantages de cette vis:<\/h3>\n<ul>\n<li>GripFit\u00a0: empreinte HECO-Drive pour le travail d\u2019une seule main. Maintient \u00e9galement les vis en acier inoxydable solidement fix\u00e9es sur l\u2019embout.<\/li>\n<li>T\u00eate frais\u00e9e dot\u00e9e de poches de fraisage\u00a0: pour une noyure nette de la t\u00eate dans le bois et dans l\u2019attache, sans endommager la surface de l\u2019attache.<\/li>\n<li>Transmission de forces de traction et de compression \u00e9lev\u00e9es par le biais du filet total continu jusqu\u2019\u00e0 la t\u00eate<\/li>\n<li>La pointe de la vis HECO-TOPIX rend le per\u00e7age d\u2019avant-trous inutile, r\u00e9duit le risque de fissuration du bois et permet une mise en \u0153uvre \u00e0 proximit\u00e9 des bords et des entraxes minimes.<\/li>\n<li>PerfectPitch\u00a0: un pas de filetage optimal pour toutes les longueurs de vis. Des performances id\u00e9ales pour toutes les applications li\u00e9es au travail du bois.<\/li>\n<li>Rev\u00eatement sans chrome\u00a0(VI)<\/li>\n<li>Produit homologu\u00e9 et contr\u00f4l\u00e9<\/li>\n<\/ul>\n<p>&nbsp;<\/p>\n<p><img loading=\"lazy\" decoding=\"async\" class=\" size-full wp-image-143778\" src=\"https:\/\/nature-et-developpement.com\/wp-content\/uploads\/cms\/HECO\/HECI-TOPIX-plus.jpg\" alt=\"\" width=\"581\" height=\"761\" \/><\/p>\n","protected":false},"excerpt":{"rendered":"<p>HECO-TOPIX\u00ae-plus est la vis \u00e0 bois parfaite pour vos assemblages de bois, panneaux de particules, OSB, Ag\u00e9pan, bardages, meubles&#8230;<\/p>\n<p>L&#8217;empreinte HECO-Drive, et ces\u00a0embouts d\u00e9di\u00e9s, vous permettes un travail d\u2019une seule main (m\u00eame pour les vis inox).<\/p>\n","protected":false},"featured_media":1000000168953,"template":"","meta":[],"product_brand":[153],"product_cat":[2342,2341,118],"product_tag":[1856],"class_list":{"0":"post-11056","1":"product","2":"type-product","3":"status-publish","4":"has-post-thumbnail","6":"product_brand-heco","7":"product_cat-accessoires-construction","8":"product_cat-accessoires-isolation-et-etancheite","9":"product_cat-visserie","10":"product_tag-terrasse","11":"product_shipping_class-petit-equipement-outil-eclairage","13":"first","14":"instock","15":"taxable","16":"shipping-taxable","17":"purchasable","18":"product-type-variable"},"yoast_head":"<!-- This site is optimized with the Yoast SEO plugin v27.5 - https:\/\/yoast.com\/product\/yoast-seo-wordpress\/ -->\n<title>Vis \u00e0 bois professionnelle HECO-TOPIX-plus OSB, bardages, meubles<\/title>\n<meta name=\"description\" content=\"HECO-TOPIX\u00ae-plus est la vis \u00e0 bois parfaite pour vos assemblages de bois, panneaux de particules, OSB, Ag\u00e9pan, bardages, meubles...  L&#039;empreinte HECO-Drive, et ces\u00a0embouts d\u00e9di\u00e9s, vous permettes un travail d\u2019une seule main (m\u00eame pour les vis inox).\" \/>\n<meta name=\"robots\" content=\"noindex, follow\" \/>\n<meta property=\"og:locale\" content=\"fr_FR\" \/>\n<meta property=\"og:type\" content=\"article\" \/>\n<meta property=\"og:title\" content=\"Vis \u00e0 bois professionnelle HECO-TOPIX-plus OSB, bardages, meubles\" \/>\n<meta property=\"og:description\" content=\"HECO-TOPIX\u00ae-plus est la vis \u00e0 bois parfaite pour vos assemblages de bois, panneaux de particules, OSB, Ag\u00e9pan, bardages, meubles...  L&#039;empreinte HECO-Drive, et ces\u00a0embouts d\u00e9di\u00e9s, vous permettes un travail d\u2019une seule main (m\u00eame pour les vis inox).\" \/>\n<meta property=\"og:url\" content=\"https:\/\/nature-et-developpement.com\/macabane-materiaux\/produit\/vis-a-bois-heco-topix-plus\/\" \/>\n<meta property=\"og:site_name\" content=\"Ma Cabane mat\u00e9riaux naturels\" \/>\n<meta property=\"article:modified_time\" content=\"2025-06-17T13:25:10+00:00\" \/>\n<meta name=\"twitter:card\" content=\"summary_large_image\" \/>\n<meta name=\"twitter:label1\" content=\"Dur\u00e9e de lecture estim\u00e9e\" \/>\n\t<meta name=\"twitter:data1\" content=\"2 minutes\" \/>\n<script type=\"application\/ld+json\" class=\"yoast-schema-graph\">{\"@context\":\"https:\\\/\\\/schema.org\",\"@graph\":[{\"@type\":\"WebPage\",\"@id\":\"https:\\\/\\\/nature-et-developpement.com\\\/macabane-materiaux\\\/produit\\\/vis-a-bois-heco-topix-plus\\\/\",\"url\":\"https:\\\/\\\/nature-et-developpement.com\\\/macabane-materiaux\\\/produit\\\/vis-a-bois-heco-topix-plus\\\/\",\"name\":\"Vis \u00e0 bois professionnelle HECO-TOPIX-plus OSB, bardages, meubles\",\"isPartOf\":{\"@id\":\"https:\\\/\\\/nature-et-developpement.com\\\/macabane-materiaux\\\/#website\"},\"primaryImageOfPage\":{\"@id\":\"https:\\\/\\\/nature-et-developpement.com\\\/macabane-materiaux\\\/produit\\\/vis-a-bois-heco-topix-plus\\\/#primaryimage\"},\"image\":{\"@id\":\"https:\\\/\\\/nature-et-developpement.com\\\/macabane-materiaux\\\/produit\\\/vis-a-bois-heco-topix-plus\\\/#primaryimage\"},\"thumbnailUrl\":\"https:\\\/\\\/nature-et-developpement.com\\\/macabane-materiaux\\\/wp-content\\\/uploads\\\/Vis-a-bois-professionnelle-HECO-TOPIX-plus.jpg\",\"datePublished\":\"2020-11-24T11:26:31+00:00\",\"dateModified\":\"2025-06-17T13:25:10+00:00\",\"description\":\"HECO-TOPIX\u00ae-plus est la vis \u00e0 bois parfaite pour vos assemblages de bois, panneaux de particules, OSB, Ag\u00e9pan, bardages, meubles... L'empreinte HECO-Drive, et ces\u00a0embouts d\u00e9di\u00e9s, vous permettes un travail d\u2019une seule main (m\u00eame pour les vis inox).\",\"breadcrumb\":{\"@id\":\"https:\\\/\\\/nature-et-developpement.com\\\/macabane-materiaux\\\/produit\\\/vis-a-bois-heco-topix-plus\\\/#breadcrumb\"},\"inLanguage\":\"fr-FR\",\"potentialAction\":[{\"@type\":\"ReadAction\",\"target\":[\"https:\\\/\\\/nature-et-developpement.com\\\/macabane-materiaux\\\/produit\\\/vis-a-bois-heco-topix-plus\\\/\"]}]},{\"@type\":\"ImageObject\",\"inLanguage\":\"fr-FR\",\"@id\":\"https:\\\/\\\/nature-et-developpement.com\\\/macabane-materiaux\\\/produit\\\/vis-a-bois-heco-topix-plus\\\/#primaryimage\",\"url\":\"https:\\\/\\\/nature-et-developpement.com\\\/macabane-materiaux\\\/wp-content\\\/uploads\\\/Vis-a-bois-professionnelle-HECO-TOPIX-plus.jpg\",\"contentUrl\":\"https:\\\/\\\/nature-et-developpement.com\\\/macabane-materiaux\\\/wp-content\\\/uploads\\\/Vis-a-bois-professionnelle-HECO-TOPIX-plus.jpg\"},{\"@type\":\"BreadcrumbList\",\"@id\":\"https:\\\/\\\/nature-et-developpement.com\\\/macabane-materiaux\\\/produit\\\/vis-a-bois-heco-topix-plus\\\/#breadcrumb\",\"itemListElement\":[{\"@type\":\"ListItem\",\"position\":1,\"name\":\"Accueil\",\"item\":\"https:\\\/\\\/nature-et-developpement.com\\\/macabane-materiaux\\\/\"},{\"@type\":\"ListItem\",\"position\":2,\"name\":\"Boutique\",\"item\":\"https:\\\/\\\/nature-et-developpement.com\\\/macabane-materiaux\\\/boutique\\\/\"},{\"@type\":\"ListItem\",\"position\":3,\"name\":\"Construction, cloison et fen\u00eatres\",\"item\":\"https:\\\/\\\/nature-et-developpement.com\\\/macabane-materiaux\\\/produits\\\/construction\\\/\"},{\"@type\":\"ListItem\",\"position\":4,\"name\":\"Accessoires construction\",\"item\":\"https:\\\/\\\/nature-et-developpement.com\\\/macabane-materiaux\\\/produits\\\/construction\\\/accessoires-construction\\\/\"},{\"@type\":\"ListItem\",\"position\":5,\"name\":\"Vis \u00e0 bois professionnelle HECO-TOPIX-plus pour OSB, Ag\u00e9pan, bardages, meubles&#8230;\"}]},{\"@type\":\"WebSite\",\"@id\":\"https:\\\/\\\/nature-et-developpement.com\\\/macabane-materiaux\\\/#website\",\"url\":\"https:\\\/\\\/nature-et-developpement.com\\\/macabane-materiaux\\\/\",\"name\":\"Ma Cabane mat\u00e9riaux naturels\",\"description\":\"Ma Cabane est membre du groupement Nature &amp; D\u00e9veloppement\",\"potentialAction\":[{\"@type\":\"SearchAction\",\"target\":{\"@type\":\"EntryPoint\",\"urlTemplate\":\"https:\\\/\\\/nature-et-developpement.com\\\/macabane-materiaux\\\/?s={search_term_string}\"},\"query-input\":{\"@type\":\"PropertyValueSpecification\",\"valueRequired\":true,\"valueName\":\"search_term_string\"}}],\"inLanguage\":\"fr-FR\"}]}<\/script>\n<!-- \/ Yoast SEO plugin. -->","yoast_head_json":{"title":"Vis \u00e0 bois professionnelle HECO-TOPIX-plus OSB, bardages, meubles","description":"HECO-TOPIX\u00ae-plus est la vis \u00e0 bois parfaite pour vos assemblages de bois, panneaux de particules, OSB, Ag\u00e9pan, bardages, meubles...  L'empreinte HECO-Drive, et ces\u00a0embouts d\u00e9di\u00e9s, vous permettes un travail d\u2019une seule main (m\u00eame pour les vis inox).","robots":{"index":"noindex","follow":"follow"},"og_locale":"fr_FR","og_type":"article","og_title":"Vis \u00e0 bois professionnelle HECO-TOPIX-plus OSB, bardages, meubles","og_description":"HECO-TOPIX\u00ae-plus est la vis \u00e0 bois parfaite pour vos assemblages de bois, panneaux de particules, OSB, Ag\u00e9pan, bardages, meubles...  L'empreinte HECO-Drive, et ces\u00a0embouts d\u00e9di\u00e9s, vous permettes un travail d\u2019une seule main (m\u00eame pour les vis inox).","og_url":"https:\/\/nature-et-developpement.com\/macabane-materiaux\/produit\/vis-a-bois-heco-topix-plus\/","og_site_name":"Ma Cabane mat\u00e9riaux naturels","article_modified_time":"2025-06-17T13:25:10+00:00","twitter_card":"summary_large_image","twitter_misc":{"Dur\u00e9e de lecture estim\u00e9e":"2 minutes"},"schema":{"@context":"https:\/\/schema.org","@graph":[{"@type":"WebPage","@id":"https:\/\/nature-et-developpement.com\/macabane-materiaux\/produit\/vis-a-bois-heco-topix-plus\/","url":"https:\/\/nature-et-developpement.com\/macabane-materiaux\/produit\/vis-a-bois-heco-topix-plus\/","name":"Vis \u00e0 bois professionnelle HECO-TOPIX-plus OSB, bardages, meubles","isPartOf":{"@id":"https:\/\/nature-et-developpement.com\/macabane-materiaux\/#website"},"primaryImageOfPage":{"@id":"https:\/\/nature-et-developpement.com\/macabane-materiaux\/produit\/vis-a-bois-heco-topix-plus\/#primaryimage"},"image":{"@id":"https:\/\/nature-et-developpement.com\/macabane-materiaux\/produit\/vis-a-bois-heco-topix-plus\/#primaryimage"},"thumbnailUrl":"https:\/\/nature-et-developpement.com\/macabane-materiaux\/wp-content\/uploads\/Vis-a-bois-professionnelle-HECO-TOPIX-plus.jpg","datePublished":"2020-11-24T11:26:31+00:00","dateModified":"2025-06-17T13:25:10+00:00","description":"HECO-TOPIX\u00ae-plus est la vis \u00e0 bois parfaite pour vos assemblages de bois, panneaux de particules, OSB, Ag\u00e9pan, bardages, meubles... L'empreinte HECO-Drive, et ces\u00a0embouts d\u00e9di\u00e9s, vous permettes un travail d\u2019une seule main (m\u00eame pour les vis inox).","breadcrumb":{"@id":"https:\/\/nature-et-developpement.com\/macabane-materiaux\/produit\/vis-a-bois-heco-topix-plus\/#breadcrumb"},"inLanguage":"fr-FR","potentialAction":[{"@type":"ReadAction","target":["https:\/\/nature-et-developpement.com\/macabane-materiaux\/produit\/vis-a-bois-heco-topix-plus\/"]}]},{"@type":"ImageObject","inLanguage":"fr-FR","@id":"https:\/\/nature-et-developpement.com\/macabane-materiaux\/produit\/vis-a-bois-heco-topix-plus\/#primaryimage","url":"https:\/\/nature-et-developpement.com\/macabane-materiaux\/wp-content\/uploads\/Vis-a-bois-professionnelle-HECO-TOPIX-plus.jpg","contentUrl":"https:\/\/nature-et-developpement.com\/macabane-materiaux\/wp-content\/uploads\/Vis-a-bois-professionnelle-HECO-TOPIX-plus.jpg"},{"@type":"BreadcrumbList","@id":"https:\/\/nature-et-developpement.com\/macabane-materiaux\/produit\/vis-a-bois-heco-topix-plus\/#breadcrumb","itemListElement":[{"@type":"ListItem","position":1,"name":"Accueil","item":"https:\/\/nature-et-developpement.com\/macabane-materiaux\/"},{"@type":"ListItem","position":2,"name":"Boutique","item":"https:\/\/nature-et-developpement.com\/macabane-materiaux\/boutique\/"},{"@type":"ListItem","position":3,"name":"Construction, cloison et fen\u00eatres","item":"https:\/\/nature-et-developpement.com\/macabane-materiaux\/produits\/construction\/"},{"@type":"ListItem","position":4,"name":"Accessoires construction","item":"https:\/\/nature-et-developpement.com\/macabane-materiaux\/produits\/construction\/accessoires-construction\/"},{"@type":"ListItem","position":5,"name":"Vis \u00e0 bois professionnelle HECO-TOPIX-plus pour OSB, Ag\u00e9pan, bardages, meubles&#8230;"}]},{"@type":"WebSite","@id":"https:\/\/nature-et-developpement.com\/macabane-materiaux\/#website","url":"https:\/\/nature-et-developpement.com\/macabane-materiaux\/","name":"Ma Cabane mat\u00e9riaux naturels","description":"Ma Cabane est membre du groupement Nature &amp; D\u00e9veloppement","potentialAction":[{"@type":"SearchAction","target":{"@type":"EntryPoint","urlTemplate":"https:\/\/nature-et-developpement.com\/macabane-materiaux\/?s={search_term_string}"},"query-input":{"@type":"PropertyValueSpecification","valueRequired":true,"valueName":"search_term_string"}}],"inLanguage":"fr-FR"}]}},"distributor_meta":false,"distributor_terms":false,"distributor_media":false,"distributor_original_site_name":"Ma Cabane mat\u00e9riaux naturels","distributor_original_site_url":"https:\/\/nature-et-developpement.com\/macabane-materiaux","push-errors":false,"_links":{"self":[{"href":"https:\/\/nature-et-developpement.com\/macabane-materiaux\/wp-json\/wp\/v2\/product\/11056","targetHints":{"allow":["GET"]}}],"collection":[{"href":"https:\/\/nature-et-developpement.com\/macabane-materiaux\/wp-json\/wp\/v2\/product"}],"about":[{"href":"https:\/\/nature-et-developpement.com\/macabane-materiaux\/wp-json\/wp\/v2\/types\/product"}],"wp:featuredmedia":[{"embeddable":true,"href":"https:\/\/nature-et-developpement.com\/macabane-materiaux\/wp-json\/"}],"wp:attachment":[{"href":"https:\/\/nature-et-developpement.com\/macabane-materiaux\/wp-json\/wp\/v2\/media?parent=11056"}],"wp:term":[{"taxonomy":"product_brand","embeddable":true,"href":"https:\/\/nature-et-developpement.com\/macabane-materiaux\/wp-json\/wp\/v2\/product_brand?post=11056"},{"taxonomy":"product_cat","embeddable":true,"href":"https:\/\/nature-et-developpement.com\/macabane-materiaux\/wp-json\/wp\/v2\/product_cat?post=11056"},{"taxonomy":"product_tag","embeddable":true,"href":"https:\/\/nature-et-developpement.com\/macabane-materiaux\/wp-json\/wp\/v2\/product_tag?post=11056"}],"curies":[{"name":"wp","href":"https:\/\/api.w.org\/{rel}","templated":true}]}}