{"id":11064,"date":"2020-11-24T12:26:22","date_gmt":"2020-11-24T11:26:22","guid":{"rendered":"https:\/\/nature-et-developpement.com\/macabane-materiaux\/produit\/gabarit-de-pose-pour-vis-a-bois-20-x-20-cm-heco-topix\/"},"modified":"2025-06-17T15:22:09","modified_gmt":"2025-06-17T13:22:09","slug":"gabarit-de-pose-pour-vis-a-bois-20-x-20-cm-heco-topix","status":"publish","type":"product","link":"https:\/\/nature-et-developpement.com\/macabane-materiaux\/produit\/gabarit-de-pose-pour-vis-a-bois-20-x-20-cm-heco-topix\/","title":{"rendered":"Gabarit de pose pour vis \u00e0 bois 20 x 20 cm HECO-TOPIX"},"content":{"rendered":"","protected":false},"excerpt":{"rendered":"<p>Gabarit\u00a0pour avoir le bon angle de pose pour les vis \u00e0 bois HECO-TOPIX.<\/p>\n<p>20cm x 20cm en plastique orange<\/p>\n","protected":false},"featured_media":1000000168939,"template":"","meta":[],"product_brand":[153],"product_cat":[2341,95,118],"product_tag":[2768],"class_list":{"0":"post-11064","1":"product","2":"type-product","3":"status-publish","4":"has-post-thumbnail","6":"product_brand-heco","7":"product_cat-accessoires-isolation-et-etancheite","8":"product_cat-outillage","9":"product_cat-visserie","10":"product_tag-heco","11":"product_shipping_class-petit-equipement-outil-eclairage","13":"first","14":"instock","15":"taxable","16":"shipping-taxable","17":"purchasable","18":"product-type-simple"},"yoast_head":"<!-- This site is optimized with the Yoast SEO plugin v27.5 - https:\/\/yoast.com\/product\/yoast-seo-wordpress\/ -->\n<title>Gabarit de pose pour vis \u00e0 bois 20 x 20 cm HECO-TOPIX - Ma Cabane mat\u00e9riaux naturels<\/title>\n<meta name=\"description\" content=\"Gabarit\u00a0pour avoir le bon angle de pose pour les vis \u00e0 bois HECO-TOPIX.  20cm x 20cm en plastique orange\" \/>\n<meta name=\"robots\" content=\"noindex, follow\" \/>\n<meta property=\"og:locale\" content=\"fr_FR\" \/>\n<meta property=\"og:type\" content=\"article\" \/>\n<meta property=\"og:title\" content=\"Gabarit de pose pour vis \u00e0 bois 20 x 20 cm HECO-TOPIX - Ma Cabane mat\u00e9riaux naturels\" \/>\n<meta property=\"og:description\" content=\"Gabarit\u00a0pour avoir le bon angle de pose pour les vis \u00e0 bois HECO-TOPIX.  20cm x 20cm en plastique orange\" \/>\n<meta property=\"og:url\" content=\"https:\/\/nature-et-developpement.com\/macabane-materiaux\/produit\/gabarit-de-pose-pour-vis-a-bois-20-x-20-cm-heco-topix\/\" \/>\n<meta property=\"og:site_name\" content=\"Ma Cabane mat\u00e9riaux naturels\" \/>\n<meta property=\"article:modified_time\" content=\"2025-06-17T13:22:09+00:00\" \/>\n<meta name=\"twitter:card\" content=\"summary_large_image\" \/>\n<script type=\"application\/ld+json\" class=\"yoast-schema-graph\">{\"@context\":\"https:\\\/\\\/schema.org\",\"@graph\":[{\"@type\":\"WebPage\",\"@id\":\"https:\\\/\\\/nature-et-developpement.com\\\/macabane-materiaux\\\/produit\\\/gabarit-de-pose-pour-vis-a-bois-20-x-20-cm-heco-topix\\\/\",\"url\":\"https:\\\/\\\/nature-et-developpement.com\\\/macabane-materiaux\\\/produit\\\/gabarit-de-pose-pour-vis-a-bois-20-x-20-cm-heco-topix\\\/\",\"name\":\"Gabarit de pose pour vis \u00e0 bois 20 x 20 cm HECO-TOPIX - Ma Cabane mat\u00e9riaux naturels\",\"isPartOf\":{\"@id\":\"https:\\\/\\\/nature-et-developpement.com\\\/macabane-materiaux\\\/#website\"},\"primaryImageOfPage\":{\"@id\":\"https:\\\/\\\/nature-et-developpement.com\\\/macabane-materiaux\\\/produit\\\/gabarit-de-pose-pour-vis-a-bois-20-x-20-cm-heco-topix\\\/#primaryimage\"},\"image\":{\"@id\":\"https:\\\/\\\/nature-et-developpement.com\\\/macabane-materiaux\\\/produit\\\/gabarit-de-pose-pour-vis-a-bois-20-x-20-cm-heco-topix\\\/#primaryimage\"},\"thumbnailUrl\":\"https:\\\/\\\/nature-et-developpement.com\\\/macabane-materiaux\\\/wp-content\\\/uploads\\\/Gabarit-de-pose-pour-vis-a-bois-20-x-20-cm-HECO-TOPIX.jpg\",\"datePublished\":\"2020-11-24T11:26:22+00:00\",\"dateModified\":\"2025-06-17T13:22:09+00:00\",\"description\":\"Gabarit\u00a0pour avoir le bon angle de pose pour les vis \u00e0 bois HECO-TOPIX. 20cm x 20cm en plastique orange\",\"breadcrumb\":{\"@id\":\"https:\\\/\\\/nature-et-developpement.com\\\/macabane-materiaux\\\/produit\\\/gabarit-de-pose-pour-vis-a-bois-20-x-20-cm-heco-topix\\\/#breadcrumb\"},\"inLanguage\":\"fr-FR\",\"potentialAction\":[{\"@type\":\"ReadAction\",\"target\":[\"https:\\\/\\\/nature-et-developpement.com\\\/macabane-materiaux\\\/produit\\\/gabarit-de-pose-pour-vis-a-bois-20-x-20-cm-heco-topix\\\/\"]}]},{\"@type\":\"ImageObject\",\"inLanguage\":\"fr-FR\",\"@id\":\"https:\\\/\\\/nature-et-developpement.com\\\/macabane-materiaux\\\/produit\\\/gabarit-de-pose-pour-vis-a-bois-20-x-20-cm-heco-topix\\\/#primaryimage\",\"url\":\"https:\\\/\\\/nature-et-developpement.com\\\/macabane-materiaux\\\/wp-content\\\/uploads\\\/Gabarit-de-pose-pour-vis-a-bois-20-x-20-cm-HECO-TOPIX.jpg\",\"contentUrl\":\"https:\\\/\\\/nature-et-developpement.com\\\/macabane-materiaux\\\/wp-content\\\/uploads\\\/Gabarit-de-pose-pour-vis-a-bois-20-x-20-cm-HECO-TOPIX.jpg\"},{\"@type\":\"BreadcrumbList\",\"@id\":\"https:\\\/\\\/nature-et-developpement.com\\\/macabane-materiaux\\\/produit\\\/gabarit-de-pose-pour-vis-a-bois-20-x-20-cm-heco-topix\\\/#breadcrumb\",\"itemListElement\":[{\"@type\":\"ListItem\",\"position\":1,\"name\":\"Accueil\",\"item\":\"https:\\\/\\\/nature-et-developpement.com\\\/macabane-materiaux\\\/\"},{\"@type\":\"ListItem\",\"position\":2,\"name\":\"Boutique\",\"item\":\"https:\\\/\\\/nature-et-developpement.com\\\/macabane-materiaux\\\/boutique\\\/\"},{\"@type\":\"ListItem\",\"position\":3,\"name\":\"Isolation et \u00e9tanch\u00e9it\u00e9\",\"item\":\"https:\\\/\\\/nature-et-developpement.com\\\/macabane-materiaux\\\/produits\\\/isolation-et-etancheite\\\/\"},{\"@type\":\"ListItem\",\"position\":4,\"name\":\"Accessoires isolation et \u00e9tanch\u00e9it\u00e9\",\"item\":\"https:\\\/\\\/nature-et-developpement.com\\\/macabane-materiaux\\\/produits\\\/isolation-et-etancheite\\\/accessoires-isolation-et-etancheite\\\/\"},{\"@type\":\"ListItem\",\"position\":5,\"name\":\"Gabarit de pose pour vis \u00e0 bois 20 x 20 cm HECO-TOPIX\"}]},{\"@type\":\"WebSite\",\"@id\":\"https:\\\/\\\/nature-et-developpement.com\\\/macabane-materiaux\\\/#website\",\"url\":\"https:\\\/\\\/nature-et-developpement.com\\\/macabane-materiaux\\\/\",\"name\":\"Ma Cabane mat\u00e9riaux naturels\",\"description\":\"Ma Cabane est membre du groupement Nature &amp; D\u00e9veloppement\",\"potentialAction\":[{\"@type\":\"SearchAction\",\"target\":{\"@type\":\"EntryPoint\",\"urlTemplate\":\"https:\\\/\\\/nature-et-developpement.com\\\/macabane-materiaux\\\/?s={search_term_string}\"},\"query-input\":{\"@type\":\"PropertyValueSpecification\",\"valueRequired\":true,\"valueName\":\"search_term_string\"}}],\"inLanguage\":\"fr-FR\"}]}<\/script>\n<!-- \/ Yoast SEO plugin. -->","yoast_head_json":{"title":"Gabarit de pose pour vis \u00e0 bois 20 x 20 cm HECO-TOPIX - Ma Cabane mat\u00e9riaux naturels","description":"Gabarit\u00a0pour avoir le bon angle de pose pour les vis \u00e0 bois HECO-TOPIX.  20cm x 20cm en plastique orange","robots":{"index":"noindex","follow":"follow"},"og_locale":"fr_FR","og_type":"article","og_title":"Gabarit de pose pour vis \u00e0 bois 20 x 20 cm HECO-TOPIX - Ma Cabane mat\u00e9riaux naturels","og_description":"Gabarit\u00a0pour avoir le bon angle de pose pour les vis \u00e0 bois HECO-TOPIX.  20cm x 20cm en plastique orange","og_url":"https:\/\/nature-et-developpement.com\/macabane-materiaux\/produit\/gabarit-de-pose-pour-vis-a-bois-20-x-20-cm-heco-topix\/","og_site_name":"Ma Cabane mat\u00e9riaux naturels","article_modified_time":"2025-06-17T13:22:09+00:00","twitter_card":"summary_large_image","schema":{"@context":"https:\/\/schema.org","@graph":[{"@type":"WebPage","@id":"https:\/\/nature-et-developpement.com\/macabane-materiaux\/produit\/gabarit-de-pose-pour-vis-a-bois-20-x-20-cm-heco-topix\/","url":"https:\/\/nature-et-developpement.com\/macabane-materiaux\/produit\/gabarit-de-pose-pour-vis-a-bois-20-x-20-cm-heco-topix\/","name":"Gabarit de pose pour vis \u00e0 bois 20 x 20 cm HECO-TOPIX - Ma Cabane mat\u00e9riaux naturels","isPartOf":{"@id":"https:\/\/nature-et-developpement.com\/macabane-materiaux\/#website"},"primaryImageOfPage":{"@id":"https:\/\/nature-et-developpement.com\/macabane-materiaux\/produit\/gabarit-de-pose-pour-vis-a-bois-20-x-20-cm-heco-topix\/#primaryimage"},"image":{"@id":"https:\/\/nature-et-developpement.com\/macabane-materiaux\/produit\/gabarit-de-pose-pour-vis-a-bois-20-x-20-cm-heco-topix\/#primaryimage"},"thumbnailUrl":"https:\/\/nature-et-developpement.com\/macabane-materiaux\/wp-content\/uploads\/Gabarit-de-pose-pour-vis-a-bois-20-x-20-cm-HECO-TOPIX.jpg","datePublished":"2020-11-24T11:26:22+00:00","dateModified":"2025-06-17T13:22:09+00:00","description":"Gabarit\u00a0pour avoir le bon angle de pose pour les vis \u00e0 bois HECO-TOPIX. 20cm x 20cm en plastique orange","breadcrumb":{"@id":"https:\/\/nature-et-developpement.com\/macabane-materiaux\/produit\/gabarit-de-pose-pour-vis-a-bois-20-x-20-cm-heco-topix\/#breadcrumb"},"inLanguage":"fr-FR","potentialAction":[{"@type":"ReadAction","target":["https:\/\/nature-et-developpement.com\/macabane-materiaux\/produit\/gabarit-de-pose-pour-vis-a-bois-20-x-20-cm-heco-topix\/"]}]},{"@type":"ImageObject","inLanguage":"fr-FR","@id":"https:\/\/nature-et-developpement.com\/macabane-materiaux\/produit\/gabarit-de-pose-pour-vis-a-bois-20-x-20-cm-heco-topix\/#primaryimage","url":"https:\/\/nature-et-developpement.com\/macabane-materiaux\/wp-content\/uploads\/Gabarit-de-pose-pour-vis-a-bois-20-x-20-cm-HECO-TOPIX.jpg","contentUrl":"https:\/\/nature-et-developpement.com\/macabane-materiaux\/wp-content\/uploads\/Gabarit-de-pose-pour-vis-a-bois-20-x-20-cm-HECO-TOPIX.jpg"},{"@type":"BreadcrumbList","@id":"https:\/\/nature-et-developpement.com\/macabane-materiaux\/produit\/gabarit-de-pose-pour-vis-a-bois-20-x-20-cm-heco-topix\/#breadcrumb","itemListElement":[{"@type":"ListItem","position":1,"name":"Accueil","item":"https:\/\/nature-et-developpement.com\/macabane-materiaux\/"},{"@type":"ListItem","position":2,"name":"Boutique","item":"https:\/\/nature-et-developpement.com\/macabane-materiaux\/boutique\/"},{"@type":"ListItem","position":3,"name":"Isolation et \u00e9tanch\u00e9it\u00e9","item":"https:\/\/nature-et-developpement.com\/macabane-materiaux\/produits\/isolation-et-etancheite\/"},{"@type":"ListItem","position":4,"name":"Accessoires isolation et \u00e9tanch\u00e9it\u00e9","item":"https:\/\/nature-et-developpement.com\/macabane-materiaux\/produits\/isolation-et-etancheite\/accessoires-isolation-et-etancheite\/"},{"@type":"ListItem","position":5,"name":"Gabarit de pose pour vis \u00e0 bois 20 x 20 cm HECO-TOPIX"}]},{"@type":"WebSite","@id":"https:\/\/nature-et-developpement.com\/macabane-materiaux\/#website","url":"https:\/\/nature-et-developpement.com\/macabane-materiaux\/","name":"Ma Cabane mat\u00e9riaux naturels","description":"Ma Cabane est membre du groupement Nature &amp; D\u00e9veloppement","potentialAction":[{"@type":"SearchAction","target":{"@type":"EntryPoint","urlTemplate":"https:\/\/nature-et-developpement.com\/macabane-materiaux\/?s={search_term_string}"},"query-input":{"@type":"PropertyValueSpecification","valueRequired":true,"valueName":"search_term_string"}}],"inLanguage":"fr-FR"}]}},"distributor_meta":false,"distributor_terms":false,"distributor_media":false,"distributor_original_site_name":"Ma Cabane mat\u00e9riaux naturels","distributor_original_site_url":"https:\/\/nature-et-developpement.com\/macabane-materiaux","push-errors":false,"_links":{"self":[{"href":"https:\/\/nature-et-developpement.com\/macabane-materiaux\/wp-json\/wp\/v2\/product\/11064","targetHints":{"allow":["GET"]}}],"collection":[{"href":"https:\/\/nature-et-developpement.com\/macabane-materiaux\/wp-json\/wp\/v2\/product"}],"about":[{"href":"https:\/\/nature-et-developpement.com\/macabane-materiaux\/wp-json\/wp\/v2\/types\/product"}],"wp:featuredmedia":[{"embeddable":true,"href":"https:\/\/nature-et-developpement.com\/macabane-materiaux\/wp-json\/"}],"wp:attachment":[{"href":"https:\/\/nature-et-developpement.com\/macabane-materiaux\/wp-json\/wp\/v2\/media?parent=11064"}],"wp:term":[{"taxonomy":"product_brand","embeddable":true,"href":"https:\/\/nature-et-developpement.com\/macabane-materiaux\/wp-json\/wp\/v2\/product_brand?post=11064"},{"taxonomy":"product_cat","embeddable":true,"href":"https:\/\/nature-et-developpement.com\/macabane-materiaux\/wp-json\/wp\/v2\/product_cat?post=11064"},{"taxonomy":"product_tag","embeddable":true,"href":"https:\/\/nature-et-developpement.com\/macabane-materiaux\/wp-json\/wp\/v2\/product_tag?post=11064"}],"curies":[{"name":"wp","href":"https:\/\/api.w.org\/{rel}","templated":true}]}}