{"id":1114,"date":"2017-01-01T00:00:00","date_gmt":"2016-12-31T23:00:00","guid":{"rendered":"https:\/\/nature-et-developpement.com\/macabane-materiaux\/produit\/encastre-de-sol-3w-leduxion\/"},"modified":"2026-03-06T14:52:48","modified_gmt":"2026-03-06T13:52:48","slug":"encastre-de-sol-3w-leduxion","status":"publish","type":"product","link":"https:\/\/nature-et-developpement.com\/macabane-materiaux\/produit\/encastre-de-sol-3w-leduxion\/","title":{"rendered":"Spot ext\u00e9rieur LED encastr\u00e9 \u00e0 induction 3W gamme LEDUXION"},"content":{"rendered":"<h2>Spot ext\u00e9rieur sans c\u00e2blage \u00e9lectrique<\/h2>\n<p>Encastr\u00e9 ext\u00e9rieur LEDUXION 2W IP67 fonctionne en induction magn\u00e9tique, est en INOX 316L.<\/p>\n<p>Tr\u00e8s pratique avec sa base qui se raccorde directement au r\u00e9seau 230V.<\/p>\n<ul>\n<li>L&rsquo;encastr\u00e9 LEDUXION en version diffuse vous garantit un chantier sans probl\u00e8mes li\u00e9 \u00e0 l&rsquo;\u00e9tanch\u00e9it\u00e9.<\/li>\n<li>L&rsquo;encastr\u00e9 LEDUXION en \u00e9clairage intensif permet d&rsquo;\u00e9clairer de petits massifs (piquet en option), de mettre en lumi\u00e8re des murs en \u00e9clairage rasant.<\/li>\n<\/ul>\n<p><strong>Un raccordement \u00e9lectrique sans contact, r\u00e9volutionnaire sur ce type de produits.<\/strong><\/p>\n<p>Les probl\u00e8mes g\u00e9n\u00e9ralement rencontr\u00e9s avec les encastr\u00e9s de sols ext\u00e9rieurs sont li\u00e9s \u00e0 de l&rsquo;humidit\u00e9 qui rentre dans le spot.<\/p>\n<ul>\n<li>Soit le spot doit \u00eatre ouvert pour ins\u00e9rer une ampoule, et ceci doit \u00eatre r\u00e9alis\u00e9 dans dans conditions d&rsquo;hydrothermie bien particuli\u00e8res<\/li>\n<li>Soit le drainage du spot n&rsquo;est pas assez bien r\u00e9alis\u00e9, et de l&rsquo;eau stagne dans l&#8217;embase et elle fini par rentrer dans le luminaire.<\/li>\n<\/ul>\n<p>Avec le LEDUXION, ces probl\u00e8mes n&rsquo;existent pas.<\/p>\n<p>L&#8217;embase est enti\u00e8rement surmoul\u00e9e en plastique et les composants internes sont r\u00e9sin\u00e9s.<\/p>\n<p>Le spot est \u00e9galement totalement scell\u00e9 sans possibilit\u00e9 d&rsquo;ouverture.<\/p>\n<p>Il s&rsquo;agit ici d&rsquo;un module LED dont la dur\u00e9e de vie est 5 fois sup\u00e9rieure \u00e0 une ampoule.<\/p>\n<p>Si de l&rsquo;eau devait s&rsquo;infiltrer entre l&#8217;embase et le spot, \u00e7a ne g\u00eanerait aucunement le fonctionnement de l&rsquo;ensemble.<\/p>\n<p>&nbsp;<\/p>\n<h3>O\u00f9 utiliser ce spot encastrable ext\u00e9rieur ?<\/h3>\n<p>Id\u00e9alement pour du balisage de terrasses, d&rsquo;all\u00e9es, o\u00f9 encore pour \u00e9clairer dans des jardini\u00e8res ou de petits massifs (jusqu&rsquo;\u00e0 1m de hauteur) avec son accessoire piquet LX002.<\/p>\n<p>Si vous avez besoin de plus de puissance pour r\u00e9tro\u00e9clairer une fa\u00e7ade de maison, ou des massifs plus imposants, dirigez-vous plut\u00f4t vers la gamme LICHEN qui propose des puissances plus importantes.<\/p>\n<p>Le c\u00e2blage se fait en s\u00e9rie et l&rsquo;alimentation est d\u00e9port\u00e9e.<\/p>\n<p>En pratique, qu\u2019est-ce que \u00e7a veut dire\u00a0?<\/p>\n<p>Vous \u00e9tiez habitu\u00e9 \u00e0 remplacer des lampes en maintenance.<\/p>\n<h4>Avec une dur\u00e9e de vie vraiment importante des LED.<\/h4>\n<p>C\u2019est plut\u00f4t les alimentations qui se remplacent en maintenance.<\/p>\n<p>Associer les alimentations aux spots implique que vous allez devoir jeter un ensemble alors que la LED est sans doute encore fonctionnelle, mais votre alimentation a rendu l\u2019\u00e2me&#8230;<\/p>\n<p>Second probl\u00e8me, une LED \u00e7a chauffe.<\/p>\n<p>M\u00eame si c\u2019est moins que les ampoules incandescentes.<\/p>\n<p>La chaleur se propage dans le spot et sur l\u2019alimentation.<\/p>\n<p>Hors, qu\u2019est-ce qui, selon vous, r\u00e9duit la dur\u00e9e de vie d\u2019une alimentation\u00a0? Et oui, la chaleur\u00a0!<\/p>\n<p>Et dernier probl\u00e8me mais pas le moindre : le rayonnement \u00e9lectromagn\u00e9tique des alimentations.<\/p>\n<p>Toutes ces alimentations, enferm\u00e9es dans vos spots, rayonnent gaiement au- dessus de vos t\u00eates.<\/p>\n<p>Surtout lorsque vous\u00a0 faites de la variation.<\/p>\n<p>Il vaut donc mieux avoir 1 seule alimentation qui rayonne loin de vous, dans votre garage par exemple.<\/p>\n<p>Elle sera beaucoup mieux ventil\u00e9e qu\u2019enferm\u00e9e dans un spot, et durera beaucoup plus longtemps.<\/p>\n<p>Une seule alimentation, c\u2019est \u00e9galement moins de composants \u00e9lectroniques utilis\u00e9s et globalement moins de rayonnement.<\/p>\n<p>Il suffit ensuite de remplacer la LED dans votre spot une fois tous les 20-30 ans (suivant la dur\u00e9e d\u2019utilisation journali\u00e8re du luminaire).<\/p>\n<p>Tout cela est beaucoup plus \u00e9colo qu\u2019un spot LED direct 230V implant\u00e9 sous un isolant, dont la dur\u00e9e de vie sera r\u00e9duite, et dont tous les composants seront jet\u00e9s \u00e0 chaque renouv\u00e8lement de produit&#8230;<\/p>\n<p>Ressorts fournis pour int\u00e9gration dans les terrasses bois, pr\u00e9voir le pot de scellement b\u00e9ton pour l&rsquo;encastrement dans les terrasses ma\u00e7onn\u00e9es.<\/p>\n<p><strong>Fournis avec 3 connecteurs IP67<\/strong><\/p>\n<p>&nbsp;<\/p>\n","protected":false},"excerpt":{"rendered":"<p>Vous n\u2019auriez plus aucun soucis d\u2019humidit\u00e9 dans les encastr\u00e9s de sol ext\u00e9rieurs, m\u00eame si votre drainage n\u2019est pas parfait.<\/p>\n<p><strong>GARANTIE 5 ANS<\/strong><\/p>\n","protected":false},"featured_media":1000000158892,"template":"","meta":[],"product_brand":[144],"product_cat":[106],"product_tag":[],"class_list":{"0":"post-1114","1":"product","2":"type-product","3":"status-publish","4":"has-post-thumbnail","6":"product_brand-fd-eclairage","7":"product_cat-eclairage","8":"product_shipping_class-petit-equipement-outil-eclairage","10":"first","11":"instock","12":"taxable","13":"shipping-taxable","14":"purchasable","15":"product-type-variable"},"yoast_head":"<!-- This site is optimized with the Yoast SEO plugin v27.5 - https:\/\/yoast.com\/product\/yoast-seo-wordpress\/ -->\n<title>Spot ext\u00e9rieur LED encastr\u00e9 \u00e0 induction 3W gamme LEDUXION - Ma Cabane mat\u00e9riaux naturels<\/title>\n<meta name=\"description\" content=\"Vous n\u2019auriez plus aucun soucis d\u2019humidit\u00e9 dans les encastr\u00e9s de sol ext\u00e9rieurs, m\u00eame si votre drainage n\u2019est pas parfait.  GARANTIE 5 ANS\" \/>\n<meta name=\"robots\" content=\"noindex, nofollow\" \/>\n<meta property=\"og:locale\" content=\"fr_FR\" \/>\n<meta property=\"og:type\" content=\"article\" \/>\n<meta property=\"og:title\" content=\"Spot ext\u00e9rieur LED encastr\u00e9 \u00e0 induction 3W gamme LEDUXION - Ma Cabane mat\u00e9riaux naturels\" \/>\n<meta property=\"og:description\" content=\"Vous n\u2019auriez plus aucun soucis d\u2019humidit\u00e9 dans les encastr\u00e9s de sol ext\u00e9rieurs, m\u00eame si votre drainage n\u2019est pas parfait.  GARANTIE 5 ANS\" \/>\n<meta property=\"og:url\" content=\"https:\/\/nature-et-developpement.com\/macabane-materiaux\/produit\/encastre-de-sol-3w-leduxion\/\" \/>\n<meta property=\"og:site_name\" content=\"Ma Cabane mat\u00e9riaux naturels\" \/>\n<meta property=\"article:modified_time\" content=\"2026-03-06T13:52:48+00:00\" \/>\n<meta name=\"twitter:card\" content=\"summary_large_image\" \/>\n<meta name=\"twitter:label1\" content=\"Dur\u00e9e de lecture estim\u00e9e\" \/>\n\t<meta name=\"twitter:data1\" content=\"2 minutes\" \/>\n<script type=\"application\/ld+json\" class=\"yoast-schema-graph\">{\"@context\":\"https:\\\/\\\/schema.org\",\"@graph\":[{\"@type\":\"WebPage\",\"@id\":\"https:\\\/\\\/nature-et-developpement.com\\\/macabane-materiaux\\\/produit\\\/encastre-de-sol-3w-leduxion\\\/\",\"url\":\"https:\\\/\\\/nature-et-developpement.com\\\/macabane-materiaux\\\/produit\\\/encastre-de-sol-3w-leduxion\\\/\",\"name\":\"Spot ext\u00e9rieur LED encastr\u00e9 \u00e0 induction 3W gamme LEDUXION - Ma Cabane mat\u00e9riaux naturels\",\"isPartOf\":{\"@id\":\"https:\\\/\\\/nature-et-developpement.com\\\/macabane-materiaux\\\/#website\"},\"primaryImageOfPage\":{\"@id\":\"https:\\\/\\\/nature-et-developpement.com\\\/macabane-materiaux\\\/produit\\\/encastre-de-sol-3w-leduxion\\\/#primaryimage\"},\"image\":{\"@id\":\"https:\\\/\\\/nature-et-developpement.com\\\/macabane-materiaux\\\/produit\\\/encastre-de-sol-3w-leduxion\\\/#primaryimage\"},\"thumbnailUrl\":\"https:\\\/\\\/nature-et-developpement.com\\\/macabane-materiaux\\\/wp-content\\\/uploads\\\/Encastre-de-sol-LEDUXION-3W-FD-Eclairage.jpg\",\"datePublished\":\"2016-12-31T23:00:00+00:00\",\"dateModified\":\"2026-03-06T13:52:48+00:00\",\"description\":\"Vous n\u2019auriez plus aucun soucis d\u2019humidit\u00e9 dans les encastr\u00e9s de sol ext\u00e9rieurs, m\u00eame si votre drainage n\u2019est pas parfait. GARANTIE 5 ANS\",\"breadcrumb\":{\"@id\":\"https:\\\/\\\/nature-et-developpement.com\\\/macabane-materiaux\\\/produit\\\/encastre-de-sol-3w-leduxion\\\/#breadcrumb\"},\"inLanguage\":\"fr-FR\",\"potentialAction\":[{\"@type\":\"ReadAction\",\"target\":[\"https:\\\/\\\/nature-et-developpement.com\\\/macabane-materiaux\\\/produit\\\/encastre-de-sol-3w-leduxion\\\/\"]}]},{\"@type\":\"ImageObject\",\"inLanguage\":\"fr-FR\",\"@id\":\"https:\\\/\\\/nature-et-developpement.com\\\/macabane-materiaux\\\/produit\\\/encastre-de-sol-3w-leduxion\\\/#primaryimage\",\"url\":\"https:\\\/\\\/nature-et-developpement.com\\\/macabane-materiaux\\\/wp-content\\\/uploads\\\/Encastre-de-sol-LEDUXION-3W-FD-Eclairage.jpg\",\"contentUrl\":\"https:\\\/\\\/nature-et-developpement.com\\\/macabane-materiaux\\\/wp-content\\\/uploads\\\/Encastre-de-sol-LEDUXION-3W-FD-Eclairage.jpg\"},{\"@type\":\"BreadcrumbList\",\"@id\":\"https:\\\/\\\/nature-et-developpement.com\\\/macabane-materiaux\\\/produit\\\/encastre-de-sol-3w-leduxion\\\/#breadcrumb\",\"itemListElement\":[{\"@type\":\"ListItem\",\"position\":1,\"name\":\"Accueil\",\"item\":\"https:\\\/\\\/nature-et-developpement.com\\\/macabane-materiaux\\\/\"},{\"@type\":\"ListItem\",\"position\":2,\"name\":\"Boutique\",\"item\":\"https:\\\/\\\/nature-et-developpement.com\\\/macabane-materiaux\\\/boutique\\\/\"},{\"@type\":\"ListItem\",\"position\":3,\"name\":\"Chauffage, eau et \u00e9nergie\",\"item\":\"https:\\\/\\\/nature-et-developpement.com\\\/macabane-materiaux\\\/produits\\\/energie-et-ventilation\\\/\"},{\"@type\":\"ListItem\",\"position\":4,\"name\":\"Lampe, lumi\u00e8re, \u00e9clairage LED et puit de lumi\u00e8re\",\"item\":\"https:\\\/\\\/nature-et-developpement.com\\\/macabane-materiaux\\\/produits\\\/energie-et-ventilation\\\/eclairage\\\/\"},{\"@type\":\"ListItem\",\"position\":5,\"name\":\"Spot ext\u00e9rieur LED encastr\u00e9 \u00e0 induction 3W gamme LEDUXION\"}]},{\"@type\":\"WebSite\",\"@id\":\"https:\\\/\\\/nature-et-developpement.com\\\/macabane-materiaux\\\/#website\",\"url\":\"https:\\\/\\\/nature-et-developpement.com\\\/macabane-materiaux\\\/\",\"name\":\"Ma Cabane mat\u00e9riaux naturels\",\"description\":\"Ma Cabane est membre du groupement Nature &amp; D\u00e9veloppement\",\"potentialAction\":[{\"@type\":\"SearchAction\",\"target\":{\"@type\":\"EntryPoint\",\"urlTemplate\":\"https:\\\/\\\/nature-et-developpement.com\\\/macabane-materiaux\\\/?s={search_term_string}\"},\"query-input\":{\"@type\":\"PropertyValueSpecification\",\"valueRequired\":true,\"valueName\":\"search_term_string\"}}],\"inLanguage\":\"fr-FR\"}]}<\/script>\n<!-- \/ Yoast SEO plugin. -->","yoast_head_json":{"title":"Spot ext\u00e9rieur LED encastr\u00e9 \u00e0 induction 3W gamme LEDUXION - Ma Cabane mat\u00e9riaux naturels","description":"Vous n\u2019auriez plus aucun soucis d\u2019humidit\u00e9 dans les encastr\u00e9s de sol ext\u00e9rieurs, m\u00eame si votre drainage n\u2019est pas parfait.  GARANTIE 5 ANS","robots":{"index":"noindex","follow":"nofollow"},"og_locale":"fr_FR","og_type":"article","og_title":"Spot ext\u00e9rieur LED encastr\u00e9 \u00e0 induction 3W gamme LEDUXION - Ma Cabane mat\u00e9riaux naturels","og_description":"Vous n\u2019auriez plus aucun soucis d\u2019humidit\u00e9 dans les encastr\u00e9s de sol ext\u00e9rieurs, m\u00eame si votre drainage n\u2019est pas parfait.  GARANTIE 5 ANS","og_url":"https:\/\/nature-et-developpement.com\/macabane-materiaux\/produit\/encastre-de-sol-3w-leduxion\/","og_site_name":"Ma Cabane mat\u00e9riaux naturels","article_modified_time":"2026-03-06T13:52:48+00:00","twitter_card":"summary_large_image","twitter_misc":{"Dur\u00e9e de lecture estim\u00e9e":"2 minutes"},"schema":{"@context":"https:\/\/schema.org","@graph":[{"@type":"WebPage","@id":"https:\/\/nature-et-developpement.com\/macabane-materiaux\/produit\/encastre-de-sol-3w-leduxion\/","url":"https:\/\/nature-et-developpement.com\/macabane-materiaux\/produit\/encastre-de-sol-3w-leduxion\/","name":"Spot ext\u00e9rieur LED encastr\u00e9 \u00e0 induction 3W gamme LEDUXION - Ma Cabane mat\u00e9riaux naturels","isPartOf":{"@id":"https:\/\/nature-et-developpement.com\/macabane-materiaux\/#website"},"primaryImageOfPage":{"@id":"https:\/\/nature-et-developpement.com\/macabane-materiaux\/produit\/encastre-de-sol-3w-leduxion\/#primaryimage"},"image":{"@id":"https:\/\/nature-et-developpement.com\/macabane-materiaux\/produit\/encastre-de-sol-3w-leduxion\/#primaryimage"},"thumbnailUrl":"https:\/\/nature-et-developpement.com\/macabane-materiaux\/wp-content\/uploads\/Encastre-de-sol-LEDUXION-3W-FD-Eclairage.jpg","datePublished":"2016-12-31T23:00:00+00:00","dateModified":"2026-03-06T13:52:48+00:00","description":"Vous n\u2019auriez plus aucun soucis d\u2019humidit\u00e9 dans les encastr\u00e9s de sol ext\u00e9rieurs, m\u00eame si votre drainage n\u2019est pas parfait. GARANTIE 5 ANS","breadcrumb":{"@id":"https:\/\/nature-et-developpement.com\/macabane-materiaux\/produit\/encastre-de-sol-3w-leduxion\/#breadcrumb"},"inLanguage":"fr-FR","potentialAction":[{"@type":"ReadAction","target":["https:\/\/nature-et-developpement.com\/macabane-materiaux\/produit\/encastre-de-sol-3w-leduxion\/"]}]},{"@type":"ImageObject","inLanguage":"fr-FR","@id":"https:\/\/nature-et-developpement.com\/macabane-materiaux\/produit\/encastre-de-sol-3w-leduxion\/#primaryimage","url":"https:\/\/nature-et-developpement.com\/macabane-materiaux\/wp-content\/uploads\/Encastre-de-sol-LEDUXION-3W-FD-Eclairage.jpg","contentUrl":"https:\/\/nature-et-developpement.com\/macabane-materiaux\/wp-content\/uploads\/Encastre-de-sol-LEDUXION-3W-FD-Eclairage.jpg"},{"@type":"BreadcrumbList","@id":"https:\/\/nature-et-developpement.com\/macabane-materiaux\/produit\/encastre-de-sol-3w-leduxion\/#breadcrumb","itemListElement":[{"@type":"ListItem","position":1,"name":"Accueil","item":"https:\/\/nature-et-developpement.com\/macabane-materiaux\/"},{"@type":"ListItem","position":2,"name":"Boutique","item":"https:\/\/nature-et-developpement.com\/macabane-materiaux\/boutique\/"},{"@type":"ListItem","position":3,"name":"Chauffage, eau et \u00e9nergie","item":"https:\/\/nature-et-developpement.com\/macabane-materiaux\/produits\/energie-et-ventilation\/"},{"@type":"ListItem","position":4,"name":"Lampe, lumi\u00e8re, \u00e9clairage LED et puit de lumi\u00e8re","item":"https:\/\/nature-et-developpement.com\/macabane-materiaux\/produits\/energie-et-ventilation\/eclairage\/"},{"@type":"ListItem","position":5,"name":"Spot ext\u00e9rieur LED encastr\u00e9 \u00e0 induction 3W gamme LEDUXION"}]},{"@type":"WebSite","@id":"https:\/\/nature-et-developpement.com\/macabane-materiaux\/#website","url":"https:\/\/nature-et-developpement.com\/macabane-materiaux\/","name":"Ma Cabane mat\u00e9riaux naturels","description":"Ma Cabane est membre du groupement Nature &amp; D\u00e9veloppement","potentialAction":[{"@type":"SearchAction","target":{"@type":"EntryPoint","urlTemplate":"https:\/\/nature-et-developpement.com\/macabane-materiaux\/?s={search_term_string}"},"query-input":{"@type":"PropertyValueSpecification","valueRequired":true,"valueName":"search_term_string"}}],"inLanguage":"fr-FR"}]}},"distributor_meta":false,"distributor_terms":false,"distributor_media":false,"distributor_original_site_name":"Ma Cabane mat\u00e9riaux naturels","distributor_original_site_url":"https:\/\/nature-et-developpement.com\/macabane-materiaux","push-errors":false,"_links":{"self":[{"href":"https:\/\/nature-et-developpement.com\/macabane-materiaux\/wp-json\/wp\/v2\/product\/1114","targetHints":{"allow":["GET"]}}],"collection":[{"href":"https:\/\/nature-et-developpement.com\/macabane-materiaux\/wp-json\/wp\/v2\/product"}],"about":[{"href":"https:\/\/nature-et-developpement.com\/macabane-materiaux\/wp-json\/wp\/v2\/types\/product"}],"wp:featuredmedia":[{"embeddable":true,"href":"https:\/\/nature-et-developpement.com\/macabane-materiaux\/wp-json\/"}],"wp:attachment":[{"href":"https:\/\/nature-et-developpement.com\/macabane-materiaux\/wp-json\/wp\/v2\/media?parent=1114"}],"wp:term":[{"taxonomy":"product_brand","embeddable":true,"href":"https:\/\/nature-et-developpement.com\/macabane-materiaux\/wp-json\/wp\/v2\/product_brand?post=1114"},{"taxonomy":"product_cat","embeddable":true,"href":"https:\/\/nature-et-developpement.com\/macabane-materiaux\/wp-json\/wp\/v2\/product_cat?post=1114"},{"taxonomy":"product_tag","embeddable":true,"href":"https:\/\/nature-et-developpement.com\/macabane-materiaux\/wp-json\/wp\/v2\/product_tag?post=1114"}],"curies":[{"name":"wp","href":"https:\/\/api.w.org\/{rel}","templated":true}]}}