{"id":11295,"date":"2017-01-01T00:00:00","date_gmt":"2016-12-31T23:00:00","guid":{"rendered":"https:\/\/nature-et-developpement.com\/macabane-materiaux\/produit\/mortier-terre-pour-maconner-les-btc-argilus\/"},"modified":"2026-01-27T12:46:49","modified_gmt":"2026-01-27T11:46:49","slug":"mortier-terre-pour-maconner-les-btc-argilus","status":"publish","type":"product","link":"https:\/\/nature-et-developpement.com\/macabane-materiaux\/produit\/mortier-terre-pour-maconner-les-btc-argilus\/","title":{"rendered":"Mortier terre pour ma\u00e7onner les BTC Argilus"},"content":{"rendered":"<h2>Le bon mortier , pour un bon montage de BTC<\/h2>\n<p>Afin d\u2019assurer une application de qualit\u00e9 des BTC, il est conseill\u00e9 de r\u00e9aliser la mise en \u0153uvre en 2 \u00e9tapes :<\/p>\n<p>1) montage du mur en BTC \u00e0 l\u2019aide du mortier<\/p>\n<p>2) une fois le mur sec, r\u00e9alisation des joints au pochoir ou \u00e0 la truelle \u201clangue de chat\u201d (avec le m\u00eame mortier)<\/p>\n<p>Afin d\u2019\u00e9viter un tassement des joints en pied de mur, l\u2019applicateur veillera \u00e0 ma\u00e7onner uniquement une hauteur maximale de 1,5 m\u00e8tre par jour.<\/p>\n<p>TEMPS DE SECHAGE : d\u00e9finitif apr\u00e8s environ 72h<\/p>\n<p><strong>ATTENTION : il faudra respecter scrupuleusement les quantit\u00e9s d\u2019eau \u00e0 ajouter (6 \u00e0 7 litres environ pour un\u00a0<\/strong><strong>sac de 25 kg) et ne surtout pas humidifier les BTC.<\/strong><\/p>\n<p><strong>\u00a0<\/strong><\/p>\n<p><strong><img loading=\"lazy\" decoding=\"async\" class=\" size-full wp-image-103597\" src=\"https:\/\/nature-et-developpement.com\/wp-content\/uploads\/cms\/ARGILUS\/Mortier-colle-BTC.jpg\" alt=\"\" width=\"1000\" height=\"182\" \/><\/strong><\/p>\n","protected":false},"excerpt":{"rendered":"<p>Le MORTIER d\u2019argile ARGILUS sert exclusivement \u00e0 la mise en \u0153uvre de Briques de Terre Crue (BTC) ARGITECH.<\/p>\n<p>Il se pr\u00e9pare au malaxeur ou \u00e0 la b\u00e9tonni\u00e8re et s\u2019applique \u00e0 l\u2019aide d\u2019une simple truelle.<\/p>\n","protected":false},"featured_media":1000000169324,"template":"","meta":[],"product_brand":[125],"product_cat":[2342,72,82],"product_tag":[2682],"class_list":{"0":"post-11295","1":"product","2":"type-product","3":"status-publish","4":"has-post-thumbnail","6":"product_brand-argilus","7":"product_cat-accessoires-construction","8":"product_cat-demande-de-devis-uniquement-avec-prix","9":"product_cat-maconnerie","10":"product_tag-argilus","11":"product_shipping_class-sac-de-25kg","13":"first","14":"instock","15":"taxable","16":"shipping-taxable","17":"purchasable","18":"product-type-variable"},"yoast_head":"<!-- This site is optimized with the Yoast SEO plugin v27.5 - https:\/\/yoast.com\/product\/yoast-seo-wordpress\/ -->\n<title>Mortier terre pour ma\u00e7onner les BTC Argilus - Ma Cabane mat\u00e9riaux naturels<\/title>\n<meta name=\"description\" content=\"Le MORTIER d\u2019argile ARGILUS sert exclusivement \u00e0 la mise en \u0153uvre de Briques de Terre Crue (BTC) ARGITECH.  Il se pr\u00e9pare au malaxeur ou \u00e0 la b\u00e9tonni\u00e8re et s\u2019applique \u00e0 l\u2019aide d\u2019une simple truelle.\" \/>\n<meta name=\"robots\" content=\"noindex, nofollow\" \/>\n<meta property=\"og:locale\" content=\"fr_FR\" \/>\n<meta property=\"og:type\" content=\"article\" \/>\n<meta property=\"og:title\" content=\"Mortier terre pour ma\u00e7onner les BTC Argilus - Ma Cabane mat\u00e9riaux naturels\" \/>\n<meta property=\"og:description\" content=\"Le MORTIER d\u2019argile ARGILUS sert exclusivement \u00e0 la mise en \u0153uvre de Briques de Terre Crue (BTC) ARGITECH.  Il se pr\u00e9pare au malaxeur ou \u00e0 la b\u00e9tonni\u00e8re et s\u2019applique \u00e0 l\u2019aide d\u2019une simple truelle.\" \/>\n<meta property=\"og:url\" content=\"https:\/\/nature-et-developpement.com\/macabane-materiaux\/produit\/mortier-terre-pour-maconner-les-btc-argilus\/\" \/>\n<meta property=\"og:site_name\" content=\"Ma Cabane mat\u00e9riaux naturels\" \/>\n<meta property=\"article:modified_time\" content=\"2026-01-27T11:46:49+00:00\" \/>\n<meta name=\"twitter:card\" content=\"summary_large_image\" \/>\n<meta name=\"twitter:label1\" content=\"Dur\u00e9e de lecture estim\u00e9e\" \/>\n\t<meta name=\"twitter:data1\" content=\"1 minute\" \/>\n<script type=\"application\/ld+json\" class=\"yoast-schema-graph\">{\"@context\":\"https:\\\/\\\/schema.org\",\"@graph\":[{\"@type\":\"WebPage\",\"@id\":\"https:\\\/\\\/nature-et-developpement.com\\\/macabane-materiaux\\\/produit\\\/mortier-terre-pour-maconner-les-btc-argilus\\\/\",\"url\":\"https:\\\/\\\/nature-et-developpement.com\\\/macabane-materiaux\\\/produit\\\/mortier-terre-pour-maconner-les-btc-argilus\\\/\",\"name\":\"Mortier terre pour ma\u00e7onner les BTC Argilus - Ma Cabane mat\u00e9riaux naturels\",\"isPartOf\":{\"@id\":\"https:\\\/\\\/nature-et-developpement.com\\\/macabane-materiaux\\\/#website\"},\"primaryImageOfPage\":{\"@id\":\"https:\\\/\\\/nature-et-developpement.com\\\/macabane-materiaux\\\/produit\\\/mortier-terre-pour-maconner-les-btc-argilus\\\/#primaryimage\"},\"image\":{\"@id\":\"https:\\\/\\\/nature-et-developpement.com\\\/macabane-materiaux\\\/produit\\\/mortier-terre-pour-maconner-les-btc-argilus\\\/#primaryimage\"},\"thumbnailUrl\":\"https:\\\/\\\/nature-et-developpement.com\\\/macabane-materiaux\\\/wp-content\\\/uploads\\\/Mortier-terre-pour-maconner-les-BTC-Argilus.jpg\",\"datePublished\":\"2016-12-31T23:00:00+00:00\",\"dateModified\":\"2026-01-27T11:46:49+00:00\",\"description\":\"Le MORTIER d\u2019argile ARGILUS sert exclusivement \u00e0 la mise en \u0153uvre de Briques de Terre Crue (BTC) ARGITECH. Il se pr\u00e9pare au malaxeur ou \u00e0 la b\u00e9tonni\u00e8re et s\u2019applique \u00e0 l\u2019aide d\u2019une simple truelle.\",\"breadcrumb\":{\"@id\":\"https:\\\/\\\/nature-et-developpement.com\\\/macabane-materiaux\\\/produit\\\/mortier-terre-pour-maconner-les-btc-argilus\\\/#breadcrumb\"},\"inLanguage\":\"fr-FR\",\"potentialAction\":[{\"@type\":\"ReadAction\",\"target\":[\"https:\\\/\\\/nature-et-developpement.com\\\/macabane-materiaux\\\/produit\\\/mortier-terre-pour-maconner-les-btc-argilus\\\/\"]}]},{\"@type\":\"ImageObject\",\"inLanguage\":\"fr-FR\",\"@id\":\"https:\\\/\\\/nature-et-developpement.com\\\/macabane-materiaux\\\/produit\\\/mortier-terre-pour-maconner-les-btc-argilus\\\/#primaryimage\",\"url\":\"https:\\\/\\\/nature-et-developpement.com\\\/macabane-materiaux\\\/wp-content\\\/uploads\\\/Mortier-terre-pour-maconner-les-BTC-Argilus.jpg\",\"contentUrl\":\"https:\\\/\\\/nature-et-developpement.com\\\/macabane-materiaux\\\/wp-content\\\/uploads\\\/Mortier-terre-pour-maconner-les-BTC-Argilus.jpg\"},{\"@type\":\"BreadcrumbList\",\"@id\":\"https:\\\/\\\/nature-et-developpement.com\\\/macabane-materiaux\\\/produit\\\/mortier-terre-pour-maconner-les-btc-argilus\\\/#breadcrumb\",\"itemListElement\":[{\"@type\":\"ListItem\",\"position\":1,\"name\":\"Accueil\",\"item\":\"https:\\\/\\\/nature-et-developpement.com\\\/macabane-materiaux\\\/\"},{\"@type\":\"ListItem\",\"position\":2,\"name\":\"Boutique\",\"item\":\"https:\\\/\\\/nature-et-developpement.com\\\/macabane-materiaux\\\/boutique\\\/\"},{\"@type\":\"ListItem\",\"position\":3,\"name\":\"Construction, cloison et fen\u00eatres\",\"item\":\"https:\\\/\\\/nature-et-developpement.com\\\/macabane-materiaux\\\/produits\\\/construction\\\/\"},{\"@type\":\"ListItem\",\"position\":4,\"name\":\"Ma\u00e7onnerie\",\"item\":\"https:\\\/\\\/nature-et-developpement.com\\\/macabane-materiaux\\\/produits\\\/construction\\\/maconnerie\\\/\"},{\"@type\":\"ListItem\",\"position\":5,\"name\":\"Mortier terre pour ma\u00e7onner les BTC Argilus\"}]},{\"@type\":\"WebSite\",\"@id\":\"https:\\\/\\\/nature-et-developpement.com\\\/macabane-materiaux\\\/#website\",\"url\":\"https:\\\/\\\/nature-et-developpement.com\\\/macabane-materiaux\\\/\",\"name\":\"Ma Cabane mat\u00e9riaux naturels\",\"description\":\"Ma Cabane est membre du groupement Nature &amp; D\u00e9veloppement\",\"potentialAction\":[{\"@type\":\"SearchAction\",\"target\":{\"@type\":\"EntryPoint\",\"urlTemplate\":\"https:\\\/\\\/nature-et-developpement.com\\\/macabane-materiaux\\\/?s={search_term_string}\"},\"query-input\":{\"@type\":\"PropertyValueSpecification\",\"valueRequired\":true,\"valueName\":\"search_term_string\"}}],\"inLanguage\":\"fr-FR\"}]}<\/script>\n<!-- \/ Yoast SEO plugin. -->","yoast_head_json":{"title":"Mortier terre pour ma\u00e7onner les BTC Argilus - Ma Cabane mat\u00e9riaux naturels","description":"Le MORTIER d\u2019argile ARGILUS sert exclusivement \u00e0 la mise en \u0153uvre de Briques de Terre Crue (BTC) ARGITECH.  Il se pr\u00e9pare au malaxeur ou \u00e0 la b\u00e9tonni\u00e8re et s\u2019applique \u00e0 l\u2019aide d\u2019une simple truelle.","robots":{"index":"noindex","follow":"nofollow"},"og_locale":"fr_FR","og_type":"article","og_title":"Mortier terre pour ma\u00e7onner les BTC Argilus - Ma Cabane mat\u00e9riaux naturels","og_description":"Le MORTIER d\u2019argile ARGILUS sert exclusivement \u00e0 la mise en \u0153uvre de Briques de Terre Crue (BTC) ARGITECH.  Il se pr\u00e9pare au malaxeur ou \u00e0 la b\u00e9tonni\u00e8re et s\u2019applique \u00e0 l\u2019aide d\u2019une simple truelle.","og_url":"https:\/\/nature-et-developpement.com\/macabane-materiaux\/produit\/mortier-terre-pour-maconner-les-btc-argilus\/","og_site_name":"Ma Cabane mat\u00e9riaux naturels","article_modified_time":"2026-01-27T11:46:49+00:00","twitter_card":"summary_large_image","twitter_misc":{"Dur\u00e9e de lecture estim\u00e9e":"1 minute"},"schema":{"@context":"https:\/\/schema.org","@graph":[{"@type":"WebPage","@id":"https:\/\/nature-et-developpement.com\/macabane-materiaux\/produit\/mortier-terre-pour-maconner-les-btc-argilus\/","url":"https:\/\/nature-et-developpement.com\/macabane-materiaux\/produit\/mortier-terre-pour-maconner-les-btc-argilus\/","name":"Mortier terre pour ma\u00e7onner les BTC Argilus - Ma Cabane mat\u00e9riaux naturels","isPartOf":{"@id":"https:\/\/nature-et-developpement.com\/macabane-materiaux\/#website"},"primaryImageOfPage":{"@id":"https:\/\/nature-et-developpement.com\/macabane-materiaux\/produit\/mortier-terre-pour-maconner-les-btc-argilus\/#primaryimage"},"image":{"@id":"https:\/\/nature-et-developpement.com\/macabane-materiaux\/produit\/mortier-terre-pour-maconner-les-btc-argilus\/#primaryimage"},"thumbnailUrl":"https:\/\/nature-et-developpement.com\/macabane-materiaux\/wp-content\/uploads\/Mortier-terre-pour-maconner-les-BTC-Argilus.jpg","datePublished":"2016-12-31T23:00:00+00:00","dateModified":"2026-01-27T11:46:49+00:00","description":"Le MORTIER d\u2019argile ARGILUS sert exclusivement \u00e0 la mise en \u0153uvre de Briques de Terre Crue (BTC) ARGITECH. Il se pr\u00e9pare au malaxeur ou \u00e0 la b\u00e9tonni\u00e8re et s\u2019applique \u00e0 l\u2019aide d\u2019une simple truelle.","breadcrumb":{"@id":"https:\/\/nature-et-developpement.com\/macabane-materiaux\/produit\/mortier-terre-pour-maconner-les-btc-argilus\/#breadcrumb"},"inLanguage":"fr-FR","potentialAction":[{"@type":"ReadAction","target":["https:\/\/nature-et-developpement.com\/macabane-materiaux\/produit\/mortier-terre-pour-maconner-les-btc-argilus\/"]}]},{"@type":"ImageObject","inLanguage":"fr-FR","@id":"https:\/\/nature-et-developpement.com\/macabane-materiaux\/produit\/mortier-terre-pour-maconner-les-btc-argilus\/#primaryimage","url":"https:\/\/nature-et-developpement.com\/macabane-materiaux\/wp-content\/uploads\/Mortier-terre-pour-maconner-les-BTC-Argilus.jpg","contentUrl":"https:\/\/nature-et-developpement.com\/macabane-materiaux\/wp-content\/uploads\/Mortier-terre-pour-maconner-les-BTC-Argilus.jpg"},{"@type":"BreadcrumbList","@id":"https:\/\/nature-et-developpement.com\/macabane-materiaux\/produit\/mortier-terre-pour-maconner-les-btc-argilus\/#breadcrumb","itemListElement":[{"@type":"ListItem","position":1,"name":"Accueil","item":"https:\/\/nature-et-developpement.com\/macabane-materiaux\/"},{"@type":"ListItem","position":2,"name":"Boutique","item":"https:\/\/nature-et-developpement.com\/macabane-materiaux\/boutique\/"},{"@type":"ListItem","position":3,"name":"Construction, cloison et fen\u00eatres","item":"https:\/\/nature-et-developpement.com\/macabane-materiaux\/produits\/construction\/"},{"@type":"ListItem","position":4,"name":"Ma\u00e7onnerie","item":"https:\/\/nature-et-developpement.com\/macabane-materiaux\/produits\/construction\/maconnerie\/"},{"@type":"ListItem","position":5,"name":"Mortier terre pour ma\u00e7onner les BTC Argilus"}]},{"@type":"WebSite","@id":"https:\/\/nature-et-developpement.com\/macabane-materiaux\/#website","url":"https:\/\/nature-et-developpement.com\/macabane-materiaux\/","name":"Ma Cabane mat\u00e9riaux naturels","description":"Ma Cabane est membre du groupement Nature &amp; D\u00e9veloppement","potentialAction":[{"@type":"SearchAction","target":{"@type":"EntryPoint","urlTemplate":"https:\/\/nature-et-developpement.com\/macabane-materiaux\/?s={search_term_string}"},"query-input":{"@type":"PropertyValueSpecification","valueRequired":true,"valueName":"search_term_string"}}],"inLanguage":"fr-FR"}]}},"distributor_meta":false,"distributor_terms":false,"distributor_media":false,"distributor_original_site_name":"Ma Cabane mat\u00e9riaux naturels","distributor_original_site_url":"https:\/\/nature-et-developpement.com\/macabane-materiaux","push-errors":false,"_links":{"self":[{"href":"https:\/\/nature-et-developpement.com\/macabane-materiaux\/wp-json\/wp\/v2\/product\/11295","targetHints":{"allow":["GET"]}}],"collection":[{"href":"https:\/\/nature-et-developpement.com\/macabane-materiaux\/wp-json\/wp\/v2\/product"}],"about":[{"href":"https:\/\/nature-et-developpement.com\/macabane-materiaux\/wp-json\/wp\/v2\/types\/product"}],"wp:featuredmedia":[{"embeddable":true,"href":"https:\/\/nature-et-developpement.com\/macabane-materiaux\/wp-json\/"}],"wp:attachment":[{"href":"https:\/\/nature-et-developpement.com\/macabane-materiaux\/wp-json\/wp\/v2\/media?parent=11295"}],"wp:term":[{"taxonomy":"product_brand","embeddable":true,"href":"https:\/\/nature-et-developpement.com\/macabane-materiaux\/wp-json\/wp\/v2\/product_brand?post=11295"},{"taxonomy":"product_cat","embeddable":true,"href":"https:\/\/nature-et-developpement.com\/macabane-materiaux\/wp-json\/wp\/v2\/product_cat?post=11295"},{"taxonomy":"product_tag","embeddable":true,"href":"https:\/\/nature-et-developpement.com\/macabane-materiaux\/wp-json\/wp\/v2\/product_tag?post=11295"}],"curies":[{"name":"wp","href":"https:\/\/api.w.org\/{rel}","templated":true}]}}