{"id":11303,"date":"2017-01-01T00:00:00","date_gmt":"2016-12-31T23:00:00","guid":{"rendered":"https:\/\/nature-et-developpement.com\/macabane-materiaux\/produit\/plaque-plak-argilus\/"},"modified":"2026-01-06T19:56:50","modified_gmt":"2026-01-06T18:56:50","slug":"plaque-plak-argilus","status":"publish","type":"product","link":"https:\/\/nature-et-developpement.com\/macabane-materiaux\/produit\/plaque-plak-argilus\/","title":{"rendered":"Plaque d&rsquo;argile PLAK\u2019ARGILUS id\u00e9ale pour les enduits terre"},"content":{"rendered":"<h2>Plaque d\u2019argile sur ossatures bois ou m\u00e9tal<\/h2>\n<p>Les plaques peuvent \u00eatre d\u00e9coup\u00e9es \u00e0 l\u2019aide d\u2019un cutter.<\/p>\n<p>Elles doivent \u00eatre rabot\u00e9es et bris\u00e9es sur une arr\u00eate vive.<\/p>\n<p>Puis les fibres doivent \u00eatre \u00e0 nouveau d\u00e9coup\u00e9es.<\/p>\n<p>Les chutes ne sont pas des d\u00e9chets et peuvent \u00eatre r\u00e9utilis\u00e9es comme mat\u00e9riaux de construction apr\u00e8s r\u00e9-humidification.<\/p>\n<p>Les plaques peuvent \u00e9galement se coller l\u2019une \u00e0 l\u2019autre en joint d\u00e9cal\u00e9 de minimum 10cm avec du Mortier D\u2019argile ARGILUS.<\/p>\n<p><strong>FIXATION SUR SUPPORT PLEIN<\/strong><\/p>\n<p>Le support doit \u00eatre solide, propre, sans poussi\u00e8re ni graisse pour assurer le collage des plaques avec la colle ARGILUS.<\/p>\n<p>Les diff\u00e9rences d\u2019affleurement des plaques peuvent \u00eatre compens\u00e9es par la colle d\u2019argile utilis\u00e9e.(spatule dent\u00e9e avec dents de 10mm).<\/p>\n<p>Les supports doivent \u00eatre pr\u00e9alablement couverts d\u2019une sous couche d\u2019accroche ARGILUS.<\/p>\n<p><strong>FIXATION SUR OSSATURE<\/strong><\/p>\n<p>Les plaques doivent \u00eatre fix\u00e9es sur une ossature m\u00e9tallique ou en bois.<\/p>\n<p>Les intervalles doivent \u00eatre en position pour pouvoir visser les plaques dessus.<\/p>\n<p>Il faut s\u2019assurer du respect des exigences pour l\u2019isolation acoustique. Utiliser des vis a cloisons du commerce non corrosives de 3.9 x 45mm, minimum 8 vis par plaque.<\/p>\n<p>Il faut garder un minimum de 3cm d\u2019espace entre les bords de la plaque et les vis..<\/p>\n<p><strong>MISE EN OEUVRE<\/strong><\/p>\n<p>&#8211; Comme plaques de cloison pour r\u00e9novations int\u00e9rieures<\/p>\n<p>&#8211; Comme support massif pour enduits d\u2019argile<\/p>\n<p>&#8211; Pour le rev\u00eatement de murs int\u00e9rieurs<\/p>\n<p>&#8211; Pour Plafonds suspendus ou extensions<\/p>\n","protected":false},"excerpt":{"rendered":"<p>La PLAK\u2019ARGILUS est une v\u00e9ritable alternative aux plaques de pl\u00e2tre traditionnelles.<br \/>\nElle se pose tr\u00e8s facilement en se vissant sur des armatures m\u00e9talliques standards ou en bois.<\/p>\n<p><strong>Vendu par palette de 40 plaques soit 25m\u00b2<\/strong><\/p>\n<p><strong><span style=\"color: #008000\">TARIF VALABLE EN VENTE EN LIGNE UNIQUEMENT<br \/>\nFRAIS DE TRANSPORT \u00c0 PR\u00c9VOIR.<\/span><\/strong><br \/>\n<strong><span style=\"color: #008000\"><em>Le tarif pratiqu\u00e9 en magasin sur stock marchandise est diff\u00e9rent<br \/>\ncar il tient compte des co\u00fbts logistiques en vigueur.<\/em><\/span><\/strong><\/p>\n","protected":false},"featured_media":1000000169328,"template":"","meta":[],"product_brand":[125],"product_cat":[83,72,82],"product_tag":[2682],"class_list":{"0":"post-11303","1":"product","2":"type-product","3":"status-publish","4":"has-post-thumbnail","6":"product_brand-argilus","7":"product_cat-cloisons-et-doublage","8":"product_cat-demande-de-devis-uniquement-avec-prix","9":"product_cat-maconnerie","10":"product_tag-argilus","11":"product_shipping_class-impact-transport-important","13":"first","14":"instock","15":"taxable","16":"shipping-taxable","17":"purchasable","18":"product-type-simple"},"yoast_head":"<!-- This site is optimized with the Yoast SEO plugin v27.5 - https:\/\/yoast.com\/product\/yoast-seo-wordpress\/ -->\n<title>Plaque d&#039;argile PLAK\u2019ARGILUS id\u00e9ale pour les enduits terre - Ma Cabane mat\u00e9riaux naturels<\/title>\n<meta name=\"description\" content=\"La PLAK\u2019ARGILUS est une v\u00e9ritable alternative aux plaques de pl\u00e2tre traditionnelles. Elle se pose tr\u00e8s facilement en se vissant sur des armatures m\u00e9talliques standards ou en bois.  Vendu par palette de 40 plaques soit 25m\u00b2  TARIF VALABLE EN VENTE EN LIGNE UNIQUEMENT FRAIS DE TRANSPORT \u00c0 PR\u00c9VOIR. Le tarif pratiqu\u00e9 en magasin sur stock marchandise est diff\u00e9rent car il tient compte des co\u00fbts logistiques en vigueur.\" \/>\n<meta name=\"robots\" content=\"noindex, nofollow\" \/>\n<meta property=\"og:locale\" content=\"fr_FR\" \/>\n<meta property=\"og:type\" content=\"article\" \/>\n<meta property=\"og:title\" content=\"Plaque d&#039;argile PLAK\u2019ARGILUS id\u00e9ale pour les enduits terre - Ma Cabane mat\u00e9riaux naturels\" \/>\n<meta property=\"og:description\" content=\"La PLAK\u2019ARGILUS est une v\u00e9ritable alternative aux plaques de pl\u00e2tre traditionnelles. Elle se pose tr\u00e8s facilement en se vissant sur des armatures m\u00e9talliques standards ou en bois.  Vendu par palette de 40 plaques soit 25m\u00b2  TARIF VALABLE EN VENTE EN LIGNE UNIQUEMENT FRAIS DE TRANSPORT \u00c0 PR\u00c9VOIR. Le tarif pratiqu\u00e9 en magasin sur stock marchandise est diff\u00e9rent car il tient compte des co\u00fbts logistiques en vigueur.\" \/>\n<meta property=\"og:url\" content=\"https:\/\/nature-et-developpement.com\/macabane-materiaux\/produit\/plaque-plak-argilus\/\" \/>\n<meta property=\"og:site_name\" content=\"Ma Cabane mat\u00e9riaux naturels\" \/>\n<meta property=\"article:modified_time\" content=\"2026-01-06T18:56:50+00:00\" \/>\n<meta name=\"twitter:card\" content=\"summary_large_image\" \/>\n<meta name=\"twitter:label1\" content=\"Dur\u00e9e de lecture estim\u00e9e\" \/>\n\t<meta name=\"twitter:data1\" content=\"2 minutes\" \/>\n<script type=\"application\/ld+json\" class=\"yoast-schema-graph\">{\"@context\":\"https:\\\/\\\/schema.org\",\"@graph\":[{\"@type\":\"WebPage\",\"@id\":\"https:\\\/\\\/nature-et-developpement.com\\\/macabane-materiaux\\\/produit\\\/plaque-plak-argilus\\\/\",\"url\":\"https:\\\/\\\/nature-et-developpement.com\\\/macabane-materiaux\\\/produit\\\/plaque-plak-argilus\\\/\",\"name\":\"Plaque d'argile PLAK\u2019ARGILUS id\u00e9ale pour les enduits terre - Ma Cabane mat\u00e9riaux naturels\",\"isPartOf\":{\"@id\":\"https:\\\/\\\/nature-et-developpement.com\\\/macabane-materiaux\\\/#website\"},\"primaryImageOfPage\":{\"@id\":\"https:\\\/\\\/nature-et-developpement.com\\\/macabane-materiaux\\\/produit\\\/plaque-plak-argilus\\\/#primaryimage\"},\"image\":{\"@id\":\"https:\\\/\\\/nature-et-developpement.com\\\/macabane-materiaux\\\/produit\\\/plaque-plak-argilus\\\/#primaryimage\"},\"thumbnailUrl\":\"https:\\\/\\\/nature-et-developpement.com\\\/macabane-materiaux\\\/wp-content\\\/uploads\\\/Plaque-dargile-PLAKARGILUS-ideale-pour-les-enduits-terre.jpg\",\"datePublished\":\"2016-12-31T23:00:00+00:00\",\"dateModified\":\"2026-01-06T18:56:50+00:00\",\"description\":\"La PLAK\u2019ARGILUS est une v\u00e9ritable alternative aux plaques de pl\u00e2tre traditionnelles. Elle se pose tr\u00e8s facilement en se vissant sur des armatures m\u00e9talliques standards ou en bois. Vendu par palette de 40 plaques soit 25m\u00b2 TARIF VALABLE EN VENTE EN LIGNE UNIQUEMENT FRAIS DE TRANSPORT \u00c0 PR\u00c9VOIR. Le tarif pratiqu\u00e9 en magasin sur stock marchandise est diff\u00e9rent car il tient compte des co\u00fbts logistiques en vigueur.\",\"breadcrumb\":{\"@id\":\"https:\\\/\\\/nature-et-developpement.com\\\/macabane-materiaux\\\/produit\\\/plaque-plak-argilus\\\/#breadcrumb\"},\"inLanguage\":\"fr-FR\",\"potentialAction\":[{\"@type\":\"ReadAction\",\"target\":[\"https:\\\/\\\/nature-et-developpement.com\\\/macabane-materiaux\\\/produit\\\/plaque-plak-argilus\\\/\"]}]},{\"@type\":\"ImageObject\",\"inLanguage\":\"fr-FR\",\"@id\":\"https:\\\/\\\/nature-et-developpement.com\\\/macabane-materiaux\\\/produit\\\/plaque-plak-argilus\\\/#primaryimage\",\"url\":\"https:\\\/\\\/nature-et-developpement.com\\\/macabane-materiaux\\\/wp-content\\\/uploads\\\/Plaque-dargile-PLAKARGILUS-ideale-pour-les-enduits-terre.jpg\",\"contentUrl\":\"https:\\\/\\\/nature-et-developpement.com\\\/macabane-materiaux\\\/wp-content\\\/uploads\\\/Plaque-dargile-PLAKARGILUS-ideale-pour-les-enduits-terre.jpg\"},{\"@type\":\"BreadcrumbList\",\"@id\":\"https:\\\/\\\/nature-et-developpement.com\\\/macabane-materiaux\\\/produit\\\/plaque-plak-argilus\\\/#breadcrumb\",\"itemListElement\":[{\"@type\":\"ListItem\",\"position\":1,\"name\":\"Accueil\",\"item\":\"https:\\\/\\\/nature-et-developpement.com\\\/macabane-materiaux\\\/\"},{\"@type\":\"ListItem\",\"position\":2,\"name\":\"Boutique\",\"item\":\"https:\\\/\\\/nature-et-developpement.com\\\/macabane-materiaux\\\/boutique\\\/\"},{\"@type\":\"ListItem\",\"position\":3,\"name\":\"Construction, cloison et fen\u00eatres\",\"item\":\"https:\\\/\\\/nature-et-developpement.com\\\/macabane-materiaux\\\/produits\\\/construction\\\/\"},{\"@type\":\"ListItem\",\"position\":4,\"name\":\"Ma\u00e7onnerie\",\"item\":\"https:\\\/\\\/nature-et-developpement.com\\\/macabane-materiaux\\\/produits\\\/construction\\\/maconnerie\\\/\"},{\"@type\":\"ListItem\",\"position\":5,\"name\":\"Plaque d&rsquo;argile PLAK\u2019ARGILUS id\u00e9ale pour les enduits terre\"}]},{\"@type\":\"WebSite\",\"@id\":\"https:\\\/\\\/nature-et-developpement.com\\\/macabane-materiaux\\\/#website\",\"url\":\"https:\\\/\\\/nature-et-developpement.com\\\/macabane-materiaux\\\/\",\"name\":\"Ma Cabane mat\u00e9riaux naturels\",\"description\":\"Ma Cabane est membre du groupement Nature &amp; D\u00e9veloppement\",\"potentialAction\":[{\"@type\":\"SearchAction\",\"target\":{\"@type\":\"EntryPoint\",\"urlTemplate\":\"https:\\\/\\\/nature-et-developpement.com\\\/macabane-materiaux\\\/?s={search_term_string}\"},\"query-input\":{\"@type\":\"PropertyValueSpecification\",\"valueRequired\":true,\"valueName\":\"search_term_string\"}}],\"inLanguage\":\"fr-FR\"}]}<\/script>\n<!-- \/ Yoast SEO plugin. -->","yoast_head_json":{"title":"Plaque d'argile PLAK\u2019ARGILUS id\u00e9ale pour les enduits terre - Ma Cabane mat\u00e9riaux naturels","description":"La PLAK\u2019ARGILUS est une v\u00e9ritable alternative aux plaques de pl\u00e2tre traditionnelles. Elle se pose tr\u00e8s facilement en se vissant sur des armatures m\u00e9talliques standards ou en bois.  Vendu par palette de 40 plaques soit 25m\u00b2  TARIF VALABLE EN VENTE EN LIGNE UNIQUEMENT FRAIS DE TRANSPORT \u00c0 PR\u00c9VOIR. Le tarif pratiqu\u00e9 en magasin sur stock marchandise est diff\u00e9rent car il tient compte des co\u00fbts logistiques en vigueur.","robots":{"index":"noindex","follow":"nofollow"},"og_locale":"fr_FR","og_type":"article","og_title":"Plaque d'argile PLAK\u2019ARGILUS id\u00e9ale pour les enduits terre - Ma Cabane mat\u00e9riaux naturels","og_description":"La PLAK\u2019ARGILUS est une v\u00e9ritable alternative aux plaques de pl\u00e2tre traditionnelles. Elle se pose tr\u00e8s facilement en se vissant sur des armatures m\u00e9talliques standards ou en bois.  Vendu par palette de 40 plaques soit 25m\u00b2  TARIF VALABLE EN VENTE EN LIGNE UNIQUEMENT FRAIS DE TRANSPORT \u00c0 PR\u00c9VOIR. Le tarif pratiqu\u00e9 en magasin sur stock marchandise est diff\u00e9rent car il tient compte des co\u00fbts logistiques en vigueur.","og_url":"https:\/\/nature-et-developpement.com\/macabane-materiaux\/produit\/plaque-plak-argilus\/","og_site_name":"Ma Cabane mat\u00e9riaux naturels","article_modified_time":"2026-01-06T18:56:50+00:00","twitter_card":"summary_large_image","twitter_misc":{"Dur\u00e9e de lecture estim\u00e9e":"2 minutes"},"schema":{"@context":"https:\/\/schema.org","@graph":[{"@type":"WebPage","@id":"https:\/\/nature-et-developpement.com\/macabane-materiaux\/produit\/plaque-plak-argilus\/","url":"https:\/\/nature-et-developpement.com\/macabane-materiaux\/produit\/plaque-plak-argilus\/","name":"Plaque d'argile PLAK\u2019ARGILUS id\u00e9ale pour les enduits terre - Ma Cabane mat\u00e9riaux naturels","isPartOf":{"@id":"https:\/\/nature-et-developpement.com\/macabane-materiaux\/#website"},"primaryImageOfPage":{"@id":"https:\/\/nature-et-developpement.com\/macabane-materiaux\/produit\/plaque-plak-argilus\/#primaryimage"},"image":{"@id":"https:\/\/nature-et-developpement.com\/macabane-materiaux\/produit\/plaque-plak-argilus\/#primaryimage"},"thumbnailUrl":"https:\/\/nature-et-developpement.com\/macabane-materiaux\/wp-content\/uploads\/Plaque-dargile-PLAKARGILUS-ideale-pour-les-enduits-terre.jpg","datePublished":"2016-12-31T23:00:00+00:00","dateModified":"2026-01-06T18:56:50+00:00","description":"La PLAK\u2019ARGILUS est une v\u00e9ritable alternative aux plaques de pl\u00e2tre traditionnelles. Elle se pose tr\u00e8s facilement en se vissant sur des armatures m\u00e9talliques standards ou en bois. Vendu par palette de 40 plaques soit 25m\u00b2 TARIF VALABLE EN VENTE EN LIGNE UNIQUEMENT FRAIS DE TRANSPORT \u00c0 PR\u00c9VOIR. Le tarif pratiqu\u00e9 en magasin sur stock marchandise est diff\u00e9rent car il tient compte des co\u00fbts logistiques en vigueur.","breadcrumb":{"@id":"https:\/\/nature-et-developpement.com\/macabane-materiaux\/produit\/plaque-plak-argilus\/#breadcrumb"},"inLanguage":"fr-FR","potentialAction":[{"@type":"ReadAction","target":["https:\/\/nature-et-developpement.com\/macabane-materiaux\/produit\/plaque-plak-argilus\/"]}]},{"@type":"ImageObject","inLanguage":"fr-FR","@id":"https:\/\/nature-et-developpement.com\/macabane-materiaux\/produit\/plaque-plak-argilus\/#primaryimage","url":"https:\/\/nature-et-developpement.com\/macabane-materiaux\/wp-content\/uploads\/Plaque-dargile-PLAKARGILUS-ideale-pour-les-enduits-terre.jpg","contentUrl":"https:\/\/nature-et-developpement.com\/macabane-materiaux\/wp-content\/uploads\/Plaque-dargile-PLAKARGILUS-ideale-pour-les-enduits-terre.jpg"},{"@type":"BreadcrumbList","@id":"https:\/\/nature-et-developpement.com\/macabane-materiaux\/produit\/plaque-plak-argilus\/#breadcrumb","itemListElement":[{"@type":"ListItem","position":1,"name":"Accueil","item":"https:\/\/nature-et-developpement.com\/macabane-materiaux\/"},{"@type":"ListItem","position":2,"name":"Boutique","item":"https:\/\/nature-et-developpement.com\/macabane-materiaux\/boutique\/"},{"@type":"ListItem","position":3,"name":"Construction, cloison et fen\u00eatres","item":"https:\/\/nature-et-developpement.com\/macabane-materiaux\/produits\/construction\/"},{"@type":"ListItem","position":4,"name":"Ma\u00e7onnerie","item":"https:\/\/nature-et-developpement.com\/macabane-materiaux\/produits\/construction\/maconnerie\/"},{"@type":"ListItem","position":5,"name":"Plaque d&rsquo;argile PLAK\u2019ARGILUS id\u00e9ale pour les enduits terre"}]},{"@type":"WebSite","@id":"https:\/\/nature-et-developpement.com\/macabane-materiaux\/#website","url":"https:\/\/nature-et-developpement.com\/macabane-materiaux\/","name":"Ma Cabane mat\u00e9riaux naturels","description":"Ma Cabane est membre du groupement Nature &amp; D\u00e9veloppement","potentialAction":[{"@type":"SearchAction","target":{"@type":"EntryPoint","urlTemplate":"https:\/\/nature-et-developpement.com\/macabane-materiaux\/?s={search_term_string}"},"query-input":{"@type":"PropertyValueSpecification","valueRequired":true,"valueName":"search_term_string"}}],"inLanguage":"fr-FR"}]}},"distributor_meta":false,"distributor_terms":false,"distributor_media":false,"distributor_original_site_name":"Ma Cabane mat\u00e9riaux naturels","distributor_original_site_url":"https:\/\/nature-et-developpement.com\/macabane-materiaux","push-errors":false,"_links":{"self":[{"href":"https:\/\/nature-et-developpement.com\/macabane-materiaux\/wp-json\/wp\/v2\/product\/11303","targetHints":{"allow":["GET"]}}],"collection":[{"href":"https:\/\/nature-et-developpement.com\/macabane-materiaux\/wp-json\/wp\/v2\/product"}],"about":[{"href":"https:\/\/nature-et-developpement.com\/macabane-materiaux\/wp-json\/wp\/v2\/types\/product"}],"wp:featuredmedia":[{"embeddable":true,"href":"https:\/\/nature-et-developpement.com\/macabane-materiaux\/wp-json\/"}],"wp:attachment":[{"href":"https:\/\/nature-et-developpement.com\/macabane-materiaux\/wp-json\/wp\/v2\/media?parent=11303"}],"wp:term":[{"taxonomy":"product_brand","embeddable":true,"href":"https:\/\/nature-et-developpement.com\/macabane-materiaux\/wp-json\/wp\/v2\/product_brand?post=11303"},{"taxonomy":"product_cat","embeddable":true,"href":"https:\/\/nature-et-developpement.com\/macabane-materiaux\/wp-json\/wp\/v2\/product_cat?post=11303"},{"taxonomy":"product_tag","embeddable":true,"href":"https:\/\/nature-et-developpement.com\/macabane-materiaux\/wp-json\/wp\/v2\/product_tag?post=11303"}],"curies":[{"name":"wp","href":"https:\/\/api.w.org\/{rel}","templated":true}]}}