{"id":11331,"date":"2017-01-01T00:00:00","date_gmt":"2016-12-31T23:00:00","guid":{"rendered":"https:\/\/nature-et-developpement.com\/macabane-materiaux\/produit\/stuc-d-argile-pret-a-l-emploi-argilus\/"},"modified":"2026-01-27T11:42:18","modified_gmt":"2026-01-27T10:42:18","slug":"stuc-d-argile-pret-a-l-emploi-argilus","status":"publish","type":"product","link":"https:\/\/nature-et-developpement.com\/macabane-materiaux\/produit\/stuc-d-argile-pret-a-l-emploi-argilus\/","title":{"rendered":"Stuc d&rsquo;argile pr\u00eat \u00e0 l&#8217;emploi Argilus"},"content":{"rendered":"<h2>Stuc de terre facile \u00e0 poser&#8230;<\/h2>\n<p>&#8230;Ce produit s\u2019applique en 2 couches extra-fines \u00e0 4 heures d\u2019intervalle environ.<\/p>\n<p>Son conditionnement se pr\u00e9sente en sac de 5kg (12m\u00b2).<\/p>\n<p>6 teintes de base pr\u00eates \u00e0 l\u2019emploi permettent d\u2019en\u00a0r\u00e9aliser 29 selon le nuancier <a href=\"https:\/\/fr.calameo.com\/read\/006147125b9cbfd5ae81b\" target=\"_blank\" rel=\"noopener\">GAMME DESIGN<\/a>.<\/p>\n<p>Le STUC ARGILUS est compos\u00e9 de d\u2019argile extra-fine, de charges calcaires, de chaux calcique \u00e9teinte et\u00a0d\u2019ocres ou d\u2019oxydes naturels.<\/p>\n<p>Une cire de protection ARGILUS sert \u00e0 rendre le produit \u00e9pongeable et l\u00e9g\u00e8rement satin\u00e9.<\/p>\n<p>La gamme STUC Argilus\u2122 s\u2019applique \u00e0 la spatule inox. Le mat\u00e9riel est vendu par le fabricant. Le STUC sera appliqu\u00e9 sur une \u00e9paisseur maximale de 1 mm par couche. Deux couches sont n\u00e9cessaires \u00e0 l\u2019obtention d\u2019un rendu qualitatif.<\/p>\n<p>Lors de l\u2019application de la 1\u00e8re couche, il n\u2019est pas conseill\u00e9 de trop lisser le STUC.<\/p>\n<p>Apr\u00e8s un temps de s\u00e9chage de 24 heures, appliquer la seconde couche en stuquant le produit \u00e0 la spatule inox au fur et \u00e0 mesure.<\/p>\n<p>La bonne qualit\u00e9 de serrage du STUC sera indispensable pour une finition et un rendu \u00e9l\u00e9gant.<\/p>\n<p>Deux types de finitions sont possibles avec le STUC Argilus : liss\u00e9 ou marbr\u00e9. Cela d\u00e9pendra des comp\u00e9tences techniques de l\u2019applicateur.<\/p>\n<p>Le STUC d\u2019argile ARGILUS s\u2019applique uniquement \u00e0 l\u2019int\u00e9rieur de l\u2019habitat sur les supports\u00a0comme: pl\u00e2tre, plaques de pl\u00e2tres, Fermacell, supports d\u00e9j\u00e0 peints, enduits \u00e0 la chaux, enduits en terre.<\/p>\n<p>Les supports tr\u00e8s lisses de type pl\u00e2tre, plaque de pl\u00e2tre, Fermacell, sont \u00e0 peindre imp\u00e9rativement au rouleau avec la sous-couche sp\u00e9ciale STUC ARGILUS en une seule application afin de faciliter l\u2019accroche du STUC.<\/p>\n<p><img loading=\"lazy\" decoding=\"async\" class=\" size-full wp-image-103511\" src=\"https:\/\/nature-et-developpement.com\/wp-content\/uploads\/cms\/ARGILUS\/Gamme-DESIGN-Stuc-2020-Argilus-scaled.jpg\" alt=\"\" width=\"1100\" height=\"2245\" \/><\/p>\n<p><img loading=\"lazy\" decoding=\"async\" class=\" size-full wp-image-103512\" src=\"https:\/\/nature-et-developpement.com\/wp-content\/uploads\/cms\/ARGILUS\/Stuc.jpg\" alt=\"\" width=\"1000\" height=\"184\" \/><\/p>\n","protected":false},"excerpt":{"rendered":"<p>Le rendu du stuc d\u2019argile est tr\u00e8s proche des Tadelakts Marocains.<br \/>\nSon aspect est tr\u00e8s lisse et agr\u00e9able au toucher.<\/p>\n<p>6 teintes de base pr\u00eates \u00e0 l\u2019emploi permettent d\u2019en\u00a0r\u00e9aliser 29 selon le nuancier <a href=\"https:\/\/fr.calameo.com\/read\/006147125b9cbfd5ae81b\" target=\"_blank\" rel=\"noopener\">GAMME DESIGN<\/a>.<\/p>\n<p>Le STUC d\u2019argile ARGILUS s\u2019applique uniquement \u00e0 l\u2019int\u00e9rieur de l\u2019habitat.<\/p>\n","protected":false},"featured_media":1000000169342,"template":"","meta":[],"product_brand":[125],"product_cat":[72,89,87],"product_tag":[2682],"class_list":{"0":"post-11331","1":"product","2":"type-product","3":"status-publish","4":"has-post-thumbnail","6":"product_brand-argilus","7":"product_cat-demande-de-devis-uniquement-avec-prix","8":"product_cat-enduits-naturels","9":"product_cat-peinture-et-enduit","10":"product_tag-argilus","11":"product_shipping_class-sac-de-25kg","13":"first","14":"instock","15":"taxable","16":"shipping-taxable","17":"purchasable","18":"product-type-variable"},"yoast_head":"<!-- This site is optimized with the Yoast SEO plugin v27.5 - https:\/\/yoast.com\/product\/yoast-seo-wordpress\/ -->\n<title>Stuc d&#039;argile pr\u00eat \u00e0 l&#039;emploi Argilus - Ma Cabane mat\u00e9riaux naturels<\/title>\n<meta name=\"description\" content=\"Le rendu du stuc d\u2019argile est tr\u00e8s proche des Tadelakts Marocains. Son aspect est tr\u00e8s lisse et agr\u00e9able au toucher.  6 teintes de base pr\u00eates \u00e0 l\u2019emploi permettent d\u2019en\u00a0r\u00e9aliser 29 selon le nuancier GAMME DESIGN.  Le STUC d\u2019argile ARGILUS s\u2019applique uniquement \u00e0 l\u2019int\u00e9rieur de l\u2019habitat.\" \/>\n<meta name=\"robots\" content=\"noindex, nofollow\" \/>\n<meta property=\"og:locale\" content=\"fr_FR\" \/>\n<meta property=\"og:type\" content=\"article\" \/>\n<meta property=\"og:title\" content=\"Stuc d&#039;argile pr\u00eat \u00e0 l&#039;emploi Argilus - Ma Cabane mat\u00e9riaux naturels\" \/>\n<meta property=\"og:description\" content=\"Le rendu du stuc d\u2019argile est tr\u00e8s proche des Tadelakts Marocains. Son aspect est tr\u00e8s lisse et agr\u00e9able au toucher.  6 teintes de base pr\u00eates \u00e0 l\u2019emploi permettent d\u2019en\u00a0r\u00e9aliser 29 selon le nuancier GAMME DESIGN.  Le STUC d\u2019argile ARGILUS s\u2019applique uniquement \u00e0 l\u2019int\u00e9rieur de l\u2019habitat.\" \/>\n<meta property=\"og:url\" content=\"https:\/\/nature-et-developpement.com\/macabane-materiaux\/produit\/stuc-d-argile-pret-a-l-emploi-argilus\/\" \/>\n<meta property=\"og:site_name\" content=\"Ma Cabane mat\u00e9riaux naturels\" \/>\n<meta property=\"article:modified_time\" content=\"2026-01-27T10:42:18+00:00\" \/>\n<meta name=\"twitter:card\" content=\"summary_large_image\" \/>\n<meta name=\"twitter:label1\" content=\"Dur\u00e9e de lecture estim\u00e9e\" \/>\n\t<meta name=\"twitter:data1\" content=\"2 minutes\" \/>\n<script type=\"application\/ld+json\" class=\"yoast-schema-graph\">{\"@context\":\"https:\\\/\\\/schema.org\",\"@graph\":[{\"@type\":\"WebPage\",\"@id\":\"https:\\\/\\\/nature-et-developpement.com\\\/macabane-materiaux\\\/produit\\\/stuc-d-argile-pret-a-l-emploi-argilus\\\/\",\"url\":\"https:\\\/\\\/nature-et-developpement.com\\\/macabane-materiaux\\\/produit\\\/stuc-d-argile-pret-a-l-emploi-argilus\\\/\",\"name\":\"Stuc d'argile pr\u00eat \u00e0 l'emploi Argilus - Ma Cabane mat\u00e9riaux naturels\",\"isPartOf\":{\"@id\":\"https:\\\/\\\/nature-et-developpement.com\\\/macabane-materiaux\\\/#website\"},\"primaryImageOfPage\":{\"@id\":\"https:\\\/\\\/nature-et-developpement.com\\\/macabane-materiaux\\\/produit\\\/stuc-d-argile-pret-a-l-emploi-argilus\\\/#primaryimage\"},\"image\":{\"@id\":\"https:\\\/\\\/nature-et-developpement.com\\\/macabane-materiaux\\\/produit\\\/stuc-d-argile-pret-a-l-emploi-argilus\\\/#primaryimage\"},\"thumbnailUrl\":\"https:\\\/\\\/nature-et-developpement.com\\\/macabane-materiaux\\\/wp-content\\\/uploads\\\/Stuc-dargile-pret-a-lemploi-Argilus-5Kg.jpg\",\"datePublished\":\"2016-12-31T23:00:00+00:00\",\"dateModified\":\"2026-01-27T10:42:18+00:00\",\"description\":\"Le rendu du stuc d\u2019argile est tr\u00e8s proche des Tadelakts Marocains. Son aspect est tr\u00e8s lisse et agr\u00e9able au toucher. 6 teintes de base pr\u00eates \u00e0 l\u2019emploi permettent d\u2019en\u00a0r\u00e9aliser 29 selon le nuancier GAMME DESIGN. Le STUC d\u2019argile ARGILUS s\u2019applique uniquement \u00e0 l\u2019int\u00e9rieur de l\u2019habitat.\",\"breadcrumb\":{\"@id\":\"https:\\\/\\\/nature-et-developpement.com\\\/macabane-materiaux\\\/produit\\\/stuc-d-argile-pret-a-l-emploi-argilus\\\/#breadcrumb\"},\"inLanguage\":\"fr-FR\",\"potentialAction\":[{\"@type\":\"ReadAction\",\"target\":[\"https:\\\/\\\/nature-et-developpement.com\\\/macabane-materiaux\\\/produit\\\/stuc-d-argile-pret-a-l-emploi-argilus\\\/\"]}]},{\"@type\":\"ImageObject\",\"inLanguage\":\"fr-FR\",\"@id\":\"https:\\\/\\\/nature-et-developpement.com\\\/macabane-materiaux\\\/produit\\\/stuc-d-argile-pret-a-l-emploi-argilus\\\/#primaryimage\",\"url\":\"https:\\\/\\\/nature-et-developpement.com\\\/macabane-materiaux\\\/wp-content\\\/uploads\\\/Stuc-dargile-pret-a-lemploi-Argilus-5Kg.jpg\",\"contentUrl\":\"https:\\\/\\\/nature-et-developpement.com\\\/macabane-materiaux\\\/wp-content\\\/uploads\\\/Stuc-dargile-pret-a-lemploi-Argilus-5Kg.jpg\"},{\"@type\":\"BreadcrumbList\",\"@id\":\"https:\\\/\\\/nature-et-developpement.com\\\/macabane-materiaux\\\/produit\\\/stuc-d-argile-pret-a-l-emploi-argilus\\\/#breadcrumb\",\"itemListElement\":[{\"@type\":\"ListItem\",\"position\":1,\"name\":\"Accueil\",\"item\":\"https:\\\/\\\/nature-et-developpement.com\\\/macabane-materiaux\\\/\"},{\"@type\":\"ListItem\",\"position\":2,\"name\":\"Boutique\",\"item\":\"https:\\\/\\\/nature-et-developpement.com\\\/macabane-materiaux\\\/boutique\\\/\"},{\"@type\":\"ListItem\",\"position\":3,\"name\":\"Peinture, pigment et enduit\",\"item\":\"https:\\\/\\\/nature-et-developpement.com\\\/macabane-materiaux\\\/produits\\\/peinture-et-enduit\\\/\"},{\"@type\":\"ListItem\",\"position\":4,\"name\":\"Enduits naturels\",\"item\":\"https:\\\/\\\/nature-et-developpement.com\\\/macabane-materiaux\\\/produits\\\/peinture-et-enduit\\\/enduits-naturels\\\/\"},{\"@type\":\"ListItem\",\"position\":5,\"name\":\"Stuc d&rsquo;argile pr\u00eat \u00e0 l&#8217;emploi Argilus\"}]},{\"@type\":\"WebSite\",\"@id\":\"https:\\\/\\\/nature-et-developpement.com\\\/macabane-materiaux\\\/#website\",\"url\":\"https:\\\/\\\/nature-et-developpement.com\\\/macabane-materiaux\\\/\",\"name\":\"Ma Cabane mat\u00e9riaux naturels\",\"description\":\"Ma Cabane est membre du groupement Nature &amp; D\u00e9veloppement\",\"potentialAction\":[{\"@type\":\"SearchAction\",\"target\":{\"@type\":\"EntryPoint\",\"urlTemplate\":\"https:\\\/\\\/nature-et-developpement.com\\\/macabane-materiaux\\\/?s={search_term_string}\"},\"query-input\":{\"@type\":\"PropertyValueSpecification\",\"valueRequired\":true,\"valueName\":\"search_term_string\"}}],\"inLanguage\":\"fr-FR\"}]}<\/script>\n<!-- \/ Yoast SEO plugin. -->","yoast_head_json":{"title":"Stuc d'argile pr\u00eat \u00e0 l'emploi Argilus - Ma Cabane mat\u00e9riaux naturels","description":"Le rendu du stuc d\u2019argile est tr\u00e8s proche des Tadelakts Marocains. Son aspect est tr\u00e8s lisse et agr\u00e9able au toucher.  6 teintes de base pr\u00eates \u00e0 l\u2019emploi permettent d\u2019en\u00a0r\u00e9aliser 29 selon le nuancier GAMME DESIGN.  Le STUC d\u2019argile ARGILUS s\u2019applique uniquement \u00e0 l\u2019int\u00e9rieur de l\u2019habitat.","robots":{"index":"noindex","follow":"nofollow"},"og_locale":"fr_FR","og_type":"article","og_title":"Stuc d'argile pr\u00eat \u00e0 l'emploi Argilus - Ma Cabane mat\u00e9riaux naturels","og_description":"Le rendu du stuc d\u2019argile est tr\u00e8s proche des Tadelakts Marocains. Son aspect est tr\u00e8s lisse et agr\u00e9able au toucher.  6 teintes de base pr\u00eates \u00e0 l\u2019emploi permettent d\u2019en\u00a0r\u00e9aliser 29 selon le nuancier GAMME DESIGN.  Le STUC d\u2019argile ARGILUS s\u2019applique uniquement \u00e0 l\u2019int\u00e9rieur de l\u2019habitat.","og_url":"https:\/\/nature-et-developpement.com\/macabane-materiaux\/produit\/stuc-d-argile-pret-a-l-emploi-argilus\/","og_site_name":"Ma Cabane mat\u00e9riaux naturels","article_modified_time":"2026-01-27T10:42:18+00:00","twitter_card":"summary_large_image","twitter_misc":{"Dur\u00e9e de lecture estim\u00e9e":"2 minutes"},"schema":{"@context":"https:\/\/schema.org","@graph":[{"@type":"WebPage","@id":"https:\/\/nature-et-developpement.com\/macabane-materiaux\/produit\/stuc-d-argile-pret-a-l-emploi-argilus\/","url":"https:\/\/nature-et-developpement.com\/macabane-materiaux\/produit\/stuc-d-argile-pret-a-l-emploi-argilus\/","name":"Stuc d'argile pr\u00eat \u00e0 l'emploi Argilus - Ma Cabane mat\u00e9riaux naturels","isPartOf":{"@id":"https:\/\/nature-et-developpement.com\/macabane-materiaux\/#website"},"primaryImageOfPage":{"@id":"https:\/\/nature-et-developpement.com\/macabane-materiaux\/produit\/stuc-d-argile-pret-a-l-emploi-argilus\/#primaryimage"},"image":{"@id":"https:\/\/nature-et-developpement.com\/macabane-materiaux\/produit\/stuc-d-argile-pret-a-l-emploi-argilus\/#primaryimage"},"thumbnailUrl":"https:\/\/nature-et-developpement.com\/macabane-materiaux\/wp-content\/uploads\/Stuc-dargile-pret-a-lemploi-Argilus-5Kg.jpg","datePublished":"2016-12-31T23:00:00+00:00","dateModified":"2026-01-27T10:42:18+00:00","description":"Le rendu du stuc d\u2019argile est tr\u00e8s proche des Tadelakts Marocains. Son aspect est tr\u00e8s lisse et agr\u00e9able au toucher. 6 teintes de base pr\u00eates \u00e0 l\u2019emploi permettent d\u2019en\u00a0r\u00e9aliser 29 selon le nuancier GAMME DESIGN. Le STUC d\u2019argile ARGILUS s\u2019applique uniquement \u00e0 l\u2019int\u00e9rieur de l\u2019habitat.","breadcrumb":{"@id":"https:\/\/nature-et-developpement.com\/macabane-materiaux\/produit\/stuc-d-argile-pret-a-l-emploi-argilus\/#breadcrumb"},"inLanguage":"fr-FR","potentialAction":[{"@type":"ReadAction","target":["https:\/\/nature-et-developpement.com\/macabane-materiaux\/produit\/stuc-d-argile-pret-a-l-emploi-argilus\/"]}]},{"@type":"ImageObject","inLanguage":"fr-FR","@id":"https:\/\/nature-et-developpement.com\/macabane-materiaux\/produit\/stuc-d-argile-pret-a-l-emploi-argilus\/#primaryimage","url":"https:\/\/nature-et-developpement.com\/macabane-materiaux\/wp-content\/uploads\/Stuc-dargile-pret-a-lemploi-Argilus-5Kg.jpg","contentUrl":"https:\/\/nature-et-developpement.com\/macabane-materiaux\/wp-content\/uploads\/Stuc-dargile-pret-a-lemploi-Argilus-5Kg.jpg"},{"@type":"BreadcrumbList","@id":"https:\/\/nature-et-developpement.com\/macabane-materiaux\/produit\/stuc-d-argile-pret-a-l-emploi-argilus\/#breadcrumb","itemListElement":[{"@type":"ListItem","position":1,"name":"Accueil","item":"https:\/\/nature-et-developpement.com\/macabane-materiaux\/"},{"@type":"ListItem","position":2,"name":"Boutique","item":"https:\/\/nature-et-developpement.com\/macabane-materiaux\/boutique\/"},{"@type":"ListItem","position":3,"name":"Peinture, pigment et enduit","item":"https:\/\/nature-et-developpement.com\/macabane-materiaux\/produits\/peinture-et-enduit\/"},{"@type":"ListItem","position":4,"name":"Enduits naturels","item":"https:\/\/nature-et-developpement.com\/macabane-materiaux\/produits\/peinture-et-enduit\/enduits-naturels\/"},{"@type":"ListItem","position":5,"name":"Stuc d&rsquo;argile pr\u00eat \u00e0 l&#8217;emploi Argilus"}]},{"@type":"WebSite","@id":"https:\/\/nature-et-developpement.com\/macabane-materiaux\/#website","url":"https:\/\/nature-et-developpement.com\/macabane-materiaux\/","name":"Ma Cabane mat\u00e9riaux naturels","description":"Ma Cabane est membre du groupement Nature &amp; D\u00e9veloppement","potentialAction":[{"@type":"SearchAction","target":{"@type":"EntryPoint","urlTemplate":"https:\/\/nature-et-developpement.com\/macabane-materiaux\/?s={search_term_string}"},"query-input":{"@type":"PropertyValueSpecification","valueRequired":true,"valueName":"search_term_string"}}],"inLanguage":"fr-FR"}]}},"distributor_meta":false,"distributor_terms":false,"distributor_media":false,"distributor_original_site_name":"Ma Cabane mat\u00e9riaux naturels","distributor_original_site_url":"https:\/\/nature-et-developpement.com\/macabane-materiaux","push-errors":false,"_links":{"self":[{"href":"https:\/\/nature-et-developpement.com\/macabane-materiaux\/wp-json\/wp\/v2\/product\/11331","targetHints":{"allow":["GET"]}}],"collection":[{"href":"https:\/\/nature-et-developpement.com\/macabane-materiaux\/wp-json\/wp\/v2\/product"}],"about":[{"href":"https:\/\/nature-et-developpement.com\/macabane-materiaux\/wp-json\/wp\/v2\/types\/product"}],"wp:featuredmedia":[{"embeddable":true,"href":"https:\/\/nature-et-developpement.com\/macabane-materiaux\/wp-json\/"}],"wp:attachment":[{"href":"https:\/\/nature-et-developpement.com\/macabane-materiaux\/wp-json\/wp\/v2\/media?parent=11331"}],"wp:term":[{"taxonomy":"product_brand","embeddable":true,"href":"https:\/\/nature-et-developpement.com\/macabane-materiaux\/wp-json\/wp\/v2\/product_brand?post=11331"},{"taxonomy":"product_cat","embeddable":true,"href":"https:\/\/nature-et-developpement.com\/macabane-materiaux\/wp-json\/wp\/v2\/product_cat?post=11331"},{"taxonomy":"product_tag","embeddable":true,"href":"https:\/\/nature-et-developpement.com\/macabane-materiaux\/wp-json\/wp\/v2\/product_tag?post=11331"}],"curies":[{"name":"wp","href":"https:\/\/api.w.org\/{rel}","templated":true}]}}