{"id":11341,"date":"2017-01-01T00:00:00","date_gmt":"2016-12-31T23:00:00","guid":{"rendered":"https:\/\/nature-et-developpement.com\/macabane-materiaux\/produit\/sous-couche-stuc-et-badigeon-d-argile\/"},"modified":"2026-01-27T11:47:10","modified_gmt":"2026-01-27T10:47:10","slug":"sous-couche-stuc-et-badigeon-d-argile","status":"publish","type":"product","link":"https:\/\/nature-et-developpement.com\/macabane-materiaux\/produit\/sous-couche-stuc-et-badigeon-d-argile\/","title":{"rendered":"Sous-couche stuc et badigeon et enduit d&rsquo;argile Argilus"},"content":{"rendered":"<h2>Sous-couche d\u2019accroche microporeuse et structur\u00e9e<\/h2>\n<p>Sous-couche d\u2019accroche pr\u00eate \u00e0 l\u2019emploi \u00e0 mettre en \u0153uvre sur tous supports lisses* avant application des STUCS et BADIGEONS\u00a0 et ENDUIT de Finition ARGILUS.<\/p>\n<div>CONSEILS D\u2019APPLICATION<\/div>\n<ul>\n<li>Les supports doivent \u00eatre conformes au DTU59.1 (sains, propres, secs, coh\u00e9rents et d\u00e9poussi\u00e9r\u00e9s)<\/li>\n<li>Ne pas appliquer sur papier peint<\/li>\n<li>Les bandes de plaque de pl\u00e2tre doivent \u00eatre s\u00e8ches depuis 24 heures<\/li>\n<li>\u00c9grener l\u00e9g\u00e8rement et d\u00e9poussi\u00e9rer la surface \u00e0 peindre<\/li>\n<li>M\u00e9langer le produit avant application<\/li>\n<li>Application au rouleau<\/li>\n<\/ul>\n","protected":false},"excerpt":{"rendered":"<p>La sous-couche d\u2019accroche fixe les fonds poudreux ou poreux, permet un meilleur accrochage du Stuc Badigeon et Enduit d\u2019argile Argilus.<\/p>\n<div><\/div>\n","protected":false},"featured_media":1000000169339,"template":"","meta":[],"product_brand":[125],"product_cat":[72,87,93],"product_tag":[2682],"class_list":{"0":"post-11341","1":"product","2":"type-product","3":"status-publish","4":"has-post-thumbnail","6":"product_brand-argilus","7":"product_cat-demande-de-devis-uniquement-avec-prix","8":"product_cat-peinture-et-enduit","9":"product_cat-preparation-du-support","10":"product_tag-argilus","11":"product_shipping_class-peintures-accessoires-peintures","13":"first","14":"instock","15":"taxable","16":"shipping-taxable","17":"purchasable","18":"product-type-variable"},"yoast_head":"<!-- This site is optimized with the Yoast SEO plugin v27.5 - https:\/\/yoast.com\/product\/yoast-seo-wordpress\/ -->\n<title>Sous-couche stuc et badigeon et enduit d&#039;argile Argilus - Ma Cabane mat\u00e9riaux naturels<\/title>\n<meta name=\"description\" content=\"La sous-couche d\u2019accroche fixe les fonds poudreux ou poreux, permet un meilleur accrochage du Stuc Badigeon et Enduit d\u2019argile Argilus.\" \/>\n<meta name=\"robots\" content=\"noindex, nofollow\" \/>\n<meta property=\"og:locale\" content=\"fr_FR\" \/>\n<meta property=\"og:type\" content=\"article\" \/>\n<meta property=\"og:title\" content=\"Sous-couche stuc et badigeon et enduit d&#039;argile Argilus - Ma Cabane mat\u00e9riaux naturels\" \/>\n<meta property=\"og:description\" content=\"La sous-couche d\u2019accroche fixe les fonds poudreux ou poreux, permet un meilleur accrochage du Stuc Badigeon et Enduit d\u2019argile Argilus.\" \/>\n<meta property=\"og:url\" content=\"https:\/\/nature-et-developpement.com\/macabane-materiaux\/produit\/sous-couche-stuc-et-badigeon-d-argile\/\" \/>\n<meta property=\"og:site_name\" content=\"Ma Cabane mat\u00e9riaux naturels\" \/>\n<meta property=\"article:modified_time\" content=\"2026-01-27T10:47:10+00:00\" \/>\n<meta name=\"twitter:card\" content=\"summary_large_image\" \/>\n<meta name=\"twitter:label1\" content=\"Dur\u00e9e de lecture estim\u00e9e\" \/>\n\t<meta name=\"twitter:data1\" content=\"1 minute\" \/>\n<script type=\"application\/ld+json\" class=\"yoast-schema-graph\">{\"@context\":\"https:\\\/\\\/schema.org\",\"@graph\":[{\"@type\":\"WebPage\",\"@id\":\"https:\\\/\\\/nature-et-developpement.com\\\/macabane-materiaux\\\/produit\\\/sous-couche-stuc-et-badigeon-d-argile\\\/\",\"url\":\"https:\\\/\\\/nature-et-developpement.com\\\/macabane-materiaux\\\/produit\\\/sous-couche-stuc-et-badigeon-d-argile\\\/\",\"name\":\"Sous-couche stuc et badigeon et enduit d'argile Argilus - Ma Cabane mat\u00e9riaux naturels\",\"isPartOf\":{\"@id\":\"https:\\\/\\\/nature-et-developpement.com\\\/macabane-materiaux\\\/#website\"},\"primaryImageOfPage\":{\"@id\":\"https:\\\/\\\/nature-et-developpement.com\\\/macabane-materiaux\\\/produit\\\/sous-couche-stuc-et-badigeon-d-argile\\\/#primaryimage\"},\"image\":{\"@id\":\"https:\\\/\\\/nature-et-developpement.com\\\/macabane-materiaux\\\/produit\\\/sous-couche-stuc-et-badigeon-d-argile\\\/#primaryimage\"},\"thumbnailUrl\":\"https:\\\/\\\/nature-et-developpement.com\\\/macabane-materiaux\\\/wp-content\\\/uploads\\\/Sous-couche-enduit-terre-Argilus-15Kg.jpg\",\"datePublished\":\"2016-12-31T23:00:00+00:00\",\"dateModified\":\"2026-01-27T10:47:10+00:00\",\"description\":\"La sous-couche d\u2019accroche fixe les fonds poudreux ou poreux, permet un meilleur accrochage du Stuc Badigeon et Enduit d\u2019argile Argilus.\",\"breadcrumb\":{\"@id\":\"https:\\\/\\\/nature-et-developpement.com\\\/macabane-materiaux\\\/produit\\\/sous-couche-stuc-et-badigeon-d-argile\\\/#breadcrumb\"},\"inLanguage\":\"fr-FR\",\"potentialAction\":[{\"@type\":\"ReadAction\",\"target\":[\"https:\\\/\\\/nature-et-developpement.com\\\/macabane-materiaux\\\/produit\\\/sous-couche-stuc-et-badigeon-d-argile\\\/\"]}]},{\"@type\":\"ImageObject\",\"inLanguage\":\"fr-FR\",\"@id\":\"https:\\\/\\\/nature-et-developpement.com\\\/macabane-materiaux\\\/produit\\\/sous-couche-stuc-et-badigeon-d-argile\\\/#primaryimage\",\"url\":\"https:\\\/\\\/nature-et-developpement.com\\\/macabane-materiaux\\\/wp-content\\\/uploads\\\/Sous-couche-enduit-terre-Argilus-15Kg.jpg\",\"contentUrl\":\"https:\\\/\\\/nature-et-developpement.com\\\/macabane-materiaux\\\/wp-content\\\/uploads\\\/Sous-couche-enduit-terre-Argilus-15Kg.jpg\"},{\"@type\":\"BreadcrumbList\",\"@id\":\"https:\\\/\\\/nature-et-developpement.com\\\/macabane-materiaux\\\/produit\\\/sous-couche-stuc-et-badigeon-d-argile\\\/#breadcrumb\",\"itemListElement\":[{\"@type\":\"ListItem\",\"position\":1,\"name\":\"Accueil\",\"item\":\"https:\\\/\\\/nature-et-developpement.com\\\/macabane-materiaux\\\/\"},{\"@type\":\"ListItem\",\"position\":2,\"name\":\"Boutique\",\"item\":\"https:\\\/\\\/nature-et-developpement.com\\\/macabane-materiaux\\\/boutique\\\/\"},{\"@type\":\"ListItem\",\"position\":3,\"name\":\"Peinture, pigment et enduit\",\"item\":\"https:\\\/\\\/nature-et-developpement.com\\\/macabane-materiaux\\\/produits\\\/peinture-et-enduit\\\/\"},{\"@type\":\"ListItem\",\"position\":4,\"name\":\"Pr\u00e9paration du support\",\"item\":\"https:\\\/\\\/nature-et-developpement.com\\\/macabane-materiaux\\\/produits\\\/peinture-et-enduit\\\/preparation-du-support\\\/\"},{\"@type\":\"ListItem\",\"position\":5,\"name\":\"Sous-couche stuc et badigeon et enduit d&rsquo;argile Argilus\"}]},{\"@type\":\"WebSite\",\"@id\":\"https:\\\/\\\/nature-et-developpement.com\\\/macabane-materiaux\\\/#website\",\"url\":\"https:\\\/\\\/nature-et-developpement.com\\\/macabane-materiaux\\\/\",\"name\":\"Ma Cabane mat\u00e9riaux naturels\",\"description\":\"Ma Cabane est membre du groupement Nature &amp; D\u00e9veloppement\",\"potentialAction\":[{\"@type\":\"SearchAction\",\"target\":{\"@type\":\"EntryPoint\",\"urlTemplate\":\"https:\\\/\\\/nature-et-developpement.com\\\/macabane-materiaux\\\/?s={search_term_string}\"},\"query-input\":{\"@type\":\"PropertyValueSpecification\",\"valueRequired\":true,\"valueName\":\"search_term_string\"}}],\"inLanguage\":\"fr-FR\"}]}<\/script>\n<!-- \/ Yoast SEO plugin. -->","yoast_head_json":{"title":"Sous-couche stuc et badigeon et enduit d'argile Argilus - Ma Cabane mat\u00e9riaux naturels","description":"La sous-couche d\u2019accroche fixe les fonds poudreux ou poreux, permet un meilleur accrochage du Stuc Badigeon et Enduit d\u2019argile Argilus.","robots":{"index":"noindex","follow":"nofollow"},"og_locale":"fr_FR","og_type":"article","og_title":"Sous-couche stuc et badigeon et enduit d'argile Argilus - Ma Cabane mat\u00e9riaux naturels","og_description":"La sous-couche d\u2019accroche fixe les fonds poudreux ou poreux, permet un meilleur accrochage du Stuc Badigeon et Enduit d\u2019argile Argilus.","og_url":"https:\/\/nature-et-developpement.com\/macabane-materiaux\/produit\/sous-couche-stuc-et-badigeon-d-argile\/","og_site_name":"Ma Cabane mat\u00e9riaux naturels","article_modified_time":"2026-01-27T10:47:10+00:00","twitter_card":"summary_large_image","twitter_misc":{"Dur\u00e9e de lecture estim\u00e9e":"1 minute"},"schema":{"@context":"https:\/\/schema.org","@graph":[{"@type":"WebPage","@id":"https:\/\/nature-et-developpement.com\/macabane-materiaux\/produit\/sous-couche-stuc-et-badigeon-d-argile\/","url":"https:\/\/nature-et-developpement.com\/macabane-materiaux\/produit\/sous-couche-stuc-et-badigeon-d-argile\/","name":"Sous-couche stuc et badigeon et enduit d'argile Argilus - Ma Cabane mat\u00e9riaux naturels","isPartOf":{"@id":"https:\/\/nature-et-developpement.com\/macabane-materiaux\/#website"},"primaryImageOfPage":{"@id":"https:\/\/nature-et-developpement.com\/macabane-materiaux\/produit\/sous-couche-stuc-et-badigeon-d-argile\/#primaryimage"},"image":{"@id":"https:\/\/nature-et-developpement.com\/macabane-materiaux\/produit\/sous-couche-stuc-et-badigeon-d-argile\/#primaryimage"},"thumbnailUrl":"https:\/\/nature-et-developpement.com\/macabane-materiaux\/wp-content\/uploads\/Sous-couche-enduit-terre-Argilus-15Kg.jpg","datePublished":"2016-12-31T23:00:00+00:00","dateModified":"2026-01-27T10:47:10+00:00","description":"La sous-couche d\u2019accroche fixe les fonds poudreux ou poreux, permet un meilleur accrochage du Stuc Badigeon et Enduit d\u2019argile Argilus.","breadcrumb":{"@id":"https:\/\/nature-et-developpement.com\/macabane-materiaux\/produit\/sous-couche-stuc-et-badigeon-d-argile\/#breadcrumb"},"inLanguage":"fr-FR","potentialAction":[{"@type":"ReadAction","target":["https:\/\/nature-et-developpement.com\/macabane-materiaux\/produit\/sous-couche-stuc-et-badigeon-d-argile\/"]}]},{"@type":"ImageObject","inLanguage":"fr-FR","@id":"https:\/\/nature-et-developpement.com\/macabane-materiaux\/produit\/sous-couche-stuc-et-badigeon-d-argile\/#primaryimage","url":"https:\/\/nature-et-developpement.com\/macabane-materiaux\/wp-content\/uploads\/Sous-couche-enduit-terre-Argilus-15Kg.jpg","contentUrl":"https:\/\/nature-et-developpement.com\/macabane-materiaux\/wp-content\/uploads\/Sous-couche-enduit-terre-Argilus-15Kg.jpg"},{"@type":"BreadcrumbList","@id":"https:\/\/nature-et-developpement.com\/macabane-materiaux\/produit\/sous-couche-stuc-et-badigeon-d-argile\/#breadcrumb","itemListElement":[{"@type":"ListItem","position":1,"name":"Accueil","item":"https:\/\/nature-et-developpement.com\/macabane-materiaux\/"},{"@type":"ListItem","position":2,"name":"Boutique","item":"https:\/\/nature-et-developpement.com\/macabane-materiaux\/boutique\/"},{"@type":"ListItem","position":3,"name":"Peinture, pigment et enduit","item":"https:\/\/nature-et-developpement.com\/macabane-materiaux\/produits\/peinture-et-enduit\/"},{"@type":"ListItem","position":4,"name":"Pr\u00e9paration du support","item":"https:\/\/nature-et-developpement.com\/macabane-materiaux\/produits\/peinture-et-enduit\/preparation-du-support\/"},{"@type":"ListItem","position":5,"name":"Sous-couche stuc et badigeon et enduit d&rsquo;argile Argilus"}]},{"@type":"WebSite","@id":"https:\/\/nature-et-developpement.com\/macabane-materiaux\/#website","url":"https:\/\/nature-et-developpement.com\/macabane-materiaux\/","name":"Ma Cabane mat\u00e9riaux naturels","description":"Ma Cabane est membre du groupement Nature &amp; D\u00e9veloppement","potentialAction":[{"@type":"SearchAction","target":{"@type":"EntryPoint","urlTemplate":"https:\/\/nature-et-developpement.com\/macabane-materiaux\/?s={search_term_string}"},"query-input":{"@type":"PropertyValueSpecification","valueRequired":true,"valueName":"search_term_string"}}],"inLanguage":"fr-FR"}]}},"distributor_meta":false,"distributor_terms":false,"distributor_media":false,"distributor_original_site_name":"Ma Cabane mat\u00e9riaux naturels","distributor_original_site_url":"https:\/\/nature-et-developpement.com\/macabane-materiaux","push-errors":false,"_links":{"self":[{"href":"https:\/\/nature-et-developpement.com\/macabane-materiaux\/wp-json\/wp\/v2\/product\/11341","targetHints":{"allow":["GET"]}}],"collection":[{"href":"https:\/\/nature-et-developpement.com\/macabane-materiaux\/wp-json\/wp\/v2\/product"}],"about":[{"href":"https:\/\/nature-et-developpement.com\/macabane-materiaux\/wp-json\/wp\/v2\/types\/product"}],"wp:featuredmedia":[{"embeddable":true,"href":"https:\/\/nature-et-developpement.com\/macabane-materiaux\/wp-json\/"}],"wp:attachment":[{"href":"https:\/\/nature-et-developpement.com\/macabane-materiaux\/wp-json\/wp\/v2\/media?parent=11341"}],"wp:term":[{"taxonomy":"product_brand","embeddable":true,"href":"https:\/\/nature-et-developpement.com\/macabane-materiaux\/wp-json\/wp\/v2\/product_brand?post=11341"},{"taxonomy":"product_cat","embeddable":true,"href":"https:\/\/nature-et-developpement.com\/macabane-materiaux\/wp-json\/wp\/v2\/product_cat?post=11341"},{"taxonomy":"product_tag","embeddable":true,"href":"https:\/\/nature-et-developpement.com\/macabane-materiaux\/wp-json\/wp\/v2\/product_tag?post=11341"}],"curies":[{"name":"wp","href":"https:\/\/api.w.org\/{rel}","templated":true}]}}