{"id":11386,"date":"2023-09-01T00:00:00","date_gmt":"2023-08-31T22:00:00","guid":{"rendered":"https:\/\/nature-et-developpement.com\/macabane-materiaux\/produit\/enduit-isolant-pret-a-l-emploi-isol-argilus\/"},"modified":"2025-06-17T15:25:13","modified_gmt":"2025-06-17T13:25:13","slug":"enduit-isolant-pret-a-l-emploi-isol-argilus","status":"publish","type":"product","link":"https:\/\/nature-et-developpement.com\/macabane-materiaux\/produit\/enduit-isolant-pret-a-l-emploi-isol-argilus\/","title":{"rendered":"Enduit isolant pr\u00eat \u00e0 l&#8217;emploi Isol Argilus"},"content":{"rendered":"<h2>Un isolant l\u00e9ger \u00e0 projeter<\/h2>\n<p>L\u2019enduit ISOL ARGILUS est le seul enduit naturel sur le march\u00e9 Fran\u00e7ais ayant un lambda de 0.06.<\/p>\n<p>Cet\u00a0excellent lambda vous permettra d\u2019isoler vos murs correctement sans les doubler avec une plaque de pl\u00e2tre\u00a0par exemple.<\/p>\n<p>Cette mise en \u0153uvre assurera une bonne respirabilit\u00e9 de vos murs surtout dans le cadre d\u2019une r\u00e9novation.<\/p>\n<p>ISOL ARGILUS s\u2019applique uniquement en int\u00e9rieur.<\/p>\n<p>Pour cela, l\u2019enduit ISOL ARGILUS peut s\u2019appliquer en 2 ou 3 couches de 4cm maximum chacune.<\/p>\n<p>Son m\u00e9lange PERLITES \/ ARGILE \/ CHAUX apportera une excellente facilit\u00e9 d\u2019application. En guise de finition,\u00a0un enduit MONOCOUCHE ou finition ARGILUS est conseill\u00e9.<\/p>\n<p>Le s\u00e9chage complet de l\u2019enduit sera d\u2019environ 10 jours en 5 cm d\u2019\u00e9paisseur et 20 jours en 10 cm d\u2019\u00e9paisseur selon la temp\u00e9rature int\u00e9rieure du chantier et du taux d\u2019humidit\u00e9 de l\u2019air ambiant.<\/p>\n<p>Afin d\u2019assurer un s\u00e9chage rapide, une ventilation correcte des pi\u00e8ces en travaux est souhait\u00e9e.<\/p>\n","protected":false},"excerpt":{"rendered":"<p>L\u2019enduit ISOL ARGILUS s\u2019utilise uniquement en int\u00e9rieur sur des supports rugueux pour pouvoir \u00eatre appliqu\u00e9 en forte \u00e9paisseur jusqu\u2019\u00e0 8 ou 10 cm.<\/p>\n<p>Ce produit est plus efficace en isolation thermique que le chaux\/ chanvre avec un temps de s\u00e9chage divis\u00e9 par 3 \u00e0 \u00e9paisseur constante.<\/p>\n","protected":false},"featured_media":1000000169313,"template":"","meta":[],"product_brand":[125],"product_cat":[72,89,2671],"product_tag":[1866],"class_list":{"0":"post-11386","1":"product","2":"type-product","3":"status-publish","4":"has-post-thumbnail","6":"product_brand-argilus","7":"product_cat-demande-de-devis-uniquement-avec-prix","8":"product_cat-enduits-naturels","9":"product_cat-isolation-interieure","10":"product_tag-isolation","11":"product_shipping_class-sac-de-25kg","13":"first","14":"instock","15":"taxable","16":"shipping-taxable","17":"purchasable","18":"product-type-variable"},"yoast_head":"<!-- This site is optimized with the Yoast SEO plugin v27.5 - https:\/\/yoast.com\/product\/yoast-seo-wordpress\/ -->\n<title>Enduit isolant pr\u00eat \u00e0 l&#039;emploi Isol Argilus - Ma Cabane mat\u00e9riaux naturels<\/title>\n<meta name=\"description\" content=\"L\u2019enduit ISOL ARGILUS s\u2019utilise uniquement en int\u00e9rieur sur des supports rugueux pour pouvoir \u00eatre appliqu\u00e9 en forte \u00e9paisseur jusqu\u2019\u00e0 8 ou 10 cm.  Ce produit est plus efficace en isolation thermique que le chaux\/ chanvre avec un temps de s\u00e9chage divis\u00e9 par 3 \u00e0 \u00e9paisseur constante.\" \/>\n<meta name=\"robots\" content=\"noindex, follow\" \/>\n<meta property=\"og:locale\" content=\"fr_FR\" \/>\n<meta property=\"og:type\" content=\"article\" \/>\n<meta property=\"og:title\" content=\"Enduit isolant pr\u00eat \u00e0 l&#039;emploi Isol Argilus - Ma Cabane mat\u00e9riaux naturels\" \/>\n<meta property=\"og:description\" content=\"L\u2019enduit ISOL ARGILUS s\u2019utilise uniquement en int\u00e9rieur sur des supports rugueux pour pouvoir \u00eatre appliqu\u00e9 en forte \u00e9paisseur jusqu\u2019\u00e0 8 ou 10 cm.  Ce produit est plus efficace en isolation thermique que le chaux\/ chanvre avec un temps de s\u00e9chage divis\u00e9 par 3 \u00e0 \u00e9paisseur constante.\" \/>\n<meta property=\"og:url\" content=\"https:\/\/nature-et-developpement.com\/macabane-materiaux\/produit\/enduit-isolant-pret-a-l-emploi-isol-argilus\/\" \/>\n<meta property=\"og:site_name\" content=\"Ma Cabane mat\u00e9riaux naturels\" \/>\n<meta property=\"article:modified_time\" content=\"2025-06-17T13:25:13+00:00\" \/>\n<meta name=\"twitter:card\" content=\"summary_large_image\" \/>\n<meta name=\"twitter:label1\" content=\"Dur\u00e9e de lecture estim\u00e9e\" \/>\n\t<meta name=\"twitter:data1\" content=\"1 minute\" \/>\n<script type=\"application\/ld+json\" class=\"yoast-schema-graph\">{\"@context\":\"https:\\\/\\\/schema.org\",\"@graph\":[{\"@type\":\"WebPage\",\"@id\":\"https:\\\/\\\/nature-et-developpement.com\\\/macabane-materiaux\\\/produit\\\/enduit-isolant-pret-a-l-emploi-isol-argilus\\\/\",\"url\":\"https:\\\/\\\/nature-et-developpement.com\\\/macabane-materiaux\\\/produit\\\/enduit-isolant-pret-a-l-emploi-isol-argilus\\\/\",\"name\":\"Enduit isolant pr\u00eat \u00e0 l'emploi Isol Argilus - Ma Cabane mat\u00e9riaux naturels\",\"isPartOf\":{\"@id\":\"https:\\\/\\\/nature-et-developpement.com\\\/macabane-materiaux\\\/#website\"},\"primaryImageOfPage\":{\"@id\":\"https:\\\/\\\/nature-et-developpement.com\\\/macabane-materiaux\\\/produit\\\/enduit-isolant-pret-a-l-emploi-isol-argilus\\\/#primaryimage\"},\"image\":{\"@id\":\"https:\\\/\\\/nature-et-developpement.com\\\/macabane-materiaux\\\/produit\\\/enduit-isolant-pret-a-l-emploi-isol-argilus\\\/#primaryimage\"},\"thumbnailUrl\":\"https:\\\/\\\/nature-et-developpement.com\\\/macabane-materiaux\\\/wp-content\\\/uploads\\\/Enduit-isolant-pret-a-lemploi-Isol-Argilus-pour-murs-interieurs.jpg\",\"datePublished\":\"2023-08-31T22:00:00+00:00\",\"dateModified\":\"2025-06-17T13:25:13+00:00\",\"description\":\"L\u2019enduit ISOL ARGILUS s\u2019utilise uniquement en int\u00e9rieur sur des supports rugueux pour pouvoir \u00eatre appliqu\u00e9 en forte \u00e9paisseur jusqu\u2019\u00e0 8 ou 10 cm. Ce produit est plus efficace en isolation thermique que le chaux\\\/ chanvre avec un temps de s\u00e9chage divis\u00e9 par 3 \u00e0 \u00e9paisseur constante.\",\"breadcrumb\":{\"@id\":\"https:\\\/\\\/nature-et-developpement.com\\\/macabane-materiaux\\\/produit\\\/enduit-isolant-pret-a-l-emploi-isol-argilus\\\/#breadcrumb\"},\"inLanguage\":\"fr-FR\",\"potentialAction\":[{\"@type\":\"ReadAction\",\"target\":[\"https:\\\/\\\/nature-et-developpement.com\\\/macabane-materiaux\\\/produit\\\/enduit-isolant-pret-a-l-emploi-isol-argilus\\\/\"]}]},{\"@type\":\"ImageObject\",\"inLanguage\":\"fr-FR\",\"@id\":\"https:\\\/\\\/nature-et-developpement.com\\\/macabane-materiaux\\\/produit\\\/enduit-isolant-pret-a-l-emploi-isol-argilus\\\/#primaryimage\",\"url\":\"https:\\\/\\\/nature-et-developpement.com\\\/macabane-materiaux\\\/wp-content\\\/uploads\\\/Enduit-isolant-pret-a-lemploi-Isol-Argilus-pour-murs-interieurs.jpg\",\"contentUrl\":\"https:\\\/\\\/nature-et-developpement.com\\\/macabane-materiaux\\\/wp-content\\\/uploads\\\/Enduit-isolant-pret-a-lemploi-Isol-Argilus-pour-murs-interieurs.jpg\"},{\"@type\":\"BreadcrumbList\",\"@id\":\"https:\\\/\\\/nature-et-developpement.com\\\/macabane-materiaux\\\/produit\\\/enduit-isolant-pret-a-l-emploi-isol-argilus\\\/#breadcrumb\",\"itemListElement\":[{\"@type\":\"ListItem\",\"position\":1,\"name\":\"Accueil\",\"item\":\"https:\\\/\\\/nature-et-developpement.com\\\/macabane-materiaux\\\/\"},{\"@type\":\"ListItem\",\"position\":2,\"name\":\"Boutique\",\"item\":\"https:\\\/\\\/nature-et-developpement.com\\\/macabane-materiaux\\\/boutique\\\/\"},{\"@type\":\"ListItem\",\"position\":3,\"name\":\"Peinture, pigment et enduit\",\"item\":\"https:\\\/\\\/nature-et-developpement.com\\\/macabane-materiaux\\\/produits\\\/peinture-et-enduit\\\/\"},{\"@type\":\"ListItem\",\"position\":4,\"name\":\"Enduits naturels\",\"item\":\"https:\\\/\\\/nature-et-developpement.com\\\/macabane-materiaux\\\/produits\\\/peinture-et-enduit\\\/enduits-naturels\\\/\"},{\"@type\":\"ListItem\",\"position\":5,\"name\":\"Enduit isolant pr\u00eat \u00e0 l&#8217;emploi Isol Argilus\"}]},{\"@type\":\"WebSite\",\"@id\":\"https:\\\/\\\/nature-et-developpement.com\\\/macabane-materiaux\\\/#website\",\"url\":\"https:\\\/\\\/nature-et-developpement.com\\\/macabane-materiaux\\\/\",\"name\":\"Ma Cabane mat\u00e9riaux naturels\",\"description\":\"Ma Cabane est membre du groupement Nature &amp; D\u00e9veloppement\",\"potentialAction\":[{\"@type\":\"SearchAction\",\"target\":{\"@type\":\"EntryPoint\",\"urlTemplate\":\"https:\\\/\\\/nature-et-developpement.com\\\/macabane-materiaux\\\/?s={search_term_string}\"},\"query-input\":{\"@type\":\"PropertyValueSpecification\",\"valueRequired\":true,\"valueName\":\"search_term_string\"}}],\"inLanguage\":\"fr-FR\"}]}<\/script>\n<!-- \/ Yoast SEO plugin. -->","yoast_head_json":{"title":"Enduit isolant pr\u00eat \u00e0 l'emploi Isol Argilus - Ma Cabane mat\u00e9riaux naturels","description":"L\u2019enduit ISOL ARGILUS s\u2019utilise uniquement en int\u00e9rieur sur des supports rugueux pour pouvoir \u00eatre appliqu\u00e9 en forte \u00e9paisseur jusqu\u2019\u00e0 8 ou 10 cm.  Ce produit est plus efficace en isolation thermique que le chaux\/ chanvre avec un temps de s\u00e9chage divis\u00e9 par 3 \u00e0 \u00e9paisseur constante.","robots":{"index":"noindex","follow":"follow"},"og_locale":"fr_FR","og_type":"article","og_title":"Enduit isolant pr\u00eat \u00e0 l'emploi Isol Argilus - Ma Cabane mat\u00e9riaux naturels","og_description":"L\u2019enduit ISOL ARGILUS s\u2019utilise uniquement en int\u00e9rieur sur des supports rugueux pour pouvoir \u00eatre appliqu\u00e9 en forte \u00e9paisseur jusqu\u2019\u00e0 8 ou 10 cm.  Ce produit est plus efficace en isolation thermique que le chaux\/ chanvre avec un temps de s\u00e9chage divis\u00e9 par 3 \u00e0 \u00e9paisseur constante.","og_url":"https:\/\/nature-et-developpement.com\/macabane-materiaux\/produit\/enduit-isolant-pret-a-l-emploi-isol-argilus\/","og_site_name":"Ma Cabane mat\u00e9riaux naturels","article_modified_time":"2025-06-17T13:25:13+00:00","twitter_card":"summary_large_image","twitter_misc":{"Dur\u00e9e de lecture estim\u00e9e":"1 minute"},"schema":{"@context":"https:\/\/schema.org","@graph":[{"@type":"WebPage","@id":"https:\/\/nature-et-developpement.com\/macabane-materiaux\/produit\/enduit-isolant-pret-a-l-emploi-isol-argilus\/","url":"https:\/\/nature-et-developpement.com\/macabane-materiaux\/produit\/enduit-isolant-pret-a-l-emploi-isol-argilus\/","name":"Enduit isolant pr\u00eat \u00e0 l'emploi Isol Argilus - Ma Cabane mat\u00e9riaux naturels","isPartOf":{"@id":"https:\/\/nature-et-developpement.com\/macabane-materiaux\/#website"},"primaryImageOfPage":{"@id":"https:\/\/nature-et-developpement.com\/macabane-materiaux\/produit\/enduit-isolant-pret-a-l-emploi-isol-argilus\/#primaryimage"},"image":{"@id":"https:\/\/nature-et-developpement.com\/macabane-materiaux\/produit\/enduit-isolant-pret-a-l-emploi-isol-argilus\/#primaryimage"},"thumbnailUrl":"https:\/\/nature-et-developpement.com\/macabane-materiaux\/wp-content\/uploads\/Enduit-isolant-pret-a-lemploi-Isol-Argilus-pour-murs-interieurs.jpg","datePublished":"2023-08-31T22:00:00+00:00","dateModified":"2025-06-17T13:25:13+00:00","description":"L\u2019enduit ISOL ARGILUS s\u2019utilise uniquement en int\u00e9rieur sur des supports rugueux pour pouvoir \u00eatre appliqu\u00e9 en forte \u00e9paisseur jusqu\u2019\u00e0 8 ou 10 cm. Ce produit est plus efficace en isolation thermique que le chaux\/ chanvre avec un temps de s\u00e9chage divis\u00e9 par 3 \u00e0 \u00e9paisseur constante.","breadcrumb":{"@id":"https:\/\/nature-et-developpement.com\/macabane-materiaux\/produit\/enduit-isolant-pret-a-l-emploi-isol-argilus\/#breadcrumb"},"inLanguage":"fr-FR","potentialAction":[{"@type":"ReadAction","target":["https:\/\/nature-et-developpement.com\/macabane-materiaux\/produit\/enduit-isolant-pret-a-l-emploi-isol-argilus\/"]}]},{"@type":"ImageObject","inLanguage":"fr-FR","@id":"https:\/\/nature-et-developpement.com\/macabane-materiaux\/produit\/enduit-isolant-pret-a-l-emploi-isol-argilus\/#primaryimage","url":"https:\/\/nature-et-developpement.com\/macabane-materiaux\/wp-content\/uploads\/Enduit-isolant-pret-a-lemploi-Isol-Argilus-pour-murs-interieurs.jpg","contentUrl":"https:\/\/nature-et-developpement.com\/macabane-materiaux\/wp-content\/uploads\/Enduit-isolant-pret-a-lemploi-Isol-Argilus-pour-murs-interieurs.jpg"},{"@type":"BreadcrumbList","@id":"https:\/\/nature-et-developpement.com\/macabane-materiaux\/produit\/enduit-isolant-pret-a-l-emploi-isol-argilus\/#breadcrumb","itemListElement":[{"@type":"ListItem","position":1,"name":"Accueil","item":"https:\/\/nature-et-developpement.com\/macabane-materiaux\/"},{"@type":"ListItem","position":2,"name":"Boutique","item":"https:\/\/nature-et-developpement.com\/macabane-materiaux\/boutique\/"},{"@type":"ListItem","position":3,"name":"Peinture, pigment et enduit","item":"https:\/\/nature-et-developpement.com\/macabane-materiaux\/produits\/peinture-et-enduit\/"},{"@type":"ListItem","position":4,"name":"Enduits naturels","item":"https:\/\/nature-et-developpement.com\/macabane-materiaux\/produits\/peinture-et-enduit\/enduits-naturels\/"},{"@type":"ListItem","position":5,"name":"Enduit isolant pr\u00eat \u00e0 l&#8217;emploi Isol Argilus"}]},{"@type":"WebSite","@id":"https:\/\/nature-et-developpement.com\/macabane-materiaux\/#website","url":"https:\/\/nature-et-developpement.com\/macabane-materiaux\/","name":"Ma Cabane mat\u00e9riaux naturels","description":"Ma Cabane est membre du groupement Nature &amp; D\u00e9veloppement","potentialAction":[{"@type":"SearchAction","target":{"@type":"EntryPoint","urlTemplate":"https:\/\/nature-et-developpement.com\/macabane-materiaux\/?s={search_term_string}"},"query-input":{"@type":"PropertyValueSpecification","valueRequired":true,"valueName":"search_term_string"}}],"inLanguage":"fr-FR"}]}},"distributor_meta":false,"distributor_terms":false,"distributor_media":false,"distributor_original_site_name":"Ma Cabane mat\u00e9riaux naturels","distributor_original_site_url":"https:\/\/nature-et-developpement.com\/macabane-materiaux","push-errors":false,"_links":{"self":[{"href":"https:\/\/nature-et-developpement.com\/macabane-materiaux\/wp-json\/wp\/v2\/product\/11386","targetHints":{"allow":["GET"]}}],"collection":[{"href":"https:\/\/nature-et-developpement.com\/macabane-materiaux\/wp-json\/wp\/v2\/product"}],"about":[{"href":"https:\/\/nature-et-developpement.com\/macabane-materiaux\/wp-json\/wp\/v2\/types\/product"}],"wp:featuredmedia":[{"embeddable":true,"href":"https:\/\/nature-et-developpement.com\/macabane-materiaux\/wp-json\/"}],"wp:attachment":[{"href":"https:\/\/nature-et-developpement.com\/macabane-materiaux\/wp-json\/wp\/v2\/media?parent=11386"}],"wp:term":[{"taxonomy":"product_brand","embeddable":true,"href":"https:\/\/nature-et-developpement.com\/macabane-materiaux\/wp-json\/wp\/v2\/product_brand?post=11386"},{"taxonomy":"product_cat","embeddable":true,"href":"https:\/\/nature-et-developpement.com\/macabane-materiaux\/wp-json\/wp\/v2\/product_cat?post=11386"},{"taxonomy":"product_tag","embeddable":true,"href":"https:\/\/nature-et-developpement.com\/macabane-materiaux\/wp-json\/wp\/v2\/product_tag?post=11386"}],"curies":[{"name":"wp","href":"https:\/\/api.w.org\/{rel}","templated":true}]}}