{"id":11406,"date":"2017-01-01T00:00:00","date_gmt":"2016-12-31T23:00:00","guid":{"rendered":"https:\/\/nature-et-developpement.com\/macabane-materiaux\/produit\/linteau-pour-bloc-de-chanvre-baie\/"},"modified":"2026-01-28T17:09:49","modified_gmt":"2026-01-28T16:09:49","slug":"linteau-pour-bloc-de-chanvre-baie","status":"publish","type":"product","link":"https:\/\/nature-et-developpement.com\/macabane-materiaux\/produit\/linteau-pour-bloc-de-chanvre-baie\/","title":{"rendered":"Linteau pour bloc de chanvre \u00e0 ma\u00e7onner Isohemp"},"content":{"rendered":"<h2>Linteaux isol\u00e9s<\/h2>\n<p>Ils sont parfaitement adapt\u00e9s aux nouvelles constructions et r\u00e9novations int\u00e9rieures ou ext\u00e9rieures.<\/p>\n<p>Ils permettent de supprimer les ponts thermiques et d\u2019obtenir une enveloppe isolante globale et continue.<\/p>\n<p>Les linteaux IsoHemp sont disponibles en \u00e9paisseur de 9cm, 12cm, 15cm, 20cm, 30cm et de diff\u00e9rentes longueurs.<\/p>\n<h3>Comment choisir son linteau?<\/h3>\n<p>En fonction de l\u2019\u00e9paisseur souhait\u00e9e et de l\u2019ouverture de baie \u00e0 couvrir, vous trouverez le linteau adapt\u00e9 dans le tableau ci-contre.<\/p>\n<p>Il est imp\u00e9ratif de toujours pr\u00e9voir une longueur d\u2019appui de minimum 20cm de chaque cot\u00e9 de la baie jusqu\u2019\u00e0 une ouverture de 2m.<\/p>\n<p>Pour des ouvertures de plus de 2m, un appui de 30cm de chaque c\u00f4t\u00e9 est \u00e0 pr\u00e9voir.<\/p>\n<p>Pour les murs de 30cm d\u2019\u00e9paisseur, il est possible d\u2019utiliser un bloc U pour r\u00e9aliser deux asselets en b\u00e9ton de 60cm de longueur chacun et ainsi r\u00e9duire la longueur d\u2019appui \u00e0 15cm de chaque c\u00f4t\u00e9 de la baie.<\/p>\n<p>Le choix du linteau se fait donc de la fa\u00e7on suivante: port\u00e9e \u00e0 franchir + (2 x 20cm ou 30cm) = longueur minimum du linteau.<\/p>\n<p>&nbsp;<\/p>\n","protected":false},"excerpt":{"rendered":"<p>Les linteaux IsoHemp sont des linteaux pr\u00e9fabriqu\u00e9s en b\u00e9ton de chanvre renforc\u00e9s par un c\u0153ur en b\u00e9ton arm\u00e9 utilis\u00e9s pour les ouvertures de portes et fen\u00eatres dans des ma\u00e7onneries en blocs de chanvre.<\/p>\n<p><strong>Disponible 36cm de large, sur demande.<\/strong><\/p>\n","protected":false},"featured_media":1000000153870,"template":"","meta":[],"product_brand":[157],"product_cat":[2342,2341,72,82],"product_tag":[2471],"class_list":{"0":"post-11406","1":"product","2":"type-product","3":"status-publish","4":"has-post-thumbnail","6":"product_brand-isohemp","7":"product_cat-accessoires-construction","8":"product_cat-accessoires-isolation-et-etancheite","9":"product_cat-demande-de-devis-uniquement-avec-prix","10":"product_cat-maconnerie","11":"product_tag-chanvre","12":"product_shipping_class-impact-transport-important","14":"first","15":"onbackorder","16":"taxable","17":"shipping-taxable","18":"purchasable","19":"product-type-variable"},"yoast_head":"<!-- This site is optimized with the Yoast SEO plugin v27.5 - https:\/\/yoast.com\/product\/yoast-seo-wordpress\/ -->\n<title>Linteau pour bloc de chanvre \u00e0 ma\u00e7onner Isohemp - Ma Cabane mat\u00e9riaux naturels<\/title>\n<meta name=\"description\" content=\"Les linteaux IsoHemp sont des linteaux pr\u00e9fabriqu\u00e9s en b\u00e9ton de chanvre renforc\u00e9s par un c\u0153ur en b\u00e9ton arm\u00e9 utilis\u00e9s pour les ouvertures de portes et fen\u00eatres dans des ma\u00e7onneries en blocs de chanvre.  Disponible 36cm de large, sur demande.\" \/>\n<meta name=\"robots\" content=\"noindex, nofollow\" \/>\n<meta property=\"og:locale\" content=\"fr_FR\" \/>\n<meta property=\"og:type\" content=\"article\" \/>\n<meta property=\"og:title\" content=\"Linteau pour bloc de chanvre \u00e0 ma\u00e7onner Isohemp - Ma Cabane mat\u00e9riaux naturels\" \/>\n<meta property=\"og:description\" content=\"Les linteaux IsoHemp sont des linteaux pr\u00e9fabriqu\u00e9s en b\u00e9ton de chanvre renforc\u00e9s par un c\u0153ur en b\u00e9ton arm\u00e9 utilis\u00e9s pour les ouvertures de portes et fen\u00eatres dans des ma\u00e7onneries en blocs de chanvre.  Disponible 36cm de large, sur demande.\" \/>\n<meta property=\"og:url\" content=\"https:\/\/nature-et-developpement.com\/macabane-materiaux\/produit\/linteau-pour-bloc-de-chanvre-baie\/\" \/>\n<meta property=\"og:site_name\" content=\"Ma Cabane mat\u00e9riaux naturels\" \/>\n<meta property=\"article:modified_time\" content=\"2026-01-28T16:09:49+00:00\" \/>\n<meta name=\"twitter:card\" content=\"summary_large_image\" \/>\n<meta name=\"twitter:label1\" content=\"Dur\u00e9e de lecture estim\u00e9e\" \/>\n\t<meta name=\"twitter:data1\" content=\"1 minute\" \/>\n<script type=\"application\/ld+json\" class=\"yoast-schema-graph\">{\"@context\":\"https:\\\/\\\/schema.org\",\"@graph\":[{\"@type\":\"WebPage\",\"@id\":\"https:\\\/\\\/nature-et-developpement.com\\\/macabane-materiaux\\\/produit\\\/linteau-pour-bloc-de-chanvre-baie\\\/\",\"url\":\"https:\\\/\\\/nature-et-developpement.com\\\/macabane-materiaux\\\/produit\\\/linteau-pour-bloc-de-chanvre-baie\\\/\",\"name\":\"Linteau pour bloc de chanvre \u00e0 ma\u00e7onner Isohemp - Ma Cabane mat\u00e9riaux naturels\",\"isPartOf\":{\"@id\":\"https:\\\/\\\/nature-et-developpement.com\\\/macabane-materiaux\\\/#website\"},\"primaryImageOfPage\":{\"@id\":\"https:\\\/\\\/nature-et-developpement.com\\\/macabane-materiaux\\\/produit\\\/linteau-pour-bloc-de-chanvre-baie\\\/#primaryimage\"},\"image\":{\"@id\":\"https:\\\/\\\/nature-et-developpement.com\\\/macabane-materiaux\\\/produit\\\/linteau-pour-bloc-de-chanvre-baie\\\/#primaryimage\"},\"thumbnailUrl\":\"https:\\\/\\\/nature-et-developpement.com\\\/macabane-materiaux\\\/wp-content\\\/uploads\\\/Linteaux-IsoHemp.jpg\",\"datePublished\":\"2016-12-31T23:00:00+00:00\",\"dateModified\":\"2026-01-28T16:09:49+00:00\",\"description\":\"Les linteaux IsoHemp sont des linteaux pr\u00e9fabriqu\u00e9s en b\u00e9ton de chanvre renforc\u00e9s par un c\u0153ur en b\u00e9ton arm\u00e9 utilis\u00e9s pour les ouvertures de portes et fen\u00eatres dans des ma\u00e7onneries en blocs de chanvre. Disponible 36cm de large, sur demande.\",\"breadcrumb\":{\"@id\":\"https:\\\/\\\/nature-et-developpement.com\\\/macabane-materiaux\\\/produit\\\/linteau-pour-bloc-de-chanvre-baie\\\/#breadcrumb\"},\"inLanguage\":\"fr-FR\",\"potentialAction\":[{\"@type\":\"ReadAction\",\"target\":[\"https:\\\/\\\/nature-et-developpement.com\\\/macabane-materiaux\\\/produit\\\/linteau-pour-bloc-de-chanvre-baie\\\/\"]}]},{\"@type\":\"ImageObject\",\"inLanguage\":\"fr-FR\",\"@id\":\"https:\\\/\\\/nature-et-developpement.com\\\/macabane-materiaux\\\/produit\\\/linteau-pour-bloc-de-chanvre-baie\\\/#primaryimage\",\"url\":\"https:\\\/\\\/nature-et-developpement.com\\\/macabane-materiaux\\\/wp-content\\\/uploads\\\/Linteaux-IsoHemp.jpg\",\"contentUrl\":\"https:\\\/\\\/nature-et-developpement.com\\\/macabane-materiaux\\\/wp-content\\\/uploads\\\/Linteaux-IsoHemp.jpg\"},{\"@type\":\"BreadcrumbList\",\"@id\":\"https:\\\/\\\/nature-et-developpement.com\\\/macabane-materiaux\\\/produit\\\/linteau-pour-bloc-de-chanvre-baie\\\/#breadcrumb\",\"itemListElement\":[{\"@type\":\"ListItem\",\"position\":1,\"name\":\"Accueil\",\"item\":\"https:\\\/\\\/nature-et-developpement.com\\\/macabane-materiaux\\\/\"},{\"@type\":\"ListItem\",\"position\":2,\"name\":\"Boutique\",\"item\":\"https:\\\/\\\/nature-et-developpement.com\\\/macabane-materiaux\\\/boutique\\\/\"},{\"@type\":\"ListItem\",\"position\":3,\"name\":\"Construction, cloison et fen\u00eatres\",\"item\":\"https:\\\/\\\/nature-et-developpement.com\\\/macabane-materiaux\\\/produits\\\/construction\\\/\"},{\"@type\":\"ListItem\",\"position\":4,\"name\":\"Ma\u00e7onnerie\",\"item\":\"https:\\\/\\\/nature-et-developpement.com\\\/macabane-materiaux\\\/produits\\\/construction\\\/maconnerie\\\/\"},{\"@type\":\"ListItem\",\"position\":5,\"name\":\"Linteau pour bloc de chanvre \u00e0 ma\u00e7onner Isohemp\"}]},{\"@type\":\"WebSite\",\"@id\":\"https:\\\/\\\/nature-et-developpement.com\\\/macabane-materiaux\\\/#website\",\"url\":\"https:\\\/\\\/nature-et-developpement.com\\\/macabane-materiaux\\\/\",\"name\":\"Ma Cabane mat\u00e9riaux naturels\",\"description\":\"Ma Cabane est membre du groupement Nature &amp; D\u00e9veloppement\",\"potentialAction\":[{\"@type\":\"SearchAction\",\"target\":{\"@type\":\"EntryPoint\",\"urlTemplate\":\"https:\\\/\\\/nature-et-developpement.com\\\/macabane-materiaux\\\/?s={search_term_string}\"},\"query-input\":{\"@type\":\"PropertyValueSpecification\",\"valueRequired\":true,\"valueName\":\"search_term_string\"}}],\"inLanguage\":\"fr-FR\"}]}<\/script>\n<!-- \/ Yoast SEO plugin. -->","yoast_head_json":{"title":"Linteau pour bloc de chanvre \u00e0 ma\u00e7onner Isohemp - Ma Cabane mat\u00e9riaux naturels","description":"Les linteaux IsoHemp sont des linteaux pr\u00e9fabriqu\u00e9s en b\u00e9ton de chanvre renforc\u00e9s par un c\u0153ur en b\u00e9ton arm\u00e9 utilis\u00e9s pour les ouvertures de portes et fen\u00eatres dans des ma\u00e7onneries en blocs de chanvre.  Disponible 36cm de large, sur demande.","robots":{"index":"noindex","follow":"nofollow"},"og_locale":"fr_FR","og_type":"article","og_title":"Linteau pour bloc de chanvre \u00e0 ma\u00e7onner Isohemp - Ma Cabane mat\u00e9riaux naturels","og_description":"Les linteaux IsoHemp sont des linteaux pr\u00e9fabriqu\u00e9s en b\u00e9ton de chanvre renforc\u00e9s par un c\u0153ur en b\u00e9ton arm\u00e9 utilis\u00e9s pour les ouvertures de portes et fen\u00eatres dans des ma\u00e7onneries en blocs de chanvre.  Disponible 36cm de large, sur demande.","og_url":"https:\/\/nature-et-developpement.com\/macabane-materiaux\/produit\/linteau-pour-bloc-de-chanvre-baie\/","og_site_name":"Ma Cabane mat\u00e9riaux naturels","article_modified_time":"2026-01-28T16:09:49+00:00","twitter_card":"summary_large_image","twitter_misc":{"Dur\u00e9e de lecture estim\u00e9e":"1 minute"},"schema":{"@context":"https:\/\/schema.org","@graph":[{"@type":"WebPage","@id":"https:\/\/nature-et-developpement.com\/macabane-materiaux\/produit\/linteau-pour-bloc-de-chanvre-baie\/","url":"https:\/\/nature-et-developpement.com\/macabane-materiaux\/produit\/linteau-pour-bloc-de-chanvre-baie\/","name":"Linteau pour bloc de chanvre \u00e0 ma\u00e7onner Isohemp - Ma Cabane mat\u00e9riaux naturels","isPartOf":{"@id":"https:\/\/nature-et-developpement.com\/macabane-materiaux\/#website"},"primaryImageOfPage":{"@id":"https:\/\/nature-et-developpement.com\/macabane-materiaux\/produit\/linteau-pour-bloc-de-chanvre-baie\/#primaryimage"},"image":{"@id":"https:\/\/nature-et-developpement.com\/macabane-materiaux\/produit\/linteau-pour-bloc-de-chanvre-baie\/#primaryimage"},"thumbnailUrl":"https:\/\/nature-et-developpement.com\/macabane-materiaux\/wp-content\/uploads\/Linteaux-IsoHemp.jpg","datePublished":"2016-12-31T23:00:00+00:00","dateModified":"2026-01-28T16:09:49+00:00","description":"Les linteaux IsoHemp sont des linteaux pr\u00e9fabriqu\u00e9s en b\u00e9ton de chanvre renforc\u00e9s par un c\u0153ur en b\u00e9ton arm\u00e9 utilis\u00e9s pour les ouvertures de portes et fen\u00eatres dans des ma\u00e7onneries en blocs de chanvre. Disponible 36cm de large, sur demande.","breadcrumb":{"@id":"https:\/\/nature-et-developpement.com\/macabane-materiaux\/produit\/linteau-pour-bloc-de-chanvre-baie\/#breadcrumb"},"inLanguage":"fr-FR","potentialAction":[{"@type":"ReadAction","target":["https:\/\/nature-et-developpement.com\/macabane-materiaux\/produit\/linteau-pour-bloc-de-chanvre-baie\/"]}]},{"@type":"ImageObject","inLanguage":"fr-FR","@id":"https:\/\/nature-et-developpement.com\/macabane-materiaux\/produit\/linteau-pour-bloc-de-chanvre-baie\/#primaryimage","url":"https:\/\/nature-et-developpement.com\/macabane-materiaux\/wp-content\/uploads\/Linteaux-IsoHemp.jpg","contentUrl":"https:\/\/nature-et-developpement.com\/macabane-materiaux\/wp-content\/uploads\/Linteaux-IsoHemp.jpg"},{"@type":"BreadcrumbList","@id":"https:\/\/nature-et-developpement.com\/macabane-materiaux\/produit\/linteau-pour-bloc-de-chanvre-baie\/#breadcrumb","itemListElement":[{"@type":"ListItem","position":1,"name":"Accueil","item":"https:\/\/nature-et-developpement.com\/macabane-materiaux\/"},{"@type":"ListItem","position":2,"name":"Boutique","item":"https:\/\/nature-et-developpement.com\/macabane-materiaux\/boutique\/"},{"@type":"ListItem","position":3,"name":"Construction, cloison et fen\u00eatres","item":"https:\/\/nature-et-developpement.com\/macabane-materiaux\/produits\/construction\/"},{"@type":"ListItem","position":4,"name":"Ma\u00e7onnerie","item":"https:\/\/nature-et-developpement.com\/macabane-materiaux\/produits\/construction\/maconnerie\/"},{"@type":"ListItem","position":5,"name":"Linteau pour bloc de chanvre \u00e0 ma\u00e7onner Isohemp"}]},{"@type":"WebSite","@id":"https:\/\/nature-et-developpement.com\/macabane-materiaux\/#website","url":"https:\/\/nature-et-developpement.com\/macabane-materiaux\/","name":"Ma Cabane mat\u00e9riaux naturels","description":"Ma Cabane est membre du groupement Nature &amp; D\u00e9veloppement","potentialAction":[{"@type":"SearchAction","target":{"@type":"EntryPoint","urlTemplate":"https:\/\/nature-et-developpement.com\/macabane-materiaux\/?s={search_term_string}"},"query-input":{"@type":"PropertyValueSpecification","valueRequired":true,"valueName":"search_term_string"}}],"inLanguage":"fr-FR"}]}},"distributor_meta":false,"distributor_terms":false,"distributor_media":false,"distributor_original_site_name":"Ma Cabane mat\u00e9riaux naturels","distributor_original_site_url":"https:\/\/nature-et-developpement.com\/macabane-materiaux","push-errors":false,"_links":{"self":[{"href":"https:\/\/nature-et-developpement.com\/macabane-materiaux\/wp-json\/wp\/v2\/product\/11406","targetHints":{"allow":["GET"]}}],"collection":[{"href":"https:\/\/nature-et-developpement.com\/macabane-materiaux\/wp-json\/wp\/v2\/product"}],"about":[{"href":"https:\/\/nature-et-developpement.com\/macabane-materiaux\/wp-json\/wp\/v2\/types\/product"}],"wp:featuredmedia":[{"embeddable":true,"href":"https:\/\/nature-et-developpement.com\/macabane-materiaux\/wp-json\/"}],"wp:attachment":[{"href":"https:\/\/nature-et-developpement.com\/macabane-materiaux\/wp-json\/wp\/v2\/media?parent=11406"}],"wp:term":[{"taxonomy":"product_brand","embeddable":true,"href":"https:\/\/nature-et-developpement.com\/macabane-materiaux\/wp-json\/wp\/v2\/product_brand?post=11406"},{"taxonomy":"product_cat","embeddable":true,"href":"https:\/\/nature-et-developpement.com\/macabane-materiaux\/wp-json\/wp\/v2\/product_cat?post=11406"},{"taxonomy":"product_tag","embeddable":true,"href":"https:\/\/nature-et-developpement.com\/macabane-materiaux\/wp-json\/wp\/v2\/product_tag?post=11406"}],"curies":[{"name":"wp","href":"https:\/\/api.w.org\/{rel}","templated":true}]}}