{"id":11490,"date":"2023-07-08T17:10:33","date_gmt":"2023-07-08T15:10:33","guid":{"rendered":"https:\/\/nature-et-developpement.com\/macabane-materiaux\/produit\/revetement-mineral-crepixate-prb\/"},"modified":"2025-06-17T15:25:15","modified_gmt":"2025-06-17T13:25:15","slug":"revetement-mineral-crepixate-prb","status":"publish","type":"product","link":"https:\/\/nature-et-developpement.com\/macabane-materiaux\/produit\/revetement-mineral-crepixate-prb\/","title":{"rendered":"Rev\u00eatement min\u00e9ral ext\u00e9rieur et int\u00e9rieur CR\u00c9PIXATE de PRB"},"content":{"rendered":"<h3>REV\u00caTEMENT MIN\u00c9RAL \u00c9PAIS STRUCTUR\u00c9 \u00c0 BASE DE SILICATE DE POTASSIUM<\/h3>\n<h5>Les + du CR\u00c9PIXATE\u00a0 M<\/h5>\n<p>&#8211; Protection et d\u00e9coration des fa\u00e7ades<br \/>\n&#8211; Aspect tr\u00e8s mat<br \/>\n&#8211; Utilisation possible sans primaire (renseignez-vous au pr\u00e8s de PRB)<br \/>\n&#8211; Granulom\u00e9trie fine ou moyenne<\/p>\n<h5>APPLICATION<\/h5>\n<p>&#8211; PRB CR\u00c9PIXATE est pr\u00eat \u00e0 l\u2019emploi<br \/>\n&#8211; Ne rien rajouter (autre que l\u2019eau en faible quantit\u00e9).<br \/>\n&#8211; Avant l\u2019emploi, remuer \u00e0 faible vitesse.<br \/>\n&#8211; Il s\u2019applique \u00e0 la lisseuse en acier ou inoxydable.<\/p>\n","protected":false},"excerpt":{"rendered":"<p>L&rsquo;enduit CR\u00c9PIXATE peut \u00eatre aussi bien utilis\u00e9 en r\u00e9novation qu\u2019en travaux neufs en tant que rev\u00eatement de finition<\/p>\n<p>Pr\u00eat \u00e0 l&#8217;emploi et teintable<\/p>\n","protected":false},"featured_media":1000000165782,"template":"","meta":[],"product_brand":[174],"product_cat":[2342,89,82],"product_tag":[2767],"class_list":{"0":"post-11490","1":"product","2":"type-product","3":"status-publish","4":"has-post-thumbnail","6":"product_brand-prb","7":"product_cat-accessoires-construction","8":"product_cat-enduits-naturels","9":"product_cat-maconnerie","10":"product_tag-prb","11":"product_shipping_class-sac-de-25kg","13":"first","14":"instock","15":"taxable","16":"shipping-taxable","17":"purchasable","18":"product-type-variable"},"yoast_head":"<!-- This site is optimized with the Yoast SEO plugin v27.5 - https:\/\/yoast.com\/product\/yoast-seo-wordpress\/ -->\n<title>Rev\u00eatement min\u00e9ral ext\u00e9rieur et int\u00e9rieur CR\u00c9PIXATE de PRB - Ma Cabane mat\u00e9riaux naturels<\/title>\n<meta name=\"description\" content=\"L&#039;enduit CR\u00c9PIXATE peut \u00eatre aussi bien utilis\u00e9 en r\u00e9novation qu\u2019en travaux neufs en tant que rev\u00eatement de finition Pr\u00eat \u00e0 l&#039;emploi et teintable\" \/>\n<meta name=\"robots\" content=\"noindex, follow\" \/>\n<meta property=\"og:locale\" content=\"fr_FR\" \/>\n<meta property=\"og:type\" content=\"article\" \/>\n<meta property=\"og:title\" content=\"Rev\u00eatement min\u00e9ral ext\u00e9rieur et int\u00e9rieur CR\u00c9PIXATE de PRB - Ma Cabane mat\u00e9riaux naturels\" \/>\n<meta property=\"og:description\" content=\"L&#039;enduit CR\u00c9PIXATE peut \u00eatre aussi bien utilis\u00e9 en r\u00e9novation qu\u2019en travaux neufs en tant que rev\u00eatement de finition Pr\u00eat \u00e0 l&#039;emploi et teintable\" \/>\n<meta property=\"og:url\" content=\"https:\/\/nature-et-developpement.com\/macabane-materiaux\/produit\/revetement-mineral-crepixate-prb\/\" \/>\n<meta property=\"og:site_name\" content=\"Ma Cabane mat\u00e9riaux naturels\" \/>\n<meta property=\"article:modified_time\" content=\"2025-06-17T13:25:15+00:00\" \/>\n<meta name=\"twitter:card\" content=\"summary_large_image\" \/>\n<meta name=\"twitter:label1\" content=\"Dur\u00e9e de lecture estim\u00e9e\" \/>\n\t<meta name=\"twitter:data1\" content=\"1 minute\" \/>\n<script type=\"application\/ld+json\" class=\"yoast-schema-graph\">{\"@context\":\"https:\\\/\\\/schema.org\",\"@graph\":[{\"@type\":\"WebPage\",\"@id\":\"https:\\\/\\\/nature-et-developpement.com\\\/macabane-materiaux\\\/produit\\\/revetement-mineral-crepixate-prb\\\/\",\"url\":\"https:\\\/\\\/nature-et-developpement.com\\\/macabane-materiaux\\\/produit\\\/revetement-mineral-crepixate-prb\\\/\",\"name\":\"Rev\u00eatement min\u00e9ral ext\u00e9rieur et int\u00e9rieur CR\u00c9PIXATE de PRB - Ma Cabane mat\u00e9riaux naturels\",\"isPartOf\":{\"@id\":\"https:\\\/\\\/nature-et-developpement.com\\\/macabane-materiaux\\\/#website\"},\"primaryImageOfPage\":{\"@id\":\"https:\\\/\\\/nature-et-developpement.com\\\/macabane-materiaux\\\/produit\\\/revetement-mineral-crepixate-prb\\\/#primaryimage\"},\"image\":{\"@id\":\"https:\\\/\\\/nature-et-developpement.com\\\/macabane-materiaux\\\/produit\\\/revetement-mineral-crepixate-prb\\\/#primaryimage\"},\"thumbnailUrl\":\"https:\\\/\\\/nature-et-developpement.com\\\/macabane-materiaux\\\/wp-content\\\/uploads\\\/Revetement-mineral-CREPIXATE-M-de-PRB.jpg\",\"datePublished\":\"2023-07-08T15:10:33+00:00\",\"dateModified\":\"2025-06-17T13:25:15+00:00\",\"description\":\"L'enduit CR\u00c9PIXATE peut \u00eatre aussi bien utilis\u00e9 en r\u00e9novation qu\u2019en travaux neufs en tant que rev\u00eatement de finition Pr\u00eat \u00e0 l'emploi et teintable\",\"breadcrumb\":{\"@id\":\"https:\\\/\\\/nature-et-developpement.com\\\/macabane-materiaux\\\/produit\\\/revetement-mineral-crepixate-prb\\\/#breadcrumb\"},\"inLanguage\":\"fr-FR\",\"potentialAction\":[{\"@type\":\"ReadAction\",\"target\":[\"https:\\\/\\\/nature-et-developpement.com\\\/macabane-materiaux\\\/produit\\\/revetement-mineral-crepixate-prb\\\/\"]}]},{\"@type\":\"ImageObject\",\"inLanguage\":\"fr-FR\",\"@id\":\"https:\\\/\\\/nature-et-developpement.com\\\/macabane-materiaux\\\/produit\\\/revetement-mineral-crepixate-prb\\\/#primaryimage\",\"url\":\"https:\\\/\\\/nature-et-developpement.com\\\/macabane-materiaux\\\/wp-content\\\/uploads\\\/Revetement-mineral-CREPIXATE-M-de-PRB.jpg\",\"contentUrl\":\"https:\\\/\\\/nature-et-developpement.com\\\/macabane-materiaux\\\/wp-content\\\/uploads\\\/Revetement-mineral-CREPIXATE-M-de-PRB.jpg\"},{\"@type\":\"BreadcrumbList\",\"@id\":\"https:\\\/\\\/nature-et-developpement.com\\\/macabane-materiaux\\\/produit\\\/revetement-mineral-crepixate-prb\\\/#breadcrumb\",\"itemListElement\":[{\"@type\":\"ListItem\",\"position\":1,\"name\":\"Accueil\",\"item\":\"https:\\\/\\\/nature-et-developpement.com\\\/macabane-materiaux\\\/\"},{\"@type\":\"ListItem\",\"position\":2,\"name\":\"Boutique\",\"item\":\"https:\\\/\\\/nature-et-developpement.com\\\/macabane-materiaux\\\/boutique\\\/\"},{\"@type\":\"ListItem\",\"position\":3,\"name\":\"Construction, cloison et fen\u00eatres\",\"item\":\"https:\\\/\\\/nature-et-developpement.com\\\/macabane-materiaux\\\/produits\\\/construction\\\/\"},{\"@type\":\"ListItem\",\"position\":4,\"name\":\"Accessoires construction\",\"item\":\"https:\\\/\\\/nature-et-developpement.com\\\/macabane-materiaux\\\/produits\\\/construction\\\/accessoires-construction\\\/\"},{\"@type\":\"ListItem\",\"position\":5,\"name\":\"Rev\u00eatement min\u00e9ral ext\u00e9rieur et int\u00e9rieur CR\u00c9PIXATE de PRB\"}]},{\"@type\":\"WebSite\",\"@id\":\"https:\\\/\\\/nature-et-developpement.com\\\/macabane-materiaux\\\/#website\",\"url\":\"https:\\\/\\\/nature-et-developpement.com\\\/macabane-materiaux\\\/\",\"name\":\"Ma Cabane mat\u00e9riaux naturels\",\"description\":\"Ma Cabane est membre du groupement Nature &amp; D\u00e9veloppement\",\"potentialAction\":[{\"@type\":\"SearchAction\",\"target\":{\"@type\":\"EntryPoint\",\"urlTemplate\":\"https:\\\/\\\/nature-et-developpement.com\\\/macabane-materiaux\\\/?s={search_term_string}\"},\"query-input\":{\"@type\":\"PropertyValueSpecification\",\"valueRequired\":true,\"valueName\":\"search_term_string\"}}],\"inLanguage\":\"fr-FR\"}]}<\/script>\n<!-- \/ Yoast SEO plugin. -->","yoast_head_json":{"title":"Rev\u00eatement min\u00e9ral ext\u00e9rieur et int\u00e9rieur CR\u00c9PIXATE de PRB - Ma Cabane mat\u00e9riaux naturels","description":"L'enduit CR\u00c9PIXATE peut \u00eatre aussi bien utilis\u00e9 en r\u00e9novation qu\u2019en travaux neufs en tant que rev\u00eatement de finition Pr\u00eat \u00e0 l'emploi et teintable","robots":{"index":"noindex","follow":"follow"},"og_locale":"fr_FR","og_type":"article","og_title":"Rev\u00eatement min\u00e9ral ext\u00e9rieur et int\u00e9rieur CR\u00c9PIXATE de PRB - Ma Cabane mat\u00e9riaux naturels","og_description":"L'enduit CR\u00c9PIXATE peut \u00eatre aussi bien utilis\u00e9 en r\u00e9novation qu\u2019en travaux neufs en tant que rev\u00eatement de finition Pr\u00eat \u00e0 l'emploi et teintable","og_url":"https:\/\/nature-et-developpement.com\/macabane-materiaux\/produit\/revetement-mineral-crepixate-prb\/","og_site_name":"Ma Cabane mat\u00e9riaux naturels","article_modified_time":"2025-06-17T13:25:15+00:00","twitter_card":"summary_large_image","twitter_misc":{"Dur\u00e9e de lecture estim\u00e9e":"1 minute"},"schema":{"@context":"https:\/\/schema.org","@graph":[{"@type":"WebPage","@id":"https:\/\/nature-et-developpement.com\/macabane-materiaux\/produit\/revetement-mineral-crepixate-prb\/","url":"https:\/\/nature-et-developpement.com\/macabane-materiaux\/produit\/revetement-mineral-crepixate-prb\/","name":"Rev\u00eatement min\u00e9ral ext\u00e9rieur et int\u00e9rieur CR\u00c9PIXATE de PRB - Ma Cabane mat\u00e9riaux naturels","isPartOf":{"@id":"https:\/\/nature-et-developpement.com\/macabane-materiaux\/#website"},"primaryImageOfPage":{"@id":"https:\/\/nature-et-developpement.com\/macabane-materiaux\/produit\/revetement-mineral-crepixate-prb\/#primaryimage"},"image":{"@id":"https:\/\/nature-et-developpement.com\/macabane-materiaux\/produit\/revetement-mineral-crepixate-prb\/#primaryimage"},"thumbnailUrl":"https:\/\/nature-et-developpement.com\/macabane-materiaux\/wp-content\/uploads\/Revetement-mineral-CREPIXATE-M-de-PRB.jpg","datePublished":"2023-07-08T15:10:33+00:00","dateModified":"2025-06-17T13:25:15+00:00","description":"L'enduit CR\u00c9PIXATE peut \u00eatre aussi bien utilis\u00e9 en r\u00e9novation qu\u2019en travaux neufs en tant que rev\u00eatement de finition Pr\u00eat \u00e0 l'emploi et teintable","breadcrumb":{"@id":"https:\/\/nature-et-developpement.com\/macabane-materiaux\/produit\/revetement-mineral-crepixate-prb\/#breadcrumb"},"inLanguage":"fr-FR","potentialAction":[{"@type":"ReadAction","target":["https:\/\/nature-et-developpement.com\/macabane-materiaux\/produit\/revetement-mineral-crepixate-prb\/"]}]},{"@type":"ImageObject","inLanguage":"fr-FR","@id":"https:\/\/nature-et-developpement.com\/macabane-materiaux\/produit\/revetement-mineral-crepixate-prb\/#primaryimage","url":"https:\/\/nature-et-developpement.com\/macabane-materiaux\/wp-content\/uploads\/Revetement-mineral-CREPIXATE-M-de-PRB.jpg","contentUrl":"https:\/\/nature-et-developpement.com\/macabane-materiaux\/wp-content\/uploads\/Revetement-mineral-CREPIXATE-M-de-PRB.jpg"},{"@type":"BreadcrumbList","@id":"https:\/\/nature-et-developpement.com\/macabane-materiaux\/produit\/revetement-mineral-crepixate-prb\/#breadcrumb","itemListElement":[{"@type":"ListItem","position":1,"name":"Accueil","item":"https:\/\/nature-et-developpement.com\/macabane-materiaux\/"},{"@type":"ListItem","position":2,"name":"Boutique","item":"https:\/\/nature-et-developpement.com\/macabane-materiaux\/boutique\/"},{"@type":"ListItem","position":3,"name":"Construction, cloison et fen\u00eatres","item":"https:\/\/nature-et-developpement.com\/macabane-materiaux\/produits\/construction\/"},{"@type":"ListItem","position":4,"name":"Accessoires construction","item":"https:\/\/nature-et-developpement.com\/macabane-materiaux\/produits\/construction\/accessoires-construction\/"},{"@type":"ListItem","position":5,"name":"Rev\u00eatement min\u00e9ral ext\u00e9rieur et int\u00e9rieur CR\u00c9PIXATE de PRB"}]},{"@type":"WebSite","@id":"https:\/\/nature-et-developpement.com\/macabane-materiaux\/#website","url":"https:\/\/nature-et-developpement.com\/macabane-materiaux\/","name":"Ma Cabane mat\u00e9riaux naturels","description":"Ma Cabane est membre du groupement Nature &amp; D\u00e9veloppement","potentialAction":[{"@type":"SearchAction","target":{"@type":"EntryPoint","urlTemplate":"https:\/\/nature-et-developpement.com\/macabane-materiaux\/?s={search_term_string}"},"query-input":{"@type":"PropertyValueSpecification","valueRequired":true,"valueName":"search_term_string"}}],"inLanguage":"fr-FR"}]}},"distributor_meta":false,"distributor_terms":false,"distributor_media":false,"distributor_original_site_name":"Ma Cabane mat\u00e9riaux naturels","distributor_original_site_url":"https:\/\/nature-et-developpement.com\/macabane-materiaux","push-errors":false,"_links":{"self":[{"href":"https:\/\/nature-et-developpement.com\/macabane-materiaux\/wp-json\/wp\/v2\/product\/11490","targetHints":{"allow":["GET"]}}],"collection":[{"href":"https:\/\/nature-et-developpement.com\/macabane-materiaux\/wp-json\/wp\/v2\/product"}],"about":[{"href":"https:\/\/nature-et-developpement.com\/macabane-materiaux\/wp-json\/wp\/v2\/types\/product"}],"wp:featuredmedia":[{"embeddable":true,"href":"https:\/\/nature-et-developpement.com\/macabane-materiaux\/wp-json\/"}],"wp:attachment":[{"href":"https:\/\/nature-et-developpement.com\/macabane-materiaux\/wp-json\/wp\/v2\/media?parent=11490"}],"wp:term":[{"taxonomy":"product_brand","embeddable":true,"href":"https:\/\/nature-et-developpement.com\/macabane-materiaux\/wp-json\/wp\/v2\/product_brand?post=11490"},{"taxonomy":"product_cat","embeddable":true,"href":"https:\/\/nature-et-developpement.com\/macabane-materiaux\/wp-json\/wp\/v2\/product_cat?post=11490"},{"taxonomy":"product_tag","embeddable":true,"href":"https:\/\/nature-et-developpement.com\/macabane-materiaux\/wp-json\/wp\/v2\/product_tag?post=11490"}],"curies":[{"name":"wp","href":"https:\/\/api.w.org\/{rel}","templated":true}]}}