{"id":11498,"date":"2023-06-23T12:08:55","date_gmt":"2023-06-23T10:08:55","guid":{"rendered":"https:\/\/nature-et-developpement.com\/macabane-materiaux\/produit\/panneau-mural-chauffant\/"},"modified":"2025-06-17T15:25:15","modified_gmt":"2025-06-17T13:25:15","slug":"panneau-mural-chauffant","status":"publish","type":"product","link":"https:\/\/nature-et-developpement.com\/macabane-materiaux\/produit\/panneau-mural-chauffant\/","title":{"rendered":"Panneau mural Chauffant et rafra\u00eechissant \u00e0 eau WEM"},"content":{"rendered":"<div class=\"csc-header csc-header-n1\">\n<div class=\"csc-header csc-header-n1\">\n<h2 class=\"csc-firstHeader\">Le panneau mural en argile chauffant et rafra\u00eechissant<\/h2>\n<\/div>\n<div class=\"csc-textpic-text\">\n<p class=\"bodytext\">Ces syst\u00e8me sont appropri\u00e9s pour des constructions murales et des plafonds en argile. Ils peuvent \u00eatre utilis\u00e9s pour chauffer comme pour refroidir dans le neuf comme dans la r\u00e9novation.<\/p>\n<\/div>\n<p class=\"bodytext\">Avantages des syst\u00e8mes de chauffage mural<br \/>\nLeur montage est simple : les panneaux sont viss\u00e9s ou agraf\u00e9s sur diff\u00e9rentes surfaces comme par ex. des murs en bois massif, coffrages en bois, mat\u00e9riaux de panneaux (par ex. OSB) ou sur des b\u00e2tis.<\/p>\n<p>Ensuite, ils sont recouverts d\u2019enduit de surface en argile ou \u00e0 la chaux tout en y int\u00e9grant un treillis d\u2019armature en fibres de verre. Selon les souhaits, vous pouvez \u00e9galement recouvrir la surface d&rsquo;une couche de peinture ou d&rsquo;enduit de finition taloch\u00e9 ou liss\u00e9.<\/p>\n<div id=\"c1561\" class=\"csc-default\" style=\"margin-top: 20px\">\n<div class=\"csc-textpic csc-textpic-intext-right-nowrap\">\n<div style=\"margin-right: 110px\">\n<div class=\"csc-textpic-text\">\n<p class=\"bodytext\">Les chauffages muraux \u00e9mettent la chaleur uniform\u00e9ment sous forme de rayonnement. Cette chaleur est ressentie par le corps humain, \u00e0 m\u00eame titre que le rayonnement solaire, comme un effet bienfaisant et agr\u00e9able. L&rsquo;air ambiant reste en grande partie exempt de tourbillonnement et il conserve sa teneur naturelle en humidit\u00e9.<\/p>\n<\/div>\n<\/div>\n<\/div>\n<\/div>\n<div id=\"c1560\" class=\"csc-default\" style=\"margin-top: 20px\">\n<div class=\"csc-textpic csc-textpic-intext-right-nowrap\">\n<div style=\"margin-right: 110px\">\n<div class=\"csc-textpic-text\">\n<p class=\"bodytext\">Des radiateurs traditionnels par contre r\u00e9chauffent l&rsquo;air. L&rsquo;air circule, des particules comme par exemple des poussi\u00e8res domestiques et des acariens tourbillonnent alors. La t\u00eate est chaude et les pieds sont froids en cons\u00e9quence \u00e0 la chaleur ascendante.<\/p>\n<\/div>\n<\/div>\n<\/div>\n<\/div>\n<p class=\"bodytext\">Le confort d\u00e9pend, en plus de la temp\u00e9rature ambiante (de l&rsquo;air) \u00e9galement de la temp\u00e9rature des surfaces murales. La temp\u00e9rature ambiante (de l&rsquo;air) peut \u00eatre r\u00e9duite avec un chauffage mural, sans pour autant influencer le bien-\u00eatre. Une r\u00e9duction de 3 \u00b0C de la temp\u00e9rature ambiante (de l\u2019air) repr\u00e9sente environ 18 % d&rsquo;\u00e9conomie pour les co\u00fbts de chauffage.<\/p>\n<p class=\"bodytext\">Les panneaux chauffants sont adapt\u00e9s \u00e0 tous les projets de construction neuve ainsi que pour des projets d\u2019am\u00e9lioration de l&rsquo;existant. Les panneaux peuvent se poser aux murs, en cloisons, en rampants ou m\u00eame au plafond.<\/p>\n<\/div>\n","protected":false},"excerpt":{"rendered":"<p>Le composant central du syst\u00e8me de cloisons s\u00e8ches chauffantes et\/ou rafra\u00eechissantes\u00a0est un\u00a0panneau d&rsquo;argile de 25mm d&rsquo;\u00e9paisseur avec des tuyaux de chauffage int\u00e9gr\u00e9s.<br \/>\nCela\u00a0vous permettent de cr\u00e9er des structures de murs et de plafonds permettant le chauffage et la climatisation.<br \/>\nL&rsquo;installation est simple et rapide<\/p>\n","protected":false},"featured_media":1000000168656,"template":"","meta":[],"product_brand":[188],"product_cat":[83,73,76],"product_tag":[],"class_list":{"0":"post-11498","1":"product","2":"type-product","3":"status-publish","4":"has-post-thumbnail","6":"product_brand-wem","7":"product_cat-cloisons-et-doublage","8":"product_cat-demande-de-devis-uniquement-sans-prix","9":"product_cat-radiateur-plancher-chauffant","10":"product_shipping_class-impact-transport-important","12":"first","13":"onbackorder","14":"taxable","15":"shipping-taxable","16":"purchasable","17":"product-type-variable"},"yoast_head":"<!-- This site is optimized with the Yoast SEO plugin v27.5 - https:\/\/yoast.com\/product\/yoast-seo-wordpress\/ -->\n<title>Panneau mural Chauffant et rafra\u00eechissant \u00e0 eau WEM - Ma Cabane mat\u00e9riaux naturels<\/title>\n<meta name=\"description\" content=\"Le composant central du syst\u00e8me de cloisons s\u00e8ches chauffantes et\/ou rafra\u00eechissantes\u00a0est un\u00a0panneau d&#039;argile de 25mm d&#039;\u00e9paisseur avec des tuyaux de chauffage int\u00e9gr\u00e9s. Cela\u00a0vous permettent de cr\u00e9er des structures de murs et de plafonds permettant le chauffage et la climatisation. L&#039;installation est simple et rapide\" \/>\n<meta name=\"robots\" content=\"noindex, follow\" \/>\n<meta property=\"og:locale\" content=\"fr_FR\" \/>\n<meta property=\"og:type\" content=\"article\" \/>\n<meta property=\"og:title\" content=\"Panneau mural Chauffant et rafra\u00eechissant \u00e0 eau WEM - Ma Cabane mat\u00e9riaux naturels\" \/>\n<meta property=\"og:description\" content=\"Le composant central du syst\u00e8me de cloisons s\u00e8ches chauffantes et\/ou rafra\u00eechissantes\u00a0est un\u00a0panneau d&#039;argile de 25mm d&#039;\u00e9paisseur avec des tuyaux de chauffage int\u00e9gr\u00e9s. Cela\u00a0vous permettent de cr\u00e9er des structures de murs et de plafonds permettant le chauffage et la climatisation. L&#039;installation est simple et rapide\" \/>\n<meta property=\"og:url\" content=\"https:\/\/nature-et-developpement.com\/macabane-materiaux\/produit\/panneau-mural-chauffant\/\" \/>\n<meta property=\"og:site_name\" content=\"Ma Cabane mat\u00e9riaux naturels\" \/>\n<meta property=\"article:modified_time\" content=\"2025-06-17T13:25:15+00:00\" \/>\n<meta name=\"twitter:card\" content=\"summary_large_image\" \/>\n<meta name=\"twitter:label1\" content=\"Dur\u00e9e de lecture estim\u00e9e\" \/>\n\t<meta name=\"twitter:data1\" content=\"2 minutes\" \/>\n<script type=\"application\/ld+json\" class=\"yoast-schema-graph\">{\"@context\":\"https:\\\/\\\/schema.org\",\"@graph\":[{\"@type\":\"WebPage\",\"@id\":\"https:\\\/\\\/nature-et-developpement.com\\\/macabane-materiaux\\\/produit\\\/panneau-mural-chauffant\\\/\",\"url\":\"https:\\\/\\\/nature-et-developpement.com\\\/macabane-materiaux\\\/produit\\\/panneau-mural-chauffant\\\/\",\"name\":\"Panneau mural Chauffant et rafra\u00eechissant \u00e0 eau WEM - Ma Cabane mat\u00e9riaux naturels\",\"isPartOf\":{\"@id\":\"https:\\\/\\\/nature-et-developpement.com\\\/macabane-materiaux\\\/#website\"},\"primaryImageOfPage\":{\"@id\":\"https:\\\/\\\/nature-et-developpement.com\\\/macabane-materiaux\\\/produit\\\/panneau-mural-chauffant\\\/#primaryimage\"},\"image\":{\"@id\":\"https:\\\/\\\/nature-et-developpement.com\\\/macabane-materiaux\\\/produit\\\/panneau-mural-chauffant\\\/#primaryimage\"},\"thumbnailUrl\":\"https:\\\/\\\/nature-et-developpement.com\\\/macabane-materiaux\\\/wp-content\\\/uploads\\\/Panneau-mural-Chauffant-a-eau-de-WEM.jpg\",\"datePublished\":\"2023-06-23T10:08:55+00:00\",\"dateModified\":\"2025-06-17T13:25:15+00:00\",\"description\":\"Le composant central du syst\u00e8me de cloisons s\u00e8ches chauffantes et\\\/ou rafra\u00eechissantes\u00a0est un\u00a0panneau d'argile de 25mm d'\u00e9paisseur avec des tuyaux de chauffage int\u00e9gr\u00e9s. Cela\u00a0vous permettent de cr\u00e9er des structures de murs et de plafonds permettant le chauffage et la climatisation. L'installation est simple et rapide\",\"breadcrumb\":{\"@id\":\"https:\\\/\\\/nature-et-developpement.com\\\/macabane-materiaux\\\/produit\\\/panneau-mural-chauffant\\\/#breadcrumb\"},\"inLanguage\":\"fr-FR\",\"potentialAction\":[{\"@type\":\"ReadAction\",\"target\":[\"https:\\\/\\\/nature-et-developpement.com\\\/macabane-materiaux\\\/produit\\\/panneau-mural-chauffant\\\/\"]}]},{\"@type\":\"ImageObject\",\"inLanguage\":\"fr-FR\",\"@id\":\"https:\\\/\\\/nature-et-developpement.com\\\/macabane-materiaux\\\/produit\\\/panneau-mural-chauffant\\\/#primaryimage\",\"url\":\"https:\\\/\\\/nature-et-developpement.com\\\/macabane-materiaux\\\/wp-content\\\/uploads\\\/Panneau-mural-Chauffant-a-eau-de-WEM.jpg\",\"contentUrl\":\"https:\\\/\\\/nature-et-developpement.com\\\/macabane-materiaux\\\/wp-content\\\/uploads\\\/Panneau-mural-Chauffant-a-eau-de-WEM.jpg\"},{\"@type\":\"BreadcrumbList\",\"@id\":\"https:\\\/\\\/nature-et-developpement.com\\\/macabane-materiaux\\\/produit\\\/panneau-mural-chauffant\\\/#breadcrumb\",\"itemListElement\":[{\"@type\":\"ListItem\",\"position\":1,\"name\":\"Accueil\",\"item\":\"https:\\\/\\\/nature-et-developpement.com\\\/macabane-materiaux\\\/\"},{\"@type\":\"ListItem\",\"position\":2,\"name\":\"Boutique\",\"item\":\"https:\\\/\\\/nature-et-developpement.com\\\/macabane-materiaux\\\/boutique\\\/\"},{\"@type\":\"ListItem\",\"position\":3,\"name\":\"Construction, cloison et fen\u00eatres\",\"item\":\"https:\\\/\\\/nature-et-developpement.com\\\/macabane-materiaux\\\/produits\\\/construction\\\/\"},{\"@type\":\"ListItem\",\"position\":4,\"name\":\"Cloisons et doublage\",\"item\":\"https:\\\/\\\/nature-et-developpement.com\\\/macabane-materiaux\\\/produits\\\/construction\\\/cloisons-et-doublage\\\/\"},{\"@type\":\"ListItem\",\"position\":5,\"name\":\"Panneau mural Chauffant et rafra\u00eechissant \u00e0 eau WEM\"}]},{\"@type\":\"WebSite\",\"@id\":\"https:\\\/\\\/nature-et-developpement.com\\\/macabane-materiaux\\\/#website\",\"url\":\"https:\\\/\\\/nature-et-developpement.com\\\/macabane-materiaux\\\/\",\"name\":\"Ma Cabane mat\u00e9riaux naturels\",\"description\":\"Ma Cabane est membre du groupement Nature &amp; D\u00e9veloppement\",\"potentialAction\":[{\"@type\":\"SearchAction\",\"target\":{\"@type\":\"EntryPoint\",\"urlTemplate\":\"https:\\\/\\\/nature-et-developpement.com\\\/macabane-materiaux\\\/?s={search_term_string}\"},\"query-input\":{\"@type\":\"PropertyValueSpecification\",\"valueRequired\":true,\"valueName\":\"search_term_string\"}}],\"inLanguage\":\"fr-FR\"}]}<\/script>\n<!-- \/ Yoast SEO plugin. -->","yoast_head_json":{"title":"Panneau mural Chauffant et rafra\u00eechissant \u00e0 eau WEM - Ma Cabane mat\u00e9riaux naturels","description":"Le composant central du syst\u00e8me de cloisons s\u00e8ches chauffantes et\/ou rafra\u00eechissantes\u00a0est un\u00a0panneau d'argile de 25mm d'\u00e9paisseur avec des tuyaux de chauffage int\u00e9gr\u00e9s. Cela\u00a0vous permettent de cr\u00e9er des structures de murs et de plafonds permettant le chauffage et la climatisation. L'installation est simple et rapide","robots":{"index":"noindex","follow":"follow"},"og_locale":"fr_FR","og_type":"article","og_title":"Panneau mural Chauffant et rafra\u00eechissant \u00e0 eau WEM - Ma Cabane mat\u00e9riaux naturels","og_description":"Le composant central du syst\u00e8me de cloisons s\u00e8ches chauffantes et\/ou rafra\u00eechissantes\u00a0est un\u00a0panneau d'argile de 25mm d'\u00e9paisseur avec des tuyaux de chauffage int\u00e9gr\u00e9s. Cela\u00a0vous permettent de cr\u00e9er des structures de murs et de plafonds permettant le chauffage et la climatisation. L'installation est simple et rapide","og_url":"https:\/\/nature-et-developpement.com\/macabane-materiaux\/produit\/panneau-mural-chauffant\/","og_site_name":"Ma Cabane mat\u00e9riaux naturels","article_modified_time":"2025-06-17T13:25:15+00:00","twitter_card":"summary_large_image","twitter_misc":{"Dur\u00e9e de lecture estim\u00e9e":"2 minutes"},"schema":{"@context":"https:\/\/schema.org","@graph":[{"@type":"WebPage","@id":"https:\/\/nature-et-developpement.com\/macabane-materiaux\/produit\/panneau-mural-chauffant\/","url":"https:\/\/nature-et-developpement.com\/macabane-materiaux\/produit\/panneau-mural-chauffant\/","name":"Panneau mural Chauffant et rafra\u00eechissant \u00e0 eau WEM - Ma Cabane mat\u00e9riaux naturels","isPartOf":{"@id":"https:\/\/nature-et-developpement.com\/macabane-materiaux\/#website"},"primaryImageOfPage":{"@id":"https:\/\/nature-et-developpement.com\/macabane-materiaux\/produit\/panneau-mural-chauffant\/#primaryimage"},"image":{"@id":"https:\/\/nature-et-developpement.com\/macabane-materiaux\/produit\/panneau-mural-chauffant\/#primaryimage"},"thumbnailUrl":"https:\/\/nature-et-developpement.com\/macabane-materiaux\/wp-content\/uploads\/Panneau-mural-Chauffant-a-eau-de-WEM.jpg","datePublished":"2023-06-23T10:08:55+00:00","dateModified":"2025-06-17T13:25:15+00:00","description":"Le composant central du syst\u00e8me de cloisons s\u00e8ches chauffantes et\/ou rafra\u00eechissantes\u00a0est un\u00a0panneau d'argile de 25mm d'\u00e9paisseur avec des tuyaux de chauffage int\u00e9gr\u00e9s. Cela\u00a0vous permettent de cr\u00e9er des structures de murs et de plafonds permettant le chauffage et la climatisation. L'installation est simple et rapide","breadcrumb":{"@id":"https:\/\/nature-et-developpement.com\/macabane-materiaux\/produit\/panneau-mural-chauffant\/#breadcrumb"},"inLanguage":"fr-FR","potentialAction":[{"@type":"ReadAction","target":["https:\/\/nature-et-developpement.com\/macabane-materiaux\/produit\/panneau-mural-chauffant\/"]}]},{"@type":"ImageObject","inLanguage":"fr-FR","@id":"https:\/\/nature-et-developpement.com\/macabane-materiaux\/produit\/panneau-mural-chauffant\/#primaryimage","url":"https:\/\/nature-et-developpement.com\/macabane-materiaux\/wp-content\/uploads\/Panneau-mural-Chauffant-a-eau-de-WEM.jpg","contentUrl":"https:\/\/nature-et-developpement.com\/macabane-materiaux\/wp-content\/uploads\/Panneau-mural-Chauffant-a-eau-de-WEM.jpg"},{"@type":"BreadcrumbList","@id":"https:\/\/nature-et-developpement.com\/macabane-materiaux\/produit\/panneau-mural-chauffant\/#breadcrumb","itemListElement":[{"@type":"ListItem","position":1,"name":"Accueil","item":"https:\/\/nature-et-developpement.com\/macabane-materiaux\/"},{"@type":"ListItem","position":2,"name":"Boutique","item":"https:\/\/nature-et-developpement.com\/macabane-materiaux\/boutique\/"},{"@type":"ListItem","position":3,"name":"Construction, cloison et fen\u00eatres","item":"https:\/\/nature-et-developpement.com\/macabane-materiaux\/produits\/construction\/"},{"@type":"ListItem","position":4,"name":"Cloisons et doublage","item":"https:\/\/nature-et-developpement.com\/macabane-materiaux\/produits\/construction\/cloisons-et-doublage\/"},{"@type":"ListItem","position":5,"name":"Panneau mural Chauffant et rafra\u00eechissant \u00e0 eau WEM"}]},{"@type":"WebSite","@id":"https:\/\/nature-et-developpement.com\/macabane-materiaux\/#website","url":"https:\/\/nature-et-developpement.com\/macabane-materiaux\/","name":"Ma Cabane mat\u00e9riaux naturels","description":"Ma Cabane est membre du groupement Nature &amp; D\u00e9veloppement","potentialAction":[{"@type":"SearchAction","target":{"@type":"EntryPoint","urlTemplate":"https:\/\/nature-et-developpement.com\/macabane-materiaux\/?s={search_term_string}"},"query-input":{"@type":"PropertyValueSpecification","valueRequired":true,"valueName":"search_term_string"}}],"inLanguage":"fr-FR"}]}},"distributor_meta":false,"distributor_terms":false,"distributor_media":false,"distributor_original_site_name":"Ma Cabane mat\u00e9riaux naturels","distributor_original_site_url":"https:\/\/nature-et-developpement.com\/macabane-materiaux","push-errors":false,"_links":{"self":[{"href":"https:\/\/nature-et-developpement.com\/macabane-materiaux\/wp-json\/wp\/v2\/product\/11498","targetHints":{"allow":["GET"]}}],"collection":[{"href":"https:\/\/nature-et-developpement.com\/macabane-materiaux\/wp-json\/wp\/v2\/product"}],"about":[{"href":"https:\/\/nature-et-developpement.com\/macabane-materiaux\/wp-json\/wp\/v2\/types\/product"}],"wp:featuredmedia":[{"embeddable":true,"href":"https:\/\/nature-et-developpement.com\/macabane-materiaux\/wp-json\/"}],"wp:attachment":[{"href":"https:\/\/nature-et-developpement.com\/macabane-materiaux\/wp-json\/wp\/v2\/media?parent=11498"}],"wp:term":[{"taxonomy":"product_brand","embeddable":true,"href":"https:\/\/nature-et-developpement.com\/macabane-materiaux\/wp-json\/wp\/v2\/product_brand?post=11498"},{"taxonomy":"product_cat","embeddable":true,"href":"https:\/\/nature-et-developpement.com\/macabane-materiaux\/wp-json\/wp\/v2\/product_cat?post=11498"},{"taxonomy":"product_tag","embeddable":true,"href":"https:\/\/nature-et-developpement.com\/macabane-materiaux\/wp-json\/wp\/v2\/product_tag?post=11498"}],"curies":[{"name":"wp","href":"https:\/\/api.w.org\/{rel}","templated":true}]}}