{"id":11516,"date":"2017-01-01T00:00:00","date_gmt":"2016-12-31T23:00:00","guid":{"rendered":"https:\/\/nature-et-developpement.com\/macabane-materiaux\/produit\/decorchaux-poudre-cl90-20kg-de-saint-astier\/"},"modified":"2025-10-23T21:25:54","modified_gmt":"2025-10-23T19:25:54","slug":"decorchaux-poudre-cl90-20kg-de-saint-astier","status":"publish","type":"product","link":"https:\/\/nature-et-developpement.com\/macabane-materiaux\/produit\/decorchaux-poudre-cl90-20kg-de-saint-astier\/","title":{"rendered":"Chaux a\u00e9rienne CL90 DECORCHAUX 20Kg de Saint Astier"},"content":{"rendered":"<h2>Chaux a\u00e9rienne fabriqu\u00e9e en France<\/h2>\n<p>La DECORCHAUX est une CHAUX AERIENNE ETEINTE ou une chaux calcique (CL) pr\u00e9vue pour tous les travaux du b\u00e2timent.<\/p>\n<p>Il est destin\u00e9 en priorit\u00e9 \u00e0 la r\u00e9alisation de Parements (finition) ou de badigeons.<\/p>\n<h3>DOMAINES D\u2019UTILISATION<\/h3>\n<ul>\n<li>Badigeon<\/li>\n<li>Enduit de finition<\/li>\n<li>Tadelakt<\/li>\n<li>Utilisation possible avec du pl\u00e2tre gros<\/li>\n<li>Autres utilisations : nous consulter<\/li>\n<\/ul>\n<h3>CONDITIONNEMENT<\/h3>\n<p>Sac de 20 kg et 50 sacs par palette (palette de 1 T)<\/p>\n<h3>COMPOSITION<\/h3>\n<p>Chaux a\u00e9rienne en poudre (CL 90-S), particuli\u00e8rement s\u00e9lectionn\u00e9es et pr\u00e9par\u00e9es par les \u00e9quipes de fabrication de Saint-Astier<\/p>\n","protected":false},"excerpt":{"rendered":"<p>S\u00e9lectionn\u00e9 par Saint-Astier pour son extr\u00eame FINESSE et sa BLANCHEUR tr\u00e8s \u00e9lev\u00e9e<\/p>\n<p>Id\u00e9ale pour le Tadelakt et badigeon.<br \/>\n<img loading=\"lazy\" decoding=\"async\" class=\"alignnone size-full wp-image-170632\" src=\"https:\/\/nature-et-developpement.com\/wp-content\/uploads\/logo-EPV.jpg\" alt=\"\" width=\"150\" height=\"150\" \/><\/p>\n","protected":false},"featured_media":1000000174447,"template":"","meta":[],"product_brand":[178],"product_cat":[73,89,82,87],"product_tag":[2704],"class_list":{"0":"post-11516","1":"product","2":"type-product","3":"status-publish","4":"has-post-thumbnail","6":"product_brand-saint-astier","7":"product_cat-demande-de-devis-uniquement-sans-prix","8":"product_cat-enduits-naturels","9":"product_cat-maconnerie","10":"product_cat-peinture-et-enduit","11":"product_tag-saint-astier","12":"product_shipping_class-sac-de-25kg","14":"first","15":"instock","16":"taxable","17":"shipping-taxable","18":"purchasable","19":"product-type-variable"},"yoast_head":"<!-- This site is optimized with the Yoast SEO plugin v27.5 - https:\/\/yoast.com\/product\/yoast-seo-wordpress\/ -->\n<title>Chaux a\u00e9rienne CL90 DECORCHAUX 20Kg de Saint Astier - Ma Cabane mat\u00e9riaux naturels<\/title>\n<meta name=\"description\" content=\"S\u00e9lectionn\u00e9 par Saint-Astier pour son extr\u00eame FINESSE et sa BLANCHEUR tr\u00e8s \u00e9lev\u00e9e. Id\u00e9ale pour le tadelakt et les badigeons.\" \/>\n<meta name=\"robots\" content=\"noindex, nofollow\" \/>\n<meta property=\"og:locale\" content=\"fr_FR\" \/>\n<meta property=\"og:type\" content=\"article\" \/>\n<meta property=\"og:title\" content=\"Chaux a\u00e9rienne CL90 DECORCHAUX 20Kg de Saint Astier - Ma Cabane mat\u00e9riaux naturels\" \/>\n<meta property=\"og:description\" content=\"S\u00e9lectionn\u00e9 par Saint-Astier pour son extr\u00eame FINESSE et sa BLANCHEUR tr\u00e8s \u00e9lev\u00e9e. Id\u00e9ale pour le tadelakt et les badigeons.\" \/>\n<meta property=\"og:url\" content=\"https:\/\/nature-et-developpement.com\/macabane-materiaux\/produit\/decorchaux-poudre-cl90-20kg-de-saint-astier\/\" \/>\n<meta property=\"og:site_name\" content=\"Ma Cabane mat\u00e9riaux naturels\" \/>\n<meta property=\"article:modified_time\" content=\"2025-10-23T19:25:54+00:00\" \/>\n<meta name=\"twitter:card\" content=\"summary_large_image\" \/>\n<meta name=\"twitter:label1\" content=\"Dur\u00e9e de lecture estim\u00e9e\" \/>\n\t<meta name=\"twitter:data1\" content=\"1 minute\" \/>\n<script type=\"application\/ld+json\" class=\"yoast-schema-graph\">{\"@context\":\"https:\\\/\\\/schema.org\",\"@graph\":[{\"@type\":\"WebPage\",\"@id\":\"https:\\\/\\\/nature-et-developpement.com\\\/macabane-materiaux\\\/produit\\\/decorchaux-poudre-cl90-20kg-de-saint-astier\\\/\",\"url\":\"https:\\\/\\\/nature-et-developpement.com\\\/macabane-materiaux\\\/produit\\\/decorchaux-poudre-cl90-20kg-de-saint-astier\\\/\",\"name\":\"Chaux a\u00e9rienne CL90 DECORCHAUX 20Kg de Saint Astier - Ma Cabane mat\u00e9riaux naturels\",\"isPartOf\":{\"@id\":\"https:\\\/\\\/nature-et-developpement.com\\\/macabane-materiaux\\\/#website\"},\"primaryImageOfPage\":{\"@id\":\"https:\\\/\\\/nature-et-developpement.com\\\/macabane-materiaux\\\/produit\\\/decorchaux-poudre-cl90-20kg-de-saint-astier\\\/#primaryimage\"},\"image\":{\"@id\":\"https:\\\/\\\/nature-et-developpement.com\\\/macabane-materiaux\\\/produit\\\/decorchaux-poudre-cl90-20kg-de-saint-astier\\\/#primaryimage\"},\"thumbnailUrl\":\"https:\\\/\\\/nature-et-developpement.com\\\/macabane-materiaux\\\/wp-content\\\/uploads\\\/Chaux-aerienne-CL90-20KG-DECORCHAUX-de-Saint-Astier-2024.jpg\",\"datePublished\":\"2016-12-31T23:00:00+00:00\",\"dateModified\":\"2025-10-23T19:25:54+00:00\",\"description\":\"S\u00e9lectionn\u00e9 par Saint-Astier pour son extr\u00eame FINESSE et sa BLANCHEUR tr\u00e8s \u00e9lev\u00e9e. Id\u00e9ale pour le tadelakt et les badigeons.\",\"breadcrumb\":{\"@id\":\"https:\\\/\\\/nature-et-developpement.com\\\/macabane-materiaux\\\/produit\\\/decorchaux-poudre-cl90-20kg-de-saint-astier\\\/#breadcrumb\"},\"inLanguage\":\"fr-FR\",\"potentialAction\":[{\"@type\":\"ReadAction\",\"target\":[\"https:\\\/\\\/nature-et-developpement.com\\\/macabane-materiaux\\\/produit\\\/decorchaux-poudre-cl90-20kg-de-saint-astier\\\/\"]}]},{\"@type\":\"ImageObject\",\"inLanguage\":\"fr-FR\",\"@id\":\"https:\\\/\\\/nature-et-developpement.com\\\/macabane-materiaux\\\/produit\\\/decorchaux-poudre-cl90-20kg-de-saint-astier\\\/#primaryimage\",\"url\":\"https:\\\/\\\/nature-et-developpement.com\\\/macabane-materiaux\\\/wp-content\\\/uploads\\\/Chaux-aerienne-CL90-20KG-DECORCHAUX-de-Saint-Astier-2024.jpg\",\"contentUrl\":\"https:\\\/\\\/nature-et-developpement.com\\\/macabane-materiaux\\\/wp-content\\\/uploads\\\/Chaux-aerienne-CL90-20KG-DECORCHAUX-de-Saint-Astier-2024.jpg\"},{\"@type\":\"BreadcrumbList\",\"@id\":\"https:\\\/\\\/nature-et-developpement.com\\\/macabane-materiaux\\\/produit\\\/decorchaux-poudre-cl90-20kg-de-saint-astier\\\/#breadcrumb\",\"itemListElement\":[{\"@type\":\"ListItem\",\"position\":1,\"name\":\"Accueil\",\"item\":\"https:\\\/\\\/nature-et-developpement.com\\\/macabane-materiaux\\\/\"},{\"@type\":\"ListItem\",\"position\":2,\"name\":\"Boutique\",\"item\":\"https:\\\/\\\/nature-et-developpement.com\\\/macabane-materiaux\\\/boutique\\\/\"},{\"@type\":\"ListItem\",\"position\":3,\"name\":\"Peinture, pigment et enduit\",\"item\":\"https:\\\/\\\/nature-et-developpement.com\\\/macabane-materiaux\\\/produits\\\/peinture-et-enduit\\\/\"},{\"@type\":\"ListItem\",\"position\":4,\"name\":\"Enduits naturels\",\"item\":\"https:\\\/\\\/nature-et-developpement.com\\\/macabane-materiaux\\\/produits\\\/peinture-et-enduit\\\/enduits-naturels\\\/\"},{\"@type\":\"ListItem\",\"position\":5,\"name\":\"Chaux a\u00e9rienne CL90 DECORCHAUX 20Kg de Saint Astier\"}]},{\"@type\":\"WebSite\",\"@id\":\"https:\\\/\\\/nature-et-developpement.com\\\/macabane-materiaux\\\/#website\",\"url\":\"https:\\\/\\\/nature-et-developpement.com\\\/macabane-materiaux\\\/\",\"name\":\"Ma Cabane mat\u00e9riaux naturels\",\"description\":\"Ma Cabane est membre du groupement Nature &amp; D\u00e9veloppement\",\"potentialAction\":[{\"@type\":\"SearchAction\",\"target\":{\"@type\":\"EntryPoint\",\"urlTemplate\":\"https:\\\/\\\/nature-et-developpement.com\\\/macabane-materiaux\\\/?s={search_term_string}\"},\"query-input\":{\"@type\":\"PropertyValueSpecification\",\"valueRequired\":true,\"valueName\":\"search_term_string\"}}],\"inLanguage\":\"fr-FR\"}]}<\/script>\n<!-- \/ Yoast SEO plugin. -->","yoast_head_json":{"title":"Chaux a\u00e9rienne CL90 DECORCHAUX 20Kg de Saint Astier - Ma Cabane mat\u00e9riaux naturels","description":"S\u00e9lectionn\u00e9 par Saint-Astier pour son extr\u00eame FINESSE et sa BLANCHEUR tr\u00e8s \u00e9lev\u00e9e. Id\u00e9ale pour le tadelakt et les badigeons.","robots":{"index":"noindex","follow":"nofollow"},"og_locale":"fr_FR","og_type":"article","og_title":"Chaux a\u00e9rienne CL90 DECORCHAUX 20Kg de Saint Astier - Ma Cabane mat\u00e9riaux naturels","og_description":"S\u00e9lectionn\u00e9 par Saint-Astier pour son extr\u00eame FINESSE et sa BLANCHEUR tr\u00e8s \u00e9lev\u00e9e. Id\u00e9ale pour le tadelakt et les badigeons.","og_url":"https:\/\/nature-et-developpement.com\/macabane-materiaux\/produit\/decorchaux-poudre-cl90-20kg-de-saint-astier\/","og_site_name":"Ma Cabane mat\u00e9riaux naturels","article_modified_time":"2025-10-23T19:25:54+00:00","twitter_card":"summary_large_image","twitter_misc":{"Dur\u00e9e de lecture estim\u00e9e":"1 minute"},"schema":{"@context":"https:\/\/schema.org","@graph":[{"@type":"WebPage","@id":"https:\/\/nature-et-developpement.com\/macabane-materiaux\/produit\/decorchaux-poudre-cl90-20kg-de-saint-astier\/","url":"https:\/\/nature-et-developpement.com\/macabane-materiaux\/produit\/decorchaux-poudre-cl90-20kg-de-saint-astier\/","name":"Chaux a\u00e9rienne CL90 DECORCHAUX 20Kg de Saint Astier - Ma Cabane mat\u00e9riaux naturels","isPartOf":{"@id":"https:\/\/nature-et-developpement.com\/macabane-materiaux\/#website"},"primaryImageOfPage":{"@id":"https:\/\/nature-et-developpement.com\/macabane-materiaux\/produit\/decorchaux-poudre-cl90-20kg-de-saint-astier\/#primaryimage"},"image":{"@id":"https:\/\/nature-et-developpement.com\/macabane-materiaux\/produit\/decorchaux-poudre-cl90-20kg-de-saint-astier\/#primaryimage"},"thumbnailUrl":"https:\/\/nature-et-developpement.com\/macabane-materiaux\/wp-content\/uploads\/Chaux-aerienne-CL90-20KG-DECORCHAUX-de-Saint-Astier-2024.jpg","datePublished":"2016-12-31T23:00:00+00:00","dateModified":"2025-10-23T19:25:54+00:00","description":"S\u00e9lectionn\u00e9 par Saint-Astier pour son extr\u00eame FINESSE et sa BLANCHEUR tr\u00e8s \u00e9lev\u00e9e. Id\u00e9ale pour le tadelakt et les badigeons.","breadcrumb":{"@id":"https:\/\/nature-et-developpement.com\/macabane-materiaux\/produit\/decorchaux-poudre-cl90-20kg-de-saint-astier\/#breadcrumb"},"inLanguage":"fr-FR","potentialAction":[{"@type":"ReadAction","target":["https:\/\/nature-et-developpement.com\/macabane-materiaux\/produit\/decorchaux-poudre-cl90-20kg-de-saint-astier\/"]}]},{"@type":"ImageObject","inLanguage":"fr-FR","@id":"https:\/\/nature-et-developpement.com\/macabane-materiaux\/produit\/decorchaux-poudre-cl90-20kg-de-saint-astier\/#primaryimage","url":"https:\/\/nature-et-developpement.com\/macabane-materiaux\/wp-content\/uploads\/Chaux-aerienne-CL90-20KG-DECORCHAUX-de-Saint-Astier-2024.jpg","contentUrl":"https:\/\/nature-et-developpement.com\/macabane-materiaux\/wp-content\/uploads\/Chaux-aerienne-CL90-20KG-DECORCHAUX-de-Saint-Astier-2024.jpg"},{"@type":"BreadcrumbList","@id":"https:\/\/nature-et-developpement.com\/macabane-materiaux\/produit\/decorchaux-poudre-cl90-20kg-de-saint-astier\/#breadcrumb","itemListElement":[{"@type":"ListItem","position":1,"name":"Accueil","item":"https:\/\/nature-et-developpement.com\/macabane-materiaux\/"},{"@type":"ListItem","position":2,"name":"Boutique","item":"https:\/\/nature-et-developpement.com\/macabane-materiaux\/boutique\/"},{"@type":"ListItem","position":3,"name":"Peinture, pigment et enduit","item":"https:\/\/nature-et-developpement.com\/macabane-materiaux\/produits\/peinture-et-enduit\/"},{"@type":"ListItem","position":4,"name":"Enduits naturels","item":"https:\/\/nature-et-developpement.com\/macabane-materiaux\/produits\/peinture-et-enduit\/enduits-naturels\/"},{"@type":"ListItem","position":5,"name":"Chaux a\u00e9rienne CL90 DECORCHAUX 20Kg de Saint Astier"}]},{"@type":"WebSite","@id":"https:\/\/nature-et-developpement.com\/macabane-materiaux\/#website","url":"https:\/\/nature-et-developpement.com\/macabane-materiaux\/","name":"Ma Cabane mat\u00e9riaux naturels","description":"Ma Cabane est membre du groupement Nature &amp; D\u00e9veloppement","potentialAction":[{"@type":"SearchAction","target":{"@type":"EntryPoint","urlTemplate":"https:\/\/nature-et-developpement.com\/macabane-materiaux\/?s={search_term_string}"},"query-input":{"@type":"PropertyValueSpecification","valueRequired":true,"valueName":"search_term_string"}}],"inLanguage":"fr-FR"}]}},"distributor_meta":false,"distributor_terms":false,"distributor_media":false,"distributor_original_site_name":"Ma Cabane mat\u00e9riaux naturels","distributor_original_site_url":"https:\/\/nature-et-developpement.com\/macabane-materiaux","push-errors":false,"_links":{"self":[{"href":"https:\/\/nature-et-developpement.com\/macabane-materiaux\/wp-json\/wp\/v2\/product\/11516","targetHints":{"allow":["GET"]}}],"collection":[{"href":"https:\/\/nature-et-developpement.com\/macabane-materiaux\/wp-json\/wp\/v2\/product"}],"about":[{"href":"https:\/\/nature-et-developpement.com\/macabane-materiaux\/wp-json\/wp\/v2\/types\/product"}],"wp:featuredmedia":[{"embeddable":true,"href":"https:\/\/nature-et-developpement.com\/macabane-materiaux\/wp-json\/"}],"wp:attachment":[{"href":"https:\/\/nature-et-developpement.com\/macabane-materiaux\/wp-json\/wp\/v2\/media?parent=11516"}],"wp:term":[{"taxonomy":"product_brand","embeddable":true,"href":"https:\/\/nature-et-developpement.com\/macabane-materiaux\/wp-json\/wp\/v2\/product_brand?post=11516"},{"taxonomy":"product_cat","embeddable":true,"href":"https:\/\/nature-et-developpement.com\/macabane-materiaux\/wp-json\/wp\/v2\/product_cat?post=11516"},{"taxonomy":"product_tag","embeddable":true,"href":"https:\/\/nature-et-developpement.com\/macabane-materiaux\/wp-json\/wp\/v2\/product_tag?post=11516"}],"curies":[{"name":"wp","href":"https:\/\/api.w.org\/{rel}","templated":true}]}}