{"id":1179,"date":"2017-01-01T00:00:00","date_gmt":"2016-12-31T23:00:00","guid":{"rendered":"https:\/\/nature-et-developpement.com\/macabane-materiaux\/produit\/encastre-led-eclairage-balisage-1w-gamme-canari\/"},"modified":"2026-03-06T15:08:36","modified_gmt":"2026-03-06T14:08:36","slug":"encastre-led-eclairage-balisage-1w-gamme-canari","status":"publish","type":"product","link":"https:\/\/nature-et-developpement.com\/macabane-materiaux\/produit\/encastre-led-eclairage-balisage-1w-gamme-canari\/","title":{"rendered":"LED encastrable \u00e9clairage balisage 1W gamme CANARI"},"content":{"rendered":"<h2>Eclairage escalier<\/h2>\n<p>L&rsquo;encastr\u00e9 LED 1W CANARI en version balisage sert \u00e0 s\u00e9curiser des circulations et animer des couloirs tr\u00e8s longs par exemple.<\/p>\n<p>Tr\u00e8s compacts, vous pouvez les cacher partout.<\/p>\n<p>Ils s\u2019int\u00e8grent aussi bien dans vos meubles que dans vos plinthes.<\/p>\n<p>Ses dimensions tr\u00e8s petites permettent de le loger tr\u00e8s facilement.<\/p>\n<p>Vous pouvez l&rsquo;utiliser pour \u00e9clairer les marches d&rsquo;un escalier, en variante plus sobre des spots de la gamme DECO&rsquo;LED.<\/p>\n<p>Cet encastr\u00e9 ne poss\u00e8de pas d&rsquo;optique.<\/p>\n<p>La lumi\u00e8re se concentre donc autour du spot.<\/p>\n<p>Il est la solution id\u00e9ale pour r\u00e9aliser un \u00e9clairage de balisage qui ne doit pas \u00eatre \u00e9blouissant.<\/p>\n<p>Il se pilote en courant continu 350mA en s\u00e9rie. Alimentation \u00e0 s\u00e9lectionner en fonction du nombre de spots \u00e0 implanter.<\/p>\n<p>Attention \u00e0 bien percer avec une scie-cloche de \u00d827mm, car il y a tr\u00e8s peu de recouvrement au niveau de la collerette.<\/p>\n<p>Une petite astuce pour les rev\u00eatements compliqu\u00e9s (briquette etc&#8230;), vous pouvez pr\u00e9voir une r\u00e9servation dans votre mur avec un tuyau PVC de \u00d840mm.<\/p>\n<p>Le \u00d8 int\u00e9rieur de ce tuyau fait justement 27mm, soit le \u00d8 exact d&rsquo;encastrement du Canari.<br \/>\nProduit fabriqu\u00e9 en France<\/p>\n<h3>LED de balisage :<\/h3>\n<p>Elle\u00a0n&rsquo;est pas focalis\u00e9e pour des applications de balisage\/rep\u00e9rage en bas de murs, dans le sol ou dans des escaliers, sans risque d&rsquo;\u00e9blouissement pour les utilisateurs.<\/p>\n<p>Ce produit n&rsquo;a pas pour vocation d&rsquo;\u00e9clairer une surface. Il sera tr\u00e8s visible, ce qui vous permettra de faire de la d\u00e9coration et d&rsquo;attirer le regard vers les zones dans lesquelles il sera implant\u00e9 (ex: dans vos escaliers, dans le bas de vos murs etc&#8230;).<br \/>\nLe c\u00e2blage se fait en s\u00e9rie et l&rsquo;alimentation est d\u00e9port\u00e9e.<\/p>\n<p>En pratique, qu\u2019est-ce que \u00e7a veut dire\u00a0?<\/p>\n<p>Vous \u00e9tiez habitu\u00e9 \u00e0 remplacer des lampes en maintenance. Avec la dur\u00e9e de vie vraiment importante des leds, c\u2019est plut\u00f4t les alimentations qui se remplacent en maintenance.<\/p>\n<p>Associer les alimentations aux spots implique que vous allez devoir jeter un ensemble alors que la LED est sans doute encore fonctionnelle, mais votre alimentation a rendu l\u2019\u00e2me&#8230;<\/p>\n<p>Second probl\u00e8me, une LED \u00e7a chauffe. M\u00eame si c\u2019est moins que les ampoules incandescentes.<\/p>\n<p>La chaleur se propage dans le spot et sur l\u2019alimentation.<\/p>\n<p>Hors, qu\u2019est-ce qui, selon vous, r\u00e9duit la dur\u00e9e de vie d\u2019une alimentation\u00a0? Et oui, la chaleur\u00a0!<\/p>\n<p>Et dernier probl\u00e8me mais pas le moindre : le rayonnement \u00e9lectromagn\u00e9tique des alimentations.<\/p>\n<p>Toutes ces alimentations, enferm\u00e9es dans vos spots, rayonnent gaiement au- dessus de vos t\u00eates. Surtout lorsque vous\u00a0 faites de la variation.<\/p>\n<p>Il vaut donc mieux avoir 1 seule alimentation qui rayonne loin de vous, dans votre garage par exemple.<\/p>\n<p>Elle sera beaucoup mieux ventil\u00e9e qu\u2019enferm\u00e9e dans un spot, et durera beaucoup plus longtemps.<\/p>\n<p>Une seule alimentation, c\u2019est \u00e9galement moins de composants \u00e9lectroniques utilis\u00e9s et globalement moins de rayonnement.<\/p>\n<p>Il suffit ensuite de remplacer la LED dans votre spot une fois tous les 20-30 ans (suivant la dur\u00e9e d\u2019utilisation journali\u00e8re du luminaire).<\/p>\n<p>Tout cela est beaucoup plus \u00e9colo qu\u2019un spot LED direct 230V implant\u00e9 sous un isolant, dont la dur\u00e9e de vie sera r\u00e9duite, et dont tous les composants seront jet\u00e9s \u00e0 chaque renouv\u00e8lement de produit&#8230;<\/p>\n","protected":false},"excerpt":{"rendered":"<p>Produits\u00a0miniaturis\u00e9s\u00a0qui se logent dans de faibles \u00e9paisseurs pour apporter\u00a0la touche finale \u00e0 votre d\u00e9coration.<br \/>\nId\u00e9al pour surligner des escaliers,\u00a0\u00e9clairer des niches, faire des effets d&rsquo;\u00e9clairage\u00a0indirect.<\/p>\n","protected":false},"featured_media":1000000158832,"template":"","meta":[],"product_brand":[144],"product_cat":[106],"product_tag":[],"class_list":{"0":"post-1179","1":"product","2":"type-product","3":"status-publish","4":"has-post-thumbnail","6":"product_brand-fd-eclairage","7":"product_cat-eclairage","8":"product_shipping_class-petit-equipement-outil-eclairage","10":"first","11":"instock","12":"taxable","13":"shipping-taxable","14":"purchasable","15":"product-type-variable"},"yoast_head":"<!-- This site is optimized with the Yoast SEO plugin v27.5 - https:\/\/yoast.com\/product\/yoast-seo-wordpress\/ -->\n<title>LED encastrable \u00e9clairage balisage 1W gamme CANARI - Ma Cabane mat\u00e9riaux naturels<\/title>\n<meta name=\"description\" content=\"Produits\u00a0miniaturis\u00e9s\u00a0qui se logent dans de faibles \u00e9paisseurs pour apporter\u00a0la touche finale \u00e0 votre d\u00e9coration. Id\u00e9al pour surligner des escaliers,\u00a0\u00e9clairer des niches, faire des effets d&#039;\u00e9clairage\u00a0indirect.\" \/>\n<meta name=\"robots\" content=\"noindex, nofollow\" \/>\n<meta property=\"og:locale\" content=\"fr_FR\" \/>\n<meta property=\"og:type\" content=\"article\" \/>\n<meta property=\"og:title\" content=\"LED encastrable \u00e9clairage balisage 1W gamme CANARI - Ma Cabane mat\u00e9riaux naturels\" \/>\n<meta property=\"og:description\" content=\"Produits\u00a0miniaturis\u00e9s\u00a0qui se logent dans de faibles \u00e9paisseurs pour apporter\u00a0la touche finale \u00e0 votre d\u00e9coration. Id\u00e9al pour surligner des escaliers,\u00a0\u00e9clairer des niches, faire des effets d&#039;\u00e9clairage\u00a0indirect.\" \/>\n<meta property=\"og:url\" content=\"https:\/\/nature-et-developpement.com\/macabane-materiaux\/produit\/encastre-led-eclairage-balisage-1w-gamme-canari\/\" \/>\n<meta property=\"og:site_name\" content=\"Ma Cabane mat\u00e9riaux naturels\" \/>\n<meta property=\"article:modified_time\" content=\"2026-03-06T14:08:36+00:00\" \/>\n<meta name=\"twitter:card\" content=\"summary_large_image\" \/>\n<meta name=\"twitter:label1\" content=\"Dur\u00e9e de lecture estim\u00e9e\" \/>\n\t<meta name=\"twitter:data1\" content=\"2 minutes\" \/>\n<script type=\"application\/ld+json\" class=\"yoast-schema-graph\">{\"@context\":\"https:\\\/\\\/schema.org\",\"@graph\":[{\"@type\":\"WebPage\",\"@id\":\"https:\\\/\\\/nature-et-developpement.com\\\/macabane-materiaux\\\/produit\\\/encastre-led-eclairage-balisage-1w-gamme-canari\\\/\",\"url\":\"https:\\\/\\\/nature-et-developpement.com\\\/macabane-materiaux\\\/produit\\\/encastre-led-eclairage-balisage-1w-gamme-canari\\\/\",\"name\":\"LED encastrable \u00e9clairage balisage 1W gamme CANARI - Ma Cabane mat\u00e9riaux naturels\",\"isPartOf\":{\"@id\":\"https:\\\/\\\/nature-et-developpement.com\\\/macabane-materiaux\\\/#website\"},\"primaryImageOfPage\":{\"@id\":\"https:\\\/\\\/nature-et-developpement.com\\\/macabane-materiaux\\\/produit\\\/encastre-led-eclairage-balisage-1w-gamme-canari\\\/#primaryimage\"},\"image\":{\"@id\":\"https:\\\/\\\/nature-et-developpement.com\\\/macabane-materiaux\\\/produit\\\/encastre-led-eclairage-balisage-1w-gamme-canari\\\/#primaryimage\"},\"thumbnailUrl\":\"https:\\\/\\\/nature-et-developpement.com\\\/macabane-materiaux\\\/wp-content\\\/uploads\\\/1W-SPOT-ENCASTRE-CANARI-BALISAGE.jpg\",\"datePublished\":\"2016-12-31T23:00:00+00:00\",\"dateModified\":\"2026-03-06T14:08:36+00:00\",\"description\":\"Produits\u00a0miniaturis\u00e9s\u00a0qui se logent dans de faibles \u00e9paisseurs pour apporter\u00a0la touche finale \u00e0 votre d\u00e9coration. Id\u00e9al pour surligner des escaliers,\u00a0\u00e9clairer des niches, faire des effets d'\u00e9clairage\u00a0indirect.\",\"breadcrumb\":{\"@id\":\"https:\\\/\\\/nature-et-developpement.com\\\/macabane-materiaux\\\/produit\\\/encastre-led-eclairage-balisage-1w-gamme-canari\\\/#breadcrumb\"},\"inLanguage\":\"fr-FR\",\"potentialAction\":[{\"@type\":\"ReadAction\",\"target\":[\"https:\\\/\\\/nature-et-developpement.com\\\/macabane-materiaux\\\/produit\\\/encastre-led-eclairage-balisage-1w-gamme-canari\\\/\"]}]},{\"@type\":\"ImageObject\",\"inLanguage\":\"fr-FR\",\"@id\":\"https:\\\/\\\/nature-et-developpement.com\\\/macabane-materiaux\\\/produit\\\/encastre-led-eclairage-balisage-1w-gamme-canari\\\/#primaryimage\",\"url\":\"https:\\\/\\\/nature-et-developpement.com\\\/macabane-materiaux\\\/wp-content\\\/uploads\\\/1W-SPOT-ENCASTRE-CANARI-BALISAGE.jpg\",\"contentUrl\":\"https:\\\/\\\/nature-et-developpement.com\\\/macabane-materiaux\\\/wp-content\\\/uploads\\\/1W-SPOT-ENCASTRE-CANARI-BALISAGE.jpg\"},{\"@type\":\"BreadcrumbList\",\"@id\":\"https:\\\/\\\/nature-et-developpement.com\\\/macabane-materiaux\\\/produit\\\/encastre-led-eclairage-balisage-1w-gamme-canari\\\/#breadcrumb\",\"itemListElement\":[{\"@type\":\"ListItem\",\"position\":1,\"name\":\"Accueil\",\"item\":\"https:\\\/\\\/nature-et-developpement.com\\\/macabane-materiaux\\\/\"},{\"@type\":\"ListItem\",\"position\":2,\"name\":\"Boutique\",\"item\":\"https:\\\/\\\/nature-et-developpement.com\\\/macabane-materiaux\\\/boutique\\\/\"},{\"@type\":\"ListItem\",\"position\":3,\"name\":\"Chauffage, eau et \u00e9nergie\",\"item\":\"https:\\\/\\\/nature-et-developpement.com\\\/macabane-materiaux\\\/produits\\\/energie-et-ventilation\\\/\"},{\"@type\":\"ListItem\",\"position\":4,\"name\":\"Lampe, lumi\u00e8re, \u00e9clairage LED et puit de lumi\u00e8re\",\"item\":\"https:\\\/\\\/nature-et-developpement.com\\\/macabane-materiaux\\\/produits\\\/energie-et-ventilation\\\/eclairage\\\/\"},{\"@type\":\"ListItem\",\"position\":5,\"name\":\"LED encastrable \u00e9clairage balisage 1W gamme CANARI\"}]},{\"@type\":\"WebSite\",\"@id\":\"https:\\\/\\\/nature-et-developpement.com\\\/macabane-materiaux\\\/#website\",\"url\":\"https:\\\/\\\/nature-et-developpement.com\\\/macabane-materiaux\\\/\",\"name\":\"Ma Cabane mat\u00e9riaux naturels\",\"description\":\"Ma Cabane est membre du groupement Nature &amp; D\u00e9veloppement\",\"potentialAction\":[{\"@type\":\"SearchAction\",\"target\":{\"@type\":\"EntryPoint\",\"urlTemplate\":\"https:\\\/\\\/nature-et-developpement.com\\\/macabane-materiaux\\\/?s={search_term_string}\"},\"query-input\":{\"@type\":\"PropertyValueSpecification\",\"valueRequired\":true,\"valueName\":\"search_term_string\"}}],\"inLanguage\":\"fr-FR\"}]}<\/script>\n<!-- \/ Yoast SEO plugin. -->","yoast_head_json":{"title":"LED encastrable \u00e9clairage balisage 1W gamme CANARI - Ma Cabane mat\u00e9riaux naturels","description":"Produits\u00a0miniaturis\u00e9s\u00a0qui se logent dans de faibles \u00e9paisseurs pour apporter\u00a0la touche finale \u00e0 votre d\u00e9coration. Id\u00e9al pour surligner des escaliers,\u00a0\u00e9clairer des niches, faire des effets d'\u00e9clairage\u00a0indirect.","robots":{"index":"noindex","follow":"nofollow"},"og_locale":"fr_FR","og_type":"article","og_title":"LED encastrable \u00e9clairage balisage 1W gamme CANARI - Ma Cabane mat\u00e9riaux naturels","og_description":"Produits\u00a0miniaturis\u00e9s\u00a0qui se logent dans de faibles \u00e9paisseurs pour apporter\u00a0la touche finale \u00e0 votre d\u00e9coration. Id\u00e9al pour surligner des escaliers,\u00a0\u00e9clairer des niches, faire des effets d'\u00e9clairage\u00a0indirect.","og_url":"https:\/\/nature-et-developpement.com\/macabane-materiaux\/produit\/encastre-led-eclairage-balisage-1w-gamme-canari\/","og_site_name":"Ma Cabane mat\u00e9riaux naturels","article_modified_time":"2026-03-06T14:08:36+00:00","twitter_card":"summary_large_image","twitter_misc":{"Dur\u00e9e de lecture estim\u00e9e":"2 minutes"},"schema":{"@context":"https:\/\/schema.org","@graph":[{"@type":"WebPage","@id":"https:\/\/nature-et-developpement.com\/macabane-materiaux\/produit\/encastre-led-eclairage-balisage-1w-gamme-canari\/","url":"https:\/\/nature-et-developpement.com\/macabane-materiaux\/produit\/encastre-led-eclairage-balisage-1w-gamme-canari\/","name":"LED encastrable \u00e9clairage balisage 1W gamme CANARI - Ma Cabane mat\u00e9riaux naturels","isPartOf":{"@id":"https:\/\/nature-et-developpement.com\/macabane-materiaux\/#website"},"primaryImageOfPage":{"@id":"https:\/\/nature-et-developpement.com\/macabane-materiaux\/produit\/encastre-led-eclairage-balisage-1w-gamme-canari\/#primaryimage"},"image":{"@id":"https:\/\/nature-et-developpement.com\/macabane-materiaux\/produit\/encastre-led-eclairage-balisage-1w-gamme-canari\/#primaryimage"},"thumbnailUrl":"https:\/\/nature-et-developpement.com\/macabane-materiaux\/wp-content\/uploads\/1W-SPOT-ENCASTRE-CANARI-BALISAGE.jpg","datePublished":"2016-12-31T23:00:00+00:00","dateModified":"2026-03-06T14:08:36+00:00","description":"Produits\u00a0miniaturis\u00e9s\u00a0qui se logent dans de faibles \u00e9paisseurs pour apporter\u00a0la touche finale \u00e0 votre d\u00e9coration. Id\u00e9al pour surligner des escaliers,\u00a0\u00e9clairer des niches, faire des effets d'\u00e9clairage\u00a0indirect.","breadcrumb":{"@id":"https:\/\/nature-et-developpement.com\/macabane-materiaux\/produit\/encastre-led-eclairage-balisage-1w-gamme-canari\/#breadcrumb"},"inLanguage":"fr-FR","potentialAction":[{"@type":"ReadAction","target":["https:\/\/nature-et-developpement.com\/macabane-materiaux\/produit\/encastre-led-eclairage-balisage-1w-gamme-canari\/"]}]},{"@type":"ImageObject","inLanguage":"fr-FR","@id":"https:\/\/nature-et-developpement.com\/macabane-materiaux\/produit\/encastre-led-eclairage-balisage-1w-gamme-canari\/#primaryimage","url":"https:\/\/nature-et-developpement.com\/macabane-materiaux\/wp-content\/uploads\/1W-SPOT-ENCASTRE-CANARI-BALISAGE.jpg","contentUrl":"https:\/\/nature-et-developpement.com\/macabane-materiaux\/wp-content\/uploads\/1W-SPOT-ENCASTRE-CANARI-BALISAGE.jpg"},{"@type":"BreadcrumbList","@id":"https:\/\/nature-et-developpement.com\/macabane-materiaux\/produit\/encastre-led-eclairage-balisage-1w-gamme-canari\/#breadcrumb","itemListElement":[{"@type":"ListItem","position":1,"name":"Accueil","item":"https:\/\/nature-et-developpement.com\/macabane-materiaux\/"},{"@type":"ListItem","position":2,"name":"Boutique","item":"https:\/\/nature-et-developpement.com\/macabane-materiaux\/boutique\/"},{"@type":"ListItem","position":3,"name":"Chauffage, eau et \u00e9nergie","item":"https:\/\/nature-et-developpement.com\/macabane-materiaux\/produits\/energie-et-ventilation\/"},{"@type":"ListItem","position":4,"name":"Lampe, lumi\u00e8re, \u00e9clairage LED et puit de lumi\u00e8re","item":"https:\/\/nature-et-developpement.com\/macabane-materiaux\/produits\/energie-et-ventilation\/eclairage\/"},{"@type":"ListItem","position":5,"name":"LED encastrable \u00e9clairage balisage 1W gamme CANARI"}]},{"@type":"WebSite","@id":"https:\/\/nature-et-developpement.com\/macabane-materiaux\/#website","url":"https:\/\/nature-et-developpement.com\/macabane-materiaux\/","name":"Ma Cabane mat\u00e9riaux naturels","description":"Ma Cabane est membre du groupement Nature &amp; D\u00e9veloppement","potentialAction":[{"@type":"SearchAction","target":{"@type":"EntryPoint","urlTemplate":"https:\/\/nature-et-developpement.com\/macabane-materiaux\/?s={search_term_string}"},"query-input":{"@type":"PropertyValueSpecification","valueRequired":true,"valueName":"search_term_string"}}],"inLanguage":"fr-FR"}]}},"distributor_meta":false,"distributor_terms":false,"distributor_media":false,"distributor_original_site_name":"Ma Cabane mat\u00e9riaux naturels","distributor_original_site_url":"https:\/\/nature-et-developpement.com\/macabane-materiaux","push-errors":false,"_links":{"self":[{"href":"https:\/\/nature-et-developpement.com\/macabane-materiaux\/wp-json\/wp\/v2\/product\/1179","targetHints":{"allow":["GET"]}}],"collection":[{"href":"https:\/\/nature-et-developpement.com\/macabane-materiaux\/wp-json\/wp\/v2\/product"}],"about":[{"href":"https:\/\/nature-et-developpement.com\/macabane-materiaux\/wp-json\/wp\/v2\/types\/product"}],"wp:featuredmedia":[{"embeddable":true,"href":"https:\/\/nature-et-developpement.com\/macabane-materiaux\/wp-json\/"}],"wp:attachment":[{"href":"https:\/\/nature-et-developpement.com\/macabane-materiaux\/wp-json\/wp\/v2\/media?parent=1179"}],"wp:term":[{"taxonomy":"product_brand","embeddable":true,"href":"https:\/\/nature-et-developpement.com\/macabane-materiaux\/wp-json\/wp\/v2\/product_brand?post=1179"},{"taxonomy":"product_cat","embeddable":true,"href":"https:\/\/nature-et-developpement.com\/macabane-materiaux\/wp-json\/wp\/v2\/product_cat?post=1179"},{"taxonomy":"product_tag","embeddable":true,"href":"https:\/\/nature-et-developpement.com\/macabane-materiaux\/wp-json\/wp\/v2\/product_tag?post=1179"}],"curies":[{"name":"wp","href":"https:\/\/api.w.org\/{rel}","templated":true}]}}