{"id":12471,"date":"2023-06-01T12:53:23","date_gmt":"2023-06-01T10:53:23","guid":{"rendered":"https:\/\/nature-et-developpement.com\/macabane-materiaux\/produit\/primaire-anti-tanin-tannin-primer-de-rubio\/"},"modified":"2026-02-26T02:31:22","modified_gmt":"2026-02-26T01:31:22","slug":"primaire-anti-tanin-tannin-primer-de-rubio","status":"publish","type":"product","link":"https:\/\/nature-et-developpement.com\/macabane-materiaux\/produit\/primaire-anti-tanin-tannin-primer-de-rubio\/","title":{"rendered":"Primaire anti tanin TANNIN PRIMER de Rubio"},"content":{"rendered":"<h2><strong>Rubio Tannin Primer<\/strong><\/h2>\n<p>C&rsquo;est une sous couche primaire anti-tanin incolore.<\/p>\n<p>Ce primaire anti-tanin pr\u00e9ventif est \u00e0 utiliser sur les bois tanniques (ch\u00eane, ch\u00e2taignier,&#8230;) en int\u00e9rieur et ext\u00e9rieur (semi abrit\u00e9).<\/p>\n<p>Il permet de bloquer chimiquement le tanin dans la partie sup\u00e9rieure de votre bois afin d&rsquo;\u00e9viter durablement remont\u00e9es de tanin.<\/p>\n<p>Tannin Primer permet de pr\u00e9venir et retarder l&rsquo;apparition des traces tanniques de surface et de supprimer l&rsquo;effet ros\u00e9 du tanin sur les finitions claires.<\/p>\n<p><strong>Ce produit est id\u00e9al pour le parquet, plan de travail, menuiseries ext\u00e9rieures<\/strong> en association avec les huiles de la gamme Rubio Monocoat.<\/p>\n<p>Sans r\u00e9sine ni polym\u00e8re, la liaison mol\u00e9culaire des huiles Rubio Monocoat est garantie.<\/p>\n<p>Il permet aussi de nettoyer les coulures de tanin et rouille sur diff\u00e9rents supports (pierres, &#8230;)<\/p>\n<h3><strong>Caract\u00e9ristiques :<\/strong><\/h3>\n<ul>\n<li>\u00c9limine les r\u00e9actions tanniques dans la partie sup\u00e9rieure du bois.<\/li>\n<li>Incolore<\/li>\n<li>Permet d\u2019\u00e9liminer l&rsquo;effet l\u00e9g\u00e8rement ros\u00e9 du tanin sur les couleurs claires comme les blancs, invisible<\/li>\n<li>Tr\u00e8s utile en r\u00e9novation sur les vieux parquets en ch\u00eane afin de ma\u00eetriser au mieux les r\u00e9actions tanniques apr\u00e8s pon\u00e7age<\/li>\n<\/ul>\n<p><strong>Rendement :<\/strong>\u00a020-25m\u00b2\/L en une couche<\/p>\n<p><strong>Protocole d&rsquo;application sur bois neuf ou ponc\u00e9 :<\/strong><\/p>\n<ul>\n<li>Appliquer uniform\u00e9ment avec un\u00a0rouleau\u00a0ou\u00a0spalter\u00a0\u00e0 raison de 40-50g\/m\u00b2 (20-25m\u00b2\/L). Vous pouvez uniformiser au\u00a0chiffon\u00a0ou microfibre pour une uniformit\u00e9 plus sure.<\/li>\n<li>Laisser s\u00e9cher totalement environ 12h<\/li>\n<li>Recoucher les fibres montantes avec un grain 120<\/li>\n<li>D\u00e9poussi\u00e9rez minutieusement et appliquez l&rsquo;huile de finition Rubio de votre choix<\/li>\n<\/ul>\n","protected":false},"excerpt":{"rendered":"<p>Primaire anti-tanin incolore pr\u00e9ventif \u00e0 utiliser sur les bois tanniques (ch\u00eane, ch\u00e2taignier, &#8230;) en int\u00e9rieur et ext\u00e9rieur.<\/p>\n<p>Il permet de supprimer le tanin dans la partie sup\u00e9rieure du bois.<\/p>\n","protected":false},"featured_media":1000000171331,"template":"","meta":[],"product_brand":[177],"product_cat":[85,117,93],"product_tag":[2683],"class_list":{"0":"post-12471","1":"product","2":"type-product","3":"status-publish","4":"has-post-thumbnail","6":"product_brand-rubio","7":"product_cat-accessoires-peinture-et-enduit","8":"product_cat-droguerie","9":"product_cat-preparation-du-support","10":"product_tag-rubio","12":"first","13":"instock","14":"taxable","15":"shipping-taxable","16":"purchasable","17":"product-type-variable"},"yoast_head":"<!-- This site is optimized with the Yoast SEO plugin v27.5 - https:\/\/yoast.com\/product\/yoast-seo-wordpress\/ -->\n<title>Primaire anti tanin TANNIN PRIMER de Rubio - Ma Cabane mat\u00e9riaux naturels<\/title>\n<meta name=\"description\" content=\"Incolore pr\u00e9ventif, \u00e0 utiliser sur les bois tanniques (ch\u00eane, ch\u00e2taignier, ...) en int\u00e9rieur et ext\u00e9rieur. Permet de supprimer le tanin sup\u00e9rieur du bois.\" \/>\n<meta name=\"robots\" content=\"noindex, nofollow\" \/>\n<meta property=\"og:locale\" content=\"fr_FR\" \/>\n<meta property=\"og:type\" content=\"article\" \/>\n<meta property=\"og:title\" content=\"Primaire anti tanin TANNIN PRIMER de Rubio - Ma Cabane mat\u00e9riaux naturels\" \/>\n<meta property=\"og:description\" content=\"Incolore pr\u00e9ventif, \u00e0 utiliser sur les bois tanniques (ch\u00eane, ch\u00e2taignier, ...) en int\u00e9rieur et ext\u00e9rieur. Permet de supprimer le tanin sup\u00e9rieur du bois.\" \/>\n<meta property=\"og:url\" content=\"https:\/\/nature-et-developpement.com\/macabane-materiaux\/produit\/primaire-anti-tanin-tannin-primer-de-rubio\/\" \/>\n<meta property=\"og:site_name\" content=\"Ma Cabane mat\u00e9riaux naturels\" \/>\n<meta property=\"article:modified_time\" content=\"2026-02-26T01:31:22+00:00\" \/>\n<meta name=\"twitter:card\" content=\"summary_large_image\" \/>\n<meta name=\"twitter:label1\" content=\"Dur\u00e9e de lecture estim\u00e9e\" \/>\n\t<meta name=\"twitter:data1\" content=\"1 minute\" \/>\n<script type=\"application\/ld+json\" class=\"yoast-schema-graph\">{\"@context\":\"https:\\\/\\\/schema.org\",\"@graph\":[{\"@type\":\"WebPage\",\"@id\":\"https:\\\/\\\/nature-et-developpement.com\\\/macabane-materiaux\\\/produit\\\/primaire-anti-tanin-tannin-primer-de-rubio\\\/\",\"url\":\"https:\\\/\\\/nature-et-developpement.com\\\/macabane-materiaux\\\/produit\\\/primaire-anti-tanin-tannin-primer-de-rubio\\\/\",\"name\":\"Primaire anti tanin TANNIN PRIMER de Rubio - Ma Cabane mat\u00e9riaux naturels\",\"isPartOf\":{\"@id\":\"https:\\\/\\\/nature-et-developpement.com\\\/macabane-materiaux\\\/#website\"},\"primaryImageOfPage\":{\"@id\":\"https:\\\/\\\/nature-et-developpement.com\\\/macabane-materiaux\\\/produit\\\/primaire-anti-tanin-tannin-primer-de-rubio\\\/#primaryimage\"},\"image\":{\"@id\":\"https:\\\/\\\/nature-et-developpement.com\\\/macabane-materiaux\\\/produit\\\/primaire-anti-tanin-tannin-primer-de-rubio\\\/#primaryimage\"},\"thumbnailUrl\":\"https:\\\/\\\/nature-et-developpement.com\\\/macabane-materiaux\\\/wp-content\\\/uploads\\\/Primaire-anti-tanin-TANNIN-PRIMER-de-Rubio-100ml.jpg\",\"datePublished\":\"2023-06-01T10:53:23+00:00\",\"dateModified\":\"2026-02-26T01:31:22+00:00\",\"description\":\"Incolore pr\u00e9ventif, \u00e0 utiliser sur les bois tanniques (ch\u00eane, ch\u00e2taignier, ...) en int\u00e9rieur et ext\u00e9rieur. Permet de supprimer le tanin sup\u00e9rieur du bois.\",\"breadcrumb\":{\"@id\":\"https:\\\/\\\/nature-et-developpement.com\\\/macabane-materiaux\\\/produit\\\/primaire-anti-tanin-tannin-primer-de-rubio\\\/#breadcrumb\"},\"inLanguage\":\"fr-FR\",\"potentialAction\":[{\"@type\":\"ReadAction\",\"target\":[\"https:\\\/\\\/nature-et-developpement.com\\\/macabane-materiaux\\\/produit\\\/primaire-anti-tanin-tannin-primer-de-rubio\\\/\"]}]},{\"@type\":\"ImageObject\",\"inLanguage\":\"fr-FR\",\"@id\":\"https:\\\/\\\/nature-et-developpement.com\\\/macabane-materiaux\\\/produit\\\/primaire-anti-tanin-tannin-primer-de-rubio\\\/#primaryimage\",\"url\":\"https:\\\/\\\/nature-et-developpement.com\\\/macabane-materiaux\\\/wp-content\\\/uploads\\\/Primaire-anti-tanin-TANNIN-PRIMER-de-Rubio-100ml.jpg\",\"contentUrl\":\"https:\\\/\\\/nature-et-developpement.com\\\/macabane-materiaux\\\/wp-content\\\/uploads\\\/Primaire-anti-tanin-TANNIN-PRIMER-de-Rubio-100ml.jpg\"},{\"@type\":\"BreadcrumbList\",\"@id\":\"https:\\\/\\\/nature-et-developpement.com\\\/macabane-materiaux\\\/produit\\\/primaire-anti-tanin-tannin-primer-de-rubio\\\/#breadcrumb\",\"itemListElement\":[{\"@type\":\"ListItem\",\"position\":1,\"name\":\"Accueil\",\"item\":\"https:\\\/\\\/nature-et-developpement.com\\\/macabane-materiaux\\\/\"},{\"@type\":\"ListItem\",\"position\":2,\"name\":\"Boutique\",\"item\":\"https:\\\/\\\/nature-et-developpement.com\\\/macabane-materiaux\\\/boutique\\\/\"},{\"@type\":\"ListItem\",\"position\":3,\"name\":\"Peinture, pigment et enduit\",\"item\":\"https:\\\/\\\/nature-et-developpement.com\\\/macabane-materiaux\\\/produits\\\/peinture-et-enduit\\\/\"},{\"@type\":\"ListItem\",\"position\":4,\"name\":\"Pr\u00e9paration du support\",\"item\":\"https:\\\/\\\/nature-et-developpement.com\\\/macabane-materiaux\\\/produits\\\/peinture-et-enduit\\\/preparation-du-support\\\/\"},{\"@type\":\"ListItem\",\"position\":5,\"name\":\"Primaire anti tanin TANNIN PRIMER de Rubio\"}]},{\"@type\":\"WebSite\",\"@id\":\"https:\\\/\\\/nature-et-developpement.com\\\/macabane-materiaux\\\/#website\",\"url\":\"https:\\\/\\\/nature-et-developpement.com\\\/macabane-materiaux\\\/\",\"name\":\"Ma Cabane mat\u00e9riaux naturels\",\"description\":\"Ma Cabane est membre du groupement Nature &amp; D\u00e9veloppement\",\"potentialAction\":[{\"@type\":\"SearchAction\",\"target\":{\"@type\":\"EntryPoint\",\"urlTemplate\":\"https:\\\/\\\/nature-et-developpement.com\\\/macabane-materiaux\\\/?s={search_term_string}\"},\"query-input\":{\"@type\":\"PropertyValueSpecification\",\"valueRequired\":true,\"valueName\":\"search_term_string\"}}],\"inLanguage\":\"fr-FR\"}]}<\/script>\n<!-- \/ Yoast SEO plugin. -->","yoast_head_json":{"title":"Primaire anti tanin TANNIN PRIMER de Rubio - Ma Cabane mat\u00e9riaux naturels","description":"Incolore pr\u00e9ventif, \u00e0 utiliser sur les bois tanniques (ch\u00eane, ch\u00e2taignier, ...) en int\u00e9rieur et ext\u00e9rieur. Permet de supprimer le tanin sup\u00e9rieur du bois.","robots":{"index":"noindex","follow":"nofollow"},"og_locale":"fr_FR","og_type":"article","og_title":"Primaire anti tanin TANNIN PRIMER de Rubio - Ma Cabane mat\u00e9riaux naturels","og_description":"Incolore pr\u00e9ventif, \u00e0 utiliser sur les bois tanniques (ch\u00eane, ch\u00e2taignier, ...) en int\u00e9rieur et ext\u00e9rieur. Permet de supprimer le tanin sup\u00e9rieur du bois.","og_url":"https:\/\/nature-et-developpement.com\/macabane-materiaux\/produit\/primaire-anti-tanin-tannin-primer-de-rubio\/","og_site_name":"Ma Cabane mat\u00e9riaux naturels","article_modified_time":"2026-02-26T01:31:22+00:00","twitter_card":"summary_large_image","twitter_misc":{"Dur\u00e9e de lecture estim\u00e9e":"1 minute"},"schema":{"@context":"https:\/\/schema.org","@graph":[{"@type":"WebPage","@id":"https:\/\/nature-et-developpement.com\/macabane-materiaux\/produit\/primaire-anti-tanin-tannin-primer-de-rubio\/","url":"https:\/\/nature-et-developpement.com\/macabane-materiaux\/produit\/primaire-anti-tanin-tannin-primer-de-rubio\/","name":"Primaire anti tanin TANNIN PRIMER de Rubio - Ma Cabane mat\u00e9riaux naturels","isPartOf":{"@id":"https:\/\/nature-et-developpement.com\/macabane-materiaux\/#website"},"primaryImageOfPage":{"@id":"https:\/\/nature-et-developpement.com\/macabane-materiaux\/produit\/primaire-anti-tanin-tannin-primer-de-rubio\/#primaryimage"},"image":{"@id":"https:\/\/nature-et-developpement.com\/macabane-materiaux\/produit\/primaire-anti-tanin-tannin-primer-de-rubio\/#primaryimage"},"thumbnailUrl":"https:\/\/nature-et-developpement.com\/macabane-materiaux\/wp-content\/uploads\/Primaire-anti-tanin-TANNIN-PRIMER-de-Rubio-100ml.jpg","datePublished":"2023-06-01T10:53:23+00:00","dateModified":"2026-02-26T01:31:22+00:00","description":"Incolore pr\u00e9ventif, \u00e0 utiliser sur les bois tanniques (ch\u00eane, ch\u00e2taignier, ...) en int\u00e9rieur et ext\u00e9rieur. Permet de supprimer le tanin sup\u00e9rieur du bois.","breadcrumb":{"@id":"https:\/\/nature-et-developpement.com\/macabane-materiaux\/produit\/primaire-anti-tanin-tannin-primer-de-rubio\/#breadcrumb"},"inLanguage":"fr-FR","potentialAction":[{"@type":"ReadAction","target":["https:\/\/nature-et-developpement.com\/macabane-materiaux\/produit\/primaire-anti-tanin-tannin-primer-de-rubio\/"]}]},{"@type":"ImageObject","inLanguage":"fr-FR","@id":"https:\/\/nature-et-developpement.com\/macabane-materiaux\/produit\/primaire-anti-tanin-tannin-primer-de-rubio\/#primaryimage","url":"https:\/\/nature-et-developpement.com\/macabane-materiaux\/wp-content\/uploads\/Primaire-anti-tanin-TANNIN-PRIMER-de-Rubio-100ml.jpg","contentUrl":"https:\/\/nature-et-developpement.com\/macabane-materiaux\/wp-content\/uploads\/Primaire-anti-tanin-TANNIN-PRIMER-de-Rubio-100ml.jpg"},{"@type":"BreadcrumbList","@id":"https:\/\/nature-et-developpement.com\/macabane-materiaux\/produit\/primaire-anti-tanin-tannin-primer-de-rubio\/#breadcrumb","itemListElement":[{"@type":"ListItem","position":1,"name":"Accueil","item":"https:\/\/nature-et-developpement.com\/macabane-materiaux\/"},{"@type":"ListItem","position":2,"name":"Boutique","item":"https:\/\/nature-et-developpement.com\/macabane-materiaux\/boutique\/"},{"@type":"ListItem","position":3,"name":"Peinture, pigment et enduit","item":"https:\/\/nature-et-developpement.com\/macabane-materiaux\/produits\/peinture-et-enduit\/"},{"@type":"ListItem","position":4,"name":"Pr\u00e9paration du support","item":"https:\/\/nature-et-developpement.com\/macabane-materiaux\/produits\/peinture-et-enduit\/preparation-du-support\/"},{"@type":"ListItem","position":5,"name":"Primaire anti tanin TANNIN PRIMER de Rubio"}]},{"@type":"WebSite","@id":"https:\/\/nature-et-developpement.com\/macabane-materiaux\/#website","url":"https:\/\/nature-et-developpement.com\/macabane-materiaux\/","name":"Ma Cabane mat\u00e9riaux naturels","description":"Ma Cabane est membre du groupement Nature &amp; D\u00e9veloppement","potentialAction":[{"@type":"SearchAction","target":{"@type":"EntryPoint","urlTemplate":"https:\/\/nature-et-developpement.com\/macabane-materiaux\/?s={search_term_string}"},"query-input":{"@type":"PropertyValueSpecification","valueRequired":true,"valueName":"search_term_string"}}],"inLanguage":"fr-FR"}]}},"distributor_meta":false,"distributor_terms":false,"distributor_media":false,"distributor_original_site_name":"Ma Cabane mat\u00e9riaux naturels","distributor_original_site_url":"https:\/\/nature-et-developpement.com\/macabane-materiaux","push-errors":false,"_links":{"self":[{"href":"https:\/\/nature-et-developpement.com\/macabane-materiaux\/wp-json\/wp\/v2\/product\/12471","targetHints":{"allow":["GET"]}}],"collection":[{"href":"https:\/\/nature-et-developpement.com\/macabane-materiaux\/wp-json\/wp\/v2\/product"}],"about":[{"href":"https:\/\/nature-et-developpement.com\/macabane-materiaux\/wp-json\/wp\/v2\/types\/product"}],"wp:featuredmedia":[{"embeddable":true,"href":"https:\/\/nature-et-developpement.com\/macabane-materiaux\/wp-json\/"}],"wp:attachment":[{"href":"https:\/\/nature-et-developpement.com\/macabane-materiaux\/wp-json\/wp\/v2\/media?parent=12471"}],"wp:term":[{"taxonomy":"product_brand","embeddable":true,"href":"https:\/\/nature-et-developpement.com\/macabane-materiaux\/wp-json\/wp\/v2\/product_brand?post=12471"},{"taxonomy":"product_cat","embeddable":true,"href":"https:\/\/nature-et-developpement.com\/macabane-materiaux\/wp-json\/wp\/v2\/product_cat?post=12471"},{"taxonomy":"product_tag","embeddable":true,"href":"https:\/\/nature-et-developpement.com\/macabane-materiaux\/wp-json\/wp\/v2\/product_tag?post=12471"}],"curies":[{"name":"wp","href":"https:\/\/api.w.org\/{rel}","templated":true}]}}