{"id":12721,"date":"2023-06-01T12:04:13","date_gmt":"2023-06-01T10:04:13","guid":{"rendered":"https:\/\/nature-et-developpement.com\/macabane-materiaux\/produit\/preparateur-de-support-interieur-cleaner-de-rubio\/"},"modified":"2026-02-26T02:26:17","modified_gmt":"2026-02-26T01:26:17","slug":"preparateur-de-support-interieur-cleaner-de-rubio","status":"publish","type":"product","link":"https:\/\/nature-et-developpement.com\/macabane-materiaux\/produit\/preparateur-de-support-interieur-cleaner-de-rubio\/","title":{"rendered":"Pr\u00e9parateur de support int\u00e9rieur CLEANER de Rubio"},"content":{"rendered":"<h2>Rubio Monocoat Pr\u00e9parateur Int\u00e9rieur Cleaner<\/h2>\n<p>Il permet de nettoyer de fa\u00e7on optimale le bois avant l&rsquo;application des gammes int\u00e9rieures Rubio Monocoat. Il d\u00e9graisse, d\u00e9poussi\u00e8re et ouvre les pores du bois.<\/p>\n<p>Son passage est obligatoire pour une tenue optimale de la finition (sauf sur MDF, OSB, MDF teint\u00e9, Agglom\u00e9r\u00e9)<\/p>\n<h3><strong>Mode d&#8217;emploi sur bois neuf ou bois ponc\u00e9<\/strong><\/h3>\n<ul>\n<li>Aspirez ou d\u00e9poussi\u00e9rez minutieusement votre bois<\/li>\n<li>Appliquez une petite quantit\u00e9 \u00e0 l&rsquo;aide d&rsquo;un chiffon humidifi\u00e9 du produit ou d&rsquo;une microfibre<\/li>\n<li>Laissez s\u00e9cher (le bois doit avoir retrouv\u00e9 sa couleur naturelle)<\/li>\n<li>Appliquez la\u00a0finition Rubio Monocoat\u00a0de votre choix<\/li>\n<\/ul>\n<p><strong>Rendement<\/strong><\/p>\n<ul>\n<li>100m\u00b2 avec 1 litre<\/li>\n<\/ul>\n<p><strong>Conditionnements disponibles<\/strong><\/p>\n<ul>\n<li>100mL : bidon plastique<\/li>\n<li>1L : bidon m\u00e9tallique<\/li>\n<\/ul>\n","protected":false},"excerpt":{"rendered":"<p>Ce produit permet de retirer les poussi\u00e8res en profondeur et ouvre les pores du bois pour une protection optimale, avant l&rsquo;application des gammes int\u00e9rieures Rubio Monocoat.<\/p>\n","protected":false},"featured_media":1000000171327,"template":"","meta":[],"product_brand":[177],"product_cat":[85,117,93],"product_tag":[2683],"class_list":{"0":"post-12721","1":"product","2":"type-product","3":"status-publish","4":"has-post-thumbnail","6":"product_brand-rubio","7":"product_cat-accessoires-peinture-et-enduit","8":"product_cat-droguerie","9":"product_cat-preparation-du-support","10":"product_tag-rubio","12":"first","13":"instock","14":"taxable","15":"shipping-taxable","16":"purchasable","17":"product-type-variable"},"yoast_head":"<!-- This site is optimized with the Yoast SEO plugin v27.5 - https:\/\/yoast.com\/product\/yoast-seo-wordpress\/ -->\n<title>Pr\u00e9parateur de support int\u00e9rieur CLEANER de Rubio - Ma Cabane mat\u00e9riaux naturels<\/title>\n<meta name=\"description\" content=\"Permet de retirer les poussi\u00e8res en profondeur et ouvre les pores du bois pour une protection optimale, avant l&#039;application des gammes int\u00e9rieures Rubio.\" \/>\n<meta name=\"robots\" content=\"noindex, nofollow\" \/>\n<meta property=\"og:locale\" content=\"fr_FR\" \/>\n<meta property=\"og:type\" content=\"article\" \/>\n<meta property=\"og:title\" content=\"Pr\u00e9parateur de support int\u00e9rieur CLEANER de Rubio - Ma Cabane mat\u00e9riaux naturels\" \/>\n<meta property=\"og:description\" content=\"Permet de retirer les poussi\u00e8res en profondeur et ouvre les pores du bois pour une protection optimale, avant l&#039;application des gammes int\u00e9rieures Rubio.\" \/>\n<meta property=\"og:url\" content=\"https:\/\/nature-et-developpement.com\/macabane-materiaux\/produit\/preparateur-de-support-interieur-cleaner-de-rubio\/\" \/>\n<meta property=\"og:site_name\" content=\"Ma Cabane mat\u00e9riaux naturels\" \/>\n<meta property=\"article:modified_time\" content=\"2026-02-26T01:26:17+00:00\" \/>\n<meta name=\"twitter:card\" content=\"summary_large_image\" \/>\n<meta name=\"twitter:label1\" content=\"Dur\u00e9e de lecture estim\u00e9e\" \/>\n\t<meta name=\"twitter:data1\" content=\"1 minute\" \/>\n<script type=\"application\/ld+json\" class=\"yoast-schema-graph\">{\"@context\":\"https:\\\/\\\/schema.org\",\"@graph\":[{\"@type\":\"WebPage\",\"@id\":\"https:\\\/\\\/nature-et-developpement.com\\\/macabane-materiaux\\\/produit\\\/preparateur-de-support-interieur-cleaner-de-rubio\\\/\",\"url\":\"https:\\\/\\\/nature-et-developpement.com\\\/macabane-materiaux\\\/produit\\\/preparateur-de-support-interieur-cleaner-de-rubio\\\/\",\"name\":\"Pr\u00e9parateur de support int\u00e9rieur CLEANER de Rubio - Ma Cabane mat\u00e9riaux naturels\",\"isPartOf\":{\"@id\":\"https:\\\/\\\/nature-et-developpement.com\\\/macabane-materiaux\\\/#website\"},\"primaryImageOfPage\":{\"@id\":\"https:\\\/\\\/nature-et-developpement.com\\\/macabane-materiaux\\\/produit\\\/preparateur-de-support-interieur-cleaner-de-rubio\\\/#primaryimage\"},\"image\":{\"@id\":\"https:\\\/\\\/nature-et-developpement.com\\\/macabane-materiaux\\\/produit\\\/preparateur-de-support-interieur-cleaner-de-rubio\\\/#primaryimage\"},\"thumbnailUrl\":\"https:\\\/\\\/nature-et-developpement.com\\\/macabane-materiaux\\\/wp-content\\\/uploads\\\/Preparateur-de-support-interieur-CLEANER-de-Rubio-100ml.jpg\",\"datePublished\":\"2023-06-01T10:04:13+00:00\",\"dateModified\":\"2026-02-26T01:26:17+00:00\",\"description\":\"Permet de retirer les poussi\u00e8res en profondeur et ouvre les pores du bois pour une protection optimale, avant l'application des gammes int\u00e9rieures Rubio.\",\"breadcrumb\":{\"@id\":\"https:\\\/\\\/nature-et-developpement.com\\\/macabane-materiaux\\\/produit\\\/preparateur-de-support-interieur-cleaner-de-rubio\\\/#breadcrumb\"},\"inLanguage\":\"fr-FR\",\"potentialAction\":[{\"@type\":\"ReadAction\",\"target\":[\"https:\\\/\\\/nature-et-developpement.com\\\/macabane-materiaux\\\/produit\\\/preparateur-de-support-interieur-cleaner-de-rubio\\\/\"]}]},{\"@type\":\"ImageObject\",\"inLanguage\":\"fr-FR\",\"@id\":\"https:\\\/\\\/nature-et-developpement.com\\\/macabane-materiaux\\\/produit\\\/preparateur-de-support-interieur-cleaner-de-rubio\\\/#primaryimage\",\"url\":\"https:\\\/\\\/nature-et-developpement.com\\\/macabane-materiaux\\\/wp-content\\\/uploads\\\/Preparateur-de-support-interieur-CLEANER-de-Rubio-100ml.jpg\",\"contentUrl\":\"https:\\\/\\\/nature-et-developpement.com\\\/macabane-materiaux\\\/wp-content\\\/uploads\\\/Preparateur-de-support-interieur-CLEANER-de-Rubio-100ml.jpg\"},{\"@type\":\"BreadcrumbList\",\"@id\":\"https:\\\/\\\/nature-et-developpement.com\\\/macabane-materiaux\\\/produit\\\/preparateur-de-support-interieur-cleaner-de-rubio\\\/#breadcrumb\",\"itemListElement\":[{\"@type\":\"ListItem\",\"position\":1,\"name\":\"Accueil\",\"item\":\"https:\\\/\\\/nature-et-developpement.com\\\/macabane-materiaux\\\/\"},{\"@type\":\"ListItem\",\"position\":2,\"name\":\"Boutique\",\"item\":\"https:\\\/\\\/nature-et-developpement.com\\\/macabane-materiaux\\\/boutique\\\/\"},{\"@type\":\"ListItem\",\"position\":3,\"name\":\"Peinture, pigment et enduit\",\"item\":\"https:\\\/\\\/nature-et-developpement.com\\\/macabane-materiaux\\\/produits\\\/peinture-et-enduit\\\/\"},{\"@type\":\"ListItem\",\"position\":4,\"name\":\"Pr\u00e9paration du support\",\"item\":\"https:\\\/\\\/nature-et-developpement.com\\\/macabane-materiaux\\\/produits\\\/peinture-et-enduit\\\/preparation-du-support\\\/\"},{\"@type\":\"ListItem\",\"position\":5,\"name\":\"Pr\u00e9parateur de support int\u00e9rieur CLEANER de Rubio\"}]},{\"@type\":\"WebSite\",\"@id\":\"https:\\\/\\\/nature-et-developpement.com\\\/macabane-materiaux\\\/#website\",\"url\":\"https:\\\/\\\/nature-et-developpement.com\\\/macabane-materiaux\\\/\",\"name\":\"Ma Cabane mat\u00e9riaux naturels\",\"description\":\"Ma Cabane est membre du groupement Nature &amp; D\u00e9veloppement\",\"potentialAction\":[{\"@type\":\"SearchAction\",\"target\":{\"@type\":\"EntryPoint\",\"urlTemplate\":\"https:\\\/\\\/nature-et-developpement.com\\\/macabane-materiaux\\\/?s={search_term_string}\"},\"query-input\":{\"@type\":\"PropertyValueSpecification\",\"valueRequired\":true,\"valueName\":\"search_term_string\"}}],\"inLanguage\":\"fr-FR\"}]}<\/script>\n<!-- \/ Yoast SEO plugin. -->","yoast_head_json":{"title":"Pr\u00e9parateur de support int\u00e9rieur CLEANER de Rubio - Ma Cabane mat\u00e9riaux naturels","description":"Permet de retirer les poussi\u00e8res en profondeur et ouvre les pores du bois pour une protection optimale, avant l'application des gammes int\u00e9rieures Rubio.","robots":{"index":"noindex","follow":"nofollow"},"og_locale":"fr_FR","og_type":"article","og_title":"Pr\u00e9parateur de support int\u00e9rieur CLEANER de Rubio - Ma Cabane mat\u00e9riaux naturels","og_description":"Permet de retirer les poussi\u00e8res en profondeur et ouvre les pores du bois pour une protection optimale, avant l'application des gammes int\u00e9rieures Rubio.","og_url":"https:\/\/nature-et-developpement.com\/macabane-materiaux\/produit\/preparateur-de-support-interieur-cleaner-de-rubio\/","og_site_name":"Ma Cabane mat\u00e9riaux naturels","article_modified_time":"2026-02-26T01:26:17+00:00","twitter_card":"summary_large_image","twitter_misc":{"Dur\u00e9e de lecture estim\u00e9e":"1 minute"},"schema":{"@context":"https:\/\/schema.org","@graph":[{"@type":"WebPage","@id":"https:\/\/nature-et-developpement.com\/macabane-materiaux\/produit\/preparateur-de-support-interieur-cleaner-de-rubio\/","url":"https:\/\/nature-et-developpement.com\/macabane-materiaux\/produit\/preparateur-de-support-interieur-cleaner-de-rubio\/","name":"Pr\u00e9parateur de support int\u00e9rieur CLEANER de Rubio - Ma Cabane mat\u00e9riaux naturels","isPartOf":{"@id":"https:\/\/nature-et-developpement.com\/macabane-materiaux\/#website"},"primaryImageOfPage":{"@id":"https:\/\/nature-et-developpement.com\/macabane-materiaux\/produit\/preparateur-de-support-interieur-cleaner-de-rubio\/#primaryimage"},"image":{"@id":"https:\/\/nature-et-developpement.com\/macabane-materiaux\/produit\/preparateur-de-support-interieur-cleaner-de-rubio\/#primaryimage"},"thumbnailUrl":"https:\/\/nature-et-developpement.com\/macabane-materiaux\/wp-content\/uploads\/Preparateur-de-support-interieur-CLEANER-de-Rubio-100ml.jpg","datePublished":"2023-06-01T10:04:13+00:00","dateModified":"2026-02-26T01:26:17+00:00","description":"Permet de retirer les poussi\u00e8res en profondeur et ouvre les pores du bois pour une protection optimale, avant l'application des gammes int\u00e9rieures Rubio.","breadcrumb":{"@id":"https:\/\/nature-et-developpement.com\/macabane-materiaux\/produit\/preparateur-de-support-interieur-cleaner-de-rubio\/#breadcrumb"},"inLanguage":"fr-FR","potentialAction":[{"@type":"ReadAction","target":["https:\/\/nature-et-developpement.com\/macabane-materiaux\/produit\/preparateur-de-support-interieur-cleaner-de-rubio\/"]}]},{"@type":"ImageObject","inLanguage":"fr-FR","@id":"https:\/\/nature-et-developpement.com\/macabane-materiaux\/produit\/preparateur-de-support-interieur-cleaner-de-rubio\/#primaryimage","url":"https:\/\/nature-et-developpement.com\/macabane-materiaux\/wp-content\/uploads\/Preparateur-de-support-interieur-CLEANER-de-Rubio-100ml.jpg","contentUrl":"https:\/\/nature-et-developpement.com\/macabane-materiaux\/wp-content\/uploads\/Preparateur-de-support-interieur-CLEANER-de-Rubio-100ml.jpg"},{"@type":"BreadcrumbList","@id":"https:\/\/nature-et-developpement.com\/macabane-materiaux\/produit\/preparateur-de-support-interieur-cleaner-de-rubio\/#breadcrumb","itemListElement":[{"@type":"ListItem","position":1,"name":"Accueil","item":"https:\/\/nature-et-developpement.com\/macabane-materiaux\/"},{"@type":"ListItem","position":2,"name":"Boutique","item":"https:\/\/nature-et-developpement.com\/macabane-materiaux\/boutique\/"},{"@type":"ListItem","position":3,"name":"Peinture, pigment et enduit","item":"https:\/\/nature-et-developpement.com\/macabane-materiaux\/produits\/peinture-et-enduit\/"},{"@type":"ListItem","position":4,"name":"Pr\u00e9paration du support","item":"https:\/\/nature-et-developpement.com\/macabane-materiaux\/produits\/peinture-et-enduit\/preparation-du-support\/"},{"@type":"ListItem","position":5,"name":"Pr\u00e9parateur de support int\u00e9rieur CLEANER de Rubio"}]},{"@type":"WebSite","@id":"https:\/\/nature-et-developpement.com\/macabane-materiaux\/#website","url":"https:\/\/nature-et-developpement.com\/macabane-materiaux\/","name":"Ma Cabane mat\u00e9riaux naturels","description":"Ma Cabane est membre du groupement Nature &amp; D\u00e9veloppement","potentialAction":[{"@type":"SearchAction","target":{"@type":"EntryPoint","urlTemplate":"https:\/\/nature-et-developpement.com\/macabane-materiaux\/?s={search_term_string}"},"query-input":{"@type":"PropertyValueSpecification","valueRequired":true,"valueName":"search_term_string"}}],"inLanguage":"fr-FR"}]}},"distributor_meta":false,"distributor_terms":false,"distributor_media":false,"distributor_original_site_name":"Ma Cabane mat\u00e9riaux naturels","distributor_original_site_url":"https:\/\/nature-et-developpement.com\/macabane-materiaux","push-errors":false,"_links":{"self":[{"href":"https:\/\/nature-et-developpement.com\/macabane-materiaux\/wp-json\/wp\/v2\/product\/12721","targetHints":{"allow":["GET"]}}],"collection":[{"href":"https:\/\/nature-et-developpement.com\/macabane-materiaux\/wp-json\/wp\/v2\/product"}],"about":[{"href":"https:\/\/nature-et-developpement.com\/macabane-materiaux\/wp-json\/wp\/v2\/types\/product"}],"wp:featuredmedia":[{"embeddable":true,"href":"https:\/\/nature-et-developpement.com\/macabane-materiaux\/wp-json\/"}],"wp:attachment":[{"href":"https:\/\/nature-et-developpement.com\/macabane-materiaux\/wp-json\/wp\/v2\/media?parent=12721"}],"wp:term":[{"taxonomy":"product_brand","embeddable":true,"href":"https:\/\/nature-et-developpement.com\/macabane-materiaux\/wp-json\/wp\/v2\/product_brand?post=12721"},{"taxonomy":"product_cat","embeddable":true,"href":"https:\/\/nature-et-developpement.com\/macabane-materiaux\/wp-json\/wp\/v2\/product_cat?post=12721"},{"taxonomy":"product_tag","embeddable":true,"href":"https:\/\/nature-et-developpement.com\/macabane-materiaux\/wp-json\/wp\/v2\/product_tag?post=12721"}],"curies":[{"name":"wp","href":"https:\/\/api.w.org\/{rel}","templated":true}]}}