{"id":12730,"date":"2023-05-31T15:14:51","date_gmt":"2023-05-31T13:14:51","guid":{"rendered":"https:\/\/nature-et-developpement.com\/macabane-materiaux\/produit\/pad-beige-o-150mm-rubio\/"},"modified":"2026-02-26T02:11:28","modified_gmt":"2026-02-26T01:11:28","slug":"pad-beige-o-150mm-rubio","status":"publish","type":"product","link":"https:\/\/nature-et-developpement.com\/macabane-materiaux\/produit\/pad-beige-o-150mm-rubio\/","title":{"rendered":"Pad beige \u00d8 150mm Rubio"},"content":{"rendered":"<h2>Pad beige \u00d8 150mm Rubio<\/h2>\n<p>Ce tampon rond et beige est utilis\u00e9 pour l&rsquo;application m\u00e9canique des produits \u00e0 base d&rsquo;huile Rubio Monocoat tels que Oil Plus 2C et Hybrid Wood Protector.<\/p>\n<p>Ce tampon est un outil pratique pour appliquer l&rsquo;huile et assure que l&rsquo;huile p\u00e9n\u00e8tre plus profond\u00e9ment dans le bois.<\/p>\n<p>Pad id\u00e9al pour appliquer, \u00e9taler l&rsquo;huile sur vos diff\u00e9rentes surfaces de bois massif ou placage.<\/p>\n<p>Vous massez l&rsquo;huile dans les fibres de bois, pour ainsi dire.<\/p>\n<p>Indispensable pour une application avec une ponceuse rotative.<\/p>\n<p>Il est conseill\u00e9 de prot\u00e9ger vos plateaux avec une interface de propret\u00e9.<\/p>\n","protected":false},"excerpt":{"rendered":"<p>Id\u00e9al pour une application avec une ponceuse rotative, pour bien \u00e9taler, l&rsquo;huile sur vos diff\u00e9rentes surfaces de bois massif ou placage.<\/p>\n","protected":false},"featured_media":1000000171285,"template":"","meta":[],"product_brand":[177],"product_cat":[85,95,2495],"product_tag":[2683],"class_list":{"0":"post-12730","1":"product","2":"type-product","3":"status-publish","4":"has-post-thumbnail","6":"product_brand-rubio","7":"product_cat-accessoires-peinture-et-enduit","8":"product_cat-outillage","9":"product_cat-outillage-peinture-et-enduit","10":"product_tag-rubio","12":"first","13":"instock","14":"taxable","15":"shipping-taxable","16":"purchasable","17":"product-type-variable"},"yoast_head":"<!-- This site is optimized with the Yoast SEO plugin v27.5 - https:\/\/yoast.com\/product\/yoast-seo-wordpress\/ -->\n<title>Pad beige \u00d8 150mm Rubio - Ma Cabane mat\u00e9riaux naturels<\/title>\n<meta name=\"description\" content=\"Id\u00e9al pour une application avec une ponceuse rotative, pour bien \u00e9taler, l&#039;huile sur vos diff\u00e9rentes surfaces de bois massif ou placage.\" \/>\n<meta name=\"robots\" content=\"noindex, nofollow\" \/>\n<meta property=\"og:locale\" content=\"fr_FR\" \/>\n<meta property=\"og:type\" content=\"article\" \/>\n<meta property=\"og:title\" content=\"Pad beige \u00d8 150mm Rubio - Ma Cabane mat\u00e9riaux naturels\" \/>\n<meta property=\"og:description\" content=\"Id\u00e9al pour une application avec une ponceuse rotative, pour bien \u00e9taler, l&#039;huile sur vos diff\u00e9rentes surfaces de bois massif ou placage.\" \/>\n<meta property=\"og:url\" content=\"https:\/\/nature-et-developpement.com\/macabane-materiaux\/produit\/pad-beige-o-150mm-rubio\/\" \/>\n<meta property=\"og:site_name\" content=\"Ma Cabane mat\u00e9riaux naturels\" \/>\n<meta property=\"article:modified_time\" content=\"2026-02-26T01:11:28+00:00\" \/>\n<meta name=\"twitter:card\" content=\"summary_large_image\" \/>\n<meta name=\"twitter:label1\" content=\"Dur\u00e9e de lecture estim\u00e9e\" \/>\n\t<meta name=\"twitter:data1\" content=\"1 minute\" \/>\n<script type=\"application\/ld+json\" class=\"yoast-schema-graph\">{\"@context\":\"https:\\\/\\\/schema.org\",\"@graph\":[{\"@type\":\"WebPage\",\"@id\":\"https:\\\/\\\/nature-et-developpement.com\\\/macabane-materiaux\\\/produit\\\/pad-beige-o-150mm-rubio\\\/\",\"url\":\"https:\\\/\\\/nature-et-developpement.com\\\/macabane-materiaux\\\/produit\\\/pad-beige-o-150mm-rubio\\\/\",\"name\":\"Pad beige \u00d8 150mm Rubio - Ma Cabane mat\u00e9riaux naturels\",\"isPartOf\":{\"@id\":\"https:\\\/\\\/nature-et-developpement.com\\\/macabane-materiaux\\\/#website\"},\"primaryImageOfPage\":{\"@id\":\"https:\\\/\\\/nature-et-developpement.com\\\/macabane-materiaux\\\/produit\\\/pad-beige-o-150mm-rubio\\\/#primaryimage\"},\"image\":{\"@id\":\"https:\\\/\\\/nature-et-developpement.com\\\/macabane-materiaux\\\/produit\\\/pad-beige-o-150mm-rubio\\\/#primaryimage\"},\"thumbnailUrl\":\"https:\\\/\\\/nature-et-developpement.com\\\/macabane-materiaux\\\/wp-content\\\/uploads\\\/Pad-beige-O-150mm-Rubio.jpg\",\"datePublished\":\"2023-05-31T13:14:51+00:00\",\"dateModified\":\"2026-02-26T01:11:28+00:00\",\"description\":\"Id\u00e9al pour une application avec une ponceuse rotative, pour bien \u00e9taler, l'huile sur vos diff\u00e9rentes surfaces de bois massif ou placage.\",\"breadcrumb\":{\"@id\":\"https:\\\/\\\/nature-et-developpement.com\\\/macabane-materiaux\\\/produit\\\/pad-beige-o-150mm-rubio\\\/#breadcrumb\"},\"inLanguage\":\"fr-FR\",\"potentialAction\":[{\"@type\":\"ReadAction\",\"target\":[\"https:\\\/\\\/nature-et-developpement.com\\\/macabane-materiaux\\\/produit\\\/pad-beige-o-150mm-rubio\\\/\"]}]},{\"@type\":\"ImageObject\",\"inLanguage\":\"fr-FR\",\"@id\":\"https:\\\/\\\/nature-et-developpement.com\\\/macabane-materiaux\\\/produit\\\/pad-beige-o-150mm-rubio\\\/#primaryimage\",\"url\":\"https:\\\/\\\/nature-et-developpement.com\\\/macabane-materiaux\\\/wp-content\\\/uploads\\\/Pad-beige-O-150mm-Rubio.jpg\",\"contentUrl\":\"https:\\\/\\\/nature-et-developpement.com\\\/macabane-materiaux\\\/wp-content\\\/uploads\\\/Pad-beige-O-150mm-Rubio.jpg\"},{\"@type\":\"BreadcrumbList\",\"@id\":\"https:\\\/\\\/nature-et-developpement.com\\\/macabane-materiaux\\\/produit\\\/pad-beige-o-150mm-rubio\\\/#breadcrumb\",\"itemListElement\":[{\"@type\":\"ListItem\",\"position\":1,\"name\":\"Accueil\",\"item\":\"https:\\\/\\\/nature-et-developpement.com\\\/macabane-materiaux\\\/\"},{\"@type\":\"ListItem\",\"position\":2,\"name\":\"Boutique\",\"item\":\"https:\\\/\\\/nature-et-developpement.com\\\/macabane-materiaux\\\/boutique\\\/\"},{\"@type\":\"ListItem\",\"position\":3,\"name\":\"Peinture, pigment et enduit\",\"item\":\"https:\\\/\\\/nature-et-developpement.com\\\/macabane-materiaux\\\/produits\\\/peinture-et-enduit\\\/\"},{\"@type\":\"ListItem\",\"position\":4,\"name\":\"Outillage peinture et enduit\",\"item\":\"https:\\\/\\\/nature-et-developpement.com\\\/macabane-materiaux\\\/produits\\\/peinture-et-enduit\\\/outillage-peinture-et-enduit\\\/\"},{\"@type\":\"ListItem\",\"position\":5,\"name\":\"Pad beige \u00d8 150mm Rubio\"}]},{\"@type\":\"WebSite\",\"@id\":\"https:\\\/\\\/nature-et-developpement.com\\\/macabane-materiaux\\\/#website\",\"url\":\"https:\\\/\\\/nature-et-developpement.com\\\/macabane-materiaux\\\/\",\"name\":\"Ma Cabane mat\u00e9riaux naturels\",\"description\":\"Ma Cabane est membre du groupement Nature &amp; D\u00e9veloppement\",\"potentialAction\":[{\"@type\":\"SearchAction\",\"target\":{\"@type\":\"EntryPoint\",\"urlTemplate\":\"https:\\\/\\\/nature-et-developpement.com\\\/macabane-materiaux\\\/?s={search_term_string}\"},\"query-input\":{\"@type\":\"PropertyValueSpecification\",\"valueRequired\":true,\"valueName\":\"search_term_string\"}}],\"inLanguage\":\"fr-FR\"}]}<\/script>\n<!-- \/ Yoast SEO plugin. -->","yoast_head_json":{"title":"Pad beige \u00d8 150mm Rubio - Ma Cabane mat\u00e9riaux naturels","description":"Id\u00e9al pour une application avec une ponceuse rotative, pour bien \u00e9taler, l'huile sur vos diff\u00e9rentes surfaces de bois massif ou placage.","robots":{"index":"noindex","follow":"nofollow"},"og_locale":"fr_FR","og_type":"article","og_title":"Pad beige \u00d8 150mm Rubio - Ma Cabane mat\u00e9riaux naturels","og_description":"Id\u00e9al pour une application avec une ponceuse rotative, pour bien \u00e9taler, l'huile sur vos diff\u00e9rentes surfaces de bois massif ou placage.","og_url":"https:\/\/nature-et-developpement.com\/macabane-materiaux\/produit\/pad-beige-o-150mm-rubio\/","og_site_name":"Ma Cabane mat\u00e9riaux naturels","article_modified_time":"2026-02-26T01:11:28+00:00","twitter_card":"summary_large_image","twitter_misc":{"Dur\u00e9e de lecture estim\u00e9e":"1 minute"},"schema":{"@context":"https:\/\/schema.org","@graph":[{"@type":"WebPage","@id":"https:\/\/nature-et-developpement.com\/macabane-materiaux\/produit\/pad-beige-o-150mm-rubio\/","url":"https:\/\/nature-et-developpement.com\/macabane-materiaux\/produit\/pad-beige-o-150mm-rubio\/","name":"Pad beige \u00d8 150mm Rubio - Ma Cabane mat\u00e9riaux naturels","isPartOf":{"@id":"https:\/\/nature-et-developpement.com\/macabane-materiaux\/#website"},"primaryImageOfPage":{"@id":"https:\/\/nature-et-developpement.com\/macabane-materiaux\/produit\/pad-beige-o-150mm-rubio\/#primaryimage"},"image":{"@id":"https:\/\/nature-et-developpement.com\/macabane-materiaux\/produit\/pad-beige-o-150mm-rubio\/#primaryimage"},"thumbnailUrl":"https:\/\/nature-et-developpement.com\/macabane-materiaux\/wp-content\/uploads\/Pad-beige-O-150mm-Rubio.jpg","datePublished":"2023-05-31T13:14:51+00:00","dateModified":"2026-02-26T01:11:28+00:00","description":"Id\u00e9al pour une application avec une ponceuse rotative, pour bien \u00e9taler, l'huile sur vos diff\u00e9rentes surfaces de bois massif ou placage.","breadcrumb":{"@id":"https:\/\/nature-et-developpement.com\/macabane-materiaux\/produit\/pad-beige-o-150mm-rubio\/#breadcrumb"},"inLanguage":"fr-FR","potentialAction":[{"@type":"ReadAction","target":["https:\/\/nature-et-developpement.com\/macabane-materiaux\/produit\/pad-beige-o-150mm-rubio\/"]}]},{"@type":"ImageObject","inLanguage":"fr-FR","@id":"https:\/\/nature-et-developpement.com\/macabane-materiaux\/produit\/pad-beige-o-150mm-rubio\/#primaryimage","url":"https:\/\/nature-et-developpement.com\/macabane-materiaux\/wp-content\/uploads\/Pad-beige-O-150mm-Rubio.jpg","contentUrl":"https:\/\/nature-et-developpement.com\/macabane-materiaux\/wp-content\/uploads\/Pad-beige-O-150mm-Rubio.jpg"},{"@type":"BreadcrumbList","@id":"https:\/\/nature-et-developpement.com\/macabane-materiaux\/produit\/pad-beige-o-150mm-rubio\/#breadcrumb","itemListElement":[{"@type":"ListItem","position":1,"name":"Accueil","item":"https:\/\/nature-et-developpement.com\/macabane-materiaux\/"},{"@type":"ListItem","position":2,"name":"Boutique","item":"https:\/\/nature-et-developpement.com\/macabane-materiaux\/boutique\/"},{"@type":"ListItem","position":3,"name":"Peinture, pigment et enduit","item":"https:\/\/nature-et-developpement.com\/macabane-materiaux\/produits\/peinture-et-enduit\/"},{"@type":"ListItem","position":4,"name":"Outillage peinture et enduit","item":"https:\/\/nature-et-developpement.com\/macabane-materiaux\/produits\/peinture-et-enduit\/outillage-peinture-et-enduit\/"},{"@type":"ListItem","position":5,"name":"Pad beige \u00d8 150mm Rubio"}]},{"@type":"WebSite","@id":"https:\/\/nature-et-developpement.com\/macabane-materiaux\/#website","url":"https:\/\/nature-et-developpement.com\/macabane-materiaux\/","name":"Ma Cabane mat\u00e9riaux naturels","description":"Ma Cabane est membre du groupement Nature &amp; D\u00e9veloppement","potentialAction":[{"@type":"SearchAction","target":{"@type":"EntryPoint","urlTemplate":"https:\/\/nature-et-developpement.com\/macabane-materiaux\/?s={search_term_string}"},"query-input":{"@type":"PropertyValueSpecification","valueRequired":true,"valueName":"search_term_string"}}],"inLanguage":"fr-FR"}]}},"distributor_meta":false,"distributor_terms":false,"distributor_media":false,"distributor_original_site_name":"Ma Cabane mat\u00e9riaux naturels","distributor_original_site_url":"https:\/\/nature-et-developpement.com\/macabane-materiaux","push-errors":false,"_links":{"self":[{"href":"https:\/\/nature-et-developpement.com\/macabane-materiaux\/wp-json\/wp\/v2\/product\/12730","targetHints":{"allow":["GET"]}}],"collection":[{"href":"https:\/\/nature-et-developpement.com\/macabane-materiaux\/wp-json\/wp\/v2\/product"}],"about":[{"href":"https:\/\/nature-et-developpement.com\/macabane-materiaux\/wp-json\/wp\/v2\/types\/product"}],"wp:featuredmedia":[{"embeddable":true,"href":"https:\/\/nature-et-developpement.com\/macabane-materiaux\/wp-json\/"}],"wp:attachment":[{"href":"https:\/\/nature-et-developpement.com\/macabane-materiaux\/wp-json\/wp\/v2\/media?parent=12730"}],"wp:term":[{"taxonomy":"product_brand","embeddable":true,"href":"https:\/\/nature-et-developpement.com\/macabane-materiaux\/wp-json\/wp\/v2\/product_brand?post=12730"},{"taxonomy":"product_cat","embeddable":true,"href":"https:\/\/nature-et-developpement.com\/macabane-materiaux\/wp-json\/wp\/v2\/product_cat?post=12730"},{"taxonomy":"product_tag","embeddable":true,"href":"https:\/\/nature-et-developpement.com\/macabane-materiaux\/wp-json\/wp\/v2\/product_tag?post=12730"}],"curies":[{"name":"wp","href":"https:\/\/api.w.org\/{rel}","templated":true}]}}