{"id":12851,"date":"2024-06-15T17:23:47","date_gmt":"2024-06-15T15:23:47","guid":{"rendered":"https:\/\/nature-et-developpement.com\/macabane-materiaux\/produit\/pack-3-outils-18v-flex\/"},"modified":"2025-10-03T18:11:03","modified_gmt":"2025-10-03T16:11:03","slug":"pack-3-outils-18v-flex","status":"publish","type":"product","link":"https:\/\/nature-et-developpement.com\/macabane-materiaux\/produit\/pack-3-outils-18v-flex\/","title":{"rendered":"Pack 3 outils 18V FLEX au choix"},"content":{"rendered":"","protected":false},"excerpt":{"rendered":"<p><strong>FLEX PACK = 3 outils 1 set de 3 batteries\/chargeur 1 sac<\/strong><br \/>\n<a href=\"https:\/\/nature-et-developpement.com\/wp-content\/uploads\/FLEX-pack-3-outils-18V-au-choix-2024.pdf\" target=\"_blank\" rel=\"noopener\">S\u00e9lectionnez 3 outils 18 Volts<\/a><br \/>\ndans l&rsquo;impressionnante gamme de machines sur batterie FLEX<br \/>\net mettez les 3 r\u00e9f\u00e9rences dans les commentaires de votre demande.<br \/>\n<em><strong><span style=\"color: #008080\">Possibilit\u00e9 de s\u00e9lectionner plusieurs fois le m\u00eame outil.<\/span><\/strong><\/em><\/p>\n<p><img loading=\"lazy\" decoding=\"async\" class=\"alignnone size-full wp-image-173642\" src=\"https:\/\/nature-et-developpement.com\/wp-content\/uploads\/Picto-pack-3-outils-18v-flex.png\" alt=\"\" width=\"400\" height=\"258\" \/><\/p>\n","protected":false},"featured_media":1000000173640,"template":"","meta":[],"product_brand":[147],"product_cat":[2496,2343,2344,2342,2341,85,113,83,81,72,2670,2671,2672,82,95,2495,114],"product_tag":[2694],"class_list":{"0":"post-12851","1":"product","2":"type-product","3":"status-publish","4":"has-post-thumbnail","6":"product_brand-flex","7":"product_cat-accessoires","8":"product_cat-accessoires-agencement-exterieur","9":"product_cat-accessoires-agencement-interieur","10":"product_cat-accessoires-construction","11":"product_cat-accessoires-isolation-et-etancheite","12":"product_cat-accessoires-peinture-et-enduit","13":"product_cat-bardages","14":"product_cat-cloisons-et-doublage","15":"product_cat-construction-maison-bois","16":"product_cat-demande-de-devis-uniquement-avec-prix","17":"product_cat-isolation-exterieure","18":"product_cat-isolation-interieure","19":"product_cat-isolation-phonique","20":"product_cat-maconnerie","21":"product_cat-outillage","22":"product_cat-outillage-peinture-et-enduit","23":"product_cat-terrasses","24":"product_tag-flex","26":"first","27":"instock","28":"taxable","29":"shipping-taxable","30":"purchasable","31":"product-type-variable"},"yoast_head":"<!-- This site is optimized with the Yoast SEO plugin v27.5 - https:\/\/yoast.com\/product\/yoast-seo-wordpress\/ -->\n<title>Pack 3 outils 18V FLEX au choix - Ma Cabane mat\u00e9riaux naturels<\/title>\n<meta name=\"description\" content=\"FLEX PACK = 3 outils + 1 set de 3 batteries\/chargeur + 1 sac. S\u00e9lectionnez 3 outils 18 Volts dans l&#039;impressionnante gamme de machines sur batterie FLEX\" \/>\n<meta name=\"robots\" content=\"noindex, nofollow\" \/>\n<meta property=\"og:locale\" content=\"fr_FR\" \/>\n<meta property=\"og:type\" content=\"article\" \/>\n<meta property=\"og:title\" content=\"Pack 3 outils 18V FLEX au choix - Ma Cabane mat\u00e9riaux naturels\" \/>\n<meta property=\"og:description\" content=\"FLEX PACK = 3 outils + 1 set de 3 batteries\/chargeur + 1 sac. S\u00e9lectionnez 3 outils 18 Volts dans l&#039;impressionnante gamme de machines sur batterie FLEX\" \/>\n<meta property=\"og:url\" content=\"https:\/\/nature-et-developpement.com\/macabane-materiaux\/produit\/pack-3-outils-18v-flex\/\" \/>\n<meta property=\"og:site_name\" content=\"Ma Cabane mat\u00e9riaux naturels\" \/>\n<meta property=\"article:modified_time\" content=\"2025-10-03T16:11:03+00:00\" \/>\n<meta name=\"twitter:card\" content=\"summary_large_image\" \/>\n<script type=\"application\/ld+json\" class=\"yoast-schema-graph\">{\"@context\":\"https:\\\/\\\/schema.org\",\"@graph\":[{\"@type\":\"WebPage\",\"@id\":\"https:\\\/\\\/nature-et-developpement.com\\\/macabane-materiaux\\\/produit\\\/pack-3-outils-18v-flex\\\/\",\"url\":\"https:\\\/\\\/nature-et-developpement.com\\\/macabane-materiaux\\\/produit\\\/pack-3-outils-18v-flex\\\/\",\"name\":\"Pack 3 outils 18V FLEX au choix - Ma Cabane mat\u00e9riaux naturels\",\"isPartOf\":{\"@id\":\"https:\\\/\\\/nature-et-developpement.com\\\/macabane-materiaux\\\/#website\"},\"primaryImageOfPage\":{\"@id\":\"https:\\\/\\\/nature-et-developpement.com\\\/macabane-materiaux\\\/produit\\\/pack-3-outils-18v-flex\\\/#primaryimage\"},\"image\":{\"@id\":\"https:\\\/\\\/nature-et-developpement.com\\\/macabane-materiaux\\\/produit\\\/pack-3-outils-18v-flex\\\/#primaryimage\"},\"thumbnailUrl\":\"https:\\\/\\\/nature-et-developpement.com\\\/macabane-materiaux\\\/wp-content\\\/uploads\\\/FLEX-pack-3-18V.jpg\",\"datePublished\":\"2024-06-15T15:23:47+00:00\",\"dateModified\":\"2025-10-03T16:11:03+00:00\",\"description\":\"FLEX PACK = 3 outils + 1 set de 3 batteries\\\/chargeur + 1 sac. S\u00e9lectionnez 3 outils 18 Volts dans l'impressionnante gamme de machines sur batterie FLEX\",\"breadcrumb\":{\"@id\":\"https:\\\/\\\/nature-et-developpement.com\\\/macabane-materiaux\\\/produit\\\/pack-3-outils-18v-flex\\\/#breadcrumb\"},\"inLanguage\":\"fr-FR\",\"potentialAction\":[{\"@type\":\"ReadAction\",\"target\":[\"https:\\\/\\\/nature-et-developpement.com\\\/macabane-materiaux\\\/produit\\\/pack-3-outils-18v-flex\\\/\"]}]},{\"@type\":\"ImageObject\",\"inLanguage\":\"fr-FR\",\"@id\":\"https:\\\/\\\/nature-et-developpement.com\\\/macabane-materiaux\\\/produit\\\/pack-3-outils-18v-flex\\\/#primaryimage\",\"url\":\"https:\\\/\\\/nature-et-developpement.com\\\/macabane-materiaux\\\/wp-content\\\/uploads\\\/FLEX-pack-3-18V.jpg\",\"contentUrl\":\"https:\\\/\\\/nature-et-developpement.com\\\/macabane-materiaux\\\/wp-content\\\/uploads\\\/FLEX-pack-3-18V.jpg\"},{\"@type\":\"BreadcrumbList\",\"@id\":\"https:\\\/\\\/nature-et-developpement.com\\\/macabane-materiaux\\\/produit\\\/pack-3-outils-18v-flex\\\/#breadcrumb\",\"itemListElement\":[{\"@type\":\"ListItem\",\"position\":1,\"name\":\"Accueil\",\"item\":\"https:\\\/\\\/nature-et-developpement.com\\\/macabane-materiaux\\\/\"},{\"@type\":\"ListItem\",\"position\":2,\"name\":\"Boutique\",\"item\":\"https:\\\/\\\/nature-et-developpement.com\\\/macabane-materiaux\\\/boutique\\\/\"},{\"@type\":\"ListItem\",\"position\":3,\"name\":\"Chauffage, eau et \u00e9nergie\",\"item\":\"https:\\\/\\\/nature-et-developpement.com\\\/macabane-materiaux\\\/produits\\\/energie-et-ventilation\\\/\"},{\"@type\":\"ListItem\",\"position\":4,\"name\":\"Accessoires\",\"item\":\"https:\\\/\\\/nature-et-developpement.com\\\/macabane-materiaux\\\/produits\\\/energie-et-ventilation\\\/accessoires\\\/\"},{\"@type\":\"ListItem\",\"position\":5,\"name\":\"Pack 3 outils 18V FLEX au choix\"}]},{\"@type\":\"WebSite\",\"@id\":\"https:\\\/\\\/nature-et-developpement.com\\\/macabane-materiaux\\\/#website\",\"url\":\"https:\\\/\\\/nature-et-developpement.com\\\/macabane-materiaux\\\/\",\"name\":\"Ma Cabane mat\u00e9riaux naturels\",\"description\":\"Ma Cabane est membre du groupement Nature &amp; D\u00e9veloppement\",\"potentialAction\":[{\"@type\":\"SearchAction\",\"target\":{\"@type\":\"EntryPoint\",\"urlTemplate\":\"https:\\\/\\\/nature-et-developpement.com\\\/macabane-materiaux\\\/?s={search_term_string}\"},\"query-input\":{\"@type\":\"PropertyValueSpecification\",\"valueRequired\":true,\"valueName\":\"search_term_string\"}}],\"inLanguage\":\"fr-FR\"}]}<\/script>\n<!-- \/ Yoast SEO plugin. -->","yoast_head_json":{"title":"Pack 3 outils 18V FLEX au choix - Ma Cabane mat\u00e9riaux naturels","description":"FLEX PACK = 3 outils + 1 set de 3 batteries\/chargeur + 1 sac. S\u00e9lectionnez 3 outils 18 Volts dans l'impressionnante gamme de machines sur batterie FLEX","robots":{"index":"noindex","follow":"nofollow"},"og_locale":"fr_FR","og_type":"article","og_title":"Pack 3 outils 18V FLEX au choix - Ma Cabane mat\u00e9riaux naturels","og_description":"FLEX PACK = 3 outils + 1 set de 3 batteries\/chargeur + 1 sac. S\u00e9lectionnez 3 outils 18 Volts dans l'impressionnante gamme de machines sur batterie FLEX","og_url":"https:\/\/nature-et-developpement.com\/macabane-materiaux\/produit\/pack-3-outils-18v-flex\/","og_site_name":"Ma Cabane mat\u00e9riaux naturels","article_modified_time":"2025-10-03T16:11:03+00:00","twitter_card":"summary_large_image","schema":{"@context":"https:\/\/schema.org","@graph":[{"@type":"WebPage","@id":"https:\/\/nature-et-developpement.com\/macabane-materiaux\/produit\/pack-3-outils-18v-flex\/","url":"https:\/\/nature-et-developpement.com\/macabane-materiaux\/produit\/pack-3-outils-18v-flex\/","name":"Pack 3 outils 18V FLEX au choix - Ma Cabane mat\u00e9riaux naturels","isPartOf":{"@id":"https:\/\/nature-et-developpement.com\/macabane-materiaux\/#website"},"primaryImageOfPage":{"@id":"https:\/\/nature-et-developpement.com\/macabane-materiaux\/produit\/pack-3-outils-18v-flex\/#primaryimage"},"image":{"@id":"https:\/\/nature-et-developpement.com\/macabane-materiaux\/produit\/pack-3-outils-18v-flex\/#primaryimage"},"thumbnailUrl":"https:\/\/nature-et-developpement.com\/macabane-materiaux\/wp-content\/uploads\/FLEX-pack-3-18V.jpg","datePublished":"2024-06-15T15:23:47+00:00","dateModified":"2025-10-03T16:11:03+00:00","description":"FLEX PACK = 3 outils + 1 set de 3 batteries\/chargeur + 1 sac. S\u00e9lectionnez 3 outils 18 Volts dans l'impressionnante gamme de machines sur batterie FLEX","breadcrumb":{"@id":"https:\/\/nature-et-developpement.com\/macabane-materiaux\/produit\/pack-3-outils-18v-flex\/#breadcrumb"},"inLanguage":"fr-FR","potentialAction":[{"@type":"ReadAction","target":["https:\/\/nature-et-developpement.com\/macabane-materiaux\/produit\/pack-3-outils-18v-flex\/"]}]},{"@type":"ImageObject","inLanguage":"fr-FR","@id":"https:\/\/nature-et-developpement.com\/macabane-materiaux\/produit\/pack-3-outils-18v-flex\/#primaryimage","url":"https:\/\/nature-et-developpement.com\/macabane-materiaux\/wp-content\/uploads\/FLEX-pack-3-18V.jpg","contentUrl":"https:\/\/nature-et-developpement.com\/macabane-materiaux\/wp-content\/uploads\/FLEX-pack-3-18V.jpg"},{"@type":"BreadcrumbList","@id":"https:\/\/nature-et-developpement.com\/macabane-materiaux\/produit\/pack-3-outils-18v-flex\/#breadcrumb","itemListElement":[{"@type":"ListItem","position":1,"name":"Accueil","item":"https:\/\/nature-et-developpement.com\/macabane-materiaux\/"},{"@type":"ListItem","position":2,"name":"Boutique","item":"https:\/\/nature-et-developpement.com\/macabane-materiaux\/boutique\/"},{"@type":"ListItem","position":3,"name":"Chauffage, eau et \u00e9nergie","item":"https:\/\/nature-et-developpement.com\/macabane-materiaux\/produits\/energie-et-ventilation\/"},{"@type":"ListItem","position":4,"name":"Accessoires","item":"https:\/\/nature-et-developpement.com\/macabane-materiaux\/produits\/energie-et-ventilation\/accessoires\/"},{"@type":"ListItem","position":5,"name":"Pack 3 outils 18V FLEX au choix"}]},{"@type":"WebSite","@id":"https:\/\/nature-et-developpement.com\/macabane-materiaux\/#website","url":"https:\/\/nature-et-developpement.com\/macabane-materiaux\/","name":"Ma Cabane mat\u00e9riaux naturels","description":"Ma Cabane est membre du groupement Nature &amp; D\u00e9veloppement","potentialAction":[{"@type":"SearchAction","target":{"@type":"EntryPoint","urlTemplate":"https:\/\/nature-et-developpement.com\/macabane-materiaux\/?s={search_term_string}"},"query-input":{"@type":"PropertyValueSpecification","valueRequired":true,"valueName":"search_term_string"}}],"inLanguage":"fr-FR"}]}},"distributor_meta":false,"distributor_terms":false,"distributor_media":false,"distributor_original_site_name":"Ma Cabane mat\u00e9riaux naturels","distributor_original_site_url":"https:\/\/nature-et-developpement.com\/macabane-materiaux","push-errors":false,"_links":{"self":[{"href":"https:\/\/nature-et-developpement.com\/macabane-materiaux\/wp-json\/wp\/v2\/product\/12851","targetHints":{"allow":["GET"]}}],"collection":[{"href":"https:\/\/nature-et-developpement.com\/macabane-materiaux\/wp-json\/wp\/v2\/product"}],"about":[{"href":"https:\/\/nature-et-developpement.com\/macabane-materiaux\/wp-json\/wp\/v2\/types\/product"}],"wp:featuredmedia":[{"embeddable":true,"href":"https:\/\/nature-et-developpement.com\/macabane-materiaux\/wp-json\/"}],"wp:attachment":[{"href":"https:\/\/nature-et-developpement.com\/macabane-materiaux\/wp-json\/wp\/v2\/media?parent=12851"}],"wp:term":[{"taxonomy":"product_brand","embeddable":true,"href":"https:\/\/nature-et-developpement.com\/macabane-materiaux\/wp-json\/wp\/v2\/product_brand?post=12851"},{"taxonomy":"product_cat","embeddable":true,"href":"https:\/\/nature-et-developpement.com\/macabane-materiaux\/wp-json\/wp\/v2\/product_cat?post=12851"},{"taxonomy":"product_tag","embeddable":true,"href":"https:\/\/nature-et-developpement.com\/macabane-materiaux\/wp-json\/wp\/v2\/product_tag?post=12851"}],"curies":[{"name":"wp","href":"https:\/\/api.w.org\/{rel}","templated":true}]}}