{"id":1288,"date":"2024-01-01T00:00:00","date_gmt":"2023-12-31T23:00:00","guid":{"rendered":"https:\/\/nature-et-developpement.com\/macabane-materiaux\/produit\/chaux-en-pate\/"},"modified":"2025-06-17T15:23:23","modified_gmt":"2025-06-17T13:23:23","slug":"chaux-en-pate","status":"publish","type":"product","link":"https:\/\/nature-et-developpement.com\/macabane-materiaux\/produit\/chaux-en-pate\/","title":{"rendered":"Chaux en p\u00e2te Pozzo Nuovo"},"content":{"rendered":"<h2>Chaux en p\u00e2te <strong>made in France<\/strong><\/h2>\n<p>La chaux, un\u00a0liant naturel et \u00e9cologique, connu depuis au moins 4000 ans, pr\u00e9sente pour les constructions et les d\u00e9cors des\u00a0avantages\u00a0dont la liste serait longue \u00e0 \u00e9tablir.<\/p>\n<p>Le choix du calcaire, un contr\u00f4le rigoureux de la cuisson, une extinction de la chaux vive selon des techniques ancestrales et artisanales, vous assurent une qualit\u00e9 de chaux en p\u00e2te exceptionnelle facile \u00e0 travailler.<\/p>\n<p>Le produit est souple, \u00ab\u00a0gras\u00a0\u00bb, pour une mise en \u0153uvre ais\u00e9e, La chaux b\u00e9n\u00e9ficie d\u2019une carbonatation exceptionnellement rapide et offre une r\u00e9sistance et un pouvoir couvrant nettement sup\u00e9rieurs \u00e0 la moyenne.<\/p>\n","protected":false},"excerpt":{"rendered":"<p>Chaux a\u00e9rienne en p\u00e2te de fabrication fran\u00e7aise et artisanale,\u00a0recommand\u00e9e pour les badigeons, les peintures a fresco, les enduits fins, les stucs et les tadelakts.<\/p>\n","protected":false},"featured_media":1000000104268,"template":"","meta":[],"product_brand":[173],"product_cat":[96,89,82,88],"product_tag":[2681],"class_list":{"0":"post-1288","1":"product","2":"type-product","3":"status-publish","4":"has-post-thumbnail","6":"product_brand-pozzo-nuovo","7":"product_cat-adjuvants","8":"product_cat-enduits-naturels","9":"product_cat-maconnerie","10":"product_cat-peinture-ecologique","11":"product_tag-pozzo-nuovo","12":"product_shipping_class-sac-de-25kg","14":"first","15":"instock","16":"taxable","17":"shipping-taxable","18":"purchasable","19":"product-type-variable"},"yoast_head":"<!-- This site is optimized with the Yoast SEO plugin v27.5 - https:\/\/yoast.com\/product\/yoast-seo-wordpress\/ -->\n<title>Chaux en p\u00e2te Pozzo Nuovo - Ma Cabane mat\u00e9riaux naturels<\/title>\n<meta name=\"description\" content=\"Chaux a\u00e9rienne en p\u00e2te de fabrication fran\u00e7aise et artisanale,\u00a0recommand\u00e9e pour les badigeons, les peintures a fresco, les enduits fins, les stucs et les tadelakts.\" \/>\n<meta name=\"robots\" content=\"noindex, follow\" \/>\n<meta property=\"og:locale\" content=\"fr_FR\" \/>\n<meta property=\"og:type\" content=\"article\" \/>\n<meta property=\"og:title\" content=\"Chaux en p\u00e2te Pozzo Nuovo - Ma Cabane mat\u00e9riaux naturels\" \/>\n<meta property=\"og:description\" content=\"Chaux a\u00e9rienne en p\u00e2te de fabrication fran\u00e7aise et artisanale,\u00a0recommand\u00e9e pour les badigeons, les peintures a fresco, les enduits fins, les stucs et les tadelakts.\" \/>\n<meta property=\"og:url\" content=\"https:\/\/nature-et-developpement.com\/macabane-materiaux\/produit\/chaux-en-pate\/\" \/>\n<meta property=\"og:site_name\" content=\"Ma Cabane mat\u00e9riaux naturels\" \/>\n<meta property=\"article:modified_time\" content=\"2025-06-17T13:23:23+00:00\" \/>\n<meta name=\"twitter:card\" content=\"summary_large_image\" \/>\n<meta name=\"twitter:label1\" content=\"Dur\u00e9e de lecture estim\u00e9e\" \/>\n\t<meta name=\"twitter:data1\" content=\"1 minute\" \/>\n<script type=\"application\/ld+json\" class=\"yoast-schema-graph\">{\"@context\":\"https:\\\/\\\/schema.org\",\"@graph\":[{\"@type\":\"WebPage\",\"@id\":\"https:\\\/\\\/nature-et-developpement.com\\\/macabane-materiaux\\\/produit\\\/chaux-en-pate\\\/\",\"url\":\"https:\\\/\\\/nature-et-developpement.com\\\/macabane-materiaux\\\/produit\\\/chaux-en-pate\\\/\",\"name\":\"Chaux en p\u00e2te Pozzo Nuovo - Ma Cabane mat\u00e9riaux naturels\",\"isPartOf\":{\"@id\":\"https:\\\/\\\/nature-et-developpement.com\\\/macabane-materiaux\\\/#website\"},\"primaryImageOfPage\":{\"@id\":\"https:\\\/\\\/nature-et-developpement.com\\\/macabane-materiaux\\\/produit\\\/chaux-en-pate\\\/#primaryimage\"},\"image\":{\"@id\":\"https:\\\/\\\/nature-et-developpement.com\\\/macabane-materiaux\\\/produit\\\/chaux-en-pate\\\/#primaryimage\"},\"thumbnailUrl\":\"https:\\\/\\\/nature-et-developpement.com\\\/macabane-materiaux\\\/wp-content\\\/uploads\\\/29868-Chaux-en-pate-Pozzo-Nuovo.jpg\",\"datePublished\":\"2023-12-31T23:00:00+00:00\",\"dateModified\":\"2025-06-17T13:23:23+00:00\",\"description\":\"Chaux a\u00e9rienne en p\u00e2te de fabrication fran\u00e7aise et artisanale,\u00a0recommand\u00e9e pour les badigeons, les peintures a fresco, les enduits fins, les stucs et les tadelakts.\",\"breadcrumb\":{\"@id\":\"https:\\\/\\\/nature-et-developpement.com\\\/macabane-materiaux\\\/produit\\\/chaux-en-pate\\\/#breadcrumb\"},\"inLanguage\":\"fr-FR\",\"potentialAction\":[{\"@type\":\"ReadAction\",\"target\":[\"https:\\\/\\\/nature-et-developpement.com\\\/macabane-materiaux\\\/produit\\\/chaux-en-pate\\\/\"]}]},{\"@type\":\"ImageObject\",\"inLanguage\":\"fr-FR\",\"@id\":\"https:\\\/\\\/nature-et-developpement.com\\\/macabane-materiaux\\\/produit\\\/chaux-en-pate\\\/#primaryimage\",\"url\":\"https:\\\/\\\/nature-et-developpement.com\\\/macabane-materiaux\\\/wp-content\\\/uploads\\\/29868-Chaux-en-pate-Pozzo-Nuovo.jpg\",\"contentUrl\":\"https:\\\/\\\/nature-et-developpement.com\\\/macabane-materiaux\\\/wp-content\\\/uploads\\\/29868-Chaux-en-pate-Pozzo-Nuovo.jpg\"},{\"@type\":\"BreadcrumbList\",\"@id\":\"https:\\\/\\\/nature-et-developpement.com\\\/macabane-materiaux\\\/produit\\\/chaux-en-pate\\\/#breadcrumb\",\"itemListElement\":[{\"@type\":\"ListItem\",\"position\":1,\"name\":\"Accueil\",\"item\":\"https:\\\/\\\/nature-et-developpement.com\\\/macabane-materiaux\\\/\"},{\"@type\":\"ListItem\",\"position\":2,\"name\":\"Boutique\",\"item\":\"https:\\\/\\\/nature-et-developpement.com\\\/macabane-materiaux\\\/boutique\\\/\"},{\"@type\":\"ListItem\",\"position\":3,\"name\":\"Peinture, pigment et enduit\",\"item\":\"https:\\\/\\\/nature-et-developpement.com\\\/macabane-materiaux\\\/produits\\\/peinture-et-enduit\\\/\"},{\"@type\":\"ListItem\",\"position\":4,\"name\":\"Adjuvants\",\"item\":\"https:\\\/\\\/nature-et-developpement.com\\\/macabane-materiaux\\\/produits\\\/peinture-et-enduit\\\/adjuvants\\\/\"},{\"@type\":\"ListItem\",\"position\":5,\"name\":\"Chaux en p\u00e2te Pozzo Nuovo\"}]},{\"@type\":\"WebSite\",\"@id\":\"https:\\\/\\\/nature-et-developpement.com\\\/macabane-materiaux\\\/#website\",\"url\":\"https:\\\/\\\/nature-et-developpement.com\\\/macabane-materiaux\\\/\",\"name\":\"Ma Cabane mat\u00e9riaux naturels\",\"description\":\"Ma Cabane est membre du groupement Nature &amp; D\u00e9veloppement\",\"potentialAction\":[{\"@type\":\"SearchAction\",\"target\":{\"@type\":\"EntryPoint\",\"urlTemplate\":\"https:\\\/\\\/nature-et-developpement.com\\\/macabane-materiaux\\\/?s={search_term_string}\"},\"query-input\":{\"@type\":\"PropertyValueSpecification\",\"valueRequired\":true,\"valueName\":\"search_term_string\"}}],\"inLanguage\":\"fr-FR\"}]}<\/script>\n<!-- \/ Yoast SEO plugin. -->","yoast_head_json":{"title":"Chaux en p\u00e2te Pozzo Nuovo - Ma Cabane mat\u00e9riaux naturels","description":"Chaux a\u00e9rienne en p\u00e2te de fabrication fran\u00e7aise et artisanale,\u00a0recommand\u00e9e pour les badigeons, les peintures a fresco, les enduits fins, les stucs et les tadelakts.","robots":{"index":"noindex","follow":"follow"},"og_locale":"fr_FR","og_type":"article","og_title":"Chaux en p\u00e2te Pozzo Nuovo - Ma Cabane mat\u00e9riaux naturels","og_description":"Chaux a\u00e9rienne en p\u00e2te de fabrication fran\u00e7aise et artisanale,\u00a0recommand\u00e9e pour les badigeons, les peintures a fresco, les enduits fins, les stucs et les tadelakts.","og_url":"https:\/\/nature-et-developpement.com\/macabane-materiaux\/produit\/chaux-en-pate\/","og_site_name":"Ma Cabane mat\u00e9riaux naturels","article_modified_time":"2025-06-17T13:23:23+00:00","twitter_card":"summary_large_image","twitter_misc":{"Dur\u00e9e de lecture estim\u00e9e":"1 minute"},"schema":{"@context":"https:\/\/schema.org","@graph":[{"@type":"WebPage","@id":"https:\/\/nature-et-developpement.com\/macabane-materiaux\/produit\/chaux-en-pate\/","url":"https:\/\/nature-et-developpement.com\/macabane-materiaux\/produit\/chaux-en-pate\/","name":"Chaux en p\u00e2te Pozzo Nuovo - Ma Cabane mat\u00e9riaux naturels","isPartOf":{"@id":"https:\/\/nature-et-developpement.com\/macabane-materiaux\/#website"},"primaryImageOfPage":{"@id":"https:\/\/nature-et-developpement.com\/macabane-materiaux\/produit\/chaux-en-pate\/#primaryimage"},"image":{"@id":"https:\/\/nature-et-developpement.com\/macabane-materiaux\/produit\/chaux-en-pate\/#primaryimage"},"thumbnailUrl":"https:\/\/nature-et-developpement.com\/macabane-materiaux\/wp-content\/uploads\/29868-Chaux-en-pate-Pozzo-Nuovo.jpg","datePublished":"2023-12-31T23:00:00+00:00","dateModified":"2025-06-17T13:23:23+00:00","description":"Chaux a\u00e9rienne en p\u00e2te de fabrication fran\u00e7aise et artisanale,\u00a0recommand\u00e9e pour les badigeons, les peintures a fresco, les enduits fins, les stucs et les tadelakts.","breadcrumb":{"@id":"https:\/\/nature-et-developpement.com\/macabane-materiaux\/produit\/chaux-en-pate\/#breadcrumb"},"inLanguage":"fr-FR","potentialAction":[{"@type":"ReadAction","target":["https:\/\/nature-et-developpement.com\/macabane-materiaux\/produit\/chaux-en-pate\/"]}]},{"@type":"ImageObject","inLanguage":"fr-FR","@id":"https:\/\/nature-et-developpement.com\/macabane-materiaux\/produit\/chaux-en-pate\/#primaryimage","url":"https:\/\/nature-et-developpement.com\/macabane-materiaux\/wp-content\/uploads\/29868-Chaux-en-pate-Pozzo-Nuovo.jpg","contentUrl":"https:\/\/nature-et-developpement.com\/macabane-materiaux\/wp-content\/uploads\/29868-Chaux-en-pate-Pozzo-Nuovo.jpg"},{"@type":"BreadcrumbList","@id":"https:\/\/nature-et-developpement.com\/macabane-materiaux\/produit\/chaux-en-pate\/#breadcrumb","itemListElement":[{"@type":"ListItem","position":1,"name":"Accueil","item":"https:\/\/nature-et-developpement.com\/macabane-materiaux\/"},{"@type":"ListItem","position":2,"name":"Boutique","item":"https:\/\/nature-et-developpement.com\/macabane-materiaux\/boutique\/"},{"@type":"ListItem","position":3,"name":"Peinture, pigment et enduit","item":"https:\/\/nature-et-developpement.com\/macabane-materiaux\/produits\/peinture-et-enduit\/"},{"@type":"ListItem","position":4,"name":"Adjuvants","item":"https:\/\/nature-et-developpement.com\/macabane-materiaux\/produits\/peinture-et-enduit\/adjuvants\/"},{"@type":"ListItem","position":5,"name":"Chaux en p\u00e2te Pozzo Nuovo"}]},{"@type":"WebSite","@id":"https:\/\/nature-et-developpement.com\/macabane-materiaux\/#website","url":"https:\/\/nature-et-developpement.com\/macabane-materiaux\/","name":"Ma Cabane mat\u00e9riaux naturels","description":"Ma Cabane est membre du groupement Nature &amp; D\u00e9veloppement","potentialAction":[{"@type":"SearchAction","target":{"@type":"EntryPoint","urlTemplate":"https:\/\/nature-et-developpement.com\/macabane-materiaux\/?s={search_term_string}"},"query-input":{"@type":"PropertyValueSpecification","valueRequired":true,"valueName":"search_term_string"}}],"inLanguage":"fr-FR"}]}},"distributor_meta":false,"distributor_terms":false,"distributor_media":false,"distributor_original_site_name":"Ma Cabane mat\u00e9riaux naturels","distributor_original_site_url":"https:\/\/nature-et-developpement.com\/macabane-materiaux","push-errors":false,"_links":{"self":[{"href":"https:\/\/nature-et-developpement.com\/macabane-materiaux\/wp-json\/wp\/v2\/product\/1288","targetHints":{"allow":["GET"]}}],"collection":[{"href":"https:\/\/nature-et-developpement.com\/macabane-materiaux\/wp-json\/wp\/v2\/product"}],"about":[{"href":"https:\/\/nature-et-developpement.com\/macabane-materiaux\/wp-json\/wp\/v2\/types\/product"}],"wp:featuredmedia":[{"embeddable":true,"href":"https:\/\/nature-et-developpement.com\/macabane-materiaux\/wp-json\/"}],"wp:attachment":[{"href":"https:\/\/nature-et-developpement.com\/macabane-materiaux\/wp-json\/wp\/v2\/media?parent=1288"}],"wp:term":[{"taxonomy":"product_brand","embeddable":true,"href":"https:\/\/nature-et-developpement.com\/macabane-materiaux\/wp-json\/wp\/v2\/product_brand?post=1288"},{"taxonomy":"product_cat","embeddable":true,"href":"https:\/\/nature-et-developpement.com\/macabane-materiaux\/wp-json\/wp\/v2\/product_cat?post=1288"},{"taxonomy":"product_tag","embeddable":true,"href":"https:\/\/nature-et-developpement.com\/macabane-materiaux\/wp-json\/wp\/v2\/product_tag?post=1288"}],"curies":[{"name":"wp","href":"https:\/\/api.w.org\/{rel}","templated":true}]}}