{"id":1319,"date":"2017-06-23T12:07:31","date_gmt":"2017-06-23T10:07:31","guid":{"rendered":"https:\/\/nature-et-developpement.com\/macabane-materiaux\/produit\/puits-de-lumiere-solatube\/"},"modified":"2025-10-23T19:35:56","modified_gmt":"2025-10-23T17:35:56","slug":"puits-de-lumiere-solatube","status":"publish","type":"product","link":"https:\/\/nature-et-developpement.com\/macabane-materiaux\/produit\/puits-de-lumiere-solatube\/","title":{"rendered":"SOLATUBE &#8211; Puits de lumi\u00e8re"},"content":{"rendered":"<h2>Une solution lumineuse et durable<\/h2>\n<p>Si vivre avec la lumi\u00e8re naturelle est agr\u00e9able et essentiel, malheureusement il reste encore des endroits sombres ou qui n\u2019ont pas acc\u00e8s \u00e0 la lumi\u00e8re du jour.<\/p>\n<p>C\u2019est sans conna\u00eetre les\u00a0puits\u00a0de lumi\u00e8re naturelle Solatube\u00ae et le confort qu\u2019ils procurent.<\/p>\n<h4>LES BIENFAITS DE LA LUMIERE NATURELLE<\/h4>\n<p>De nombreux b\u00e9n\u00e9fices sur la sant\u00e9 et plus encore\u00a0!<\/p>\n<p>N\u00e9anmoins, aujourd\u2019hui, de nombreuses sources d\u2019\u00e9clairage artificiel \u00e9clairent nos int\u00e9rieurs et elles sont beaucoup plus importantes que l\u2019on imagine.<\/p>\n<p>Tout d&rsquo;abord, pensez \u00e0 privil\u00e9gier l\u2019\u00e9clairage naturel et d\u00e9couvrez tous ses bienfaits.<\/p>\n<p>Premi\u00e8rement, la collecte de lumi\u00e8re : La lumi\u00e8re du jour est capt\u00e9e par le d\u00f4me \u00e9quip\u00e9 de prismes.<\/p>\n<p>C&rsquo;est gr\u00e2ce \u00e0 ces derniers permettent de r\u00e9orienter la lumi\u00e8re \u00e0 l\u2019int\u00e9rieur du tube m\u00eame lorsque le soleil est \u00e0 angle faible. Sur le sommet, une lentille \u00e9cr\u00eate les surintensit\u00e9s lumineuses afin d\u2019\u00e9viter les \u00e9blouissements.<\/p>\n<p>Finalement, la transmission dans le tube : La lumi\u00e8re est transmise \u00e0 travers le tube aux parois hautement r\u00e9fl\u00e9chissantes : le taux de r\u00e9flexion du conduit de lumi\u00e8re naturelle Solatube est le plus \u00e9lev\u00e9 au monde : 99,7%.<\/p>\n<p>Pour finir la diffusion dans la pi\u00e8ce: La lumi\u00e8re est ensuite diffus\u00e9e dans la pi\u00e8ce \u00e0 \u00e9clairer \u00e0 l\u2019aide d\u2019un diffuseur de lumi\u00e8re install\u00e9 au plafond qui assure un confort visuel et limite les \u00e9blouissements.<\/p>\n<h4>3 GAMMES pour TOUS LES BESOINS\u00a0:<\/h4>\n<p>1: Pour \u00e9clairer les petites surfaces\u00a0: Gamme\u00a0Brighten Up<\/p>\n<p>Puit de lumi\u00e8re Solatube 160DS de 25 cm de diam\u00e8tre<br \/>\nPour les pi\u00e8ces jusqu\u2019\u00e0 10m\u00b2.<\/p>\n<p>Puit de lumi\u00e8re Solatube 290DS de 35 cm de diam\u00e8tre<br \/>\nPour les pi\u00e8ces \u00a0de 10 \u00e0 15m\u00b2<\/p>\n<p>2: Pour illuminer les moyennes surfaces\u00a0: Gamme\u00a0SolaMaster<\/p>\n<p>Puits de lumi\u00e8re Solatube 330DS de 53 cm de diam\u00e8tre\u00a0et,<br \/>\nSolatube 750DS de 53 cm de diam\u00e8tre.<\/p>\n<p>Pour les locaux professionnels d\u2019une hauteur sous plafond inf\u00e9rieure \u00e0 7m<\/p>\n<p>3: Pour \u00e9clairer les grands volumes\u00a0: Gamme\u00a0SkyVault<\/p>\n<p>Puit de lumi\u00e8re Solatube M74\u00a0de 74 cm de diam\u00e8tre<br \/>\nPour les tr\u00e8s grands volumes ayant une hauteur sous plafond sup\u00e9rieure \u00e0 7m<\/p>\n<h4><\/h4>\n<h4>Les\u00a0puits\u00a0de lumi\u00e8re naturelle Solatube\u00ae de la gamme Brighten Up se d\u00e9clinent en deux diam\u00e8tres afin de s\u2019adapter au mieux \u00e0 votre projet :<\/h4>\n<p>1 &#8211; Le puits de lumi\u00e8re Solatube 160DS, avec un diam\u00e8tre de 25 cm, \u00e9claire une pi\u00e8ce sombre d\u2019environ 10m\u00b2.<\/p>\n<p>En bref, dans une maison individuelle, ce mod\u00e8le s&rsquo;installe g\u00e9n\u00e9ralement install\u00e9 dans un couloir, une salle de bain, un dressing ou encore au-dessus d\u2019un plan de travail dans une cuisine.<\/p>\n<p>2 &#8211; Le conduit de lumi\u00e8re Solatube 290DS, avec un diam\u00e8tre de 35 cm, \u00e9claire une pi\u00e8ce d\u2019environ 15m\u00b2.<\/p>\n<p>Ainsi, ce mod\u00e8le sera id\u00e9al pour \u00e9clairer naturellement un salon, une chambre ou encore un garage.<\/p>\n<h4>INSTALLATION RAPIDE ET FACILE<\/h4>\n<h3>La pose du puits de lumi\u00e8re s\u2019effectue en quelques \u00e9tapes<\/h3>\n<p>L\u2019installation d\u2019un conduit de lumi\u00e8re Solatube\u00ae peut s\u2019effectuer par un artisan ou m\u00eame un particulier bricoleur ! En quelques heures, le puits de lumi\u00e8re est pos\u00e9.<\/p>\n<h4>UNE INSTALLATION FACILIT\u00c9E\u00a0:<\/h4>\n<p>L\u2019installation se r\u00e9alise\u00a0facilement\u00a0gr\u00e2ce \u00e0\u00a0une\u00a0notice d\u2019installation d\u00e9taill\u00e9e.<\/p>\n<p>Vous pouvez r\u00e9aliser l\u2019installation par vous-m\u00eame ou par un artisan de votre choix.<\/p>\n<p>Sachez que les conduits de lumi\u00e8re naturelle Solatube\u00ae s\u2019installent sur tous les types de toiture : de la toiture avec une pente importante au toit-terrasse.<\/p>\n<p>De plus,\u00a0des options\u00a0permettent d\u2019ajouter d\u2019autres fonction aux puits de lumi\u00e8re Solatube\u00ae en associant l\u2019\u00e9clairage naturel avec l\u2019\u00e9clairage \u00e9lectrique gr\u00e2ce \u00e0 un kit lumi\u00e8re \u00e9lectrique ou avec la ventilation gr\u00e2ce au kit ventilation (uniquement pour le mod\u00e8le Solatube 160Ds).<\/p>\n<p>Pour finir, lorsque la pi\u00e8ce \u00e0 \u00e9clairer \u00ab situ\u00e9e au Nord \u00bb, on pr\u00e9f\u00e8rera positionner le d\u00f4me sur le \u00ab c\u00f4t\u00e9 sud \u00bb quitte \u00e0 avoir 1 m\u00e8tre de tube en plus.<\/p>\n<p>Les pertes dans le tube sont n\u00e9gligeables, mais une mauvaise collecte diminue jusqu\u2019\u00e0 40 % la lumi\u00e8re.<\/p>\n","protected":false},"excerpt":{"rendered":"<p>Le puits de lumi\u00e8re SOLATUBE, c&rsquo;est la qualit\u00e9 de la lumi\u00e8re naturelle dans votre maison pour \u00e9clairer les zones sombres.<\/p>\n<p>Son d\u00f4me est constitu\u00e9 de prismes captant \u00e0\u00a0360\u00b0\u00a0tous les rayons du soleil y compris ceux \u00e0 angles faibles.<\/p>\n<p>Le tube Solatube\u00ae a le <strong>meilleur coefficient<\/strong> de r\u00e9flexion au monde\u00a0: <strong>99.7%.<\/strong><\/p>\n","protected":false},"featured_media":1000000168926,"template":"","meta":[],"product_brand":[181],"product_cat":[2342,106],"product_tag":[],"class_list":{"0":"post-1319","1":"product","2":"type-product","3":"status-publish","4":"has-post-thumbnail","6":"product_brand-solatube","7":"product_cat-accessoires-construction","8":"product_cat-eclairage","9":"product_shipping_class-petit-equipement-outil-eclairage","11":"first","12":"onbackorder","13":"taxable","14":"shipping-taxable","15":"purchasable","16":"product-type-variable"},"yoast_head":"<!-- This site is optimized with the Yoast SEO plugin v27.5 - https:\/\/yoast.com\/product\/yoast-seo-wordpress\/ -->\n<title>SOLATUBE - Puits de lumi\u00e8re - Ma Cabane mat\u00e9riaux naturels<\/title>\n<meta name=\"description\" content=\"Le puits de lumi\u00e8re SOLATUBE, c&#039;est la qualit\u00e9 de la lumi\u00e8re naturelle dans votre maison pour \u00e9clairer les zones sombres.  Son d\u00f4me est constitu\u00e9 de prismes captant \u00e0\u00a0360\u00b0\u00a0tous les rayons du soleil y compris ceux \u00e0 angles faibles.  Le tube Solatube\u00ae a le meilleur coefficient de r\u00e9flexion au monde\u00a0: 99.7%.\" \/>\n<meta name=\"robots\" content=\"noindex, nofollow\" \/>\n<meta property=\"og:locale\" content=\"fr_FR\" \/>\n<meta property=\"og:type\" content=\"article\" \/>\n<meta property=\"og:title\" content=\"SOLATUBE - Puits de lumi\u00e8re - Ma Cabane mat\u00e9riaux naturels\" \/>\n<meta property=\"og:description\" content=\"Le puits de lumi\u00e8re SOLATUBE, c&#039;est la qualit\u00e9 de la lumi\u00e8re naturelle dans votre maison pour \u00e9clairer les zones sombres.  Son d\u00f4me est constitu\u00e9 de prismes captant \u00e0\u00a0360\u00b0\u00a0tous les rayons du soleil y compris ceux \u00e0 angles faibles.  Le tube Solatube\u00ae a le meilleur coefficient de r\u00e9flexion au monde\u00a0: 99.7%.\" \/>\n<meta property=\"og:url\" content=\"https:\/\/nature-et-developpement.com\/macabane-materiaux\/produit\/puits-de-lumiere-solatube\/\" \/>\n<meta property=\"og:site_name\" content=\"Ma Cabane mat\u00e9riaux naturels\" \/>\n<meta property=\"article:modified_time\" content=\"2025-10-23T17:35:56+00:00\" \/>\n<meta name=\"twitter:card\" content=\"summary_large_image\" \/>\n<meta name=\"twitter:label1\" content=\"Dur\u00e9e de lecture estim\u00e9e\" \/>\n\t<meta name=\"twitter:data1\" content=\"4 minutes\" \/>\n<script type=\"application\/ld+json\" class=\"yoast-schema-graph\">{\"@context\":\"https:\\\/\\\/schema.org\",\"@graph\":[{\"@type\":\"WebPage\",\"@id\":\"https:\\\/\\\/nature-et-developpement.com\\\/macabane-materiaux\\\/produit\\\/puits-de-lumiere-solatube\\\/\",\"url\":\"https:\\\/\\\/nature-et-developpement.com\\\/macabane-materiaux\\\/produit\\\/puits-de-lumiere-solatube\\\/\",\"name\":\"SOLATUBE - Puits de lumi\u00e8re - Ma Cabane mat\u00e9riaux naturels\",\"isPartOf\":{\"@id\":\"https:\\\/\\\/nature-et-developpement.com\\\/macabane-materiaux\\\/#website\"},\"primaryImageOfPage\":{\"@id\":\"https:\\\/\\\/nature-et-developpement.com\\\/macabane-materiaux\\\/produit\\\/puits-de-lumiere-solatube\\\/#primaryimage\"},\"image\":{\"@id\":\"https:\\\/\\\/nature-et-developpement.com\\\/macabane-materiaux\\\/produit\\\/puits-de-lumiere-solatube\\\/#primaryimage\"},\"thumbnailUrl\":\"https:\\\/\\\/nature-et-developpement.com\\\/macabane-materiaux\\\/wp-content\\\/uploads\\\/Puits-de-lumiere-SOLATUBE.jpg\",\"datePublished\":\"2017-06-23T10:07:31+00:00\",\"dateModified\":\"2025-10-23T17:35:56+00:00\",\"description\":\"Le puits de lumi\u00e8re SOLATUBE, c'est la qualit\u00e9 de la lumi\u00e8re naturelle dans votre maison pour \u00e9clairer les zones sombres. Son d\u00f4me est constitu\u00e9 de prismes captant \u00e0\u00a0360\u00b0\u00a0tous les rayons du soleil y compris ceux \u00e0 angles faibles. Le tube Solatube\u00ae a le meilleur coefficient de r\u00e9flexion au monde\u00a0: 99.7%.\",\"breadcrumb\":{\"@id\":\"https:\\\/\\\/nature-et-developpement.com\\\/macabane-materiaux\\\/produit\\\/puits-de-lumiere-solatube\\\/#breadcrumb\"},\"inLanguage\":\"fr-FR\",\"potentialAction\":[{\"@type\":\"ReadAction\",\"target\":[\"https:\\\/\\\/nature-et-developpement.com\\\/macabane-materiaux\\\/produit\\\/puits-de-lumiere-solatube\\\/\"]}]},{\"@type\":\"ImageObject\",\"inLanguage\":\"fr-FR\",\"@id\":\"https:\\\/\\\/nature-et-developpement.com\\\/macabane-materiaux\\\/produit\\\/puits-de-lumiere-solatube\\\/#primaryimage\",\"url\":\"https:\\\/\\\/nature-et-developpement.com\\\/macabane-materiaux\\\/wp-content\\\/uploads\\\/Puits-de-lumiere-SOLATUBE.jpg\",\"contentUrl\":\"https:\\\/\\\/nature-et-developpement.com\\\/macabane-materiaux\\\/wp-content\\\/uploads\\\/Puits-de-lumiere-SOLATUBE.jpg\"},{\"@type\":\"BreadcrumbList\",\"@id\":\"https:\\\/\\\/nature-et-developpement.com\\\/macabane-materiaux\\\/produit\\\/puits-de-lumiere-solatube\\\/#breadcrumb\",\"itemListElement\":[{\"@type\":\"ListItem\",\"position\":1,\"name\":\"Accueil\",\"item\":\"https:\\\/\\\/nature-et-developpement.com\\\/macabane-materiaux\\\/\"},{\"@type\":\"ListItem\",\"position\":2,\"name\":\"Boutique\",\"item\":\"https:\\\/\\\/nature-et-developpement.com\\\/macabane-materiaux\\\/boutique\\\/\"},{\"@type\":\"ListItem\",\"position\":3,\"name\":\"Construction, cloison et fen\u00eatres\",\"item\":\"https:\\\/\\\/nature-et-developpement.com\\\/macabane-materiaux\\\/produits\\\/construction\\\/\"},{\"@type\":\"ListItem\",\"position\":4,\"name\":\"Accessoires construction\",\"item\":\"https:\\\/\\\/nature-et-developpement.com\\\/macabane-materiaux\\\/produits\\\/construction\\\/accessoires-construction\\\/\"},{\"@type\":\"ListItem\",\"position\":5,\"name\":\"SOLATUBE &#8211; Puits de lumi\u00e8re\"}]},{\"@type\":\"WebSite\",\"@id\":\"https:\\\/\\\/nature-et-developpement.com\\\/macabane-materiaux\\\/#website\",\"url\":\"https:\\\/\\\/nature-et-developpement.com\\\/macabane-materiaux\\\/\",\"name\":\"Ma Cabane mat\u00e9riaux naturels\",\"description\":\"Ma Cabane est membre du groupement Nature &amp; D\u00e9veloppement\",\"potentialAction\":[{\"@type\":\"SearchAction\",\"target\":{\"@type\":\"EntryPoint\",\"urlTemplate\":\"https:\\\/\\\/nature-et-developpement.com\\\/macabane-materiaux\\\/?s={search_term_string}\"},\"query-input\":{\"@type\":\"PropertyValueSpecification\",\"valueRequired\":true,\"valueName\":\"search_term_string\"}}],\"inLanguage\":\"fr-FR\"}]}<\/script>\n<!-- \/ Yoast SEO plugin. -->","yoast_head_json":{"title":"SOLATUBE - Puits de lumi\u00e8re - Ma Cabane mat\u00e9riaux naturels","description":"Le puits de lumi\u00e8re SOLATUBE, c'est la qualit\u00e9 de la lumi\u00e8re naturelle dans votre maison pour \u00e9clairer les zones sombres.  Son d\u00f4me est constitu\u00e9 de prismes captant \u00e0\u00a0360\u00b0\u00a0tous les rayons du soleil y compris ceux \u00e0 angles faibles.  Le tube Solatube\u00ae a le meilleur coefficient de r\u00e9flexion au monde\u00a0: 99.7%.","robots":{"index":"noindex","follow":"nofollow"},"og_locale":"fr_FR","og_type":"article","og_title":"SOLATUBE - Puits de lumi\u00e8re - Ma Cabane mat\u00e9riaux naturels","og_description":"Le puits de lumi\u00e8re SOLATUBE, c'est la qualit\u00e9 de la lumi\u00e8re naturelle dans votre maison pour \u00e9clairer les zones sombres.  Son d\u00f4me est constitu\u00e9 de prismes captant \u00e0\u00a0360\u00b0\u00a0tous les rayons du soleil y compris ceux \u00e0 angles faibles.  Le tube Solatube\u00ae a le meilleur coefficient de r\u00e9flexion au monde\u00a0: 99.7%.","og_url":"https:\/\/nature-et-developpement.com\/macabane-materiaux\/produit\/puits-de-lumiere-solatube\/","og_site_name":"Ma Cabane mat\u00e9riaux naturels","article_modified_time":"2025-10-23T17:35:56+00:00","twitter_card":"summary_large_image","twitter_misc":{"Dur\u00e9e de lecture estim\u00e9e":"4 minutes"},"schema":{"@context":"https:\/\/schema.org","@graph":[{"@type":"WebPage","@id":"https:\/\/nature-et-developpement.com\/macabane-materiaux\/produit\/puits-de-lumiere-solatube\/","url":"https:\/\/nature-et-developpement.com\/macabane-materiaux\/produit\/puits-de-lumiere-solatube\/","name":"SOLATUBE - Puits de lumi\u00e8re - Ma Cabane mat\u00e9riaux naturels","isPartOf":{"@id":"https:\/\/nature-et-developpement.com\/macabane-materiaux\/#website"},"primaryImageOfPage":{"@id":"https:\/\/nature-et-developpement.com\/macabane-materiaux\/produit\/puits-de-lumiere-solatube\/#primaryimage"},"image":{"@id":"https:\/\/nature-et-developpement.com\/macabane-materiaux\/produit\/puits-de-lumiere-solatube\/#primaryimage"},"thumbnailUrl":"https:\/\/nature-et-developpement.com\/macabane-materiaux\/wp-content\/uploads\/Puits-de-lumiere-SOLATUBE.jpg","datePublished":"2017-06-23T10:07:31+00:00","dateModified":"2025-10-23T17:35:56+00:00","description":"Le puits de lumi\u00e8re SOLATUBE, c'est la qualit\u00e9 de la lumi\u00e8re naturelle dans votre maison pour \u00e9clairer les zones sombres. Son d\u00f4me est constitu\u00e9 de prismes captant \u00e0\u00a0360\u00b0\u00a0tous les rayons du soleil y compris ceux \u00e0 angles faibles. Le tube Solatube\u00ae a le meilleur coefficient de r\u00e9flexion au monde\u00a0: 99.7%.","breadcrumb":{"@id":"https:\/\/nature-et-developpement.com\/macabane-materiaux\/produit\/puits-de-lumiere-solatube\/#breadcrumb"},"inLanguage":"fr-FR","potentialAction":[{"@type":"ReadAction","target":["https:\/\/nature-et-developpement.com\/macabane-materiaux\/produit\/puits-de-lumiere-solatube\/"]}]},{"@type":"ImageObject","inLanguage":"fr-FR","@id":"https:\/\/nature-et-developpement.com\/macabane-materiaux\/produit\/puits-de-lumiere-solatube\/#primaryimage","url":"https:\/\/nature-et-developpement.com\/macabane-materiaux\/wp-content\/uploads\/Puits-de-lumiere-SOLATUBE.jpg","contentUrl":"https:\/\/nature-et-developpement.com\/macabane-materiaux\/wp-content\/uploads\/Puits-de-lumiere-SOLATUBE.jpg"},{"@type":"BreadcrumbList","@id":"https:\/\/nature-et-developpement.com\/macabane-materiaux\/produit\/puits-de-lumiere-solatube\/#breadcrumb","itemListElement":[{"@type":"ListItem","position":1,"name":"Accueil","item":"https:\/\/nature-et-developpement.com\/macabane-materiaux\/"},{"@type":"ListItem","position":2,"name":"Boutique","item":"https:\/\/nature-et-developpement.com\/macabane-materiaux\/boutique\/"},{"@type":"ListItem","position":3,"name":"Construction, cloison et fen\u00eatres","item":"https:\/\/nature-et-developpement.com\/macabane-materiaux\/produits\/construction\/"},{"@type":"ListItem","position":4,"name":"Accessoires construction","item":"https:\/\/nature-et-developpement.com\/macabane-materiaux\/produits\/construction\/accessoires-construction\/"},{"@type":"ListItem","position":5,"name":"SOLATUBE &#8211; Puits de lumi\u00e8re"}]},{"@type":"WebSite","@id":"https:\/\/nature-et-developpement.com\/macabane-materiaux\/#website","url":"https:\/\/nature-et-developpement.com\/macabane-materiaux\/","name":"Ma Cabane mat\u00e9riaux naturels","description":"Ma Cabane est membre du groupement Nature &amp; D\u00e9veloppement","potentialAction":[{"@type":"SearchAction","target":{"@type":"EntryPoint","urlTemplate":"https:\/\/nature-et-developpement.com\/macabane-materiaux\/?s={search_term_string}"},"query-input":{"@type":"PropertyValueSpecification","valueRequired":true,"valueName":"search_term_string"}}],"inLanguage":"fr-FR"}]}},"distributor_meta":false,"distributor_terms":false,"distributor_media":false,"distributor_original_site_name":"Ma Cabane mat\u00e9riaux naturels","distributor_original_site_url":"https:\/\/nature-et-developpement.com\/macabane-materiaux","push-errors":false,"_links":{"self":[{"href":"https:\/\/nature-et-developpement.com\/macabane-materiaux\/wp-json\/wp\/v2\/product\/1319","targetHints":{"allow":["GET"]}}],"collection":[{"href":"https:\/\/nature-et-developpement.com\/macabane-materiaux\/wp-json\/wp\/v2\/product"}],"about":[{"href":"https:\/\/nature-et-developpement.com\/macabane-materiaux\/wp-json\/wp\/v2\/types\/product"}],"wp:featuredmedia":[{"embeddable":true,"href":"https:\/\/nature-et-developpement.com\/macabane-materiaux\/wp-json\/"}],"wp:attachment":[{"href":"https:\/\/nature-et-developpement.com\/macabane-materiaux\/wp-json\/wp\/v2\/media?parent=1319"}],"wp:term":[{"taxonomy":"product_brand","embeddable":true,"href":"https:\/\/nature-et-developpement.com\/macabane-materiaux\/wp-json\/wp\/v2\/product_brand?post=1319"},{"taxonomy":"product_cat","embeddable":true,"href":"https:\/\/nature-et-developpement.com\/macabane-materiaux\/wp-json\/wp\/v2\/product_cat?post=1319"},{"taxonomy":"product_tag","embeddable":true,"href":"https:\/\/nature-et-developpement.com\/macabane-materiaux\/wp-json\/wp\/v2\/product_tag?post=1319"}],"curies":[{"name":"wp","href":"https:\/\/api.w.org\/{rel}","templated":true}]}}