{"id":1326,"date":"2024-01-01T00:00:00","date_gmt":"2023-12-31T23:00:00","guid":{"rendered":"https:\/\/nature-et-developpement.com\/macabane-materiaux\/produit\/gel-fixateur\/"},"modified":"2025-06-17T15:23:24","modified_gmt":"2025-06-17T13:23:24","slug":"gel-fixateur","status":"publish","type":"product","link":"https:\/\/nature-et-developpement.com\/macabane-materiaux\/produit\/gel-fixateur\/","title":{"rendered":"Gel fixateur naturel pour badigeon et enduit chaux ou terre Pozzo Nuovo"},"content":{"rendered":"<h2>Gel fixateur naturel pour badigeon et enduit chaux ou terre<\/h2>\n<p>Ce produit est destin\u00e9 \u00e0 fixer par min\u00e9ralisation les badigeons et enduits \u00e0 la chaux dont la surface \u00ab poudre \u00bb, on parle \u00e9galement de \u00ab farinage \u00bb. Il peut \u00e9galement \u00eatre appliqu\u00e9 sur les badigeons et des enduits \u00e0 la terre dans le m\u00eame objectif.<\/p>\n<h3>Double usage :<\/h3>\n<p>Premi\u00e8rement, il agit comme un <b>fixateur<\/b> sur les <b>badigeons et enduits \u00e0 la chaux<\/b> dont la surface \u00ab <b>poudre<\/b> \u00bb, on parle \u00e9galement de \u00ab farinage \u00bb.<\/p>\n<p><em>Il peut \u00e9galement \u00eatre appliqu\u00e9 sur les <b>enduits \u00e0 la terre<\/b> dans le m\u00eame objectif.<\/em><\/p>\n<p>Deuxi\u00e8mement, il permet, m\u00e9lang\u00e9 \u00e0 3% de pigments (maximum), de <b>rehausser<\/b> franchement <b>la couleur d\u2019un badigeon<\/b> et de r\u00e9aliser des <b>patines<\/b>.<\/p>\n<h4>Important :<\/h4>\n<p>&#8211; il ne change pas l\u2019aspect du support, reste mat et microporeux : la perspiration du support est maintenue.<br \/>\n&#8211; il ne contient pas de cire : il est donc possible de le recouvrir par un nouveau badigeon ou un nouvel enduit \u00e0 la chaux.<br \/>\n&#8211; ce n\u2019est pas un produit hydrofuge cependant il autorise le lavage \u00ab l\u00e9ger \u00bb des badigeons et des enduits \u00e0 la chaux sans risque de d\u00e9t\u00e9rioration et sans laisser de traces.<br \/>\n&#8211; utilis\u00e9 en ext\u00e9rieur : il limite l\u2019apparition des traces d\u2019eau de ruiss\u00e8lement sur les fa\u00e7ades.<\/p>\n<h4>En int\u00e9rieur\u00a0:<\/h4>\n<p>Fixe les\u00a0badigeons,\u00a0enduits \u00e0 la chaux\u00a0et\u00a0enduits \u00e0 la terre.<\/p>\n<h4>En ext\u00e9rieur\u00a0:<\/h4>\n<p>Limite l\u2019apparition des traces d\u2019eau de ruiss\u00e8lement sur les fa\u00e7ades.<\/p>\n<h4>CONSEILS D\u2019APPLICATION:<\/h4>\n<ol>\n<li>Bien remuer le produit avant emploi, ne pas diluer.<\/li>\n<li>Ne pas appliquer en dessous de 10\u00b0C.<\/li>\n<li>Sur fond sec, exempt de taches, appliquer en 1 ou 2 couches \u00e0 l\u2019aide d\u2019un rouleau \u00e0 poils courts.<\/li>\n<li>Pour la r\u00e9alisation d\u2019une patine, m\u00e9langez au gel fixateur 3% de pigments maximum, pr\u00e9alablement mouill\u00e9s, et appliquer \u00e0 l\u2019aide d\u2019un rouleau \u00e0 poils courts.<\/li>\n<\/ol>\n<h4>CONSOMMATION:<\/h4>\n<p>Environ 10 \u00e0 12m\u00b2 par litre suivant la porosit\u00e9 du support.<\/p>\n","protected":false},"excerpt":{"rendered":"<p>Le gel fixateur Pozzo Nuovo est le fruit de plusieurs ann\u00e9es de recherche.<\/p>\n<p>Il est pr\u00eat \u00e0 l&#8217;emploi, en gel et 100% naturel.<\/p>\n","protected":false},"featured_media":1000000104337,"template":"","meta":[],"product_brand":[3070],"product_cat":[85,96,117,93],"product_tag":[2697],"class_list":{"0":"post-1326","1":"product","2":"type-product","3":"status-publish","4":"has-post-thumbnail","6":"product_brand-pozzo-nuovo-enduit-chaux-en-pate","7":"product_cat-accessoires-peinture-et-enduit","8":"product_cat-adjuvants","9":"product_cat-droguerie","10":"product_cat-preparation-du-support","11":"product_tag-chaux","12":"product_shipping_class-petit-equipement-outil-eclairage","14":"first","15":"instock","16":"taxable","17":"shipping-taxable","18":"purchasable","19":"product-type-variable"},"yoast_head":"<!-- This site is optimized with the Yoast SEO plugin v27.5 - https:\/\/yoast.com\/product\/yoast-seo-wordpress\/ -->\n<title>Gel fixateur naturel pour badigeon et enduit chaux ou terre Pozzo Nuovo - Ma Cabane mat\u00e9riaux naturels<\/title>\n<meta name=\"description\" content=\"Le gel fixateur Pozzo Nuovo est le fruit de plusieurs ann\u00e9es de recherche.  Il est pr\u00eat \u00e0 l&#039;emploi, en gel et 100% naturel.\" \/>\n<meta name=\"robots\" content=\"noindex, follow\" \/>\n<meta property=\"og:locale\" content=\"fr_FR\" \/>\n<meta property=\"og:type\" content=\"article\" \/>\n<meta property=\"og:title\" content=\"Gel fixateur naturel pour badigeon et enduit chaux ou terre Pozzo Nuovo - Ma Cabane mat\u00e9riaux naturels\" \/>\n<meta property=\"og:description\" content=\"Le gel fixateur Pozzo Nuovo est le fruit de plusieurs ann\u00e9es de recherche.  Il est pr\u00eat \u00e0 l&#039;emploi, en gel et 100% naturel.\" \/>\n<meta property=\"og:url\" content=\"https:\/\/nature-et-developpement.com\/macabane-materiaux\/produit\/gel-fixateur\/\" \/>\n<meta property=\"og:site_name\" content=\"Ma Cabane mat\u00e9riaux naturels\" \/>\n<meta property=\"article:modified_time\" content=\"2025-06-17T13:23:24+00:00\" \/>\n<meta name=\"twitter:card\" content=\"summary_large_image\" \/>\n<meta name=\"twitter:label1\" content=\"Dur\u00e9e de lecture estim\u00e9e\" \/>\n\t<meta name=\"twitter:data1\" content=\"2 minutes\" \/>\n<script type=\"application\/ld+json\" class=\"yoast-schema-graph\">{\"@context\":\"https:\\\/\\\/schema.org\",\"@graph\":[{\"@type\":\"WebPage\",\"@id\":\"https:\\\/\\\/nature-et-developpement.com\\\/macabane-materiaux\\\/produit\\\/gel-fixateur\\\/\",\"url\":\"https:\\\/\\\/nature-et-developpement.com\\\/macabane-materiaux\\\/produit\\\/gel-fixateur\\\/\",\"name\":\"Gel fixateur naturel pour badigeon et enduit chaux ou terre Pozzo Nuovo - Ma Cabane mat\u00e9riaux naturels\",\"isPartOf\":{\"@id\":\"https:\\\/\\\/nature-et-developpement.com\\\/macabane-materiaux\\\/#website\"},\"primaryImageOfPage\":{\"@id\":\"https:\\\/\\\/nature-et-developpement.com\\\/macabane-materiaux\\\/produit\\\/gel-fixateur\\\/#primaryimage\"},\"image\":{\"@id\":\"https:\\\/\\\/nature-et-developpement.com\\\/macabane-materiaux\\\/produit\\\/gel-fixateur\\\/#primaryimage\"},\"thumbnailUrl\":\"https:\\\/\\\/nature-et-developpement.com\\\/macabane-materiaux\\\/wp-content\\\/uploads\\\/29887-Gel-fixateur-Pozzo-Nuovo.jpg\",\"datePublished\":\"2023-12-31T23:00:00+00:00\",\"dateModified\":\"2025-06-17T13:23:24+00:00\",\"description\":\"Le gel fixateur Pozzo Nuovo est le fruit de plusieurs ann\u00e9es de recherche. Il est pr\u00eat \u00e0 l'emploi, en gel et 100% naturel.\",\"breadcrumb\":{\"@id\":\"https:\\\/\\\/nature-et-developpement.com\\\/macabane-materiaux\\\/produit\\\/gel-fixateur\\\/#breadcrumb\"},\"inLanguage\":\"fr-FR\",\"potentialAction\":[{\"@type\":\"ReadAction\",\"target\":[\"https:\\\/\\\/nature-et-developpement.com\\\/macabane-materiaux\\\/produit\\\/gel-fixateur\\\/\"]}]},{\"@type\":\"ImageObject\",\"inLanguage\":\"fr-FR\",\"@id\":\"https:\\\/\\\/nature-et-developpement.com\\\/macabane-materiaux\\\/produit\\\/gel-fixateur\\\/#primaryimage\",\"url\":\"https:\\\/\\\/nature-et-developpement.com\\\/macabane-materiaux\\\/wp-content\\\/uploads\\\/29887-Gel-fixateur-Pozzo-Nuovo.jpg\",\"contentUrl\":\"https:\\\/\\\/nature-et-developpement.com\\\/macabane-materiaux\\\/wp-content\\\/uploads\\\/29887-Gel-fixateur-Pozzo-Nuovo.jpg\"},{\"@type\":\"BreadcrumbList\",\"@id\":\"https:\\\/\\\/nature-et-developpement.com\\\/macabane-materiaux\\\/produit\\\/gel-fixateur\\\/#breadcrumb\",\"itemListElement\":[{\"@type\":\"ListItem\",\"position\":1,\"name\":\"Accueil\",\"item\":\"https:\\\/\\\/nature-et-developpement.com\\\/macabane-materiaux\\\/\"},{\"@type\":\"ListItem\",\"position\":2,\"name\":\"Boutique\",\"item\":\"https:\\\/\\\/nature-et-developpement.com\\\/macabane-materiaux\\\/boutique\\\/\"},{\"@type\":\"ListItem\",\"position\":3,\"name\":\"Peinture, pigment et enduit\",\"item\":\"https:\\\/\\\/nature-et-developpement.com\\\/macabane-materiaux\\\/produits\\\/peinture-et-enduit\\\/\"},{\"@type\":\"ListItem\",\"position\":4,\"name\":\"Pr\u00e9paration du support\",\"item\":\"https:\\\/\\\/nature-et-developpement.com\\\/macabane-materiaux\\\/produits\\\/peinture-et-enduit\\\/preparation-du-support\\\/\"},{\"@type\":\"ListItem\",\"position\":5,\"name\":\"Gel fixateur naturel pour badigeon et enduit chaux ou terre Pozzo Nuovo\"}]},{\"@type\":\"WebSite\",\"@id\":\"https:\\\/\\\/nature-et-developpement.com\\\/macabane-materiaux\\\/#website\",\"url\":\"https:\\\/\\\/nature-et-developpement.com\\\/macabane-materiaux\\\/\",\"name\":\"Ma Cabane mat\u00e9riaux naturels\",\"description\":\"Ma Cabane est membre du groupement Nature &amp; D\u00e9veloppement\",\"potentialAction\":[{\"@type\":\"SearchAction\",\"target\":{\"@type\":\"EntryPoint\",\"urlTemplate\":\"https:\\\/\\\/nature-et-developpement.com\\\/macabane-materiaux\\\/?s={search_term_string}\"},\"query-input\":{\"@type\":\"PropertyValueSpecification\",\"valueRequired\":true,\"valueName\":\"search_term_string\"}}],\"inLanguage\":\"fr-FR\"}]}<\/script>\n<!-- \/ Yoast SEO plugin. -->","yoast_head_json":{"title":"Gel fixateur naturel pour badigeon et enduit chaux ou terre Pozzo Nuovo - Ma Cabane mat\u00e9riaux naturels","description":"Le gel fixateur Pozzo Nuovo est le fruit de plusieurs ann\u00e9es de recherche.  Il est pr\u00eat \u00e0 l'emploi, en gel et 100% naturel.","robots":{"index":"noindex","follow":"follow"},"og_locale":"fr_FR","og_type":"article","og_title":"Gel fixateur naturel pour badigeon et enduit chaux ou terre Pozzo Nuovo - Ma Cabane mat\u00e9riaux naturels","og_description":"Le gel fixateur Pozzo Nuovo est le fruit de plusieurs ann\u00e9es de recherche.  Il est pr\u00eat \u00e0 l'emploi, en gel et 100% naturel.","og_url":"https:\/\/nature-et-developpement.com\/macabane-materiaux\/produit\/gel-fixateur\/","og_site_name":"Ma Cabane mat\u00e9riaux naturels","article_modified_time":"2025-06-17T13:23:24+00:00","twitter_card":"summary_large_image","twitter_misc":{"Dur\u00e9e de lecture estim\u00e9e":"2 minutes"},"schema":{"@context":"https:\/\/schema.org","@graph":[{"@type":"WebPage","@id":"https:\/\/nature-et-developpement.com\/macabane-materiaux\/produit\/gel-fixateur\/","url":"https:\/\/nature-et-developpement.com\/macabane-materiaux\/produit\/gel-fixateur\/","name":"Gel fixateur naturel pour badigeon et enduit chaux ou terre Pozzo Nuovo - Ma Cabane mat\u00e9riaux naturels","isPartOf":{"@id":"https:\/\/nature-et-developpement.com\/macabane-materiaux\/#website"},"primaryImageOfPage":{"@id":"https:\/\/nature-et-developpement.com\/macabane-materiaux\/produit\/gel-fixateur\/#primaryimage"},"image":{"@id":"https:\/\/nature-et-developpement.com\/macabane-materiaux\/produit\/gel-fixateur\/#primaryimage"},"thumbnailUrl":"https:\/\/nature-et-developpement.com\/macabane-materiaux\/wp-content\/uploads\/29887-Gel-fixateur-Pozzo-Nuovo.jpg","datePublished":"2023-12-31T23:00:00+00:00","dateModified":"2025-06-17T13:23:24+00:00","description":"Le gel fixateur Pozzo Nuovo est le fruit de plusieurs ann\u00e9es de recherche. Il est pr\u00eat \u00e0 l'emploi, en gel et 100% naturel.","breadcrumb":{"@id":"https:\/\/nature-et-developpement.com\/macabane-materiaux\/produit\/gel-fixateur\/#breadcrumb"},"inLanguage":"fr-FR","potentialAction":[{"@type":"ReadAction","target":["https:\/\/nature-et-developpement.com\/macabane-materiaux\/produit\/gel-fixateur\/"]}]},{"@type":"ImageObject","inLanguage":"fr-FR","@id":"https:\/\/nature-et-developpement.com\/macabane-materiaux\/produit\/gel-fixateur\/#primaryimage","url":"https:\/\/nature-et-developpement.com\/macabane-materiaux\/wp-content\/uploads\/29887-Gel-fixateur-Pozzo-Nuovo.jpg","contentUrl":"https:\/\/nature-et-developpement.com\/macabane-materiaux\/wp-content\/uploads\/29887-Gel-fixateur-Pozzo-Nuovo.jpg"},{"@type":"BreadcrumbList","@id":"https:\/\/nature-et-developpement.com\/macabane-materiaux\/produit\/gel-fixateur\/#breadcrumb","itemListElement":[{"@type":"ListItem","position":1,"name":"Accueil","item":"https:\/\/nature-et-developpement.com\/macabane-materiaux\/"},{"@type":"ListItem","position":2,"name":"Boutique","item":"https:\/\/nature-et-developpement.com\/macabane-materiaux\/boutique\/"},{"@type":"ListItem","position":3,"name":"Peinture, pigment et enduit","item":"https:\/\/nature-et-developpement.com\/macabane-materiaux\/produits\/peinture-et-enduit\/"},{"@type":"ListItem","position":4,"name":"Pr\u00e9paration du support","item":"https:\/\/nature-et-developpement.com\/macabane-materiaux\/produits\/peinture-et-enduit\/preparation-du-support\/"},{"@type":"ListItem","position":5,"name":"Gel fixateur naturel pour badigeon et enduit chaux ou terre Pozzo Nuovo"}]},{"@type":"WebSite","@id":"https:\/\/nature-et-developpement.com\/macabane-materiaux\/#website","url":"https:\/\/nature-et-developpement.com\/macabane-materiaux\/","name":"Ma Cabane mat\u00e9riaux naturels","description":"Ma Cabane est membre du groupement Nature &amp; D\u00e9veloppement","potentialAction":[{"@type":"SearchAction","target":{"@type":"EntryPoint","urlTemplate":"https:\/\/nature-et-developpement.com\/macabane-materiaux\/?s={search_term_string}"},"query-input":{"@type":"PropertyValueSpecification","valueRequired":true,"valueName":"search_term_string"}}],"inLanguage":"fr-FR"}]}},"distributor_meta":false,"distributor_terms":false,"distributor_media":false,"distributor_original_site_name":"Ma Cabane mat\u00e9riaux naturels","distributor_original_site_url":"https:\/\/nature-et-developpement.com\/macabane-materiaux","push-errors":false,"_links":{"self":[{"href":"https:\/\/nature-et-developpement.com\/macabane-materiaux\/wp-json\/wp\/v2\/product\/1326","targetHints":{"allow":["GET"]}}],"collection":[{"href":"https:\/\/nature-et-developpement.com\/macabane-materiaux\/wp-json\/wp\/v2\/product"}],"about":[{"href":"https:\/\/nature-et-developpement.com\/macabane-materiaux\/wp-json\/wp\/v2\/types\/product"}],"wp:featuredmedia":[{"embeddable":true,"href":"https:\/\/nature-et-developpement.com\/macabane-materiaux\/wp-json\/"}],"wp:attachment":[{"href":"https:\/\/nature-et-developpement.com\/macabane-materiaux\/wp-json\/wp\/v2\/media?parent=1326"}],"wp:term":[{"taxonomy":"product_brand","embeddable":true,"href":"https:\/\/nature-et-developpement.com\/macabane-materiaux\/wp-json\/wp\/v2\/product_brand?post=1326"},{"taxonomy":"product_cat","embeddable":true,"href":"https:\/\/nature-et-developpement.com\/macabane-materiaux\/wp-json\/wp\/v2\/product_cat?post=1326"},{"taxonomy":"product_tag","embeddable":true,"href":"https:\/\/nature-et-developpement.com\/macabane-materiaux\/wp-json\/wp\/v2\/product_tag?post=1326"}],"curies":[{"name":"wp","href":"https:\/\/api.w.org\/{rel}","templated":true}]}}