{"id":13352,"date":"2017-06-23T12:12:54","date_gmt":"2017-06-23T10:12:54","guid":{"rendered":"https:\/\/nature-et-developpement.com\/macabane-materiaux\/produit\/pierre-de-bourgogne\/"},"modified":"2025-06-17T15:25:22","modified_gmt":"2025-06-17T13:25:22","slug":"pierre-de-bourgogne","status":"publish","type":"product","link":"https:\/\/nature-et-developpement.com\/macabane-materiaux\/produit\/pierre-de-bourgogne\/","title":{"rendered":"Pierre de Bourgogne"},"content":{"rendered":"<h2>\u00a0Pour sols int\u00e9rieurs ou ext\u00e9rieurs:<\/h2>\n<p><strong>Deux formats disponibles<\/strong><\/p>\n<p>Dallage type Massangis Beige Clair:<\/p>\n<p>Compos\u00e9 de 3 formats (20x20cm ; 40x40cm ; 40x60cm), ce dallage se pose selon la technique de l&rsquo;opus romain.<\/p>\n<p>Epaisseur: 15mm<\/p>\n<p>ou<\/p>\n<p>Dallage carr\u00e9:<\/p>\n<p>Carreau de 20 x 20 cm, et d&rsquo;\u00e9paisseur 2cm<\/p>\n<p>Nous disposons en\u00a0magasin de pr\u00e9sentoirs afin de voir les produits autrement que sur un \u00e9cran.<\/p>\n","protected":false},"excerpt":{"rendered":"<p>La pierre de Bourgogne est une pierre calcaire pr\u00e9sentant des teintes et textures diff\u00e9rentes.<br \/>\nC&rsquo;est un mat\u00e9riau noble qui s&rsquo;int\u00e9grera en int\u00e9rieur comme en ext\u00e9rieur.<\/p>\n","protected":false},"featured_media":1000000167641,"template":"","meta":[],"product_brand":[2514],"product_cat":[73,100],"product_tag":[],"class_list":{"0":"post-13352","1":"product","2":"type-product","3":"status-publish","4":"has-post-thumbnail","6":"product_brand-produit-logisain","7":"product_cat-demande-de-devis-uniquement-sans-prix","8":"product_cat-tomette-beton-cire-pierre-naturelle","9":"product_shipping_class-impact-transport-important","11":"first","12":"instock","13":"taxable","14":"shipping-taxable","15":"purchasable","16":"product-type-variable"},"yoast_head":"<!-- This site is optimized with the Yoast SEO plugin v27.5 - https:\/\/yoast.com\/product\/yoast-seo-wordpress\/ -->\n<title>Pierre de Bourgogne - Ma Cabane mat\u00e9riaux naturels<\/title>\n<meta name=\"description\" content=\"La pierre de Bourgogne est une pierre calcaire pr\u00e9sentant des teintes et textures diff\u00e9rentes. C&#039;est un mat\u00e9riau noble qui s&#039;int\u00e9grera en int\u00e9rieur comme en ext\u00e9rieur.\" \/>\n<meta name=\"robots\" content=\"noindex, follow\" \/>\n<meta property=\"og:locale\" content=\"fr_FR\" \/>\n<meta property=\"og:type\" content=\"article\" \/>\n<meta property=\"og:title\" content=\"Pierre de Bourgogne - Ma Cabane mat\u00e9riaux naturels\" \/>\n<meta property=\"og:description\" content=\"La pierre de Bourgogne est une pierre calcaire pr\u00e9sentant des teintes et textures diff\u00e9rentes. C&#039;est un mat\u00e9riau noble qui s&#039;int\u00e9grera en int\u00e9rieur comme en ext\u00e9rieur.\" \/>\n<meta property=\"og:url\" content=\"https:\/\/nature-et-developpement.com\/macabane-materiaux\/produit\/pierre-de-bourgogne\/\" \/>\n<meta property=\"og:site_name\" content=\"Ma Cabane mat\u00e9riaux naturels\" \/>\n<meta property=\"article:modified_time\" content=\"2025-06-17T13:25:22+00:00\" \/>\n<meta name=\"twitter:card\" content=\"summary_large_image\" \/>\n<meta name=\"twitter:label1\" content=\"Dur\u00e9e de lecture estim\u00e9e\" \/>\n\t<meta name=\"twitter:data1\" content=\"1 minute\" \/>\n<script type=\"application\/ld+json\" class=\"yoast-schema-graph\">{\"@context\":\"https:\\\/\\\/schema.org\",\"@graph\":[{\"@type\":\"WebPage\",\"@id\":\"https:\\\/\\\/nature-et-developpement.com\\\/macabane-materiaux\\\/produit\\\/pierre-de-bourgogne\\\/\",\"url\":\"https:\\\/\\\/nature-et-developpement.com\\\/macabane-materiaux\\\/produit\\\/pierre-de-bourgogne\\\/\",\"name\":\"Pierre de Bourgogne - Ma Cabane mat\u00e9riaux naturels\",\"isPartOf\":{\"@id\":\"https:\\\/\\\/nature-et-developpement.com\\\/macabane-materiaux\\\/#website\"},\"primaryImageOfPage\":{\"@id\":\"https:\\\/\\\/nature-et-developpement.com\\\/macabane-materiaux\\\/produit\\\/pierre-de-bourgogne\\\/#primaryimage\"},\"image\":{\"@id\":\"https:\\\/\\\/nature-et-developpement.com\\\/macabane-materiaux\\\/produit\\\/pierre-de-bourgogne\\\/#primaryimage\"},\"thumbnailUrl\":\"https:\\\/\\\/nature-et-developpement.com\\\/macabane-materiaux\\\/wp-content\\\/uploads\\\/Pierre-de-Bourgogne.jpg\",\"datePublished\":\"2017-06-23T10:12:54+00:00\",\"dateModified\":\"2025-06-17T13:25:22+00:00\",\"description\":\"La pierre de Bourgogne est une pierre calcaire pr\u00e9sentant des teintes et textures diff\u00e9rentes. C'est un mat\u00e9riau noble qui s'int\u00e9grera en int\u00e9rieur comme en ext\u00e9rieur.\",\"breadcrumb\":{\"@id\":\"https:\\\/\\\/nature-et-developpement.com\\\/macabane-materiaux\\\/produit\\\/pierre-de-bourgogne\\\/#breadcrumb\"},\"inLanguage\":\"fr-FR\",\"potentialAction\":[{\"@type\":\"ReadAction\",\"target\":[\"https:\\\/\\\/nature-et-developpement.com\\\/macabane-materiaux\\\/produit\\\/pierre-de-bourgogne\\\/\"]}]},{\"@type\":\"ImageObject\",\"inLanguage\":\"fr-FR\",\"@id\":\"https:\\\/\\\/nature-et-developpement.com\\\/macabane-materiaux\\\/produit\\\/pierre-de-bourgogne\\\/#primaryimage\",\"url\":\"https:\\\/\\\/nature-et-developpement.com\\\/macabane-materiaux\\\/wp-content\\\/uploads\\\/Pierre-de-Bourgogne.jpg\",\"contentUrl\":\"https:\\\/\\\/nature-et-developpement.com\\\/macabane-materiaux\\\/wp-content\\\/uploads\\\/Pierre-de-Bourgogne.jpg\"},{\"@type\":\"BreadcrumbList\",\"@id\":\"https:\\\/\\\/nature-et-developpement.com\\\/macabane-materiaux\\\/produit\\\/pierre-de-bourgogne\\\/#breadcrumb\",\"itemListElement\":[{\"@type\":\"ListItem\",\"position\":1,\"name\":\"Accueil\",\"item\":\"https:\\\/\\\/nature-et-developpement.com\\\/macabane-materiaux\\\/\"},{\"@type\":\"ListItem\",\"position\":2,\"name\":\"Boutique\",\"item\":\"https:\\\/\\\/nature-et-developpement.com\\\/macabane-materiaux\\\/boutique\\\/\"},{\"@type\":\"ListItem\",\"position\":3,\"name\":\"Parquets bois, stratifi\u00e9s et li\u00e8ge\",\"item\":\"https:\\\/\\\/nature-et-developpement.com\\\/macabane-materiaux\\\/produits\\\/parquet-et-sol-naturels\\\/\"},{\"@type\":\"ListItem\",\"position\":4,\"name\":\"Tomette, b\u00e9ton cir\u00e9 et pierre naturelle\",\"item\":\"https:\\\/\\\/nature-et-developpement.com\\\/macabane-materiaux\\\/produits\\\/parquet-et-sol-naturels\\\/tomette-beton-cire-pierre-naturelle\\\/\"},{\"@type\":\"ListItem\",\"position\":5,\"name\":\"Pierre de Bourgogne\"}]},{\"@type\":\"WebSite\",\"@id\":\"https:\\\/\\\/nature-et-developpement.com\\\/macabane-materiaux\\\/#website\",\"url\":\"https:\\\/\\\/nature-et-developpement.com\\\/macabane-materiaux\\\/\",\"name\":\"Ma Cabane mat\u00e9riaux naturels\",\"description\":\"Ma Cabane est membre du groupement Nature &amp; D\u00e9veloppement\",\"potentialAction\":[{\"@type\":\"SearchAction\",\"target\":{\"@type\":\"EntryPoint\",\"urlTemplate\":\"https:\\\/\\\/nature-et-developpement.com\\\/macabane-materiaux\\\/?s={search_term_string}\"},\"query-input\":{\"@type\":\"PropertyValueSpecification\",\"valueRequired\":true,\"valueName\":\"search_term_string\"}}],\"inLanguage\":\"fr-FR\"}]}<\/script>\n<!-- \/ Yoast SEO plugin. -->","yoast_head_json":{"title":"Pierre de Bourgogne - Ma Cabane mat\u00e9riaux naturels","description":"La pierre de Bourgogne est une pierre calcaire pr\u00e9sentant des teintes et textures diff\u00e9rentes. C'est un mat\u00e9riau noble qui s'int\u00e9grera en int\u00e9rieur comme en ext\u00e9rieur.","robots":{"index":"noindex","follow":"follow"},"og_locale":"fr_FR","og_type":"article","og_title":"Pierre de Bourgogne - Ma Cabane mat\u00e9riaux naturels","og_description":"La pierre de Bourgogne est une pierre calcaire pr\u00e9sentant des teintes et textures diff\u00e9rentes. C'est un mat\u00e9riau noble qui s'int\u00e9grera en int\u00e9rieur comme en ext\u00e9rieur.","og_url":"https:\/\/nature-et-developpement.com\/macabane-materiaux\/produit\/pierre-de-bourgogne\/","og_site_name":"Ma Cabane mat\u00e9riaux naturels","article_modified_time":"2025-06-17T13:25:22+00:00","twitter_card":"summary_large_image","twitter_misc":{"Dur\u00e9e de lecture estim\u00e9e":"1 minute"},"schema":{"@context":"https:\/\/schema.org","@graph":[{"@type":"WebPage","@id":"https:\/\/nature-et-developpement.com\/macabane-materiaux\/produit\/pierre-de-bourgogne\/","url":"https:\/\/nature-et-developpement.com\/macabane-materiaux\/produit\/pierre-de-bourgogne\/","name":"Pierre de Bourgogne - Ma Cabane mat\u00e9riaux naturels","isPartOf":{"@id":"https:\/\/nature-et-developpement.com\/macabane-materiaux\/#website"},"primaryImageOfPage":{"@id":"https:\/\/nature-et-developpement.com\/macabane-materiaux\/produit\/pierre-de-bourgogne\/#primaryimage"},"image":{"@id":"https:\/\/nature-et-developpement.com\/macabane-materiaux\/produit\/pierre-de-bourgogne\/#primaryimage"},"thumbnailUrl":"https:\/\/nature-et-developpement.com\/macabane-materiaux\/wp-content\/uploads\/Pierre-de-Bourgogne.jpg","datePublished":"2017-06-23T10:12:54+00:00","dateModified":"2025-06-17T13:25:22+00:00","description":"La pierre de Bourgogne est une pierre calcaire pr\u00e9sentant des teintes et textures diff\u00e9rentes. C'est un mat\u00e9riau noble qui s'int\u00e9grera en int\u00e9rieur comme en ext\u00e9rieur.","breadcrumb":{"@id":"https:\/\/nature-et-developpement.com\/macabane-materiaux\/produit\/pierre-de-bourgogne\/#breadcrumb"},"inLanguage":"fr-FR","potentialAction":[{"@type":"ReadAction","target":["https:\/\/nature-et-developpement.com\/macabane-materiaux\/produit\/pierre-de-bourgogne\/"]}]},{"@type":"ImageObject","inLanguage":"fr-FR","@id":"https:\/\/nature-et-developpement.com\/macabane-materiaux\/produit\/pierre-de-bourgogne\/#primaryimage","url":"https:\/\/nature-et-developpement.com\/macabane-materiaux\/wp-content\/uploads\/Pierre-de-Bourgogne.jpg","contentUrl":"https:\/\/nature-et-developpement.com\/macabane-materiaux\/wp-content\/uploads\/Pierre-de-Bourgogne.jpg"},{"@type":"BreadcrumbList","@id":"https:\/\/nature-et-developpement.com\/macabane-materiaux\/produit\/pierre-de-bourgogne\/#breadcrumb","itemListElement":[{"@type":"ListItem","position":1,"name":"Accueil","item":"https:\/\/nature-et-developpement.com\/macabane-materiaux\/"},{"@type":"ListItem","position":2,"name":"Boutique","item":"https:\/\/nature-et-developpement.com\/macabane-materiaux\/boutique\/"},{"@type":"ListItem","position":3,"name":"Parquets bois, stratifi\u00e9s et li\u00e8ge","item":"https:\/\/nature-et-developpement.com\/macabane-materiaux\/produits\/parquet-et-sol-naturels\/"},{"@type":"ListItem","position":4,"name":"Tomette, b\u00e9ton cir\u00e9 et pierre naturelle","item":"https:\/\/nature-et-developpement.com\/macabane-materiaux\/produits\/parquet-et-sol-naturels\/tomette-beton-cire-pierre-naturelle\/"},{"@type":"ListItem","position":5,"name":"Pierre de Bourgogne"}]},{"@type":"WebSite","@id":"https:\/\/nature-et-developpement.com\/macabane-materiaux\/#website","url":"https:\/\/nature-et-developpement.com\/macabane-materiaux\/","name":"Ma Cabane mat\u00e9riaux naturels","description":"Ma Cabane est membre du groupement Nature &amp; D\u00e9veloppement","potentialAction":[{"@type":"SearchAction","target":{"@type":"EntryPoint","urlTemplate":"https:\/\/nature-et-developpement.com\/macabane-materiaux\/?s={search_term_string}"},"query-input":{"@type":"PropertyValueSpecification","valueRequired":true,"valueName":"search_term_string"}}],"inLanguage":"fr-FR"}]}},"distributor_meta":false,"distributor_terms":false,"distributor_media":false,"distributor_original_site_name":"Ma Cabane mat\u00e9riaux naturels","distributor_original_site_url":"https:\/\/nature-et-developpement.com\/macabane-materiaux","push-errors":false,"_links":{"self":[{"href":"https:\/\/nature-et-developpement.com\/macabane-materiaux\/wp-json\/wp\/v2\/product\/13352","targetHints":{"allow":["GET"]}}],"collection":[{"href":"https:\/\/nature-et-developpement.com\/macabane-materiaux\/wp-json\/wp\/v2\/product"}],"about":[{"href":"https:\/\/nature-et-developpement.com\/macabane-materiaux\/wp-json\/wp\/v2\/types\/product"}],"wp:featuredmedia":[{"embeddable":true,"href":"https:\/\/nature-et-developpement.com\/macabane-materiaux\/wp-json\/"}],"wp:attachment":[{"href":"https:\/\/nature-et-developpement.com\/macabane-materiaux\/wp-json\/wp\/v2\/media?parent=13352"}],"wp:term":[{"taxonomy":"product_brand","embeddable":true,"href":"https:\/\/nature-et-developpement.com\/macabane-materiaux\/wp-json\/wp\/v2\/product_brand?post=13352"},{"taxonomy":"product_cat","embeddable":true,"href":"https:\/\/nature-et-developpement.com\/macabane-materiaux\/wp-json\/wp\/v2\/product_cat?post=13352"},{"taxonomy":"product_tag","embeddable":true,"href":"https:\/\/nature-et-developpement.com\/macabane-materiaux\/wp-json\/wp\/v2\/product_tag?post=13352"}],"curies":[{"name":"wp","href":"https:\/\/api.w.org\/{rel}","templated":true}]}}