{"id":13391,"date":"2024-03-26T12:52:45","date_gmt":"2024-03-26T11:52:45","guid":{"rendered":"https:\/\/nature-et-developpement.com\/macabane-materiaux\/produit\/enduits-isolant-et-de-finition-a-la-chaux-novaskin-de-saint-astier\/"},"modified":"2025-10-23T22:46:36","modified_gmt":"2025-10-23T20:46:36","slug":"enduits-isolant-et-de-finition-a-la-chaux-novaskin-de-saint-astier","status":"publish","type":"product","link":"https:\/\/nature-et-developpement.com\/macabane-materiaux\/produit\/enduits-isolant-et-de-finition-a-la-chaux-novaskin-de-saint-astier\/","title":{"rendered":"Enduits isolant et de finition \u00e0 la chaux NOVASKIN de Saint Astier"},"content":{"rendered":"<h2>Enduits isolant et de finition \u00e0 la chaux NOVASKIN &#8211; R\u00e9novez vos fa\u00e7ades avec performance<\/h2>\n<p>D\u00e9couvrez la nouvelle r\u00e9f\u00e9rence en mati\u00e8re d&rsquo;<strong>enduits isolants<\/strong> et de <strong>finition \u00e0 la chaux<\/strong> : la gamme NOVASKIN de Saint Astier. Con\u00e7ue pour r\u00e9pondre aux d\u00e9fis de la <strong>r\u00e9novation<\/strong> des <strong>fa\u00e7ades<\/strong> tout en offrant des performances thermiques exceptionnelles. Cette gamme r\u00e9volutionne le secteur de l&rsquo;isolation.<\/p>\n<p>Avec ses propri\u00e9t\u00e9s incombustibles de classe A1, sa l\u00e9g\u00e8ret\u00e9 et sa perm\u00e9abilit\u00e9 \u00e0 la vapeur d&rsquo;eau, les enduits NOVASKIN offrent une protection sup\u00e9rieure tout en pr\u00e9servant l&rsquo;int\u00e9grit\u00e9 des supports d&rsquo;origine. Que vous soyez professionnel du b\u00e2timent ou particulier soucieux de l&rsquo;efficacit\u00e9 \u00e9nerg\u00e9tique de votre habitation, NOVASKIN est la solution id\u00e9ale pour vos projets de r\u00e9novation.<\/p>\n<h3>Un duo complet et performant<\/h3>\n<p>La gamme NOVASKIN se compose de quatre produits, travaillant en tandem. Ils vous\u00a0 garantissent \u00e0 la fois des <strong>performances thermiques<\/strong> optimales et une esth\u00e9tique irr\u00e9prochable sur vos fa\u00e7ades.<\/p>\n<p>Optez pour la <strong>pose \u00e0 la machine<\/strong> ou manuelle avec Novaskin Thermo et Novaskin Finish pour une application rapide et pr\u00e9cise.<\/p>\n<p>Choisissez la <strong>pose manuelle<\/strong> avec Novaskin Thermo Plus et Novaskin Coating pour un r\u00e9sultat artisanal et personnalis\u00e9.<\/p>\n<p>Cependant, vous pouvez aussi utiliser les produits s\u00e9par\u00e9ment. Il est toujours pr\u00e9f\u00e9rable de faire des tests pr\u00e9alables pour la tenue sur votre support et le rendu final. Consultez nous pour des conseils de pros.<\/p>\n<ul>\n<li>NOVASKIN Thermo comme corps d&rsquo;enduit \u00e0 la chaux isolant en pose machine ou manuelle. Il devra \u00eatre recouvert.<em> (nous consulter)<\/em><\/li>\n<li>NOVASKIN Thermo Plus pour un corps d&rsquo;enduit \u00e0 la chaux tr\u00e8s isolant en pose manuelle. Il devra \u00eatre recouvert.<em> (nous consulter)<\/em><\/li>\n<li>NOVASKIN Finish comme enduit de finition \u00e0 la chaux, sur support min\u00e9ral, de 3mm \u00e0 5mm d&rsquo;\u00e9paisseur en pose machine ou manuelle.<em>\u00a0(nous consulter)<\/em><\/li>\n<li>NOVASKIN Coating pour un enduit de finition \u00e0 la chaux, sur support min\u00e9ral, de 1mm \u00e0 3mm d&rsquo;\u00e9paisseur en pose manuelle.<em> (nous consulter)<\/em><\/li>\n<\/ul>\n<p>&nbsp;<\/p>\n<p>Le secret de la performance thermique des enduits NOVASKIN r\u00e9side dans leur composition. En associant la bille de verre (recycl\u00e9) expans\u00e9e, l\u00e9g\u00e8re et r\u00e9sistante, \u00e0 la <strong>chaux hydraulique<\/strong> de Saint Astier, ces enduits offrent une isolation exceptionnelle gr\u00e2ce \u00e0 l&rsquo;air emprisonn\u00e9 dans les pores de la bille de verre. Cette combinaison unique garantit des propri\u00e9t\u00e9s hygrom\u00e9triques optimales, assurant ainsi un <strong>confort optimal<\/strong> dans votre habitat.<\/p>\n<p>Ne laissez pas vos fa\u00e7ades anciennes compromettre l&rsquo;<strong>efficacit\u00e9 \u00e9nerg\u00e9tique<\/strong> de votre b\u00e2timent. Optez pour la recette 100% adapt\u00e9e des enduits NOVASKIN de Saint Astier. Offrez une nouvelle jeunesse \u00e0 votre habitation tout en r\u00e9alisant des <strong>\u00e9conomies d&rsquo;\u00e9nergie<\/strong> significatives.<\/p>\n","protected":false},"excerpt":{"rendered":"<p>D\u00e9couvrez la gamme NOVASKIN de Saint Astier pour des enduits isolants et de finition \u00e0 la chaux, offrant performances thermiques et esth\u00e9tiques exceptionnelles. R\u00e9novez vos fa\u00e7ades avec assurance !<\/p>\n","protected":false},"featured_media":1000000175123,"template":"","meta":[],"product_brand":[178],"product_cat":[73,89,2670,2671],"product_tag":[2704],"class_list":{"0":"post-13391","1":"product","2":"type-product","3":"status-publish","4":"has-post-thumbnail","6":"product_brand-saint-astier","7":"product_cat-demande-de-devis-uniquement-sans-prix","8":"product_cat-enduits-naturels","9":"product_cat-isolation-exterieure","10":"product_cat-isolation-interieure","11":"product_tag-saint-astier","12":"product_shipping_class-sac-de-25kg","14":"first","15":"instock","16":"taxable","17":"shipping-taxable","18":"purchasable","19":"product-type-variable"},"yoast_head":"<!-- This site is optimized with the Yoast SEO plugin v27.5 - https:\/\/yoast.com\/product\/yoast-seo-wordpress\/ -->\n<title>Enduits isolant et de finition \u00e0 la chaux NOVASKIN de Saint Astier - Ma Cabane mat\u00e9riaux naturels<\/title>\n<meta name=\"description\" content=\"D\u00e9couvrez la gamme NOVASKIN de Saint Astier pour des enduits isolants et de finition \u00e0 la chaux, performances thermiques et esth\u00e9tiques exceptionnelles.\" \/>\n<meta name=\"robots\" content=\"noindex, nofollow\" \/>\n<meta property=\"og:locale\" content=\"fr_FR\" \/>\n<meta property=\"og:type\" content=\"article\" \/>\n<meta property=\"og:title\" content=\"Enduits isolant et de finition \u00e0 la chaux NOVASKIN de Saint Astier - Ma Cabane mat\u00e9riaux naturels\" \/>\n<meta property=\"og:description\" content=\"D\u00e9couvrez la gamme NOVASKIN de Saint Astier pour des enduits isolants et de finition \u00e0 la chaux, performances thermiques et esth\u00e9tiques exceptionnelles.\" \/>\n<meta property=\"og:url\" content=\"https:\/\/nature-et-developpement.com\/macabane-materiaux\/produit\/enduits-isolant-et-de-finition-a-la-chaux-novaskin-de-saint-astier\/\" \/>\n<meta property=\"og:site_name\" content=\"Ma Cabane mat\u00e9riaux naturels\" \/>\n<meta property=\"article:modified_time\" content=\"2025-10-23T20:46:36+00:00\" \/>\n<meta name=\"twitter:card\" content=\"summary_large_image\" \/>\n<meta name=\"twitter:label1\" content=\"Dur\u00e9e de lecture estim\u00e9e\" \/>\n\t<meta name=\"twitter:data1\" content=\"2 minutes\" \/>\n<script type=\"application\/ld+json\" class=\"yoast-schema-graph\">{\"@context\":\"https:\\\/\\\/schema.org\",\"@graph\":[{\"@type\":\"WebPage\",\"@id\":\"https:\\\/\\\/nature-et-developpement.com\\\/macabane-materiaux\\\/produit\\\/enduits-isolant-et-de-finition-a-la-chaux-novaskin-de-saint-astier\\\/\",\"url\":\"https:\\\/\\\/nature-et-developpement.com\\\/macabane-materiaux\\\/produit\\\/enduits-isolant-et-de-finition-a-la-chaux-novaskin-de-saint-astier\\\/\",\"name\":\"Enduits isolant et de finition \u00e0 la chaux NOVASKIN de Saint Astier - Ma Cabane mat\u00e9riaux naturels\",\"isPartOf\":{\"@id\":\"https:\\\/\\\/nature-et-developpement.com\\\/macabane-materiaux\\\/#website\"},\"primaryImageOfPage\":{\"@id\":\"https:\\\/\\\/nature-et-developpement.com\\\/macabane-materiaux\\\/produit\\\/enduits-isolant-et-de-finition-a-la-chaux-novaskin-de-saint-astier\\\/#primaryimage\"},\"image\":{\"@id\":\"https:\\\/\\\/nature-et-developpement.com\\\/macabane-materiaux\\\/produit\\\/enduits-isolant-et-de-finition-a-la-chaux-novaskin-de-saint-astier\\\/#primaryimage\"},\"thumbnailUrl\":\"https:\\\/\\\/nature-et-developpement.com\\\/macabane-materiaux\\\/wp-content\\\/uploads\\\/Enduit-isolant-et-finition-a-la-chaux-NOVASKIN-de-Saint-Astier.jpg\",\"datePublished\":\"2024-03-26T11:52:45+00:00\",\"dateModified\":\"2025-10-23T20:46:36+00:00\",\"description\":\"D\u00e9couvrez la gamme NOVASKIN de Saint Astier pour des enduits isolants et de finition \u00e0 la chaux, performances thermiques et esth\u00e9tiques exceptionnelles.\",\"breadcrumb\":{\"@id\":\"https:\\\/\\\/nature-et-developpement.com\\\/macabane-materiaux\\\/produit\\\/enduits-isolant-et-de-finition-a-la-chaux-novaskin-de-saint-astier\\\/#breadcrumb\"},\"inLanguage\":\"fr-FR\",\"potentialAction\":[{\"@type\":\"ReadAction\",\"target\":[\"https:\\\/\\\/nature-et-developpement.com\\\/macabane-materiaux\\\/produit\\\/enduits-isolant-et-de-finition-a-la-chaux-novaskin-de-saint-astier\\\/\"]}]},{\"@type\":\"ImageObject\",\"inLanguage\":\"fr-FR\",\"@id\":\"https:\\\/\\\/nature-et-developpement.com\\\/macabane-materiaux\\\/produit\\\/enduits-isolant-et-de-finition-a-la-chaux-novaskin-de-saint-astier\\\/#primaryimage\",\"url\":\"https:\\\/\\\/nature-et-developpement.com\\\/macabane-materiaux\\\/wp-content\\\/uploads\\\/Enduit-isolant-et-finition-a-la-chaux-NOVASKIN-de-Saint-Astier.jpg\",\"contentUrl\":\"https:\\\/\\\/nature-et-developpement.com\\\/macabane-materiaux\\\/wp-content\\\/uploads\\\/Enduit-isolant-et-finition-a-la-chaux-NOVASKIN-de-Saint-Astier.jpg\"},{\"@type\":\"BreadcrumbList\",\"@id\":\"https:\\\/\\\/nature-et-developpement.com\\\/macabane-materiaux\\\/produit\\\/enduits-isolant-et-de-finition-a-la-chaux-novaskin-de-saint-astier\\\/#breadcrumb\",\"itemListElement\":[{\"@type\":\"ListItem\",\"position\":1,\"name\":\"Accueil\",\"item\":\"https:\\\/\\\/nature-et-developpement.com\\\/macabane-materiaux\\\/\"},{\"@type\":\"ListItem\",\"position\":2,\"name\":\"Boutique\",\"item\":\"https:\\\/\\\/nature-et-developpement.com\\\/macabane-materiaux\\\/boutique\\\/\"},{\"@type\":\"ListItem\",\"position\":3,\"name\":\"Peinture, pigment et enduit\",\"item\":\"https:\\\/\\\/nature-et-developpement.com\\\/macabane-materiaux\\\/produits\\\/peinture-et-enduit\\\/\"},{\"@type\":\"ListItem\",\"position\":4,\"name\":\"Enduits naturels\",\"item\":\"https:\\\/\\\/nature-et-developpement.com\\\/macabane-materiaux\\\/produits\\\/peinture-et-enduit\\\/enduits-naturels\\\/\"},{\"@type\":\"ListItem\",\"position\":5,\"name\":\"Enduits isolant et de finition \u00e0 la chaux NOVASKIN de Saint Astier\"}]},{\"@type\":\"WebSite\",\"@id\":\"https:\\\/\\\/nature-et-developpement.com\\\/macabane-materiaux\\\/#website\",\"url\":\"https:\\\/\\\/nature-et-developpement.com\\\/macabane-materiaux\\\/\",\"name\":\"Ma Cabane mat\u00e9riaux naturels\",\"description\":\"Ma Cabane est membre du groupement Nature &amp; D\u00e9veloppement\",\"potentialAction\":[{\"@type\":\"SearchAction\",\"target\":{\"@type\":\"EntryPoint\",\"urlTemplate\":\"https:\\\/\\\/nature-et-developpement.com\\\/macabane-materiaux\\\/?s={search_term_string}\"},\"query-input\":{\"@type\":\"PropertyValueSpecification\",\"valueRequired\":true,\"valueName\":\"search_term_string\"}}],\"inLanguage\":\"fr-FR\"}]}<\/script>\n<!-- \/ Yoast SEO plugin. -->","yoast_head_json":{"title":"Enduits isolant et de finition \u00e0 la chaux NOVASKIN de Saint Astier - Ma Cabane mat\u00e9riaux naturels","description":"D\u00e9couvrez la gamme NOVASKIN de Saint Astier pour des enduits isolants et de finition \u00e0 la chaux, performances thermiques et esth\u00e9tiques exceptionnelles.","robots":{"index":"noindex","follow":"nofollow"},"og_locale":"fr_FR","og_type":"article","og_title":"Enduits isolant et de finition \u00e0 la chaux NOVASKIN de Saint Astier - Ma Cabane mat\u00e9riaux naturels","og_description":"D\u00e9couvrez la gamme NOVASKIN de Saint Astier pour des enduits isolants et de finition \u00e0 la chaux, performances thermiques et esth\u00e9tiques exceptionnelles.","og_url":"https:\/\/nature-et-developpement.com\/macabane-materiaux\/produit\/enduits-isolant-et-de-finition-a-la-chaux-novaskin-de-saint-astier\/","og_site_name":"Ma Cabane mat\u00e9riaux naturels","article_modified_time":"2025-10-23T20:46:36+00:00","twitter_card":"summary_large_image","twitter_misc":{"Dur\u00e9e de lecture estim\u00e9e":"2 minutes"},"schema":{"@context":"https:\/\/schema.org","@graph":[{"@type":"WebPage","@id":"https:\/\/nature-et-developpement.com\/macabane-materiaux\/produit\/enduits-isolant-et-de-finition-a-la-chaux-novaskin-de-saint-astier\/","url":"https:\/\/nature-et-developpement.com\/macabane-materiaux\/produit\/enduits-isolant-et-de-finition-a-la-chaux-novaskin-de-saint-astier\/","name":"Enduits isolant et de finition \u00e0 la chaux NOVASKIN de Saint Astier - Ma Cabane mat\u00e9riaux naturels","isPartOf":{"@id":"https:\/\/nature-et-developpement.com\/macabane-materiaux\/#website"},"primaryImageOfPage":{"@id":"https:\/\/nature-et-developpement.com\/macabane-materiaux\/produit\/enduits-isolant-et-de-finition-a-la-chaux-novaskin-de-saint-astier\/#primaryimage"},"image":{"@id":"https:\/\/nature-et-developpement.com\/macabane-materiaux\/produit\/enduits-isolant-et-de-finition-a-la-chaux-novaskin-de-saint-astier\/#primaryimage"},"thumbnailUrl":"https:\/\/nature-et-developpement.com\/macabane-materiaux\/wp-content\/uploads\/Enduit-isolant-et-finition-a-la-chaux-NOVASKIN-de-Saint-Astier.jpg","datePublished":"2024-03-26T11:52:45+00:00","dateModified":"2025-10-23T20:46:36+00:00","description":"D\u00e9couvrez la gamme NOVASKIN de Saint Astier pour des enduits isolants et de finition \u00e0 la chaux, performances thermiques et esth\u00e9tiques exceptionnelles.","breadcrumb":{"@id":"https:\/\/nature-et-developpement.com\/macabane-materiaux\/produit\/enduits-isolant-et-de-finition-a-la-chaux-novaskin-de-saint-astier\/#breadcrumb"},"inLanguage":"fr-FR","potentialAction":[{"@type":"ReadAction","target":["https:\/\/nature-et-developpement.com\/macabane-materiaux\/produit\/enduits-isolant-et-de-finition-a-la-chaux-novaskin-de-saint-astier\/"]}]},{"@type":"ImageObject","inLanguage":"fr-FR","@id":"https:\/\/nature-et-developpement.com\/macabane-materiaux\/produit\/enduits-isolant-et-de-finition-a-la-chaux-novaskin-de-saint-astier\/#primaryimage","url":"https:\/\/nature-et-developpement.com\/macabane-materiaux\/wp-content\/uploads\/Enduit-isolant-et-finition-a-la-chaux-NOVASKIN-de-Saint-Astier.jpg","contentUrl":"https:\/\/nature-et-developpement.com\/macabane-materiaux\/wp-content\/uploads\/Enduit-isolant-et-finition-a-la-chaux-NOVASKIN-de-Saint-Astier.jpg"},{"@type":"BreadcrumbList","@id":"https:\/\/nature-et-developpement.com\/macabane-materiaux\/produit\/enduits-isolant-et-de-finition-a-la-chaux-novaskin-de-saint-astier\/#breadcrumb","itemListElement":[{"@type":"ListItem","position":1,"name":"Accueil","item":"https:\/\/nature-et-developpement.com\/macabane-materiaux\/"},{"@type":"ListItem","position":2,"name":"Boutique","item":"https:\/\/nature-et-developpement.com\/macabane-materiaux\/boutique\/"},{"@type":"ListItem","position":3,"name":"Peinture, pigment et enduit","item":"https:\/\/nature-et-developpement.com\/macabane-materiaux\/produits\/peinture-et-enduit\/"},{"@type":"ListItem","position":4,"name":"Enduits naturels","item":"https:\/\/nature-et-developpement.com\/macabane-materiaux\/produits\/peinture-et-enduit\/enduits-naturels\/"},{"@type":"ListItem","position":5,"name":"Enduits isolant et de finition \u00e0 la chaux NOVASKIN de Saint Astier"}]},{"@type":"WebSite","@id":"https:\/\/nature-et-developpement.com\/macabane-materiaux\/#website","url":"https:\/\/nature-et-developpement.com\/macabane-materiaux\/","name":"Ma Cabane mat\u00e9riaux naturels","description":"Ma Cabane est membre du groupement Nature &amp; D\u00e9veloppement","potentialAction":[{"@type":"SearchAction","target":{"@type":"EntryPoint","urlTemplate":"https:\/\/nature-et-developpement.com\/macabane-materiaux\/?s={search_term_string}"},"query-input":{"@type":"PropertyValueSpecification","valueRequired":true,"valueName":"search_term_string"}}],"inLanguage":"fr-FR"}]}},"distributor_meta":false,"distributor_terms":false,"distributor_media":false,"distributor_original_site_name":"Ma Cabane mat\u00e9riaux naturels","distributor_original_site_url":"https:\/\/nature-et-developpement.com\/macabane-materiaux","push-errors":false,"_links":{"self":[{"href":"https:\/\/nature-et-developpement.com\/macabane-materiaux\/wp-json\/wp\/v2\/product\/13391","targetHints":{"allow":["GET"]}}],"collection":[{"href":"https:\/\/nature-et-developpement.com\/macabane-materiaux\/wp-json\/wp\/v2\/product"}],"about":[{"href":"https:\/\/nature-et-developpement.com\/macabane-materiaux\/wp-json\/wp\/v2\/types\/product"}],"wp:featuredmedia":[{"embeddable":true,"href":"https:\/\/nature-et-developpement.com\/macabane-materiaux\/wp-json\/"}],"wp:attachment":[{"href":"https:\/\/nature-et-developpement.com\/macabane-materiaux\/wp-json\/wp\/v2\/media?parent=13391"}],"wp:term":[{"taxonomy":"product_brand","embeddable":true,"href":"https:\/\/nature-et-developpement.com\/macabane-materiaux\/wp-json\/wp\/v2\/product_brand?post=13391"},{"taxonomy":"product_cat","embeddable":true,"href":"https:\/\/nature-et-developpement.com\/macabane-materiaux\/wp-json\/wp\/v2\/product_cat?post=13391"},{"taxonomy":"product_tag","embeddable":true,"href":"https:\/\/nature-et-developpement.com\/macabane-materiaux\/wp-json\/wp\/v2\/product_tag?post=13391"}],"curies":[{"name":"wp","href":"https:\/\/api.w.org\/{rel}","templated":true}]}}