{"id":13571,"date":"2024-05-16T09:19:35","date_gmt":"2024-05-16T07:19:35","guid":{"rendered":"https:\/\/nature-et-developpement.com\/macabane-materiaux\/?post_type=product&#038;p=13571"},"modified":"2025-06-17T15:25:24","modified_gmt":"2025-06-17T13:25:24","slug":"panneau-contreplaque-peuplier-fabrique-en-sarthe","status":"publish","type":"product","link":"https:\/\/nature-et-developpement.com\/macabane-materiaux\/produit\/panneau-contreplaque-peuplier-fabrique-en-sarthe\/","title":{"rendered":"Panneau contreplaqu\u00e9 peuplier fabriqu\u00e9 en Sarthe"},"content":{"rendered":"<h2>Un contreplaqu\u00e9 peuplier local de qualit\u00e9<\/h2>\n<h4>Souplesse et l\u00e9g\u00e8ret\u00e9 :<\/h4>\n<p>facile \u00e0 travailler, sa bonne r\u00e9sistance m\u00e9canique associ\u00e9e \u00e0 son faible poids sp\u00e9cifique font du contreplaqu\u00e9 peuplier un panneau tr\u00e8s appr\u00e9ci\u00e9 des utilisateurs.<\/p>\n<h4>Applications :<\/h4>\n<p>d\u2019aspect naturel et de couleur claire, le contreplaqu\u00e9 peuplier peut \u00eatre utilis\u00e9 dans l\u2019industrie, la construction ou l\u2019emballage. Il peut \u00eatre usin\u00e9, teint\u00e9 ou peint \u00e0 la demande pour l\u2019industrie, la d\u00e9coration, l\u2019agencement, le nautisme ou encore l\u2019am\u00e9nagement de v\u00e9hicules.<\/p>\n<h4>Gestion durable :<\/h4>\n<p>le peuplier est un bois de nos r\u00e9gions, produit localement et g\u00e9r\u00e9 durablement. L\u2019entreprise R. Drouin est engag\u00e9e depuis 2005 dans une d\u00e9marche de gestion foresti\u00e8re durable et adh\u00e8re \u00e0 la cha\u00eene de contr\u00f4le d\u2019\u00e9co-certification PEFC.<\/p>\n<p>&nbsp;<\/p>\n","protected":false},"excerpt":{"rendered":"<p>Le panneau peuplier est utilis\u00e9 dans l&rsquo;industrie, l&rsquo;agencement, la menuiserie, la construction ou l&#8217;emballage.<\/p>\n<p>Il est l\u00e9ger, de couleur claire et facile \u00e0 travailler.<\/p>\n","protected":false},"featured_media":13580,"template":"","meta":[],"product_brand":[2867,189],"product_cat":[109,83,81,90],"product_tag":[],"class_list":{"0":"post-13571","1":"product","2":"type-product","3":"status-publish","4":"has-post-thumbnail","6":"product_brand-drouin","7":"product_brand-west-frazer","8":"product_cat-agencement-interieur","9":"product_cat-cloisons-et-doublage","10":"product_cat-construction-maison-bois","11":"product_cat-revetement-muraux","12":"product_shipping_class-impact-transport-important","14":"first","15":"instock","16":"taxable","17":"shipping-taxable","18":"purchasable","19":"product-type-variable"},"yoast_head":"<!-- This site is optimized with the Yoast SEO plugin v27.5 - https:\/\/yoast.com\/product\/yoast-seo-wordpress\/ -->\n<title>Panneau contreplaqu\u00e9 peuplier fabriqu\u00e9 en Sarthe - Ma Cabane mat\u00e9riaux naturels<\/title>\n<meta name=\"description\" content=\"Le panneau peuplier est utilis\u00e9 dans l&#039;industrie, l&#039;agencement, la menuiserie, la construction ou l&#039;emballage.Il est l\u00e9ger, de couleur claire et facile \u00e0 travailler.\" \/>\n<meta name=\"robots\" content=\"noindex, follow\" \/>\n<meta property=\"og:locale\" content=\"fr_FR\" \/>\n<meta property=\"og:type\" content=\"article\" \/>\n<meta property=\"og:title\" content=\"Panneau contreplaqu\u00e9 peuplier fabriqu\u00e9 en Sarthe - Ma Cabane mat\u00e9riaux naturels\" \/>\n<meta property=\"og:description\" content=\"Le panneau peuplier est utilis\u00e9 dans l&#039;industrie, l&#039;agencement, la menuiserie, la construction ou l&#039;emballage.Il est l\u00e9ger, de couleur claire et facile \u00e0 travailler.\" \/>\n<meta property=\"og:url\" content=\"https:\/\/nature-et-developpement.com\/macabane-materiaux\/produit\/panneau-contreplaque-peuplier-fabrique-en-sarthe\/\" \/>\n<meta property=\"og:site_name\" content=\"Ma Cabane mat\u00e9riaux naturels\" \/>\n<meta property=\"article:modified_time\" content=\"2025-06-17T13:25:24+00:00\" \/>\n<meta property=\"og:image\" content=\"https:\/\/nature-et-developpement.com\/macabane-materiaux\/wp-content\/uploads\/sites\/27\/2024\/05\/CP_PEUPLIE_IMG.png\" \/>\n\t<meta property=\"og:image:width\" content=\"800\" \/>\n\t<meta property=\"og:image:height\" content=\"800\" \/>\n\t<meta property=\"og:image:type\" content=\"image\/png\" \/>\n<meta name=\"twitter:card\" content=\"summary_large_image\" \/>\n<meta name=\"twitter:label1\" content=\"Dur\u00e9e de lecture estim\u00e9e\" \/>\n\t<meta name=\"twitter:data1\" content=\"2 minutes\" \/>\n<script type=\"application\/ld+json\" class=\"yoast-schema-graph\">{\"@context\":\"https:\\\/\\\/schema.org\",\"@graph\":[{\"@type\":\"WebPage\",\"@id\":\"https:\\\/\\\/nature-et-developpement.com\\\/macabane-materiaux\\\/produit\\\/panneau-contreplaque-peuplier-fabrique-en-sarthe\\\/\",\"url\":\"https:\\\/\\\/nature-et-developpement.com\\\/macabane-materiaux\\\/produit\\\/panneau-contreplaque-peuplier-fabrique-en-sarthe\\\/\",\"name\":\"Panneau contreplaqu\u00e9 peuplier fabriqu\u00e9 en Sarthe - Ma Cabane mat\u00e9riaux naturels\",\"isPartOf\":{\"@id\":\"https:\\\/\\\/nature-et-developpement.com\\\/macabane-materiaux\\\/#website\"},\"primaryImageOfPage\":{\"@id\":\"https:\\\/\\\/nature-et-developpement.com\\\/macabane-materiaux\\\/produit\\\/panneau-contreplaque-peuplier-fabrique-en-sarthe\\\/#primaryimage\"},\"image\":{\"@id\":\"https:\\\/\\\/nature-et-developpement.com\\\/macabane-materiaux\\\/produit\\\/panneau-contreplaque-peuplier-fabrique-en-sarthe\\\/#primaryimage\"},\"thumbnailUrl\":\"https:\\\/\\\/nature-et-developpement.com\\\/macabane-materiaux\\\/wp-content\\\/uploads\\\/sites\\\/27\\\/2024\\\/05\\\/CP_PEUPLIE_IMG.png\",\"datePublished\":\"2024-05-16T07:19:35+00:00\",\"dateModified\":\"2025-06-17T13:25:24+00:00\",\"description\":\"Le panneau peuplier est utilis\u00e9 dans l'industrie, l'agencement, la menuiserie, la construction ou l'emballage.Il est l\u00e9ger, de couleur claire et facile \u00e0 travailler.\",\"breadcrumb\":{\"@id\":\"https:\\\/\\\/nature-et-developpement.com\\\/macabane-materiaux\\\/produit\\\/panneau-contreplaque-peuplier-fabrique-en-sarthe\\\/#breadcrumb\"},\"inLanguage\":\"fr-FR\",\"potentialAction\":[{\"@type\":\"ReadAction\",\"target\":[\"https:\\\/\\\/nature-et-developpement.com\\\/macabane-materiaux\\\/produit\\\/panneau-contreplaque-peuplier-fabrique-en-sarthe\\\/\"]}]},{\"@type\":\"ImageObject\",\"inLanguage\":\"fr-FR\",\"@id\":\"https:\\\/\\\/nature-et-developpement.com\\\/macabane-materiaux\\\/produit\\\/panneau-contreplaque-peuplier-fabrique-en-sarthe\\\/#primaryimage\",\"url\":\"https:\\\/\\\/nature-et-developpement.com\\\/macabane-materiaux\\\/wp-content\\\/uploads\\\/sites\\\/27\\\/2024\\\/05\\\/CP_PEUPLIE_IMG.png\",\"contentUrl\":\"https:\\\/\\\/nature-et-developpement.com\\\/macabane-materiaux\\\/wp-content\\\/uploads\\\/sites\\\/27\\\/2024\\\/05\\\/CP_PEUPLIE_IMG.png\",\"width\":800,\"height\":800,\"caption\":\"Contreplaqu\u00e9 peuplier\"},{\"@type\":\"BreadcrumbList\",\"@id\":\"https:\\\/\\\/nature-et-developpement.com\\\/macabane-materiaux\\\/produit\\\/panneau-contreplaque-peuplier-fabrique-en-sarthe\\\/#breadcrumb\",\"itemListElement\":[{\"@type\":\"ListItem\",\"position\":1,\"name\":\"Accueil\",\"item\":\"https:\\\/\\\/nature-et-developpement.com\\\/macabane-materiaux\\\/\"},{\"@type\":\"ListItem\",\"position\":2,\"name\":\"Boutique\",\"item\":\"https:\\\/\\\/nature-et-developpement.com\\\/macabane-materiaux\\\/boutique\\\/\"},{\"@type\":\"ListItem\",\"position\":3,\"name\":\"Construction, cloison et fen\u00eatres\",\"item\":\"https:\\\/\\\/nature-et-developpement.com\\\/macabane-materiaux\\\/produits\\\/construction\\\/\"},{\"@type\":\"ListItem\",\"position\":4,\"name\":\"Construction bois\",\"item\":\"https:\\\/\\\/nature-et-developpement.com\\\/macabane-materiaux\\\/produits\\\/construction\\\/construction-maison-bois\\\/\"},{\"@type\":\"ListItem\",\"position\":5,\"name\":\"Panneau contreplaqu\u00e9 peuplier fabriqu\u00e9 en Sarthe\"}]},{\"@type\":\"WebSite\",\"@id\":\"https:\\\/\\\/nature-et-developpement.com\\\/macabane-materiaux\\\/#website\",\"url\":\"https:\\\/\\\/nature-et-developpement.com\\\/macabane-materiaux\\\/\",\"name\":\"Ma Cabane mat\u00e9riaux naturels\",\"description\":\"Ma Cabane est membre du groupement Nature &amp; D\u00e9veloppement\",\"potentialAction\":[{\"@type\":\"SearchAction\",\"target\":{\"@type\":\"EntryPoint\",\"urlTemplate\":\"https:\\\/\\\/nature-et-developpement.com\\\/macabane-materiaux\\\/?s={search_term_string}\"},\"query-input\":{\"@type\":\"PropertyValueSpecification\",\"valueRequired\":true,\"valueName\":\"search_term_string\"}}],\"inLanguage\":\"fr-FR\"}]}<\/script>\n<!-- \/ Yoast SEO plugin. -->","yoast_head_json":{"title":"Panneau contreplaqu\u00e9 peuplier fabriqu\u00e9 en Sarthe - Ma Cabane mat\u00e9riaux naturels","description":"Le panneau peuplier est utilis\u00e9 dans l'industrie, l'agencement, la menuiserie, la construction ou l'emballage.Il est l\u00e9ger, de couleur claire et facile \u00e0 travailler.","robots":{"index":"noindex","follow":"follow"},"og_locale":"fr_FR","og_type":"article","og_title":"Panneau contreplaqu\u00e9 peuplier fabriqu\u00e9 en Sarthe - Ma Cabane mat\u00e9riaux naturels","og_description":"Le panneau peuplier est utilis\u00e9 dans l'industrie, l'agencement, la menuiserie, la construction ou l'emballage.Il est l\u00e9ger, de couleur claire et facile \u00e0 travailler.","og_url":"https:\/\/nature-et-developpement.com\/macabane-materiaux\/produit\/panneau-contreplaque-peuplier-fabrique-en-sarthe\/","og_site_name":"Ma Cabane mat\u00e9riaux naturels","article_modified_time":"2025-06-17T13:25:24+00:00","og_image":[{"width":800,"height":800,"url":"https:\/\/nature-et-developpement.com\/macabane-materiaux\/wp-content\/uploads\/sites\/27\/2024\/05\/CP_PEUPLIE_IMG.png","type":"image\/png"}],"twitter_card":"summary_large_image","twitter_misc":{"Dur\u00e9e de lecture estim\u00e9e":"2 minutes"},"schema":{"@context":"https:\/\/schema.org","@graph":[{"@type":"WebPage","@id":"https:\/\/nature-et-developpement.com\/macabane-materiaux\/produit\/panneau-contreplaque-peuplier-fabrique-en-sarthe\/","url":"https:\/\/nature-et-developpement.com\/macabane-materiaux\/produit\/panneau-contreplaque-peuplier-fabrique-en-sarthe\/","name":"Panneau contreplaqu\u00e9 peuplier fabriqu\u00e9 en Sarthe - Ma Cabane mat\u00e9riaux naturels","isPartOf":{"@id":"https:\/\/nature-et-developpement.com\/macabane-materiaux\/#website"},"primaryImageOfPage":{"@id":"https:\/\/nature-et-developpement.com\/macabane-materiaux\/produit\/panneau-contreplaque-peuplier-fabrique-en-sarthe\/#primaryimage"},"image":{"@id":"https:\/\/nature-et-developpement.com\/macabane-materiaux\/produit\/panneau-contreplaque-peuplier-fabrique-en-sarthe\/#primaryimage"},"thumbnailUrl":"https:\/\/nature-et-developpement.com\/macabane-materiaux\/wp-content\/uploads\/sites\/27\/2024\/05\/CP_PEUPLIE_IMG.png","datePublished":"2024-05-16T07:19:35+00:00","dateModified":"2025-06-17T13:25:24+00:00","description":"Le panneau peuplier est utilis\u00e9 dans l'industrie, l'agencement, la menuiserie, la construction ou l'emballage.Il est l\u00e9ger, de couleur claire et facile \u00e0 travailler.","breadcrumb":{"@id":"https:\/\/nature-et-developpement.com\/macabane-materiaux\/produit\/panneau-contreplaque-peuplier-fabrique-en-sarthe\/#breadcrumb"},"inLanguage":"fr-FR","potentialAction":[{"@type":"ReadAction","target":["https:\/\/nature-et-developpement.com\/macabane-materiaux\/produit\/panneau-contreplaque-peuplier-fabrique-en-sarthe\/"]}]},{"@type":"ImageObject","inLanguage":"fr-FR","@id":"https:\/\/nature-et-developpement.com\/macabane-materiaux\/produit\/panneau-contreplaque-peuplier-fabrique-en-sarthe\/#primaryimage","url":"https:\/\/nature-et-developpement.com\/macabane-materiaux\/wp-content\/uploads\/sites\/27\/2024\/05\/CP_PEUPLIE_IMG.png","contentUrl":"https:\/\/nature-et-developpement.com\/macabane-materiaux\/wp-content\/uploads\/sites\/27\/2024\/05\/CP_PEUPLIE_IMG.png","width":800,"height":800,"caption":"Contreplaqu\u00e9 peuplier"},{"@type":"BreadcrumbList","@id":"https:\/\/nature-et-developpement.com\/macabane-materiaux\/produit\/panneau-contreplaque-peuplier-fabrique-en-sarthe\/#breadcrumb","itemListElement":[{"@type":"ListItem","position":1,"name":"Accueil","item":"https:\/\/nature-et-developpement.com\/macabane-materiaux\/"},{"@type":"ListItem","position":2,"name":"Boutique","item":"https:\/\/nature-et-developpement.com\/macabane-materiaux\/boutique\/"},{"@type":"ListItem","position":3,"name":"Construction, cloison et fen\u00eatres","item":"https:\/\/nature-et-developpement.com\/macabane-materiaux\/produits\/construction\/"},{"@type":"ListItem","position":4,"name":"Construction bois","item":"https:\/\/nature-et-developpement.com\/macabane-materiaux\/produits\/construction\/construction-maison-bois\/"},{"@type":"ListItem","position":5,"name":"Panneau contreplaqu\u00e9 peuplier fabriqu\u00e9 en Sarthe"}]},{"@type":"WebSite","@id":"https:\/\/nature-et-developpement.com\/macabane-materiaux\/#website","url":"https:\/\/nature-et-developpement.com\/macabane-materiaux\/","name":"Ma Cabane mat\u00e9riaux naturels","description":"Ma Cabane est membre du groupement Nature &amp; D\u00e9veloppement","potentialAction":[{"@type":"SearchAction","target":{"@type":"EntryPoint","urlTemplate":"https:\/\/nature-et-developpement.com\/macabane-materiaux\/?s={search_term_string}"},"query-input":{"@type":"PropertyValueSpecification","valueRequired":true,"valueName":"search_term_string"}}],"inLanguage":"fr-FR"}]}},"distributor_meta":false,"distributor_terms":false,"distributor_media":false,"distributor_original_site_name":"Ma Cabane mat\u00e9riaux naturels","distributor_original_site_url":"https:\/\/nature-et-developpement.com\/macabane-materiaux","push-errors":false,"_links":{"self":[{"href":"https:\/\/nature-et-developpement.com\/macabane-materiaux\/wp-json\/wp\/v2\/product\/13571","targetHints":{"allow":["GET"]}}],"collection":[{"href":"https:\/\/nature-et-developpement.com\/macabane-materiaux\/wp-json\/wp\/v2\/product"}],"about":[{"href":"https:\/\/nature-et-developpement.com\/macabane-materiaux\/wp-json\/wp\/v2\/types\/product"}],"wp:featuredmedia":[{"embeddable":true,"href":"https:\/\/nature-et-developpement.com\/macabane-materiaux\/wp-json\/wp\/v2\/media\/13580"}],"wp:attachment":[{"href":"https:\/\/nature-et-developpement.com\/macabane-materiaux\/wp-json\/wp\/v2\/media?parent=13571"}],"wp:term":[{"taxonomy":"product_brand","embeddable":true,"href":"https:\/\/nature-et-developpement.com\/macabane-materiaux\/wp-json\/wp\/v2\/product_brand?post=13571"},{"taxonomy":"product_cat","embeddable":true,"href":"https:\/\/nature-et-developpement.com\/macabane-materiaux\/wp-json\/wp\/v2\/product_cat?post=13571"},{"taxonomy":"product_tag","embeddable":true,"href":"https:\/\/nature-et-developpement.com\/macabane-materiaux\/wp-json\/wp\/v2\/product_tag?post=13571"}],"curies":[{"name":"wp","href":"https:\/\/api.w.org\/{rel}","templated":true}]}}