{"id":1362,"date":"2024-01-01T00:00:00","date_gmt":"2023-12-31T23:00:00","guid":{"rendered":"https:\/\/nature-et-developpement.com\/macabane-materiaux\/produit\/predose-naturelle-adjuvants-pour-chaux-pozzo-nuovo\/"},"modified":"2025-06-17T15:23:24","modified_gmt":"2025-06-17T13:23:24","slug":"predose-naturelle-adjuvants-pour-chaux-pozzo-nuovo","status":"publish","type":"product","link":"https:\/\/nature-et-developpement.com\/macabane-materiaux\/produit\/predose-naturelle-adjuvants-pour-chaux-pozzo-nuovo\/","title":{"rendered":"Pr\u00e9dose naturelle adjuvants pour chaux Pozzo Nuovo"},"content":{"rendered":"<h2>Les ingr\u00e9dients d&rsquo;un badigeon r\u00e9ussi<\/h2>\n<p>Elle apporte \u00e0 vos badigeons et vos stucs des <b>propri\u00e9t\u00e9s compl\u00e9mentaires<\/b> sur la <b>fixation<\/b> (\u00e9viter le \u00ab farinage \u00bb) et la <b>carbonatation<\/b> (s\u00e9chage lent, durcissement accru).<\/p>\n<p>&nbsp;<\/p>\n<h3>CONSEILS POUR LA FORMULATION<\/h3>\n<p>&nbsp;<\/p>\n<h4>BADIGEONS<\/h4>\n<p>100gr de Pr\u00e9dose Naturelle pour 1kg de chaux en p\u00e2te.<\/p>\n<p>Malaxer la Pr\u00e9dose avec de l\u2019eau de chaux avant de l\u2019incorporer dans votre pr\u00e9paration (chaux en p\u00e2te, eau, et \u00e9ventuellement pigments pr\u00e9alablement mouill\u00e9s).<\/p>\n<p>&nbsp;<\/p>\n<h4>STUCS<\/h4>\n<p>200gr de Pr\u00e9dose Naturelle pour 1kg de chaux en p\u00e2te.<\/p>\n<p>Malaxer la Pr\u00e9dose avec de l\u2019eau de chaux avant de l\u2019incorporer dans votre pr\u00e9paration (chaux en p\u00e2te, charges min\u00e9rales, eau, et \u00e9ventuellement pigments pr\u00e9alablement mouill\u00e9s).<\/p>\n<p>Si possible, laisser reposer le m\u00e9lange quelques heures.<\/p>\n<p>Malaxer \u00e0 nouveau avant l\u2019application.<\/p>\n<p>&nbsp;<\/p>\n<h4>ENDUITS FINS<\/h4>\n<p>100gr de Pr\u00e9dose Naturelle pour 1kg de chaux en p\u00e2te.<\/p>\n<p>Malaxer la Pr\u00e9dose avec de l\u2019eau de chaux avant de l\u2019incorporer dans votre pr\u00e9paration (chaux en p\u00e2te, charges min\u00e9rales, eau, et \u00e9ventuellement pigments pr\u00e9alablement mouill\u00e9s).<\/p>\n<p>Si possible, laisser reposer le m\u00e9lange quelques heures.<\/p>\n<p>Malaxer \u00e0 nouveau avant l\u2019application.<\/p>\n<p>&nbsp;<\/p>\n<h4>Composition :<\/h4>\n<p>cas\u00e9ine, cellulose, savon noir, carbonate de calcium.<\/p>\n","protected":false},"excerpt":{"rendered":"<p>La Pr\u00e9dose naturelle Pozzo Nuovo est un produit en poudre contenant les <b>adjuvants n\u00e9cessaires<\/b> \u00e0 la formulation de badigeons, stucs et enduits fins mis en \u0153uvre sur supports ferm\u00e9s.<\/p>\n","protected":false},"featured_media":1000000104397,"template":"","meta":[],"product_brand":[3070],"product_cat":[96,117,89,93],"product_tag":[2697],"class_list":{"0":"post-1362","1":"product","2":"type-product","3":"status-publish","4":"has-post-thumbnail","6":"product_brand-pozzo-nuovo-enduit-chaux-en-pate","7":"product_cat-adjuvants","8":"product_cat-droguerie","9":"product_cat-enduits-naturels","10":"product_cat-preparation-du-support","11":"product_tag-chaux","12":"product_shipping_class-petit-equipement-outil-eclairage","14":"first","15":"instock","16":"sale","17":"taxable","18":"shipping-taxable","19":"purchasable","20":"product-type-variable"},"yoast_head":"<!-- This site is optimized with the Yoast SEO plugin v27.5 - https:\/\/yoast.com\/product\/yoast-seo-wordpress\/ -->\n<title>Pr\u00e9dose naturelle adjuvants pour chaux Pozzo Nuovo - Ma Cabane mat\u00e9riaux naturels<\/title>\n<meta name=\"description\" content=\"La Pr\u00e9dose naturelle Pozzo Nuovo est un produit en poudre contenant les adjuvants n\u00e9cessaires \u00e0 la formulation de badigeons, stucs et enduits fins mis en \u0153uvre sur supports ferm\u00e9s.\" \/>\n<meta name=\"robots\" content=\"noindex, follow\" \/>\n<meta property=\"og:locale\" content=\"fr_FR\" \/>\n<meta property=\"og:type\" content=\"article\" \/>\n<meta property=\"og:title\" content=\"Pr\u00e9dose naturelle adjuvants pour chaux Pozzo Nuovo - Ma Cabane mat\u00e9riaux naturels\" \/>\n<meta property=\"og:description\" content=\"La Pr\u00e9dose naturelle Pozzo Nuovo est un produit en poudre contenant les adjuvants n\u00e9cessaires \u00e0 la formulation de badigeons, stucs et enduits fins mis en \u0153uvre sur supports ferm\u00e9s.\" \/>\n<meta property=\"og:url\" content=\"https:\/\/nature-et-developpement.com\/macabane-materiaux\/produit\/predose-naturelle-adjuvants-pour-chaux-pozzo-nuovo\/\" \/>\n<meta property=\"og:site_name\" content=\"Ma Cabane mat\u00e9riaux naturels\" \/>\n<meta property=\"article:modified_time\" content=\"2025-06-17T13:23:24+00:00\" \/>\n<meta name=\"twitter:card\" content=\"summary_large_image\" \/>\n<meta name=\"twitter:label1\" content=\"Dur\u00e9e de lecture estim\u00e9e\" \/>\n\t<meta name=\"twitter:data1\" content=\"1 minute\" \/>\n<script type=\"application\/ld+json\" class=\"yoast-schema-graph\">{\"@context\":\"https:\\\/\\\/schema.org\",\"@graph\":[{\"@type\":\"WebPage\",\"@id\":\"https:\\\/\\\/nature-et-developpement.com\\\/macabane-materiaux\\\/produit\\\/predose-naturelle-adjuvants-pour-chaux-pozzo-nuovo\\\/\",\"url\":\"https:\\\/\\\/nature-et-developpement.com\\\/macabane-materiaux\\\/produit\\\/predose-naturelle-adjuvants-pour-chaux-pozzo-nuovo\\\/\",\"name\":\"Pr\u00e9dose naturelle adjuvants pour chaux Pozzo Nuovo - Ma Cabane mat\u00e9riaux naturels\",\"isPartOf\":{\"@id\":\"https:\\\/\\\/nature-et-developpement.com\\\/macabane-materiaux\\\/#website\"},\"primaryImageOfPage\":{\"@id\":\"https:\\\/\\\/nature-et-developpement.com\\\/macabane-materiaux\\\/produit\\\/predose-naturelle-adjuvants-pour-chaux-pozzo-nuovo\\\/#primaryimage\"},\"image\":{\"@id\":\"https:\\\/\\\/nature-et-developpement.com\\\/macabane-materiaux\\\/produit\\\/predose-naturelle-adjuvants-pour-chaux-pozzo-nuovo\\\/#primaryimage\"},\"thumbnailUrl\":\"https:\\\/\\\/nature-et-developpement.com\\\/macabane-materiaux\\\/wp-content\\\/uploads\\\/29880-Predose-naturelle-adjuvants-pour-chaux-Pozzo-Nuovo.jpg\",\"datePublished\":\"2023-12-31T23:00:00+00:00\",\"dateModified\":\"2025-06-17T13:23:24+00:00\",\"description\":\"La Pr\u00e9dose naturelle Pozzo Nuovo est un produit en poudre contenant les adjuvants n\u00e9cessaires \u00e0 la formulation de badigeons, stucs et enduits fins mis en \u0153uvre sur supports ferm\u00e9s.\",\"breadcrumb\":{\"@id\":\"https:\\\/\\\/nature-et-developpement.com\\\/macabane-materiaux\\\/produit\\\/predose-naturelle-adjuvants-pour-chaux-pozzo-nuovo\\\/#breadcrumb\"},\"inLanguage\":\"fr-FR\",\"potentialAction\":[{\"@type\":\"ReadAction\",\"target\":[\"https:\\\/\\\/nature-et-developpement.com\\\/macabane-materiaux\\\/produit\\\/predose-naturelle-adjuvants-pour-chaux-pozzo-nuovo\\\/\"]}]},{\"@type\":\"ImageObject\",\"inLanguage\":\"fr-FR\",\"@id\":\"https:\\\/\\\/nature-et-developpement.com\\\/macabane-materiaux\\\/produit\\\/predose-naturelle-adjuvants-pour-chaux-pozzo-nuovo\\\/#primaryimage\",\"url\":\"https:\\\/\\\/nature-et-developpement.com\\\/macabane-materiaux\\\/wp-content\\\/uploads\\\/29880-Predose-naturelle-adjuvants-pour-chaux-Pozzo-Nuovo.jpg\",\"contentUrl\":\"https:\\\/\\\/nature-et-developpement.com\\\/macabane-materiaux\\\/wp-content\\\/uploads\\\/29880-Predose-naturelle-adjuvants-pour-chaux-Pozzo-Nuovo.jpg\"},{\"@type\":\"BreadcrumbList\",\"@id\":\"https:\\\/\\\/nature-et-developpement.com\\\/macabane-materiaux\\\/produit\\\/predose-naturelle-adjuvants-pour-chaux-pozzo-nuovo\\\/#breadcrumb\",\"itemListElement\":[{\"@type\":\"ListItem\",\"position\":1,\"name\":\"Accueil\",\"item\":\"https:\\\/\\\/nature-et-developpement.com\\\/macabane-materiaux\\\/\"},{\"@type\":\"ListItem\",\"position\":2,\"name\":\"Boutique\",\"item\":\"https:\\\/\\\/nature-et-developpement.com\\\/macabane-materiaux\\\/boutique\\\/\"},{\"@type\":\"ListItem\",\"position\":3,\"name\":\"Peinture, pigment et enduit\",\"item\":\"https:\\\/\\\/nature-et-developpement.com\\\/macabane-materiaux\\\/produits\\\/peinture-et-enduit\\\/\"},{\"@type\":\"ListItem\",\"position\":4,\"name\":\"Adjuvants\",\"item\":\"https:\\\/\\\/nature-et-developpement.com\\\/macabane-materiaux\\\/produits\\\/peinture-et-enduit\\\/adjuvants\\\/\"},{\"@type\":\"ListItem\",\"position\":5,\"name\":\"Pr\u00e9dose naturelle adjuvants pour chaux Pozzo Nuovo\"}]},{\"@type\":\"WebSite\",\"@id\":\"https:\\\/\\\/nature-et-developpement.com\\\/macabane-materiaux\\\/#website\",\"url\":\"https:\\\/\\\/nature-et-developpement.com\\\/macabane-materiaux\\\/\",\"name\":\"Ma Cabane mat\u00e9riaux naturels\",\"description\":\"Ma Cabane est membre du groupement Nature &amp; D\u00e9veloppement\",\"potentialAction\":[{\"@type\":\"SearchAction\",\"target\":{\"@type\":\"EntryPoint\",\"urlTemplate\":\"https:\\\/\\\/nature-et-developpement.com\\\/macabane-materiaux\\\/?s={search_term_string}\"},\"query-input\":{\"@type\":\"PropertyValueSpecification\",\"valueRequired\":true,\"valueName\":\"search_term_string\"}}],\"inLanguage\":\"fr-FR\"}]}<\/script>\n<!-- \/ Yoast SEO plugin. -->","yoast_head_json":{"title":"Pr\u00e9dose naturelle adjuvants pour chaux Pozzo Nuovo - Ma Cabane mat\u00e9riaux naturels","description":"La Pr\u00e9dose naturelle Pozzo Nuovo est un produit en poudre contenant les adjuvants n\u00e9cessaires \u00e0 la formulation de badigeons, stucs et enduits fins mis en \u0153uvre sur supports ferm\u00e9s.","robots":{"index":"noindex","follow":"follow"},"og_locale":"fr_FR","og_type":"article","og_title":"Pr\u00e9dose naturelle adjuvants pour chaux Pozzo Nuovo - Ma Cabane mat\u00e9riaux naturels","og_description":"La Pr\u00e9dose naturelle Pozzo Nuovo est un produit en poudre contenant les adjuvants n\u00e9cessaires \u00e0 la formulation de badigeons, stucs et enduits fins mis en \u0153uvre sur supports ferm\u00e9s.","og_url":"https:\/\/nature-et-developpement.com\/macabane-materiaux\/produit\/predose-naturelle-adjuvants-pour-chaux-pozzo-nuovo\/","og_site_name":"Ma Cabane mat\u00e9riaux naturels","article_modified_time":"2025-06-17T13:23:24+00:00","twitter_card":"summary_large_image","twitter_misc":{"Dur\u00e9e de lecture estim\u00e9e":"1 minute"},"schema":{"@context":"https:\/\/schema.org","@graph":[{"@type":"WebPage","@id":"https:\/\/nature-et-developpement.com\/macabane-materiaux\/produit\/predose-naturelle-adjuvants-pour-chaux-pozzo-nuovo\/","url":"https:\/\/nature-et-developpement.com\/macabane-materiaux\/produit\/predose-naturelle-adjuvants-pour-chaux-pozzo-nuovo\/","name":"Pr\u00e9dose naturelle adjuvants pour chaux Pozzo Nuovo - Ma Cabane mat\u00e9riaux naturels","isPartOf":{"@id":"https:\/\/nature-et-developpement.com\/macabane-materiaux\/#website"},"primaryImageOfPage":{"@id":"https:\/\/nature-et-developpement.com\/macabane-materiaux\/produit\/predose-naturelle-adjuvants-pour-chaux-pozzo-nuovo\/#primaryimage"},"image":{"@id":"https:\/\/nature-et-developpement.com\/macabane-materiaux\/produit\/predose-naturelle-adjuvants-pour-chaux-pozzo-nuovo\/#primaryimage"},"thumbnailUrl":"https:\/\/nature-et-developpement.com\/macabane-materiaux\/wp-content\/uploads\/29880-Predose-naturelle-adjuvants-pour-chaux-Pozzo-Nuovo.jpg","datePublished":"2023-12-31T23:00:00+00:00","dateModified":"2025-06-17T13:23:24+00:00","description":"La Pr\u00e9dose naturelle Pozzo Nuovo est un produit en poudre contenant les adjuvants n\u00e9cessaires \u00e0 la formulation de badigeons, stucs et enduits fins mis en \u0153uvre sur supports ferm\u00e9s.","breadcrumb":{"@id":"https:\/\/nature-et-developpement.com\/macabane-materiaux\/produit\/predose-naturelle-adjuvants-pour-chaux-pozzo-nuovo\/#breadcrumb"},"inLanguage":"fr-FR","potentialAction":[{"@type":"ReadAction","target":["https:\/\/nature-et-developpement.com\/macabane-materiaux\/produit\/predose-naturelle-adjuvants-pour-chaux-pozzo-nuovo\/"]}]},{"@type":"ImageObject","inLanguage":"fr-FR","@id":"https:\/\/nature-et-developpement.com\/macabane-materiaux\/produit\/predose-naturelle-adjuvants-pour-chaux-pozzo-nuovo\/#primaryimage","url":"https:\/\/nature-et-developpement.com\/macabane-materiaux\/wp-content\/uploads\/29880-Predose-naturelle-adjuvants-pour-chaux-Pozzo-Nuovo.jpg","contentUrl":"https:\/\/nature-et-developpement.com\/macabane-materiaux\/wp-content\/uploads\/29880-Predose-naturelle-adjuvants-pour-chaux-Pozzo-Nuovo.jpg"},{"@type":"BreadcrumbList","@id":"https:\/\/nature-et-developpement.com\/macabane-materiaux\/produit\/predose-naturelle-adjuvants-pour-chaux-pozzo-nuovo\/#breadcrumb","itemListElement":[{"@type":"ListItem","position":1,"name":"Accueil","item":"https:\/\/nature-et-developpement.com\/macabane-materiaux\/"},{"@type":"ListItem","position":2,"name":"Boutique","item":"https:\/\/nature-et-developpement.com\/macabane-materiaux\/boutique\/"},{"@type":"ListItem","position":3,"name":"Peinture, pigment et enduit","item":"https:\/\/nature-et-developpement.com\/macabane-materiaux\/produits\/peinture-et-enduit\/"},{"@type":"ListItem","position":4,"name":"Adjuvants","item":"https:\/\/nature-et-developpement.com\/macabane-materiaux\/produits\/peinture-et-enduit\/adjuvants\/"},{"@type":"ListItem","position":5,"name":"Pr\u00e9dose naturelle adjuvants pour chaux Pozzo Nuovo"}]},{"@type":"WebSite","@id":"https:\/\/nature-et-developpement.com\/macabane-materiaux\/#website","url":"https:\/\/nature-et-developpement.com\/macabane-materiaux\/","name":"Ma Cabane mat\u00e9riaux naturels","description":"Ma Cabane est membre du groupement Nature &amp; D\u00e9veloppement","potentialAction":[{"@type":"SearchAction","target":{"@type":"EntryPoint","urlTemplate":"https:\/\/nature-et-developpement.com\/macabane-materiaux\/?s={search_term_string}"},"query-input":{"@type":"PropertyValueSpecification","valueRequired":true,"valueName":"search_term_string"}}],"inLanguage":"fr-FR"}]}},"distributor_meta":false,"distributor_terms":false,"distributor_media":false,"distributor_original_site_name":"Ma Cabane mat\u00e9riaux naturels","distributor_original_site_url":"https:\/\/nature-et-developpement.com\/macabane-materiaux","push-errors":false,"_links":{"self":[{"href":"https:\/\/nature-et-developpement.com\/macabane-materiaux\/wp-json\/wp\/v2\/product\/1362","targetHints":{"allow":["GET"]}}],"collection":[{"href":"https:\/\/nature-et-developpement.com\/macabane-materiaux\/wp-json\/wp\/v2\/product"}],"about":[{"href":"https:\/\/nature-et-developpement.com\/macabane-materiaux\/wp-json\/wp\/v2\/types\/product"}],"wp:featuredmedia":[{"embeddable":true,"href":"https:\/\/nature-et-developpement.com\/macabane-materiaux\/wp-json\/"}],"wp:attachment":[{"href":"https:\/\/nature-et-developpement.com\/macabane-materiaux\/wp-json\/wp\/v2\/media?parent=1362"}],"wp:term":[{"taxonomy":"product_brand","embeddable":true,"href":"https:\/\/nature-et-developpement.com\/macabane-materiaux\/wp-json\/wp\/v2\/product_brand?post=1362"},{"taxonomy":"product_cat","embeddable":true,"href":"https:\/\/nature-et-developpement.com\/macabane-materiaux\/wp-json\/wp\/v2\/product_cat?post=1362"},{"taxonomy":"product_tag","embeddable":true,"href":"https:\/\/nature-et-developpement.com\/macabane-materiaux\/wp-json\/wp\/v2\/product_tag?post=1362"}],"curies":[{"name":"wp","href":"https:\/\/api.w.org\/{rel}","templated":true}]}}