{"id":13780,"date":"2024-05-22T09:09:51","date_gmt":"2024-05-22T07:09:51","guid":{"rendered":"https:\/\/nature-et-developpement.com\/macabane-materiaux\/produit\/panneau-acoustique-laine-de-coton-recycle-metisse-le-relais\/"},"modified":"2025-12-11T06:10:08","modified_gmt":"2025-12-11T05:10:08","slug":"panneau-acoustique-laine-de-coton-recycle-metisse-le-relais","status":"publish","type":"product","link":"https:\/\/nature-et-developpement.com\/macabane-materiaux\/produit\/panneau-acoustique-laine-de-coton-recycle-metisse-le-relais\/","title":{"rendered":"M\u00e9tisse Le Relais &#8211; Panneau acoustique laine de coton recycl\u00e9"},"content":{"rendered":"<h2>Panneau acoustique laine de coton recycl\u00e9 M\u00e9tisse Le Relais &#8211; Isolation efficace et responsable<\/h2>\n<p>D\u00e9couvrez le panneau acoustique M\u00e9tisse Le Relais, la solution id\u00e9ale pour une isolation performante et respectueuse de la sant\u00e9 des personnes vivants dans les lieux et des poseurs. Fabriqu\u00e9 \u00e0 partir de laine de coton recycl\u00e9, ce panneau offre des performances thermiques et acoustiques exceptionnelles.<\/p>\n<p><strong>Pourquoi choisir le panneau acoustique M\u00e9tisse ?<\/strong><\/p>\n<p>Le panneau acoustique M\u00e9tisse se distingue par ses nombreux avantages. En premier lieu, il est issu de mat\u00e9riaux recycl\u00e9s, ce qui le rend particuli\u00e8rement \u00e9co-responsable. En plus, ses performances acoustiques et thermiques sont remarquables et certifi\u00e9es. Vous b\u00e9n\u00e9ficiez d\u2019un confort optimal en \u00e9t\u00e9 comme en hiver. Ce produit r\u00e9gule l&rsquo;humidit\u00e9 et assure aussi une isolation thermique et phonique efficace.<\/p>\n<h3><strong>Facilit\u00e9 de pose<\/strong><\/h3>\n<p>Le panneau M\u00e9tisse est tr\u00e8s facile \u00e0 poser. Sa flexibilit\u00e9 lui permet d&rsquo;\u00e9pouser parfaitement les formes des murs et des cloisons. De plus, il ne provoque aucune irritation lors de la manipulation. Vous pouvez l&rsquo;installer rapidement, sans tracas, que ce soit pour les murs, les sous-toitures ou les planchers, mais aussi, gr\u00e2ce \u00e0 son faible poids, dans les tiny house ou les vans am\u00e9nag\u00e9s. Gr\u00e2ce \u00e0 son traitement innovant sans sels de bore, il garantit une s\u00e9curit\u00e9 accrue.<\/p>\n<p><strong>Caract\u00e9ristiques techniques<\/strong><\/p>\n<p>Le panneau acoustique M\u00e9tisse est compos\u00e9 de 85% de textiles recycl\u00e9s, principalement du coton. Il int\u00e8gre \u00e9galement un liant polyester pour assurer sa coh\u00e9sion. Voici quelques donn\u00e9es techniques importantes :<\/p>\n<ul>\n<li><strong>Conductivit\u00e9 thermique :<\/strong> \u03bb = 0,039 W\/mK<\/li>\n<li><strong>Densit\u00e9 :<\/strong> 20 kg\/m3<\/li>\n<li><strong>Chaleur sp\u00e9cifique :<\/strong> Cp = 1600 J\/kg.K<\/li>\n<li><strong>D\u00e9phasage :<\/strong> Jusqu\u2019\u00e0 8h pour une \u00e9paisseur de 240mm<\/li>\n<li><strong>Absorption d\u2019eau :<\/strong> Wp = 7,04 par 8,3 kg\/m\u00b2<\/li>\n<li><strong>Reprise d\u2019\u00e9paisseur apr\u00e8s compression :<\/strong> 100%<\/li>\n<li><strong>R\u00e9sistance fongique :<\/strong> Classe 0 (Inerte)<\/li>\n<\/ul>\n<p><strong>Applications<\/strong><\/p>\n<p>Que ce soit pour des projets de construction ou de r\u00e9novation, ce produit r\u00e9pond \u00e0 toutes vos exigences. De plus, il est certifi\u00e9 ACERMI, ce qui vous permet d&rsquo;\u00eatre \u00e9ligible aux aides d&rsquo;\u00e9tat, et valid\u00e9 par le CSTB, garantissant ainsi sa qualit\u00e9 et ses performances.<\/p>\n<p><strong>Engagement social<\/strong><\/p>\n<p>Le Relais, \u00e0 travers la fabrication du panneau M\u00e9tisse, r\u00e9investit tous les b\u00e9n\u00e9fices dans la cr\u00e9ation d&#8217;emplois durables. Ainsi, en choisissant ce produit, vous contribuez \u00e0 une initiative solidaire.<\/p>\n<p><strong>Conclusion<\/strong><\/p>\n<p>Optez pour le panneau acoustique en laine de coton recycl\u00e9 M\u00e9tisse Le Relais. Profitez d\u2019une isolation thermique et acoustique de haute performance, d\u2019une pose facile et rapide, et d\u2019une solution \u00e9co-responsable. Offrez-vous le confort et la tranquillit\u00e9 avec M\u00e9tisse!<\/p>\n","protected":false},"excerpt":{"rendered":"<p>D\u00e9couvrez le panneau acoustique M\u00e9tisse en laine de coton recycl\u00e9 pour une isolation performante et saine. Pose facile et confort assur\u00e9!<\/p>\n<p><strong>Certification ACERMI et CSTB<\/strong><br \/>\n<span style=\"color: #2aa4a9\"><em><strong>\u00c9ligible aux aides gouvernementales<\/strong><\/em><\/span><\/p>\n","protected":false},"featured_media":1000000175565,"template":"","meta":[],"product_brand":[2874],"product_cat":[73,2671,2672],"product_tag":[],"class_list":{"0":"post-13780","1":"product","2":"type-product","3":"status-publish","4":"has-post-thumbnail","6":"product_brand-le-relais","7":"product_cat-demande-de-devis-uniquement-sans-prix","8":"product_cat-isolation-interieure","9":"product_cat-isolation-phonique","11":"first","12":"instock","13":"sale","14":"taxable","15":"shipping-taxable","16":"purchasable","17":"product-type-variable"},"yoast_head":"<!-- This site is optimized with the Yoast SEO plugin v27.5 - https:\/\/yoast.com\/product\/yoast-seo-wordpress\/ -->\n<title>Panneau acoustique laine de coton recycl\u00e9 M\u00e9tisse Le Relais<\/title>\n<meta name=\"description\" content=\"D\u00e9couvrez le panneau acoustique M\u00e9tisse en laine de coton recycl\u00e9 pour une isolation performante et saine. Pose facile et confort assur\u00e9!\" \/>\n<meta name=\"robots\" content=\"noindex, nofollow\" \/>\n<meta property=\"og:locale\" content=\"fr_FR\" \/>\n<meta property=\"og:type\" content=\"article\" \/>\n<meta property=\"og:title\" content=\"Panneau acoustique laine de coton recycl\u00e9 M\u00e9tisse Le Relais\" \/>\n<meta property=\"og:description\" content=\"D\u00e9couvrez le panneau acoustique M\u00e9tisse en laine de coton recycl\u00e9 pour une isolation performante et saine. Pose facile et confort assur\u00e9!\" \/>\n<meta property=\"og:url\" content=\"https:\/\/nature-et-developpement.com\/macabane-materiaux\/produit\/panneau-acoustique-laine-de-coton-recycle-metisse-le-relais\/\" \/>\n<meta property=\"og:site_name\" content=\"Ma Cabane mat\u00e9riaux naturels\" \/>\n<meta property=\"article:modified_time\" content=\"2025-12-11T05:10:08+00:00\" \/>\n<meta name=\"twitter:card\" content=\"summary_large_image\" \/>\n<meta name=\"twitter:label1\" content=\"Dur\u00e9e de lecture estim\u00e9e\" \/>\n\t<meta name=\"twitter:data1\" content=\"2 minutes\" \/>\n<script type=\"application\/ld+json\" class=\"yoast-schema-graph\">{\"@context\":\"https:\\\/\\\/schema.org\",\"@graph\":[{\"@type\":\"WebPage\",\"@id\":\"https:\\\/\\\/nature-et-developpement.com\\\/macabane-materiaux\\\/produit\\\/panneau-acoustique-laine-de-coton-recycle-metisse-le-relais\\\/\",\"url\":\"https:\\\/\\\/nature-et-developpement.com\\\/macabane-materiaux\\\/produit\\\/panneau-acoustique-laine-de-coton-recycle-metisse-le-relais\\\/\",\"name\":\"Panneau acoustique laine de coton recycl\u00e9 M\u00e9tisse Le Relais\",\"isPartOf\":{\"@id\":\"https:\\\/\\\/nature-et-developpement.com\\\/macabane-materiaux\\\/#website\"},\"primaryImageOfPage\":{\"@id\":\"https:\\\/\\\/nature-et-developpement.com\\\/macabane-materiaux\\\/produit\\\/panneau-acoustique-laine-de-coton-recycle-metisse-le-relais\\\/#primaryimage\"},\"image\":{\"@id\":\"https:\\\/\\\/nature-et-developpement.com\\\/macabane-materiaux\\\/produit\\\/panneau-acoustique-laine-de-coton-recycle-metisse-le-relais\\\/#primaryimage\"},\"thumbnailUrl\":\"https:\\\/\\\/nature-et-developpement.com\\\/macabane-materiaux\\\/wp-content\\\/uploads\\\/Panneau-acoustique-laine-de-coton-recycle-Metisse-Le-Relais.jpg\",\"datePublished\":\"2024-05-22T07:09:51+00:00\",\"dateModified\":\"2025-12-11T05:10:08+00:00\",\"description\":\"D\u00e9couvrez le panneau acoustique M\u00e9tisse en laine de coton recycl\u00e9 pour une isolation performante et saine. Pose facile et confort assur\u00e9!\",\"breadcrumb\":{\"@id\":\"https:\\\/\\\/nature-et-developpement.com\\\/macabane-materiaux\\\/produit\\\/panneau-acoustique-laine-de-coton-recycle-metisse-le-relais\\\/#breadcrumb\"},\"inLanguage\":\"fr-FR\",\"potentialAction\":[{\"@type\":\"ReadAction\",\"target\":[\"https:\\\/\\\/nature-et-developpement.com\\\/macabane-materiaux\\\/produit\\\/panneau-acoustique-laine-de-coton-recycle-metisse-le-relais\\\/\"]}]},{\"@type\":\"ImageObject\",\"inLanguage\":\"fr-FR\",\"@id\":\"https:\\\/\\\/nature-et-developpement.com\\\/macabane-materiaux\\\/produit\\\/panneau-acoustique-laine-de-coton-recycle-metisse-le-relais\\\/#primaryimage\",\"url\":\"https:\\\/\\\/nature-et-developpement.com\\\/macabane-materiaux\\\/wp-content\\\/uploads\\\/Panneau-acoustique-laine-de-coton-recycle-Metisse-Le-Relais.jpg\",\"contentUrl\":\"https:\\\/\\\/nature-et-developpement.com\\\/macabane-materiaux\\\/wp-content\\\/uploads\\\/Panneau-acoustique-laine-de-coton-recycle-Metisse-Le-Relais.jpg\"},{\"@type\":\"BreadcrumbList\",\"@id\":\"https:\\\/\\\/nature-et-developpement.com\\\/macabane-materiaux\\\/produit\\\/panneau-acoustique-laine-de-coton-recycle-metisse-le-relais\\\/#breadcrumb\",\"itemListElement\":[{\"@type\":\"ListItem\",\"position\":1,\"name\":\"Accueil\",\"item\":\"https:\\\/\\\/nature-et-developpement.com\\\/macabane-materiaux\\\/\"},{\"@type\":\"ListItem\",\"position\":2,\"name\":\"Boutique\",\"item\":\"https:\\\/\\\/nature-et-developpement.com\\\/macabane-materiaux\\\/boutique\\\/\"},{\"@type\":\"ListItem\",\"position\":3,\"name\":\"Isolation et \u00e9tanch\u00e9it\u00e9\",\"item\":\"https:\\\/\\\/nature-et-developpement.com\\\/macabane-materiaux\\\/produits\\\/isolation-et-etancheite\\\/\"},{\"@type\":\"ListItem\",\"position\":4,\"name\":\"Isolation int\u00e9rieure\",\"item\":\"https:\\\/\\\/nature-et-developpement.com\\\/macabane-materiaux\\\/produits\\\/isolation-et-etancheite\\\/isolation-interieure\\\/\"},{\"@type\":\"ListItem\",\"position\":5,\"name\":\"M\u00e9tisse Le Relais &#8211; Panneau acoustique laine de coton recycl\u00e9\"}]},{\"@type\":\"WebSite\",\"@id\":\"https:\\\/\\\/nature-et-developpement.com\\\/macabane-materiaux\\\/#website\",\"url\":\"https:\\\/\\\/nature-et-developpement.com\\\/macabane-materiaux\\\/\",\"name\":\"Ma Cabane mat\u00e9riaux naturels\",\"description\":\"Ma Cabane est membre du groupement Nature &amp; D\u00e9veloppement\",\"potentialAction\":[{\"@type\":\"SearchAction\",\"target\":{\"@type\":\"EntryPoint\",\"urlTemplate\":\"https:\\\/\\\/nature-et-developpement.com\\\/macabane-materiaux\\\/?s={search_term_string}\"},\"query-input\":{\"@type\":\"PropertyValueSpecification\",\"valueRequired\":true,\"valueName\":\"search_term_string\"}}],\"inLanguage\":\"fr-FR\"}]}<\/script>\n<!-- \/ Yoast SEO plugin. -->","yoast_head_json":{"title":"Panneau acoustique laine de coton recycl\u00e9 M\u00e9tisse Le Relais","description":"D\u00e9couvrez le panneau acoustique M\u00e9tisse en laine de coton recycl\u00e9 pour une isolation performante et saine. Pose facile et confort assur\u00e9!","robots":{"index":"noindex","follow":"nofollow"},"og_locale":"fr_FR","og_type":"article","og_title":"Panneau acoustique laine de coton recycl\u00e9 M\u00e9tisse Le Relais","og_description":"D\u00e9couvrez le panneau acoustique M\u00e9tisse en laine de coton recycl\u00e9 pour une isolation performante et saine. Pose facile et confort assur\u00e9!","og_url":"https:\/\/nature-et-developpement.com\/macabane-materiaux\/produit\/panneau-acoustique-laine-de-coton-recycle-metisse-le-relais\/","og_site_name":"Ma Cabane mat\u00e9riaux naturels","article_modified_time":"2025-12-11T05:10:08+00:00","twitter_card":"summary_large_image","twitter_misc":{"Dur\u00e9e de lecture estim\u00e9e":"2 minutes"},"schema":{"@context":"https:\/\/schema.org","@graph":[{"@type":"WebPage","@id":"https:\/\/nature-et-developpement.com\/macabane-materiaux\/produit\/panneau-acoustique-laine-de-coton-recycle-metisse-le-relais\/","url":"https:\/\/nature-et-developpement.com\/macabane-materiaux\/produit\/panneau-acoustique-laine-de-coton-recycle-metisse-le-relais\/","name":"Panneau acoustique laine de coton recycl\u00e9 M\u00e9tisse Le Relais","isPartOf":{"@id":"https:\/\/nature-et-developpement.com\/macabane-materiaux\/#website"},"primaryImageOfPage":{"@id":"https:\/\/nature-et-developpement.com\/macabane-materiaux\/produit\/panneau-acoustique-laine-de-coton-recycle-metisse-le-relais\/#primaryimage"},"image":{"@id":"https:\/\/nature-et-developpement.com\/macabane-materiaux\/produit\/panneau-acoustique-laine-de-coton-recycle-metisse-le-relais\/#primaryimage"},"thumbnailUrl":"https:\/\/nature-et-developpement.com\/macabane-materiaux\/wp-content\/uploads\/Panneau-acoustique-laine-de-coton-recycle-Metisse-Le-Relais.jpg","datePublished":"2024-05-22T07:09:51+00:00","dateModified":"2025-12-11T05:10:08+00:00","description":"D\u00e9couvrez le panneau acoustique M\u00e9tisse en laine de coton recycl\u00e9 pour une isolation performante et saine. Pose facile et confort assur\u00e9!","breadcrumb":{"@id":"https:\/\/nature-et-developpement.com\/macabane-materiaux\/produit\/panneau-acoustique-laine-de-coton-recycle-metisse-le-relais\/#breadcrumb"},"inLanguage":"fr-FR","potentialAction":[{"@type":"ReadAction","target":["https:\/\/nature-et-developpement.com\/macabane-materiaux\/produit\/panneau-acoustique-laine-de-coton-recycle-metisse-le-relais\/"]}]},{"@type":"ImageObject","inLanguage":"fr-FR","@id":"https:\/\/nature-et-developpement.com\/macabane-materiaux\/produit\/panneau-acoustique-laine-de-coton-recycle-metisse-le-relais\/#primaryimage","url":"https:\/\/nature-et-developpement.com\/macabane-materiaux\/wp-content\/uploads\/Panneau-acoustique-laine-de-coton-recycle-Metisse-Le-Relais.jpg","contentUrl":"https:\/\/nature-et-developpement.com\/macabane-materiaux\/wp-content\/uploads\/Panneau-acoustique-laine-de-coton-recycle-Metisse-Le-Relais.jpg"},{"@type":"BreadcrumbList","@id":"https:\/\/nature-et-developpement.com\/macabane-materiaux\/produit\/panneau-acoustique-laine-de-coton-recycle-metisse-le-relais\/#breadcrumb","itemListElement":[{"@type":"ListItem","position":1,"name":"Accueil","item":"https:\/\/nature-et-developpement.com\/macabane-materiaux\/"},{"@type":"ListItem","position":2,"name":"Boutique","item":"https:\/\/nature-et-developpement.com\/macabane-materiaux\/boutique\/"},{"@type":"ListItem","position":3,"name":"Isolation et \u00e9tanch\u00e9it\u00e9","item":"https:\/\/nature-et-developpement.com\/macabane-materiaux\/produits\/isolation-et-etancheite\/"},{"@type":"ListItem","position":4,"name":"Isolation int\u00e9rieure","item":"https:\/\/nature-et-developpement.com\/macabane-materiaux\/produits\/isolation-et-etancheite\/isolation-interieure\/"},{"@type":"ListItem","position":5,"name":"M\u00e9tisse Le Relais &#8211; Panneau acoustique laine de coton recycl\u00e9"}]},{"@type":"WebSite","@id":"https:\/\/nature-et-developpement.com\/macabane-materiaux\/#website","url":"https:\/\/nature-et-developpement.com\/macabane-materiaux\/","name":"Ma Cabane mat\u00e9riaux naturels","description":"Ma Cabane est membre du groupement Nature &amp; D\u00e9veloppement","potentialAction":[{"@type":"SearchAction","target":{"@type":"EntryPoint","urlTemplate":"https:\/\/nature-et-developpement.com\/macabane-materiaux\/?s={search_term_string}"},"query-input":{"@type":"PropertyValueSpecification","valueRequired":true,"valueName":"search_term_string"}}],"inLanguage":"fr-FR"}]}},"distributor_meta":false,"distributor_terms":false,"distributor_media":false,"distributor_original_site_name":"Ma Cabane mat\u00e9riaux naturels","distributor_original_site_url":"https:\/\/nature-et-developpement.com\/macabane-materiaux","push-errors":false,"_links":{"self":[{"href":"https:\/\/nature-et-developpement.com\/macabane-materiaux\/wp-json\/wp\/v2\/product\/13780","targetHints":{"allow":["GET"]}}],"collection":[{"href":"https:\/\/nature-et-developpement.com\/macabane-materiaux\/wp-json\/wp\/v2\/product"}],"about":[{"href":"https:\/\/nature-et-developpement.com\/macabane-materiaux\/wp-json\/wp\/v2\/types\/product"}],"wp:featuredmedia":[{"embeddable":true,"href":"https:\/\/nature-et-developpement.com\/macabane-materiaux\/wp-json\/"}],"wp:attachment":[{"href":"https:\/\/nature-et-developpement.com\/macabane-materiaux\/wp-json\/wp\/v2\/media?parent=13780"}],"wp:term":[{"taxonomy":"product_brand","embeddable":true,"href":"https:\/\/nature-et-developpement.com\/macabane-materiaux\/wp-json\/wp\/v2\/product_brand?post=13780"},{"taxonomy":"product_cat","embeddable":true,"href":"https:\/\/nature-et-developpement.com\/macabane-materiaux\/wp-json\/wp\/v2\/product_cat?post=13780"},{"taxonomy":"product_tag","embeddable":true,"href":"https:\/\/nature-et-developpement.com\/macabane-materiaux\/wp-json\/wp\/v2\/product_tag?post=13780"}],"curies":[{"name":"wp","href":"https:\/\/api.w.org\/{rel}","templated":true}]}}