{"id":14326,"date":"2024-12-31T00:00:38","date_gmt":"2024-12-30T23:00:38","guid":{"rendered":"https:\/\/nature-et-developpement.com\/macabane-materiaux\/produit\/huile-rubio-oil2c-monocoat\/"},"modified":"2026-04-12T11:26:44","modified_gmt":"2026-04-12T09:26:44","slug":"huile-rubio-oil2c-monocoat","status":"publish","type":"product","link":"https:\/\/nature-et-developpement.com\/macabane-materiaux\/produit\/huile-rubio-oil2c-monocoat\/","title":{"rendered":"Huile bois int\u00e9rieur monocouche OIL+2C RUBIO pour plan de travail, meuble, parquet, escalier&#8230;"},"content":{"rendered":"<h2>Huile de protection monocouche OIL PLUS 2C RUBIO<\/h2>\n<p>L&rsquo;<strong>huile Rubio<\/strong> Oil Plus 2c convient parfaitement pour les parquets des lieux aux grandes exigences d\u2019\u00e9l\u00e9gance et de trafic, les escaliers, <strong>plans de travail<\/strong> et les <strong>meubles<\/strong>.<\/p>\n<p>En un temps record, colorez et prot\u00e9gez et r\u00e9novez vos bois en\u00a0<strong>une seule couche<\/strong>\u00a0de oil plus 2c gr\u00e2ce \u00e0 la\u00a0liaison mol\u00e9culaire unique de Rubio Monocoat<\/p>\n<ul>\n<li>Huile bois\u00a0<strong>monocouche<\/strong>\u00a0disponible en 40 couleurs standard.\u00a0Maintenant aussi en 13 couleurs de tendances!<\/li>\n<li>0 % de COV, ne contient\u00a0pas d&rsquo;eau ni de solvant\u00a0pour un <strong>int\u00e9rieur<\/strong> sain d\u00e8s l&rsquo;application de Oil plus 2c<\/li>\n<li>100% extrait sec<\/li>\n<li>Oil plus 2c test\u00e9 selon la\u00a0<strong>Norme Jouet<\/strong> EN 71-3<\/li>\n<li>Oil Plus 2c enrichit l&rsquo;apparence naturelle du bois et de vos <strong>parquets<\/strong>.<\/li>\n<li>Application facile :\u00a0Pas de raccord ou de chevauchement.<\/li>\n<li>Faible consommation : oil plus 2c 30 &#8211; 50 m\u00b2\/L.<\/li>\n<li>Peut \u00eatre appliqu\u00e9 sur la plupart des supports en bois exotique comme le teck ou plus locaux comme le pin ou le ch\u00eane\u00a0 (Tester les couleurs avant application).<\/li>\n<li>R\u00e9sistant \u00e0 l\u2019usure et au passage sur surface bois <strong>int\u00e9rieures<\/strong> comme les parquets et les <strong>boiseries<\/strong> (Test\u00e9 au FCBA)<\/li>\n<li>R\u00e9sistant \u00e0 l\u2019eau et \u00e0 la chaleur,\u00a0adapt\u00e9 aux <strong>salles de bains<\/strong> et aux <strong>cuisines<\/strong>.<\/li>\n<li>Durcissement rapide : 80 % en deux jours.<\/li>\n<li>Entretien <strong>facile<\/strong> des meubles et parquets\u00a0sans rehuilage fr\u00e9quent<\/li>\n<li>Peut \u00eatre entretenu avec Rubio Savon <strong>int\u00e9rieur<\/strong> apr\u00e8s 5-7 jours.<\/li>\n<li>Emballage:\u00a0double bo\u00eete de\u00a0350 ml,\u00a01,3 L et 3,5 L<\/li>\n<\/ul>\n<h5>Pr\u00e9conisation de pose<\/h5>\n<ol>\n<li>Bien m\u00e9langer RMC <strong>Oil Plus 2C<\/strong>.<\/li>\n<li>Poncez minutieusement au grain 120 pour une adh\u00e9rence optimale, un pon\u00e7age dans le sens des fibres du bois brut vous donnera des finitions parfaites.<\/li>\n<li>Passez un chiffon avec le <a href=\"https:\/\/nature-et-developpement.com\/produit\/preparateur-de-support-interieur-cleaner-de-rubio\/\" target=\"_blank\" rel=\"noopener\">pr\u00e9parateur de support Cleaner<\/a> de Rubio<\/li>\n<li>Travaillez par zone de 5 \u00e0 10m2.<\/li>\n<li>Appliquez une petite quantit\u00e9 de produit \u00e0 l\u2019aide de l\u2019outil pr\u00e9conis\u00e9*.<\/li>\n<li>Laissez agir quelques instants.<\/li>\n<li>Essuyez l\u2019exc\u00e9dent. La surface doit \u00eatre s\u00e8che au toucher apr\u00e8s essuyage<\/li>\n<\/ol>\n<h5 style=\"text-align: center\"><a href=\"https:\/\/www.ul.com\/resources\/ul-greenguard-certification-program\" target=\"_blank\" rel=\"noopener\"><strong>Certifi\u00e9 GreenGuard Gold<\/strong><\/a><a href=\"https:\/\/www.ul.com\/resources\/ul-greenguard-certification-program\" target=\"_blank\" rel=\"noopener\"><img loading=\"lazy\" decoding=\"async\" class=\"aligncenter wp-image-170544 size-medium\" title=\"Logo greenGuard Gold\" src=\"https:\/\/nature-et-developpement.com\/wp-content\/uploads\/Logo-greenguard-gold-339x450.jpg\" alt=\"certification UL GREENGUARD\" width=\"339\" height=\"450\" \/><\/a><\/h5>\n<p><img loading=\"lazy\" decoding=\"async\" class=\"aligncenter wp-image-202473 size-full\" src=\"https:\/\/nature-et-developpement.com\/wp-content\/uploads\/Couleur-Oil-plus-2C-2025.png\" alt=\"\" width=\"1118\" height=\"898\" \/><\/p>\n","protected":false},"excerpt":{"rendered":"<p>Rubio Monocouche Oil Plus 2C est une huile bois \u00e9cologique de finition et de traitement pour les bois <strong>int\u00e9rieurs<\/strong> comme les parquets, escalier, meuble , plan de travail,&#8230;<br \/>\nRubio Oil Plus 2C est une alternative au vitrificateur ou vernis.<\/p>\n<h5><a href=\"https:\/\/www.ul.com\/resources\/ul-greenguard-certification-program\" target=\"_blank\" rel=\"noopener\"><strong>Certifi\u00e9 GreenGuard Gold<\/strong><\/a><\/h5>\n<p><img loading=\"lazy\" decoding=\"async\" class=\"size-full wp-image-169014 alignleft\" src=\"https:\/\/nature-et-developpement.com\/wp-content\/uploads\/Contact-alimentaire-confirme.png\" alt=\"\" width=\"80\" height=\"80\" \/><\/p>\n","protected":false},"featured_media":1000000202348,"template":"","meta":[],"product_brand":[177],"product_cat":[91,115,103],"product_tag":[2683],"class_list":{"0":"post-14326","1":"product","2":"type-product","3":"status-publish","4":"has-post-thumbnail","6":"product_brand-rubio","7":"product_cat-protection-du-bois","8":"product_cat-protection-et-entretien","9":"product_cat-protection-et-entretien-du-sol","10":"product_tag-rubio","11":"product_shipping_class-peintures-accessoires-peintures","13":"first","14":"instock","15":"taxable","16":"shipping-taxable","17":"purchasable","18":"product-type-variable"},"yoast_head":"<!-- This site is optimized with the Yoast SEO plugin v27.5 - https:\/\/yoast.com\/product\/yoast-seo-wordpress\/ -->\n<title>Huile bois int\u00e9rieur monocouche OIL+2C RUBIO pour plan de travail, meuble, parquet, escalier... - Ma Cabane mat\u00e9riaux naturels<\/title>\n<meta name=\"description\" content=\"Rubio Monocouche Oil Plus 2C est une huile bois \u00e9cologique de finition et de traitement pour les bois int\u00e9rieurs comme les parquets, escalier, meuble , plan de travail,... Rubio Oil Plus 2C est une alternative au vitrificateur ou vernis. Certifi\u00e9 GreenGuard Gold\" \/>\n<meta name=\"robots\" content=\"noindex, nofollow\" \/>\n<meta property=\"og:locale\" content=\"fr_FR\" \/>\n<meta property=\"og:type\" content=\"article\" \/>\n<meta property=\"og:title\" content=\"Huile bois int\u00e9rieur monocouche OIL+2C RUBIO pour plan de travail, meuble, parquet, escalier... - Ma Cabane mat\u00e9riaux naturels\" \/>\n<meta property=\"og:description\" content=\"Rubio Monocouche Oil Plus 2C est une huile bois \u00e9cologique de finition et de traitement pour les bois int\u00e9rieurs comme les parquets, escalier, meuble , plan de travail,... Rubio Oil Plus 2C est une alternative au vitrificateur ou vernis. Certifi\u00e9 GreenGuard Gold\" \/>\n<meta property=\"og:url\" content=\"https:\/\/nature-et-developpement.com\/macabane-materiaux\/produit\/huile-rubio-oil2c-monocoat\/\" \/>\n<meta property=\"og:site_name\" content=\"Ma Cabane mat\u00e9riaux naturels\" \/>\n<meta property=\"article:modified_time\" content=\"2026-04-12T09:26:44+00:00\" \/>\n<meta name=\"twitter:card\" content=\"summary_large_image\" \/>\n<meta name=\"twitter:label1\" content=\"Dur\u00e9e de lecture estim\u00e9e\" \/>\n\t<meta name=\"twitter:data1\" content=\"2 minutes\" \/>\n<script type=\"application\/ld+json\" class=\"yoast-schema-graph\">{\"@context\":\"https:\\\/\\\/schema.org\",\"@graph\":[{\"@type\":\"WebPage\",\"@id\":\"https:\\\/\\\/nature-et-developpement.com\\\/macabane-materiaux\\\/produit\\\/huile-rubio-oil2c-monocoat\\\/\",\"url\":\"https:\\\/\\\/nature-et-developpement.com\\\/macabane-materiaux\\\/produit\\\/huile-rubio-oil2c-monocoat\\\/\",\"name\":\"Huile bois int\u00e9rieur monocouche OIL+2C RUBIO pour plan de travail, meuble, parquet, escalier... - Ma Cabane mat\u00e9riaux naturels\",\"isPartOf\":{\"@id\":\"https:\\\/\\\/nature-et-developpement.com\\\/macabane-materiaux\\\/#website\"},\"primaryImageOfPage\":{\"@id\":\"https:\\\/\\\/nature-et-developpement.com\\\/macabane-materiaux\\\/produit\\\/huile-rubio-oil2c-monocoat\\\/#primaryimage\"},\"image\":{\"@id\":\"https:\\\/\\\/nature-et-developpement.com\\\/macabane-materiaux\\\/produit\\\/huile-rubio-oil2c-monocoat\\\/#primaryimage\"},\"thumbnailUrl\":\"https:\\\/\\\/nature-et-developpement.com\\\/macabane-materiaux\\\/wp-content\\\/uploads\\\/oil-plus-2c_RUBIO-1-3L.jpg\",\"datePublished\":\"2024-12-30T23:00:38+00:00\",\"dateModified\":\"2026-04-12T09:26:44+00:00\",\"description\":\"Rubio Monocouche Oil Plus 2C est une huile bois \u00e9cologique de finition et de traitement pour les bois int\u00e9rieurs comme les parquets, escalier, meuble , plan de travail,... Rubio Oil Plus 2C est une alternative au vitrificateur ou vernis. Certifi\u00e9 GreenGuard Gold\",\"breadcrumb\":{\"@id\":\"https:\\\/\\\/nature-et-developpement.com\\\/macabane-materiaux\\\/produit\\\/huile-rubio-oil2c-monocoat\\\/#breadcrumb\"},\"inLanguage\":\"fr-FR\",\"potentialAction\":[{\"@type\":\"ReadAction\",\"target\":[\"https:\\\/\\\/nature-et-developpement.com\\\/macabane-materiaux\\\/produit\\\/huile-rubio-oil2c-monocoat\\\/\"]}]},{\"@type\":\"ImageObject\",\"inLanguage\":\"fr-FR\",\"@id\":\"https:\\\/\\\/nature-et-developpement.com\\\/macabane-materiaux\\\/produit\\\/huile-rubio-oil2c-monocoat\\\/#primaryimage\",\"url\":\"https:\\\/\\\/nature-et-developpement.com\\\/macabane-materiaux\\\/wp-content\\\/uploads\\\/oil-plus-2c_RUBIO-1-3L.jpg\",\"contentUrl\":\"https:\\\/\\\/nature-et-developpement.com\\\/macabane-materiaux\\\/wp-content\\\/uploads\\\/oil-plus-2c_RUBIO-1-3L.jpg\"},{\"@type\":\"BreadcrumbList\",\"@id\":\"https:\\\/\\\/nature-et-developpement.com\\\/macabane-materiaux\\\/produit\\\/huile-rubio-oil2c-monocoat\\\/#breadcrumb\",\"itemListElement\":[{\"@type\":\"ListItem\",\"position\":1,\"name\":\"Accueil\",\"item\":\"https:\\\/\\\/nature-et-developpement.com\\\/macabane-materiaux\\\/\"},{\"@type\":\"ListItem\",\"position\":2,\"name\":\"Boutique\",\"item\":\"https:\\\/\\\/nature-et-developpement.com\\\/macabane-materiaux\\\/boutique\\\/\"},{\"@type\":\"ListItem\",\"position\":3,\"name\":\"Peinture, pigment et enduit\",\"item\":\"https:\\\/\\\/nature-et-developpement.com\\\/macabane-materiaux\\\/produits\\\/peinture-et-enduit\\\/\"},{\"@type\":\"ListItem\",\"position\":4,\"name\":\"Protection du bois\",\"item\":\"https:\\\/\\\/nature-et-developpement.com\\\/macabane-materiaux\\\/produits\\\/peinture-et-enduit\\\/protection-du-bois\\\/\"},{\"@type\":\"ListItem\",\"position\":5,\"name\":\"Huile bois int\u00e9rieur monocouche OIL+2C RUBIO pour plan de travail, meuble, parquet, escalier&#8230;\"}]},{\"@type\":\"WebSite\",\"@id\":\"https:\\\/\\\/nature-et-developpement.com\\\/macabane-materiaux\\\/#website\",\"url\":\"https:\\\/\\\/nature-et-developpement.com\\\/macabane-materiaux\\\/\",\"name\":\"Ma Cabane mat\u00e9riaux naturels\",\"description\":\"Ma Cabane est membre du groupement Nature &amp; D\u00e9veloppement\",\"potentialAction\":[{\"@type\":\"SearchAction\",\"target\":{\"@type\":\"EntryPoint\",\"urlTemplate\":\"https:\\\/\\\/nature-et-developpement.com\\\/macabane-materiaux\\\/?s={search_term_string}\"},\"query-input\":{\"@type\":\"PropertyValueSpecification\",\"valueRequired\":true,\"valueName\":\"search_term_string\"}}],\"inLanguage\":\"fr-FR\"}]}<\/script>\n<!-- \/ Yoast SEO plugin. -->","yoast_head_json":{"title":"Huile bois int\u00e9rieur monocouche OIL+2C RUBIO pour plan de travail, meuble, parquet, escalier... - Ma Cabane mat\u00e9riaux naturels","description":"Rubio Monocouche Oil Plus 2C est une huile bois \u00e9cologique de finition et de traitement pour les bois int\u00e9rieurs comme les parquets, escalier, meuble , plan de travail,... Rubio Oil Plus 2C est une alternative au vitrificateur ou vernis. Certifi\u00e9 GreenGuard Gold","robots":{"index":"noindex","follow":"nofollow"},"og_locale":"fr_FR","og_type":"article","og_title":"Huile bois int\u00e9rieur monocouche OIL+2C RUBIO pour plan de travail, meuble, parquet, escalier... - Ma Cabane mat\u00e9riaux naturels","og_description":"Rubio Monocouche Oil Plus 2C est une huile bois \u00e9cologique de finition et de traitement pour les bois int\u00e9rieurs comme les parquets, escalier, meuble , plan de travail,... Rubio Oil Plus 2C est une alternative au vitrificateur ou vernis. Certifi\u00e9 GreenGuard Gold","og_url":"https:\/\/nature-et-developpement.com\/macabane-materiaux\/produit\/huile-rubio-oil2c-monocoat\/","og_site_name":"Ma Cabane mat\u00e9riaux naturels","article_modified_time":"2026-04-12T09:26:44+00:00","twitter_card":"summary_large_image","twitter_misc":{"Dur\u00e9e de lecture estim\u00e9e":"2 minutes"},"schema":{"@context":"https:\/\/schema.org","@graph":[{"@type":"WebPage","@id":"https:\/\/nature-et-developpement.com\/macabane-materiaux\/produit\/huile-rubio-oil2c-monocoat\/","url":"https:\/\/nature-et-developpement.com\/macabane-materiaux\/produit\/huile-rubio-oil2c-monocoat\/","name":"Huile bois int\u00e9rieur monocouche OIL+2C RUBIO pour plan de travail, meuble, parquet, escalier... - Ma Cabane mat\u00e9riaux naturels","isPartOf":{"@id":"https:\/\/nature-et-developpement.com\/macabane-materiaux\/#website"},"primaryImageOfPage":{"@id":"https:\/\/nature-et-developpement.com\/macabane-materiaux\/produit\/huile-rubio-oil2c-monocoat\/#primaryimage"},"image":{"@id":"https:\/\/nature-et-developpement.com\/macabane-materiaux\/produit\/huile-rubio-oil2c-monocoat\/#primaryimage"},"thumbnailUrl":"https:\/\/nature-et-developpement.com\/macabane-materiaux\/wp-content\/uploads\/oil-plus-2c_RUBIO-1-3L.jpg","datePublished":"2024-12-30T23:00:38+00:00","dateModified":"2026-04-12T09:26:44+00:00","description":"Rubio Monocouche Oil Plus 2C est une huile bois \u00e9cologique de finition et de traitement pour les bois int\u00e9rieurs comme les parquets, escalier, meuble , plan de travail,... Rubio Oil Plus 2C est une alternative au vitrificateur ou vernis. Certifi\u00e9 GreenGuard Gold","breadcrumb":{"@id":"https:\/\/nature-et-developpement.com\/macabane-materiaux\/produit\/huile-rubio-oil2c-monocoat\/#breadcrumb"},"inLanguage":"fr-FR","potentialAction":[{"@type":"ReadAction","target":["https:\/\/nature-et-developpement.com\/macabane-materiaux\/produit\/huile-rubio-oil2c-monocoat\/"]}]},{"@type":"ImageObject","inLanguage":"fr-FR","@id":"https:\/\/nature-et-developpement.com\/macabane-materiaux\/produit\/huile-rubio-oil2c-monocoat\/#primaryimage","url":"https:\/\/nature-et-developpement.com\/macabane-materiaux\/wp-content\/uploads\/oil-plus-2c_RUBIO-1-3L.jpg","contentUrl":"https:\/\/nature-et-developpement.com\/macabane-materiaux\/wp-content\/uploads\/oil-plus-2c_RUBIO-1-3L.jpg"},{"@type":"BreadcrumbList","@id":"https:\/\/nature-et-developpement.com\/macabane-materiaux\/produit\/huile-rubio-oil2c-monocoat\/#breadcrumb","itemListElement":[{"@type":"ListItem","position":1,"name":"Accueil","item":"https:\/\/nature-et-developpement.com\/macabane-materiaux\/"},{"@type":"ListItem","position":2,"name":"Boutique","item":"https:\/\/nature-et-developpement.com\/macabane-materiaux\/boutique\/"},{"@type":"ListItem","position":3,"name":"Peinture, pigment et enduit","item":"https:\/\/nature-et-developpement.com\/macabane-materiaux\/produits\/peinture-et-enduit\/"},{"@type":"ListItem","position":4,"name":"Protection du bois","item":"https:\/\/nature-et-developpement.com\/macabane-materiaux\/produits\/peinture-et-enduit\/protection-du-bois\/"},{"@type":"ListItem","position":5,"name":"Huile bois int\u00e9rieur monocouche OIL+2C RUBIO pour plan de travail, meuble, parquet, escalier&#8230;"}]},{"@type":"WebSite","@id":"https:\/\/nature-et-developpement.com\/macabane-materiaux\/#website","url":"https:\/\/nature-et-developpement.com\/macabane-materiaux\/","name":"Ma Cabane mat\u00e9riaux naturels","description":"Ma Cabane est membre du groupement Nature &amp; D\u00e9veloppement","potentialAction":[{"@type":"SearchAction","target":{"@type":"EntryPoint","urlTemplate":"https:\/\/nature-et-developpement.com\/macabane-materiaux\/?s={search_term_string}"},"query-input":{"@type":"PropertyValueSpecification","valueRequired":true,"valueName":"search_term_string"}}],"inLanguage":"fr-FR"}]}},"distributor_meta":false,"distributor_terms":false,"distributor_media":false,"distributor_original_site_name":"Ma Cabane mat\u00e9riaux naturels","distributor_original_site_url":"https:\/\/nature-et-developpement.com\/macabane-materiaux","push-errors":false,"_links":{"self":[{"href":"https:\/\/nature-et-developpement.com\/macabane-materiaux\/wp-json\/wp\/v2\/product\/14326","targetHints":{"allow":["GET"]}}],"collection":[{"href":"https:\/\/nature-et-developpement.com\/macabane-materiaux\/wp-json\/wp\/v2\/product"}],"about":[{"href":"https:\/\/nature-et-developpement.com\/macabane-materiaux\/wp-json\/wp\/v2\/types\/product"}],"wp:featuredmedia":[{"embeddable":true,"href":"https:\/\/nature-et-developpement.com\/macabane-materiaux\/wp-json\/"}],"wp:attachment":[{"href":"https:\/\/nature-et-developpement.com\/macabane-materiaux\/wp-json\/wp\/v2\/media?parent=14326"}],"wp:term":[{"taxonomy":"product_brand","embeddable":true,"href":"https:\/\/nature-et-developpement.com\/macabane-materiaux\/wp-json\/wp\/v2\/product_brand?post=14326"},{"taxonomy":"product_cat","embeddable":true,"href":"https:\/\/nature-et-developpement.com\/macabane-materiaux\/wp-json\/wp\/v2\/product_cat?post=14326"},{"taxonomy":"product_tag","embeddable":true,"href":"https:\/\/nature-et-developpement.com\/macabane-materiaux\/wp-json\/wp\/v2\/product_tag?post=14326"}],"curies":[{"name":"wp","href":"https:\/\/api.w.org\/{rel}","templated":true}]}}