{"id":14567,"date":"2025-02-12T10:26:27","date_gmt":"2025-02-12T09:26:27","guid":{"rendered":"https:\/\/nature-et-developpement.com\/macabane-materiaux\/produit\/ruban-adhesif-tescon-rapic-pro-clima\/"},"modified":"2026-04-22T15:41:55","modified_gmt":"2026-04-22T13:41:55","slug":"ruban-adhesif-tescon-rapic-pro-clima","status":"publish","type":"product","link":"https:\/\/nature-et-developpement.com\/macabane-materiaux\/produit\/ruban-adhesif-tescon-rapic-pro-clima\/","title":{"rendered":"Ruban adh\u00e9sif TESCON RAPIC Pro clima"},"content":{"rendered":"<h3 data-start=\"0\" data-end=\"73\"><strong data-start=\"4\" data-end=\"71\">Ruban adh\u00e9sif TESCON RAPIC \u2013 Pose rapide et \u00e9tanch\u00e9it\u00e9 parfaite<\/strong><\/h3>\n<h4 data-start=\"75\" data-end=\"148\"><strong data-start=\"80\" data-end=\"146\">Un ruban adh\u00e9sif haute performance pour une \u00e9tanch\u00e9it\u00e9 durable<\/strong><\/h4>\n<p data-start=\"150\" data-end=\"407\">Le ruban adh\u00e9sif TESCON RAPIC Pro clima assure des collages fiables et rapides. Il assure l&rsquo;\u00e9tanch\u00e9it\u00e9 \u00e0 l\u2019air des membranes et des panneaux d\u00e9riv\u00e9s du bois. Son support d\u00e9chirable simplifie la d\u00e9coupe et l&rsquo;application. Plus besoin de papier transfert\u202f!<\/p>\n<p data-start=\"409\" data-end=\"598\">Sa colle SOLID r\u00e9sistante \u00e0 l\u2019eau garantit une adh\u00e9rence durable, m\u00eame en pr\u00e9sence d\u2019humidit\u00e9. Conforme aux exigences de la RE 2020, il contribue \u00e0 l\u2019efficacit\u00e9 \u00e9nerg\u00e9tique des b\u00e2timents.<\/p>\n<h3 data-start=\"600\" data-end=\"650\"><strong data-start=\"604\" data-end=\"648\">Pourquoi choisir le ruban TESCON RAPIC\u202f?<\/strong><\/h3>\n<ul data-start=\"652\" data-end=\"1004\">\n<li data-start=\"652\" data-end=\"713\"><strong data-start=\"654\" data-end=\"676\">Application rapide<\/strong> : pas de papier transfert \u00e0 g\u00e9rer.<\/li>\n<li data-start=\"714\" data-end=\"773\"><strong data-start=\"716\" data-end=\"738\">Facile \u00e0 manipuler<\/strong> : support d\u00e9chirable sans outil.<\/li>\n<li data-start=\"774\" data-end=\"849\"><strong data-start=\"776\" data-end=\"798\">Adh\u00e9rence optimale<\/strong> : tient sur de nombreux mat\u00e9riaux, m\u00eame humides.<\/li>\n<li data-start=\"850\" data-end=\"928\"><strong data-start=\"852\" data-end=\"884\">Conforme aux r\u00e9glementations<\/strong> : assure une \u00e9tanch\u00e9it\u00e9 \u00e0 l\u2019air efficace.<\/li>\n<li data-start=\"929\" data-end=\"1004\"><strong data-start=\"931\" data-end=\"950\">S\u00e9curit\u00e9 test\u00e9e<\/strong> : excellents r\u00e9sultats de nocivit\u00e9 selon ISO 16000.<\/li>\n<\/ul>\n<h3 data-start=\"1006\" data-end=\"1053\"><strong data-start=\"1010\" data-end=\"1051\">Comment poser le ruban TESCON RAPIC\u202f?<\/strong><\/h3>\n<h4 data-start=\"1055\" data-end=\"1099\"><strong data-start=\"1060\" data-end=\"1097\">Quels supports sont compatibles ?<\/strong><\/h4>\n<p data-start=\"1100\" data-end=\"1284\">Le ruban adh\u00e8re parfaitement aux membranes Pro clima et aux autres freins-vapeur en PE, PA, PP ou aluminium. Il convient aussi aux panneaux rigides en OSB, contreplaqu\u00e9 et agglom\u00e9r\u00e9.<\/p>\n<p data-start=\"1286\" data-end=\"1481\">Pour les surfaces min\u00e9rales lisses comme le b\u00e9ton ou l\u2019enduit, une sous-couche TESCON PRIMER est n\u00e9cessaire. Assurez-vous que les supports soient propres, secs et sans substances antiadh\u00e9sives.<\/p>\n<h4 data-start=\"1483\" data-end=\"1527\"><strong data-start=\"1488\" data-end=\"1525\">Quelles sont les \u00e9tapes de pose ?<\/strong><\/h4>\n<ol data-start=\"1528\" data-end=\"1855\">\n<li data-start=\"1528\" data-end=\"1604\"><strong data-start=\"1531\" data-end=\"1554\">Pr\u00e9parez la surface<\/strong> : nettoyez et assurez-vous qu\u2019elle soit solide.<\/li>\n<li data-start=\"1605\" data-end=\"1680\"><strong data-start=\"1608\" data-end=\"1630\">Appliquez le ruban<\/strong> : d\u00e9roulez et collez fermement en lissant bien.<\/li>\n<li data-start=\"1681\" data-end=\"1762\"><strong data-start=\"1684\" data-end=\"1697\">Marouflez<\/strong> : exercez une pression suffisante pour une adh\u00e9rence maximale.<\/li>\n<li data-start=\"1763\" data-end=\"1855\"><strong data-start=\"1766\" data-end=\"1794\">Consolidez si n\u00e9cessaire<\/strong> : ajoutez des lattes de soutien pour s\u00e9curiser le collage.<\/li>\n<\/ol>\n<h4 data-start=\"1857\" data-end=\"1900\"><strong data-start=\"1862\" data-end=\"1898\">Faut-il un primaire d\u2019accroche ?<\/strong><\/h4>\n<p data-start=\"1901\" data-end=\"2068\">Un primaire TESCON PRIMER est recommand\u00e9 pour les surfaces min\u00e9rales lisses ou lorsque l\u2019adh\u00e9rence est incertaine. Un test pr\u00e9alable est conseill\u00e9 avant application.<\/p>\n<h3 data-start=\"2070\" data-end=\"2107\"><strong data-start=\"2074\" data-end=\"2105\">Caract\u00e9ristiques techniques<\/strong><\/h3>\n<ul data-start=\"2109\" data-end=\"2345\">\n<li data-start=\"2109\" data-end=\"2164\"><strong data-start=\"2111\" data-end=\"2122\">Mati\u00e8re<\/strong> : film en PE avec armature en polyester<\/li>\n<li data-start=\"2165\" data-end=\"2205\"><strong data-start=\"2167\" data-end=\"2176\">Colle<\/strong> : SOLID r\u00e9sistante \u00e0 l\u2019eau<\/li>\n<li data-start=\"2206\" data-end=\"2255\"><strong data-start=\"2208\" data-end=\"2240\">Temp\u00e9rature de mise en \u0153uvre<\/strong> : d\u00e8s -10 \u00b0C<\/li>\n<li data-start=\"2256\" data-end=\"2305\"><strong data-start=\"2258\" data-end=\"2282\">R\u00e9sistance thermique<\/strong> : de -40 \u00b0C \u00e0 +90 \u00b0C<\/li>\n<li data-start=\"2306\" data-end=\"2345\"><strong data-start=\"2308\" data-end=\"2320\">Stockage<\/strong> : endroit frais et sec<\/li>\n<\/ul>\n<p data-start=\"2347\" data-end=\"2436\">Avec TESCON RAPIC, b\u00e9n\u00e9ficiez d\u2019une pose rapide et efficace pour une isolation durable.<\/p>\n","protected":false},"excerpt":{"rendered":"<p>TESCON RAPIC, ruban adh\u00e9sif rapide et r\u00e9sistant \u00e0 l\u2019eau, assure une \u00e9tanch\u00e9it\u00e9 parfaite. Facile \u00e0 poser, il garantit un collage durable.<\/p>\n","protected":false},"featured_media":1000000203065,"template":"","meta":[],"product_brand":[175],"product_cat":[2341,77],"product_tag":[2685],"class_list":{"0":"post-14567","1":"product","2":"type-product","3":"status-publish","4":"has-post-thumbnail","6":"product_brand-proclima","7":"product_cat-accessoires-isolation-et-etancheite","8":"product_cat-promo-et-destockage","9":"product_tag-pro-clima","10":"product_shipping_class-petit-equipement-outil-eclairage","12":"first","13":"instock","14":"sale","15":"taxable","16":"shipping-taxable","17":"purchasable","18":"product-type-variable"},"yoast_head":"<!-- This site is optimized with the Yoast SEO plugin v27.5 - https:\/\/yoast.com\/product\/yoast-seo-wordpress\/ -->\n<title>Ruban adh\u00e9sif TESCON RAPIC Pro clima - Ma Cabane mat\u00e9riaux naturels<\/title>\n<meta name=\"description\" content=\"TESCON RAPIC, ruban adh\u00e9sif rapide et r\u00e9sistant \u00e0 l\u2019eau, assure une \u00e9tanch\u00e9it\u00e9 parfaite. Facile \u00e0 poser, il garantit un collage durable.\" \/>\n<meta name=\"robots\" content=\"noindex, nofollow\" \/>\n<meta property=\"og:locale\" content=\"fr_FR\" \/>\n<meta property=\"og:type\" content=\"article\" \/>\n<meta property=\"og:title\" content=\"Ruban adh\u00e9sif TESCON RAPIC Pro clima - Ma Cabane mat\u00e9riaux naturels\" \/>\n<meta property=\"og:description\" content=\"TESCON RAPIC, ruban adh\u00e9sif rapide et r\u00e9sistant \u00e0 l\u2019eau, assure une \u00e9tanch\u00e9it\u00e9 parfaite. Facile \u00e0 poser, il garantit un collage durable.\" \/>\n<meta property=\"og:url\" content=\"https:\/\/nature-et-developpement.com\/macabane-materiaux\/produit\/ruban-adhesif-tescon-rapic-pro-clima\/\" \/>\n<meta property=\"og:site_name\" content=\"Ma Cabane mat\u00e9riaux naturels\" \/>\n<meta property=\"article:modified_time\" content=\"2026-04-22T13:41:55+00:00\" \/>\n<meta name=\"twitter:card\" content=\"summary_large_image\" \/>\n<meta name=\"twitter:label1\" content=\"Dur\u00e9e de lecture estim\u00e9e\" \/>\n\t<meta name=\"twitter:data1\" content=\"2 minutes\" \/>\n<script type=\"application\/ld+json\" class=\"yoast-schema-graph\">{\"@context\":\"https:\\\/\\\/schema.org\",\"@graph\":[{\"@type\":\"WebPage\",\"@id\":\"https:\\\/\\\/nature-et-developpement.com\\\/macabane-materiaux\\\/produit\\\/ruban-adhesif-tescon-rapic-pro-clima\\\/\",\"url\":\"https:\\\/\\\/nature-et-developpement.com\\\/macabane-materiaux\\\/produit\\\/ruban-adhesif-tescon-rapic-pro-clima\\\/\",\"name\":\"Ruban adh\u00e9sif TESCON RAPIC Pro clima - Ma Cabane mat\u00e9riaux naturels\",\"isPartOf\":{\"@id\":\"https:\\\/\\\/nature-et-developpement.com\\\/macabane-materiaux\\\/#website\"},\"primaryImageOfPage\":{\"@id\":\"https:\\\/\\\/nature-et-developpement.com\\\/macabane-materiaux\\\/produit\\\/ruban-adhesif-tescon-rapic-pro-clima\\\/#primaryimage\"},\"image\":{\"@id\":\"https:\\\/\\\/nature-et-developpement.com\\\/macabane-materiaux\\\/produit\\\/ruban-adhesif-tescon-rapic-pro-clima\\\/#primaryimage\"},\"thumbnailUrl\":\"https:\\\/\\\/nature-et-developpement.com\\\/macabane-materiaux\\\/wp-content\\\/uploads\\\/Ruban-adhesif-TESCON-RAPIC-Pro-clima.jpg\",\"datePublished\":\"2025-02-12T09:26:27+00:00\",\"dateModified\":\"2026-04-22T13:41:55+00:00\",\"description\":\"TESCON RAPIC, ruban adh\u00e9sif rapide et r\u00e9sistant \u00e0 l\u2019eau, assure une \u00e9tanch\u00e9it\u00e9 parfaite. Facile \u00e0 poser, il garantit un collage durable.\",\"breadcrumb\":{\"@id\":\"https:\\\/\\\/nature-et-developpement.com\\\/macabane-materiaux\\\/produit\\\/ruban-adhesif-tescon-rapic-pro-clima\\\/#breadcrumb\"},\"inLanguage\":\"fr-FR\",\"potentialAction\":[{\"@type\":\"ReadAction\",\"target\":[\"https:\\\/\\\/nature-et-developpement.com\\\/macabane-materiaux\\\/produit\\\/ruban-adhesif-tescon-rapic-pro-clima\\\/\"]}]},{\"@type\":\"ImageObject\",\"inLanguage\":\"fr-FR\",\"@id\":\"https:\\\/\\\/nature-et-developpement.com\\\/macabane-materiaux\\\/produit\\\/ruban-adhesif-tescon-rapic-pro-clima\\\/#primaryimage\",\"url\":\"https:\\\/\\\/nature-et-developpement.com\\\/macabane-materiaux\\\/wp-content\\\/uploads\\\/Ruban-adhesif-TESCON-RAPIC-Pro-clima.jpg\",\"contentUrl\":\"https:\\\/\\\/nature-et-developpement.com\\\/macabane-materiaux\\\/wp-content\\\/uploads\\\/Ruban-adhesif-TESCON-RAPIC-Pro-clima.jpg\"},{\"@type\":\"BreadcrumbList\",\"@id\":\"https:\\\/\\\/nature-et-developpement.com\\\/macabane-materiaux\\\/produit\\\/ruban-adhesif-tescon-rapic-pro-clima\\\/#breadcrumb\",\"itemListElement\":[{\"@type\":\"ListItem\",\"position\":1,\"name\":\"Accueil\",\"item\":\"https:\\\/\\\/nature-et-developpement.com\\\/macabane-materiaux\\\/\"},{\"@type\":\"ListItem\",\"position\":2,\"name\":\"Boutique\",\"item\":\"https:\\\/\\\/nature-et-developpement.com\\\/macabane-materiaux\\\/boutique\\\/\"},{\"@type\":\"ListItem\",\"position\":3,\"name\":\"Isolation et \u00e9tanch\u00e9it\u00e9\",\"item\":\"https:\\\/\\\/nature-et-developpement.com\\\/macabane-materiaux\\\/produits\\\/isolation-et-etancheite\\\/\"},{\"@type\":\"ListItem\",\"position\":4,\"name\":\"Accessoires isolation et \u00e9tanch\u00e9it\u00e9\",\"item\":\"https:\\\/\\\/nature-et-developpement.com\\\/macabane-materiaux\\\/produits\\\/isolation-et-etancheite\\\/accessoires-isolation-et-etancheite\\\/\"},{\"@type\":\"ListItem\",\"position\":5,\"name\":\"Ruban adh\u00e9sif TESCON RAPIC Pro clima\"}]},{\"@type\":\"WebSite\",\"@id\":\"https:\\\/\\\/nature-et-developpement.com\\\/macabane-materiaux\\\/#website\",\"url\":\"https:\\\/\\\/nature-et-developpement.com\\\/macabane-materiaux\\\/\",\"name\":\"Ma Cabane mat\u00e9riaux naturels\",\"description\":\"Ma Cabane est membre du groupement Nature &amp; D\u00e9veloppement\",\"potentialAction\":[{\"@type\":\"SearchAction\",\"target\":{\"@type\":\"EntryPoint\",\"urlTemplate\":\"https:\\\/\\\/nature-et-developpement.com\\\/macabane-materiaux\\\/?s={search_term_string}\"},\"query-input\":{\"@type\":\"PropertyValueSpecification\",\"valueRequired\":true,\"valueName\":\"search_term_string\"}}],\"inLanguage\":\"fr-FR\"}]}<\/script>\n<!-- \/ Yoast SEO plugin. -->","yoast_head_json":{"title":"Ruban adh\u00e9sif TESCON RAPIC Pro clima - Ma Cabane mat\u00e9riaux naturels","description":"TESCON RAPIC, ruban adh\u00e9sif rapide et r\u00e9sistant \u00e0 l\u2019eau, assure une \u00e9tanch\u00e9it\u00e9 parfaite. Facile \u00e0 poser, il garantit un collage durable.","robots":{"index":"noindex","follow":"nofollow"},"og_locale":"fr_FR","og_type":"article","og_title":"Ruban adh\u00e9sif TESCON RAPIC Pro clima - Ma Cabane mat\u00e9riaux naturels","og_description":"TESCON RAPIC, ruban adh\u00e9sif rapide et r\u00e9sistant \u00e0 l\u2019eau, assure une \u00e9tanch\u00e9it\u00e9 parfaite. Facile \u00e0 poser, il garantit un collage durable.","og_url":"https:\/\/nature-et-developpement.com\/macabane-materiaux\/produit\/ruban-adhesif-tescon-rapic-pro-clima\/","og_site_name":"Ma Cabane mat\u00e9riaux naturels","article_modified_time":"2026-04-22T13:41:55+00:00","twitter_card":"summary_large_image","twitter_misc":{"Dur\u00e9e de lecture estim\u00e9e":"2 minutes"},"schema":{"@context":"https:\/\/schema.org","@graph":[{"@type":"WebPage","@id":"https:\/\/nature-et-developpement.com\/macabane-materiaux\/produit\/ruban-adhesif-tescon-rapic-pro-clima\/","url":"https:\/\/nature-et-developpement.com\/macabane-materiaux\/produit\/ruban-adhesif-tescon-rapic-pro-clima\/","name":"Ruban adh\u00e9sif TESCON RAPIC Pro clima - Ma Cabane mat\u00e9riaux naturels","isPartOf":{"@id":"https:\/\/nature-et-developpement.com\/macabane-materiaux\/#website"},"primaryImageOfPage":{"@id":"https:\/\/nature-et-developpement.com\/macabane-materiaux\/produit\/ruban-adhesif-tescon-rapic-pro-clima\/#primaryimage"},"image":{"@id":"https:\/\/nature-et-developpement.com\/macabane-materiaux\/produit\/ruban-adhesif-tescon-rapic-pro-clima\/#primaryimage"},"thumbnailUrl":"https:\/\/nature-et-developpement.com\/macabane-materiaux\/wp-content\/uploads\/Ruban-adhesif-TESCON-RAPIC-Pro-clima.jpg","datePublished":"2025-02-12T09:26:27+00:00","dateModified":"2026-04-22T13:41:55+00:00","description":"TESCON RAPIC, ruban adh\u00e9sif rapide et r\u00e9sistant \u00e0 l\u2019eau, assure une \u00e9tanch\u00e9it\u00e9 parfaite. Facile \u00e0 poser, il garantit un collage durable.","breadcrumb":{"@id":"https:\/\/nature-et-developpement.com\/macabane-materiaux\/produit\/ruban-adhesif-tescon-rapic-pro-clima\/#breadcrumb"},"inLanguage":"fr-FR","potentialAction":[{"@type":"ReadAction","target":["https:\/\/nature-et-developpement.com\/macabane-materiaux\/produit\/ruban-adhesif-tescon-rapic-pro-clima\/"]}]},{"@type":"ImageObject","inLanguage":"fr-FR","@id":"https:\/\/nature-et-developpement.com\/macabane-materiaux\/produit\/ruban-adhesif-tescon-rapic-pro-clima\/#primaryimage","url":"https:\/\/nature-et-developpement.com\/macabane-materiaux\/wp-content\/uploads\/Ruban-adhesif-TESCON-RAPIC-Pro-clima.jpg","contentUrl":"https:\/\/nature-et-developpement.com\/macabane-materiaux\/wp-content\/uploads\/Ruban-adhesif-TESCON-RAPIC-Pro-clima.jpg"},{"@type":"BreadcrumbList","@id":"https:\/\/nature-et-developpement.com\/macabane-materiaux\/produit\/ruban-adhesif-tescon-rapic-pro-clima\/#breadcrumb","itemListElement":[{"@type":"ListItem","position":1,"name":"Accueil","item":"https:\/\/nature-et-developpement.com\/macabane-materiaux\/"},{"@type":"ListItem","position":2,"name":"Boutique","item":"https:\/\/nature-et-developpement.com\/macabane-materiaux\/boutique\/"},{"@type":"ListItem","position":3,"name":"Isolation et \u00e9tanch\u00e9it\u00e9","item":"https:\/\/nature-et-developpement.com\/macabane-materiaux\/produits\/isolation-et-etancheite\/"},{"@type":"ListItem","position":4,"name":"Accessoires isolation et \u00e9tanch\u00e9it\u00e9","item":"https:\/\/nature-et-developpement.com\/macabane-materiaux\/produits\/isolation-et-etancheite\/accessoires-isolation-et-etancheite\/"},{"@type":"ListItem","position":5,"name":"Ruban adh\u00e9sif TESCON RAPIC Pro clima"}]},{"@type":"WebSite","@id":"https:\/\/nature-et-developpement.com\/macabane-materiaux\/#website","url":"https:\/\/nature-et-developpement.com\/macabane-materiaux\/","name":"Ma Cabane mat\u00e9riaux naturels","description":"Ma Cabane est membre du groupement Nature &amp; D\u00e9veloppement","potentialAction":[{"@type":"SearchAction","target":{"@type":"EntryPoint","urlTemplate":"https:\/\/nature-et-developpement.com\/macabane-materiaux\/?s={search_term_string}"},"query-input":{"@type":"PropertyValueSpecification","valueRequired":true,"valueName":"search_term_string"}}],"inLanguage":"fr-FR"}]}},"distributor_meta":false,"distributor_terms":false,"distributor_media":false,"distributor_original_site_name":"Ma Cabane mat\u00e9riaux naturels","distributor_original_site_url":"https:\/\/nature-et-developpement.com\/macabane-materiaux","push-errors":false,"_links":{"self":[{"href":"https:\/\/nature-et-developpement.com\/macabane-materiaux\/wp-json\/wp\/v2\/product\/14567","targetHints":{"allow":["GET"]}}],"collection":[{"href":"https:\/\/nature-et-developpement.com\/macabane-materiaux\/wp-json\/wp\/v2\/product"}],"about":[{"href":"https:\/\/nature-et-developpement.com\/macabane-materiaux\/wp-json\/wp\/v2\/types\/product"}],"wp:featuredmedia":[{"embeddable":true,"href":"https:\/\/nature-et-developpement.com\/macabane-materiaux\/wp-json\/"}],"wp:attachment":[{"href":"https:\/\/nature-et-developpement.com\/macabane-materiaux\/wp-json\/wp\/v2\/media?parent=14567"}],"wp:term":[{"taxonomy":"product_brand","embeddable":true,"href":"https:\/\/nature-et-developpement.com\/macabane-materiaux\/wp-json\/wp\/v2\/product_brand?post=14567"},{"taxonomy":"product_cat","embeddable":true,"href":"https:\/\/nature-et-developpement.com\/macabane-materiaux\/wp-json\/wp\/v2\/product_cat?post=14567"},{"taxonomy":"product_tag","embeddable":true,"href":"https:\/\/nature-et-developpement.com\/macabane-materiaux\/wp-json\/wp\/v2\/product_tag?post=14567"}],"curies":[{"name":"wp","href":"https:\/\/api.w.org\/{rel}","templated":true}]}}